{"id":39310,"date":"2023-07-18T11:45:34","date_gmt":"2023-07-18T09:45:34","guid":{"rendered":"https:\/\/plazadetoroslamalagueta.com\/%d1%83%d0%b4%d0%be%d0%b1%d1%80%d0%b5%d0%bd%d0%b8%d1%8f\/"},"modified":"2026-04-20T15:14:44","modified_gmt":"2026-04-20T13:14:44","slug":"shop","status":"publish","type":"page","link":"https:\/\/plazadetoroslamalagueta.com\/ru\/shop\/","title":{"rendered":"\u0423\u0434\u043e\u0431\u0440\u0435\u043d\u0438\u044f"},"content":{"rendered":"<section class=\"l-section wpb_row us_custom_c70c97eb height_medium\"><div class=\"l-section-h i-cf\"><div class=\"g-cols vc_row via_grid cols_2 laptops-cols_inherit tablets-cols_1 mobiles-cols_1 valign_middle type_default stacking_default\" style=\"--columns-gap:4vw;\"><div class=\"wpb_column vc_column_container us_custom_04bc1869\"><div class=\"vc_column-inner\"><div class=\"wpb_text_column\"><div class=\"wpb_wrapper\"><p>\u0412\u044b\u0434\u0430\u0447\u0430 \u043d\u043e\u0432\u044b\u0445 \u0441\u0435\u0437\u043e\u043d\u043d\u044b\u0445 \u0430\u0431\u043e\u043d\u0435\u043c\u0435\u043d\u0442\u043e\u0432<\/p>\n<\/div><\/div><h1 class=\"w-text us_custom_2774bef1\"><span class=\"w-text-h\"><span class=\"w-text-value\">\u0410\u0431\u043e\u043d\u0435\u043c\u0435\u043d\u0442\u044b \u043d\u0430 \u0430\u0432\u0433\u0443\u0441\u0442\u043e\u0432\u0441\u043a\u0443\u044e \u044f\u0440\u043c\u0430\u0440\u043a\u0443 \u0432 \u041c\u0430\u043b\u0430\u0433\u0435<\/span><\/span><\/h1><div class=\"w-separator size_medium\"><\/div><div class=\"w-hwrapper us_custom_feadd1a9 valign_top wrap align_none\" style=\"--hwrapper-gap:2.2rem\"><div class=\"wpb_text_column\"><div class=\"wpb_wrapper\"><p><strong>\u042d\u043a\u043e\u043d\u043e\u043c\u044c\u0442\u0435 \u0434\u0435\u043d\u044c\u0433\u0438<br \/>\n<\/strong>\u0441\u043e \u0441\u043a\u0438\u0434\u043a\u043e\u0439 \u0434\u043e 33%.<\/p>\n<\/div><\/div><div class=\"wpb_text_column\"><div class=\"wpb_wrapper\"><p><strong>\u0414\u043e\u0441\u0442\u0443\u043f\u043d\u043e\u0441\u0442\u044c<\/strong><br \/>\n\u0434\u043e 1 \u0430\u0432\u0433\u0443\u0441\u0442\u0430<\/p>\n<\/div><\/div><\/div><div class=\"w-separator size_medium\"><\/div><\/div><\/div><div class=\"wpb_column vc_column_container\"><div class=\"vc_column-inner\"><div class=\"w-image us_custom_f6eb2d31 style_shadow-2 has_ratio align_none\"><div class=\"w-image-h\"><div style=\"padding-bottom:100%\"><\/div><div class=\"w-image-shadow\" style=\"background-image:url(https:\/\/plazadetoroslamalagueta.com\/wp-content\/uploads\/2024\/01\/toros-feria.webp);\"><\/div><img decoding=\"async\" width=\"800\" height=\"800\" src=\"https:\/\/plazadetoroslamalagueta.com\/wp-content\/uploads\/2024\/01\/toros-feria.webp\" class=\"attachment-large size-large\" alt=\"toros feria malaga\" loading=\"lazy\" \/><\/div><\/div><\/div><\/div><\/div><\/div><\/section><section class=\"l-section wpb_row height_medium\"><div class=\"l-section-h i-cf\"><div class=\"g-cols vc_row via_grid cols_1 laptops-cols_inherit tablets-cols_inherit mobiles-cols_1 valign_top type_default stacking_default\"><div class=\"wpb_column vc_column_container\"><div class=\"vc_column-inner\"><div class=\"wpb_text_column us_custom_435c636a\"><div class=\"wpb_wrapper\"><h2 style=\"text-align: center;\">\u0427\u0442\u043e \u0432\u043a\u043b\u044e\u0447\u0430\u044e\u0442 \u0432 \u0441\u0435\u0431\u044f \u043f\u043e\u0434\u043f\u0438\u0441\u043a\u0438?<\/h2>\n<\/div><\/div><div class=\"w-separator size_medium\"><\/div><div class=\"g-cols wpb_row via_grid cols_3 laptops-cols_2 tablets-cols_2 mobiles-cols_1 valign_top type_default\" style=\"--columns-gap:1.5rem;\"><div class=\"wpb_column vc_column_container\"><div class=\"vc_column-inner\"><div class=\"w-iconbox us_custom_13427bc9 iconpos_top style_circle color_primary align_left\"><div class=\"w-iconbox-icon\" style=\"font-size:1.8rem;\"><i class=\"fas fa-ticket\"><\/i><\/div><div class=\"w-iconbox-meta\"><h4 class=\"w-iconbox-title\">7 \u0417\u0430\u043f\u0438\u0441\u0438<\/h4><div class=\"w-iconbox-text\"><p>\u0411\u0438\u043b\u0435\u0442\u044b \u0441 \u043c\u0435\u0441\u0442\u043e\u043c, \u043a\u043e\u0442\u043e\u0440\u043e\u0435 \u0437\u0440\u0438\u0442\u0435\u043b\u044c \u0432\u044b\u0431\u0438\u0440\u0430\u0435\u0442 \u0441\u0430\u043c, \u043d\u0430 \u0432\u0441\u044e \u044f\u0440\u043c\u0430\u0440\u043a\u0443 \u043a\u043e\u0440\u0440\u0438\u0434\u044b \u0432 \u041c\u0430\u043b\u0430\u0433\u0435.<\/p>\n<\/div><\/div><\/div><\/div><\/div><div class=\"wpb_column vc_column_container\"><div class=\"vc_column-inner\"><div class=\"w-iconbox us_custom_13427bc9 iconpos_top style_circle color_primary align_left\"><div class=\"w-iconbox-icon\" style=\"font-size:1.8rem;\"><i class=\"fas fa-percent\"><\/i><\/div><div class=\"w-iconbox-meta\"><h4 class=\"w-iconbox-title\">\u0421\u043a\u0438\u0434\u043a\u0430 33%<\/h4><div class=\"w-iconbox-text\"><p>\u041a\u0443\u043f\u0438\u0442\u0435 \u0432\u0441\u0435 \u0431\u0438\u043b\u0435\u0442\u044b \u0441\u043e \u0441\u043a\u0438\u0434\u043a\u043e\u0439 33% \u043f\u043e \u0441\u0440\u0430\u0432\u043d\u0435\u043d\u0438\u044e \u0441 \u043f\u043e\u043a\u0443\u043f\u043a\u043e\u0439 \u0438\u0445 \u043f\u043e \u043e\u0442\u0434\u0435\u043b\u044c\u043d\u043e\u0441\u0442\u0438.<\/p>\n<\/div><\/div><\/div><\/div><\/div><div class=\"wpb_column vc_column_container\"><div class=\"vc_column-inner\"><div class=\"w-iconbox us_custom_13427bc9 iconpos_top style_circle color_primary align_left\"><div class=\"w-iconbox-icon\" style=\"font-size:1.8rem;\"><i class=\"fas fa-search\"><\/i><\/div><div class=\"w-iconbox-meta\"><h4 class=\"w-iconbox-title\">\u041f\u0440\u0438\u043e\u0440\u0438\u0442\u0435\u0442<\/h4><div class=\"w-iconbox-text\"><p>\u0412\u044b\u0431\u0438\u0440\u0430\u0439\u0442\u0435 \u043c\u0435\u0441\u0442\u0430 \u0437\u0430 \u043d\u0435\u0441\u043a\u043e\u043b\u044c\u043a\u043e \u043d\u0435\u0434\u0435\u043b\u044c \u0434\u043e \u043f\u043e\u0441\u0442\u0443\u043f\u043b\u0435\u043d\u0438\u044f \u0431\u0438\u043b\u0435\u0442\u043e\u0432 \u0432 \u043f\u0440\u043e\u0434\u0430\u0436\u0443. \u0412\u044b \u0441\u043c\u043e\u0436\u0435\u0442\u0435 \u0432\u044b\u0431\u0440\u0430\u0442\u044c \u0441\u0430\u043c\u044b\u0435 \u043b\u0443\u0447\u0448\u0438\u0435!<\/p>\n<\/div><\/div><\/div><\/div><\/div><\/div><\/div><\/div><\/div><\/div><\/section>\n","protected":false},"excerpt":{"rendered":"\u0412\u044b\u0434\u0430\u0447\u0430 \u043d\u043e\u0432\u044b\u0445 \u0441\u0435\u0437\u043e\u043d\u043d\u044b\u0445 \u0430\u0431\u043e\u043d\u0435\u043c\u0435\u043d\u0442\u043e\u0432 \u0410\u0431\u043e\u043d\u0435\u043c\u0435\u043d\u0442\u044b \u043d\u0430 \u0430\u0432\u0433\u0443\u0441\u0442\u043e\u0432\u0441\u043a\u0443\u044e \u044f\u0440\u043c\u0430\u0440\u043a\u0443 \u0432 \u041c\u0430\u043b\u0430\u0433\u0435\u042d\u043a\u043e\u043d\u043e\u043c\u044c\u0442\u0435 \u0434\u0435\u043d\u044c\u0433\u0438 \u0441\u043e \u0441\u043a\u0438\u0434\u043a\u043e\u0439 \u0434\u043e 33%. \u0414\u043e\u0441\u0442\u0443\u043f\u043d\u043e\u0441\u0442\u044c \u0434\u043e 1 \u0430\u0432\u0433\u0443\u0441\u0442\u0430 \u0427\u0442\u043e \u0432\u043a\u043b\u044e\u0447\u0430\u044e\u0442 \u0432 \u0441\u0435\u0431\u044f \u043f\u043e\u0434\u043f\u0438\u0441\u043a\u0438? 7 \u0417\u0430\u043f\u0438\u0441\u0438\u0411\u0438\u043b\u0435\u0442\u044b \u0441 \u043c\u0435\u0441\u0442\u043e\u043c, \u043a\u043e\u0442\u043e\u0440\u043e\u0435 \u0437\u0440\u0438\u0442\u0435\u043b\u044c \u0432\u044b\u0431\u0438\u0440\u0430\u0435\u0442 \u0441\u0430\u043c, \u043d\u0430 \u0432\u0441\u044e \u044f\u0440\u043c\u0430\u0440\u043a\u0443 \u043a\u043e\u0440\u0440\u0438\u0434\u044b \u0432 \u041c\u0430\u043b\u0430\u0433\u0435. \u0421\u043a\u0438\u0434\u043a\u0430 33%\u041a\u0443\u043f\u0438\u0442\u0435 \u0432\u0441\u0435 \u0431\u0438\u043b\u0435\u0442\u044b \u0441\u043e \u0441\u043a\u0438\u0434\u043a\u043e\u0439 33% \u043f\u043e \u0441\u0440\u0430\u0432\u043d\u0435\u043d\u0438\u044e \u0441 \u043f\u043e\u043a\u0443\u043f\u043a\u043e\u0439 \u0438\u0445 \u043f\u043e \u043e\u0442\u0434\u0435\u043b\u044c\u043d\u043e\u0441\u0442\u0438. \u041f\u0440\u0438\u043e\u0440\u0438\u0442\u0435\u0442\u0412\u044b\u0431\u0438\u0440\u0430\u0439\u0442\u0435 \u043c\u0435\u0441\u0442\u0430 \u0437\u0430...","protected":false},"author":4,"featured_media":0,"parent":0,"menu_order":0,"comment_status":"closed","ping_status":"closed","template":"","meta":{"footnotes":""},"class_list":["post-39310","page","type-page","status-publish","hentry"],"yoast_head":"<!-- This site is optimized with the Yoast SEO plugin v27.4 - https:\/\/yoast.com\/product\/yoast-seo-wordpress\/ -->\n<title>\u0410\u0431\u043e\u043d\u0435\u043c\u0435\u043d\u0442\u044b \u043d\u0430 \u0441\u0435\u0437\u043e\u043d M\u00e1laga Bullring | La Malagueta<\/title>\n<meta name=\"description\" content=\"\u041a\u0443\u043f\u0438\u0442\u0435 \u0430\u0431\u043e\u043d\u0435\u043c\u0435\u043d\u0442 \u043d\u0430 \u043a\u043e\u0440\u0440\u0438\u0434\u0443 \u043d\u0430 \u0430\u0440\u0435\u043d\u0435 \u0434\u043b\u044f \u0431\u043e\u044f \u0431\u044b\u043a\u043e\u0432 \u0432 \u041c\u0430\u043b\u0430\u0433\u0435. \u0410\u0431\u043e\u043d\u0435\u043c\u0435\u043d\u0442\u044b \u043d\u0430 \u043a\u043e\u0440\u0440\u0438\u0434\u0443 \u0432 \u041c\u0430\u043b\u0430\u0433\u0435 [\u043e\u0433\u0440\u0430\u043d\u0438\u0447\u0435\u043d\u043d\u043e\u0435 \u043a\u043e\u043b\u0438\u0447\u0435\u0441\u0442\u0432\u043e].\" \/>\n<meta name=\"robots\" content=\"index, follow, max-snippet:-1, max-image-preview:large, max-video-preview:-1\" \/>\n<link rel=\"canonical\" href=\"https:\/\/plazadetoroslamalagueta.com\/ru\/shop\/\" \/>\n<meta property=\"og:locale\" content=\"ru_RU\" \/>\n<meta property=\"og:type\" content=\"article\" \/>\n<meta property=\"og:title\" content=\"\u0410\u0431\u043e\u043d\u0435\u043c\u0435\u043d\u0442\u044b \u043d\u0430 \u0441\u0435\u0437\u043e\u043d M\u00e1laga Bullring | La Malagueta\" \/>\n<meta property=\"og:description\" content=\"\u041a\u0443\u043f\u0438\u0442\u0435 \u0430\u0431\u043e\u043d\u0435\u043c\u0435\u043d\u0442 \u043d\u0430 \u043a\u043e\u0440\u0440\u0438\u0434\u0443 \u043d\u0430 \u0430\u0440\u0435\u043d\u0435 \u0434\u043b\u044f \u0431\u043e\u044f \u0431\u044b\u043a\u043e\u0432 \u0432 \u041c\u0430\u043b\u0430\u0433\u0435. \u0410\u0431\u043e\u043d\u0435\u043c\u0435\u043d\u0442\u044b \u043d\u0430 \u043a\u043e\u0440\u0440\u0438\u0434\u0443 \u0432 \u041c\u0430\u043b\u0430\u0433\u0435 [\u043e\u0433\u0440\u0430\u043d\u0438\u0447\u0435\u043d\u043d\u043e\u0435 \u043a\u043e\u043b\u0438\u0447\u0435\u0441\u0442\u0432\u043e].\" \/>\n<meta property=\"og:url\" content=\"https:\/\/plazadetoroslamalagueta.com\/ru\/shop\/\" \/>\n<meta property=\"og:site_name\" content=\"Plaza de Toros La Malagueta\" \/>\n<meta property=\"article:modified_time\" content=\"2026-04-20T13:14:44+00:00\" \/>\n<meta property=\"og:image\" content=\"https:\/\/plazadetoroslamalagueta.com\/wp-content\/uploads\/2023\/03\/Diseno-sin-titulo.jpeg\" \/>\n\t<meta property=\"og:image:width\" content=\"1200\" \/>\n\t<meta property=\"og:image:height\" content=\"675\" \/>\n\t<meta property=\"og:image:type\" content=\"image\/jpeg\" \/>\n<meta name=\"twitter:card\" content=\"summary_large_image\" \/>\n<meta name=\"twitter:label1\" content=\"\u041f\u0440\u0438\u043c\u0435\u0440\u043d\u043e\u0435 \u0432\u0440\u0435\u043c\u044f \u0434\u043b\u044f \u0447\u0442\u0435\u043d\u0438\u044f\" \/>\n\t<meta name=\"twitter:data1\" content=\"3 \u043c\u0438\u043d\u0443\u0442\u044b\" \/>\n<script type=\"application\/ld+json\" class=\"yoast-schema-graph\">{\"@context\":\"https:\\\/\\\/schema.org\",\"@graph\":[{\"@type\":\"WebPage\",\"@id\":\"https:\\\/\\\/plazadetoroslamalagueta.com\\\/ru\\\/shop\\\/\",\"url\":\"https:\\\/\\\/plazadetoroslamalagueta.com\\\/ru\\\/shop\\\/\",\"name\":\"\u0410\u0431\u043e\u043d\u0435\u043c\u0435\u043d\u0442\u044b \u043d\u0430 \u0441\u0435\u0437\u043e\u043d M\u00e1laga Bullring | La Malagueta\",\"isPartOf\":{\"@id\":\"https:\\\/\\\/plazadetoroslamalagueta.com\\\/ru\\\/#website\"},\"datePublished\":\"2023-07-18T09:45:34+00:00\",\"dateModified\":\"2026-04-20T13:14:44+00:00\",\"description\":\"\u041a\u0443\u043f\u0438\u0442\u0435 \u0430\u0431\u043e\u043d\u0435\u043c\u0435\u043d\u0442 \u043d\u0430 \u043a\u043e\u0440\u0440\u0438\u0434\u0443 \u043d\u0430 \u0430\u0440\u0435\u043d\u0435 \u0434\u043b\u044f \u0431\u043e\u044f \u0431\u044b\u043a\u043e\u0432 \u0432 \u041c\u0430\u043b\u0430\u0433\u0435. \u0410\u0431\u043e\u043d\u0435\u043c\u0435\u043d\u0442\u044b \u043d\u0430 \u043a\u043e\u0440\u0440\u0438\u0434\u0443 \u0432 \u041c\u0430\u043b\u0430\u0433\u0435 [\u043e\u0433\u0440\u0430\u043d\u0438\u0447\u0435\u043d\u043d\u043e\u0435 \u043a\u043e\u043b\u0438\u0447\u0435\u0441\u0442\u0432\u043e].\",\"breadcrumb\":{\"@id\":\"https:\\\/\\\/plazadetoroslamalagueta.com\\\/ru\\\/shop\\\/#breadcrumb\"},\"inLanguage\":\"ru-RU\",\"potentialAction\":[{\"@type\":\"ReadAction\",\"target\":[\"https:\\\/\\\/plazadetoroslamalagueta.com\\\/ru\\\/shop\\\/\"]}]},{\"@type\":\"BreadcrumbList\",\"@id\":\"https:\\\/\\\/plazadetoroslamalagueta.com\\\/ru\\\/shop\\\/#breadcrumb\",\"itemListElement\":[{\"@type\":\"ListItem\",\"position\":1,\"name\":\"Inicio\",\"item\":\"https:\\\/\\\/plazadetoroslamalagueta.com\\\/ru\\\/\"},{\"@type\":\"ListItem\",\"position\":2,\"name\":\"\u0423\u0434\u043e\u0431\u0440\u0435\u043d\u0438\u044f\"}]},{\"@type\":\"WebSite\",\"@id\":\"https:\\\/\\\/plazadetoroslamalagueta.com\\\/ru\\\/#website\",\"url\":\"https:\\\/\\\/plazadetoroslamalagueta.com\\\/ru\\\/\",\"name\":\"Plaza de Toros de la Malagueta\",\"description\":\"La Plaza de Toros de M\u00e1laga, de nombre La Malagueta, es un edificio reconocido Bien de Inter\u00e9s Cultural, que ofrece visitas tur\u00edsticas y corridas de toros y otros tipos de espect\u00e1culo durante todo el a\u00f1o.\",\"publisher\":{\"@id\":\"https:\\\/\\\/plazadetoroslamalagueta.com\\\/ru\\\/#organization\"},\"alternateName\":\"Plaza de Toros M\u00e1laga\",\"potentialAction\":[{\"@type\":\"SearchAction\",\"target\":{\"@type\":\"EntryPoint\",\"urlTemplate\":\"https:\\\/\\\/plazadetoroslamalagueta.com\\\/ru\\\/?s={search_term_string}\"},\"query-input\":{\"@type\":\"PropertyValueSpecification\",\"valueRequired\":true,\"valueName\":\"search_term_string\"}}],\"inLanguage\":\"ru-RU\"},{\"@type\":\"Organization\",\"@id\":\"https:\\\/\\\/plazadetoroslamalagueta.com\\\/ru\\\/#organization\",\"name\":\"Plaza de Toros la Malagueta\",\"url\":\"https:\\\/\\\/plazadetoroslamalagueta.com\\\/ru\\\/\",\"logo\":{\"@type\":\"ImageObject\",\"inLanguage\":\"ru-RU\",\"@id\":\"https:\\\/\\\/plazadetoroslamalagueta.com\\\/ru\\\/#\\\/schema\\\/logo\\\/image\\\/\",\"url\":\"https:\\\/\\\/plazadetoroslamalagueta.com\\\/wp-content\\\/uploads\\\/2024\\\/02\\\/Logo-plaza-toros.webp\",\"contentUrl\":\"https:\\\/\\\/plazadetoroslamalagueta.com\\\/wp-content\\\/uploads\\\/2024\\\/02\\\/Logo-plaza-toros.webp\",\"width\":100,\"height\":100,\"caption\":\"Plaza de Toros la Malagueta\"},\"image\":{\"@id\":\"https:\\\/\\\/plazadetoroslamalagueta.com\\\/ru\\\/#\\\/schema\\\/logo\\\/image\\\/\"}}]}<\/script>\n<!-- \/ Yoast SEO plugin. -->","yoast_head_json":{"title":"\u0410\u0431\u043e\u043d\u0435\u043c\u0435\u043d\u0442\u044b \u043d\u0430 \u0441\u0435\u0437\u043e\u043d M\u00e1laga Bullring | La Malagueta","description":"\u041a\u0443\u043f\u0438\u0442\u0435 \u0430\u0431\u043e\u043d\u0435\u043c\u0435\u043d\u0442 \u043d\u0430 \u043a\u043e\u0440\u0440\u0438\u0434\u0443 \u043d\u0430 \u0430\u0440\u0435\u043d\u0435 \u0434\u043b\u044f \u0431\u043e\u044f \u0431\u044b\u043a\u043e\u0432 \u0432 \u041c\u0430\u043b\u0430\u0433\u0435. \u0410\u0431\u043e\u043d\u0435\u043c\u0435\u043d\u0442\u044b \u043d\u0430 \u043a\u043e\u0440\u0440\u0438\u0434\u0443 \u0432 \u041c\u0430\u043b\u0430\u0433\u0435 [\u043e\u0433\u0440\u0430\u043d\u0438\u0447\u0435\u043d\u043d\u043e\u0435 \u043a\u043e\u043b\u0438\u0447\u0435\u0441\u0442\u0432\u043e].","robots":{"index":"index","follow":"follow","max-snippet":"max-snippet:-1","max-image-preview":"max-image-preview:large","max-video-preview":"max-video-preview:-1"},"canonical":"https:\/\/plazadetoroslamalagueta.com\/ru\/shop\/","og_locale":"ru_RU","og_type":"article","og_title":"\u0410\u0431\u043e\u043d\u0435\u043c\u0435\u043d\u0442\u044b \u043d\u0430 \u0441\u0435\u0437\u043e\u043d M\u00e1laga Bullring | La Malagueta","og_description":"\u041a\u0443\u043f\u0438\u0442\u0435 \u0430\u0431\u043e\u043d\u0435\u043c\u0435\u043d\u0442 \u043d\u0430 \u043a\u043e\u0440\u0440\u0438\u0434\u0443 \u043d\u0430 \u0430\u0440\u0435\u043d\u0435 \u0434\u043b\u044f \u0431\u043e\u044f \u0431\u044b\u043a\u043e\u0432 \u0432 \u041c\u0430\u043b\u0430\u0433\u0435. \u0410\u0431\u043e\u043d\u0435\u043c\u0435\u043d\u0442\u044b \u043d\u0430 \u043a\u043e\u0440\u0440\u0438\u0434\u0443 \u0432 \u041c\u0430\u043b\u0430\u0433\u0435 [\u043e\u0433\u0440\u0430\u043d\u0438\u0447\u0435\u043d\u043d\u043e\u0435 \u043a\u043e\u043b\u0438\u0447\u0435\u0441\u0442\u0432\u043e].","og_url":"https:\/\/plazadetoroslamalagueta.com\/ru\/shop\/","og_site_name":"Plaza de Toros La Malagueta","article_modified_time":"2026-04-20T13:14:44+00:00","og_image":[{"width":1200,"height":675,"url":"https:\/\/plazadetoroslamalagueta.com\/wp-content\/uploads\/2023\/03\/Diseno-sin-titulo.jpeg","type":"image\/jpeg"}],"twitter_card":"summary_large_image","twitter_misc":{"\u041f\u0440\u0438\u043c\u0435\u0440\u043d\u043e\u0435 \u0432\u0440\u0435\u043c\u044f \u0434\u043b\u044f \u0447\u0442\u0435\u043d\u0438\u044f":"3 \u043c\u0438\u043d\u0443\u0442\u044b"},"schema":{"@context":"https:\/\/schema.org","@graph":[{"@type":"WebPage","@id":"https:\/\/plazadetoroslamalagueta.com\/ru\/shop\/","url":"https:\/\/plazadetoroslamalagueta.com\/ru\/shop\/","name":"\u0410\u0431\u043e\u043d\u0435\u043c\u0435\u043d\u0442\u044b \u043d\u0430 \u0441\u0435\u0437\u043e\u043d M\u00e1laga Bullring | La Malagueta","isPartOf":{"@id":"https:\/\/plazadetoroslamalagueta.com\/ru\/#website"},"datePublished":"2023-07-18T09:45:34+00:00","dateModified":"2026-04-20T13:14:44+00:00","description":"\u041a\u0443\u043f\u0438\u0442\u0435 \u0430\u0431\u043e\u043d\u0435\u043c\u0435\u043d\u0442 \u043d\u0430 \u043a\u043e\u0440\u0440\u0438\u0434\u0443 \u043d\u0430 \u0430\u0440\u0435\u043d\u0435 \u0434\u043b\u044f \u0431\u043e\u044f \u0431\u044b\u043a\u043e\u0432 \u0432 \u041c\u0430\u043b\u0430\u0433\u0435. \u0410\u0431\u043e\u043d\u0435\u043c\u0435\u043d\u0442\u044b \u043d\u0430 \u043a\u043e\u0440\u0440\u0438\u0434\u0443 \u0432 \u041c\u0430\u043b\u0430\u0433\u0435 [\u043e\u0433\u0440\u0430\u043d\u0438\u0447\u0435\u043d\u043d\u043e\u0435 \u043a\u043e\u043b\u0438\u0447\u0435\u0441\u0442\u0432\u043e].","breadcrumb":{"@id":"https:\/\/plazadetoroslamalagueta.com\/ru\/shop\/#breadcrumb"},"inLanguage":"ru-RU","potentialAction":[{"@type":"ReadAction","target":["https:\/\/plazadetoroslamalagueta.com\/ru\/shop\/"]}]},{"@type":"BreadcrumbList","@id":"https:\/\/plazadetoroslamalagueta.com\/ru\/shop\/#breadcrumb","itemListElement":[{"@type":"ListItem","position":1,"name":"Inicio","item":"https:\/\/plazadetoroslamalagueta.com\/ru\/"},{"@type":"ListItem","position":2,"name":"\u0423\u0434\u043e\u0431\u0440\u0435\u043d\u0438\u044f"}]},{"@type":"WebSite","@id":"https:\/\/plazadetoroslamalagueta.com\/ru\/#website","url":"https:\/\/plazadetoroslamalagueta.com\/ru\/","name":"Plaza de Toros de la Malagueta","description":"La Plaza de Toros de M\u00e1laga, de nombre La Malagueta, es un edificio reconocido Bien de Inter\u00e9s Cultural, que ofrece visitas tur\u00edsticas y corridas de toros y otros tipos de espect\u00e1culo durante todo el a\u00f1o.","publisher":{"@id":"https:\/\/plazadetoroslamalagueta.com\/ru\/#organization"},"alternateName":"Plaza de Toros M\u00e1laga","potentialAction":[{"@type":"SearchAction","target":{"@type":"EntryPoint","urlTemplate":"https:\/\/plazadetoroslamalagueta.com\/ru\/?s={search_term_string}"},"query-input":{"@type":"PropertyValueSpecification","valueRequired":true,"valueName":"search_term_string"}}],"inLanguage":"ru-RU"},{"@type":"Organization","@id":"https:\/\/plazadetoroslamalagueta.com\/ru\/#organization","name":"Plaza de Toros la Malagueta","url":"https:\/\/plazadetoroslamalagueta.com\/ru\/","logo":{"@type":"ImageObject","inLanguage":"ru-RU","@id":"https:\/\/plazadetoroslamalagueta.com\/ru\/#\/schema\/logo\/image\/","url":"https:\/\/plazadetoroslamalagueta.com\/wp-content\/uploads\/2024\/02\/Logo-plaza-toros.webp","contentUrl":"https:\/\/plazadetoroslamalagueta.com\/wp-content\/uploads\/2024\/02\/Logo-plaza-toros.webp","width":100,"height":100,"caption":"Plaza de Toros la Malagueta"},"image":{"@id":"https:\/\/plazadetoroslamalagueta.com\/ru\/#\/schema\/logo\/image\/"}}]}},"_links":{"self":[{"href":"https:\/\/plazadetoroslamalagueta.com\/ru\/wp-json\/wp\/v2\/pages\/39310","targetHints":{"allow":["GET"]}}],"collection":[{"href":"https:\/\/plazadetoroslamalagueta.com\/ru\/wp-json\/wp\/v2\/pages"}],"about":[{"href":"https:\/\/plazadetoroslamalagueta.com\/ru\/wp-json\/wp\/v2\/types\/page"}],"author":[{"embeddable":true,"href":"https:\/\/plazadetoroslamalagueta.com\/ru\/wp-json\/wp\/v2\/users\/4"}],"replies":[{"embeddable":true,"href":"https:\/\/plazadetoroslamalagueta.com\/ru\/wp-json\/wp\/v2\/comments?post=39310"}],"version-history":[{"count":2,"href":"https:\/\/plazadetoroslamalagueta.com\/ru\/wp-json\/wp\/v2\/pages\/39310\/revisions"}],"predecessor-version":[{"id":39314,"href":"https:\/\/plazadetoroslamalagueta.com\/ru\/wp-json\/wp\/v2\/pages\/39310\/revisions\/39314"}],"wp:attachment":[{"href":"https:\/\/plazadetoroslamalagueta.com\/ru\/wp-json\/wp\/v2\/media?parent=39310"}],"curies":[{"name":"wp","href":"https:\/\/api.w.org\/{rel}","templated":true}]}}