{"id":39307,"date":"2023-06-13T11:48:59","date_gmt":"2023-06-13T09:48:59","guid":{"rendered":"https:\/\/plazadetoroslamalagueta.com\/%d0%b1%d1%80%d0%be%d0%bd%d0%b8%d1%80%d0%be%d0%b2%d0%b0%d0%bd%d0%b8%d0%b5-%d0%b1%d0%b8%d0%bb%d0%b5%d1%82%d0%be%d0%b2\/"},"modified":"2026-04-20T15:11:01","modified_gmt":"2026-04-20T13:11:01","slug":"ticket-booking","status":"publish","type":"page","link":"https:\/\/plazadetoroslamalagueta.com\/ru\/ticket-booking\/","title":{"rendered":"\u0411\u0440\u043e\u043d\u0438\u0440\u043e\u0432\u0430\u043d\u0438\u0435 \u0431\u0438\u043b\u0435\u0442\u043e\u0432"},"content":{"rendered":"<section class=\"l-section wpb_row height_medium\"><div class=\"l-section-h i-cf\"><div class=\"g-cols vc_row via_grid cols_1 laptops-cols_inherit tablets-cols_inherit mobiles-cols_1 valign_top type_default stacking_default\"><div class=\"wpb_column vc_column_container\"><div class=\"vc_column-inner\"><div class=\"wpb_text_column\"><div class=\"wpb_wrapper\"><h2 style=\"text-align: center;\">\u0417\u0430\u0431\u0440\u043e\u043d\u0438\u0440\u0443\u0439\u0442\u0435 \u0431\u0438\u043b\u0435\u0442<\/h2>\n<p>\u0413\u043e\u0434\u043e\u0432\u044b\u0435 \u0430\u0431\u043e\u043d\u0435\u043c\u0435\u043d\u0442\u044b \u0432 \u043d\u0430\u0441\u0442\u043e\u044f\u0449\u0435\u0435 \u0432\u0440\u0435\u043c\u044f \u043e\u0431\u043d\u043e\u0432\u043b\u044f\u044e\u0442\u0441\u044f, \u043f\u043e\u044d\u0442\u043e\u043c\u0443 \u0438\u043d\u0434\u0438\u0432\u0438\u0434\u0443\u0430\u043b\u044c\u043d\u044b\u0435 \u0431\u0438\u043b\u0435\u0442\u044b \u043f\u043e\u0441\u0442\u0443\u043f\u044f\u0442 \u0432 \u043f\u0440\u043e\u0434\u0430\u0436\u0443 \u043d\u0435 \u0440\u0430\u043d\u044c\u0448\u0435 \u0438\u044e\u043b\u044f. \u041e\u0434\u043d\u0430\u043a\u043e \u0432\u0441\u0435 \u0436\u0435\u043b\u0430\u044e\u0449\u0438\u0435 <strong>\u043c\u043e\u0433\u0443\u0442 \u0437\u0430\u0431\u0440\u043e\u043d\u0438\u0440\u043e\u0432\u0430\u0442\u044c \u0431\u0438\u043b\u0435\u0442\u044b<\/strong>, \u0437\u0430\u043f\u043e\u043b\u043d\u0438\u0432 \u0444\u043e\u0440\u043c\u0443 \u043d\u0438\u0436\u0435:<\/p>\n<\/div><\/div><div class=\"w-separator size_medium\"><\/div><div class=\"g-cols wpb_row via_grid cols_2 laptops-cols_inherit tablets-cols_inherit mobiles-cols_1 valign_top type_default stacking_default\" style=\"--columns-gap:3rem;\"><div class=\"wpb_column vc_column_container\"><div class=\"vc_column-inner\">\n<div class=\"wpcf7 no-js\" id=\"wpcf7-f8043-o1\" lang=\"es-ES\" dir=\"ltr\" data-wpcf7-id=\"8043\">\n<div class=\"screen-reader-response\"><p role=\"status\" aria-live=\"polite\" aria-atomic=\"true\"><\/p> <ul><\/ul><\/div>\n<form action=\"\/ru\/wp-json\/wp\/v2\/pages\/39307#wpcf7-f8043-o1\" method=\"post\" class=\"wpcf7-form init\" aria-label=\"Formulario de contacto\" novalidate=\"novalidate\" data-status=\"init\">\n<fieldset class=\"hidden-fields-container\"><input type=\"hidden\" name=\"_wpcf7\" value=\"8043\" \/><input type=\"hidden\" name=\"_wpcf7_version\" value=\"6.1.5\" \/><input type=\"hidden\" name=\"_wpcf7_locale\" value=\"es_ES\" \/><input type=\"hidden\" name=\"_wpcf7_unit_tag\" value=\"wpcf7-f8043-o1\" \/><input type=\"hidden\" name=\"_wpcf7_container_post\" value=\"0\" \/><input type=\"hidden\" name=\"_wpcf7_posted_data_hash\" value=\"\" \/>\n<\/fieldset>\n<p><label> Nombre - name<br \/>\n<span class=\"wpcf7-form-control-wrap\" data-name=\"your-name\"><input size=\"40\" maxlength=\"400\" class=\"wpcf7-form-control wpcf7-text wpcf7-validates-as-required\" autocomplete=\"name\" aria-required=\"true\" aria-invalid=\"false\" value=\"\" type=\"text\" name=\"your-name\" \/><\/span> <\/label>\n<\/p>\n<p><label> Email<br \/>\n<span class=\"wpcf7-form-control-wrap\" data-name=\"your-email\"><input size=\"40\" maxlength=\"400\" class=\"wpcf7-form-control wpcf7-email wpcf7-validates-as-required wpcf7-text wpcf7-validates-as-email\" autocomplete=\"email\" aria-required=\"true\" aria-invalid=\"false\" value=\"\" type=\"email\" name=\"your-email\" \/><\/span> <\/label>\n<\/p>\n<p><label> Idioma - Language<br \/>\n<span class=\"wpcf7-form-control-wrap\" data-name=\"menu-273\"><select class=\"wpcf7-form-control wpcf7-select\" aria-invalid=\"false\" name=\"menu-273\"><option value=\"Espa\u00f1ol\">Espa\u00f1ol<\/option><option value=\"Ingles\">Ingles<\/option><option value=\"Frances\">Frances<\/option><\/select><\/span><br \/>\n<span class=\"wpcf7-form-control-wrap\" data-name=\"Privacidad\"><span class=\"wpcf7-form-control wpcf7-acceptance\"><span class=\"wpcf7-list-item\"><label><input type=\"checkbox\" name=\"Privacidad\" value=\"1\" aria-invalid=\"false\" \/><span class=\"wpcf7-list-item-label\">He le\u00eddo y acepto la <a href=\"\/politica-de-privacidad\">Pol\u00edtica de Privacidad<\/a><\/span><\/label><\/span><\/span><\/span><br \/>\n<div class=\"cf7-cf-turnstile\" style=\"margin-top: 0px; margin-bottom: -15px;\"> <div id=\"cf-turnstile-cf7-3480971557\" class=\"cf-turnstile\" data-sitekey=\"0x4AAAAAAARSwWf_58rz0HO0\" data-theme=\"light\" data-language=\"auto\" data-size=\"normal\" data-retry=\"auto\" data-retry-interval=\"1000\" data-refresh-expired=\"auto\" data-refresh-timeout=\"auto\" data-action=\"contact-form-7\" data-callback=\"turnstileCF7Callback\" data-appearance=\"always\"><\/div> <script>document.addEventListener(\"DOMContentLoaded\", function() { setTimeout(function(){ var e=document.getElementById(\"cf-turnstile-cf7-3480971557\"); if(e&&!e.innerHTML.trim()){turnstile.render(e, {sitekey:\"0x4AAAAAAARSwWf_58rz0HO0\"});} }, 200); });<\/script> <br class=\"cf-turnstile-br cf-turnstile-br-cf7-3480971557\"> <style>#cf-turnstile-cf7-3480971557 { margin-left: -15px; }<\/style> <script>document.addEventListener(\"DOMContentLoaded\",function(){document.querySelectorAll('.wpcf7-form').forEach(function(e){e.addEventListener('submit',function(){if(document.getElementById('cf-turnstile-cf7-3480971557')){setTimeout(function(){turnstile.reset('#cf-turnstile-cf7-3480971557');},1000)}})})});<\/script> <\/div><br\/><input class=\"wpcf7-form-control wpcf7-submit has-spinner\" type=\"submit\" value=\"Enviar\" \/><\/label>\n<\/p><div class=\"wpcf7-response-output\" aria-hidden=\"true\"><\/div>\n<\/form>\n<\/div>\n<\/div><\/div><div class=\"wpb_column vc_column_container\"><div class=\"vc_column-inner\"><div class=\"w-iconbox iconpos_left style_default color_primary align_left\"><div class=\"w-iconbox-icon\" style=\"font-size:2rem;\"><i class=\"material-icons\">event<\/i><\/div><div class=\"w-iconbox-meta\"><h3 class=\"w-iconbox-title\">\u0414\u0430\u0442\u0430 \u0437\u0430\u043f\u0443\u0441\u043a\u0430<\/h3><div class=\"w-iconbox-text\"><p>\u0411\u0438\u043b\u0435\u0442\u044b \u043f\u043e\u0441\u0442\u0443\u043f\u044f\u0442 \u0432 \u043f\u0440\u043e\u0434\u0430\u0436\u0443 \u0432 <strong>\u0438\u044e\u043b\u0435<\/strong>. \u0417\u0430\u0431\u0440\u043e\u043d\u0438\u0440\u0443\u0439\u0442\u0435 \u0431\u0438\u043b\u0435\u0442 \u0437\u0430\u0440\u0430\u043d\u0435\u0435<\/p>\n<\/div><\/div><\/div><div class=\"w-separator size_medium\"><\/div><div class=\"w-iconbox iconpos_left style_default color_primary align_left\"><div class=\"w-iconbox-icon\" style=\"font-size:2rem;\"><i class=\"material-icons\">confirmation_number<\/i><\/div><div class=\"w-iconbox-meta\"><h3 class=\"w-iconbox-title\">\u041a\u043e\u0433\u0434\u0430 \u044f \u0441\u043c\u043e\u0433\u0443 \u043a\u0443\u043f\u0438\u0442\u044c \u0431\u0438\u043b\u0435\u0442\u044b?<\/h3><div class=\"w-iconbox-text\"><p>\u041c\u044b \u043f\u0440\u0438\u0448\u043b\u0435\u043c \u0412\u0430\u043c \u0441\u0441\u044b\u043b\u043a\u0443, \u043f\u043e \u043a\u043e\u0442\u043e\u0440\u043e\u0439 \u0412\u044b \u0441\u043c\u043e\u0436\u0435\u0442\u0435 \u043a\u0443\u043f\u0438\u0442\u044c \u0437\u0430\u0440\u0435\u0437\u0435\u0440\u0432\u0438\u0440\u043e\u0432\u0430\u043d\u043d\u044b\u0439 \u0431\u0438\u043b\u0435\u0442 \u0437\u0430 24 \u0447\u0430\u0441\u0430 \u0434\u043e \u043e\u0442\u043a\u0440\u044b\u0442\u0438\u044f \u043f\u0440\u043e\u0434\u0430\u0436 \u0431\u0438\u043b\u0435\u0442\u043e\u0432 \u0434\u043b\u044f \u0448\u0438\u0440\u043e\u043a\u043e\u0439 \u043f\u0443\u0431\u043b\u0438\u043a\u0438.<\/p>\n<\/div><\/div><\/div><div class=\"w-separator size_medium\"><\/div><\/div><\/div><\/div><\/div><\/div><\/div><\/div><\/section><section class=\"l-section wpb_row height_medium color_alternate\"><div class=\"l-section-h i-cf\"><div class=\"g-cols vc_row via_grid cols_1 laptops-cols_inherit tablets-cols_inherit mobiles-cols_1 valign_top type_default stacking_default\"><div class=\"wpb_column vc_column_container\"><div class=\"vc_column-inner\"><div class=\"w-actionbox color_light controls_right\"><div class=\"w-actionbox-text\"><h2 class=\"w-actionbox-title\">VIP-\u043b\u043e\u0436\u0430<\/h2><div class=\"w-actionbox-description\"><p>\u0421 \u0434\u0440\u0443\u0433\u043e\u0439 \u0441\u0442\u043e\u0440\u043e\u043d\u044b, VIP-\u043b\u043e\u0436\u0438 \u0443\u0436\u0435 \u0434\u043e\u0441\u0442\u0443\u043f\u043d\u044b \u0434\u043b\u044f \u0430\u0440\u0435\u043d\u0434\u044b \u0438 \u0440\u0435\u0437\u0435\u0440\u0432\u0438\u0440\u043e\u0432\u0430\u043d\u0438\u044f \u043d\u0430 \u0432\u0441\u044e \u0430\u0432\u0433\u0443\u0441\u0442\u043e\u0432\u0441\u043a\u0443\u044e \u044f\u0440\u043c\u0430\u0440\u043a\u0443. \u0414\u043b\u044f \u0432\u0441\u0435\u0445 \u0437\u0430\u0438\u043d\u0442\u0435\u0440\u0435\u0441\u043e\u0432\u0430\u043d\u043d\u044b\u0445 \u043c\u044b \u043e\u0441\u0442\u0430\u0432\u043b\u044f\u0435\u043c \u0441\u0441\u044b\u043b\u043a\u0443, \u043f\u043e \u043a\u043e\u0442\u043e\u0440\u043e\u0439 \u043c\u043e\u0436\u043d\u043e \u043a\u0443\u043f\u0438\u0442\u044c \u0438 \u0437\u0430\u0431\u0440\u043e\u043d\u0438\u0440\u043e\u0432\u0430\u0442\u044c \u0441\u0432\u043e\u044e \u043b\u043e\u0436\u0443.<\/p>\n<\/div><\/div><div class=\"w-actionbox-controls\"><a class=\"w-btn us-btn-style_1\" style=\"font-size:18px\" title=\"VIP-\u043b\u043e\u0436\u0438\" href=\"https:\/\/plazadetoroslamalagueta.com\/palcos-vip-entradas-toros\/\"><span class=\"w-btn-label\">\u0421\u043c. \u043f\u043e\u0434\u0440\u043e\u0431\u043d\u0435\u0435<\/span><\/a><\/div><\/div><\/div><\/div><\/div><\/div><\/section>\n","protected":false},"excerpt":{"rendered":"\u0417\u0430\u0431\u0440\u043e\u043d\u0438\u0440\u0443\u0439\u0442\u0435 \u0431\u0438\u043b\u0435\u0442 \u0413\u043e\u0434\u043e\u0432\u044b\u0435 \u0430\u0431\u043e\u043d\u0435\u043c\u0435\u043d\u0442\u044b \u0432 \u043d\u0430\u0441\u0442\u043e\u044f\u0449\u0435\u0435 \u0432\u0440\u0435\u043c\u044f \u043e\u0431\u043d\u043e\u0432\u043b\u044f\u044e\u0442\u0441\u044f, \u043f\u043e\u044d\u0442\u043e\u043c\u0443 \u0438\u043d\u0434\u0438\u0432\u0438\u0434\u0443\u0430\u043b\u044c\u043d\u044b\u0435 \u0431\u0438\u043b\u0435\u0442\u044b \u043f\u043e\u0441\u0442\u0443\u043f\u044f\u0442 \u0432 \u043f\u0440\u043e\u0434\u0430\u0436\u0443 \u043d\u0435 \u0440\u0430\u043d\u044c\u0448\u0435 \u0438\u044e\u043b\u044f. \u041e\u0434\u043d\u0430\u043a\u043e \u0432\u0441\u0435 \u0436\u0435\u043b\u0430\u044e\u0449\u0438\u0435 \u043c\u043e\u0433\u0443\u0442 \u0437\u0430\u0431\u0440\u043e\u043d\u0438\u0440\u043e\u0432\u0430\u0442\u044c \u0431\u0438\u043b\u0435\u0442\u044b, \u0437\u0430\u043f\u043e\u043b\u043d\u0438\u0432 \u0444\u043e\u0440\u043c\u0443 \u043d\u0438\u0436\u0435: Nombre - name Email Idioma - Language Espa\u00f1olInglesFrances He le\u00eddo y acepto la Pol\u00edtica de Privacidad event\u0414\u0430\u0442\u0430 \u0437\u0430\u043f\u0443\u0441\u043a\u0430\u0411\u0438\u043b\u0435\u0442\u044b \u043f\u043e\u0441\u0442\u0443\u043f\u044f\u0442 \u0432 \u043f\u0440\u043e\u0434\u0430\u0436\u0443 \u0432 \u0438\u044e\u043b\u0435. \u0417\u0430\u0431\u0440\u043e\u043d\u0438\u0440\u0443\u0439\u0442\u0435 \u0431\u0438\u043b\u0435\u0442 \u0437\u0430\u0440\u0430\u043d\u0435\u0435 confirmation_number\u041a\u043e\u0433\u0434\u0430 \u044f \u0441\u043c\u043e\u0433\u0443...","protected":false},"author":4,"featured_media":0,"parent":0,"menu_order":0,"comment_status":"closed","ping_status":"closed","template":"","meta":{"footnotes":""},"class_list":["post-39307","page","type-page","status-publish","hentry"],"yoast_head":"<!-- This site is optimized with the Yoast SEO plugin v27.4 - https:\/\/yoast.com\/product\/yoast-seo-wordpress\/ -->\n<title>\u0411\u0440\u043e\u043d\u0438\u0440\u043e\u0432\u0430\u043d\u0438\u0435 \u0431\u0438\u043b\u0435\u0442\u043e\u0432 \u043d\u0430 \u043a\u043e\u0440\u0440\u0438\u0434\u0443 : \u0410\u0440\u0435\u043d\u0430 \u0434\u043b\u044f \u0431\u043e\u044f \u0431\u044b\u043a\u043e\u0432 \u0432 \u041c\u0430\u043b\u0430\u0433\u0435<\/title>\n<meta name=\"description\" content=\"\u0422\u0435\u043f\u0435\u0440\u044c \u0434\u043e\u0441\u0442\u0443\u043f\u043d\u043e \u0431\u0440\u043e\u043d\u0438\u0440\u043e\u0432\u0430\u043d\u0438\u0435 \u0431\u0438\u043b\u0435\u0442\u043e\u0432 \u043d\u0430 \u043a\u043e\u0440\u0440\u0438\u0434\u0443 \u0432 \u0440\u0430\u043c\u043a\u0430\u0445 \u0424\u0435\u0440\u0438\u0438 \u0434\u0435 \u041c\u0430\u043b\u0430\u0433\u0430 \u0432 \u0430\u0432\u0433\u0443\u0441\u0442\u0435. \u0417\u0430\u0431\u0440\u043e\u043d\u0438\u0440\u0443\u0439\u0442\u0435 \u0431\u0438\u043b\u0435\u0442\u044b \u0437\u0430\u0440\u0430\u043d\u0435\u0435\" \/>\n<meta name=\"robots\" content=\"index, follow, max-snippet:-1, max-image-preview:large, max-video-preview:-1\" \/>\n<link rel=\"canonical\" href=\"https:\/\/plazadetoroslamalagueta.com\/ru\/ticket-booking\/\" \/>\n<meta property=\"og:locale\" content=\"ru_RU\" \/>\n<meta property=\"og:type\" content=\"article\" \/>\n<meta property=\"og:title\" content=\"\u0411\u0440\u043e\u043d\u0438\u0440\u043e\u0432\u0430\u043d\u0438\u0435 \u0431\u0438\u043b\u0435\u0442\u043e\u0432 \u043d\u0430 \u043a\u043e\u0440\u0440\u0438\u0434\u0443 : \u0410\u0440\u0435\u043d\u0430 \u0434\u043b\u044f \u0431\u043e\u044f \u0431\u044b\u043a\u043e\u0432 \u0432 \u041c\u0430\u043b\u0430\u0433\u0435\" \/>\n<meta property=\"og:description\" content=\"\u0422\u0435\u043f\u0435\u0440\u044c \u0434\u043e\u0441\u0442\u0443\u043f\u043d\u043e \u0431\u0440\u043e\u043d\u0438\u0440\u043e\u0432\u0430\u043d\u0438\u0435 \u0431\u0438\u043b\u0435\u0442\u043e\u0432 \u043d\u0430 \u043a\u043e\u0440\u0440\u0438\u0434\u0443 \u0432 \u0440\u0430\u043c\u043a\u0430\u0445 \u0424\u0435\u0440\u0438\u0438 \u0434\u0435 \u041c\u0430\u043b\u0430\u0433\u0430 \u0432 \u0430\u0432\u0433\u0443\u0441\u0442\u0435. \u0417\u0430\u0431\u0440\u043e\u043d\u0438\u0440\u0443\u0439\u0442\u0435 \u0431\u0438\u043b\u0435\u0442\u044b \u0437\u0430\u0440\u0430\u043d\u0435\u0435\" \/>\n<meta property=\"og:url\" content=\"https:\/\/plazadetoroslamalagueta.com\/ru\/ticket-booking\/\" \/>\n<meta property=\"og:site_name\" content=\"Plaza de Toros La Malagueta\" \/>\n<meta property=\"article:modified_time\" content=\"2026-04-20T13:11:01+00:00\" \/>\n<meta property=\"og:image\" content=\"https:\/\/plazadetoroslamalagueta.com\/wp-content\/uploads\/2023\/03\/Diseno-sin-titulo.jpeg\" \/>\n\t<meta property=\"og:image:width\" content=\"1200\" \/>\n\t<meta property=\"og:image:height\" content=\"675\" \/>\n\t<meta property=\"og:image:type\" content=\"image\/jpeg\" \/>\n<meta name=\"twitter:card\" content=\"summary_large_image\" \/>\n<meta name=\"twitter:label1\" content=\"\u041f\u0440\u0438\u043c\u0435\u0440\u043d\u043e\u0435 \u0432\u0440\u0435\u043c\u044f \u0434\u043b\u044f \u0447\u0442\u0435\u043d\u0438\u044f\" \/>\n\t<meta name=\"twitter:data1\" content=\"1 \u043c\u0438\u043d\u0443\u0442\u0430\" \/>\n<script type=\"application\/ld+json\" class=\"yoast-schema-graph\">{\"@context\":\"https:\\\/\\\/schema.org\",\"@graph\":[{\"@type\":\"WebPage\",\"@id\":\"https:\\\/\\\/plazadetoroslamalagueta.com\\\/ru\\\/ticket-booking\\\/\",\"url\":\"https:\\\/\\\/plazadetoroslamalagueta.com\\\/ru\\\/ticket-booking\\\/\",\"name\":\"\u0411\u0440\u043e\u043d\u0438\u0440\u043e\u0432\u0430\u043d\u0438\u0435 \u0431\u0438\u043b\u0435\u0442\u043e\u0432 \u043d\u0430 \u043a\u043e\u0440\u0440\u0438\u0434\u0443 : \u0410\u0440\u0435\u043d\u0430 \u0434\u043b\u044f \u0431\u043e\u044f \u0431\u044b\u043a\u043e\u0432 \u0432 \u041c\u0430\u043b\u0430\u0433\u0435\",\"isPartOf\":{\"@id\":\"https:\\\/\\\/plazadetoroslamalagueta.com\\\/ru\\\/#website\"},\"datePublished\":\"2023-06-13T09:48:59+00:00\",\"dateModified\":\"2026-04-20T13:11:01+00:00\",\"description\":\"\u0422\u0435\u043f\u0435\u0440\u044c \u0434\u043e\u0441\u0442\u0443\u043f\u043d\u043e \u0431\u0440\u043e\u043d\u0438\u0440\u043e\u0432\u0430\u043d\u0438\u0435 \u0431\u0438\u043b\u0435\u0442\u043e\u0432 \u043d\u0430 \u043a\u043e\u0440\u0440\u0438\u0434\u0443 \u0432 \u0440\u0430\u043c\u043a\u0430\u0445 \u0424\u0435\u0440\u0438\u0438 \u0434\u0435 \u041c\u0430\u043b\u0430\u0433\u0430 \u0432 \u0430\u0432\u0433\u0443\u0441\u0442\u0435. \u0417\u0430\u0431\u0440\u043e\u043d\u0438\u0440\u0443\u0439\u0442\u0435 \u0431\u0438\u043b\u0435\u0442\u044b \u0437\u0430\u0440\u0430\u043d\u0435\u0435\",\"breadcrumb\":{\"@id\":\"https:\\\/\\\/plazadetoroslamalagueta.com\\\/ru\\\/ticket-booking\\\/#breadcrumb\"},\"inLanguage\":\"ru-RU\",\"potentialAction\":[{\"@type\":\"ReadAction\",\"target\":[\"https:\\\/\\\/plazadetoroslamalagueta.com\\\/ru\\\/ticket-booking\\\/\"]}]},{\"@type\":\"BreadcrumbList\",\"@id\":\"https:\\\/\\\/plazadetoroslamalagueta.com\\\/ru\\\/ticket-booking\\\/#breadcrumb\",\"itemListElement\":[{\"@type\":\"ListItem\",\"position\":1,\"name\":\"Inicio\",\"item\":\"https:\\\/\\\/plazadetoroslamalagueta.com\\\/ru\\\/\"},{\"@type\":\"ListItem\",\"position\":2,\"name\":\"\u0411\u0440\u043e\u043d\u0438\u0440\u043e\u0432\u0430\u043d\u0438\u0435 \u0431\u0438\u043b\u0435\u0442\u043e\u0432\"}]},{\"@type\":\"WebSite\",\"@id\":\"https:\\\/\\\/plazadetoroslamalagueta.com\\\/ru\\\/#website\",\"url\":\"https:\\\/\\\/plazadetoroslamalagueta.com\\\/ru\\\/\",\"name\":\"Plaza de Toros de la Malagueta\",\"description\":\"La Plaza de Toros de M\u00e1laga, de nombre La Malagueta, es un edificio reconocido Bien de Inter\u00e9s Cultural, que ofrece visitas tur\u00edsticas y corridas de toros y otros tipos de espect\u00e1culo durante todo el a\u00f1o.\",\"publisher\":{\"@id\":\"https:\\\/\\\/plazadetoroslamalagueta.com\\\/ru\\\/#organization\"},\"alternateName\":\"Plaza de Toros M\u00e1laga\",\"potentialAction\":[{\"@type\":\"SearchAction\",\"target\":{\"@type\":\"EntryPoint\",\"urlTemplate\":\"https:\\\/\\\/plazadetoroslamalagueta.com\\\/ru\\\/?s={search_term_string}\"},\"query-input\":{\"@type\":\"PropertyValueSpecification\",\"valueRequired\":true,\"valueName\":\"search_term_string\"}}],\"inLanguage\":\"ru-RU\"},{\"@type\":\"Organization\",\"@id\":\"https:\\\/\\\/plazadetoroslamalagueta.com\\\/ru\\\/#organization\",\"name\":\"Plaza de Toros la Malagueta\",\"url\":\"https:\\\/\\\/plazadetoroslamalagueta.com\\\/ru\\\/\",\"logo\":{\"@type\":\"ImageObject\",\"inLanguage\":\"ru-RU\",\"@id\":\"https:\\\/\\\/plazadetoroslamalagueta.com\\\/ru\\\/#\\\/schema\\\/logo\\\/image\\\/\",\"url\":\"https:\\\/\\\/plazadetoroslamalagueta.com\\\/wp-content\\\/uploads\\\/2024\\\/02\\\/Logo-plaza-toros.webp\",\"contentUrl\":\"https:\\\/\\\/plazadetoroslamalagueta.com\\\/wp-content\\\/uploads\\\/2024\\\/02\\\/Logo-plaza-toros.webp\",\"width\":100,\"height\":100,\"caption\":\"Plaza de Toros la Malagueta\"},\"image\":{\"@id\":\"https:\\\/\\\/plazadetoroslamalagueta.com\\\/ru\\\/#\\\/schema\\\/logo\\\/image\\\/\"}}]}<\/script>\n<!-- \/ Yoast SEO plugin. -->","yoast_head_json":{"title":"\u0411\u0440\u043e\u043d\u0438\u0440\u043e\u0432\u0430\u043d\u0438\u0435 \u0431\u0438\u043b\u0435\u0442\u043e\u0432 \u043d\u0430 \u043a\u043e\u0440\u0440\u0438\u0434\u0443 : \u0410\u0440\u0435\u043d\u0430 \u0434\u043b\u044f \u0431\u043e\u044f \u0431\u044b\u043a\u043e\u0432 \u0432 \u041c\u0430\u043b\u0430\u0433\u0435","description":"\u0422\u0435\u043f\u0435\u0440\u044c \u0434\u043e\u0441\u0442\u0443\u043f\u043d\u043e \u0431\u0440\u043e\u043d\u0438\u0440\u043e\u0432\u0430\u043d\u0438\u0435 \u0431\u0438\u043b\u0435\u0442\u043e\u0432 \u043d\u0430 \u043a\u043e\u0440\u0440\u0438\u0434\u0443 \u0432 \u0440\u0430\u043c\u043a\u0430\u0445 \u0424\u0435\u0440\u0438\u0438 \u0434\u0435 \u041c\u0430\u043b\u0430\u0433\u0430 \u0432 \u0430\u0432\u0433\u0443\u0441\u0442\u0435. \u0417\u0430\u0431\u0440\u043e\u043d\u0438\u0440\u0443\u0439\u0442\u0435 \u0431\u0438\u043b\u0435\u0442\u044b \u0437\u0430\u0440\u0430\u043d\u0435\u0435","robots":{"index":"index","follow":"follow","max-snippet":"max-snippet:-1","max-image-preview":"max-image-preview:large","max-video-preview":"max-video-preview:-1"},"canonical":"https:\/\/plazadetoroslamalagueta.com\/ru\/ticket-booking\/","og_locale":"ru_RU","og_type":"article","og_title":"\u0411\u0440\u043e\u043d\u0438\u0440\u043e\u0432\u0430\u043d\u0438\u0435 \u0431\u0438\u043b\u0435\u0442\u043e\u0432 \u043d\u0430 \u043a\u043e\u0440\u0440\u0438\u0434\u0443 : \u0410\u0440\u0435\u043d\u0430 \u0434\u043b\u044f \u0431\u043e\u044f \u0431\u044b\u043a\u043e\u0432 \u0432 \u041c\u0430\u043b\u0430\u0433\u0435","og_description":"\u0422\u0435\u043f\u0435\u0440\u044c \u0434\u043e\u0441\u0442\u0443\u043f\u043d\u043e \u0431\u0440\u043e\u043d\u0438\u0440\u043e\u0432\u0430\u043d\u0438\u0435 \u0431\u0438\u043b\u0435\u0442\u043e\u0432 \u043d\u0430 \u043a\u043e\u0440\u0440\u0438\u0434\u0443 \u0432 \u0440\u0430\u043c\u043a\u0430\u0445 \u0424\u0435\u0440\u0438\u0438 \u0434\u0435 \u041c\u0430\u043b\u0430\u0433\u0430 \u0432 \u0430\u0432\u0433\u0443\u0441\u0442\u0435. \u0417\u0430\u0431\u0440\u043e\u043d\u0438\u0440\u0443\u0439\u0442\u0435 \u0431\u0438\u043b\u0435\u0442\u044b \u0437\u0430\u0440\u0430\u043d\u0435\u0435","og_url":"https:\/\/plazadetoroslamalagueta.com\/ru\/ticket-booking\/","og_site_name":"Plaza de Toros La Malagueta","article_modified_time":"2026-04-20T13:11:01+00:00","og_image":[{"width":1200,"height":675,"url":"https:\/\/plazadetoroslamalagueta.com\/wp-content\/uploads\/2023\/03\/Diseno-sin-titulo.jpeg","type":"image\/jpeg"}],"twitter_card":"summary_large_image","twitter_misc":{"\u041f\u0440\u0438\u043c\u0435\u0440\u043d\u043e\u0435 \u0432\u0440\u0435\u043c\u044f \u0434\u043b\u044f \u0447\u0442\u0435\u043d\u0438\u044f":"1 \u043c\u0438\u043d\u0443\u0442\u0430"},"schema":{"@context":"https:\/\/schema.org","@graph":[{"@type":"WebPage","@id":"https:\/\/plazadetoroslamalagueta.com\/ru\/ticket-booking\/","url":"https:\/\/plazadetoroslamalagueta.com\/ru\/ticket-booking\/","name":"\u0411\u0440\u043e\u043d\u0438\u0440\u043e\u0432\u0430\u043d\u0438\u0435 \u0431\u0438\u043b\u0435\u0442\u043e\u0432 \u043d\u0430 \u043a\u043e\u0440\u0440\u0438\u0434\u0443 : \u0410\u0440\u0435\u043d\u0430 \u0434\u043b\u044f \u0431\u043e\u044f \u0431\u044b\u043a\u043e\u0432 \u0432 \u041c\u0430\u043b\u0430\u0433\u0435","isPartOf":{"@id":"https:\/\/plazadetoroslamalagueta.com\/ru\/#website"},"datePublished":"2023-06-13T09:48:59+00:00","dateModified":"2026-04-20T13:11:01+00:00","description":"\u0422\u0435\u043f\u0435\u0440\u044c \u0434\u043e\u0441\u0442\u0443\u043f\u043d\u043e \u0431\u0440\u043e\u043d\u0438\u0440\u043e\u0432\u0430\u043d\u0438\u0435 \u0431\u0438\u043b\u0435\u0442\u043e\u0432 \u043d\u0430 \u043a\u043e\u0440\u0440\u0438\u0434\u0443 \u0432 \u0440\u0430\u043c\u043a\u0430\u0445 \u0424\u0435\u0440\u0438\u0438 \u0434\u0435 \u041c\u0430\u043b\u0430\u0433\u0430 \u0432 \u0430\u0432\u0433\u0443\u0441\u0442\u0435. \u0417\u0430\u0431\u0440\u043e\u043d\u0438\u0440\u0443\u0439\u0442\u0435 \u0431\u0438\u043b\u0435\u0442\u044b \u0437\u0430\u0440\u0430\u043d\u0435\u0435","breadcrumb":{"@id":"https:\/\/plazadetoroslamalagueta.com\/ru\/ticket-booking\/#breadcrumb"},"inLanguage":"ru-RU","potentialAction":[{"@type":"ReadAction","target":["https:\/\/plazadetoroslamalagueta.com\/ru\/ticket-booking\/"]}]},{"@type":"BreadcrumbList","@id":"https:\/\/plazadetoroslamalagueta.com\/ru\/ticket-booking\/#breadcrumb","itemListElement":[{"@type":"ListItem","position":1,"name":"Inicio","item":"https:\/\/plazadetoroslamalagueta.com\/ru\/"},{"@type":"ListItem","position":2,"name":"\u0411\u0440\u043e\u043d\u0438\u0440\u043e\u0432\u0430\u043d\u0438\u0435 \u0431\u0438\u043b\u0435\u0442\u043e\u0432"}]},{"@type":"WebSite","@id":"https:\/\/plazadetoroslamalagueta.com\/ru\/#website","url":"https:\/\/plazadetoroslamalagueta.com\/ru\/","name":"Plaza de Toros de la Malagueta","description":"La Plaza de Toros de M\u00e1laga, de nombre La Malagueta, es un edificio reconocido Bien de Inter\u00e9s Cultural, que ofrece visitas tur\u00edsticas y corridas de toros y otros tipos de espect\u00e1culo durante todo el a\u00f1o.","publisher":{"@id":"https:\/\/plazadetoroslamalagueta.com\/ru\/#organization"},"alternateName":"Plaza de Toros M\u00e1laga","potentialAction":[{"@type":"SearchAction","target":{"@type":"EntryPoint","urlTemplate":"https:\/\/plazadetoroslamalagueta.com\/ru\/?s={search_term_string}"},"query-input":{"@type":"PropertyValueSpecification","valueRequired":true,"valueName":"search_term_string"}}],"inLanguage":"ru-RU"},{"@type":"Organization","@id":"https:\/\/plazadetoroslamalagueta.com\/ru\/#organization","name":"Plaza de Toros la Malagueta","url":"https:\/\/plazadetoroslamalagueta.com\/ru\/","logo":{"@type":"ImageObject","inLanguage":"ru-RU","@id":"https:\/\/plazadetoroslamalagueta.com\/ru\/#\/schema\/logo\/image\/","url":"https:\/\/plazadetoroslamalagueta.com\/wp-content\/uploads\/2024\/02\/Logo-plaza-toros.webp","contentUrl":"https:\/\/plazadetoroslamalagueta.com\/wp-content\/uploads\/2024\/02\/Logo-plaza-toros.webp","width":100,"height":100,"caption":"Plaza de Toros la Malagueta"},"image":{"@id":"https:\/\/plazadetoroslamalagueta.com\/ru\/#\/schema\/logo\/image\/"}}]}},"_links":{"self":[{"href":"https:\/\/plazadetoroslamalagueta.com\/ru\/wp-json\/wp\/v2\/pages\/39307","targetHints":{"allow":["GET"]}}],"collection":[{"href":"https:\/\/plazadetoroslamalagueta.com\/ru\/wp-json\/wp\/v2\/pages"}],"about":[{"href":"https:\/\/plazadetoroslamalagueta.com\/ru\/wp-json\/wp\/v2\/types\/page"}],"author":[{"embeddable":true,"href":"https:\/\/plazadetoroslamalagueta.com\/ru\/wp-json\/wp\/v2\/users\/4"}],"replies":[{"embeddable":true,"href":"https:\/\/plazadetoroslamalagueta.com\/ru\/wp-json\/wp\/v2\/comments?post=39307"}],"version-history":[{"count":2,"href":"https:\/\/plazadetoroslamalagueta.com\/ru\/wp-json\/wp\/v2\/pages\/39307\/revisions"}],"predecessor-version":[{"id":39309,"href":"https:\/\/plazadetoroslamalagueta.com\/ru\/wp-json\/wp\/v2\/pages\/39307\/revisions\/39309"}],"wp:attachment":[{"href":"https:\/\/plazadetoroslamalagueta.com\/ru\/wp-json\/wp\/v2\/media?parent=39307"}],"curies":[{"name":"wp","href":"https:\/\/api.w.org\/{rel}","templated":true}]}}