{"id":39213,"date":"2024-12-04T15:39:48","date_gmt":"2024-12-04T14:39:48","guid":{"rendered":"https:\/\/plazadetoroslamalagueta.com\/%d1%81%d0%bf%d0%b0%d1%81%d0%b8%d0%b1%d0%be\/"},"modified":"2026-04-20T14:32:08","modified_gmt":"2026-04-20T12:32:08","slug":"%d1%81%d0%bf%d0%b0%d1%81%d0%b8%d0%b1%d0%be","status":"publish","type":"page","link":"https:\/\/plazadetoroslamalagueta.com\/ru\/%d1%81%d0%bf%d0%b0%d1%81%d0%b8%d0%b1%d0%be\/","title":{"rendered":"\u0421\u043f\u0430\u0441\u0438\u0431\u043e"},"content":{"rendered":"<section class=\"l-section wpb_row height_medium\"><div class=\"l-section-h i-cf\"><div class=\"g-cols vc_row via_grid cols_1 laptops-cols_inherit tablets-cols_inherit mobiles-cols_1 valign_top type_default stacking_default\"><div class=\"wpb_column vc_column_container\"><div class=\"vc_column-inner\"><div class=\"wpb_text_column\"><div class=\"wpb_wrapper\"><h1 style=\"text-align: center;\">\u0421\u043f\u0430\u0441\u0438\u0431\u043e!<\/h1>\n<p style=\"text-align: center;\">\u041c\u044b \u043f\u043e\u043b\u0443\u0447\u0438\u043b\u0438 \u0412\u0430\u0448\u0438 \u0434\u0430\u043d\u043d\u044b\u0435 \u043f\u0440\u0430\u0432\u0438\u043b\u044c\u043d\u043e. \u041c\u044b \u0441\u0432\u044f\u0436\u0435\u043c\u0441\u044f \u0441 \u0412\u0430\u043c\u0438 \u043a\u0430\u043a \u043c\u043e\u0436\u043d\u043e \u0441\u043a\u043e\u0440\u0435\u0435. <\/p>\n<\/div><\/div><div class=\"w-hwrapper valign_top align_center\" style=\"--hwrapper-gap:1.2rem\"><div class=\"w-btn-wrapper align_none\"><a class=\"w-btn us-btn-style_1\" href=\"https:\/\/plazadetoroslamalagueta.com\/ru\/\"><span class=\"w-btn-label\">\u0412\u0435\u0440\u043d\u0443\u0442\u044c\u0441\u044f \u043a \u043d\u0430\u0447\u0430\u043b\u0443<\/span><\/a><\/div><div class=\"w-btn-wrapper align_none\"><a class=\"w-btn us-btn-style_1\" href=\"https:\/\/plazadetoroslamalagueta.com\/entradas-corrida-de-toros-malaga\/\"><span class=\"w-btn-label\">\u0411\u0438\u043b\u0435\u0442\u044b \u043d\u0430 \u043a\u043e\u0440\u0440\u0438\u0434\u0443<\/span><\/a><\/div><\/div><\/div><\/div><\/div><\/div><\/section>\n","protected":false},"excerpt":{"rendered":"\u0421\u043f\u0430\u0441\u0438\u0431\u043e! \u041c\u044b \u043f\u043e\u043b\u0443\u0447\u0438\u043b\u0438 \u0412\u0430\u0448\u0438 \u0434\u0430\u043d\u043d\u044b\u0435 \u043f\u0440\u0430\u0432\u0438\u043b\u044c\u043d\u043e. \u041c\u044b \u0441\u0432\u044f\u0436\u0435\u043c\u0441\u044f \u0441 \u0412\u0430\u043c\u0438 \u043a\u0430\u043a \u043c\u043e\u0436\u043d\u043e \u0441\u043a\u043e\u0440\u0435\u0435. \u0412\u0435\u0440\u043d\u0443\u0442\u044c\u0441\u044f \u043a \u043d\u0430\u0447\u0430\u043b\u0443\u0411\u0438\u043b\u0435\u0442\u044b \u043d\u0430 \u043a\u043e\u0440\u0440\u0438\u0434\u0443","protected":false},"author":4,"featured_media":0,"parent":0,"menu_order":0,"comment_status":"closed","ping_status":"closed","template":"","meta":{"footnotes":""},"class_list":["post-39213","page","type-page","status-publish","hentry"],"yoast_head":"<!-- This site is optimized with the Yoast SEO plugin v27.5 - https:\/\/yoast.com\/product\/yoast-seo-wordpress\/ -->\n<title>\u0421\u043f\u0430\u0441\u0438\u0431\u043e - Plaza de Toros La Malagueta<\/title>\n<meta name=\"robots\" content=\"noindex, follow\" \/>\n<meta property=\"og:locale\" content=\"ru_RU\" \/>\n<meta property=\"og:type\" content=\"article\" \/>\n<meta property=\"og:title\" content=\"\u0421\u043f\u0430\u0441\u0438\u0431\u043e - Plaza de Toros La Malagueta\" \/>\n<meta property=\"og:url\" content=\"https:\/\/plazadetoroslamalagueta.com\/ru\/%d1%81%d0%bf%d0%b0%d1%81%d0%b8%d0%b1%d0%be\/\" \/>\n<meta property=\"og:site_name\" content=\"Plaza de Toros La Malagueta\" \/>\n<meta property=\"article:modified_time\" content=\"2026-04-20T12:32:08+00:00\" \/>\n<meta property=\"og:image\" content=\"https:\/\/plazadetoroslamalagueta.com\/wp-content\/uploads\/2023\/03\/Diseno-sin-titulo.jpeg\" \/>\n\t<meta property=\"og:image:width\" content=\"1200\" \/>\n\t<meta property=\"og:image:height\" content=\"675\" \/>\n\t<meta property=\"og:image:type\" content=\"image\/jpeg\" \/>\n<meta name=\"twitter:card\" content=\"summary_large_image\" \/>\n<script type=\"application\/ld+json\" class=\"yoast-schema-graph\">{\"@context\":\"https:\\\/\\\/schema.org\",\"@graph\":[{\"@type\":\"WebPage\",\"@id\":\"https:\\\/\\\/plazadetoroslamalagueta.com\\\/ru\\\/%d1%81%d0%bf%d0%b0%d1%81%d0%b8%d0%b1%d0%be\\\/\",\"url\":\"https:\\\/\\\/plazadetoroslamalagueta.com\\\/ru\\\/%d1%81%d0%bf%d0%b0%d1%81%d0%b8%d0%b1%d0%be\\\/\",\"name\":\"\u0421\u043f\u0430\u0441\u0438\u0431\u043e - Plaza de Toros La Malagueta\",\"isPartOf\":{\"@id\":\"https:\\\/\\\/plazadetoroslamalagueta.com\\\/ru\\\/#website\"},\"datePublished\":\"2024-12-04T14:39:48+00:00\",\"dateModified\":\"2026-04-20T12:32:08+00:00\",\"breadcrumb\":{\"@id\":\"https:\\\/\\\/plazadetoroslamalagueta.com\\\/ru\\\/%d1%81%d0%bf%d0%b0%d1%81%d0%b8%d0%b1%d0%be\\\/#breadcrumb\"},\"inLanguage\":\"ru-RU\",\"potentialAction\":[{\"@type\":\"ReadAction\",\"target\":[\"https:\\\/\\\/plazadetoroslamalagueta.com\\\/ru\\\/%d1%81%d0%bf%d0%b0%d1%81%d0%b8%d0%b1%d0%be\\\/\"]}]},{\"@type\":\"BreadcrumbList\",\"@id\":\"https:\\\/\\\/plazadetoroslamalagueta.com\\\/ru\\\/%d1%81%d0%bf%d0%b0%d1%81%d0%b8%d0%b1%d0%be\\\/#breadcrumb\",\"itemListElement\":[{\"@type\":\"ListItem\",\"position\":1,\"name\":\"Inicio\",\"item\":\"https:\\\/\\\/plazadetoroslamalagueta.com\\\/ru\\\/\"},{\"@type\":\"ListItem\",\"position\":2,\"name\":\"\u0421\u043f\u0430\u0441\u0438\u0431\u043e\"}]},{\"@type\":\"WebSite\",\"@id\":\"https:\\\/\\\/plazadetoroslamalagueta.com\\\/ru\\\/#website\",\"url\":\"https:\\\/\\\/plazadetoroslamalagueta.com\\\/ru\\\/\",\"name\":\"Plaza de Toros de la Malagueta\",\"description\":\"La Plaza de Toros de M\u00e1laga, de nombre La Malagueta, es un edificio reconocido Bien de Inter\u00e9s Cultural, que ofrece visitas tur\u00edsticas y corridas de toros y otros tipos de espect\u00e1culo durante todo el a\u00f1o.\",\"publisher\":{\"@id\":\"https:\\\/\\\/plazadetoroslamalagueta.com\\\/ru\\\/#organization\"},\"alternateName\":\"Plaza de Toros M\u00e1laga\",\"potentialAction\":[{\"@type\":\"SearchAction\",\"target\":{\"@type\":\"EntryPoint\",\"urlTemplate\":\"https:\\\/\\\/plazadetoroslamalagueta.com\\\/ru\\\/?s={search_term_string}\"},\"query-input\":{\"@type\":\"PropertyValueSpecification\",\"valueRequired\":true,\"valueName\":\"search_term_string\"}}],\"inLanguage\":\"ru-RU\"},{\"@type\":\"Organization\",\"@id\":\"https:\\\/\\\/plazadetoroslamalagueta.com\\\/ru\\\/#organization\",\"name\":\"Plaza de Toros la Malagueta\",\"url\":\"https:\\\/\\\/plazadetoroslamalagueta.com\\\/ru\\\/\",\"logo\":{\"@type\":\"ImageObject\",\"inLanguage\":\"ru-RU\",\"@id\":\"https:\\\/\\\/plazadetoroslamalagueta.com\\\/ru\\\/#\\\/schema\\\/logo\\\/image\\\/\",\"url\":\"https:\\\/\\\/plazadetoroslamalagueta.com\\\/wp-content\\\/uploads\\\/2024\\\/02\\\/Logo-plaza-toros.webp\",\"contentUrl\":\"https:\\\/\\\/plazadetoroslamalagueta.com\\\/wp-content\\\/uploads\\\/2024\\\/02\\\/Logo-plaza-toros.webp\",\"width\":100,\"height\":100,\"caption\":\"Plaza de Toros la Malagueta\"},\"image\":{\"@id\":\"https:\\\/\\\/plazadetoroslamalagueta.com\\\/ru\\\/#\\\/schema\\\/logo\\\/image\\\/\"}}]}<\/script>\n<!-- \/ Yoast SEO plugin. -->","yoast_head_json":{"title":"\u0421\u043f\u0430\u0441\u0438\u0431\u043e - Plaza de Toros La Malagueta","robots":{"index":"noindex","follow":"follow"},"og_locale":"ru_RU","og_type":"article","og_title":"\u0421\u043f\u0430\u0441\u0438\u0431\u043e - Plaza de Toros La Malagueta","og_url":"https:\/\/plazadetoroslamalagueta.com\/ru\/%d1%81%d0%bf%d0%b0%d1%81%d0%b8%d0%b1%d0%be\/","og_site_name":"Plaza de Toros La Malagueta","article_modified_time":"2026-04-20T12:32:08+00:00","og_image":[{"width":1200,"height":675,"url":"https:\/\/plazadetoroslamalagueta.com\/wp-content\/uploads\/2023\/03\/Diseno-sin-titulo.jpeg","type":"image\/jpeg"}],"twitter_card":"summary_large_image","schema":{"@context":"https:\/\/schema.org","@graph":[{"@type":"WebPage","@id":"https:\/\/plazadetoroslamalagueta.com\/ru\/%d1%81%d0%bf%d0%b0%d1%81%d0%b8%d0%b1%d0%be\/","url":"https:\/\/plazadetoroslamalagueta.com\/ru\/%d1%81%d0%bf%d0%b0%d1%81%d0%b8%d0%b1%d0%be\/","name":"\u0421\u043f\u0430\u0441\u0438\u0431\u043e - Plaza de Toros La Malagueta","isPartOf":{"@id":"https:\/\/plazadetoroslamalagueta.com\/ru\/#website"},"datePublished":"2024-12-04T14:39:48+00:00","dateModified":"2026-04-20T12:32:08+00:00","breadcrumb":{"@id":"https:\/\/plazadetoroslamalagueta.com\/ru\/%d1%81%d0%bf%d0%b0%d1%81%d0%b8%d0%b1%d0%be\/#breadcrumb"},"inLanguage":"ru-RU","potentialAction":[{"@type":"ReadAction","target":["https:\/\/plazadetoroslamalagueta.com\/ru\/%d1%81%d0%bf%d0%b0%d1%81%d0%b8%d0%b1%d0%be\/"]}]},{"@type":"BreadcrumbList","@id":"https:\/\/plazadetoroslamalagueta.com\/ru\/%d1%81%d0%bf%d0%b0%d1%81%d0%b8%d0%b1%d0%be\/#breadcrumb","itemListElement":[{"@type":"ListItem","position":1,"name":"Inicio","item":"https:\/\/plazadetoroslamalagueta.com\/ru\/"},{"@type":"ListItem","position":2,"name":"\u0421\u043f\u0430\u0441\u0438\u0431\u043e"}]},{"@type":"WebSite","@id":"https:\/\/plazadetoroslamalagueta.com\/ru\/#website","url":"https:\/\/plazadetoroslamalagueta.com\/ru\/","name":"Plaza de Toros de la Malagueta","description":"La Plaza de Toros de M\u00e1laga, de nombre La Malagueta, es un edificio reconocido Bien de Inter\u00e9s Cultural, que ofrece visitas tur\u00edsticas y corridas de toros y otros tipos de espect\u00e1culo durante todo el a\u00f1o.","publisher":{"@id":"https:\/\/plazadetoroslamalagueta.com\/ru\/#organization"},"alternateName":"Plaza de Toros M\u00e1laga","potentialAction":[{"@type":"SearchAction","target":{"@type":"EntryPoint","urlTemplate":"https:\/\/plazadetoroslamalagueta.com\/ru\/?s={search_term_string}"},"query-input":{"@type":"PropertyValueSpecification","valueRequired":true,"valueName":"search_term_string"}}],"inLanguage":"ru-RU"},{"@type":"Organization","@id":"https:\/\/plazadetoroslamalagueta.com\/ru\/#organization","name":"Plaza de Toros la Malagueta","url":"https:\/\/plazadetoroslamalagueta.com\/ru\/","logo":{"@type":"ImageObject","inLanguage":"ru-RU","@id":"https:\/\/plazadetoroslamalagueta.com\/ru\/#\/schema\/logo\/image\/","url":"https:\/\/plazadetoroslamalagueta.com\/wp-content\/uploads\/2024\/02\/Logo-plaza-toros.webp","contentUrl":"https:\/\/plazadetoroslamalagueta.com\/wp-content\/uploads\/2024\/02\/Logo-plaza-toros.webp","width":100,"height":100,"caption":"Plaza de Toros la Malagueta"},"image":{"@id":"https:\/\/plazadetoroslamalagueta.com\/ru\/#\/schema\/logo\/image\/"}}]}},"_links":{"self":[{"href":"https:\/\/plazadetoroslamalagueta.com\/ru\/wp-json\/wp\/v2\/pages\/39213","targetHints":{"allow":["GET"]}}],"collection":[{"href":"https:\/\/plazadetoroslamalagueta.com\/ru\/wp-json\/wp\/v2\/pages"}],"about":[{"href":"https:\/\/plazadetoroslamalagueta.com\/ru\/wp-json\/wp\/v2\/types\/page"}],"author":[{"embeddable":true,"href":"https:\/\/plazadetoroslamalagueta.com\/ru\/wp-json\/wp\/v2\/users\/4"}],"replies":[{"embeddable":true,"href":"https:\/\/plazadetoroslamalagueta.com\/ru\/wp-json\/wp\/v2\/comments?post=39213"}],"version-history":[{"count":2,"href":"https:\/\/plazadetoroslamalagueta.com\/ru\/wp-json\/wp\/v2\/pages\/39213\/revisions"}],"predecessor-version":[{"id":39218,"href":"https:\/\/plazadetoroslamalagueta.com\/ru\/wp-json\/wp\/v2\/pages\/39213\/revisions\/39218"}],"wp:attachment":[{"href":"https:\/\/plazadetoroslamalagueta.com\/ru\/wp-json\/wp\/v2\/media?parent=39213"}],"curies":[{"name":"wp","href":"https:\/\/api.w.org\/{rel}","templated":true}]}}