{"id":35723,"date":"2024-09-20T16:29:33","date_gmt":"2024-09-20T14:29:33","guid":{"rendered":"https:\/\/plazadetoroslamalagueta.com\/bullring-tour\/"},"modified":"2026-02-16T12:42:43","modified_gmt":"2026-02-16T11:42:43","slug":"bullring-tour","status":"publish","type":"page","link":"https:\/\/plazadetoroslamalagueta.com\/pl\/bullring-tour\/","title":{"rendered":"Bullring Tour"},"content":{"rendered":"<section class=\"l-section wpb_row height_huge color_secondary with_img parallax_ver\"><div class=\"l-section-img\" role=\"img\" aria-label=\"Obrazek\" data-img-width=\"1680\" data-img-height=\"840\" style=\"background-image: url(https:\/\/plazadetoroslamalagueta.com\/wp-content\/uploads\/2024\/09\/Tour-plaza-toros-malaga.webp);\"><\/div><div class=\"l-section-overlay\" style=\"background:linear-gradient(90deg,#000,rgba(0,0,0,0.00))\"><\/div><div class=\"l-section-h i-cf\"><div class=\"g-cols vc_row via_grid cols_1 laptops-cols_inherit tablets-cols_1 mobiles-cols_1 valign_top type_default reversed stacking_default\" style=\"--columns-gap:0rem;\"><div class=\"wpb_column vc_column_container us_custom_fd43344c\"><div class=\"vc_column-inner\"><div class=\"w-text us_custom_3bd44eb5 has_text_color no_text\"><span class=\"w-text-h\"><span class=\"w-text-value\"><\/span><\/span><\/div><h1 class=\"w-text\"><span class=\"w-text-h\"><span class=\"w-text-value\">Wycieczka po arenie walk byk\u00f3w w Maladze + wci\u0105gaj\u0105ce muzeum walk byk\u00f3w<\/span><\/span><\/h1><div class=\"w-separator size_small\"><\/div><div class=\"w-separator size_small\"><\/div><div class=\"w-btn-wrapper align_none\"><a class=\"w-btn us-btn-style_1\" target=\"_blank\" href=\"https:\/\/lamalaguetatour.com\/\"><span class=\"w-btn-label\">Zarezerwuj wizyt\u0119<\/span><\/a><\/div><\/div><\/div><\/div><\/div><\/section><section class=\"l-section wpb_row height_medium\"><div class=\"l-section-h i-cf\"><div class=\"g-cols vc_row via_grid cols_3-2 laptops-cols_2 tablets-cols_inherit mobiles-cols_1 valign_middle type_default reversed stacking_default\" style=\"--columns-gap:5%;\"><div class=\"wpb_column vc_column_container\"><div class=\"vc_column-inner\"><div class=\"w-image align_none\"><div class=\"w-image-h\"><img decoding=\"async\" width=\"1024\" height=\"682\" src=\"https:\/\/plazadetoroslamalagueta.com\/wp-content\/uploads\/2023\/10\/andanadas-plaza-de-toros-1024x682.webp\" class=\"attachment-large size-large\" alt=\"ruedo y gradas de la plaza de toros\" loading=\"lazy\" srcset=\"https:\/\/plazadetoroslamalagueta.com\/wp-content\/uploads\/2023\/10\/andanadas-plaza-de-toros-1024x682.webp 1024w, https:\/\/plazadetoroslamalagueta.com\/wp-content\/uploads\/2023\/10\/andanadas-plaza-de-toros-300x200.webp 300w, https:\/\/plazadetoroslamalagueta.com\/wp-content\/uploads\/2023\/10\/andanadas-plaza-de-toros.webp 1100w\" sizes=\"auto, (max-width: 1024px) 100vw, 1024px\" \/><\/div><\/div><\/div><\/div><div class=\"wpb_column vc_column_container\"><div class=\"vc_column-inner\"><div class=\"wpb_text_column\"><div class=\"wpb_wrapper\"><h2>Odwied\u017a ka\u017cdy zak\u0105tek areny walk byk\u00f3w<\/h2>\n<p>Podczas zwiedzania odwiedzaj\u0105cy b\u0119d\u0105 mogli przej\u015b\u0107 przez ca\u0142\u0105 aren\u0119 walk byk\u00f3w Malagueta, od g\u0142\u00f3wnej bramy, do areny walk byk\u00f3w, przez tendidos lub callej\u00f3n, ambulatorium, a nawet toriles, ko\u0144cz\u0105c na sta\u0142ej wystawie immersyjnej.<\/p>\n<p>Zwiedzanie mo\u017ce odbywa\u0107 si\u0119 indywidualnie z audioprzewodnikami dost\u0119pnymi w kilku j\u0119zykach lub w prywatnych grupach w towarzystwie przewodnika.<\/p>\n<\/div><\/div><div class=\"w-btn-wrapper align_none\"><a class=\"w-btn us-btn-style_1\" target=\"_blank\" href=\"https:\/\/tickets.lamalaguetatour.com\/\"><span class=\"w-btn-label\">Wi\u0119cej informacji i rezerwacje<\/span><\/a><\/div><\/div><\/div><\/div><\/div><\/section><section class=\"l-section wpb_row height_medium\"><div class=\"l-section-h i-cf\"><div class=\"g-cols vc_row via_grid cols_2-3 laptops-cols_2 tablets-cols_inherit mobiles-cols_1 valign_middle type_default stacking_default\" style=\"--columns-gap:5%;\"><div class=\"wpb_column vc_column_container\"><div class=\"vc_column-inner\"><div class=\"wpb_text_column\"><div class=\"wpb_wrapper\"><h2>unikalne na skal\u0119 \u015bwiatow\u0105 muzeum walk byk\u00f3w<\/h2>\n<p>Immersive Experience Centre of Bullfighting w arenie walk byk\u00f3w w Maladze sk\u0142ada si\u0119 z 6 pomieszcze\u0144, kt\u00f3re pozwalaj\u0105 odwiedzaj\u0105cym dowiedzie\u0107 si\u0119 o pocz\u0105tkach walk byk\u00f3w na \u015bwiecie i w Maladze, odkry\u0107 dzie\u0142a mi\u0119dzynarodowych artyst\u00f3w z Malagi, dehesa i krainy walk byk\u00f3w, a tak\u017ce dobrze si\u0119 bawi\u0107 dzi\u0119ki r\u00f3\u017cnego rodzaju grom i cyfrowym do\u015bwiadczeniom.<\/p>\n<p>Bez w\u0105tpienia jest to najbardziej zaawansowane technologicznie muzeum walk byk\u00f3w na \u015bwiecie.<\/p>\n<\/div><\/div><div class=\"w-btn-wrapper align_none\"><a class=\"w-btn us-btn-style_1\" target=\"_blank\" href=\"https:\/\/lamalaguetatour.com\/visitas-individuales\/\"><span class=\"w-btn-label\">Wi\u0119cej informacji i rezerwacje<\/span><\/a><\/div><\/div><\/div><div class=\"wpb_column vc_column_container\"><div class=\"vc_column-inner\"><div class=\"w-image align_none\"><div class=\"w-image-h\"><img decoding=\"async\" width=\"1024\" height=\"752\" src=\"https:\/\/plazadetoroslamalagueta.com\/wp-content\/uploads\/2025\/07\/Captura-de-pantalla-2025-07-03-a-las-10.36.13-1024x752.png\" class=\"attachment-large size-large\" alt=\"\" loading=\"lazy\" srcset=\"https:\/\/plazadetoroslamalagueta.com\/wp-content\/uploads\/2025\/07\/Captura-de-pantalla-2025-07-03-a-las-10.36.13-1024x752.png 1024w, https:\/\/plazadetoroslamalagueta.com\/wp-content\/uploads\/2025\/07\/Captura-de-pantalla-2025-07-03-a-las-10.36.13-300x220.png 300w, https:\/\/plazadetoroslamalagueta.com\/wp-content\/uploads\/2025\/07\/Captura-de-pantalla-2025-07-03-a-las-10.36.13.png 1740w\" sizes=\"auto, (max-width: 1024px) 100vw, 1024px\" \/><\/div><\/div><\/div><\/div><\/div><\/div><\/section><section class=\"l-section wpb_row height_medium\" id=\"contacto\"><div class=\"l-section-h i-cf\"><div class=\"g-cols vc_row via_grid cols_1 laptops-cols_inherit tablets-cols_inherit mobiles-cols_1 valign_top type_default stacking_default\"><div class=\"wpb_column vc_column_container\"><div class=\"vc_column-inner\"><div class=\"wpb_text_column\"><div class=\"wpb_wrapper\"><h2 style=\"text-align: center;\">Rezerwacje dla agencji turystycznych<\/h2>\n<p style=\"text-align: center;\">Je\u015bli jeste\u015b agencj\u0105, organizatorem wycieczek lub przewodnikiem i chcia\u0142by\u015b zorganizowa\u0107 wycieczk\u0119 po arenie walk byk\u00f3w w Maladze ze swoimi klientami, zarejestruj si\u0119 na naszej platformie rezerwacyjnej, a my skontaktujemy si\u0119 z Tob\u0105, aby przes\u0142a\u0107 Ci informacje o wycieczce i specjalnych warunkach.<\/p>\n<\/div><\/div><div class=\"w-separator size_medium\"><\/div><div class=\"w-btn-wrapper align_none\"><a class=\"w-btn us-btn-style_1\" target=\"_blank\" href=\"https:\/\/lamalaguetatour.com\/profesionales-y-agencias\/\"><span class=\"w-btn-label\">Wi\u0119cej informacji dla agencji<\/span><\/a><\/div><\/div><\/div><\/div><\/div><\/section>\n","protected":false},"excerpt":{"rendered":"Wycieczka po arenie walk byk\u00f3w w Maladze + wci\u0105gaj\u0105ce muzeum walk byk\u00f3wZarezerwuj wizyt\u0119Odwied\u017a ka\u017cdy zak\u0105tek areny walk byk\u00f3w Podczas zwiedzania odwiedzaj\u0105cy b\u0119d\u0105 mogli przej\u015b\u0107 przez ca\u0142\u0105 aren\u0119 walk byk\u00f3w Malagueta, od g\u0142\u00f3wnej bramy, do areny walk byk\u00f3w, przez tendidos lub callej\u00f3n, ambulatorium, a nawet toriles, ko\u0144cz\u0105c na sta\u0142ej wystawie immersyjnej. Zwiedzanie mo\u017ce odbywa\u0107 si\u0119 indywidualnie...","protected":false},"author":4,"featured_media":0,"parent":0,"menu_order":0,"comment_status":"closed","ping_status":"closed","template":"","meta":{"footnotes":""},"class_list":["post-35723","page","type-page","status-publish","hentry"],"yoast_head":"<!-- This site is optimized with the Yoast SEO plugin v27.4 - https:\/\/yoast.com\/product\/yoast-seo-wordpress\/ -->\n<title>Bullring Tour Malaga | Ceny i dost\u0119p<\/title>\n<meta name=\"description\" content=\"Rezerwacje na wycieczk\u0119 po arenie walk byk\u00f3w w Maladze. Rezerwacje dla os\u00f3b prywatnych i agencji turystycznych [Plaza Toros Malagueta].\" \/>\n<meta name=\"robots\" content=\"index, follow, max-snippet:-1, max-image-preview:large, max-video-preview:-1\" \/>\n<link rel=\"canonical\" href=\"https:\/\/plazadetoroslamalagueta.com\/pl\/bullring-tour\/\" \/>\n<meta property=\"og:locale\" content=\"pl_PL\" \/>\n<meta property=\"og:type\" content=\"article\" \/>\n<meta property=\"og:title\" content=\"Bullring Tour Malaga | Ceny i dost\u0119p\" \/>\n<meta property=\"og:description\" content=\"Rezerwacje na wycieczk\u0119 po arenie walk byk\u00f3w w Maladze. Rezerwacje dla os\u00f3b prywatnych i agencji turystycznych [Plaza Toros Malagueta].\" \/>\n<meta property=\"og:url\" content=\"https:\/\/plazadetoroslamalagueta.com\/pl\/bullring-tour\/\" \/>\n<meta property=\"og:site_name\" content=\"Plaza de Toros La Malagueta\" \/>\n<meta property=\"article:modified_time\" content=\"2026-02-16T11:42:43+00:00\" \/>\n<meta property=\"og:image\" content=\"https:\/\/plazadetoroslamalagueta.com\/wp-content\/uploads\/2023\/03\/Diseno-sin-titulo.jpeg\" \/>\n\t<meta property=\"og:image:width\" content=\"1200\" \/>\n\t<meta property=\"og:image:height\" content=\"675\" \/>\n\t<meta property=\"og:image:type\" content=\"image\/jpeg\" \/>\n<meta name=\"twitter:card\" content=\"summary_large_image\" \/>\n<meta name=\"twitter:label1\" content=\"Szacowany czas czytania\" \/>\n\t<meta name=\"twitter:data1\" content=\"3 minuty\" \/>\n<script type=\"application\/ld+json\" class=\"yoast-schema-graph\">{\"@context\":\"https:\\\/\\\/schema.org\",\"@graph\":[{\"@type\":\"WebPage\",\"@id\":\"https:\\\/\\\/plazadetoroslamalagueta.com\\\/pl\\\/bullring-tour\\\/\",\"url\":\"https:\\\/\\\/plazadetoroslamalagueta.com\\\/pl\\\/bullring-tour\\\/\",\"name\":\"Bullring Tour Malaga | Ceny i dost\u0119p\",\"isPartOf\":{\"@id\":\"https:\\\/\\\/plazadetoroslamalagueta.com\\\/pl\\\/#website\"},\"datePublished\":\"2024-09-20T14:29:33+00:00\",\"dateModified\":\"2026-02-16T11:42:43+00:00\",\"description\":\"Rezerwacje na wycieczk\u0119 po arenie walk byk\u00f3w w Maladze. Rezerwacje dla os\u00f3b prywatnych i agencji turystycznych [Plaza Toros Malagueta].\",\"breadcrumb\":{\"@id\":\"https:\\\/\\\/plazadetoroslamalagueta.com\\\/pl\\\/bullring-tour\\\/#breadcrumb\"},\"inLanguage\":\"pl-PL\",\"potentialAction\":[{\"@type\":\"ReadAction\",\"target\":[\"https:\\\/\\\/plazadetoroslamalagueta.com\\\/pl\\\/bullring-tour\\\/\"]}]},{\"@type\":\"BreadcrumbList\",\"@id\":\"https:\\\/\\\/plazadetoroslamalagueta.com\\\/pl\\\/bullring-tour\\\/#breadcrumb\",\"itemListElement\":[{\"@type\":\"ListItem\",\"position\":1,\"name\":\"Strona g\u0142\u00f3wna\",\"item\":\"https:\\\/\\\/plazadetoroslamalagueta.com\\\/pl\\\/\"},{\"@type\":\"ListItem\",\"position\":2,\"name\":\"Bullring Tour\"}]},{\"@type\":\"WebSite\",\"@id\":\"https:\\\/\\\/plazadetoroslamalagueta.com\\\/pl\\\/#website\",\"url\":\"https:\\\/\\\/plazadetoroslamalagueta.com\\\/pl\\\/\",\"name\":\"Plaza de Toros de la Malagueta\",\"description\":\"La Plaza de Toros de M\u00e1laga, de nombre La Malagueta, es un edificio reconocido Bien de Inter\u00e9s Cultural, que ofrece visitas tur\u00edsticas y corridas de toros y otros tipos de espect\u00e1culo durante todo el a\u00f1o.\",\"publisher\":{\"@id\":\"https:\\\/\\\/plazadetoroslamalagueta.com\\\/pl\\\/#organization\"},\"alternateName\":\"Plaza de Toros M\u00e1laga\",\"potentialAction\":[{\"@type\":\"SearchAction\",\"target\":{\"@type\":\"EntryPoint\",\"urlTemplate\":\"https:\\\/\\\/plazadetoroslamalagueta.com\\\/pl\\\/?s={search_term_string}\"},\"query-input\":{\"@type\":\"PropertyValueSpecification\",\"valueRequired\":true,\"valueName\":\"search_term_string\"}}],\"inLanguage\":\"pl-PL\"},{\"@type\":\"Organization\",\"@id\":\"https:\\\/\\\/plazadetoroslamalagueta.com\\\/pl\\\/#organization\",\"name\":\"Plaza de Toros la Malagueta\",\"url\":\"https:\\\/\\\/plazadetoroslamalagueta.com\\\/pl\\\/\",\"logo\":{\"@type\":\"ImageObject\",\"inLanguage\":\"pl-PL\",\"@id\":\"https:\\\/\\\/plazadetoroslamalagueta.com\\\/pl\\\/#\\\/schema\\\/logo\\\/image\\\/\",\"url\":\"https:\\\/\\\/plazadetoroslamalagueta.com\\\/wp-content\\\/uploads\\\/2024\\\/02\\\/Logo-plaza-toros.webp\",\"contentUrl\":\"https:\\\/\\\/plazadetoroslamalagueta.com\\\/wp-content\\\/uploads\\\/2024\\\/02\\\/Logo-plaza-toros.webp\",\"width\":100,\"height\":100,\"caption\":\"Plaza de Toros la Malagueta\"},\"image\":{\"@id\":\"https:\\\/\\\/plazadetoroslamalagueta.com\\\/pl\\\/#\\\/schema\\\/logo\\\/image\\\/\"}}]}<\/script>\n<!-- \/ Yoast SEO plugin. -->","yoast_head_json":{"title":"Bullring Tour Malaga | Ceny i dost\u0119p","description":"Rezerwacje na wycieczk\u0119 po arenie walk byk\u00f3w w Maladze. Rezerwacje dla os\u00f3b prywatnych i agencji turystycznych [Plaza Toros Malagueta].","robots":{"index":"index","follow":"follow","max-snippet":"max-snippet:-1","max-image-preview":"max-image-preview:large","max-video-preview":"max-video-preview:-1"},"canonical":"https:\/\/plazadetoroslamalagueta.com\/pl\/bullring-tour\/","og_locale":"pl_PL","og_type":"article","og_title":"Bullring Tour Malaga | Ceny i dost\u0119p","og_description":"Rezerwacje na wycieczk\u0119 po arenie walk byk\u00f3w w Maladze. Rezerwacje dla os\u00f3b prywatnych i agencji turystycznych [Plaza Toros Malagueta].","og_url":"https:\/\/plazadetoroslamalagueta.com\/pl\/bullring-tour\/","og_site_name":"Plaza de Toros La Malagueta","article_modified_time":"2026-02-16T11:42:43+00:00","og_image":[{"width":1200,"height":675,"url":"https:\/\/plazadetoroslamalagueta.com\/wp-content\/uploads\/2023\/03\/Diseno-sin-titulo.jpeg","type":"image\/jpeg"}],"twitter_card":"summary_large_image","twitter_misc":{"Szacowany czas czytania":"3 minuty"},"schema":{"@context":"https:\/\/schema.org","@graph":[{"@type":"WebPage","@id":"https:\/\/plazadetoroslamalagueta.com\/pl\/bullring-tour\/","url":"https:\/\/plazadetoroslamalagueta.com\/pl\/bullring-tour\/","name":"Bullring Tour Malaga | Ceny i dost\u0119p","isPartOf":{"@id":"https:\/\/plazadetoroslamalagueta.com\/pl\/#website"},"datePublished":"2024-09-20T14:29:33+00:00","dateModified":"2026-02-16T11:42:43+00:00","description":"Rezerwacje na wycieczk\u0119 po arenie walk byk\u00f3w w Maladze. Rezerwacje dla os\u00f3b prywatnych i agencji turystycznych [Plaza Toros Malagueta].","breadcrumb":{"@id":"https:\/\/plazadetoroslamalagueta.com\/pl\/bullring-tour\/#breadcrumb"},"inLanguage":"pl-PL","potentialAction":[{"@type":"ReadAction","target":["https:\/\/plazadetoroslamalagueta.com\/pl\/bullring-tour\/"]}]},{"@type":"BreadcrumbList","@id":"https:\/\/plazadetoroslamalagueta.com\/pl\/bullring-tour\/#breadcrumb","itemListElement":[{"@type":"ListItem","position":1,"name":"Strona g\u0142\u00f3wna","item":"https:\/\/plazadetoroslamalagueta.com\/pl\/"},{"@type":"ListItem","position":2,"name":"Bullring Tour"}]},{"@type":"WebSite","@id":"https:\/\/plazadetoroslamalagueta.com\/pl\/#website","url":"https:\/\/plazadetoroslamalagueta.com\/pl\/","name":"Plaza de Toros de la Malagueta","description":"La Plaza de Toros de M\u00e1laga, de nombre La Malagueta, es un edificio reconocido Bien de Inter\u00e9s Cultural, que ofrece visitas tur\u00edsticas y corridas de toros y otros tipos de espect\u00e1culo durante todo el a\u00f1o.","publisher":{"@id":"https:\/\/plazadetoroslamalagueta.com\/pl\/#organization"},"alternateName":"Plaza de Toros M\u00e1laga","potentialAction":[{"@type":"SearchAction","target":{"@type":"EntryPoint","urlTemplate":"https:\/\/plazadetoroslamalagueta.com\/pl\/?s={search_term_string}"},"query-input":{"@type":"PropertyValueSpecification","valueRequired":true,"valueName":"search_term_string"}}],"inLanguage":"pl-PL"},{"@type":"Organization","@id":"https:\/\/plazadetoroslamalagueta.com\/pl\/#organization","name":"Plaza de Toros la Malagueta","url":"https:\/\/plazadetoroslamalagueta.com\/pl\/","logo":{"@type":"ImageObject","inLanguage":"pl-PL","@id":"https:\/\/plazadetoroslamalagueta.com\/pl\/#\/schema\/logo\/image\/","url":"https:\/\/plazadetoroslamalagueta.com\/wp-content\/uploads\/2024\/02\/Logo-plaza-toros.webp","contentUrl":"https:\/\/plazadetoroslamalagueta.com\/wp-content\/uploads\/2024\/02\/Logo-plaza-toros.webp","width":100,"height":100,"caption":"Plaza de Toros la Malagueta"},"image":{"@id":"https:\/\/plazadetoroslamalagueta.com\/pl\/#\/schema\/logo\/image\/"}}]}},"_links":{"self":[{"href":"https:\/\/plazadetoroslamalagueta.com\/pl\/wp-json\/wp\/v2\/pages\/35723","targetHints":{"allow":["GET"]}}],"collection":[{"href":"https:\/\/plazadetoroslamalagueta.com\/pl\/wp-json\/wp\/v2\/pages"}],"about":[{"href":"https:\/\/plazadetoroslamalagueta.com\/pl\/wp-json\/wp\/v2\/types\/page"}],"author":[{"embeddable":true,"href":"https:\/\/plazadetoroslamalagueta.com\/pl\/wp-json\/wp\/v2\/users\/4"}],"replies":[{"embeddable":true,"href":"https:\/\/plazadetoroslamalagueta.com\/pl\/wp-json\/wp\/v2\/comments?post=35723"}],"version-history":[{"count":2,"href":"https:\/\/plazadetoroslamalagueta.com\/pl\/wp-json\/wp\/v2\/pages\/35723\/revisions"}],"predecessor-version":[{"id":35773,"href":"https:\/\/plazadetoroslamalagueta.com\/pl\/wp-json\/wp\/v2\/pages\/35723\/revisions\/35773"}],"wp:attachment":[{"href":"https:\/\/plazadetoroslamalagueta.com\/pl\/wp-json\/wp\/v2\/media?parent=35723"}],"curies":[{"name":"wp","href":"https:\/\/api.w.org\/{rel}","templated":true}]}}