{"id":35673,"date":"2024-03-25T12:26:12","date_gmt":"2024-03-25T11:26:12","guid":{"rendered":"https:\/\/plazadetoroslamalagueta.com\/o-nas\/"},"modified":"2026-04-20T14:13:50","modified_gmt":"2026-04-20T12:13:50","slug":"o-nas","status":"publish","type":"page","link":"https:\/\/plazadetoroslamalagueta.com\/pl\/o-nas\/","title":{"rendered":"O nas"},"content":{"rendered":"<section class=\"l-section wpb_row height_medium\"><div class=\"l-section-h i-cf\"><div class=\"g-cols vc_row via_grid cols_2 laptops-cols_inherit tablets-cols_inherit mobiles-cols_1 valign_middle type_default stacking_default\" style=\"--columns-gap:4vw;\"><div class=\"wpb_column vc_column_container\"><div class=\"vc_column-inner\"><div class=\"w-image us_custom_3bc1f25b style_shadow-2 has_ratio align_none\"><div class=\"w-image-h\"><div style=\"padding-bottom:100%\"><\/div><div class=\"w-image-shadow\" style=\"background-image:url(https:\/\/plazadetoroslamalagueta.com\/wp-content\/uploads\/2024\/03\/Logo-1.jpg);\"><\/div><img decoding=\"async\" width=\"600\" height=\"600\" src=\"https:\/\/plazadetoroslamalagueta.com\/wp-content\/uploads\/2024\/03\/Logo-1.jpg\" class=\"attachment-large size-large\" alt=\"\" loading=\"lazy\" \/><\/div><\/div><\/div><\/div><div class=\"wpb_column vc_column_container\"><div class=\"vc_column-inner\"><div class=\"wpb_text_column\"><div class=\"wpb_wrapper\"><p><span style=\"color: #3366ff;\"><strong>Toroshopping<\/strong><\/span><\/p>\n<\/div><\/div><div class=\"w-separator size_small\"><\/div><div class=\"wpb_text_column us_custom_d98eb4eb\"><div class=\"wpb_wrapper\"><h1>Specjali\u015bci w \u015bwiecie walk byk\u00f3w<\/h1>\n<p>Toroshopping to firma zwi\u0105zana z aren\u0105 walk byk\u00f3w w Maladze w zakresie zarz\u0105dzania us\u0142ugami, takimi jak sprzeda\u017c bilet\u00f3w na pokazy walk byk\u00f3w. Nasza firma to jednak znacznie wi\u0119cej ni\u017c portal sprzeda\u017cy bilet\u00f3w. W tej sekcji mo\u017cesz dowiedzie\u0107 si\u0119 wi\u0119cej o nas i odkry\u0107 pe\u0142n\u0105 gam\u0119 naszych produkt\u00f3w i us\u0142ug.<\/p>\n<\/div><\/div><div class=\"w-separator size_medium\"><\/div><\/div><\/div><\/div><\/div><\/section><section class=\"l-section wpb_row height_medium\"><div class=\"l-section-h i-cf\"><div class=\"g-cols vc_row via_grid cols_3 laptops-cols_1 tablets-cols_inherit mobiles-cols_1 valign_top type_default stacking_default\"><div class=\"wpb_column vc_column_container\"><div class=\"vc_column-inner\"><div class=\"wpb_text_column us_custom_d98eb4eb\"><div class=\"wpb_wrapper\"><h2><strong>Inne tory wy\u015bcigowe do odwiedzenia<\/strong><\/h2>\n<\/div><\/div><\/div><\/div><div class=\"wpb_column vc_column_container\"><div class=\"vc_column-inner\"><div class=\"wpb_text_column us_custom_d98eb4eb\"><div class=\"wpb_wrapper\"><p>W Toroshopping <strong>staramy si\u0119 przybli\u017cy\u0107 \u015bwiat walk byk\u00f3w zar\u00f3wno tradycyjnej publiczno\u015bci i mi\u0142o\u015bnikom walk byk\u00f3w, jak i turystom zainteresowanym poznaniem tego wspania\u0142ego \u015bwiata.<\/strong> Aby to osi\u0105gn\u0105\u0107, oferujemy wizyty turystyczne w najlepszych torach walki byk\u00f3w w Hiszpanii, a tak\u017ce sprzeda\u017c bilet\u00f3w na najlepsze pokazy walk byk\u00f3w. Poni\u017cej znajduj\u0105 si\u0119 linki do naszych torreador\u00f3w:<\/p>\n<\/div><\/div><\/div><\/div><div class=\"wpb_column vc_column_container\"><div class=\"vc_column-inner\"><div class=\"wpb_text_column us_custom_d98eb4eb\"><div class=\"wpb_wrapper\"><h3>Nasze ringi:<\/h3>\n<ul>\n<li><a href=\"https:\/\/plazatorosalicante.com\/\">Alicante Bullring<\/a><\/li>\n<li><a href=\"https:\/\/plazadetoroscordoba.com\/\">Cordoba Bullring<\/a><\/li>\n<li><a href=\"https:\/\/plazadetorosdesantander.com\/\">Santander Bullring<\/a><\/li>\n<li><a href=\"https:\/\/plazatorosmarbella.com\/\">Bullring of Marbella<\/a><\/li>\n<li><a href=\"https:\/\/plazatorossevilla.com\/\">Seville Bullring<\/a><\/li>\n<li><a href=\"https:\/\/plazatorosmallorca.com\/\">Bullring of Mallorca<\/a><\/li>\n<li><a href=\"https:\/\/lasventastour.com\/es\/\">Wycieczka po madryckiej arenie walk byk\u00f3w<\/a><\/li>\n<\/ul>\n<\/div><\/div><\/div><\/div><\/div><\/div><\/section><section class=\"l-section wpb_row height_medium with_shape\"><div class=\"l-section-shape type_custom pos_bottom\" style=\"height:50%;color:var(--color-content-bg-alt)\"><svg xmlns=\"http:\/\/www.w3.org\/2000\/svg\" viewBox=\"0 0 64 8\" preserveAspectRatio=\"none\" width=\"100%\" height=\"100%\">\r\n\t<path fill=\"currentColor\" d=\"M64 8 L0 8 L0 0 L64 0 Z\"\/>\r\n<\/svg><\/div><div class=\"l-section-h i-cf\"><div class=\"g-cols vc_row via_grid cols_1 laptops-cols_inherit tablets-cols_inherit mobiles-cols_1 valign_top type_default stacking_default\"><div class=\"wpb_column vc_column_container\"><div class=\"vc_column-inner\"><div class=\"g-cols wpb_row us_custom_0039e63c via_grid cols_2 laptops-cols_inherit tablets-cols_1 mobiles-cols_1 valign_middle type_default\" style=\"--columns-gap:3rem;\"><div class=\"wpb_column vc_column_container\"><div class=\"vc_column-inner\"><h2 class=\"w-text us_custom_d3db7169\"><span class=\"w-text-h\"><span class=\"w-text-value\">Odkryj nasz sklep internetowy<\/span><\/span><\/h2><div class=\"wpb_text_column\"><div class=\"wpb_wrapper\"><p>W naszym sklepie znajdziesz wszelkiego rodzaju produkty zwi\u0105zane z walkami byk\u00f3w: zabawki, akcesoria i dodatki, ubrania, dekoracje itp. Zajrzyj i pochwal si\u0119 swoj\u0105 pasj\u0105 do walk byk\u00f3w.<\/p>\n<\/div><\/div><div class=\"w-btn-wrapper default_align_none laptops_align_none tablets_align_none mobiles_align_justify\"><a class=\"w-btn us-btn-style_1 us_custom_b4198c51 open-popup\" target=\"_blank\" href=\"https:\/\/www.toroshopping.com\/\"><span class=\"w-btn-label\">Odwied\u017a stron\u0119<\/span><\/a><\/div><\/div><\/div><div class=\"wpb_column vc_column_container hide_on_tablets hide_on_mobiles\"><div class=\"vc_column-inner\"><div class=\"w-image has_ratio align_none\"><div class=\"w-image-h\"><div style=\"padding-bottom:100%\"><\/div><img decoding=\"async\" width=\"1024\" height=\"1024\" src=\"https:\/\/plazadetoroslamalagueta.com\/wp-content\/uploads\/2024\/03\/Web-toroshopping-1024x1024.jpg\" class=\"attachment-large size-large\" alt=\"\" loading=\"lazy\" \/><\/div><\/div><\/div><\/div><\/div><\/div><\/div><\/div><\/div><\/section><section class=\"l-section wpb_row height_medium\"><div class=\"l-section-h i-cf\"><div class=\"g-cols vc_row via_grid cols_1 laptops-cols_inherit tablets-cols_inherit mobiles-cols_1 valign_top type_default stacking_default\"><div class=\"wpb_column vc_column_container\"><div class=\"vc_column-inner\"><div class=\"wpb_text_column us_custom_99dce4f6\"><div class=\"wpb_wrapper\"><h2 style=\"text-align: center;\">Inne niesamowite do\u015bwiadczenia<\/h2>\n<p style=\"text-align: center;\">Je\u015bli szukasz wra\u017ce\u0144 360\u00ba, zabierzemy Ci\u0119 do odkrycia \u015bwiata walk byk\u00f3w, jak nigdy dot\u0105d. Odwa\u017cysz si\u0119?<\/p>\n<\/div><\/div><div class=\"w-separator size_large\"><\/div><div class=\"g-cols wpb_row via_grid cols_3 laptops-cols_inherit tablets-cols_2 mobiles-cols_1 valign_top type_default\" style=\"--columns-gap:3rem;\"><div class=\"wpb_column vc_column_container\"><div class=\"vc_column-inner\"><h3 class=\"w-text us_custom_6eef5e16\"><span class=\"w-text-h\"><span class=\"w-text-value\">Gastronomia<\/span><\/span><\/h3><div class=\"w-separator size_small\"><\/div><div class=\"w-image has_ratio align_none\"><div class=\"w-image-h\"><div style=\"padding-bottom:66.6667%\"><\/div><img decoding=\"async\" width=\"500\" height=\"333\" src=\"https:\/\/plazadetoroslamalagueta.com\/wp-content\/uploads\/2024\/03\/gastronomia-taurina-1.jpg\" class=\"attachment-large size-large\" alt=\"\" loading=\"lazy\" \/><\/div><\/div><div class=\"w-separator size_small\"><\/div><div class=\"wpb_text_column\"><div class=\"wpb_wrapper\"><p>Zabierzemy Ci\u0119 do jednych z najlepszych bar\u00f3w i restauracji, w kt\u00f3rych mo\u017cesz odkry\u0107 gastronomi\u0119 zwi\u0105zan\u0105 z walkami byk\u00f3w i jej najlepsze dania.<\/p>\n<\/div><\/div><\/div><\/div><div class=\"wpb_column vc_column_container\"><div class=\"vc_column-inner\"><h3 class=\"w-text us_custom_6eef5e16\"><span class=\"w-text-h\"><span class=\"w-text-value\">Po\u0142\u0105czone do\u015bwiadczenia<\/span><\/span><\/h3><div class=\"w-separator size_small\"><\/div><div class=\"w-image has_ratio align_none\"><div class=\"w-image-h\"><div style=\"padding-bottom:66.6667%\"><\/div><img decoding=\"async\" width=\"707\" height=\"470\" src=\"https:\/\/plazadetoroslamalagueta.com\/wp-content\/uploads\/2024\/03\/demo-toreo-desalon.jpg\" class=\"attachment-large size-large\" alt=\"\" loading=\"lazy\" \/><\/div><\/div><div class=\"w-separator size_small\"><\/div><div class=\"wpb_text_column\"><div class=\"wpb_wrapper\"><p>Na tych placach, na kt\u00f3rych oferujemy wycieczki, oferujemy mo\u017cliwo\u015b\u0107 po\u0142\u0105czenia zwiedzania placu z innym zabytkiem miasta.<\/p>\n<\/div><\/div><\/div><\/div><div class=\"wpb_column vc_column_container\"><div class=\"vc_column-inner\"><h3 class=\"w-text us_custom_6eef5e16\"><span class=\"w-text-h\"><span class=\"w-text-value\">Wizyty w gospodarstwach hodowlanych<\/span><\/span><\/h3><div class=\"w-separator size_small\"><\/div><div class=\"w-image has_ratio align_none\"><div class=\"w-image-h\"><div style=\"padding-bottom:66.6667%\"><\/div><img decoding=\"async\" width=\"500\" height=\"375\" src=\"https:\/\/plazadetoroslamalagueta.com\/wp-content\/uploads\/2024\/03\/visitas-a-ganaderias.jpg\" class=\"attachment-large size-large\" alt=\"\" loading=\"lazy\" \/><\/div><\/div><div class=\"w-separator size_small\"><\/div><div class=\"wpb_text_column\"><div class=\"wpb_wrapper\"><p>Powr\u00f3t na wie\u015b, aby pozna\u0107 histori\u0119 walk byk\u00f3w. Wizyty w najlepszych stadninach tentaderos w Hiszpanii, posi\u0142ki i zwiedzanie samochodem 4&#215;4.<\/p>\n<\/div><\/div><\/div><\/div><\/div><\/div><\/div><\/div><\/div><\/section>\n","protected":false},"excerpt":{"rendered":"Toroshopping Specjali\u015bci w \u015bwiecie walk byk\u00f3w Toroshopping to firma zwi\u0105zana z aren\u0105 walk byk\u00f3w w Maladze w zakresie zarz\u0105dzania us\u0142ugami, takimi jak sprzeda\u017c bilet\u00f3w na pokazy walk byk\u00f3w. Nasza firma to jednak znacznie wi\u0119cej ni\u017c portal sprzeda\u017cy bilet\u00f3w. W tej sekcji mo\u017cesz dowiedzie\u0107 si\u0119 wi\u0119cej o nas i odkry\u0107 pe\u0142n\u0105 gam\u0119 naszych produkt\u00f3w i us\u0142ug....","protected":false},"author":4,"featured_media":0,"parent":0,"menu_order":0,"comment_status":"closed","ping_status":"closed","template":"","meta":{"footnotes":""},"class_list":["post-35673","page","type-page","status-publish","hentry"],"yoast_head":"<!-- This site is optimized with the Yoast SEO plugin v27.4 - https:\/\/yoast.com\/product\/yoast-seo-wordpress\/ -->\n<title>O nas | Plaza de Toros Malaga<\/title>\n<meta name=\"description\" content=\"Odkryj wszystkie us\u0142ugi zwi\u0105zane z aren\u0105 walk byk\u00f3w w Maladze. Wycieczki krajoznawcze, wycieczki \u0142\u0105czone i nie tylko.\" \/>\n<meta name=\"robots\" content=\"index, follow, max-snippet:-1, max-image-preview:large, max-video-preview:-1\" \/>\n<link rel=\"canonical\" href=\"https:\/\/plazadetoroslamalagueta.com\/pl\/o-nas\/\" \/>\n<meta property=\"og:locale\" content=\"pl_PL\" \/>\n<meta property=\"og:type\" content=\"article\" \/>\n<meta property=\"og:title\" content=\"O nas | Plaza de Toros Malaga\" \/>\n<meta property=\"og:description\" content=\"Odkryj wszystkie us\u0142ugi zwi\u0105zane z aren\u0105 walk byk\u00f3w w Maladze. Wycieczki krajoznawcze, wycieczki \u0142\u0105czone i nie tylko.\" \/>\n<meta property=\"og:url\" content=\"https:\/\/plazadetoroslamalagueta.com\/pl\/o-nas\/\" \/>\n<meta property=\"og:site_name\" content=\"Plaza de Toros La Malagueta\" \/>\n<meta property=\"article:modified_time\" content=\"2026-04-20T12:13:50+00:00\" \/>\n<meta property=\"og:image\" content=\"https:\/\/plazadetoroslamalagueta.com\/wp-content\/uploads\/2023\/03\/Diseno-sin-titulo.jpeg\" \/>\n\t<meta property=\"og:image:width\" content=\"1200\" \/>\n\t<meta property=\"og:image:height\" content=\"675\" \/>\n\t<meta property=\"og:image:type\" content=\"image\/jpeg\" \/>\n<meta name=\"twitter:card\" content=\"summary_large_image\" \/>\n<meta name=\"twitter:label1\" content=\"Szacowany czas czytania\" \/>\n\t<meta name=\"twitter:data1\" content=\"4 minuty\" \/>\n<script type=\"application\/ld+json\" class=\"yoast-schema-graph\">{\"@context\":\"https:\\\/\\\/schema.org\",\"@graph\":[{\"@type\":\"WebPage\",\"@id\":\"https:\\\/\\\/plazadetoroslamalagueta.com\\\/pl\\\/o-nas\\\/\",\"url\":\"https:\\\/\\\/plazadetoroslamalagueta.com\\\/pl\\\/o-nas\\\/\",\"name\":\"O nas | Plaza de Toros Malaga\",\"isPartOf\":{\"@id\":\"https:\\\/\\\/plazadetoroslamalagueta.com\\\/pl\\\/#website\"},\"datePublished\":\"2024-03-25T11:26:12+00:00\",\"dateModified\":\"2026-04-20T12:13:50+00:00\",\"description\":\"Odkryj wszystkie us\u0142ugi zwi\u0105zane z aren\u0105 walk byk\u00f3w w Maladze. Wycieczki krajoznawcze, wycieczki \u0142\u0105czone i nie tylko.\",\"breadcrumb\":{\"@id\":\"https:\\\/\\\/plazadetoroslamalagueta.com\\\/pl\\\/o-nas\\\/#breadcrumb\"},\"inLanguage\":\"pl-PL\",\"potentialAction\":[{\"@type\":\"ReadAction\",\"target\":[\"https:\\\/\\\/plazadetoroslamalagueta.com\\\/pl\\\/o-nas\\\/\"]}]},{\"@type\":\"BreadcrumbList\",\"@id\":\"https:\\\/\\\/plazadetoroslamalagueta.com\\\/pl\\\/o-nas\\\/#breadcrumb\",\"itemListElement\":[{\"@type\":\"ListItem\",\"position\":1,\"name\":\"Strona g\u0142\u00f3wna\",\"item\":\"https:\\\/\\\/plazadetoroslamalagueta.com\\\/pl\\\/\"},{\"@type\":\"ListItem\",\"position\":2,\"name\":\"O nas\"}]},{\"@type\":\"WebSite\",\"@id\":\"https:\\\/\\\/plazadetoroslamalagueta.com\\\/pl\\\/#website\",\"url\":\"https:\\\/\\\/plazadetoroslamalagueta.com\\\/pl\\\/\",\"name\":\"Plaza de Toros de la Malagueta\",\"description\":\"La Plaza de Toros de M\u00e1laga, de nombre La Malagueta, es un edificio reconocido Bien de Inter\u00e9s Cultural, que ofrece visitas tur\u00edsticas y corridas de toros y otros tipos de espect\u00e1culo durante todo el a\u00f1o.\",\"publisher\":{\"@id\":\"https:\\\/\\\/plazadetoroslamalagueta.com\\\/pl\\\/#organization\"},\"alternateName\":\"Plaza de Toros M\u00e1laga\",\"potentialAction\":[{\"@type\":\"SearchAction\",\"target\":{\"@type\":\"EntryPoint\",\"urlTemplate\":\"https:\\\/\\\/plazadetoroslamalagueta.com\\\/pl\\\/?s={search_term_string}\"},\"query-input\":{\"@type\":\"PropertyValueSpecification\",\"valueRequired\":true,\"valueName\":\"search_term_string\"}}],\"inLanguage\":\"pl-PL\"},{\"@type\":\"Organization\",\"@id\":\"https:\\\/\\\/plazadetoroslamalagueta.com\\\/pl\\\/#organization\",\"name\":\"Plaza de Toros la Malagueta\",\"url\":\"https:\\\/\\\/plazadetoroslamalagueta.com\\\/pl\\\/\",\"logo\":{\"@type\":\"ImageObject\",\"inLanguage\":\"pl-PL\",\"@id\":\"https:\\\/\\\/plazadetoroslamalagueta.com\\\/pl\\\/#\\\/schema\\\/logo\\\/image\\\/\",\"url\":\"https:\\\/\\\/plazadetoroslamalagueta.com\\\/wp-content\\\/uploads\\\/2024\\\/02\\\/Logo-plaza-toros.webp\",\"contentUrl\":\"https:\\\/\\\/plazadetoroslamalagueta.com\\\/wp-content\\\/uploads\\\/2024\\\/02\\\/Logo-plaza-toros.webp\",\"width\":100,\"height\":100,\"caption\":\"Plaza de Toros la Malagueta\"},\"image\":{\"@id\":\"https:\\\/\\\/plazadetoroslamalagueta.com\\\/pl\\\/#\\\/schema\\\/logo\\\/image\\\/\"}}]}<\/script>\n<!-- \/ Yoast SEO plugin. -->","yoast_head_json":{"title":"O nas | Plaza de Toros Malaga","description":"Odkryj wszystkie us\u0142ugi zwi\u0105zane z aren\u0105 walk byk\u00f3w w Maladze. Wycieczki krajoznawcze, wycieczki \u0142\u0105czone i nie tylko.","robots":{"index":"index","follow":"follow","max-snippet":"max-snippet:-1","max-image-preview":"max-image-preview:large","max-video-preview":"max-video-preview:-1"},"canonical":"https:\/\/plazadetoroslamalagueta.com\/pl\/o-nas\/","og_locale":"pl_PL","og_type":"article","og_title":"O nas | Plaza de Toros Malaga","og_description":"Odkryj wszystkie us\u0142ugi zwi\u0105zane z aren\u0105 walk byk\u00f3w w Maladze. Wycieczki krajoznawcze, wycieczki \u0142\u0105czone i nie tylko.","og_url":"https:\/\/plazadetoroslamalagueta.com\/pl\/o-nas\/","og_site_name":"Plaza de Toros La Malagueta","article_modified_time":"2026-04-20T12:13:50+00:00","og_image":[{"width":1200,"height":675,"url":"https:\/\/plazadetoroslamalagueta.com\/wp-content\/uploads\/2023\/03\/Diseno-sin-titulo.jpeg","type":"image\/jpeg"}],"twitter_card":"summary_large_image","twitter_misc":{"Szacowany czas czytania":"4 minuty"},"schema":{"@context":"https:\/\/schema.org","@graph":[{"@type":"WebPage","@id":"https:\/\/plazadetoroslamalagueta.com\/pl\/o-nas\/","url":"https:\/\/plazadetoroslamalagueta.com\/pl\/o-nas\/","name":"O nas | Plaza de Toros Malaga","isPartOf":{"@id":"https:\/\/plazadetoroslamalagueta.com\/pl\/#website"},"datePublished":"2024-03-25T11:26:12+00:00","dateModified":"2026-04-20T12:13:50+00:00","description":"Odkryj wszystkie us\u0142ugi zwi\u0105zane z aren\u0105 walk byk\u00f3w w Maladze. Wycieczki krajoznawcze, wycieczki \u0142\u0105czone i nie tylko.","breadcrumb":{"@id":"https:\/\/plazadetoroslamalagueta.com\/pl\/o-nas\/#breadcrumb"},"inLanguage":"pl-PL","potentialAction":[{"@type":"ReadAction","target":["https:\/\/plazadetoroslamalagueta.com\/pl\/o-nas\/"]}]},{"@type":"BreadcrumbList","@id":"https:\/\/plazadetoroslamalagueta.com\/pl\/o-nas\/#breadcrumb","itemListElement":[{"@type":"ListItem","position":1,"name":"Strona g\u0142\u00f3wna","item":"https:\/\/plazadetoroslamalagueta.com\/pl\/"},{"@type":"ListItem","position":2,"name":"O nas"}]},{"@type":"WebSite","@id":"https:\/\/plazadetoroslamalagueta.com\/pl\/#website","url":"https:\/\/plazadetoroslamalagueta.com\/pl\/","name":"Plaza de Toros de la Malagueta","description":"La Plaza de Toros de M\u00e1laga, de nombre La Malagueta, es un edificio reconocido Bien de Inter\u00e9s Cultural, que ofrece visitas tur\u00edsticas y corridas de toros y otros tipos de espect\u00e1culo durante todo el a\u00f1o.","publisher":{"@id":"https:\/\/plazadetoroslamalagueta.com\/pl\/#organization"},"alternateName":"Plaza de Toros M\u00e1laga","potentialAction":[{"@type":"SearchAction","target":{"@type":"EntryPoint","urlTemplate":"https:\/\/plazadetoroslamalagueta.com\/pl\/?s={search_term_string}"},"query-input":{"@type":"PropertyValueSpecification","valueRequired":true,"valueName":"search_term_string"}}],"inLanguage":"pl-PL"},{"@type":"Organization","@id":"https:\/\/plazadetoroslamalagueta.com\/pl\/#organization","name":"Plaza de Toros la Malagueta","url":"https:\/\/plazadetoroslamalagueta.com\/pl\/","logo":{"@type":"ImageObject","inLanguage":"pl-PL","@id":"https:\/\/plazadetoroslamalagueta.com\/pl\/#\/schema\/logo\/image\/","url":"https:\/\/plazadetoroslamalagueta.com\/wp-content\/uploads\/2024\/02\/Logo-plaza-toros.webp","contentUrl":"https:\/\/plazadetoroslamalagueta.com\/wp-content\/uploads\/2024\/02\/Logo-plaza-toros.webp","width":100,"height":100,"caption":"Plaza de Toros la Malagueta"},"image":{"@id":"https:\/\/plazadetoroslamalagueta.com\/pl\/#\/schema\/logo\/image\/"}}]}},"_links":{"self":[{"href":"https:\/\/plazadetoroslamalagueta.com\/pl\/wp-json\/wp\/v2\/pages\/35673","targetHints":{"allow":["GET"]}}],"collection":[{"href":"https:\/\/plazadetoroslamalagueta.com\/pl\/wp-json\/wp\/v2\/pages"}],"about":[{"href":"https:\/\/plazadetoroslamalagueta.com\/pl\/wp-json\/wp\/v2\/types\/page"}],"author":[{"embeddable":true,"href":"https:\/\/plazadetoroslamalagueta.com\/pl\/wp-json\/wp\/v2\/users\/4"}],"replies":[{"embeddable":true,"href":"https:\/\/plazadetoroslamalagueta.com\/pl\/wp-json\/wp\/v2\/comments?post=35673"}],"version-history":[{"count":3,"href":"https:\/\/plazadetoroslamalagueta.com\/pl\/wp-json\/wp\/v2\/pages\/35673\/revisions"}],"predecessor-version":[{"id":39160,"href":"https:\/\/plazadetoroslamalagueta.com\/pl\/wp-json\/wp\/v2\/pages\/35673\/revisions\/39160"}],"wp:attachment":[{"href":"https:\/\/plazadetoroslamalagueta.com\/pl\/wp-json\/wp\/v2\/media?parent=35673"}],"curies":[{"name":"wp","href":"https:\/\/api.w.org\/{rel}","templated":true}]}}