{"id":35644,"date":"2024-04-15T10:39:54","date_gmt":"2024-04-15T08:39:54","guid":{"rendered":"https:\/\/plazadetoroslamalagueta.com\/data-dostawy-i-prowizje\/"},"modified":"2026-02-16T12:42:37","modified_gmt":"2026-02-16T11:42:37","slug":"data-dostawy-i-prowizje","status":"publish","type":"page","link":"https:\/\/plazadetoroslamalagueta.com\/pl\/data-dostawy-i-prowizje\/","title":{"rendered":"Data dostawy i prowizje"},"content":{"rendered":"<section class=\"l-section wpb_row height_medium\"><div class=\"l-section-h i-cf\"><div class=\"g-cols vc_row via_grid cols_1 laptops-cols_inherit tablets-cols_inherit mobiles-cols_1 valign_top type_default stacking_default\"><div class=\"wpb_column vc_column_container\"><div class=\"vc_column-inner\"><div class=\"wpb_text_column\"><div class=\"wpb_wrapper\"><h1>Data dostawy i prowizje za bilety<\/h1>\n<h3>Data dostawy:<\/h3>\n<p>Bilety zostan\u0105 wys\u0142ane w formacie PDF na adres e-mail 1 tydzie\u0144 przed wydarzeniem. Zalecamy sprawdzenie folderu spam w wiadomo\u015bci e-mail. <\/p>\n<h3>Prowizje od sprzeda\u017cy<\/h3>\n<p>Bilety podlegaj\u0105 10% op\u0142acie za wydanie + 10% prowizji od sprzeda\u017cy, kt\u00f3ra jest dodawana na stronie p\u0142atno\u015bci.<\/p>\n<h3>Zwroty<\/h3>\n<div>\n<div>Wst\u0119p na miejsce oraz, w stosownych przypadkach, zwrot zap\u0142aconej kwoty zgodnie z obowi\u0105zuj\u0105cymi przepisami (art. 70 RTA) jest uzale\u017cniony od posiadania oficjalnego, kompletnego, nieotwartego i niezmanipulowanego biletu. <\/div>\n<\/div>\n<div><\/div>\n<div>\n<div>Termin zwrotu kwoty rozpoczyna bieg od momentu og\u0142oszenia zawieszenia, prze\u0142o\u017cenia lub zmiany i ko\u0144czy si\u0119 4 dni po dacie wyznaczonej na wyst\u0119p lub 1 godzin\u0119 przed rozpocz\u0119ciem wyst\u0119pu w przypadku zmiany (art. 70 RTA).<\/div>\n<div><\/div>\n<div>Je\u015bli pokaz zostanie zawieszony z przyczyn niezale\u017cnych od sp\u00f3\u0142ki lub z powodu z\u0142ej pogody, po wprowadzeniu pierwszego byka na ring widz nie b\u0119dzie uprawniony do zwrotu pieni\u0119dzy (art. 70 RTA).<\/div>\n<\/div>\n<\/div><\/div><div class=\"g-cols wpb_row via_grid cols_1 laptops-cols_inherit tablets-cols_inherit mobiles-cols_1 valign_top type_default stacking_default\" style=\"--columns-gap:3rem;\"><div class=\"wpb_column vc_column_container\"><div class=\"vc_column-inner\"><div class=\"w-separator size_medium\"><\/div><div class=\"w-hwrapper valign_top align_left\"><div class=\"w-btn-wrapper align_center\"><a class=\"w-btn us-btn-style_1\" href=\"https:\/\/plazadetoroslamalagueta.com\/pl\/bilety-na-walke-bykow-w-maladze\/\"><span class=\"w-btn-label\">Kup bilety<\/span><\/a><\/div><div class=\"w-btn-wrapper align_left\"><a class=\"w-btn us-btn-style_1\" href=\"https:\/\/plazadetoroslamalagueta.com\/cart-2\/\"><span class=\"w-btn-label\">Przejd\u017a do koszyka<\/span><\/a><\/div><\/div><\/div><\/div><\/div><\/div><\/div><\/div><\/div><\/section>\n","protected":false},"excerpt":{"rendered":"Data dostawy i prowizje za bilety Data dostawy: Bilety zostan\u0105 wys\u0142ane w formacie PDF na adres e-mail 1 tydzie\u0144 przed wydarzeniem. Zalecamy sprawdzenie folderu spam w wiadomo\u015bci e-mail. Prowizje od sprzeda\u017cy Bilety podlegaj\u0105 10% op\u0142acie za wydanie + 10% prowizji od sprzeda\u017cy, kt\u00f3ra jest dodawana na stronie p\u0142atno\u015bci. Zwroty Wst\u0119p na miejsce oraz, w stosownych...","protected":false},"author":4,"featured_media":0,"parent":0,"menu_order":0,"comment_status":"closed","ping_status":"closed","template":"","meta":{"footnotes":""},"class_list":["post-35644","page","type-page","status-publish","hentry"],"yoast_head":"<!-- This site is optimized with the Yoast SEO plugin v27.4 - https:\/\/yoast.com\/product\/yoast-seo-wordpress\/ -->\n<title>Data dostawy i prowizje za bilety | La Malagueta<\/title>\n<meta name=\"description\" content=\"Sprawd\u017a daty dostawy bilet\u00f3w na walki byk\u00f3w w Maladze, a tak\u017ce prowizje zawarte w biletach na walki byk\u00f3w.\" \/>\n<meta name=\"robots\" content=\"noindex, follow\" \/>\n<meta property=\"og:locale\" content=\"pl_PL\" \/>\n<meta property=\"og:type\" content=\"article\" \/>\n<meta property=\"og:title\" content=\"Data dostawy i prowizje za bilety | La Malagueta\" \/>\n<meta property=\"og:description\" content=\"Sprawd\u017a daty dostawy bilet\u00f3w na walki byk\u00f3w w Maladze, a tak\u017ce prowizje zawarte w biletach na walki byk\u00f3w.\" \/>\n<meta property=\"og:url\" content=\"https:\/\/plazadetoroslamalagueta.com\/pl\/data-dostawy-i-prowizje\/\" \/>\n<meta property=\"og:site_name\" content=\"Plaza de Toros La Malagueta\" \/>\n<meta property=\"article:modified_time\" content=\"2026-02-16T11:42:37+00:00\" \/>\n<meta property=\"og:image\" content=\"https:\/\/plazadetoroslamalagueta.com\/wp-content\/uploads\/2023\/03\/Diseno-sin-titulo.jpeg\" \/>\n\t<meta property=\"og:image:width\" content=\"1200\" \/>\n\t<meta property=\"og:image:height\" content=\"675\" \/>\n\t<meta property=\"og:image:type\" content=\"image\/jpeg\" \/>\n<meta name=\"twitter:card\" content=\"summary_large_image\" \/>\n<meta name=\"twitter:label1\" content=\"Szacowany czas czytania\" \/>\n\t<meta name=\"twitter:data1\" content=\"1 minuta\" \/>\n<script type=\"application\/ld+json\" class=\"yoast-schema-graph\">{\"@context\":\"https:\\\/\\\/schema.org\",\"@graph\":[{\"@type\":\"WebPage\",\"@id\":\"https:\\\/\\\/plazadetoroslamalagueta.com\\\/pl\\\/data-dostawy-i-prowizje\\\/\",\"url\":\"https:\\\/\\\/plazadetoroslamalagueta.com\\\/pl\\\/data-dostawy-i-prowizje\\\/\",\"name\":\"Data dostawy i prowizje za bilety | La Malagueta\",\"isPartOf\":{\"@id\":\"https:\\\/\\\/plazadetoroslamalagueta.com\\\/pl\\\/#website\"},\"datePublished\":\"2024-04-15T08:39:54+00:00\",\"dateModified\":\"2026-02-16T11:42:37+00:00\",\"description\":\"Sprawd\u017a daty dostawy bilet\u00f3w na walki byk\u00f3w w Maladze, a tak\u017ce prowizje zawarte w biletach na walki byk\u00f3w.\",\"breadcrumb\":{\"@id\":\"https:\\\/\\\/plazadetoroslamalagueta.com\\\/pl\\\/data-dostawy-i-prowizje\\\/#breadcrumb\"},\"inLanguage\":\"pl-PL\",\"potentialAction\":[{\"@type\":\"ReadAction\",\"target\":[\"https:\\\/\\\/plazadetoroslamalagueta.com\\\/pl\\\/data-dostawy-i-prowizje\\\/\"]}]},{\"@type\":\"BreadcrumbList\",\"@id\":\"https:\\\/\\\/plazadetoroslamalagueta.com\\\/pl\\\/data-dostawy-i-prowizje\\\/#breadcrumb\",\"itemListElement\":[{\"@type\":\"ListItem\",\"position\":1,\"name\":\"Strona g\u0142\u00f3wna\",\"item\":\"https:\\\/\\\/plazadetoroslamalagueta.com\\\/pl\\\/\"},{\"@type\":\"ListItem\",\"position\":2,\"name\":\"Data dostawy i prowizje\"}]},{\"@type\":\"WebSite\",\"@id\":\"https:\\\/\\\/plazadetoroslamalagueta.com\\\/pl\\\/#website\",\"url\":\"https:\\\/\\\/plazadetoroslamalagueta.com\\\/pl\\\/\",\"name\":\"Plaza de Toros de la Malagueta\",\"description\":\"La Plaza de Toros de M\u00e1laga, de nombre La Malagueta, es un edificio reconocido Bien de Inter\u00e9s Cultural, que ofrece visitas tur\u00edsticas y corridas de toros y otros tipos de espect\u00e1culo durante todo el a\u00f1o.\",\"publisher\":{\"@id\":\"https:\\\/\\\/plazadetoroslamalagueta.com\\\/pl\\\/#organization\"},\"alternateName\":\"Plaza de Toros M\u00e1laga\",\"potentialAction\":[{\"@type\":\"SearchAction\",\"target\":{\"@type\":\"EntryPoint\",\"urlTemplate\":\"https:\\\/\\\/plazadetoroslamalagueta.com\\\/pl\\\/?s={search_term_string}\"},\"query-input\":{\"@type\":\"PropertyValueSpecification\",\"valueRequired\":true,\"valueName\":\"search_term_string\"}}],\"inLanguage\":\"pl-PL\"},{\"@type\":\"Organization\",\"@id\":\"https:\\\/\\\/plazadetoroslamalagueta.com\\\/pl\\\/#organization\",\"name\":\"Plaza de Toros la Malagueta\",\"url\":\"https:\\\/\\\/plazadetoroslamalagueta.com\\\/pl\\\/\",\"logo\":{\"@type\":\"ImageObject\",\"inLanguage\":\"pl-PL\",\"@id\":\"https:\\\/\\\/plazadetoroslamalagueta.com\\\/pl\\\/#\\\/schema\\\/logo\\\/image\\\/\",\"url\":\"https:\\\/\\\/plazadetoroslamalagueta.com\\\/wp-content\\\/uploads\\\/2024\\\/02\\\/Logo-plaza-toros.webp\",\"contentUrl\":\"https:\\\/\\\/plazadetoroslamalagueta.com\\\/wp-content\\\/uploads\\\/2024\\\/02\\\/Logo-plaza-toros.webp\",\"width\":100,\"height\":100,\"caption\":\"Plaza de Toros la Malagueta\"},\"image\":{\"@id\":\"https:\\\/\\\/plazadetoroslamalagueta.com\\\/pl\\\/#\\\/schema\\\/logo\\\/image\\\/\"}}]}<\/script>\n<!-- \/ Yoast SEO plugin. -->","yoast_head_json":{"title":"Data dostawy i prowizje za bilety | La Malagueta","description":"Sprawd\u017a daty dostawy bilet\u00f3w na walki byk\u00f3w w Maladze, a tak\u017ce prowizje zawarte w biletach na walki byk\u00f3w.","robots":{"index":"noindex","follow":"follow"},"og_locale":"pl_PL","og_type":"article","og_title":"Data dostawy i prowizje za bilety | La Malagueta","og_description":"Sprawd\u017a daty dostawy bilet\u00f3w na walki byk\u00f3w w Maladze, a tak\u017ce prowizje zawarte w biletach na walki byk\u00f3w.","og_url":"https:\/\/plazadetoroslamalagueta.com\/pl\/data-dostawy-i-prowizje\/","og_site_name":"Plaza de Toros La Malagueta","article_modified_time":"2026-02-16T11:42:37+00:00","og_image":[{"width":1200,"height":675,"url":"https:\/\/plazadetoroslamalagueta.com\/wp-content\/uploads\/2023\/03\/Diseno-sin-titulo.jpeg","type":"image\/jpeg"}],"twitter_card":"summary_large_image","twitter_misc":{"Szacowany czas czytania":"1 minuta"},"schema":{"@context":"https:\/\/schema.org","@graph":[{"@type":"WebPage","@id":"https:\/\/plazadetoroslamalagueta.com\/pl\/data-dostawy-i-prowizje\/","url":"https:\/\/plazadetoroslamalagueta.com\/pl\/data-dostawy-i-prowizje\/","name":"Data dostawy i prowizje za bilety | La Malagueta","isPartOf":{"@id":"https:\/\/plazadetoroslamalagueta.com\/pl\/#website"},"datePublished":"2024-04-15T08:39:54+00:00","dateModified":"2026-02-16T11:42:37+00:00","description":"Sprawd\u017a daty dostawy bilet\u00f3w na walki byk\u00f3w w Maladze, a tak\u017ce prowizje zawarte w biletach na walki byk\u00f3w.","breadcrumb":{"@id":"https:\/\/plazadetoroslamalagueta.com\/pl\/data-dostawy-i-prowizje\/#breadcrumb"},"inLanguage":"pl-PL","potentialAction":[{"@type":"ReadAction","target":["https:\/\/plazadetoroslamalagueta.com\/pl\/data-dostawy-i-prowizje\/"]}]},{"@type":"BreadcrumbList","@id":"https:\/\/plazadetoroslamalagueta.com\/pl\/data-dostawy-i-prowizje\/#breadcrumb","itemListElement":[{"@type":"ListItem","position":1,"name":"Strona g\u0142\u00f3wna","item":"https:\/\/plazadetoroslamalagueta.com\/pl\/"},{"@type":"ListItem","position":2,"name":"Data dostawy i prowizje"}]},{"@type":"WebSite","@id":"https:\/\/plazadetoroslamalagueta.com\/pl\/#website","url":"https:\/\/plazadetoroslamalagueta.com\/pl\/","name":"Plaza de Toros de la Malagueta","description":"La Plaza de Toros de M\u00e1laga, de nombre La Malagueta, es un edificio reconocido Bien de Inter\u00e9s Cultural, que ofrece visitas tur\u00edsticas y corridas de toros y otros tipos de espect\u00e1culo durante todo el a\u00f1o.","publisher":{"@id":"https:\/\/plazadetoroslamalagueta.com\/pl\/#organization"},"alternateName":"Plaza de Toros M\u00e1laga","potentialAction":[{"@type":"SearchAction","target":{"@type":"EntryPoint","urlTemplate":"https:\/\/plazadetoroslamalagueta.com\/pl\/?s={search_term_string}"},"query-input":{"@type":"PropertyValueSpecification","valueRequired":true,"valueName":"search_term_string"}}],"inLanguage":"pl-PL"},{"@type":"Organization","@id":"https:\/\/plazadetoroslamalagueta.com\/pl\/#organization","name":"Plaza de Toros la Malagueta","url":"https:\/\/plazadetoroslamalagueta.com\/pl\/","logo":{"@type":"ImageObject","inLanguage":"pl-PL","@id":"https:\/\/plazadetoroslamalagueta.com\/pl\/#\/schema\/logo\/image\/","url":"https:\/\/plazadetoroslamalagueta.com\/wp-content\/uploads\/2024\/02\/Logo-plaza-toros.webp","contentUrl":"https:\/\/plazadetoroslamalagueta.com\/wp-content\/uploads\/2024\/02\/Logo-plaza-toros.webp","width":100,"height":100,"caption":"Plaza de Toros la Malagueta"},"image":{"@id":"https:\/\/plazadetoroslamalagueta.com\/pl\/#\/schema\/logo\/image\/"}}]}},"_links":{"self":[{"href":"https:\/\/plazadetoroslamalagueta.com\/pl\/wp-json\/wp\/v2\/pages\/35644","targetHints":{"allow":["GET"]}}],"collection":[{"href":"https:\/\/plazadetoroslamalagueta.com\/pl\/wp-json\/wp\/v2\/pages"}],"about":[{"href":"https:\/\/plazadetoroslamalagueta.com\/pl\/wp-json\/wp\/v2\/types\/page"}],"author":[{"embeddable":true,"href":"https:\/\/plazadetoroslamalagueta.com\/pl\/wp-json\/wp\/v2\/users\/4"}],"replies":[{"embeddable":true,"href":"https:\/\/plazadetoroslamalagueta.com\/pl\/wp-json\/wp\/v2\/comments?post=35644"}],"version-history":[{"count":1,"href":"https:\/\/plazadetoroslamalagueta.com\/pl\/wp-json\/wp\/v2\/pages\/35644\/revisions"}],"predecessor-version":[{"id":35647,"href":"https:\/\/plazadetoroslamalagueta.com\/pl\/wp-json\/wp\/v2\/pages\/35644\/revisions\/35647"}],"wp:attachment":[{"href":"https:\/\/plazadetoroslamalagueta.com\/pl\/wp-json\/wp\/v2\/media?parent=35644"}],"curies":[{"name":"wp","href":"https:\/\/api.w.org\/{rel}","templated":true}]}}