{"id":22651,"date":"2023-09-05T07:07:11","date_gmt":"2023-09-05T05:07:11","guid":{"rendered":"https:\/\/plazadetoroslamalagueta.com\/avviso-legale\/"},"modified":"2025-06-30T15:32:42","modified_gmt":"2025-06-30T13:32:42","slug":"avviso-legale","status":"publish","type":"page","link":"https:\/\/plazadetoroslamalagueta.com\/it\/avviso-legale\/","title":{"rendered":"AVVISO LEGALE"},"content":{"rendered":"<section class=\"l-section wpb_row height_medium\"><div class=\"l-section-h i-cf\"><div class=\"g-cols vc_row via_grid cols_1 laptops-cols_inherit tablets-cols_inherit mobiles-cols_1 valign_top type_default stacking_default\"><div class=\"wpb_column vc_column_container\"><div class=\"vc_column-inner\"><div class=\"wpb_text_column\"><div class=\"wpb_wrapper\"><h1>AVVISO LEGALE<\/h1>\n<p>In ottemperanza all&#8217;obbligo di informazione di cui all&#8217;articolo 10 della Legge 34\/2002, dell&#8217;11 luglio, sui Servizi della Societ\u00e0 dell&#8217;Informazione e del Commercio Elettronico (LSSICE), il proprietario del sito web ti informa di quanto segue:<\/p>\n<ul>\n<li style=\"list-style-type: none;\">\n<ul>\n<li>Nome dell&#8217;azienda: Toroshopping, S.L.<\/li>\n<li>PARTITA IVA: B92950146<\/li>\n<li>Indirizzo: Centro Melior Vasari. Urbanizaci\u00f3n La Alzambra, 3, Local 1, 29660 &#8211; Marbella (M\u00e1laga) <\/li>\n<\/ul>\n<\/li>\n<\/ul>\n<p>Registrato nel Registro Mercantile di Malaga nel volume 4566, foglio 11, sezione, numero di pagina MA-98915, iscrizione 1.<\/p>\n<p>Nei limiti stabiliti dalla legge, Toroshopping, S.L. non si assume alcuna responsabilit\u00e0 per la mancanza di veridicit\u00e0, completezza, aggiornamento e accuratezza dei dati o delle informazioni contenute nelle sue pagine web.<\/p>\n<p>I contenuti e le informazioni non vincolano Toroshopping, S.L. n\u00e9 costituiscono opinioni, consigli o consulenze legali di alcun tipo in quanto si tratta di un servizio offerto a scopo informativo e divulgativo.<\/p>\n<p>Le pagine Internet di Toroshopping, S.L. possono contenere link ad altre pagine di terzi che Toroshopping, S.L. non pu\u00f2 controllare. Pertanto, Toroshopping, S.L. non pu\u00f2 assumersi la responsabilit\u00e0 dei contenuti che possono apparire sui siti di terzi. <\/p>\n<p>I testi, le immagini, i suoni, le animazioni, il software e il resto dei contenuti inclusi in questo sito web sono di propriet\u00e0 esclusiva di Toroshopping, S.L. o dei suoi licenziatari. Qualsiasi atto di trasmissione, distribuzione, trasferimento, riproduzione, archiviazione o comunicazione pubblica totale o parziale deve avere l&#8217;espresso consenso di Toroshopping, S.L.. <\/p>\n<p>Allo stesso modo, per accedere ad alcuni dei servizi che Toroshopping, S.L. offre attraverso il sito web, devi fornire alcuni dati personali. In ottemperanza alle disposizioni del Regolamento (UE) 2016\/679 del Parlamento Europeo e del Consiglio del 27 aprile 2016 relativo alla protezione delle persone fisiche con riguardo al trattamento dei dati personali, nonch\u00e9 alla libera circolazione di tali dati, ti informiamo che, compilando questi moduli, i tuoi dati personali saranno conservati e trattati negli archivi di Toroshopping, S.L. al fine di fornirti e offrirti i nostri servizi e di informarti sui miglioramenti del sito web. <\/p>\n<p>Ti informiamo inoltre che in qualsiasi momento avrai la possibilit\u00e0 di esercitare i tuoi diritti di accesso, rettifica, cancellazione, opposizione, limitazione e portabilit\u00e0 dei tuoi dati personali, gratuitamente, inviando un&#8217;e-mail a: <a href=\"mailto:info@toroshopping.com\" target=\"_blank\" rel=\"noopener\">info@toroshopping.com<\/a> o all&#8217;indirizzo: Centro Melior Vasari. Urbanizaci\u00f3n La Alzambra, 3, Local 1, 29660 &#8211; Marbella (M\u00e1laga).<\/p>\n<\/div><\/div><\/div><\/div><\/div><\/div><\/section>\n","protected":false},"excerpt":{"rendered":"AVVISO LEGALE In ottemperanza all&#8217;obbligo di informazione di cui all&#8217;articolo 10 della Legge 34\/2002, dell&#8217;11 luglio, sui Servizi della Societ\u00e0 dell&#8217;Informazione e del Commercio Elettronico (LSSICE), il proprietario del sito web ti informa di quanto segue: Nome dell&#8217;azienda: Toroshopping, S.L. PARTITA IVA: B92950146 Indirizzo: Centro Melior Vasari. Urbanizaci\u00f3n La Alzambra, 3, Local 1, 29660 &#8211;...","protected":false},"author":4,"featured_media":0,"parent":0,"menu_order":0,"comment_status":"closed","ping_status":"closed","template":"","meta":{"footnotes":""},"class_list":["post-22651","page","type-page","status-publish","hentry"],"yoast_head":"<!-- This site is optimized with the Yoast SEO plugin v27.4 - https:\/\/yoast.com\/product\/yoast-seo-wordpress\/ -->\n<title>AVVISO LEGALE - Plaza de Toros La Malagueta<\/title>\n<meta name=\"description\" content=\"Condizioni d&#039;uso e contratti per la vendita di biglietti nell&#039;arena di Malaga. Tour de La Malagueta e biglietti per la corrida.\" \/>\n<meta name=\"robots\" content=\"index, follow, max-snippet:-1, max-image-preview:large, max-video-preview:-1\" \/>\n<link rel=\"canonical\" href=\"https:\/\/plazadetoroslamalagueta.com\/it\/avviso-legale\/\" \/>\n<meta property=\"og:locale\" content=\"it_IT\" \/>\n<meta property=\"og:type\" content=\"article\" \/>\n<meta property=\"og:title\" content=\"AVVISO LEGALE - Plaza de Toros La Malagueta\" \/>\n<meta property=\"og:description\" content=\"Condizioni d&#039;uso e contratti per la vendita di biglietti nell&#039;arena di Malaga. Tour de La Malagueta e biglietti per la corrida.\" \/>\n<meta property=\"og:url\" content=\"https:\/\/plazadetoroslamalagueta.com\/it\/avviso-legale\/\" \/>\n<meta property=\"og:site_name\" content=\"Plaza de Toros La Malagueta\" \/>\n<meta property=\"article:modified_time\" content=\"2025-06-30T13:32:42+00:00\" \/>\n<meta property=\"og:image\" content=\"https:\/\/plazadetoroslamalagueta.com\/wp-content\/uploads\/2023\/03\/Diseno-sin-titulo.jpeg\" \/>\n\t<meta property=\"og:image:width\" content=\"1200\" \/>\n\t<meta property=\"og:image:height\" content=\"675\" \/>\n\t<meta property=\"og:image:type\" content=\"image\/jpeg\" \/>\n<meta name=\"twitter:card\" content=\"summary_large_image\" \/>\n<meta name=\"twitter:label1\" content=\"Tempo di lettura stimato\" \/>\n\t<meta name=\"twitter:data1\" content=\"2 minuti\" \/>\n<script type=\"application\/ld+json\" class=\"yoast-schema-graph\">{\"@context\":\"https:\\\/\\\/schema.org\",\"@graph\":[{\"@type\":\"WebPage\",\"@id\":\"https:\\\/\\\/plazadetoroslamalagueta.com\\\/it\\\/avviso-legale\\\/\",\"url\":\"https:\\\/\\\/plazadetoroslamalagueta.com\\\/it\\\/avviso-legale\\\/\",\"name\":\"AVVISO LEGALE - Plaza de Toros La Malagueta\",\"isPartOf\":{\"@id\":\"https:\\\/\\\/plazadetoroslamalagueta.com\\\/it\\\/#website\"},\"datePublished\":\"2023-09-05T05:07:11+00:00\",\"dateModified\":\"2025-06-30T13:32:42+00:00\",\"description\":\"Condizioni d'uso e contratti per la vendita di biglietti nell'arena di Malaga. Tour de La Malagueta e biglietti per la corrida.\",\"breadcrumb\":{\"@id\":\"https:\\\/\\\/plazadetoroslamalagueta.com\\\/it\\\/avviso-legale\\\/#breadcrumb\"},\"inLanguage\":\"it-IT\",\"potentialAction\":[{\"@type\":\"ReadAction\",\"target\":[\"https:\\\/\\\/plazadetoroslamalagueta.com\\\/it\\\/avviso-legale\\\/\"]}]},{\"@type\":\"BreadcrumbList\",\"@id\":\"https:\\\/\\\/plazadetoroslamalagueta.com\\\/it\\\/avviso-legale\\\/#breadcrumb\",\"itemListElement\":[{\"@type\":\"ListItem\",\"position\":1,\"name\":\"Inicio\",\"item\":\"https:\\\/\\\/plazadetoroslamalagueta.com\\\/it\\\/\"},{\"@type\":\"ListItem\",\"position\":2,\"name\":\"AVVISO LEGALE\"}]},{\"@type\":\"WebSite\",\"@id\":\"https:\\\/\\\/plazadetoroslamalagueta.com\\\/it\\\/#website\",\"url\":\"https:\\\/\\\/plazadetoroslamalagueta.com\\\/it\\\/\",\"name\":\"Plaza de Toros de la Malagueta\",\"description\":\"La Plaza de Toros de M\u00e1laga, de nombre La Malagueta, es un edificio reconocido Bien de Inter\u00e9s Cultural, que ofrece visitas tur\u00edsticas y corridas de toros y otros tipos de espect\u00e1culo durante todo el a\u00f1o.\",\"publisher\":{\"@id\":\"https:\\\/\\\/plazadetoroslamalagueta.com\\\/it\\\/#organization\"},\"alternateName\":\"Plaza de Toros M\u00e1laga\",\"potentialAction\":[{\"@type\":\"SearchAction\",\"target\":{\"@type\":\"EntryPoint\",\"urlTemplate\":\"https:\\\/\\\/plazadetoroslamalagueta.com\\\/it\\\/?s={search_term_string}\"},\"query-input\":{\"@type\":\"PropertyValueSpecification\",\"valueRequired\":true,\"valueName\":\"search_term_string\"}}],\"inLanguage\":\"it-IT\"},{\"@type\":\"Organization\",\"@id\":\"https:\\\/\\\/plazadetoroslamalagueta.com\\\/it\\\/#organization\",\"name\":\"Plaza de Toros la Malagueta\",\"url\":\"https:\\\/\\\/plazadetoroslamalagueta.com\\\/it\\\/\",\"logo\":{\"@type\":\"ImageObject\",\"inLanguage\":\"it-IT\",\"@id\":\"https:\\\/\\\/plazadetoroslamalagueta.com\\\/it\\\/#\\\/schema\\\/logo\\\/image\\\/\",\"url\":\"https:\\\/\\\/plazadetoroslamalagueta.com\\\/wp-content\\\/uploads\\\/2024\\\/02\\\/Logo-plaza-toros.webp\",\"contentUrl\":\"https:\\\/\\\/plazadetoroslamalagueta.com\\\/wp-content\\\/uploads\\\/2024\\\/02\\\/Logo-plaza-toros.webp\",\"width\":100,\"height\":100,\"caption\":\"Plaza de Toros la Malagueta\"},\"image\":{\"@id\":\"https:\\\/\\\/plazadetoroslamalagueta.com\\\/it\\\/#\\\/schema\\\/logo\\\/image\\\/\"}}]}<\/script>\n<!-- \/ Yoast SEO plugin. -->","yoast_head_json":{"title":"AVVISO LEGALE - Plaza de Toros La Malagueta","description":"Condizioni d'uso e contratti per la vendita di biglietti nell'arena di Malaga. Tour de La Malagueta e biglietti per la corrida.","robots":{"index":"index","follow":"follow","max-snippet":"max-snippet:-1","max-image-preview":"max-image-preview:large","max-video-preview":"max-video-preview:-1"},"canonical":"https:\/\/plazadetoroslamalagueta.com\/it\/avviso-legale\/","og_locale":"it_IT","og_type":"article","og_title":"AVVISO LEGALE - Plaza de Toros La Malagueta","og_description":"Condizioni d'uso e contratti per la vendita di biglietti nell'arena di Malaga. Tour de La Malagueta e biglietti per la corrida.","og_url":"https:\/\/plazadetoroslamalagueta.com\/it\/avviso-legale\/","og_site_name":"Plaza de Toros La Malagueta","article_modified_time":"2025-06-30T13:32:42+00:00","og_image":[{"width":1200,"height":675,"url":"https:\/\/plazadetoroslamalagueta.com\/wp-content\/uploads\/2023\/03\/Diseno-sin-titulo.jpeg","type":"image\/jpeg"}],"twitter_card":"summary_large_image","twitter_misc":{"Tempo di lettura stimato":"2 minuti"},"schema":{"@context":"https:\/\/schema.org","@graph":[{"@type":"WebPage","@id":"https:\/\/plazadetoroslamalagueta.com\/it\/avviso-legale\/","url":"https:\/\/plazadetoroslamalagueta.com\/it\/avviso-legale\/","name":"AVVISO LEGALE - Plaza de Toros La Malagueta","isPartOf":{"@id":"https:\/\/plazadetoroslamalagueta.com\/it\/#website"},"datePublished":"2023-09-05T05:07:11+00:00","dateModified":"2025-06-30T13:32:42+00:00","description":"Condizioni d'uso e contratti per la vendita di biglietti nell'arena di Malaga. Tour de La Malagueta e biglietti per la corrida.","breadcrumb":{"@id":"https:\/\/plazadetoroslamalagueta.com\/it\/avviso-legale\/#breadcrumb"},"inLanguage":"it-IT","potentialAction":[{"@type":"ReadAction","target":["https:\/\/plazadetoroslamalagueta.com\/it\/avviso-legale\/"]}]},{"@type":"BreadcrumbList","@id":"https:\/\/plazadetoroslamalagueta.com\/it\/avviso-legale\/#breadcrumb","itemListElement":[{"@type":"ListItem","position":1,"name":"Inicio","item":"https:\/\/plazadetoroslamalagueta.com\/it\/"},{"@type":"ListItem","position":2,"name":"AVVISO LEGALE"}]},{"@type":"WebSite","@id":"https:\/\/plazadetoroslamalagueta.com\/it\/#website","url":"https:\/\/plazadetoroslamalagueta.com\/it\/","name":"Plaza de Toros de la Malagueta","description":"La Plaza de Toros de M\u00e1laga, de nombre La Malagueta, es un edificio reconocido Bien de Inter\u00e9s Cultural, que ofrece visitas tur\u00edsticas y corridas de toros y otros tipos de espect\u00e1culo durante todo el a\u00f1o.","publisher":{"@id":"https:\/\/plazadetoroslamalagueta.com\/it\/#organization"},"alternateName":"Plaza de Toros M\u00e1laga","potentialAction":[{"@type":"SearchAction","target":{"@type":"EntryPoint","urlTemplate":"https:\/\/plazadetoroslamalagueta.com\/it\/?s={search_term_string}"},"query-input":{"@type":"PropertyValueSpecification","valueRequired":true,"valueName":"search_term_string"}}],"inLanguage":"it-IT"},{"@type":"Organization","@id":"https:\/\/plazadetoroslamalagueta.com\/it\/#organization","name":"Plaza de Toros la Malagueta","url":"https:\/\/plazadetoroslamalagueta.com\/it\/","logo":{"@type":"ImageObject","inLanguage":"it-IT","@id":"https:\/\/plazadetoroslamalagueta.com\/it\/#\/schema\/logo\/image\/","url":"https:\/\/plazadetoroslamalagueta.com\/wp-content\/uploads\/2024\/02\/Logo-plaza-toros.webp","contentUrl":"https:\/\/plazadetoroslamalagueta.com\/wp-content\/uploads\/2024\/02\/Logo-plaza-toros.webp","width":100,"height":100,"caption":"Plaza de Toros la Malagueta"},"image":{"@id":"https:\/\/plazadetoroslamalagueta.com\/it\/#\/schema\/logo\/image\/"}}]}},"_links":{"self":[{"href":"https:\/\/plazadetoroslamalagueta.com\/it\/wp-json\/wp\/v2\/pages\/22651","targetHints":{"allow":["GET"]}}],"collection":[{"href":"https:\/\/plazadetoroslamalagueta.com\/it\/wp-json\/wp\/v2\/pages"}],"about":[{"href":"https:\/\/plazadetoroslamalagueta.com\/it\/wp-json\/wp\/v2\/types\/page"}],"author":[{"embeddable":true,"href":"https:\/\/plazadetoroslamalagueta.com\/it\/wp-json\/wp\/v2\/users\/4"}],"replies":[{"embeddable":true,"href":"https:\/\/plazadetoroslamalagueta.com\/it\/wp-json\/wp\/v2\/comments?post=22651"}],"version-history":[{"count":3,"href":"https:\/\/plazadetoroslamalagueta.com\/it\/wp-json\/wp\/v2\/pages\/22651\/revisions"}],"predecessor-version":[{"id":31206,"href":"https:\/\/plazadetoroslamalagueta.com\/it\/wp-json\/wp\/v2\/pages\/22651\/revisions\/31206"}],"wp:attachment":[{"href":"https:\/\/plazadetoroslamalagueta.com\/it\/wp-json\/wp\/v2\/media?parent=22651"}],"curies":[{"name":"wp","href":"https:\/\/api.w.org\/{rel}","templated":true}]}}