{"id":22495,"date":"2024-09-20T16:29:33","date_gmt":"2024-09-20T14:29:33","guid":{"rendered":"https:\/\/plazadetoroslamalagueta.com\/tour-dellarena\/"},"modified":"2026-04-20T14:13:51","modified_gmt":"2026-04-20T12:13:51","slug":"tour-dellarena","status":"publish","type":"page","link":"https:\/\/plazadetoroslamalagueta.com\/it\/tour-dellarena\/","title":{"rendered":"Tour dell&#8217;arena"},"content":{"rendered":"<section class=\"l-section wpb_row height_huge color_secondary with_img parallax_ver\"><div class=\"l-section-img\" role=\"img\" aria-label=\"Immagine\" data-img-width=\"1680\" data-img-height=\"840\" style=\"background-image: url(https:\/\/plazadetoroslamalagueta.com\/wp-content\/uploads\/2024\/09\/Tour-plaza-toros-malaga.webp);\"><\/div><div class=\"l-section-overlay\" style=\"background:linear-gradient(90deg,#000,rgba(0,0,0,0.00))\"><\/div><div class=\"l-section-h i-cf\"><div class=\"g-cols vc_row via_grid cols_1 laptops-cols_inherit tablets-cols_1 mobiles-cols_1 valign_top type_default reversed stacking_default\" style=\"--columns-gap:0rem;\"><div class=\"wpb_column vc_column_container us_custom_fd43344c\"><div class=\"vc_column-inner\"><div class=\"w-text us_custom_3bd44eb5 has_text_color no_text\"><span class=\"w-text-h\"><span class=\"w-text-value\"><\/span><\/span><\/div><h1 class=\"w-text\"><span class=\"w-text-h\"><span class=\"w-text-value\">Tour e visita guidata all&#039;arena di Malaga<\/span><\/span><\/h1><div class=\"w-separator size_small\"><\/div><div class=\"w-btn-wrapper align_none\"><a class=\"w-btn us-btn-style_1\" target=\"_blank\" href=\"https:\/\/lamalaguetatour.com\/\"><span class=\"w-btn-label\">Prenota la tua visita<\/span><\/a><\/div><\/div><\/div><\/div><\/div><\/section><section class=\"l-section wpb_row height_medium\" id=\"contacto\"><div class=\"l-section-h i-cf\"><div class=\"g-cols vc_row via_grid cols_1 laptops-cols_inherit tablets-cols_inherit mobiles-cols_1 valign_top type_default stacking_default\"><div class=\"wpb_column vc_column_container\"><div class=\"vc_column-inner\"><div class=\"wpb_text_column\"><div class=\"wpb_wrapper\"><p class=\"font-claude-response-body break-words whitespace-normal leading-&#091;1.7&#093;\">Scopri uno dei monumenti pi\u00f9 emblematici di Malaga dall&#8217;interno. Il <strong>Tour La Malagueta<\/strong> ti permette di visitare ogni angolo della <strong>Plaza de Toros de La Malagueta<\/strong> &#8211; inaugurata nel 1876 e dichiarata Bene di Interesse Culturale &#8211; e di accedere al <strong>Bullfighting Immersive Experience Centre (CEIT)<\/strong>, il museo della corrida pi\u00f9 tecnologico al mondo. <\/p>\n<p class=\"font-claude-response-body break-words whitespace-normal leading-&#091;1.7&#093;\">Un&#8217;esperienza culturale unica sulla Costa del Sol, disponibile come visita individuale con audioguida o in gruppo privato con guida. Ideale per turisti, famiglie, gruppi scolastici e agenzie di viaggio. <\/p>\n<\/div><\/div><div class=\"wpb_text_column\"><div class=\"wpb_wrapper\"><h2 class=\"text-text-100 mt-2 -mb-1 text-base font-bold\">Cosa comprende il Tour La Malagueta?<\/h2>\n<p class=\"font-claude-response-body break-words whitespace-normal leading-&#091;1.7&#093;\">Il tour ti porta a scoprire tutte le aree che normalmente solo i toreri conoscono. Un tour completo attraverso la storia e l&#8217;architettura di una delle arene pi\u00f9 importanti dell&#8217;Andalusia: <\/p>\n<p class=\"font-claude-response-body break-words whitespace-normal leading-&#091;1.7&#093;\"><strong>El ruedo<\/strong> &#8211; <strong>L&#8217;arena<\/strong> &#8211; La stessa arena che \u00e8 stata calpestata dai grandi personaggi della corrida spagnola in oltre 140 anni di storia della corrida a Malaga.<\/p>\n<p class=\"font-claude-response-body break-words whitespace-normal leading-&#091;1.7&#093;\"><strong>I posti a sedere e le tribune<\/strong> &#8211; Guarda la piazza dalle tribune e comprendi la grandezza di un&#8217;arena da 14.000 posti.<\/p>\n<p class=\"font-claude-response-body break-words whitespace-normal leading-&#091;1.7&#093;\"><strong>Il callej\u00f3n<\/strong> &#8211; Il corridoio che circonda l&#8217;arena, da cui i subalterni e la squadra dei toreri vivono la corrida a pochi metri dal toro.<\/p>\n<p class=\"font-claude-response-body break-words whitespace-normal leading-&#091;1.7&#093;\"><strong>Los toriles<\/strong> &#8211; I recinti dove i tori aspettano di uscire per andare all&#8217;arena. Uno spazio carico di tensione e tradizione. <\/p>\n<p class=\"font-claude-response-body break-words whitespace-normal leading-&#091;1.7&#093;\"><strong>L&#8217;infermeria<\/strong> &#8211; Il luogo in cui i toreri vengono curati in caso di infortunio. Una parte essenziale dell&#8217;arena che pochi visitatori conoscono. <\/p>\n<p class=\"font-claude-response-body break-words whitespace-normal leading-&#091;1.7&#093;\"><strong>La mostra immersiva permanente (CEIT)<\/strong> &#8211; 6 sale di esperienze digitali e interattive che raccontano le origini della corrida, la storia della Malagueta, della dehesa e del campo bravo, con opere di artisti di fama internazionale di Malaga.<\/p>\n<\/div><\/div><\/div><\/div><\/div><\/div><\/section><section class=\"l-section wpb_row height_medium\"><div class=\"l-section-h i-cf\"><div class=\"g-cols vc_row via_grid cols_3-2 laptops-cols_2 tablets-cols_inherit mobiles-cols_1 valign_middle type_default reversed stacking_default\" style=\"--columns-gap:5%;\"><div class=\"wpb_column vc_column_container\"><div class=\"vc_column-inner\"><div class=\"w-separator size_medium\"><\/div><div class=\"w-image align_none\"><div class=\"w-image-h\"><img decoding=\"async\" width=\"1024\" height=\"682\" src=\"https:\/\/plazadetoroslamalagueta.com\/wp-content\/uploads\/2023\/10\/andanadas-plaza-de-toros-1024x682.webp\" class=\"attachment-large size-large\" alt=\"\" loading=\"lazy\" srcset=\"https:\/\/plazadetoroslamalagueta.com\/wp-content\/uploads\/2023\/10\/andanadas-plaza-de-toros-1024x682.webp 1024w, https:\/\/plazadetoroslamalagueta.com\/wp-content\/uploads\/2023\/10\/andanadas-plaza-de-toros-300x200.webp 300w, https:\/\/plazadetoroslamalagueta.com\/wp-content\/uploads\/2023\/10\/andanadas-plaza-de-toros.webp 1100w\" sizes=\"auto, (max-width: 1024px) 100vw, 1024px\" \/><\/div><\/div><\/div><\/div><div class=\"wpb_column vc_column_container\"><div class=\"vc_column-inner\"><div class=\"wpb_text_column\"><div class=\"wpb_wrapper\"><h2 class=\"text-text-100 mt-2 -mb-1 text-base font-bold\">Modalit\u00e0 di visita<\/h2>\n<p class=\"font-claude-response-body break-words whitespace-normal leading-&#091;1.7&#093;\"><strong>Tour individuale con audioguida<\/strong><br \/>\nVisita La Malagueta al tuo ritmo con un&#8217;audioguida disponibile in diverse lingue. L&#8217;opzione pi\u00f9 flessibile per i visitatori e i turisti indipendenti. <\/p>\n<p class=\"font-claude-response-body break-words whitespace-normal leading-&#091;1.7&#093;\"><strong>Gruppo privato con guida<\/strong><br \/>\nVisita guidata esclusiva per il tuo gruppo con una guida specializzata. Ideale per famiglie, gruppi di amici, viaggi culturali e team aziendali. <\/p>\n<p class=\"font-claude-response-body break-words whitespace-normal leading-&#091;1.7&#093;\"><strong>Agenzie, tour operator e guide turistiche<br \/>\n<\/strong> Se sei un professionista del turismo, La Malagueta ha una piattaforma di prenotazione specifica con condizioni particolari per agenzie e tour operator. Registrati su <a href=\"https:\/\/lamalaguetatour.com\/profesionales-y-agencias\/\" target=\"_blank\" rel=\"noopener\"><strong>lamalaguetatour.com\/professionisti-e-agenzie<\/strong><\/a> per ricevere informazioni. <\/p>\n<\/div><\/div><div class=\"w-btn-wrapper align_none\"><a class=\"w-btn us-btn-style_1\" target=\"_blank\" href=\"https:\/\/tickets.lamalaguetatour.com\/\"><span class=\"w-btn-label\">Maggiori informazioni e prenotazioni<\/span><\/a><\/div><\/div><\/div><\/div><\/div><\/section><section class=\"l-section wpb_row height_medium\"><div class=\"l-section-h i-cf\"><div class=\"g-cols vc_row via_grid cols_1 laptops-cols_inherit tablets-cols_inherit mobiles-cols_1 valign_top type_default stacking_default\"><div class=\"wpb_column vc_column_container\"><div class=\"vc_column-inner\"><div class=\"wpb_text_column\"><div class=\"wpb_wrapper\"><h2 class=\"text-text-100 mt-2 -mb-1 text-base font-bold\">La Malagueta, molto pi\u00f9 di un&#8217;arena per tori<\/h2>\n<p class=\"font-claude-response-body break-words whitespace-normal leading-&#091;1.7&#093;\">La Plaza de Toros La Malagueta non \u00e8 solo un luogo di corrida: \u00e8 un <strong>monumento storico nel cuore di Malaga<\/strong>, a pochi passi dal Paseo Mar\u00edtimo e dal centro della citt\u00e0. La sua architettura neoclassica, con grandi arcate semicircolari e mattoni a vista, la rendono uno degli edifici pi\u00f9 fotografati della capitale della Costa del Sol. <\/p>\n<p class=\"font-claude-response-body break-words whitespace-normal leading-&#091;1.7&#093;\">Con oltre <strong>140 anni di storia<\/strong>, La Malagueta ha ospitato le figure pi\u00f9 importanti della corrida spagnola e internazionale ed \u00e8 stata teatro di mitiche corride che fanno parte del patrimonio culturale dell&#8217;Andalusia.<\/p>\n<p class=\"font-claude-response-body break-words whitespace-normal leading-&#091;1.7&#093;\">Visitare La Malagueta \u00e8 una delle <strong>cose migliori da fare a Malaga<\/strong> per chi vuole andare oltre i musei convenzionali e connettersi con la cultura pi\u00f9 autentica della citt\u00e0.<\/p>\n<\/div><\/div><\/div><\/div><\/div><\/div><\/section><section class=\"l-section wpb_row height_medium\"><div class=\"l-section-h i-cf\"><div class=\"g-cols vc_row via_grid cols_1 laptops-cols_inherit tablets-cols_inherit mobiles-cols_1 valign_top type_default stacking_default\"><div class=\"wpb_column vc_column_container\"><div class=\"vc_column-inner\"><div class=\"wpb_text_column\"><div class=\"wpb_wrapper\"><h2>Domande frequenti sul Tour La Malagueta<\/h2>\n<\/div><\/div><div class=\"w-tabs style_default switch_click accordion has_scrolling\" style=\"--sections-title-size:inherit\"><div class=\"w-tabs-sections titles-align_none icon_chevron cpos_right\"><div class=\"w-tabs-section\" id=\"k652\"><button class=\"w-tabs-section-header\" aria-controls=\"content-k652\" aria-expanded=\"false\"><div class=\"w-tabs-section-title\">Quanto costa visitare l&#039;arena di Malaga?<\/div><div class=\"w-tabs-section-control\"><\/div><\/button><div  class=\"w-tabs-section-content\" id=\"content-k652\"><div class=\"w-tabs-section-content-h i-cf\"><div class=\"wpb_text_column\"><div class=\"wpb_wrapper\"><p>Prezzi e tariffe aggiornate sono disponibili sul sito <a href=\"http:\/\/www.lamalaguetatour.com\">www.lamalaguetatour.com.<\/a> Sono disponibili tariffe per adulti, gruppi e condizioni speciali per le agenzie di viaggio.<\/p>\n<\/div><\/div><\/div><\/div><\/div><div class=\"w-tabs-section\" id=\"y78c\"><button class=\"w-tabs-section-header\" aria-controls=\"content-y78c\" aria-expanded=\"false\"><div class=\"w-tabs-section-title\">Quanto dura il tour de La Malagueta?<\/div><div class=\"w-tabs-section-control\"><\/div><\/button><div  class=\"w-tabs-section-content\" id=\"content-y78c\"><div class=\"w-tabs-section-content-h i-cf\"><div class=\"wpb_text_column\"><div class=\"wpb_wrapper\"><p>La visita completa dura circa 60-90 minuti, compresi il tour del sito e l&#8217;esperienza del museo immersivo.<\/p>\n<\/div><\/div><\/div><\/div><\/div><div class=\"w-tabs-section\" id=\"q8a8\"><button class=\"w-tabs-section-header\" aria-controls=\"content-q8a8\" aria-expanded=\"false\"><div class=\"w-tabs-section-title\">In quali lingue \u00e8 disponibile l&#039;audioguida?<\/div><div class=\"w-tabs-section-control\"><\/div><\/button><div  class=\"w-tabs-section-content\" id=\"content-q8a8\"><div class=\"w-tabs-section-content-h i-cf\"><div class=\"wpb_text_column\"><div class=\"wpb_wrapper\"><p>Le audioguide sono disponibili in diverse lingue, tra cui spagnolo, inglese, francese, tedesco e italiano.<\/p>\n<\/div><\/div><\/div><\/div><\/div><div class=\"w-tabs-section\" id=\"u9dd\"><button class=\"w-tabs-section-header\" aria-controls=\"content-u9dd\" aria-expanded=\"false\"><div class=\"w-tabs-section-title\">\u00c8 possibile visitare l&#039;arena di Malaga senza prenotare in anticipo?<\/div><div class=\"w-tabs-section-control\"><\/div><\/button><div  class=\"w-tabs-section-content\" id=\"content-u9dd\"><div class=\"w-tabs-section-content-h i-cf\"><div class=\"wpb_text_column\"><div class=\"wpb_wrapper\"><p>Si consiglia la prenotazione anticipata, soprattutto in alta stagione. Puoi prenotare direttamente su <a href=\"https:\/\/lamalaguetatour.com\/\" target=\"_blank\" rel=\"noopener\">lamalaguetatour.com.<\/a><\/p>\n<\/div><\/div><\/div><\/div><\/div><div class=\"w-tabs-section\" id=\"kafd\"><button class=\"w-tabs-section-header\" aria-controls=\"content-kafd\" aria-expanded=\"false\"><div class=\"w-tabs-section-title\">Cos&#039;\u00e8 il CEIT?<\/div><div class=\"w-tabs-section-control\"><\/div><\/button><div  class=\"w-tabs-section-content\" id=\"content-kafd\"><div class=\"w-tabs-section-content-h i-cf\"><div class=\"wpb_text_column\"><div class=\"wpb_wrapper\"><p>Il CEIT (Centro de Experiencias Inmersivas de la Tauromaquia) \u00e8 il museo della corrida pi\u00f9 tecnologico al mondo, situato all&#8217;interno de La Malagueta. Dispone di 6 sale con esperienze digitali e interattive sulle origini della corrida, la storia dell&#8217;arena, la dehesa e il mondo del toro da combattimento.<\/p>\n<\/div><\/div><\/div><\/div><\/div><div class=\"w-tabs-section\" id=\"jc19\"><button class=\"w-tabs-section-header\" aria-controls=\"content-jc19\" aria-expanded=\"false\"><div class=\"w-tabs-section-title\">Il tour \u00e8 adatto ai bambini?<\/div><div class=\"w-tabs-section-control\"><\/div><\/button><div  class=\"w-tabs-section-content\" id=\"content-jc19\"><div class=\"w-tabs-section-content-h i-cf\"><div class=\"wpb_text_column\"><div class=\"wpb_wrapper\"><p>S\u00ec, il tour e il museo immersivo sono pensati per tutti i tipi di pubblico, con contenuti digitali e giochi che rendono l&#8217;esperienza molto interessante per i visitatori pi\u00f9 giovani.<\/p>\n<\/div><\/div><\/div><\/div><\/div><div class=\"w-tabs-section\" id=\"cd40\"><button class=\"w-tabs-section-header\" aria-controls=\"content-cd40\" aria-expanded=\"false\"><div class=\"w-tabs-section-title\">Dove si trova La Malagueta?<\/div><div class=\"w-tabs-section-control\"><\/div><\/button><div  class=\"w-tabs-section-content\" id=\"content-cd40\"><div class=\"w-tabs-section-content-h i-cf\"><div class=\"wpb_text_column\"><div class=\"wpb_wrapper\"><p>Il Plaza de Toros La Malagueta si trova in Paseo de Reding, 8, a circa 15 minuti a piedi dal centro storico di Malaga e a pochi metri dal Paseo Mar\u00edtimo.<\/p>\n<\/div><\/div><\/div><\/div><\/div><div class=\"w-tabs-section\" id=\"te5b\"><button class=\"w-tabs-section-header\" aria-controls=\"content-te5b\" aria-expanded=\"false\"><div class=\"w-tabs-section-title\">Posso acquistare i biglietti per il tour e per la corrida nello stesso giorno?<\/div><div class=\"w-tabs-section-control\"><\/div><\/button><div  class=\"w-tabs-section-content\" id=\"content-te5b\"><div class=\"w-tabs-section-content-h i-cf\"><div class=\"wpb_text_column\"><div class=\"wpb_wrapper\"><p>S\u00ec, \u00e8 possibile combinare il tour con la corrida. I clienti del palco VIP hanno la visita guidata privata inclusa nel biglietto.<\/p>\n<\/div><\/div><\/div><\/div><\/div><div class=\"w-tabs-section\" id=\"ff67\"><button class=\"w-tabs-section-header\" aria-controls=\"content-ff67\" aria-expanded=\"false\"><div class=\"w-tabs-section-title\">L&#039;arena di Malaga dispone di un parcheggio?<\/div><div class=\"w-tabs-section-control\"><\/div><\/button><div  class=\"w-tabs-section-content\" id=\"content-ff67\"><div class=\"w-tabs-section-content-h i-cf\"><div class=\"wpb_text_column\"><div class=\"wpb_wrapper\"><p>Sotto l&#8217;arena \u00e8 disponibile un parcheggio sotterraneo, il parcheggio Cervantes, oltre ad altri parcheggi intorno al Paseo de Reding, come il Muelle Uno.<\/p>\n<\/div><\/div><\/div><\/div><\/div><\/div><\/div><\/div><\/div><\/div><\/div><\/section>\n","protected":false},"excerpt":{"rendered":"Tour e visita guidata all&#039;arena di MalagaPrenota la tua visitaScopri uno dei monumenti pi\u00f9 emblematici di Malaga dall&#8217;interno. Il Tour La Malagueta ti permette di visitare ogni angolo della Plaza de Toros de La Malagueta &#8211; inaugurata nel 1876 e dichiarata Bene di Interesse Culturale &#8211; e di accedere al Bullfighting Immersive Experience Centre (CEIT),...","protected":false},"author":4,"featured_media":0,"parent":0,"menu_order":0,"comment_status":"closed","ping_status":"closed","template":"","meta":{"footnotes":""},"class_list":["post-22495","page","type-page","status-publish","hentry"],"yoast_head":"<!-- This site is optimized with the Yoast SEO plugin v27.5 - https:\/\/yoast.com\/product\/yoast-seo-wordpress\/ -->\n<title>Tour Plaza de Toros M\u00e1laga + Museo immersivo della corrida<\/title>\n<meta name=\"description\" content=\"Visita l&#039;arena di Malaga. Scopri l&#039;arena, le arene e il coinvolgente museo della corrida. Audioguide in diverse lingue, prenota ora!\" \/>\n<meta name=\"robots\" content=\"index, follow, max-snippet:-1, max-image-preview:large, max-video-preview:-1\" \/>\n<link rel=\"canonical\" href=\"https:\/\/plazadetoroslamalagueta.com\/it\/tour-dellarena\/\" \/>\n<meta property=\"og:locale\" content=\"it_IT\" \/>\n<meta property=\"og:type\" content=\"article\" \/>\n<meta property=\"og:title\" content=\"Tour Plaza de Toros M\u00e1laga + Museo immersivo della corrida\" \/>\n<meta property=\"og:description\" content=\"Visita l&#039;arena di Malaga. Scopri l&#039;arena, le arene e il coinvolgente museo della corrida. Audioguide in diverse lingue, prenota ora!\" \/>\n<meta property=\"og:url\" content=\"https:\/\/plazadetoroslamalagueta.com\/it\/tour-dellarena\/\" \/>\n<meta property=\"og:site_name\" content=\"Plaza de Toros La Malagueta\" \/>\n<meta property=\"article:modified_time\" content=\"2026-04-20T12:13:51+00:00\" \/>\n<meta property=\"og:image\" content=\"https:\/\/plazadetoroslamalagueta.com\/wp-content\/uploads\/2023\/03\/Diseno-sin-titulo.jpeg\" \/>\n\t<meta property=\"og:image:width\" content=\"1200\" \/>\n\t<meta property=\"og:image:height\" content=\"675\" \/>\n\t<meta property=\"og:image:type\" content=\"image\/jpeg\" \/>\n<meta name=\"twitter:card\" content=\"summary_large_image\" \/>\n<meta name=\"twitter:label1\" content=\"Tempo di lettura stimato\" \/>\n\t<meta name=\"twitter:data1\" content=\"1 minuto\" \/>\n<script type=\"application\/ld+json\" class=\"yoast-schema-graph\">{\"@context\":\"https:\\\/\\\/schema.org\",\"@graph\":[{\"@type\":\"WebPage\",\"@id\":\"https:\\\/\\\/plazadetoroslamalagueta.com\\\/it\\\/tour-dellarena\\\/\",\"url\":\"https:\\\/\\\/plazadetoroslamalagueta.com\\\/it\\\/tour-dellarena\\\/\",\"name\":\"Tour Plaza de Toros M\u00e1laga + Museo immersivo della corrida\",\"isPartOf\":{\"@id\":\"https:\\\/\\\/plazadetoroslamalagueta.com\\\/it\\\/#website\"},\"datePublished\":\"2024-09-20T14:29:33+00:00\",\"dateModified\":\"2026-04-20T12:13:51+00:00\",\"description\":\"Visita l'arena di Malaga. Scopri l'arena, le arene e il coinvolgente museo della corrida. Audioguide in diverse lingue, prenota ora!\",\"breadcrumb\":{\"@id\":\"https:\\\/\\\/plazadetoroslamalagueta.com\\\/it\\\/tour-dellarena\\\/#breadcrumb\"},\"inLanguage\":\"it-IT\",\"potentialAction\":[{\"@type\":\"ReadAction\",\"target\":[\"https:\\\/\\\/plazadetoroslamalagueta.com\\\/it\\\/tour-dellarena\\\/\"]}]},{\"@type\":\"BreadcrumbList\",\"@id\":\"https:\\\/\\\/plazadetoroslamalagueta.com\\\/it\\\/tour-dellarena\\\/#breadcrumb\",\"itemListElement\":[{\"@type\":\"ListItem\",\"position\":1,\"name\":\"Inicio\",\"item\":\"https:\\\/\\\/plazadetoroslamalagueta.com\\\/it\\\/\"},{\"@type\":\"ListItem\",\"position\":2,\"name\":\"Tour dell&#8217;arena\"}]},{\"@type\":\"WebSite\",\"@id\":\"https:\\\/\\\/plazadetoroslamalagueta.com\\\/it\\\/#website\",\"url\":\"https:\\\/\\\/plazadetoroslamalagueta.com\\\/it\\\/\",\"name\":\"Plaza de Toros de la Malagueta\",\"description\":\"La Plaza de Toros de M\u00e1laga, de nombre La Malagueta, es un edificio reconocido Bien de Inter\u00e9s Cultural, que ofrece visitas tur\u00edsticas y corridas de toros y otros tipos de espect\u00e1culo durante todo el a\u00f1o.\",\"publisher\":{\"@id\":\"https:\\\/\\\/plazadetoroslamalagueta.com\\\/it\\\/#organization\"},\"alternateName\":\"Plaza de Toros M\u00e1laga\",\"potentialAction\":[{\"@type\":\"SearchAction\",\"target\":{\"@type\":\"EntryPoint\",\"urlTemplate\":\"https:\\\/\\\/plazadetoroslamalagueta.com\\\/it\\\/?s={search_term_string}\"},\"query-input\":{\"@type\":\"PropertyValueSpecification\",\"valueRequired\":true,\"valueName\":\"search_term_string\"}}],\"inLanguage\":\"it-IT\"},{\"@type\":\"Organization\",\"@id\":\"https:\\\/\\\/plazadetoroslamalagueta.com\\\/it\\\/#organization\",\"name\":\"Plaza de Toros la Malagueta\",\"url\":\"https:\\\/\\\/plazadetoroslamalagueta.com\\\/it\\\/\",\"logo\":{\"@type\":\"ImageObject\",\"inLanguage\":\"it-IT\",\"@id\":\"https:\\\/\\\/plazadetoroslamalagueta.com\\\/it\\\/#\\\/schema\\\/logo\\\/image\\\/\",\"url\":\"https:\\\/\\\/plazadetoroslamalagueta.com\\\/wp-content\\\/uploads\\\/2024\\\/02\\\/Logo-plaza-toros.webp\",\"contentUrl\":\"https:\\\/\\\/plazadetoroslamalagueta.com\\\/wp-content\\\/uploads\\\/2024\\\/02\\\/Logo-plaza-toros.webp\",\"width\":100,\"height\":100,\"caption\":\"Plaza de Toros la Malagueta\"},\"image\":{\"@id\":\"https:\\\/\\\/plazadetoroslamalagueta.com\\\/it\\\/#\\\/schema\\\/logo\\\/image\\\/\"}}]}<\/script>\n<!-- \/ Yoast SEO plugin. -->","yoast_head_json":{"title":"Tour Plaza de Toros M\u00e1laga + Museo immersivo della corrida","description":"Visita l'arena di Malaga. Scopri l'arena, le arene e il coinvolgente museo della corrida. Audioguide in diverse lingue, prenota ora!","robots":{"index":"index","follow":"follow","max-snippet":"max-snippet:-1","max-image-preview":"max-image-preview:large","max-video-preview":"max-video-preview:-1"},"canonical":"https:\/\/plazadetoroslamalagueta.com\/it\/tour-dellarena\/","og_locale":"it_IT","og_type":"article","og_title":"Tour Plaza de Toros M\u00e1laga + Museo immersivo della corrida","og_description":"Visita l'arena di Malaga. Scopri l'arena, le arene e il coinvolgente museo della corrida. Audioguide in diverse lingue, prenota ora!","og_url":"https:\/\/plazadetoroslamalagueta.com\/it\/tour-dellarena\/","og_site_name":"Plaza de Toros La Malagueta","article_modified_time":"2026-04-20T12:13:51+00:00","og_image":[{"width":1200,"height":675,"url":"https:\/\/plazadetoroslamalagueta.com\/wp-content\/uploads\/2023\/03\/Diseno-sin-titulo.jpeg","type":"image\/jpeg"}],"twitter_card":"summary_large_image","twitter_misc":{"Tempo di lettura stimato":"1 minuto"},"schema":{"@context":"https:\/\/schema.org","@graph":[{"@type":"WebPage","@id":"https:\/\/plazadetoroslamalagueta.com\/it\/tour-dellarena\/","url":"https:\/\/plazadetoroslamalagueta.com\/it\/tour-dellarena\/","name":"Tour Plaza de Toros M\u00e1laga + Museo immersivo della corrida","isPartOf":{"@id":"https:\/\/plazadetoroslamalagueta.com\/it\/#website"},"datePublished":"2024-09-20T14:29:33+00:00","dateModified":"2026-04-20T12:13:51+00:00","description":"Visita l'arena di Malaga. Scopri l'arena, le arene e il coinvolgente museo della corrida. Audioguide in diverse lingue, prenota ora!","breadcrumb":{"@id":"https:\/\/plazadetoroslamalagueta.com\/it\/tour-dellarena\/#breadcrumb"},"inLanguage":"it-IT","potentialAction":[{"@type":"ReadAction","target":["https:\/\/plazadetoroslamalagueta.com\/it\/tour-dellarena\/"]}]},{"@type":"BreadcrumbList","@id":"https:\/\/plazadetoroslamalagueta.com\/it\/tour-dellarena\/#breadcrumb","itemListElement":[{"@type":"ListItem","position":1,"name":"Inicio","item":"https:\/\/plazadetoroslamalagueta.com\/it\/"},{"@type":"ListItem","position":2,"name":"Tour dell&#8217;arena"}]},{"@type":"WebSite","@id":"https:\/\/plazadetoroslamalagueta.com\/it\/#website","url":"https:\/\/plazadetoroslamalagueta.com\/it\/","name":"Plaza de Toros de la Malagueta","description":"La Plaza de Toros de M\u00e1laga, de nombre La Malagueta, es un edificio reconocido Bien de Inter\u00e9s Cultural, que ofrece visitas tur\u00edsticas y corridas de toros y otros tipos de espect\u00e1culo durante todo el a\u00f1o.","publisher":{"@id":"https:\/\/plazadetoroslamalagueta.com\/it\/#organization"},"alternateName":"Plaza de Toros M\u00e1laga","potentialAction":[{"@type":"SearchAction","target":{"@type":"EntryPoint","urlTemplate":"https:\/\/plazadetoroslamalagueta.com\/it\/?s={search_term_string}"},"query-input":{"@type":"PropertyValueSpecification","valueRequired":true,"valueName":"search_term_string"}}],"inLanguage":"it-IT"},{"@type":"Organization","@id":"https:\/\/plazadetoroslamalagueta.com\/it\/#organization","name":"Plaza de Toros la Malagueta","url":"https:\/\/plazadetoroslamalagueta.com\/it\/","logo":{"@type":"ImageObject","inLanguage":"it-IT","@id":"https:\/\/plazadetoroslamalagueta.com\/it\/#\/schema\/logo\/image\/","url":"https:\/\/plazadetoroslamalagueta.com\/wp-content\/uploads\/2024\/02\/Logo-plaza-toros.webp","contentUrl":"https:\/\/plazadetoroslamalagueta.com\/wp-content\/uploads\/2024\/02\/Logo-plaza-toros.webp","width":100,"height":100,"caption":"Plaza de Toros la Malagueta"},"image":{"@id":"https:\/\/plazadetoroslamalagueta.com\/it\/#\/schema\/logo\/image\/"}}]}},"_links":{"self":[{"href":"https:\/\/plazadetoroslamalagueta.com\/it\/wp-json\/wp\/v2\/pages\/22495","targetHints":{"allow":["GET"]}}],"collection":[{"href":"https:\/\/plazadetoroslamalagueta.com\/it\/wp-json\/wp\/v2\/pages"}],"about":[{"href":"https:\/\/plazadetoroslamalagueta.com\/it\/wp-json\/wp\/v2\/types\/page"}],"author":[{"embeddable":true,"href":"https:\/\/plazadetoroslamalagueta.com\/it\/wp-json\/wp\/v2\/users\/4"}],"replies":[{"embeddable":true,"href":"https:\/\/plazadetoroslamalagueta.com\/it\/wp-json\/wp\/v2\/comments?post=22495"}],"version-history":[{"count":17,"href":"https:\/\/plazadetoroslamalagueta.com\/it\/wp-json\/wp\/v2\/pages\/22495\/revisions"}],"predecessor-version":[{"id":39169,"href":"https:\/\/plazadetoroslamalagueta.com\/it\/wp-json\/wp\/v2\/pages\/22495\/revisions\/39169"}],"wp:attachment":[{"href":"https:\/\/plazadetoroslamalagueta.com\/it\/wp-json\/wp\/v2\/media?parent=22495"}],"curies":[{"name":"wp","href":"https:\/\/api.w.org\/{rel}","templated":true}]}}