{"id":22081,"date":"2023-02-17T10:13:03","date_gmt":"2023-02-17T09:13:03","guid":{"rendered":"https:\/\/plazadetoroslamalagueta.com\/informativa-sulla-privacy\/"},"modified":"2025-01-15T13:08:18","modified_gmt":"2025-01-15T12:08:18","slug":"informativa-sulla-privacy","status":"publish","type":"page","link":"https:\/\/plazadetoroslamalagueta.com\/it\/informativa-sulla-privacy\/","title":{"rendered":"Informativa sulla privacy"},"content":{"rendered":"<section class=\"l-section wpb_row height_medium\"><div class=\"l-section-h i-cf\"><div class=\"g-cols vc_row via_grid cols_1 laptops-cols_inherit tablets-cols_inherit mobiles-cols_1 valign_top type_default stacking_default\"><div class=\"wpb_column vc_column_container\"><div class=\"vc_column-inner\"><div class=\"wpb_text_column\"><div class=\"wpb_wrapper\"><h3>Protezione dei dati personali ai sensi del GDPR<\/h3>\n<p>Toroshopping, S.L., <a href=\"https:\/\/plazadetoroslamalagueta.com\/it\/\" target=\"_blank\" rel=\"noopener\" data-saferedirecturl=\"https:\/\/www.google.com\/url?q=https:\/\/plazadetoroslamalagueta.com&amp;source=gmail&amp;ust=1693983469555000&amp;usg=AOvVaw0Kv9NnnAxoC0yzzBNQaVlR\"><wbr><\/wbr>in applicazione della normativa vigente in materia di<\/a> <a href=\"https:\/\/protecciondatos-lopd.com\/auditoria\/proteccion-datos\/\" target=\"_blank\" rel=\"noopener\" data-saferedirecturl=\"https:\/\/www.google.com\/url?q=https:\/\/protecciondatos-lopd.com\/auditoria\/proteccion-datos\/&amp;source=gmail&amp;ust=1693983469555000&amp;usg=AOvVaw06cAt1rQmvPvcyiRrzyEtd\">protezione dei dati<\/a> personali, informa che i dati personali raccolti attraverso i moduli presenti sul sito web: <a href=\"https:\/\/plazadetoroslamalagueta.com\/it\/\" target=\"_blank\" rel=\"noopener\" data-saferedirecturl=\"https:\/\/www.google.com\/url?q=https:\/\/plazadetoroslamalagueta.com&amp;source=gmail&amp;ust=1693983469555000&amp;usg=AOvVaw0Kv9NnnAxoC0yzzBNQaVlR\">https:\/\/ plazadetoroslamalagueta.com<\/a>, sono inseriti negli archivi automatizzati specifici degli utenti dei servizi di Toroshopping, S.L.. La raccolta e il trattamento automatizzato dei dati personali ha lo scopo di mantenere il rapporto commerciale e lo svolgimento dei compiti di informazione, formazione, consulenza e altre attivit\u00e0 di Toroshopping, S.L. Questi dati saranno trasferiti solo a quei soggetti che sono necessari al solo scopo di rispettare la finalit\u00e0 di cui sopra. Toroshopping, S.L. adotta le misure necessarie per garantire la sicurezza, l&#8217;integrit\u00e0 e la riservatezza dei dati in conformit\u00e0 con le disposizioni del Regolamento (UE) 2016\/679 del Parlamento europeo e del Consiglio, del 27 aprile 2016, relativo alla protezione delle persone fisiche con riguardo al trattamento dei dati personali, nonch\u00e9 alla libera circolazione di tali dati, e che abroga la vecchia LOPD, la nuova Legge Organica 3\/2018, del 5 dicembre, sulla protezione dei dati e la garanzia dei diritti digitali (LOPDGDDD). L&#8217;utente potr\u00e0 in qualsiasi momento esercitare i diritti di accesso, opposizione, rettifica, cancellazione, limitazione e portabilit\u00e0 riconosciuti dal suddetto Regolamento (UE). Tali diritti potranno essere esercitati dall&#8217;utente inviando un&#8217;e-mail a: <a href=\"mailto:info@toroshopping.com\" target=\"_blank\" rel=\"noopener\">info@toroshopping.com<\/a> o al seguente indirizzo: Centro Melior Vasari. Urbanizaci\u00f3n La Alzambra, 3, Local 1, C.P. 29660 &#8211; Marbella (M\u00e1laga). L&#8217;utente dichiara che tutti i dati da lui forniti sono veritieri e corretti e si impegna a mantenerli aggiornati, comunicando a Toroshopping, S.L. eventuali variazioni.<\/p>\n<h5><strong>Finalit\u00e0 del trattamento dei dati personali:<\/strong><\/h5>\n<p><strong>Per quali scopi tratteremo i tuoi dati personali?<\/strong><\/p>\n<p> <a href=\"https:\/\/plazadetoroslamalagueta.com\/it\/\" target=\"_blank\" rel=\"noopener\" data-saferedirecturl=\"https:\/\/www.google.com\/url?q=https:\/\/plazadetoroslamalagueta.com&amp;source=gmail&amp;ust=1693983469555000&amp;usg=AOvVaw0Kv9NnnAxoC0yzzBNQaVlR\"><wbr><\/wbr>Toroshopping, S.L., tratter\u00e0 i tuoi dati personali raccolti attraverso il sito web:<\/a> <a href=\"https:\/\/plazadetoroslamalagueta.com\/it\/\" target=\"_blank\" rel=\"noopener\" data-saferedirecturl=\"https:\/\/www.google.com\/url?q=https:\/\/plazadetoroslamalagueta.com&amp;source=gmail&amp;ust=1693983469555000&amp;usg=AOvVaw0Kv9NnnAxoC0yzzBNQaVlR\">https:\/\/ plazadetoroslamalagueta.com<\/a>, per le seguenti finalit\u00e0:<\/p>\n<ol>\n<li>Rispettare gli obblighi commerciali, lavorativi, aziendali e contabili dell&#8217;azienda.<\/li>\n<li>Per fornire i propri servizi in base alle esigenze specifiche dei clienti, al fine di adempiere ai contratti stipulati.<\/li>\n<li>Invio di informazioni commerciali e newsletter sui nuovi servizi offerti dal sito web e dal settore.<\/li>\n<li>Per acquistare i prodotti offerti dal sito.<\/li>\n<li>Per fornire i servizi richiesti dall&#8217;utente.<\/li>\n<li>Invia informazioni promozionali per via elettronica.<\/li>\n<li>Fornisci le informazioni richieste dall&#8217;utente attraverso il modulo di contatto.<\/li>\n<\/ol>\n<p>Ti ricordiamo che puoi opporti all&#8217;invio di comunicazioni commerciali con qualsiasi mezzo e in qualsiasi momento inviando un&#8217;e-mail all&#8217;indirizzo sopra indicato. I campi di queste registrazioni devono essere compilati e sar\u00e0 impossibile realizzare le finalit\u00e0 espresse in mancanza di tali dati.<\/p>\n<p><strong>Per quanto tempo saranno conservati i dati personali raccolti?<\/strong><\/p>\n<p>I dati personali forniti saranno conservati per tutto il tempo in cui il rapporto commerciale sar\u00e0 mantenuto o l&#8217;utente non ne richieder\u00e0 la cancellazione e per il periodo di tempo in cui potrebbero sorgere responsabilit\u00e0 legali dai servizi forniti.<\/p>\n<h5>Legittimazione:<\/h5>\n<p>Il trattamento dei tuoi dati avviene sulla base delle seguenti basi giuridiche che lo legittimano:<\/p>\n<ol>\n<li>La richiesta di informazioni e\/o la contrattazione dei servizi di Toroshopping, S.L., i cui termini e condizioni saranno resi disponibili all&#8217;utente in ogni caso, prima di ogni eventuale contrattazione.<\/li>\n<li>Un consenso libero, specifico, informato e inequivocabile, nella misura in cui ti informiamo mettendo a tua disposizione la presente informativa sulla privacy che, dopo averla letta, se sei d&#8217;accordo, puoi accettare mediante una dichiarazione o una chiara azione affermativa, come ad esempio spuntare una casella prevista a tale scopo.<\/li>\n<\/ol>\n<p>Se non ci fornisci i tuoi dati, o se li fornisci in modo errato o incompleto, non saremo in grado di evadere la tua richiesta, rendendoci impossibile fornirti le informazioni richieste o portare a termine la contrattazione dei servizi.<\/p>\n<h5>Gruppo target:<\/h5>\n<p>I dati non saranno comunicati a terzi al di fuori di Toroshopping, S.L., a meno che non siano obbligati per legge a farlo.<\/p>\n<h5>Dati raccolti dagli utenti dei servizi<\/h5>\n<p>Nei casi in cui l&#8217;utente inserisca file con dati personali nei server di hosting condiviso, Toroshopping, S.L. non \u00e8 responsabile del mancato rispetto del RGPD da parte dell&#8217;utente.<\/p>\n<h5> <a href=\"https:\/\/plazadetoroslamalagueta.com\/it\/\" target=\"_blank\" rel=\"noopener\" data-saferedirecturl=\"https:\/\/www.google.com\/url?q=https:\/\/plazadetoroslamalagueta.com&amp;source=gmail&amp;ust=1693983469555000&amp;usg=AOvVaw0Kv9NnnAxoC0yzzBNQaVlR\"><wbr><\/wbr>Diritti di propriet\u00e0 intellettuale<\/a> <a href=\"https:\/\/plazadetoroslamalagueta.com\/it\/\" target=\"_blank\" rel=\"noopener\" data-saferedirecturl=\"https:\/\/www.google.com\/url?q=https:\/\/plazadetoroslamalagueta.com&amp;source=gmail&amp;ust=1693983469555000&amp;usg=AOvVaw0Kv9NnnAxoC0yzzBNQaVlR\">https:\/\/ plazadetoroslamalagueta.com<\/a><\/h5>\n<p> <a href=\"https:\/\/plazadetoroslamalagueta.com\/it\/\" target=\"_blank\" rel=\"noopener\" data-saferedirecturl=\"https:\/\/www.google.com\/url?q=https:\/\/plazadetoroslamalagueta.com&amp;source=gmail&amp;ust=1693983469555000&amp;usg=AOvVaw0Kv9NnnAxoC0yzzBNQaVlR\"><wbr><\/wbr>Toroshopping, S.L. \u00e8 titolare di tutti i diritti d&#8217;autore, di propriet\u00e0 intellettuale e industriale, di &#8220;know how&#8221; e di qualsiasi altro diritto relativo ai contenuti del sito web<\/a> <a href=\"https:\/\/plazadetoroslamalagueta.com\/it\/\" target=\"_blank\" rel=\"noopener\" data-saferedirecturl=\"https:\/\/www.google.com\/url?q=https:\/\/plazadetoroslamalagueta.com&amp;source=gmail&amp;ust=1693983469555000&amp;usg=AOvVaw0Kv9NnnAxoC0yzzBNQaVlR\">https:\/\/ plazadetoroslamalagueta.com<\/a> e ai servizi in esso offerti, nonch\u00e9 ai programmi necessari per la sua realizzazione e alle relative informazioni. <a href=\"https:\/\/plazadetoroslamalagueta.com\/it\/\" target=\"_blank\" rel=\"noopener\" data-saferedirecturl=\"https:\/\/www.google.com\/url?q=https:\/\/plazadetoroslamalagueta.com&amp;source=gmail&amp;ust=1693983469555000&amp;usg=AOvVaw0Kv9NnnAxoC0yzzBNQaVlR\"><wbr><\/wbr>La riproduzione, la pubblicazione e\/o l&#8217;utilizzo dei contenuti, in tutto o in parte, del sito web<\/a> <a href=\"https:\/\/plazadetoroslamalagueta.com\/it\/\" target=\"_blank\" rel=\"noopener\" data-saferedirecturl=\"https:\/\/www.google.com\/url?q=https:\/\/plazadetoroslamalagueta.com&amp;source=gmail&amp;ust=1693983469555000&amp;usg=AOvVaw0Kv9NnnAxoC0yzzBNQaVlR\">https:\/\/ plazadetoroslamalagueta.com<\/a>, se non per uso strettamente privato, non \u00e8 consentita senza il preventivo consenso scritto.<\/p>\n<h5>Propriet\u00e0 intellettuale del software<\/h5>\n<p>L&#8217;utente \u00e8 tenuto a rispettare i programmi di terze parti messi a disposizione da Toroshopping, S.L., anche se gratuiti e\/o disponibili pubblicamente. Toroshopping, S.L. dispone dei necessari diritti di sfruttamento e di propriet\u00e0 intellettuale del software. L&#8217;utente non acquisisce alcun diritto o licenza per il servizio oggetto del contratto, sul software necessario per la fornitura del servizio, n\u00e9 sulle informazioni tecniche che monitorano il servizio, ad eccezione dei diritti e delle licenze necessari per l&#8217;adempimento dei servizi oggetto del contratto e solo per la durata dello stesso. Per qualsiasi azione che vada oltre l&#8217;adempimento del contratto, l&#8217;utente dovr\u00e0 ottenere un&#8217;autorizzazione scritta da parte di Toroshopping, S.L., e gli \u00e8 vietato accedere, modificare, visualizzare la configurazione, la struttura e i file dei server di propriet\u00e0 di Toroshopping, S.L., assumendosi la responsabilit\u00e0 civile e penale derivante da qualsiasi incidente che possa verificarsi nei server e nei sistemi di sicurezza come diretta conseguenza di un&#8217;azione negligente o dolosa da parte sua.<\/p>\n<h5>Propriet\u00e0 intellettuale dei contenuti ospitati<\/h5>\n<p>L&#8217;uso contrario alla normativa sulla propriet\u00e0 intellettuale dei servizi forniti da Toroshopping, S.L. e, in particolare, di:<\/p>\n<ol>\n<li>L&#8217;uso contrario alla legge spagnola o che viola i diritti di terzi.<\/li>\n<li>La pubblicazione o la trasmissione di qualsiasi contenuto che, a giudizio di Toroshopping, S.L., sia violento, osceno, abusivo, illegale, razziale, xenofobo o diffamatorio.<\/li>\n<li>Cracks, numeri di serie di software o qualsiasi altro contenuto che violi i diritti di propriet\u00e0 intellettuale di terzi.<\/li>\n<li>La raccolta e\/o l&#8217;utilizzo di dati personali di altri utenti senza il loro consenso espresso o in violazione delle disposizioni del Regolamento (UE) 2016\/679 del Parlamento Europeo e del Consiglio del 27 aprile 2016 relativo alla protezione delle persone fisiche con riguardo al trattamento dei dati personali, nonch\u00e9 alla libera circolazione di tali dati.<\/li>\n<li>L&#8217;utilizzo del server di posta e degli indirizzi e-mail del dominio per l&#8217;invio di e-mail indesiderate.<\/li>\n<\/ol>\n<p>L&#8217;utente si assume la piena responsabilit\u00e0 dei contenuti del suo sito web, delle informazioni trasmesse e memorizzate, dei collegamenti ipertestuali, delle rivendicazioni di terzi e delle azioni legali in riferimento alla propriet\u00e0 intellettuale, ai diritti di terzi e alla tutela dei minori. L&#8217;utente \u00e8 responsabile del rispetto delle leggi e dei regolamenti in vigore e delle norme relative al funzionamento del servizio online, al commercio elettronico, al diritto d&#8217;autore, al mantenimento dell&#8217;ordine pubblico, nonch\u00e9 dei principi universali dell&#8217;uso di Internet. L&#8217;utente dovr\u00e0 risarcire Toroshopping, S.L. per i costi sostenuti da Toroshopping, S.L. in qualsiasi caso di cui l&#8217;utente sia responsabile, comprese le spese legali, anche nel caso di una decisione giudiziaria non definitiva.<\/p>\n<h5>Protezione delle informazioni ospitate<\/h5>\n<p>Toroshopping, S.L. effettua copie di backup dei contenuti ospitati sui propri server, tuttavia non \u00e8 responsabile della perdita o della cancellazione accidentale dei dati da parte degli utenti. Allo stesso modo, non garantisce la sostituzione totale dei dati cancellati dagli utenti, in quanto i suddetti dati potrebbero essere stati cancellati e\/o modificati durante il periodo di tempo trascorso dall&#8217;ultimo backup. I servizi offerti, ad eccezione di quelli specifici di backup, non includono la sostituzione dei contenuti conservati nelle copie di backup effettuate da Toroshopping, S.L., qualora tale perdita sia imputabile all&#8217;utente; in questo caso, verr\u00e0 stabilito un costo in base alla complessit\u00e0 e al volume del ripristino, sempre previa accettazione dell&#8217;utente. La sostituzione dei dati cancellati \u00e8 inclusa nel prezzo del servizio solo quando la perdita dei contenuti \u00e8 dovuta a cause imputabili a Toroshopping, S.L.. <\/p>\n<h5>Comunicazioni commerciali<\/h5>\n<p>In applicazione della LSSI. Toroshopping, S.L. non invier\u00e0 comunicazioni pubblicitarie o promozionali tramite e-mail o qualsiasi altro mezzo di comunicazione elettronica equivalente che non siano state precedentemente richieste o espressamente autorizzate dai destinatari delle stesse. Nel caso di utenti con i quali esiste un precedente rapporto contrattuale, Toroshopping, S.L. \u00e8 autorizzata a inviare comunicazioni commerciali relative a prodotti o servizi di Toroshopping, S.L. che siano simili a quelli inizialmente contrattati con il cliente. In ogni caso, l&#8217;utente, dopo aver dimostrato la propria identit\u00e0, pu\u00f2 richiedere che non gli vengano inviate ulteriori informazioni commerciali attraverso i canali del Servizio Clienti. <\/p>\n<\/div><\/div><\/div><\/div><\/div><\/div><\/section>\n","protected":false},"excerpt":{"rendered":"Protezione dei dati personali ai sensi del GDPR Toroshopping, S.L., in applicazione della normativa vigente in materia di protezione dei dati personali, informa che i dati personali raccolti attraverso i moduli presenti sul sito web: https:\/\/ plazadetoroslamalagueta.com, sono inseriti negli archivi automatizzati specifici degli utenti dei servizi di Toroshopping, S.L.. La raccolta e il trattamento...","protected":false},"author":5,"featured_media":22082,"parent":0,"menu_order":0,"comment_status":"closed","ping_status":"closed","template":"","meta":{"footnotes":""},"class_list":["post-22081","page","type-page","status-publish","has-post-thumbnail","hentry"],"yoast_head":"<!-- This site is optimized with the Yoast SEO plugin v27.4 - https:\/\/yoast.com\/product\/yoast-seo-wordpress\/ -->\n<title>Informativa sulla privacy - Plaza de Toros La Malagueta<\/title>\n<meta name=\"robots\" content=\"index, follow, max-snippet:-1, max-image-preview:large, max-video-preview:-1\" \/>\n<link rel=\"canonical\" href=\"https:\/\/plazadetoroslamalagueta.com\/it\/informativa-sulla-privacy\/\" \/>\n<meta property=\"og:locale\" content=\"it_IT\" \/>\n<meta property=\"og:type\" content=\"article\" \/>\n<meta property=\"og:title\" content=\"Informativa sulla privacy - Plaza de Toros La Malagueta\" \/>\n<meta property=\"og:url\" content=\"https:\/\/plazadetoroslamalagueta.com\/it\/informativa-sulla-privacy\/\" \/>\n<meta property=\"og:site_name\" content=\"Plaza de Toros La Malagueta\" \/>\n<meta property=\"article:modified_time\" content=\"2025-01-15T12:08:18+00:00\" \/>\n<meta property=\"og:image\" content=\"https:\/\/plazadetoroslamalagueta.com\/wp-content\/uploads\/2023\/02\/IMG_3635-scaled.jpg\" \/>\n\t<meta property=\"og:image:width\" content=\"2560\" \/>\n\t<meta property=\"og:image:height\" content=\"1707\" \/>\n\t<meta property=\"og:image:type\" content=\"image\/jpeg\" \/>\n<meta name=\"twitter:card\" content=\"summary_large_image\" \/>\n<meta name=\"twitter:label1\" content=\"Tempo di lettura stimato\" \/>\n\t<meta name=\"twitter:data1\" content=\"7 minuti\" \/>\n<script type=\"application\/ld+json\" class=\"yoast-schema-graph\">{\"@context\":\"https:\\\/\\\/schema.org\",\"@graph\":[{\"@type\":\"WebPage\",\"@id\":\"https:\\\/\\\/plazadetoroslamalagueta.com\\\/it\\\/informativa-sulla-privacy\\\/\",\"url\":\"https:\\\/\\\/plazadetoroslamalagueta.com\\\/it\\\/informativa-sulla-privacy\\\/\",\"name\":\"Informativa sulla privacy - Plaza de Toros La Malagueta\",\"isPartOf\":{\"@id\":\"https:\\\/\\\/plazadetoroslamalagueta.com\\\/it\\\/#website\"},\"primaryImageOfPage\":{\"@id\":\"https:\\\/\\\/plazadetoroslamalagueta.com\\\/it\\\/informativa-sulla-privacy\\\/#primaryimage\"},\"image\":{\"@id\":\"https:\\\/\\\/plazadetoroslamalagueta.com\\\/it\\\/informativa-sulla-privacy\\\/#primaryimage\"},\"thumbnailUrl\":\"https:\\\/\\\/plazadetoroslamalagueta.com\\\/wp-content\\\/uploads\\\/2023\\\/02\\\/IMG_3635-scaled.jpg\",\"datePublished\":\"2023-02-17T09:13:03+00:00\",\"dateModified\":\"2025-01-15T12:08:18+00:00\",\"breadcrumb\":{\"@id\":\"https:\\\/\\\/plazadetoroslamalagueta.com\\\/it\\\/informativa-sulla-privacy\\\/#breadcrumb\"},\"inLanguage\":\"it-IT\",\"potentialAction\":[{\"@type\":\"ReadAction\",\"target\":[\"https:\\\/\\\/plazadetoroslamalagueta.com\\\/it\\\/informativa-sulla-privacy\\\/\"]}]},{\"@type\":\"ImageObject\",\"inLanguage\":\"it-IT\",\"@id\":\"https:\\\/\\\/plazadetoroslamalagueta.com\\\/it\\\/informativa-sulla-privacy\\\/#primaryimage\",\"url\":\"https:\\\/\\\/plazadetoroslamalagueta.com\\\/wp-content\\\/uploads\\\/2023\\\/02\\\/IMG_3635-scaled.jpg\",\"contentUrl\":\"https:\\\/\\\/plazadetoroslamalagueta.com\\\/wp-content\\\/uploads\\\/2023\\\/02\\\/IMG_3635-scaled.jpg\",\"width\":2560,\"height\":1707},{\"@type\":\"BreadcrumbList\",\"@id\":\"https:\\\/\\\/plazadetoroslamalagueta.com\\\/it\\\/informativa-sulla-privacy\\\/#breadcrumb\",\"itemListElement\":[{\"@type\":\"ListItem\",\"position\":1,\"name\":\"Inicio\",\"item\":\"https:\\\/\\\/plazadetoroslamalagueta.com\\\/it\\\/\"},{\"@type\":\"ListItem\",\"position\":2,\"name\":\"Informativa sulla privacy\"}]},{\"@type\":\"WebSite\",\"@id\":\"https:\\\/\\\/plazadetoroslamalagueta.com\\\/it\\\/#website\",\"url\":\"https:\\\/\\\/plazadetoroslamalagueta.com\\\/it\\\/\",\"name\":\"Plaza de Toros de la Malagueta\",\"description\":\"La Plaza de Toros de M\u00e1laga, de nombre La Malagueta, es un edificio reconocido Bien de Inter\u00e9s Cultural, que ofrece visitas tur\u00edsticas y corridas de toros y otros tipos de espect\u00e1culo durante todo el a\u00f1o.\",\"publisher\":{\"@id\":\"https:\\\/\\\/plazadetoroslamalagueta.com\\\/it\\\/#organization\"},\"alternateName\":\"Plaza de Toros M\u00e1laga\",\"potentialAction\":[{\"@type\":\"SearchAction\",\"target\":{\"@type\":\"EntryPoint\",\"urlTemplate\":\"https:\\\/\\\/plazadetoroslamalagueta.com\\\/it\\\/?s={search_term_string}\"},\"query-input\":{\"@type\":\"PropertyValueSpecification\",\"valueRequired\":true,\"valueName\":\"search_term_string\"}}],\"inLanguage\":\"it-IT\"},{\"@type\":\"Organization\",\"@id\":\"https:\\\/\\\/plazadetoroslamalagueta.com\\\/it\\\/#organization\",\"name\":\"Plaza de Toros la Malagueta\",\"url\":\"https:\\\/\\\/plazadetoroslamalagueta.com\\\/it\\\/\",\"logo\":{\"@type\":\"ImageObject\",\"inLanguage\":\"it-IT\",\"@id\":\"https:\\\/\\\/plazadetoroslamalagueta.com\\\/it\\\/#\\\/schema\\\/logo\\\/image\\\/\",\"url\":\"https:\\\/\\\/plazadetoroslamalagueta.com\\\/wp-content\\\/uploads\\\/2024\\\/02\\\/Logo-plaza-toros.webp\",\"contentUrl\":\"https:\\\/\\\/plazadetoroslamalagueta.com\\\/wp-content\\\/uploads\\\/2024\\\/02\\\/Logo-plaza-toros.webp\",\"width\":100,\"height\":100,\"caption\":\"Plaza de Toros la Malagueta\"},\"image\":{\"@id\":\"https:\\\/\\\/plazadetoroslamalagueta.com\\\/it\\\/#\\\/schema\\\/logo\\\/image\\\/\"}}]}<\/script>\n<!-- \/ Yoast SEO plugin. -->","yoast_head_json":{"title":"Informativa sulla privacy - Plaza de Toros La Malagueta","robots":{"index":"index","follow":"follow","max-snippet":"max-snippet:-1","max-image-preview":"max-image-preview:large","max-video-preview":"max-video-preview:-1"},"canonical":"https:\/\/plazadetoroslamalagueta.com\/it\/informativa-sulla-privacy\/","og_locale":"it_IT","og_type":"article","og_title":"Informativa sulla privacy - Plaza de Toros La Malagueta","og_url":"https:\/\/plazadetoroslamalagueta.com\/it\/informativa-sulla-privacy\/","og_site_name":"Plaza de Toros La Malagueta","article_modified_time":"2025-01-15T12:08:18+00:00","og_image":[{"width":2560,"height":1707,"url":"https:\/\/plazadetoroslamalagueta.com\/wp-content\/uploads\/2023\/02\/IMG_3635-scaled.jpg","type":"image\/jpeg"}],"twitter_card":"summary_large_image","twitter_misc":{"Tempo di lettura stimato":"7 minuti"},"schema":{"@context":"https:\/\/schema.org","@graph":[{"@type":"WebPage","@id":"https:\/\/plazadetoroslamalagueta.com\/it\/informativa-sulla-privacy\/","url":"https:\/\/plazadetoroslamalagueta.com\/it\/informativa-sulla-privacy\/","name":"Informativa sulla privacy - Plaza de Toros La Malagueta","isPartOf":{"@id":"https:\/\/plazadetoroslamalagueta.com\/it\/#website"},"primaryImageOfPage":{"@id":"https:\/\/plazadetoroslamalagueta.com\/it\/informativa-sulla-privacy\/#primaryimage"},"image":{"@id":"https:\/\/plazadetoroslamalagueta.com\/it\/informativa-sulla-privacy\/#primaryimage"},"thumbnailUrl":"https:\/\/plazadetoroslamalagueta.com\/wp-content\/uploads\/2023\/02\/IMG_3635-scaled.jpg","datePublished":"2023-02-17T09:13:03+00:00","dateModified":"2025-01-15T12:08:18+00:00","breadcrumb":{"@id":"https:\/\/plazadetoroslamalagueta.com\/it\/informativa-sulla-privacy\/#breadcrumb"},"inLanguage":"it-IT","potentialAction":[{"@type":"ReadAction","target":["https:\/\/plazadetoroslamalagueta.com\/it\/informativa-sulla-privacy\/"]}]},{"@type":"ImageObject","inLanguage":"it-IT","@id":"https:\/\/plazadetoroslamalagueta.com\/it\/informativa-sulla-privacy\/#primaryimage","url":"https:\/\/plazadetoroslamalagueta.com\/wp-content\/uploads\/2023\/02\/IMG_3635-scaled.jpg","contentUrl":"https:\/\/plazadetoroslamalagueta.com\/wp-content\/uploads\/2023\/02\/IMG_3635-scaled.jpg","width":2560,"height":1707},{"@type":"BreadcrumbList","@id":"https:\/\/plazadetoroslamalagueta.com\/it\/informativa-sulla-privacy\/#breadcrumb","itemListElement":[{"@type":"ListItem","position":1,"name":"Inicio","item":"https:\/\/plazadetoroslamalagueta.com\/it\/"},{"@type":"ListItem","position":2,"name":"Informativa sulla privacy"}]},{"@type":"WebSite","@id":"https:\/\/plazadetoroslamalagueta.com\/it\/#website","url":"https:\/\/plazadetoroslamalagueta.com\/it\/","name":"Plaza de Toros de la Malagueta","description":"La Plaza de Toros de M\u00e1laga, de nombre La Malagueta, es un edificio reconocido Bien de Inter\u00e9s Cultural, que ofrece visitas tur\u00edsticas y corridas de toros y otros tipos de espect\u00e1culo durante todo el a\u00f1o.","publisher":{"@id":"https:\/\/plazadetoroslamalagueta.com\/it\/#organization"},"alternateName":"Plaza de Toros M\u00e1laga","potentialAction":[{"@type":"SearchAction","target":{"@type":"EntryPoint","urlTemplate":"https:\/\/plazadetoroslamalagueta.com\/it\/?s={search_term_string}"},"query-input":{"@type":"PropertyValueSpecification","valueRequired":true,"valueName":"search_term_string"}}],"inLanguage":"it-IT"},{"@type":"Organization","@id":"https:\/\/plazadetoroslamalagueta.com\/it\/#organization","name":"Plaza de Toros la Malagueta","url":"https:\/\/plazadetoroslamalagueta.com\/it\/","logo":{"@type":"ImageObject","inLanguage":"it-IT","@id":"https:\/\/plazadetoroslamalagueta.com\/it\/#\/schema\/logo\/image\/","url":"https:\/\/plazadetoroslamalagueta.com\/wp-content\/uploads\/2024\/02\/Logo-plaza-toros.webp","contentUrl":"https:\/\/plazadetoroslamalagueta.com\/wp-content\/uploads\/2024\/02\/Logo-plaza-toros.webp","width":100,"height":100,"caption":"Plaza de Toros la Malagueta"},"image":{"@id":"https:\/\/plazadetoroslamalagueta.com\/it\/#\/schema\/logo\/image\/"}}]}},"_links":{"self":[{"href":"https:\/\/plazadetoroslamalagueta.com\/it\/wp-json\/wp\/v2\/pages\/22081","targetHints":{"allow":["GET"]}}],"collection":[{"href":"https:\/\/plazadetoroslamalagueta.com\/it\/wp-json\/wp\/v2\/pages"}],"about":[{"href":"https:\/\/plazadetoroslamalagueta.com\/it\/wp-json\/wp\/v2\/types\/page"}],"author":[{"embeddable":true,"href":"https:\/\/plazadetoroslamalagueta.com\/it\/wp-json\/wp\/v2\/users\/5"}],"replies":[{"embeddable":true,"href":"https:\/\/plazadetoroslamalagueta.com\/it\/wp-json\/wp\/v2\/comments?post=22081"}],"version-history":[{"count":4,"href":"https:\/\/plazadetoroslamalagueta.com\/it\/wp-json\/wp\/v2\/pages\/22081\/revisions"}],"predecessor-version":[{"id":22093,"href":"https:\/\/plazadetoroslamalagueta.com\/it\/wp-json\/wp\/v2\/pages\/22081\/revisions\/22093"}],"wp:featuredmedia":[{"embeddable":true,"href":"https:\/\/plazadetoroslamalagueta.com\/it\/wp-json\/wp\/v2\/media\/22082"}],"wp:attachment":[{"href":"https:\/\/plazadetoroslamalagueta.com\/it\/wp-json\/wp\/v2\/media?parent=22081"}],"curies":[{"name":"wp","href":"https:\/\/api.w.org\/{rel}","templated":true}]}}