{"id":21991,"date":"2023-02-28T15:40:47","date_gmt":"2023-02-28T14:40:47","guid":{"rendered":"https:\/\/plazadetoroslamalagueta.com\/la-plaza\/"},"modified":"2025-07-09T12:25:49","modified_gmt":"2025-07-09T10:25:49","slug":"la-plaza","status":"publish","type":"page","link":"https:\/\/plazadetoroslamalagueta.com\/it\/la-plaza\/","title":{"rendered":"L&#8217;Arena"},"content":{"rendered":"<section class=\"l-section wpb_row height_medium\"><div class=\"l-section-h i-cf\"><div class=\"g-cols vc_row via_grid cols_1 laptops-cols_inherit tablets-cols_inherit mobiles-cols_1 valign_top type_default stacking_default\"><div class=\"wpb_column vc_column_container\"><div class=\"vc_column-inner\"><div class=\"wpb_text_column\"><div class=\"wpb_wrapper\"><h1 class=\"wp-block-heading\">Storia dell&#8217;arena di Malaga<\/h1>\n<p>L&#8217;arena di Malaga, chiamata La Malagueta, dal nome del quartiere in cui si trova, fu costruita nel <strong>1874 dall&#8217;<span>architetto cantabrico<\/span> Joaqu\u00edn Rucoba<\/strong>, che si ispir\u00f2 all&#8217;<strong>architettura classicista<\/strong> per il suo design. Rucoba aveva studiato a Madrid e a Parigi ed era uno dei principali rappresentanti dell&#8217;eclettismo architettonico in Spagna.<\/p>\n<p>La costruzione dell&#8217;arena di La Malagueta fu realizzata grazie all&#8217;iniziativa di un gruppo di imprenditori e appassionati di corride di Malaga, che si organizzarono in una societ\u00e0 chiamata &#8220;La Malagueta&#8221;. L&#8217;obiettivo della societ\u00e0 era quello di costruire un&#8217;arena moderna e funzionale, in grado di ospitare un gran numero di spettatori.<\/p>\n<p>L<strong>&#8216;arena di La Malagueta fu inaugurata l&#8217;11 giugno 1876<\/strong>, con una corrida alla quale parteciparono i toreri &#8220;El Tato&#8221;, &#8220;Frascuelo&#8221; e &#8220;Lagartijo&#8221;. Da allora, l&#8217;arena \u00e8 stata teatro di numerose corride ed eventi di tauromachia, diventando uno dei luoghi di corrida pi\u00f9 importanti della Spagna.<\/p>\n<p>Nel 1981, la Plaza de Toros de La Malagueta \u00e8 stata dichiarata <strong>Bene di Interesse Culturale dalla Junta de Andaluc\u00eda<\/strong>, riconoscendone cos\u00ec il valore storico e architettonico. Oggi l&#8217;arena \u00e8 ancora un luogo emblematico di Malaga e una delle principali attrazioni turistiche della citt\u00e0. \u00c8 di propriet\u00e0 della Diputaci\u00f3n de M\u00e1laga.<\/p>\n<\/div><\/div><div class=\"w-btn-wrapper align_center\"><a class=\"w-btn us-btn-style_2\" target=\"_blank\" href=\"https:\/\/lamalaguetatour.com\/\"><span class=\"w-btn-label\">Informazioni sulle visite all&#8217;arena La Malaguetea<\/span><\/a><\/div><\/div><\/div><\/div><\/div><\/section><section class=\"l-section wpb_row height_medium\"><div class=\"l-section-h i-cf\"><div class=\"g-cols vc_row via_grid cols_2 laptops-cols_inherit tablets-cols_inherit mobiles-cols_1 valign_top type_default stacking_default\"><div class=\"wpb_column vc_column_container\"><div class=\"vc_column-inner\"><div class=\"wpb_text_column\"><div class=\"wpb_wrapper\"><h2 class=\"wp-block-heading\">Architettura<\/h2>\n<p>L&#8217;architettura de La Malagueta \u00e8 caratterizzata da uno <strong>stile classicista<\/strong>, ispirato all&#8217;<strong>architettura tradizionale andalusa e moresca<\/strong>.<\/p>\n<div class=\"text-base my-auto mx-auto py-5 &#091;--thread-content-margin:--spacing(4)&#093; @&#091;37rem&#093;:&#091;--thread-content-margin:--spacing(6)&#093; @&#091;72rem&#093;:&#091;--thread-content-margin:--spacing(16)&#093; px-(--thread-content-margin)\">\n<div class=\"&#091;--thread-content-max-width:32rem&#093; @&#091;34rem&#093;:&#091;--thread-content-max-width:40rem&#093; @&#091;64rem&#093;:&#091;--thread-content-max-width:48rem&#093; mx-auto flex max-w-(--thread-content-max-width) flex-1 text-base gap-4 md:gap-5 lg:gap-6 group\/turn-messages focus-visible:outline-hidden\" tabindex=\"-1\">\n<div class=\"group\/conversation-turn relative flex w-full min-w-0 flex-col agent-turn\">\n<div class=\"relative flex-col gap-1 md:gap-3\">\n<div class=\"flex max-w-full flex-col grow\">\n<div class=\"min-h-8 text-message relative flex w-full flex-col items-end gap-2 text-start break-words whitespace-normal &#091;.text-message+&amp;&#093;:mt-5\" dir=\"auto\" data-message-author-role=\"assistant\" data-message-id=\"4c31fca8-18dd-4642-beec-27055b08bf82\" data-message-model-slug=\"gpt-4o\">\n<div class=\"flex w-full flex-col gap-1 empty:hidden first:pt-&#091;3px&#093;\">\n<div class=\"markdown prose dark:prose-invert w-full break-words light\">\n<p data-start=\"0\" data-end=\"324\" data-is-last-node=\"\" data-is-only-node=\"\">L&#8217;esterno dell&#8217;edificio riflette un attraente stile classicista, caratterizzato da ampie arcate semicircolari e torrette che aggiungono sottilmente movimento e ritmo all&#8217;insieme. Questi elementi si integrano armoniosamente con l&#8217;uso predominante del mattone a vista e con la struttura interna in ferro.<\/p>\n<p data-start=\"0\" data-end=\"324\" data-is-last-node=\"\" data-is-only-node=\"\">La facciata della piazza \u00e8 decorata con archi a ferro di cavallo, colonne e piastrelle in ceramica smaltata, che creano un caratteristico effetto di luci e ombre.<\/p>\n<p data-start=\"0\" data-end=\"324\" data-is-last-node=\"\" data-is-only-node=\"\">All&#8217;interno, la piazza presenta un&#8217;arena circolare circondata da gradini in pietra e un tetto in legno e zinco. La Malagueta ha una capacit\u00e0 di 10.000 spettatori dopo la sua ultima ristrutturazione.<\/p>\n<\/div>\n<\/div>\n<\/div>\n<\/div>\n<\/div>\n<\/div>\n<\/div>\n<\/div>\n<\/div><\/div><\/div><\/div><div class=\"wpb_column vc_column_container\"><div class=\"vc_column-inner\"><div class=\"w-slider style_none fit_scaledown nav_none count_2\"><div class=\"w-slider-h\" aria-hidden=\"true\"><div class=\"royalSlider\"><div class=\"rsContent\"><a class=\"rsImg\" data-rsw=\"1024\" data-rsh=\"683\" href=\"https:\/\/plazadetoroslamalagueta.com\/wp-content\/uploads\/2023\/03\/IMG_0869-1024x683.jpg\"><span data-alt=\"\"><\/span><\/a><\/div><div class=\"rsContent\"><a class=\"rsImg\" data-rsw=\"1024\" data-rsh=\"683\" href=\"https:\/\/plazadetoroslamalagueta.com\/wp-content\/uploads\/2023\/03\/IMG_0970-1024x683.jpg\"><span data-alt=\"\"><\/span><\/a><\/div><\/div><img decoding=\"async\" src=\"https:\/\/plazadetoroslamalagueta.com\/wp-content\/uploads\/2023\/03\/IMG_0869-1024x683.jpg\" width=\"1024\" height=\"683\" alt loading=\"lazy\"><\/div><div class=\"w-slider-json\" onclick='return {&quot;autoScaleSlider&quot;:true,&quot;addActiveClass&quot;:true,&quot;loop&quot;:true,&quot;fadeInLoadedSlide&quot;:false,&quot;slidesSpacing&quot;:0,&quot;imageScalePadding&quot;:0,&quot;numImagesToPreload&quot;:2,&quot;arrowsNav&quot;:true,&quot;arrowsNavAutoHide&quot;:false,&quot;transitionType&quot;:&quot;move&quot;,&quot;transitionSpeed&quot;:250,&quot;block&quot;:{&quot;moveEffect&quot;:&quot;none&quot;,&quot;speed&quot;:300},&quot;thumbs&quot;:{&quot;fitInViewport&quot;:false,&quot;firstMargin&quot;:false,&quot;spacing&quot;:4},&quot;controlNavigation&quot;:&quot;none&quot;,&quot;autoScaleSliderWidth&quot;:1024,&quot;autoScaleSliderHeight&quot;:683}'><\/div><\/div><\/div><\/div><\/div><\/div><\/section><section class=\"l-section wpb_row height_medium\"><div class=\"l-section-h i-cf\"><div class=\"g-cols vc_row via_grid cols_1 laptops-cols_inherit tablets-cols_inherit mobiles-cols_1 valign_top type_default stacking_default\"><div class=\"wpb_column vc_column_container\"><div class=\"vc_column-inner\"><div class=\"wpb_text_column\"><div class=\"wpb_wrapper\"><h2 class=\"wp-block-heading\">Le corride nell&#8217;arena di Malaga<\/h2>\n<p>L&#8217;arena di La Malagueta \u00e8 lo scenario della <a href=\"https:\/\/plazadetoroslamalagueta.com\/it\/biglietti-per-la-corrida-a-malaga\/\"><strong>fiera della corrida di Malaga<\/strong><\/a>che si tiene nel mese di <strong>agosto<\/strong>, durante la Feria de Agosto della citt\u00e0, oltre ad altri eventi culturali e sportivi.<\/p>\n<p>Ad aprile ospita la<strong> tradizionale corrida di Picasso<\/strong>, che unisce arte e spettacolo e si svolge in omaggio al geniale pittore malaghegno Pablo Ruiz Picasso.<\/p>\n<\/div><\/div><\/div><\/div><\/div><\/div><\/section><section class=\"l-section wpb_row height_medium\"><div class=\"l-section-h i-cf\"><div class=\"g-cols vc_row via_grid cols_2 laptops-cols_inherit tablets-cols_inherit mobiles-cols_1 valign_top type_default stacking_default\"><div class=\"wpb_column vc_column_container\"><div class=\"vc_column-inner\"><div class=\"wpb_text_column\"><div class=\"wpb_wrapper\"><h2 class=\"wp-block-heading\">Toreri di Malaga<\/h2>\n<p>&nbsp;<\/p>\n<p class=\"has-small-font-size\">Uno dei toreri pi\u00f9 importanti della provincia di Malaga \u00e8 stato <strong>Antonio Ord\u00f3\u00f1ez<\/strong>. Considerato uno dei pi\u00f9 grandi toreri della storia, \u00e8 nato a Ronda, Malaga, nel 1932. \u00c8 stato uno dei principali promotori della corrida goyesca, in cui i toreri indossano costumi d&#8217;epoca e l&#8217;arena \u00e8 decorata nello stile del XVIII secolo.<\/p>\n<\/div><\/div><\/div><\/div><div class=\"wpb_column vc_column_container\"><div class=\"vc_column-inner\"><div class=\"w-slider style_none fit_scaledown nav_none count_3\"><div class=\"w-slider-h\" aria-hidden=\"true\"><div class=\"royalSlider\"><div class=\"rsContent\"><a class=\"rsImg\" data-rsw=\"1024\" data-rsh=\"986\" href=\"https:\/\/plazadetoroslamalagueta.com\/wp-content\/uploads\/2023\/03\/Vega-2o-1024x986.jpeg\"><span data-alt=\"\"><\/span><\/a><\/div><div class=\"rsContent\"><a class=\"rsImg\" data-rsw=\"201\" data-rsh=\"251\" href=\"https:\/\/plazadetoroslamalagueta.com\/wp-content\/uploads\/2023\/03\/javier-conde.jpeg\"><span data-alt=\"\"><\/span><\/a><\/div><div class=\"rsContent\"><a class=\"rsImg\" data-rsw=\"880\" data-rsh=\"495\" href=\"https:\/\/plazadetoroslamalagueta.com\/wp-content\/uploads\/2023\/03\/jimenez-forte.jpeg\"><span data-alt=\"\"><\/span><\/a><\/div><\/div><img decoding=\"async\" src=\"https:\/\/plazadetoroslamalagueta.com\/wp-content\/uploads\/2023\/03\/Vega-2o-1024x986.jpeg\" width=\"1024\" height=\"986\" alt loading=\"lazy\"><\/div><div class=\"w-slider-json\" onclick='return {&quot;autoScaleSlider&quot;:true,&quot;addActiveClass&quot;:true,&quot;loop&quot;:true,&quot;fadeInLoadedSlide&quot;:false,&quot;slidesSpacing&quot;:0,&quot;imageScalePadding&quot;:0,&quot;numImagesToPreload&quot;:2,&quot;arrowsNav&quot;:true,&quot;arrowsNavAutoHide&quot;:false,&quot;transitionType&quot;:&quot;move&quot;,&quot;transitionSpeed&quot;:250,&quot;block&quot;:{&quot;moveEffect&quot;:&quot;none&quot;,&quot;speed&quot;:300},&quot;thumbs&quot;:{&quot;fitInViewport&quot;:false,&quot;firstMargin&quot;:false,&quot;spacing&quot;:4},&quot;controlNavigation&quot;:&quot;none&quot;,&quot;autoScaleSliderWidth&quot;:1024,&quot;autoScaleSliderHeight&quot;:986}'><\/div><\/div><\/div><\/div><\/div><\/div><\/section><section class=\"l-section wpb_row height_medium\"><div class=\"l-section-h i-cf\"><div class=\"g-cols vc_row via_grid cols_1 laptops-cols_inherit tablets-cols_inherit mobiles-cols_1 valign_top type_default stacking_default\"><div class=\"wpb_column vc_column_container\"><div class=\"vc_column-inner\"><div class=\"wpb_text_column\"><div class=\"wpb_wrapper\"><p>Oltre ad Antonio Ord\u00f3\u00f1ez, ci sono altri toreri di Malaga che si sono distinti nel mondo della corrida. Alcuni di essi sono:<\/p>\n<ul>\n<li><strong>Salvador Vega:<\/strong> nato a Malaga nel 1974, Salvador Vega ha debuttato come novillero nel 1994 e come matador nel 1998. Ha partecipato a numerose corride nella Plaza de Toros de La Malagueta ed \u00e8 stato insignito di diversi premi di corrida.<\/li>\n<li><strong>Javier Conde<\/strong>: nato a Malaga nel 1973, Javier Conde ha debuttato come novillero nel 1991 e come matador nel 1993. Conde \u00e8 noto per il suo stile personale e la sua eleganza sul ring.<\/li>\n<li><strong>Francisco Rivera Ord\u00f3\u00f1ez: <\/strong>sebbene sia nato a Madrid, Francisco Rivera Ord\u00f3\u00f1ez \u00e8 figlio di Francisco Rivera &#8220;Paquirri&#8221; e nipote di Antonio Ord\u00f3\u00f1ez, due importanti toreri di Malaga. Rivera Ord\u00f3\u00f1ez ha partecipato a numerose corride nell&#8217;arena di La Malagueta ed \u00e8 stato uno dei toreri pi\u00f9 mediatici degli ultimi anni.<\/li>\n<li><strong>Sa\u00fal Jim\u00e9nez Fortes<\/strong>: nato a Malaga nel 1989, Sa\u00fal Jim\u00e9nez Fortes ha debuttato come novillero nel 2009 e come matador nel 2011. Ha partecipato a numerose corride nella Plaza de Toros de La Malagueta e ha vinto diversi premi di corrida. Nel 2024 \u00e8 stato il vincitore della Feria de Agosto, oltre ad aver tagliato due orecchie nella corrida Picassiana 2025.<\/li>\n<\/ul>\n<\/div><\/div><\/div><\/div><\/div><\/div><\/section>\n","protected":false},"excerpt":{"rendered":"Storia dell&#8217;arena di Malaga L&#8217;arena di Malaga, chiamata La Malagueta, dal nome del quartiere in cui si trova, fu costruita nel 1874 dall&#8217;architetto cantabrico Joaqu\u00edn Rucoba, che si ispir\u00f2 all&#8217;architettura classicista per il suo design. Rucoba aveva studiato a Madrid e a Parigi ed era uno dei principali rappresentanti dell&#8217;eclettismo architettonico in Spagna. La costruzione...","protected":false},"author":5,"featured_media":22803,"parent":0,"menu_order":0,"comment_status":"closed","ping_status":"closed","template":"","meta":{"footnotes":""},"class_list":["post-21991","page","type-page","status-publish","has-post-thumbnail","hentry"],"yoast_head":"<!-- This site is optimized with the Yoast SEO plugin v27.4 - https:\/\/yoast.com\/product\/yoast-seo-wordpress\/ -->\n<title>\u25b7 Tutto sulla Plaza de Toros de Malaga | L&#039;Arena di Malagueta<\/title>\n<meta name=\"description\" content=\"Scopri tutte le curiosit\u00e0 e le informazioni sulla storia, l&#039;architettura e gli eventi dell&#039;arena di Malaga, La Malagueta.\" \/>\n<meta name=\"robots\" content=\"index, follow, max-snippet:-1, max-image-preview:large, max-video-preview:-1\" \/>\n<link rel=\"canonical\" href=\"https:\/\/plazadetoroslamalagueta.com\/it\/la-plaza\/\" \/>\n<meta property=\"og:locale\" content=\"it_IT\" \/>\n<meta property=\"og:type\" content=\"article\" \/>\n<meta property=\"og:title\" content=\"\u25b7 Tutto sulla Plaza de Toros de Malaga | L&#039;Arena di Malagueta\" \/>\n<meta property=\"og:description\" content=\"Scopri tutte le curiosit\u00e0 e le informazioni sulla storia, l&#039;architettura e gli eventi dell&#039;arena di Malaga, La Malagueta.\" \/>\n<meta property=\"og:url\" content=\"https:\/\/plazadetoroslamalagueta.com\/it\/la-plaza\/\" \/>\n<meta property=\"og:site_name\" content=\"Plaza de Toros La Malagueta\" \/>\n<meta property=\"article:modified_time\" content=\"2025-07-09T10:25:49+00:00\" \/>\n<meta property=\"og:image\" content=\"https:\/\/plazadetoroslamalagueta.com\/wp-content\/uploads\/2023\/03\/IMG_0970-scaled.jpg\" \/>\n\t<meta property=\"og:image:width\" content=\"2560\" \/>\n\t<meta property=\"og:image:height\" content=\"1707\" \/>\n\t<meta property=\"og:image:type\" content=\"image\/jpeg\" \/>\n<meta name=\"twitter:card\" content=\"summary_large_image\" \/>\n<meta name=\"twitter:label1\" content=\"Tempo di lettura stimato\" \/>\n\t<meta name=\"twitter:data1\" content=\"4 minuti\" \/>\n<script type=\"application\/ld+json\" class=\"yoast-schema-graph\">{\"@context\":\"https:\\\/\\\/schema.org\",\"@graph\":[{\"@type\":\"WebPage\",\"@id\":\"https:\\\/\\\/plazadetoroslamalagueta.com\\\/it\\\/la-plaza\\\/\",\"url\":\"https:\\\/\\\/plazadetoroslamalagueta.com\\\/it\\\/la-plaza\\\/\",\"name\":\"\u25b7 Tutto sulla Plaza de Toros de Malaga | L'Arena di Malagueta\",\"isPartOf\":{\"@id\":\"https:\\\/\\\/plazadetoroslamalagueta.com\\\/it\\\/#website\"},\"primaryImageOfPage\":{\"@id\":\"https:\\\/\\\/plazadetoroslamalagueta.com\\\/it\\\/la-plaza\\\/#primaryimage\"},\"image\":{\"@id\":\"https:\\\/\\\/plazadetoroslamalagueta.com\\\/it\\\/la-plaza\\\/#primaryimage\"},\"thumbnailUrl\":\"https:\\\/\\\/plazadetoroslamalagueta.com\\\/wp-content\\\/uploads\\\/2023\\\/03\\\/IMG_0970-scaled.jpg\",\"datePublished\":\"2023-02-28T14:40:47+00:00\",\"dateModified\":\"2025-07-09T10:25:49+00:00\",\"description\":\"Scopri tutte le curiosit\u00e0 e le informazioni sulla storia, l'architettura e gli eventi dell'arena di Malaga, La Malagueta.\",\"breadcrumb\":{\"@id\":\"https:\\\/\\\/plazadetoroslamalagueta.com\\\/it\\\/la-plaza\\\/#breadcrumb\"},\"inLanguage\":\"it-IT\",\"potentialAction\":[{\"@type\":\"ReadAction\",\"target\":[\"https:\\\/\\\/plazadetoroslamalagueta.com\\\/it\\\/la-plaza\\\/\"]}]},{\"@type\":\"ImageObject\",\"inLanguage\":\"it-IT\",\"@id\":\"https:\\\/\\\/plazadetoroslamalagueta.com\\\/it\\\/la-plaza\\\/#primaryimage\",\"url\":\"https:\\\/\\\/plazadetoroslamalagueta.com\\\/wp-content\\\/uploads\\\/2023\\\/03\\\/IMG_0970-scaled.jpg\",\"contentUrl\":\"https:\\\/\\\/plazadetoroslamalagueta.com\\\/wp-content\\\/uploads\\\/2023\\\/03\\\/IMG_0970-scaled.jpg\",\"width\":2560,\"height\":1707},{\"@type\":\"BreadcrumbList\",\"@id\":\"https:\\\/\\\/plazadetoroslamalagueta.com\\\/it\\\/la-plaza\\\/#breadcrumb\",\"itemListElement\":[{\"@type\":\"ListItem\",\"position\":1,\"name\":\"Inicio\",\"item\":\"https:\\\/\\\/plazadetoroslamalagueta.com\\\/it\\\/\"},{\"@type\":\"ListItem\",\"position\":2,\"name\":\"L&#8217;Arena\"}]},{\"@type\":\"WebSite\",\"@id\":\"https:\\\/\\\/plazadetoroslamalagueta.com\\\/it\\\/#website\",\"url\":\"https:\\\/\\\/plazadetoroslamalagueta.com\\\/it\\\/\",\"name\":\"Plaza de Toros de la Malagueta\",\"description\":\"La Plaza de Toros de M\u00e1laga, de nombre La Malagueta, es un edificio reconocido Bien de Inter\u00e9s Cultural, que ofrece visitas tur\u00edsticas y corridas de toros y otros tipos de espect\u00e1culo durante todo el a\u00f1o.\",\"publisher\":{\"@id\":\"https:\\\/\\\/plazadetoroslamalagueta.com\\\/it\\\/#organization\"},\"alternateName\":\"Plaza de Toros M\u00e1laga\",\"potentialAction\":[{\"@type\":\"SearchAction\",\"target\":{\"@type\":\"EntryPoint\",\"urlTemplate\":\"https:\\\/\\\/plazadetoroslamalagueta.com\\\/it\\\/?s={search_term_string}\"},\"query-input\":{\"@type\":\"PropertyValueSpecification\",\"valueRequired\":true,\"valueName\":\"search_term_string\"}}],\"inLanguage\":\"it-IT\"},{\"@type\":\"Organization\",\"@id\":\"https:\\\/\\\/plazadetoroslamalagueta.com\\\/it\\\/#organization\",\"name\":\"Plaza de Toros la Malagueta\",\"url\":\"https:\\\/\\\/plazadetoroslamalagueta.com\\\/it\\\/\",\"logo\":{\"@type\":\"ImageObject\",\"inLanguage\":\"it-IT\",\"@id\":\"https:\\\/\\\/plazadetoroslamalagueta.com\\\/it\\\/#\\\/schema\\\/logo\\\/image\\\/\",\"url\":\"https:\\\/\\\/plazadetoroslamalagueta.com\\\/wp-content\\\/uploads\\\/2024\\\/02\\\/Logo-plaza-toros.webp\",\"contentUrl\":\"https:\\\/\\\/plazadetoroslamalagueta.com\\\/wp-content\\\/uploads\\\/2024\\\/02\\\/Logo-plaza-toros.webp\",\"width\":100,\"height\":100,\"caption\":\"Plaza de Toros la Malagueta\"},\"image\":{\"@id\":\"https:\\\/\\\/plazadetoroslamalagueta.com\\\/it\\\/#\\\/schema\\\/logo\\\/image\\\/\"}}]}<\/script>\n<!-- \/ Yoast SEO plugin. -->","yoast_head_json":{"title":"\u25b7 Tutto sulla Plaza de Toros de Malaga | L'Arena di Malagueta","description":"Scopri tutte le curiosit\u00e0 e le informazioni sulla storia, l'architettura e gli eventi dell'arena di Malaga, La Malagueta.","robots":{"index":"index","follow":"follow","max-snippet":"max-snippet:-1","max-image-preview":"max-image-preview:large","max-video-preview":"max-video-preview:-1"},"canonical":"https:\/\/plazadetoroslamalagueta.com\/it\/la-plaza\/","og_locale":"it_IT","og_type":"article","og_title":"\u25b7 Tutto sulla Plaza de Toros de Malaga | L'Arena di Malagueta","og_description":"Scopri tutte le curiosit\u00e0 e le informazioni sulla storia, l'architettura e gli eventi dell'arena di Malaga, La Malagueta.","og_url":"https:\/\/plazadetoroslamalagueta.com\/it\/la-plaza\/","og_site_name":"Plaza de Toros La Malagueta","article_modified_time":"2025-07-09T10:25:49+00:00","og_image":[{"width":2560,"height":1707,"url":"https:\/\/plazadetoroslamalagueta.com\/wp-content\/uploads\/2023\/03\/IMG_0970-scaled.jpg","type":"image\/jpeg"}],"twitter_card":"summary_large_image","twitter_misc":{"Tempo di lettura stimato":"4 minuti"},"schema":{"@context":"https:\/\/schema.org","@graph":[{"@type":"WebPage","@id":"https:\/\/plazadetoroslamalagueta.com\/it\/la-plaza\/","url":"https:\/\/plazadetoroslamalagueta.com\/it\/la-plaza\/","name":"\u25b7 Tutto sulla Plaza de Toros de Malaga | L'Arena di Malagueta","isPartOf":{"@id":"https:\/\/plazadetoroslamalagueta.com\/it\/#website"},"primaryImageOfPage":{"@id":"https:\/\/plazadetoroslamalagueta.com\/it\/la-plaza\/#primaryimage"},"image":{"@id":"https:\/\/plazadetoroslamalagueta.com\/it\/la-plaza\/#primaryimage"},"thumbnailUrl":"https:\/\/plazadetoroslamalagueta.com\/wp-content\/uploads\/2023\/03\/IMG_0970-scaled.jpg","datePublished":"2023-02-28T14:40:47+00:00","dateModified":"2025-07-09T10:25:49+00:00","description":"Scopri tutte le curiosit\u00e0 e le informazioni sulla storia, l'architettura e gli eventi dell'arena di Malaga, La Malagueta.","breadcrumb":{"@id":"https:\/\/plazadetoroslamalagueta.com\/it\/la-plaza\/#breadcrumb"},"inLanguage":"it-IT","potentialAction":[{"@type":"ReadAction","target":["https:\/\/plazadetoroslamalagueta.com\/it\/la-plaza\/"]}]},{"@type":"ImageObject","inLanguage":"it-IT","@id":"https:\/\/plazadetoroslamalagueta.com\/it\/la-plaza\/#primaryimage","url":"https:\/\/plazadetoroslamalagueta.com\/wp-content\/uploads\/2023\/03\/IMG_0970-scaled.jpg","contentUrl":"https:\/\/plazadetoroslamalagueta.com\/wp-content\/uploads\/2023\/03\/IMG_0970-scaled.jpg","width":2560,"height":1707},{"@type":"BreadcrumbList","@id":"https:\/\/plazadetoroslamalagueta.com\/it\/la-plaza\/#breadcrumb","itemListElement":[{"@type":"ListItem","position":1,"name":"Inicio","item":"https:\/\/plazadetoroslamalagueta.com\/it\/"},{"@type":"ListItem","position":2,"name":"L&#8217;Arena"}]},{"@type":"WebSite","@id":"https:\/\/plazadetoroslamalagueta.com\/it\/#website","url":"https:\/\/plazadetoroslamalagueta.com\/it\/","name":"Plaza de Toros de la Malagueta","description":"La Plaza de Toros de M\u00e1laga, de nombre La Malagueta, es un edificio reconocido Bien de Inter\u00e9s Cultural, que ofrece visitas tur\u00edsticas y corridas de toros y otros tipos de espect\u00e1culo durante todo el a\u00f1o.","publisher":{"@id":"https:\/\/plazadetoroslamalagueta.com\/it\/#organization"},"alternateName":"Plaza de Toros M\u00e1laga","potentialAction":[{"@type":"SearchAction","target":{"@type":"EntryPoint","urlTemplate":"https:\/\/plazadetoroslamalagueta.com\/it\/?s={search_term_string}"},"query-input":{"@type":"PropertyValueSpecification","valueRequired":true,"valueName":"search_term_string"}}],"inLanguage":"it-IT"},{"@type":"Organization","@id":"https:\/\/plazadetoroslamalagueta.com\/it\/#organization","name":"Plaza de Toros la Malagueta","url":"https:\/\/plazadetoroslamalagueta.com\/it\/","logo":{"@type":"ImageObject","inLanguage":"it-IT","@id":"https:\/\/plazadetoroslamalagueta.com\/it\/#\/schema\/logo\/image\/","url":"https:\/\/plazadetoroslamalagueta.com\/wp-content\/uploads\/2024\/02\/Logo-plaza-toros.webp","contentUrl":"https:\/\/plazadetoroslamalagueta.com\/wp-content\/uploads\/2024\/02\/Logo-plaza-toros.webp","width":100,"height":100,"caption":"Plaza de Toros la Malagueta"},"image":{"@id":"https:\/\/plazadetoroslamalagueta.com\/it\/#\/schema\/logo\/image\/"}}]}},"_links":{"self":[{"href":"https:\/\/plazadetoroslamalagueta.com\/it\/wp-json\/wp\/v2\/pages\/21991","targetHints":{"allow":["GET"]}}],"collection":[{"href":"https:\/\/plazadetoroslamalagueta.com\/it\/wp-json\/wp\/v2\/pages"}],"about":[{"href":"https:\/\/plazadetoroslamalagueta.com\/it\/wp-json\/wp\/v2\/types\/page"}],"author":[{"embeddable":true,"href":"https:\/\/plazadetoroslamalagueta.com\/it\/wp-json\/wp\/v2\/users\/5"}],"replies":[{"embeddable":true,"href":"https:\/\/plazadetoroslamalagueta.com\/it\/wp-json\/wp\/v2\/comments?post=21991"}],"version-history":[{"count":16,"href":"https:\/\/plazadetoroslamalagueta.com\/it\/wp-json\/wp\/v2\/pages\/21991\/revisions"}],"predecessor-version":[{"id":31763,"href":"https:\/\/plazadetoroslamalagueta.com\/it\/wp-json\/wp\/v2\/pages\/21991\/revisions\/31763"}],"wp:featuredmedia":[{"embeddable":true,"href":"https:\/\/plazadetoroslamalagueta.com\/it\/wp-json\/wp\/v2\/media\/22803"}],"wp:attachment":[{"href":"https:\/\/plazadetoroslamalagueta.com\/it\/wp-json\/wp\/v2\/media?parent=21991"}],"curies":[{"name":"wp","href":"https:\/\/api.w.org\/{rel}","templated":true}]}}