{"id":8057,"date":"2023-06-13T11:48:59","date_gmt":"2023-06-13T09:48:59","guid":{"rendered":"https:\/\/plazadetoroslamalagueta.com\/reserver-un-billet\/"},"modified":"2023-06-13T12:56:13","modified_gmt":"2023-06-13T12:56:13","slug":"reserver-un-billet","status":"publish","type":"page","link":"https:\/\/plazadetoroslamalagueta.com\/fr\/reserver-un-billet\/","title":{"rendered":"R\u00e9server un billet"},"content":{"rendered":"<section class=\"l-section wpb_row height_medium\"><div class=\"l-section-h i-cf\"><div class=\"g-cols vc_row via_grid cols_1 laptops-cols_inherit tablets-cols_inherit mobiles-cols_1 valign_top type_default stacking_default\"><div class=\"wpb_column vc_column_container\"><div class=\"vc_column-inner\"><div class=\"wpb_text_column\"><div class=\"wpb_wrapper\"><h2 style=\"text-align: center;\">R\u00e9servez votre billet<\/h2>\n<p>Les abonnements annuels \u00e9tant en cours de renouvellement, les billets individuels ne seront mis en vente qu&rsquo;en juillet. Cependant, tous ceux qui le souhaitent <strong>peuvent r\u00e9server leur billet<\/strong> en remplissant le formulaire que nous laissons ci-dessous :<\/p>\n<\/div><\/div><div class=\"w-separator size_medium\"><\/div><div class=\"g-cols wpb_row via_grid cols_2 laptops-cols_inherit tablets-cols_inherit mobiles-cols_1 valign_top type_default stacking_default\" style=\"--columns-gap:3rem;\"><div class=\"wpb_column vc_column_container\"><div class=\"vc_column-inner\">\n<div class=\"wpcf7 no-js\" id=\"wpcf7-f22124-o1\" lang=\"fr-FR\" dir=\"ltr\" data-wpcf7-id=\"22124\">\n<div class=\"screen-reader-response\"><p role=\"status\" aria-live=\"polite\" aria-atomic=\"true\"><\/p> <ul><\/ul><\/div>\n<form action=\"\/fr\/wp-json\/wp\/v2\/pages\/8057#wpcf7-f22124-o1\" method=\"post\" class=\"wpcf7-form init\" aria-label=\"Formulaire de contact\" novalidate=\"novalidate\" data-status=\"init\">\n<fieldset class=\"hidden-fields-container\"><input type=\"hidden\" name=\"_wpcf7\" value=\"22124\" \/><input type=\"hidden\" name=\"_wpcf7_version\" value=\"6.1.5\" \/><input type=\"hidden\" name=\"_wpcf7_locale\" value=\"fr_FR\" \/><input type=\"hidden\" name=\"_wpcf7_unit_tag\" value=\"wpcf7-f22124-o1\" \/><input type=\"hidden\" name=\"_wpcf7_container_post\" value=\"0\" \/><input type=\"hidden\" name=\"_wpcf7_posted_data_hash\" value=\"\" \/>\n<\/fieldset>\n<p><label> Nom - nom <span class=\"wpcf7-form-control-wrap\" data-name=\"your-name\"><input size=\"40\" maxlength=\"400\" class=\"wpcf7-form-control wpcf7-text wpcf7-validates-as-required\" autocomplete=\"name\" aria-required=\"true\" aria-invalid=\"false\" value=\"\" type=\"text\" name=\"your-name\" \/><\/span> <\/label>\n<\/p>\n<p><label> Courriel <span class=\"wpcf7-form-control-wrap\" data-name=\"your-email\"><input size=\"40\" maxlength=\"400\" class=\"wpcf7-form-control wpcf7-email wpcf7-validates-as-required wpcf7-text wpcf7-validates-as-email\" autocomplete=\"email\" aria-required=\"true\" aria-invalid=\"false\" value=\"\" type=\"email\" name=\"your-email\" \/><\/span> <\/label>\n<\/p>\n<p><label> Langue - Langue <span class=\"wpcf7-form-control-wrap\" data-name=\"menu-273\"><select class=\"wpcf7-form-control wpcf7-select\" aria-invalid=\"false\" name=\"menu-273\"><option value=\"Espagnol Anglais Fran\u00e7ais\">Espagnol Anglais Fran\u00e7ais<\/option><\/select><\/span><br \/>\n<span class=\"wpcf7-form-control-wrap\" data-name=\"Privacidad\"><span class=\"wpcf7-form-control wpcf7-acceptance\"><span class=\"wpcf7-list-item\"><label><input type=\"checkbox\" name=\"Privacidad\" value=\"1\" aria-invalid=\"false\" \/><span class=\"wpcf7-list-item-label\">J'ai lu et j'accepte la <a href=\"\/politica-de-privacidad\">politique de confidentialit\u00e9<\/a><\/span><\/label><\/span><\/span><\/span><br \/>\n<div class=\"cf7-cf-turnstile\" style=\"margin-top: 0px; margin-bottom: -15px;\"> <div id=\"cf-turnstile-cf7-1290512269\" class=\"cf-turnstile\" data-sitekey=\"0x4AAAAAAARSwWf_58rz0HO0\" data-theme=\"light\" data-language=\"auto\" data-size=\"normal\" data-retry=\"auto\" data-retry-interval=\"1000\" data-refresh-expired=\"auto\" data-refresh-timeout=\"auto\" data-action=\"contact-form-7\" data-callback=\"turnstileCF7Callback\" data-appearance=\"always\"><\/div> <script>document.addEventListener(\"DOMContentLoaded\", function() { setTimeout(function(){ var e=document.getElementById(\"cf-turnstile-cf7-1290512269\"); if(e&&!e.innerHTML.trim()){turnstile.render(e, {sitekey:\"0x4AAAAAAARSwWf_58rz0HO0\"});} }, 200); });<\/script> <br class=\"cf-turnstile-br cf-turnstile-br-cf7-1290512269\"> <style>#cf-turnstile-cf7-1290512269 { margin-left: -15px; }<\/style> <script>document.addEventListener(\"DOMContentLoaded\",function(){document.querySelectorAll('.wpcf7-form').forEach(function(e){e.addEventListener('submit',function(){if(document.getElementById('cf-turnstile-cf7-1290512269')){setTimeout(function(){turnstile.reset('#cf-turnstile-cf7-1290512269');},1000)}})})});<\/script> <\/div><br\/><input class=\"wpcf7-form-control wpcf7-submit has-spinner\" type=\"submit\" value=\"Envoyer\" \/><\/label>\n<\/p><div class=\"wpcf7-response-output\" aria-hidden=\"true\"><\/div>\n<\/form>\n<\/div>\n<\/div><\/div><div class=\"wpb_column vc_column_container\"><div class=\"vc_column-inner\"><div class=\"w-iconbox iconpos_left style_default color_primary align_left\"><div class=\"w-iconbox-icon\" style=\"font-size:2rem;\"><i class=\"material-icons\">event<\/i><\/div><div class=\"w-iconbox-meta\"><h3 class=\"w-iconbox-title\">Date de sortie<\/h3><div class=\"w-iconbox-text\"><p>Les billets seront mis en vente en <strong>juillet.<\/strong> R\u00e9servez votre billet \u00e0 l&rsquo;avance<\/p>\n<\/div><\/div><\/div><div class=\"w-separator size_medium\"><\/div><div class=\"w-iconbox iconpos_left style_default color_primary align_left\"><div class=\"w-iconbox-icon\" style=\"font-size:2rem;\"><i class=\"material-icons\">confirmation_number<\/i><\/div><div class=\"w-iconbox-meta\"><h3 class=\"w-iconbox-title\">Quand puis-je acheter les billets ?<\/h3><div class=\"w-iconbox-text\"><p>Nous vous enverrons un lien o\u00f9 vous pourrez acheter votre billet r\u00e9serv\u00e9 24h avant l&rsquo;ouverture de la vente au grand public.<\/p>\n<\/div><\/div><\/div><div class=\"w-separator size_medium\"><\/div><\/div><\/div><\/div><\/div><\/div><\/div><\/div><\/section><section class=\"l-section wpb_row height_medium color_alternate\"><div class=\"l-section-h i-cf\"><div class=\"g-cols vc_row via_grid cols_1 laptops-cols_inherit tablets-cols_inherit mobiles-cols_1 valign_top type_default stacking_default\"><div class=\"wpb_column vc_column_container\"><div class=\"vc_column-inner\"><div class=\"w-actionbox color_light controls_right\"><div class=\"w-actionbox-text\"><h2 class=\"w-actionbox-title\">Loge VIP<\/h2><div class=\"w-actionbox-description\"><p>En revanche, les loges VIP sont d\u00e9j\u00e0 disponibles \u00e0 la location et r\u00e9serv\u00e9es pour toute la foire d&rsquo;ao\u00fbt. Pour toutes les personnes int\u00e9ress\u00e9es nous laissons un lien pour acheter et r\u00e9server votre box.<\/p>\n<\/div><\/div><div class=\"w-actionbox-controls\"><a class=\"w-btn us-btn-style_1\" style=\"font-size:18px\" title=\"Loges VIP\" href=\"https:\/\/plazadetoroslamalagueta.com\/fr\/loges-vip\/\"><span class=\"w-btn-label\">voir plus<\/span><\/a><\/div><\/div><\/div><\/div><\/div><\/div><\/section>\n","protected":false},"excerpt":{"rendered":"R\u00e9servez votre billet Les abonnements annuels \u00e9tant en cours de renouvellement, les billets individuels ne seront mis en vente qu&rsquo;en juillet. Cependant, tous ceux qui le souhaitent peuvent r\u00e9server leur billet en remplissant le formulaire que nous laissons ci-dessous : Nom - nom Courriel Langue - Langue Espagnol Anglais Fran\u00e7ais J'ai lu et j'accepte la...","protected":false},"author":4,"featured_media":0,"parent":0,"menu_order":0,"comment_status":"closed","ping_status":"closed","template":"","meta":{"footnotes":""},"class_list":["post-8057","page","type-page","status-publish","hentry"],"yoast_head":"<!-- This site is optimized with the Yoast SEO plugin v27.4 - https:\/\/yoast.com\/product\/yoast-seo-wordpress\/ -->\n<title>R\u00e9servation de billets Toros | Place des Toros de Malaga<\/title>\n<meta name=\"description\" content=\"La r\u00e9servation de billets pour la course de taureaux \u00e0 la Feria de M\u00e1laga en ao\u00fbt est maintenant disponible. R\u00e9servez vos billets \u00e0 l&#039;avance\" \/>\n<meta name=\"robots\" content=\"index, follow, max-snippet:-1, max-image-preview:large, max-video-preview:-1\" \/>\n<link rel=\"canonical\" href=\"https:\/\/plazadetoroslamalagueta.com\/fr\/reserver-un-billet\/\" \/>\n<meta property=\"og:locale\" content=\"fr_FR\" \/>\n<meta property=\"og:type\" content=\"article\" \/>\n<meta property=\"og:title\" content=\"R\u00e9servation de billets Toros | Place des Toros de Malaga\" \/>\n<meta property=\"og:description\" content=\"La r\u00e9servation de billets pour la course de taureaux \u00e0 la Feria de M\u00e1laga en ao\u00fbt est maintenant disponible. R\u00e9servez vos billets \u00e0 l&#039;avance\" \/>\n<meta property=\"og:url\" content=\"https:\/\/plazadetoroslamalagueta.com\/fr\/reserver-un-billet\/\" \/>\n<meta property=\"og:site_name\" content=\"Plaza de Toros La Malagueta\" \/>\n<meta property=\"article:modified_time\" content=\"2023-06-13T12:56:13+00:00\" \/>\n<meta property=\"og:image\" content=\"https:\/\/plazadetoroslamalagueta.com\/wp-content\/uploads\/2023\/03\/Diseno-sin-titulo.jpeg\" \/>\n\t<meta property=\"og:image:width\" content=\"1200\" \/>\n\t<meta property=\"og:image:height\" content=\"675\" \/>\n\t<meta property=\"og:image:type\" content=\"image\/jpeg\" \/>\n<meta name=\"twitter:card\" content=\"summary_large_image\" \/>\n<meta name=\"twitter:label1\" content=\"Dur\u00e9e de lecture estim\u00e9e\" \/>\n\t<meta name=\"twitter:data1\" content=\"1 minute\" \/>\n<script type=\"application\/ld+json\" class=\"yoast-schema-graph\">{\"@context\":\"https:\\\/\\\/schema.org\",\"@graph\":[{\"@type\":\"WebPage\",\"@id\":\"https:\\\/\\\/plazadetoroslamalagueta.com\\\/fr\\\/reserver-un-billet\\\/\",\"url\":\"https:\\\/\\\/plazadetoroslamalagueta.com\\\/fr\\\/reserver-un-billet\\\/\",\"name\":\"R\u00e9servation de billets Toros | Place des Toros de Malaga\",\"isPartOf\":{\"@id\":\"https:\\\/\\\/plazadetoroslamalagueta.com\\\/fr\\\/#website\"},\"datePublished\":\"2023-06-13T09:48:59+00:00\",\"dateModified\":\"2023-06-13T12:56:13+00:00\",\"description\":\"La r\u00e9servation de billets pour la course de taureaux \u00e0 la Feria de M\u00e1laga en ao\u00fbt est maintenant disponible. R\u00e9servez vos billets \u00e0 l'avance\",\"breadcrumb\":{\"@id\":\"https:\\\/\\\/plazadetoroslamalagueta.com\\\/fr\\\/reserver-un-billet\\\/#breadcrumb\"},\"inLanguage\":\"fr-FR\",\"potentialAction\":[{\"@type\":\"ReadAction\",\"target\":[\"https:\\\/\\\/plazadetoroslamalagueta.com\\\/fr\\\/reserver-un-billet\\\/\"]}]},{\"@type\":\"BreadcrumbList\",\"@id\":\"https:\\\/\\\/plazadetoroslamalagueta.com\\\/fr\\\/reserver-un-billet\\\/#breadcrumb\",\"itemListElement\":[{\"@type\":\"ListItem\",\"position\":1,\"name\":\"Inicio\",\"item\":\"https:\\\/\\\/plazadetoroslamalagueta.com\\\/fr\\\/\"},{\"@type\":\"ListItem\",\"position\":2,\"name\":\"R\u00e9server un billet\"}]},{\"@type\":\"WebSite\",\"@id\":\"https:\\\/\\\/plazadetoroslamalagueta.com\\\/fr\\\/#website\",\"url\":\"https:\\\/\\\/plazadetoroslamalagueta.com\\\/fr\\\/\",\"name\":\"Plaza de Toros de la Malagueta\",\"description\":\"La Plaza de Toros de M\u00e1laga, de nombre La Malagueta, es un edificio reconocido Bien de Inter\u00e9s Cultural, que ofrece visitas tur\u00edsticas y corridas de toros y otros tipos de espect\u00e1culo durante todo el a\u00f1o.\",\"publisher\":{\"@id\":\"https:\\\/\\\/plazadetoroslamalagueta.com\\\/fr\\\/#organization\"},\"alternateName\":\"Plaza de Toros M\u00e1laga\",\"potentialAction\":[{\"@type\":\"SearchAction\",\"target\":{\"@type\":\"EntryPoint\",\"urlTemplate\":\"https:\\\/\\\/plazadetoroslamalagueta.com\\\/fr\\\/?s={search_term_string}\"},\"query-input\":{\"@type\":\"PropertyValueSpecification\",\"valueRequired\":true,\"valueName\":\"search_term_string\"}}],\"inLanguage\":\"fr-FR\"},{\"@type\":\"Organization\",\"@id\":\"https:\\\/\\\/plazadetoroslamalagueta.com\\\/fr\\\/#organization\",\"name\":\"Plaza de Toros la Malagueta\",\"url\":\"https:\\\/\\\/plazadetoroslamalagueta.com\\\/fr\\\/\",\"logo\":{\"@type\":\"ImageObject\",\"inLanguage\":\"fr-FR\",\"@id\":\"https:\\\/\\\/plazadetoroslamalagueta.com\\\/fr\\\/#\\\/schema\\\/logo\\\/image\\\/\",\"url\":\"https:\\\/\\\/plazadetoroslamalagueta.com\\\/wp-content\\\/uploads\\\/2024\\\/02\\\/Logo-plaza-toros.webp\",\"contentUrl\":\"https:\\\/\\\/plazadetoroslamalagueta.com\\\/wp-content\\\/uploads\\\/2024\\\/02\\\/Logo-plaza-toros.webp\",\"width\":100,\"height\":100,\"caption\":\"Plaza de Toros la Malagueta\"},\"image\":{\"@id\":\"https:\\\/\\\/plazadetoroslamalagueta.com\\\/fr\\\/#\\\/schema\\\/logo\\\/image\\\/\"}}]}<\/script>\n<!-- \/ Yoast SEO plugin. -->","yoast_head_json":{"title":"R\u00e9servation de billets Toros | Place des Toros de Malaga","description":"La r\u00e9servation de billets pour la course de taureaux \u00e0 la Feria de M\u00e1laga en ao\u00fbt est maintenant disponible. R\u00e9servez vos billets \u00e0 l'avance","robots":{"index":"index","follow":"follow","max-snippet":"max-snippet:-1","max-image-preview":"max-image-preview:large","max-video-preview":"max-video-preview:-1"},"canonical":"https:\/\/plazadetoroslamalagueta.com\/fr\/reserver-un-billet\/","og_locale":"fr_FR","og_type":"article","og_title":"R\u00e9servation de billets Toros | Place des Toros de Malaga","og_description":"La r\u00e9servation de billets pour la course de taureaux \u00e0 la Feria de M\u00e1laga en ao\u00fbt est maintenant disponible. R\u00e9servez vos billets \u00e0 l'avance","og_url":"https:\/\/plazadetoroslamalagueta.com\/fr\/reserver-un-billet\/","og_site_name":"Plaza de Toros La Malagueta","article_modified_time":"2023-06-13T12:56:13+00:00","og_image":[{"width":1200,"height":675,"url":"https:\/\/plazadetoroslamalagueta.com\/wp-content\/uploads\/2023\/03\/Diseno-sin-titulo.jpeg","type":"image\/jpeg"}],"twitter_card":"summary_large_image","twitter_misc":{"Dur\u00e9e de lecture estim\u00e9e":"1 minute"},"schema":{"@context":"https:\/\/schema.org","@graph":[{"@type":"WebPage","@id":"https:\/\/plazadetoroslamalagueta.com\/fr\/reserver-un-billet\/","url":"https:\/\/plazadetoroslamalagueta.com\/fr\/reserver-un-billet\/","name":"R\u00e9servation de billets Toros | Place des Toros de Malaga","isPartOf":{"@id":"https:\/\/plazadetoroslamalagueta.com\/fr\/#website"},"datePublished":"2023-06-13T09:48:59+00:00","dateModified":"2023-06-13T12:56:13+00:00","description":"La r\u00e9servation de billets pour la course de taureaux \u00e0 la Feria de M\u00e1laga en ao\u00fbt est maintenant disponible. R\u00e9servez vos billets \u00e0 l'avance","breadcrumb":{"@id":"https:\/\/plazadetoroslamalagueta.com\/fr\/reserver-un-billet\/#breadcrumb"},"inLanguage":"fr-FR","potentialAction":[{"@type":"ReadAction","target":["https:\/\/plazadetoroslamalagueta.com\/fr\/reserver-un-billet\/"]}]},{"@type":"BreadcrumbList","@id":"https:\/\/plazadetoroslamalagueta.com\/fr\/reserver-un-billet\/#breadcrumb","itemListElement":[{"@type":"ListItem","position":1,"name":"Inicio","item":"https:\/\/plazadetoroslamalagueta.com\/fr\/"},{"@type":"ListItem","position":2,"name":"R\u00e9server un billet"}]},{"@type":"WebSite","@id":"https:\/\/plazadetoroslamalagueta.com\/fr\/#website","url":"https:\/\/plazadetoroslamalagueta.com\/fr\/","name":"Plaza de Toros de la Malagueta","description":"La Plaza de Toros de M\u00e1laga, de nombre La Malagueta, es un edificio reconocido Bien de Inter\u00e9s Cultural, que ofrece visitas tur\u00edsticas y corridas de toros y otros tipos de espect\u00e1culo durante todo el a\u00f1o.","publisher":{"@id":"https:\/\/plazadetoroslamalagueta.com\/fr\/#organization"},"alternateName":"Plaza de Toros M\u00e1laga","potentialAction":[{"@type":"SearchAction","target":{"@type":"EntryPoint","urlTemplate":"https:\/\/plazadetoroslamalagueta.com\/fr\/?s={search_term_string}"},"query-input":{"@type":"PropertyValueSpecification","valueRequired":true,"valueName":"search_term_string"}}],"inLanguage":"fr-FR"},{"@type":"Organization","@id":"https:\/\/plazadetoroslamalagueta.com\/fr\/#organization","name":"Plaza de Toros la Malagueta","url":"https:\/\/plazadetoroslamalagueta.com\/fr\/","logo":{"@type":"ImageObject","inLanguage":"fr-FR","@id":"https:\/\/plazadetoroslamalagueta.com\/fr\/#\/schema\/logo\/image\/","url":"https:\/\/plazadetoroslamalagueta.com\/wp-content\/uploads\/2024\/02\/Logo-plaza-toros.webp","contentUrl":"https:\/\/plazadetoroslamalagueta.com\/wp-content\/uploads\/2024\/02\/Logo-plaza-toros.webp","width":100,"height":100,"caption":"Plaza de Toros la Malagueta"},"image":{"@id":"https:\/\/plazadetoroslamalagueta.com\/fr\/#\/schema\/logo\/image\/"}}]}},"_links":{"self":[{"href":"https:\/\/plazadetoroslamalagueta.com\/fr\/wp-json\/wp\/v2\/pages\/8057","targetHints":{"allow":["GET"]}}],"collection":[{"href":"https:\/\/plazadetoroslamalagueta.com\/fr\/wp-json\/wp\/v2\/pages"}],"about":[{"href":"https:\/\/plazadetoroslamalagueta.com\/fr\/wp-json\/wp\/v2\/types\/page"}],"author":[{"embeddable":true,"href":"https:\/\/plazadetoroslamalagueta.com\/fr\/wp-json\/wp\/v2\/users\/4"}],"replies":[{"embeddable":true,"href":"https:\/\/plazadetoroslamalagueta.com\/fr\/wp-json\/wp\/v2\/comments?post=8057"}],"version-history":[{"count":2,"href":"https:\/\/plazadetoroslamalagueta.com\/fr\/wp-json\/wp\/v2\/pages\/8057\/revisions"}],"predecessor-version":[{"id":8059,"href":"https:\/\/plazadetoroslamalagueta.com\/fr\/wp-json\/wp\/v2\/pages\/8057\/revisions\/8059"}],"wp:attachment":[{"href":"https:\/\/plazadetoroslamalagueta.com\/fr\/wp-json\/wp\/v2\/media?parent=8057"}],"curies":[{"name":"wp","href":"https:\/\/api.w.org\/{rel}","templated":true}]}}