{"id":24886,"date":"2025-03-31T14:27:38","date_gmt":"2025-03-31T12:27:38","guid":{"rendered":"https:\/\/plazadetoroslamalagueta.com\/acces-et-services\/"},"modified":"2025-03-31T14:28:11","modified_gmt":"2025-03-31T12:28:11","slug":"acces-et-services","status":"publish","type":"page","link":"https:\/\/plazadetoroslamalagueta.com\/fr\/acces-et-services\/","title":{"rendered":"Acc\u00e8s et services"},"content":{"rendered":"<section class=\"l-section wpb_row height_medium\"><div class=\"l-section-h i-cf\"><div class=\"g-cols vc_row via_grid cols_1 laptops-cols_inherit tablets-cols_inherit mobiles-cols_1 valign_top type_default stacking_default\"><div class=\"wpb_column vc_column_container\"><div class=\"vc_column-inner\"><div class=\"wpb_text_column\"><div class=\"wpb_wrapper\"><h1 style=\"text-align: center;\">Acc\u00e8s<\/h1>\n<\/div><\/div><div class=\"w-separator size_medium\"><\/div><\/div><\/div><\/div><\/div><\/section><section class=\"l-section wpb_row height_medium\"><div class=\"l-section-h i-cf\"><div class=\"g-cols vc_row via_grid cols_2 laptops-cols_inherit tablets-cols_inherit mobiles-cols_1 valign_top type_default stacking_default\"><div class=\"wpb_column vc_column_container\"><div class=\"vc_column-inner\"><div class=\"w-image align_none\"><div class=\"w-image-h\"><img decoding=\"async\" width=\"663\" height=\"666\" src=\"https:\/\/plazadetoroslamalagueta.com\/wp-content\/uploads\/2025\/03\/Accesos.jpg\" class=\"attachment-large size-large\" alt=\"\" loading=\"lazy\" srcset=\"https:\/\/plazadetoroslamalagueta.com\/wp-content\/uploads\/2025\/03\/Accesos.jpg 663w, https:\/\/plazadetoroslamalagueta.com\/wp-content\/uploads\/2025\/03\/Accesos-300x301.jpg 300w, https:\/\/plazadetoroslamalagueta.com\/wp-content\/uploads\/2025\/03\/Accesos-150x150.jpg 150w\" sizes=\"auto, (max-width: 663px) 100vw, 663px\" \/><\/div><\/div><\/div><\/div><div class=\"wpb_column vc_column_container\"><div class=\"vc_column-inner\"><div class=\"wpb_text_column\"><div class=\"wpb_wrapper\"><p><strong>Transport :<\/strong><\/p>\n<ul>\n<li><strong>Bus :<\/strong> 3 &#8211; 11 &#8211; 32 &#8211; 33 &#8211; 33 &#8211; 34 &#8211; 35 &#8211; N1<\/li>\n<li><strong>Parking payant :<\/strong> <a href=\"https:\/\/maps.app.goo.gl\/wNagaRowDP7UYogN8\" target=\"_blank\" rel=\"noopener\">parking Cervantes<\/a>, \u00e0 c\u00f4t\u00e9 des ar\u00e8nes.<\/li>\n<\/ul>\n<p><strong>Accessibilit\u00e9 pour les personnes handicap\u00e9es :<\/strong><\/p>\n<ul>\n<li><b>Ascenseurs : <\/b>Oui<\/li>\n<li><strong>Acc\u00e8s adapt\u00e9 :<\/strong> Oui<\/li>\n<\/ul>\n<p><strong>Services pendant la visite :<\/strong><\/p>\n<\/div><\/div><div class=\"w-separator size_medium\"><\/div><div class=\"w-iconbox iconpos_top style_default color_primary align_center no_text\"><div class=\"w-iconbox-icon\" style=\"font-size:2rem;\"><i class=\"fas fa-toilet\"><\/i><\/div><div class=\"w-iconbox-meta\"><h4 class=\"w-iconbox-title\">Toilettes<\/h4><\/div><\/div><div class=\"w-separator size_medium\"><\/div><div class=\"w-iconbox iconpos_top style_default color_primary align_center no_text\"><div class=\"w-iconbox-icon\" style=\"font-size:2rem;\"><i class=\"fas fa-bags-shopping\"><\/i><\/div><div class=\"w-iconbox-meta\"><h4 class=\"w-iconbox-title\">Boutique<\/h4><\/div><\/div><div class=\"w-separator size_medium\"><\/div><div class=\"w-iconbox iconpos_top style_default color_primary align_center no_text\"><div class=\"w-iconbox-icon\" style=\"font-size:2rem;\"><i class=\"fas fa-couch\"><\/i><\/div><div class=\"w-iconbox-meta\"><h4 class=\"w-iconbox-title\">Aire de repos<\/h4><\/div><\/div><div class=\"w-separator size_medium\"><\/div><div class=\"w-iconbox iconpos_top style_default color_primary align_center no_text\"><div class=\"w-iconbox-icon\" style=\"font-size:2rem;\"><i class=\"fas fa-tshirt\"><\/i><\/div><div class=\"w-iconbox-meta\"><h4 class=\"w-iconbox-title\">Stockage des bagages<\/h4><\/div><\/div><\/div><\/div><\/div><\/div><\/section>\n","protected":false},"excerpt":{"rendered":"Acc\u00e8s Transport : Bus : 3 &#8211; 11 &#8211; 32 &#8211; 33 &#8211; 33 &#8211; 34 &#8211; 35 &#8211; N1 Parking payant : parking Cervantes, \u00e0 c\u00f4t\u00e9 des ar\u00e8nes. Accessibilit\u00e9 pour les personnes handicap\u00e9es : Ascenseurs : Oui Acc\u00e8s adapt\u00e9 : Oui Services pendant la visite : ToilettesBoutiqueAire de reposStockage des bagages","protected":false},"author":4,"featured_media":0,"parent":0,"menu_order":0,"comment_status":"closed","ping_status":"closed","template":"","meta":{"footnotes":""},"class_list":["post-24886","page","type-page","status-publish","hentry"],"yoast_head":"<!-- This site is optimized with the Yoast SEO plugin v27.4 - https:\/\/yoast.com\/product\/yoast-seo-wordpress\/ -->\n<title>Acc\u00e8s et services - Plaza de Toros La Malagueta<\/title>\n<meta name=\"robots\" content=\"index, follow, max-snippet:-1, max-image-preview:large, max-video-preview:-1\" \/>\n<link rel=\"canonical\" href=\"https:\/\/plazadetoroslamalagueta.com\/fr\/acces-et-services\/\" \/>\n<meta property=\"og:locale\" content=\"fr_FR\" \/>\n<meta property=\"og:type\" content=\"article\" \/>\n<meta property=\"og:title\" content=\"Acc\u00e8s et services - Plaza de Toros La Malagueta\" \/>\n<meta property=\"og:url\" content=\"https:\/\/plazadetoroslamalagueta.com\/fr\/acces-et-services\/\" \/>\n<meta property=\"og:site_name\" content=\"Plaza de Toros La Malagueta\" \/>\n<meta property=\"article:modified_time\" content=\"2025-03-31T12:28:11+00:00\" \/>\n<meta property=\"og:image\" content=\"https:\/\/plazadetoroslamalagueta.com\/wp-content\/uploads\/2023\/03\/Diseno-sin-titulo.jpeg\" \/>\n\t<meta property=\"og:image:width\" content=\"1200\" \/>\n\t<meta property=\"og:image:height\" content=\"675\" \/>\n\t<meta property=\"og:image:type\" content=\"image\/jpeg\" \/>\n<meta name=\"twitter:card\" content=\"summary_large_image\" \/>\n<meta name=\"twitter:label1\" content=\"Dur\u00e9e de lecture estim\u00e9e\" \/>\n\t<meta name=\"twitter:data1\" content=\"1 minute\" \/>\n<script type=\"application\/ld+json\" class=\"yoast-schema-graph\">{\"@context\":\"https:\\\/\\\/schema.org\",\"@graph\":[{\"@type\":\"WebPage\",\"@id\":\"https:\\\/\\\/plazadetoroslamalagueta.com\\\/fr\\\/acces-et-services\\\/\",\"url\":\"https:\\\/\\\/plazadetoroslamalagueta.com\\\/fr\\\/acces-et-services\\\/\",\"name\":\"Acc\u00e8s et services - Plaza de Toros La Malagueta\",\"isPartOf\":{\"@id\":\"https:\\\/\\\/plazadetoroslamalagueta.com\\\/fr\\\/#website\"},\"datePublished\":\"2025-03-31T12:27:38+00:00\",\"dateModified\":\"2025-03-31T12:28:11+00:00\",\"breadcrumb\":{\"@id\":\"https:\\\/\\\/plazadetoroslamalagueta.com\\\/fr\\\/acces-et-services\\\/#breadcrumb\"},\"inLanguage\":\"fr-FR\",\"potentialAction\":[{\"@type\":\"ReadAction\",\"target\":[\"https:\\\/\\\/plazadetoroslamalagueta.com\\\/fr\\\/acces-et-services\\\/\"]}]},{\"@type\":\"BreadcrumbList\",\"@id\":\"https:\\\/\\\/plazadetoroslamalagueta.com\\\/fr\\\/acces-et-services\\\/#breadcrumb\",\"itemListElement\":[{\"@type\":\"ListItem\",\"position\":1,\"name\":\"Inicio\",\"item\":\"https:\\\/\\\/plazadetoroslamalagueta.com\\\/fr\\\/\"},{\"@type\":\"ListItem\",\"position\":2,\"name\":\"Acc\u00e8s et services\"}]},{\"@type\":\"WebSite\",\"@id\":\"https:\\\/\\\/plazadetoroslamalagueta.com\\\/fr\\\/#website\",\"url\":\"https:\\\/\\\/plazadetoroslamalagueta.com\\\/fr\\\/\",\"name\":\"Plaza de Toros de la Malagueta\",\"description\":\"La Plaza de Toros de M\u00e1laga, de nombre La Malagueta, es un edificio reconocido Bien de Inter\u00e9s Cultural, que ofrece visitas tur\u00edsticas y corridas de toros y otros tipos de espect\u00e1culo durante todo el a\u00f1o.\",\"publisher\":{\"@id\":\"https:\\\/\\\/plazadetoroslamalagueta.com\\\/fr\\\/#organization\"},\"alternateName\":\"Plaza de Toros M\u00e1laga\",\"potentialAction\":[{\"@type\":\"SearchAction\",\"target\":{\"@type\":\"EntryPoint\",\"urlTemplate\":\"https:\\\/\\\/plazadetoroslamalagueta.com\\\/fr\\\/?s={search_term_string}\"},\"query-input\":{\"@type\":\"PropertyValueSpecification\",\"valueRequired\":true,\"valueName\":\"search_term_string\"}}],\"inLanguage\":\"fr-FR\"},{\"@type\":\"Organization\",\"@id\":\"https:\\\/\\\/plazadetoroslamalagueta.com\\\/fr\\\/#organization\",\"name\":\"Plaza de Toros la Malagueta\",\"url\":\"https:\\\/\\\/plazadetoroslamalagueta.com\\\/fr\\\/\",\"logo\":{\"@type\":\"ImageObject\",\"inLanguage\":\"fr-FR\",\"@id\":\"https:\\\/\\\/plazadetoroslamalagueta.com\\\/fr\\\/#\\\/schema\\\/logo\\\/image\\\/\",\"url\":\"https:\\\/\\\/plazadetoroslamalagueta.com\\\/wp-content\\\/uploads\\\/2024\\\/02\\\/Logo-plaza-toros.webp\",\"contentUrl\":\"https:\\\/\\\/plazadetoroslamalagueta.com\\\/wp-content\\\/uploads\\\/2024\\\/02\\\/Logo-plaza-toros.webp\",\"width\":100,\"height\":100,\"caption\":\"Plaza de Toros la Malagueta\"},\"image\":{\"@id\":\"https:\\\/\\\/plazadetoroslamalagueta.com\\\/fr\\\/#\\\/schema\\\/logo\\\/image\\\/\"}}]}<\/script>\n<!-- \/ Yoast SEO plugin. -->","yoast_head_json":{"title":"Acc\u00e8s et services - Plaza de Toros La Malagueta","robots":{"index":"index","follow":"follow","max-snippet":"max-snippet:-1","max-image-preview":"max-image-preview:large","max-video-preview":"max-video-preview:-1"},"canonical":"https:\/\/plazadetoroslamalagueta.com\/fr\/acces-et-services\/","og_locale":"fr_FR","og_type":"article","og_title":"Acc\u00e8s et services - Plaza de Toros La Malagueta","og_url":"https:\/\/plazadetoroslamalagueta.com\/fr\/acces-et-services\/","og_site_name":"Plaza de Toros La Malagueta","article_modified_time":"2025-03-31T12:28:11+00:00","og_image":[{"width":1200,"height":675,"url":"https:\/\/plazadetoroslamalagueta.com\/wp-content\/uploads\/2023\/03\/Diseno-sin-titulo.jpeg","type":"image\/jpeg"}],"twitter_card":"summary_large_image","twitter_misc":{"Dur\u00e9e de lecture estim\u00e9e":"1 minute"},"schema":{"@context":"https:\/\/schema.org","@graph":[{"@type":"WebPage","@id":"https:\/\/plazadetoroslamalagueta.com\/fr\/acces-et-services\/","url":"https:\/\/plazadetoroslamalagueta.com\/fr\/acces-et-services\/","name":"Acc\u00e8s et services - Plaza de Toros La Malagueta","isPartOf":{"@id":"https:\/\/plazadetoroslamalagueta.com\/fr\/#website"},"datePublished":"2025-03-31T12:27:38+00:00","dateModified":"2025-03-31T12:28:11+00:00","breadcrumb":{"@id":"https:\/\/plazadetoroslamalagueta.com\/fr\/acces-et-services\/#breadcrumb"},"inLanguage":"fr-FR","potentialAction":[{"@type":"ReadAction","target":["https:\/\/plazadetoroslamalagueta.com\/fr\/acces-et-services\/"]}]},{"@type":"BreadcrumbList","@id":"https:\/\/plazadetoroslamalagueta.com\/fr\/acces-et-services\/#breadcrumb","itemListElement":[{"@type":"ListItem","position":1,"name":"Inicio","item":"https:\/\/plazadetoroslamalagueta.com\/fr\/"},{"@type":"ListItem","position":2,"name":"Acc\u00e8s et services"}]},{"@type":"WebSite","@id":"https:\/\/plazadetoroslamalagueta.com\/fr\/#website","url":"https:\/\/plazadetoroslamalagueta.com\/fr\/","name":"Plaza de Toros de la Malagueta","description":"La Plaza de Toros de M\u00e1laga, de nombre La Malagueta, es un edificio reconocido Bien de Inter\u00e9s Cultural, que ofrece visitas tur\u00edsticas y corridas de toros y otros tipos de espect\u00e1culo durante todo el a\u00f1o.","publisher":{"@id":"https:\/\/plazadetoroslamalagueta.com\/fr\/#organization"},"alternateName":"Plaza de Toros M\u00e1laga","potentialAction":[{"@type":"SearchAction","target":{"@type":"EntryPoint","urlTemplate":"https:\/\/plazadetoroslamalagueta.com\/fr\/?s={search_term_string}"},"query-input":{"@type":"PropertyValueSpecification","valueRequired":true,"valueName":"search_term_string"}}],"inLanguage":"fr-FR"},{"@type":"Organization","@id":"https:\/\/plazadetoroslamalagueta.com\/fr\/#organization","name":"Plaza de Toros la Malagueta","url":"https:\/\/plazadetoroslamalagueta.com\/fr\/","logo":{"@type":"ImageObject","inLanguage":"fr-FR","@id":"https:\/\/plazadetoroslamalagueta.com\/fr\/#\/schema\/logo\/image\/","url":"https:\/\/plazadetoroslamalagueta.com\/wp-content\/uploads\/2024\/02\/Logo-plaza-toros.webp","contentUrl":"https:\/\/plazadetoroslamalagueta.com\/wp-content\/uploads\/2024\/02\/Logo-plaza-toros.webp","width":100,"height":100,"caption":"Plaza de Toros la Malagueta"},"image":{"@id":"https:\/\/plazadetoroslamalagueta.com\/fr\/#\/schema\/logo\/image\/"}}]}},"_links":{"self":[{"href":"https:\/\/plazadetoroslamalagueta.com\/fr\/wp-json\/wp\/v2\/pages\/24886","targetHints":{"allow":["GET"]}}],"collection":[{"href":"https:\/\/plazadetoroslamalagueta.com\/fr\/wp-json\/wp\/v2\/pages"}],"about":[{"href":"https:\/\/plazadetoroslamalagueta.com\/fr\/wp-json\/wp\/v2\/types\/page"}],"author":[{"embeddable":true,"href":"https:\/\/plazadetoroslamalagueta.com\/fr\/wp-json\/wp\/v2\/users\/4"}],"replies":[{"embeddable":true,"href":"https:\/\/plazadetoroslamalagueta.com\/fr\/wp-json\/wp\/v2\/comments?post=24886"}],"version-history":[{"count":2,"href":"https:\/\/plazadetoroslamalagueta.com\/fr\/wp-json\/wp\/v2\/pages\/24886\/revisions"}],"predecessor-version":[{"id":24888,"href":"https:\/\/plazadetoroslamalagueta.com\/fr\/wp-json\/wp\/v2\/pages\/24886\/revisions\/24888"}],"wp:attachment":[{"href":"https:\/\/plazadetoroslamalagueta.com\/fr\/wp-json\/wp\/v2\/media?parent=24886"}],"curies":[{"name":"wp","href":"https:\/\/api.w.org\/{rel}","templated":true}]}}