{"id":21615,"date":"2024-09-20T16:29:33","date_gmt":"2024-09-20T14:29:33","guid":{"rendered":"https:\/\/plazadetoroslamalagueta.com\/visite-des-arenes\/"},"modified":"2026-03-03T14:38:24","modified_gmt":"2026-03-03T13:38:24","slug":"visite-des-arenes","status":"publish","type":"page","link":"https:\/\/plazadetoroslamalagueta.com\/fr\/visite-des-arenes\/","title":{"rendered":"Visite des ar\u00e8nes"},"content":{"rendered":"<section class=\"l-section wpb_row height_huge color_secondary with_img parallax_ver\"><div class=\"l-section-img\" role=\"img\" aria-label=\"Image\" data-img-width=\"1680\" data-img-height=\"840\" style=\"background-image: url(https:\/\/plazadetoroslamalagueta.com\/wp-content\/uploads\/2024\/09\/Tour-plaza-toros-malaga.webp);\"><\/div><div class=\"l-section-overlay\" style=\"background:linear-gradient(90deg,#000,rgba(0,0,0,0.00))\"><\/div><div class=\"l-section-h i-cf\"><div class=\"g-cols vc_row via_grid cols_1 laptops-cols_inherit tablets-cols_1 mobiles-cols_1 valign_top type_default reversed stacking_default\" style=\"--columns-gap:0rem;\"><div class=\"wpb_column vc_column_container us_custom_fd43344c\"><div class=\"vc_column-inner\"><div class=\"w-text us_custom_3bd44eb5 has_text_color no_text\"><span class=\"w-text-h\"><span class=\"w-text-value\"><\/span><\/span><\/div><h1 class=\"w-text\"><span class=\"w-text-h\"><span class=\"w-text-value\">Visite des ar\u00e8nes de Malaga + mus\u00e9e immersif de la tauromachie<\/span><\/span><\/h1><div class=\"w-separator size_small\"><\/div><div class=\"w-separator size_small\"><\/div><div class=\"w-btn-wrapper align_none\"><a class=\"w-btn us-btn-style_1\" target=\"_blank\" href=\"https:\/\/lamalaguetatour.com\/\"><span class=\"w-btn-label\">Plus d&rsquo;informations et r\u00e9servations<\/span><\/a><\/div><\/div><\/div><\/div><\/div><\/section><section class=\"l-section wpb_row height_medium\"><div class=\"l-section-h i-cf\"><div class=\"g-cols vc_row via_grid cols_3-2 laptops-cols_2 tablets-cols_inherit mobiles-cols_1 valign_middle type_default reversed stacking_default\" style=\"--columns-gap:5%;\"><div class=\"wpb_column vc_column_container\"><div class=\"vc_column-inner\"><div class=\"w-image align_none\"><div class=\"w-image-h\"><img decoding=\"async\" width=\"1024\" height=\"682\" src=\"https:\/\/plazadetoroslamalagueta.com\/wp-content\/uploads\/2023\/10\/andanadas-plaza-de-toros-1024x682.webp\" class=\"attachment-large size-large\" alt=\"ar\u00e8ne et tribunes des ar\u00e8nes\" loading=\"lazy\" srcset=\"https:\/\/plazadetoroslamalagueta.com\/wp-content\/uploads\/2023\/10\/andanadas-plaza-de-toros-1024x682.webp 1024w, https:\/\/plazadetoroslamalagueta.com\/wp-content\/uploads\/2023\/10\/andanadas-plaza-de-toros-300x200.webp 300w, https:\/\/plazadetoroslamalagueta.com\/wp-content\/uploads\/2023\/10\/andanadas-plaza-de-toros.webp 1100w\" sizes=\"auto, (max-width: 1024px) 100vw, 1024px\" \/><\/div><\/div><\/div><\/div><div class=\"wpb_column vc_column_container\"><div class=\"vc_column-inner\"><div class=\"wpb_text_column\"><div class=\"wpb_wrapper\"><h2>Visitez tous les coins des ar\u00e8nes<\/h2>\n<p>Au cours de la visite, les visiteurs pourront parcourir l&rsquo;ensemble des ar\u00e8nes de la Malagueta, de la porte principale aux ar\u00e8nes, en passant par les tendidos ou le callej\u00f3n, l&rsquo;infirmerie ou encore les toriles, pour aboutir \u00e0 l&rsquo;exposition immersive permanente.<\/p>\n<p>Les visites peuvent se faire individuellement avec des audioguides disponibles en plusieurs langues, ou en groupes priv\u00e9s accompagn\u00e9s d&rsquo;un guide.<\/p>\n<\/div><\/div><div class=\"w-btn-wrapper align_none\"><a class=\"w-btn us-btn-style_1\" target=\"_blank\" href=\"https:\/\/tickets.lamalaguetatour.com\/\"><span class=\"w-btn-label\">Plus d&rsquo;informations et r\u00e9servations<\/span><\/a><\/div><\/div><\/div><\/div><\/div><\/section><section class=\"l-section wpb_row height_medium\"><div class=\"l-section-h i-cf\"><div class=\"g-cols vc_row via_grid cols_2-3 laptops-cols_2 tablets-cols_inherit mobiles-cols_1 valign_middle type_default stacking_default\" style=\"--columns-gap:5%;\"><div class=\"wpb_column vc_column_container\"><div class=\"vc_column-inner\"><div class=\"wpb_text_column\"><div class=\"wpb_wrapper\"><h2>Un mus\u00e9e taurin immersif, unique au monde<\/h2>\n<p>Le Centre d&rsquo;exp\u00e9rience immersive de la tauromachie dans les ar\u00e8nes de Malaga dispose de 6 salles qui permettent aux visiteurs de d\u00e9couvrir les origines de la tauromachie dans le monde et \u00e0 Malaga, de d\u00e9couvrir des \u0153uvres d&rsquo;artistes internationaux de Malaga, de la dehesa et de la campagne taurine, ainsi que de s&rsquo;amuser avec toutes sortes de jeux et d&rsquo;exp\u00e9riences num\u00e9riques.<\/p>\n<p>Sans aucun doute, le mus\u00e9e de la tauromachie le plus technologique au monde.<\/p>\n<\/div><\/div><div class=\"w-btn-wrapper align_none\"><a class=\"w-btn us-btn-style_1\" target=\"_blank\" href=\"https:\/\/lamalaguetatour.com\/visitas-individuales\/\"><span class=\"w-btn-label\">Plus d&rsquo;informations et r\u00e9servations<\/span><\/a><\/div><\/div><\/div><div class=\"wpb_column vc_column_container\"><div class=\"vc_column-inner\"><div class=\"w-image align_none\"><div class=\"w-image-h\"><img decoding=\"async\" width=\"1024\" height=\"752\" src=\"https:\/\/plazadetoroslamalagueta.com\/wp-content\/uploads\/2025\/07\/Captura-de-pantalla-2025-07-03-a-las-10.36.13-1024x752.png\" class=\"attachment-large size-large\" alt=\"\" loading=\"lazy\" srcset=\"https:\/\/plazadetoroslamalagueta.com\/wp-content\/uploads\/2025\/07\/Captura-de-pantalla-2025-07-03-a-las-10.36.13-1024x752.png 1024w, https:\/\/plazadetoroslamalagueta.com\/wp-content\/uploads\/2025\/07\/Captura-de-pantalla-2025-07-03-a-las-10.36.13-300x220.png 300w, https:\/\/plazadetoroslamalagueta.com\/wp-content\/uploads\/2025\/07\/Captura-de-pantalla-2025-07-03-a-las-10.36.13.png 1740w\" sizes=\"auto, (max-width: 1024px) 100vw, 1024px\" \/><\/div><\/div><\/div><\/div><\/div><\/div><\/section><section class=\"l-section wpb_row height_medium\" id=\"contacto\"><div class=\"l-section-h i-cf\"><div class=\"g-cols vc_row via_grid cols_1 laptops-cols_inherit tablets-cols_inherit mobiles-cols_1 valign_top type_default stacking_default\"><div class=\"wpb_column vc_column_container\"><div class=\"vc_column-inner\"><div class=\"wpb_text_column\"><div class=\"wpb_wrapper\"><h2 style=\"text-align: center;\">R\u00e9servations pour les agences de tourisme<\/h2>\n<p style=\"text-align: center;\">Si vous \u00eates une agence, un tour op\u00e9rateur ou un guide et que vous souhaitez faire la visite des ar\u00e8nes de Malaga avec vos clients, inscrivez-vous sur notre plateforme de r\u00e9servation et nous vous contacterons pour vous envoyer des informations sur la visite et les conditions sp\u00e9ciales.<\/p>\n<\/div><\/div><div class=\"w-separator size_medium\"><\/div><div class=\"w-btn-wrapper align_none\"><a class=\"w-btn us-btn-style_1\" target=\"_blank\" href=\"https:\/\/lamalaguetatour.com\/profesionales-y-agencias\/\"><span class=\"w-btn-label\">Plus d&rsquo;informations pour les agences<\/span><\/a><\/div><\/div><\/div><\/div><\/div><\/section><section class=\"l-section wpb_row height_medium\"><div class=\"l-section-h i-cf\"><div class=\"g-cols vc_row via_grid cols_1 laptops-cols_inherit tablets-cols_inherit mobiles-cols_1 valign_top type_default stacking_default\"><div class=\"wpb_column vc_column_container\"><div class=\"vc_column-inner\">[vc_raw_html]JTNDc2VjdGlvbiUyMGNsYXNzJTNEJTIyZmFxLXNlY3Rpb24lMjIlM0UlMEElMjAlMjAlM0NoMiUzRUZvaXJlJTIwQXV4JTIwUXVlc3Rpb25zJTIwJUUyJTgwJTkzJTIwVmlzaXRlJTIwZGVzJTIwQXIlQzMlQThuZXMlM0MlMkZoMiUzRSUwQSUwQSUyMCUyMCUzQ2RldGFpbHMlMjBjbGFzcyUzRCUyMmZhcS1pdGVtJTIyJTNFJTBBJTIwJTIwJTIwJTIwJTNDc3VtbWFyeSUzRVF1ZWxzJTIwc29udCUyMGxlcyUyMGhvcmFpcmVzJTIwZCVFMiU4MCU5OW91dmVydHVyZSUyMCUzRiUzQyUyRnN1bW1hcnklM0UlMEElMjAlMjAlMjAlMjAlM0NwJTNFTGElMjB2aXNpdGUlMjBlc3QlMjBvdXZlcnRlJTIwdG91cyUyMGxlcyUyMGpvdXJzJTIwZGUlMjAxMGgwMCUyMCVDMyVBMCUyMDE4aDAwJTJDJTIwYXZlYyUyMHVuZSUyMGRlcm5pJUMzJUE4cmUlMjBlbnRyJUMzJUE5ZSUyMCVDMyVBMCUyMDE3aDAwLiUyME5vdXMlMjB2b3VzJTIwcmVjb21tYW5kb25zJTIwZGUlMjB2JUMzJUE5cmlmaWVyJTIwbGVzJTIwaG9yYWlyZXMlMjBlbiUyMGNhcyUyMGQlRTIlODAlOTklQzMlQTl2JUMzJUE5bmVtZW50JTIwc3AlQzMlQTljaWFsLiUzQyUyRnAlM0UlMEElMjAlMjAlM0MlMkZkZXRhaWxzJTNFJTBBJTBBJTIwJTIwJTNDZGV0YWlscyUyMGNsYXNzJTNEJTIyZmFxLWl0ZW0lMjIlM0UlMEElMjAlMjAlMjAlMjAlM0NzdW1tYXJ5JTNFTyVDMyVCOSUyMGNvbW1lbmNlJTIwbGElMjB2aXNpdGUlMjAlM0YlM0MlMkZzdW1tYXJ5JTNFJTBBJTIwJTIwJTIwJTIwJTNDcCUzRUwlRTIlODAlOTllbnRyJUMzJUE5ZSUyMHNlJTIwZmFpdCUyMHBhciUyMGxhJTIwUG9ydGUlMjA4JTJDJTIwc2l0dSVDMyVBOWUlMjBDYWxsZSUyME1hZXN0cmFuemEuJTNDJTJGcCUzRSUwQSUyMCUyMCUzQyUyRmRldGFpbHMlM0UlMEElMEElMjAlMjAlM0NkZXRhaWxzJTIwY2xhc3MlM0QlMjJmYXEtaXRlbSUyMiUzRSUwQSUyMCUyMCUyMCUyMCUzQ3N1bW1hcnklM0VGYXV0LWlsJTIwciVDMyVBOXNlcnZlciUyMCVDMyVBMCUyMGwlRTIlODAlOTlhdmFuY2UlMjAlM0YlM0MlMkZzdW1tYXJ5JTNFJTBBJTIwJTIwJTIwJTIwJTNDcCUzRUlsJTIwZXN0JTIwY29uc2VpbGwlQzMlQTklMjBkJUUyJTgwJTk5YWNoZXRlciUyMHZvcyUyMGJpbGxldHMlMjBlbiUyMGxpZ25lJTIwJUMzJUEwJTIwbCVFMiU4MCU5OWF2YW5jZSUyQyUyMG5vdGFtbWVudCUyMGVuJTIwaGF1dGUlMjBzYWlzb24lMkMlMjBhZmluJTIwZGUlMjBnYXJhbnRpciUyMHZvdHJlJTIwY3IlQzMlQTluZWF1JTIwaG9yYWlyZS4lM0MlMkZwJTNFJTBBJTIwJTIwJTNDJTJGZGV0YWlscyUzRSUwQSUwQSUyMCUyMCUzQ2RldGFpbHMlMjBjbGFzcyUzRCUyMmZhcS1pdGVtJTIyJTNFJTBBJTIwJTIwJTIwJTIwJTNDc3VtbWFyeSUzRUNvbWJpZW4lMjBkZSUyMHRlbXBzJTIwZHVyZSUyMGxhJTIwdmlzaXRlJTIwJTNGJTNDJTJGc3VtbWFyeSUzRSUwQSUyMCUyMCUyMCUyMCUzQ3AlM0VMYSUyMHZpc2l0ZSUyMGR1cmUlMjBnJUMzJUE5biVDMyVBOXJhbGVtZW50JTIwZW50cmUlMjAxJTIwZXQlMjAyJTIwaGV1cmVzJTJDJTIwc2Vsb24lMjB2b3RyZSUyMHJ5dGhtZSUyMGV0JTIwbGUlMjB0ZW1wcyUyMHBhc3MlQzMlQTklMjBkYW5zJTIwbCVFMiU4MCU5OWVzcGFjZSUyMG11cyVDMyVBOWFsJTIwaW1tZXJzaWYuJTNDJTJGcCUzRSUwQSUyMCUyMCUzQyUyRmRldGFpbHMlM0UlMEElMEElMjAlMjAlM0NkZXRhaWxzJTIwY2xhc3MlM0QlMjJmYXEtaXRlbSUyMiUzRSUwQSUyMCUyMCUyMCUyMCUzQ3N1bW1hcnklM0VVbiUyMGF1ZGlvZ3VpZGUlMjBlc3QtaWwlMjBpbmNsdXMlMjAlM0YlM0MlMkZzdW1tYXJ5JTNFJTBBJTIwJTIwJTIwJTIwJTNDcCUzRU91aSUyQyUyMGxlJTIwYmlsbGV0JTIwaW5jbHV0JTIwdW4lMjBhdWRpb2d1aWRlJTIwbXVsdGlsaW5ndWUlMjAlMjhmcmFuJUMzJUE3YWlzJTJDJTIwYW5nbGFpcyUyQyUyMGVzcGFnbm9sJTJDJTIwaXRhbGllbiUyQyUyMGFsbGVtYW5kJTIwZXQlMjBydXNzZSUyOS4lM0MlMkZwJTNFJTBBJTIwJTIwJTNDJTJGZGV0YWlscyUzRSUwQSUwQSUyMCUyMCUzQ2RldGFpbHMlMjBjbGFzcyUzRCUyMmZhcS1pdGVtJTIyJTNFJTBBJTIwJTIwJTIwJTIwJTNDc3VtbWFyeSUzRVByb3Bvc2V6LXZvdXMlMjBkZXMlMjB2aXNpdGVzJTIwZ3VpZCVDMyVBOWVzJTIwJTNGJTNDJTJGc3VtbWFyeSUzRSUwQSUyMCUyMCUyMCUyMCUzQ3AlM0VPdWklMkMlMjBkZXMlMjB2aXNpdGVzJTIwZ3VpZCVDMyVBOWVzJTIwcHJpdiVDMyVBOWVzJTIwb3UlMjBwb3VyJTIwZ3JvdXBlcyUyMHBldXZlbnQlMjAlQzMlQUF0cmUlMjBvcmdhbmlzJUMzJUE5ZXMlMjBzdXIlMjBkZW1hbmRlLiUyMExlcyUyMHZpc2l0ZXVycyUyMGluZGl2aWR1ZWxzJTIwYiVDMyVBOW4lQzMlQTlmaWNpZW50JTIwZyVDMyVBOW4lQzMlQTlyYWxlbWVudCUyMGQlRTIlODAlOTl1biUyMGF1ZGlvZ3VpZGUuJTNDJTJGcCUzRSUwQSUyMCUyMCUzQyUyRmRldGFpbHMlM0UlMEElMEElMjAlMjAlM0NkZXRhaWxzJTIwY2xhc3MlM0QlMjJmYXEtaXRlbSUyMiUzRSUwQSUyMCUyMCUyMCUyMCUzQ3N1bW1hcnklM0VRdWUlMjBwZXV0LW9uJTIwdm9pciUyMHBlbmRhbnQlMjBsYSUyMHZpc2l0ZSUyMCUzRiUzQyUyRnN1bW1hcnklM0UlMEElMjAlMjAlMjAlMjAlM0NwJTNFTGElMjB2aXNpdGUlMjBwZXJtZXQlMjBkJUUyJTgwJTk5ZXhwbG9yZXIlMjBsJUUyJTgwJTk5ZW5zZW1ibGUlMjBkZXMlMjBhciVDMyVBOG5lcyUyMCUzQSUyMGxlcyUyMGdyYWRpbnMlMkMlMjBsYSUyMHBpc3RlJTJDJTIwbGVzJTIwY291bG9pcnMlMjBpbnQlQzMlQTlyaWV1cnMlMkMlMjBsJUUyJTgwJTk5aW5maXJtZXJpZSUyMGV0JTIwbGVzJTIwY29ycmFscy4lMjBFbGxlJTIwaW5jbHV0JTIwJUMzJUE5Z2FsZW1lbnQlMjB1biUyMGNlbnRyZSUyMGQlRTIlODAlOTlpbnRlcnByJUMzJUE5dGF0aW9uJTIwaW1tZXJzaWYlMjBjb25zYWNyJUMzJUE5JTIwJUMzJUEwJTIwbCVFMiU4MCU5OWhpc3RvaXJlJTIwZXQlMjAlQzMlQTAlMjBsYSUyMGN1bHR1cmUlMjB0YXVyaW5lLiUzQyUyRnAlM0UlMEElMjAlMjAlM0MlMkZkZXRhaWxzJTNFJTBBJTBBJTIwJTIwJTNDZGV0YWlscyUyMGNsYXNzJTNEJTIyZmFxLWl0ZW0lMjIlM0UlMEElMjAlMjAlMjAlMjAlM0NzdW1tYXJ5JTNFWSUyMGEtdC1pbCUyMGRlcyUyMCVDMyVBOWwlQzMlQTltZW50cyUyMGludGVyYWN0aWZzJTIwJTNGJTNDJTJGc3VtbWFyeSUzRSUwQSUyMCUyMCUyMCUyMCUzQ3AlM0VPdWkuJTIwTCVFMiU4MCU5OWV4cCVDMyVBOXJpZW5jZSUyMGNvbXByZW5kJTIwZGVzJTIwY29udGVudXMlMjBpbnRlcmFjdGlmcyUyMGV0JTIwaW1tZXJzaWZzJTIwcGVybWV0dGFudCUyMGRlJTIwbWlldXglMjBjb21wcmVuZHJlJTIwbGElMjB0cmFkaXRpb24lMjB0YXVyaW5lLiUzQyUyRnAlM0UlMEElMjAlMjAlM0MlMkZkZXRhaWxzJTNFJTBBJTBBJTIwJTIwJTNDZGV0YWlscyUyMGNsYXNzJTNEJTIyZmFxLWl0ZW0lMjIlM0UlMEElMjAlMjAlMjAlMjAlM0NzdW1tYXJ5JTNFTGElMjB2aXNpdGUlMjBlc3QtZWxsZSUyMGFkYXB0JUMzJUE5ZSUyMGF1eCUyMGVuZmFudHMlMjAlM0YlM0MlMkZzdW1tYXJ5JTNFJTBBJTIwJTIwJTIwJTIwJTNDcCUzRU91aSUyQyUyMGlsJTIwcyVFMiU4MCU5OWFnaXQlMjBkJUUyJTgwJTk5dW5lJTIwdmlzaXRlJTIwY3VsdHVyZWxsZSUyMGV0JTIwaW1tZXJzaXZlJTJDJTIwYWRhcHQlQzMlQTllJTIwYXV4JTIwZmFtaWxsZXMuJTNDJTJGcCUzRSUwQSUyMCUyMCUzQyUyRmRldGFpbHMlM0UlMEElMEElMjAlMjAlM0NkZXRhaWxzJTIwY2xhc3MlM0QlMjJmYXEtaXRlbSUyMiUzRSUwQSUyMCUyMCUyMCUyMCUzQ3N1bW1hcnklM0VMZSUyMHNpdGUlMjBlc3QtaWwlMjBhY2Nlc3NpYmxlJTIwYXV4JTIwcGVyc29ubmVzJTIwJUMzJUEwJTIwbW9iaWxpdCVDMyVBOSUyMHIlQzMlQTlkdWl0ZSUyMCUzRiUzQyUyRnN1bW1hcnklM0UlMEElMjAlMjAlMjAlMjAlM0NwJTNFQ2VydGFpbmVzJTIwem9uZXMlMjBzb250JTIwYWNjZXNzaWJsZXMlMkMlMjBtYWlzJTIwY2VydGFpbmVzJTIwcGFydGllcyUyMHBldXZlbnQlMjBwciVDMyVBOXNlbnRlciUyMGRlcyUyMGxpbWl0YXRpb25zJTIwZW4lMjByYWlzb24lMjBkdSUyMGNhcmFjdCVDMyVBOHJlJTIwaGlzdG9yaXF1ZSUyMGR1JTIwbW9udW1lbnQuJTNDJTJGcCUzRSUwQSUyMCUyMCUzQyUyRmRldGFpbHMlM0UlMEElMEElMjAlMjAlM0NkZXRhaWxzJTIwY2xhc3MlM0QlMjJmYXEtaXRlbSUyMiUzRSUwQSUyMCUyMCUyMCUyMCUzQ3N1bW1hcnklM0VRdWUlMjBzZSUyMHBhc3NlLXQtaWwlMjBlbiUyMGNhcyUyMGRlJTIwbWF1dmFpcyUyMHRlbXBzJTIwJTNGJTNDJTJGc3VtbWFyeSUzRSUwQSUyMCUyMCUyMCUyMCUzQ3AlM0VVbmUlMjBncmFuZGUlMjBwYXJ0aWUlMjBkZSUyMGxhJTIwdmlzaXRlJTIwc2UlMjBkJUMzJUE5cm91bGUlMjBkYW5zJTIwZGVzJTIwZXNwYWNlcyUyMGNvdXZlcnRzJTIwb3UlMjBpbnQlQzMlQTlyaWV1cnMuJTNDJTJGcCUzRSUwQSUyMCUyMCUzQyUyRmRldGFpbHMlM0UlMEElMEElMjAlMjAlM0NkZXRhaWxzJTIwY2xhc3MlM0QlMjJmYXEtaXRlbSUyMiUzRSUwQSUyMCUyMCUyMCUyMCUzQ3N1bW1hcnklM0VDb21tZW50JTIwcHVpcy1qZSUyMG9idGVuaXIlMjBwbHVzJTIwZCVFMiU4MCU5OWluZm9ybWF0aW9ucyUyMCUzRiUzQyUyRnN1bW1hcnklM0UlMEElMjAlMjAlMjAlMjAlM0NwJTNFVm91cyUyMHBvdXZleiUyMG5vdXMlMjBjb250YWN0ZXIlMjB2aWElMjBsYSUyMHNlY3Rpb24lMjAlQzIlQUIlMjBDb250YWN0JTIwJUMyJUJCJTIwZHUlMjBzaXRlJTIwb2ZmaWNpZWwuJTNDJTJGcCUzRSUwQSUyMCUyMCUzQyUyRmRldGFpbHMlM0UlMEElMEElM0MlMkZzZWN0aW9uJTNF[\/vc_raw_html]<\/div><\/div><\/div><\/div><\/section>\n","protected":false},"excerpt":{"rendered":"Visite des ar\u00e8nes de Malaga + mus\u00e9e immersif de la tauromachiePlus d&rsquo;informations et r\u00e9servationsVisitez tous les coins des ar\u00e8nes Au cours de la visite, les visiteurs pourront parcourir l&rsquo;ensemble des ar\u00e8nes de la Malagueta, de la porte principale aux ar\u00e8nes, en passant par les tendidos ou le callej\u00f3n, l&rsquo;infirmerie ou encore les toriles, pour aboutir...","protected":false},"author":4,"featured_media":0,"parent":0,"menu_order":0,"comment_status":"closed","ping_status":"closed","template":"","meta":{"footnotes":""},"class_list":["post-21615","page","type-page","status-publish","hentry"],"yoast_head":"<!-- This site is optimized with the Yoast SEO plugin v27.4 - https:\/\/yoast.com\/product\/yoast-seo-wordpress\/ -->\n<title>Visite des Ar\u00e8nes de Malaga - Prix et acc\u00e8s<\/title>\n<meta name=\"description\" content=\"R\u00e9servations pour la visite des ar\u00e8nes de Malaga. R\u00e9servations pour les particuliers et les agences de tourisme [Plaza Toros Malagueta].\" \/>\n<meta name=\"robots\" content=\"index, follow, max-snippet:-1, max-image-preview:large, max-video-preview:-1\" \/>\n<link rel=\"canonical\" href=\"https:\/\/plazadetoroslamalagueta.com\/fr\/visite-des-arenes\/\" \/>\n<meta property=\"og:locale\" content=\"fr_FR\" \/>\n<meta property=\"og:type\" content=\"article\" \/>\n<meta property=\"og:title\" content=\"Visite des Ar\u00e8nes de Malaga - Prix et acc\u00e8s\" \/>\n<meta property=\"og:description\" content=\"R\u00e9servations pour la visite des ar\u00e8nes de Malaga. R\u00e9servations pour les particuliers et les agences de tourisme [Plaza Toros Malagueta].\" \/>\n<meta property=\"og:url\" content=\"https:\/\/plazadetoroslamalagueta.com\/fr\/visite-des-arenes\/\" \/>\n<meta property=\"og:site_name\" content=\"Plaza de Toros La Malagueta\" \/>\n<meta property=\"article:modified_time\" content=\"2026-03-03T13:38:24+00:00\" \/>\n<meta property=\"og:image\" content=\"https:\/\/plazadetoroslamalagueta.com\/wp-content\/uploads\/2023\/03\/Diseno-sin-titulo.jpeg\" \/>\n\t<meta property=\"og:image:width\" content=\"1200\" \/>\n\t<meta property=\"og:image:height\" content=\"675\" \/>\n\t<meta property=\"og:image:type\" content=\"image\/jpeg\" \/>\n<meta name=\"twitter:card\" content=\"summary_large_image\" \/>\n<meta name=\"twitter:label1\" content=\"Dur\u00e9e de lecture estim\u00e9e\" \/>\n\t<meta name=\"twitter:data1\" content=\"2 minutes\" \/>\n<script type=\"application\/ld+json\" class=\"yoast-schema-graph\">{\"@context\":\"https:\\\/\\\/schema.org\",\"@graph\":[{\"@type\":\"WebPage\",\"@id\":\"https:\\\/\\\/plazadetoroslamalagueta.com\\\/fr\\\/visite-des-arenes\\\/\",\"url\":\"https:\\\/\\\/plazadetoroslamalagueta.com\\\/fr\\\/visite-des-arenes\\\/\",\"name\":\"Visite des Ar\u00e8nes de Malaga - Prix et acc\u00e8s\",\"isPartOf\":{\"@id\":\"https:\\\/\\\/plazadetoroslamalagueta.com\\\/fr\\\/#website\"},\"datePublished\":\"2024-09-20T14:29:33+00:00\",\"dateModified\":\"2026-03-03T13:38:24+00:00\",\"description\":\"R\u00e9servations pour la visite des ar\u00e8nes de Malaga. R\u00e9servations pour les particuliers et les agences de tourisme [Plaza Toros Malagueta].\",\"breadcrumb\":{\"@id\":\"https:\\\/\\\/plazadetoroslamalagueta.com\\\/fr\\\/visite-des-arenes\\\/#breadcrumb\"},\"inLanguage\":\"fr-FR\",\"potentialAction\":[{\"@type\":\"ReadAction\",\"target\":[\"https:\\\/\\\/plazadetoroslamalagueta.com\\\/fr\\\/visite-des-arenes\\\/\"]}]},{\"@type\":\"BreadcrumbList\",\"@id\":\"https:\\\/\\\/plazadetoroslamalagueta.com\\\/fr\\\/visite-des-arenes\\\/#breadcrumb\",\"itemListElement\":[{\"@type\":\"ListItem\",\"position\":1,\"name\":\"Inicio\",\"item\":\"https:\\\/\\\/plazadetoroslamalagueta.com\\\/fr\\\/\"},{\"@type\":\"ListItem\",\"position\":2,\"name\":\"Visite des ar\u00e8nes\"}]},{\"@type\":\"WebSite\",\"@id\":\"https:\\\/\\\/plazadetoroslamalagueta.com\\\/fr\\\/#website\",\"url\":\"https:\\\/\\\/plazadetoroslamalagueta.com\\\/fr\\\/\",\"name\":\"Plaza de Toros de la Malagueta\",\"description\":\"La Plaza de Toros de M\u00e1laga, de nombre La Malagueta, es un edificio reconocido Bien de Inter\u00e9s Cultural, que ofrece visitas tur\u00edsticas y corridas de toros y otros tipos de espect\u00e1culo durante todo el a\u00f1o.\",\"publisher\":{\"@id\":\"https:\\\/\\\/plazadetoroslamalagueta.com\\\/fr\\\/#organization\"},\"alternateName\":\"Plaza de Toros M\u00e1laga\",\"potentialAction\":[{\"@type\":\"SearchAction\",\"target\":{\"@type\":\"EntryPoint\",\"urlTemplate\":\"https:\\\/\\\/plazadetoroslamalagueta.com\\\/fr\\\/?s={search_term_string}\"},\"query-input\":{\"@type\":\"PropertyValueSpecification\",\"valueRequired\":true,\"valueName\":\"search_term_string\"}}],\"inLanguage\":\"fr-FR\"},{\"@type\":\"Organization\",\"@id\":\"https:\\\/\\\/plazadetoroslamalagueta.com\\\/fr\\\/#organization\",\"name\":\"Plaza de Toros la Malagueta\",\"url\":\"https:\\\/\\\/plazadetoroslamalagueta.com\\\/fr\\\/\",\"logo\":{\"@type\":\"ImageObject\",\"inLanguage\":\"fr-FR\",\"@id\":\"https:\\\/\\\/plazadetoroslamalagueta.com\\\/fr\\\/#\\\/schema\\\/logo\\\/image\\\/\",\"url\":\"https:\\\/\\\/plazadetoroslamalagueta.com\\\/wp-content\\\/uploads\\\/2024\\\/02\\\/Logo-plaza-toros.webp\",\"contentUrl\":\"https:\\\/\\\/plazadetoroslamalagueta.com\\\/wp-content\\\/uploads\\\/2024\\\/02\\\/Logo-plaza-toros.webp\",\"width\":100,\"height\":100,\"caption\":\"Plaza de Toros la Malagueta\"},\"image\":{\"@id\":\"https:\\\/\\\/plazadetoroslamalagueta.com\\\/fr\\\/#\\\/schema\\\/logo\\\/image\\\/\"}}]}<\/script>\n<!-- \/ Yoast SEO plugin. -->","yoast_head_json":{"title":"Visite des Ar\u00e8nes de Malaga - Prix et acc\u00e8s","description":"R\u00e9servations pour la visite des ar\u00e8nes de Malaga. R\u00e9servations pour les particuliers et les agences de tourisme [Plaza Toros Malagueta].","robots":{"index":"index","follow":"follow","max-snippet":"max-snippet:-1","max-image-preview":"max-image-preview:large","max-video-preview":"max-video-preview:-1"},"canonical":"https:\/\/plazadetoroslamalagueta.com\/fr\/visite-des-arenes\/","og_locale":"fr_FR","og_type":"article","og_title":"Visite des Ar\u00e8nes de Malaga - Prix et acc\u00e8s","og_description":"R\u00e9servations pour la visite des ar\u00e8nes de Malaga. R\u00e9servations pour les particuliers et les agences de tourisme [Plaza Toros Malagueta].","og_url":"https:\/\/plazadetoroslamalagueta.com\/fr\/visite-des-arenes\/","og_site_name":"Plaza de Toros La Malagueta","article_modified_time":"2026-03-03T13:38:24+00:00","og_image":[{"width":1200,"height":675,"url":"https:\/\/plazadetoroslamalagueta.com\/wp-content\/uploads\/2023\/03\/Diseno-sin-titulo.jpeg","type":"image\/jpeg"}],"twitter_card":"summary_large_image","twitter_misc":{"Dur\u00e9e de lecture estim\u00e9e":"2 minutes"},"schema":{"@context":"https:\/\/schema.org","@graph":[{"@type":"WebPage","@id":"https:\/\/plazadetoroslamalagueta.com\/fr\/visite-des-arenes\/","url":"https:\/\/plazadetoroslamalagueta.com\/fr\/visite-des-arenes\/","name":"Visite des Ar\u00e8nes de Malaga - Prix et acc\u00e8s","isPartOf":{"@id":"https:\/\/plazadetoroslamalagueta.com\/fr\/#website"},"datePublished":"2024-09-20T14:29:33+00:00","dateModified":"2026-03-03T13:38:24+00:00","description":"R\u00e9servations pour la visite des ar\u00e8nes de Malaga. R\u00e9servations pour les particuliers et les agences de tourisme [Plaza Toros Malagueta].","breadcrumb":{"@id":"https:\/\/plazadetoroslamalagueta.com\/fr\/visite-des-arenes\/#breadcrumb"},"inLanguage":"fr-FR","potentialAction":[{"@type":"ReadAction","target":["https:\/\/plazadetoroslamalagueta.com\/fr\/visite-des-arenes\/"]}]},{"@type":"BreadcrumbList","@id":"https:\/\/plazadetoroslamalagueta.com\/fr\/visite-des-arenes\/#breadcrumb","itemListElement":[{"@type":"ListItem","position":1,"name":"Inicio","item":"https:\/\/plazadetoroslamalagueta.com\/fr\/"},{"@type":"ListItem","position":2,"name":"Visite des ar\u00e8nes"}]},{"@type":"WebSite","@id":"https:\/\/plazadetoroslamalagueta.com\/fr\/#website","url":"https:\/\/plazadetoroslamalagueta.com\/fr\/","name":"Plaza de Toros de la Malagueta","description":"La Plaza de Toros de M\u00e1laga, de nombre La Malagueta, es un edificio reconocido Bien de Inter\u00e9s Cultural, que ofrece visitas tur\u00edsticas y corridas de toros y otros tipos de espect\u00e1culo durante todo el a\u00f1o.","publisher":{"@id":"https:\/\/plazadetoroslamalagueta.com\/fr\/#organization"},"alternateName":"Plaza de Toros M\u00e1laga","potentialAction":[{"@type":"SearchAction","target":{"@type":"EntryPoint","urlTemplate":"https:\/\/plazadetoroslamalagueta.com\/fr\/?s={search_term_string}"},"query-input":{"@type":"PropertyValueSpecification","valueRequired":true,"valueName":"search_term_string"}}],"inLanguage":"fr-FR"},{"@type":"Organization","@id":"https:\/\/plazadetoroslamalagueta.com\/fr\/#organization","name":"Plaza de Toros la Malagueta","url":"https:\/\/plazadetoroslamalagueta.com\/fr\/","logo":{"@type":"ImageObject","inLanguage":"fr-FR","@id":"https:\/\/plazadetoroslamalagueta.com\/fr\/#\/schema\/logo\/image\/","url":"https:\/\/plazadetoroslamalagueta.com\/wp-content\/uploads\/2024\/02\/Logo-plaza-toros.webp","contentUrl":"https:\/\/plazadetoroslamalagueta.com\/wp-content\/uploads\/2024\/02\/Logo-plaza-toros.webp","width":100,"height":100,"caption":"Plaza de Toros la Malagueta"},"image":{"@id":"https:\/\/plazadetoroslamalagueta.com\/fr\/#\/schema\/logo\/image\/"}}]}},"_links":{"self":[{"href":"https:\/\/plazadetoroslamalagueta.com\/fr\/wp-json\/wp\/v2\/pages\/21615","targetHints":{"allow":["GET"]}}],"collection":[{"href":"https:\/\/plazadetoroslamalagueta.com\/fr\/wp-json\/wp\/v2\/pages"}],"about":[{"href":"https:\/\/plazadetoroslamalagueta.com\/fr\/wp-json\/wp\/v2\/types\/page"}],"author":[{"embeddable":true,"href":"https:\/\/plazadetoroslamalagueta.com\/fr\/wp-json\/wp\/v2\/users\/4"}],"replies":[{"embeddable":true,"href":"https:\/\/plazadetoroslamalagueta.com\/fr\/wp-json\/wp\/v2\/comments?post=21615"}],"version-history":[{"count":36,"href":"https:\/\/plazadetoroslamalagueta.com\/fr\/wp-json\/wp\/v2\/pages\/21615\/revisions"}],"predecessor-version":[{"id":36280,"href":"https:\/\/plazadetoroslamalagueta.com\/fr\/wp-json\/wp\/v2\/pages\/21615\/revisions\/36280"}],"wp:attachment":[{"href":"https:\/\/plazadetoroslamalagueta.com\/fr\/wp-json\/wp\/v2\/media?parent=21615"}],"curies":[{"name":"wp","href":"https:\/\/api.w.org\/{rel}","templated":true}]}}