{"id":1658,"date":"2023-02-17T10:13:03","date_gmt":"2023-02-17T09:13:03","guid":{"rendered":"https:\/\/plazadetoroslamalagueta.com\/?page_id=1658"},"modified":"2025-01-15T13:08:18","modified_gmt":"2025-01-15T12:08:18","slug":"politique-de-privacite","status":"publish","type":"page","link":"https:\/\/plazadetoroslamalagueta.com\/fr\/politique-de-privacite\/","title":{"rendered":"Politique de confidentialit\u00e9"},"content":{"rendered":"<section class=\"l-section wpb_row height_medium\"><div class=\"l-section-h i-cf\"><div class=\"g-cols vc_row via_grid cols_1 laptops-cols_inherit tablets-cols_inherit mobiles-cols_1 valign_top type_default stacking_default\"><div class=\"wpb_column vc_column_container\"><div class=\"vc_column-inner\"><div class=\"wpb_text_column\"><div class=\"wpb_wrapper\"><h3>Protection des donn\u00e9es personnelles dans le cadre du GDPR<\/h3>\n<p>Toroshopping, S.L., <a href=\"https:\/\/plazadetoroslamalagueta.com\/fr\/\" target=\"_blank\" rel=\"noopener\" data-saferedirecturl=\"https:\/\/www.google.com\/url?q=https:\/\/plazadetoroslamalagueta.com&amp;source=gmail&amp;ust=1693983469555000&amp;usg=AOvVaw0Kv9NnnAxoC0yzzBNQaVlR\"><wbr><\/wbr>en application de la l\u00e9gislation en vigueur sur la<\/a> <a href=\"https:\/\/protecciondatos-lopd.com\/auditoria\/proteccion-datos\/\" target=\"_blank\" rel=\"noopener\" data-saferedirecturl=\"https:\/\/www.google.com\/url?q=https:\/\/protecciondatos-lopd.com\/auditoria\/proteccion-datos\/&amp;source=gmail&amp;ust=1693983469555000&amp;usg=AOvVaw06cAt1rQmvPvcyiRrzyEtd\">protection des donn\u00e9es<\/a> personnelles, vous informe que les donn\u00e9es personnelles collect\u00e9es par le biais des formulaires du site web <a href=\"https:\/\/plazadetoroslamalagueta.com\/fr\/\" target=\"_blank\" rel=\"noopener\" data-saferedirecturl=\"https:\/\/www.google.com\/url?q=https:\/\/plazadetoroslamalagueta.com&amp;source=gmail&amp;ust=1693983469555000&amp;usg=AOvVaw0Kv9NnnAxoC0yzzBNQaVlR\">: https:\/\/ plazadetoroslamalagueta.com,<\/a> sont incluses dans les fichiers automatis\u00e9s sp\u00e9cifiques des utilisateurs des services de Toroshopping, S.L.. La collecte et le traitement automatis\u00e9 des donn\u00e9es personnelles ont pour but de maintenir la relation commerciale et l&rsquo;ex\u00e9cution des t\u00e2ches d&rsquo;information, de formation, de conseil et d&rsquo;autres activit\u00e9s de Toroshopping, S.L. Ces donn\u00e9es ne seront c\u00e9d\u00e9es qu&rsquo;aux entit\u00e9s qui sont n\u00e9cessaires dans le seul but de respecter la finalit\u00e9 susmentionn\u00e9e. Toroshopping, S.L. adopte les mesures n\u00e9cessaires pour garantir la s\u00e9curit\u00e9, l&rsquo;int\u00e9grit\u00e9 et la confidentialit\u00e9 des donn\u00e9es conform\u00e9ment aux dispositions du r\u00e8glement (UE) 2016\/679 du Parlement europ\u00e9en et du Conseil, du 27 avril 2016, relatif \u00e0 la protection des personnes physiques \u00e0 l&rsquo;\u00e9gard du traitement des donn\u00e9es \u00e0 caract\u00e8re personnel et \u00e0 la libre circulation de ces donn\u00e9es, et abrogeant l&rsquo;ancienne LOPD, la nouvelle loi organique 3\/2018, du 5 d\u00e9cembre, sur la protection des donn\u00e9es et la garantie des droits num\u00e9riques (LOPDGDD). L&rsquo;utilisateur peut \u00e0 tout moment exercer les droits d&rsquo;acc\u00e8s, d&rsquo;opposition, de rectification, d&rsquo;annulation, de limitation et de portabilit\u00e9 reconnus dans le r\u00e8glement (UE) susmentionn\u00e9. L&rsquo;utilisateur peut exercer ces droits en envoyant un courrier \u00e9lectronique \u00e0 : <a href=\"mailto:info@toroshopping.com\" target=\"_blank\" rel=\"noopener\">info@toroshopping.com<\/a> ou \u00e0 l&rsquo;adresse suivante : Centro Melior Vasari. Urbanizaci\u00f3n La Alzambra, 3, Local 1, C.P. 29660 &#8211; Marbella (M\u00e1laga). L&rsquo;utilisateur d\u00e9clare que toutes les donn\u00e9es qu&rsquo;il a fournies sont vraies et correctes, et s&rsquo;engage \u00e0 les maintenir \u00e0 jour, en communiquant tout changement \u00e0 Toroshopping, S.L.<\/p>\n<h5><strong>Objectif du traitement des donn\u00e9es personnelles :<\/strong><\/h5>\n<p><strong>\u00c0 quelles fins traitons-nous vos donn\u00e9es personnelles ?<\/strong><\/p>\n<p> <a href=\"https:\/\/plazadetoroslamalagueta.com\/fr\/\" target=\"_blank\" rel=\"noopener\" data-saferedirecturl=\"https:\/\/www.google.com\/url?q=https:\/\/plazadetoroslamalagueta.com&amp;source=gmail&amp;ust=1693983469555000&amp;usg=AOvVaw0Kv9NnnAxoC0yzzBNQaVlR\"><wbr><\/wbr>Chez Toroshopping, S.L., nous traiterons vos donn\u00e9es personnelles collect\u00e9es sur le site web<\/a> <a href=\"https:\/\/plazadetoroslamalagueta.com\/fr\/\" target=\"_blank\" rel=\"noopener\" data-saferedirecturl=\"https:\/\/www.google.com\/url?q=https:\/\/plazadetoroslamalagueta.com&amp;source=gmail&amp;ust=1693983469555000&amp;usg=AOvVaw0Kv9NnnAxoC0yzzBNQaVlR\">: https:\/\/ plazadetoroslamalagueta.com<\/a>, aux fins suivantes :<\/p>\n<ol>\n<li>Respecter les obligations commerciales, sociales, corporatives et comptables de l&rsquo;entreprise.<\/li>\n<li>fournir ses services en fonction des besoins particuliers des clients, afin d&rsquo;ex\u00e9cuter les contrats qu&rsquo;elle a conclus.<\/li>\n<li>Envoi d&rsquo;informations commerciales et de bulletins d&rsquo;information sur les nouveaux services offerts sur le site web et dans le secteur.<\/li>\n<li>Pour acheter les produits propos\u00e9s sur le site.<\/li>\n<li>Fournir les services demand\u00e9s par l&rsquo;utilisateur.<\/li>\n<li>Envoyer des informations promotionnelles par voie \u00e9lectronique.<\/li>\n<li>Fournir les informations demand\u00e9es par l&rsquo;utilisateur via le formulaire de contact.<\/li>\n<\/ol>\n<p>Nous vous rappelons que vous pouvez vous opposer \u00e0 l&rsquo;envoi de communications commerciales par tout moyen et \u00e0 tout moment en envoyant un courrier \u00e9lectronique \u00e0 l&rsquo;adresse indiqu\u00e9e ci-dessus. Les champs de ces enregistrements doivent \u00eatre remplis et il sera impossible d&rsquo;atteindre les objectifs exprim\u00e9s si ces donn\u00e9es ne sont pas fournies.<\/p>\n<p><strong>Combien de temps les donn\u00e9es personnelles collect\u00e9es seront-elles conserv\u00e9es ?<\/strong><\/p>\n<p>Les donn\u00e9es personnelles fournies seront conserv\u00e9es aussi longtemps que la relation commerciale est maintenue ou que vous n&rsquo;en demandez pas la suppression et pendant la p\u00e9riode au cours de laquelle des responsabilit\u00e9s l\u00e9gales peuvent d\u00e9couler des services fournis.<\/p>\n<h5>L\u00e9gitimation :<\/h5>\n<p>Le traitement de vos donn\u00e9es est effectu\u00e9 sur les bases l\u00e9gales suivantes qui le l\u00e9gitiment :<\/p>\n<ol>\n<li>La demande d&rsquo;information et\/ou l&rsquo;utilisation des services de Toroshopping, S.L., dont les conditions g\u00e9n\u00e9rales vous seront communiqu\u00e9es dans tous les cas, avant toute \u00e9ventuelle utilisation.<\/li>\n<li>Consentement libre, sp\u00e9cifique, \u00e9clair\u00e9 et sans \u00e9quivoque, dans la mesure o\u00f9 nous vous informons en mettant \u00e0 votre disposition la pr\u00e9sente politique de protection de la vie priv\u00e9e, que vous pouvez accepter, apr\u00e8s l&rsquo;avoir lue, au moyen d&rsquo;une d\u00e9claration ou d&rsquo;une action affirmative claire, par exemple en cochant une case pr\u00e9vue \u00e0 cet effet.<\/li>\n<\/ol>\n<p>Si vous ne nous fournissez pas vos coordonn\u00e9es, ou si vous les fournissez de mani\u00e8re incorrecte ou incompl\u00e8te, nous ne pourrons pas traiter votre demande, ce qui nous emp\u00eachera de vous fournir les informations demand\u00e9es ou d&rsquo;ex\u00e9cuter le contrat de services.<\/p>\n<h5>Groupe cible :<\/h5>\n<p>Les donn\u00e9es ne seront pas communiqu\u00e9es \u00e0 des tiers en dehors de Toroshopping, S.L., sauf obligation l\u00e9gale.<\/p>\n<h5>Donn\u00e9es collect\u00e9es par les utilisateurs des services<\/h5>\n<p>Dans les cas o\u00f9 l&rsquo;utilisateur inclut des fichiers contenant des donn\u00e9es personnelles sur les serveurs d&rsquo;h\u00e9bergement partag\u00e9, Toroshopping, S.L. n&rsquo;est pas responsable du non-respect du RGPD par l&rsquo;utilisateur.<\/p>\n<h5> <a href=\"https:\/\/plazadetoroslamalagueta.com\/fr\/\" target=\"_blank\" rel=\"noopener\" data-saferedirecturl=\"https:\/\/www.google.com\/url?q=https:\/\/plazadetoroslamalagueta.com&amp;source=gmail&amp;ust=1693983469555000&amp;usg=AOvVaw0Kv9NnnAxoC0yzzBNQaVlR\"><wbr><\/wbr>Droits de propri\u00e9t\u00e9 intellectuelle<\/a> <a href=\"https:\/\/plazadetoroslamalagueta.com\/fr\/\" target=\"_blank\" rel=\"noopener\" data-saferedirecturl=\"https:\/\/www.google.com\/url?q=https:\/\/plazadetoroslamalagueta.com&amp;source=gmail&amp;ust=1693983469555000&amp;usg=AOvVaw0Kv9NnnAxoC0yzzBNQaVlR\">https:\/\/ plazadetoroslamalagueta.com<\/a><\/h5>\n<p><a href=\"https:\/\/plazadetoroslamalagueta.com\/fr\/\" target=\"_blank\" rel=\"noopener\" data-saferedirecturl=\"https:\/\/www.google.com\/url?q=https:\/\/plazadetoroslamalagueta.com&amp;source=gmail&amp;ust=1693983469555000&amp;usg=AOvVaw0Kv9NnnAxoC0yzzBNQaVlR\"><wbr><\/wbr>Toroshopping, S.L. est titulaire de tous les droits d&rsquo;auteur, de propri\u00e9t\u00e9 intellectuelle et industrielle, de \u00ab\u00a0know how\u00a0\u00bb et de tout autre droit li\u00e9 aux contenus du site web<\/a> <a href=\"https:\/\/plazadetoroslamalagueta.com\/fr\/\" target=\"_blank\" rel=\"noopener\" data-saferedirecturl=\"https:\/\/www.google.com\/url?q=https:\/\/plazadetoroslamalagueta.com&amp;source=gmail&amp;ust=1693983469555000&amp;usg=AOvVaw0Kv9NnnAxoC0yzzBNQaVlR\">https:\/\/ plazadetoroslamalagueta.com<\/a> et aux services qui y sont offerts, ainsi qu&rsquo;aux programmes n\u00e9cessaires \u00e0 son ex\u00e9cution et \u00e0 l&rsquo;information qui s&rsquo;y rapporte. <a href=\"https:\/\/plazadetoroslamalagueta.com\/fr\/\" target=\"_blank\" rel=\"noopener\" data-saferedirecturl=\"https:\/\/www.google.com\/url?q=https:\/\/plazadetoroslamalagueta.com&amp;source=gmail&amp;ust=1693983469555000&amp;usg=AOvVaw0Kv9NnnAxoC0yzzBNQaVlR\"><wbr><\/wbr>La reproduction, la publication et\/ou l&rsquo;utilisation des contenus, en tout ou en partie, du site<\/a> <a href=\"https:\/\/plazadetoroslamalagueta.com\/fr\/\" target=\"_blank\" rel=\"noopener\" data-saferedirecturl=\"https:\/\/www.google.com\/url?q=https:\/\/plazadetoroslamalagueta.com&amp;source=gmail&amp;ust=1693983469555000&amp;usg=AOvVaw0Kv9NnnAxoC0yzzBNQaVlR\">https:\/\/ plazadetoroslamalagueta.com<\/a>, autre que pour un usage strictement priv\u00e9, n&rsquo;est pas autoris\u00e9e sans accord \u00e9crit pr\u00e9alable.<\/p>\n<h5>Logiciels Propri\u00e9t\u00e9 intellectuelle<\/h5>\n<p>L&rsquo;utilisateur doit respecter les programmes de tiers mis \u00e0 disposition par Toroshopping, S.L., m\u00eame s&rsquo;ils sont gratuits et\/ou accessibles au public. Toroshopping, S.L. poss\u00e8de les droits d&rsquo;exploitation et de propri\u00e9t\u00e9 intellectuelle du logiciel. L&rsquo;utilisateur n&rsquo;acquiert aucun droit ou licence sur le service contract\u00e9, sur le logiciel n\u00e9cessaire \u00e0 la prestation du service, ni sur l&rsquo;information technique de suivi du service, \u00e0 l&rsquo;exception des droits et licences n\u00e9cessaires \u00e0 l&rsquo;ex\u00e9cution des services contract\u00e9s et seulement pour la dur\u00e9e de ceux-ci. Pour toute action d\u00e9passant l&rsquo;ex\u00e9cution du contrat, l&rsquo;utilisateur devra obtenir l&rsquo;autorisation \u00e9crite de Toroshopping, S.L., et il lui est interdit d&rsquo;acc\u00e9der, de modifier, de voir la configuration, la structure et les fichiers des serveurs appartenant \u00e0 Toroshopping, S.L., en assumant la responsabilit\u00e9 civile et p\u00e9nale d\u00e9coulant de tout incident pouvant survenir dans les serveurs et les syst\u00e8mes de s\u00e9curit\u00e9 en cons\u00e9quence directe d&rsquo;une action n\u00e9gligente ou malveillante de sa part.<\/p>\n<h5>Propri\u00e9t\u00e9 intellectuelle du contenu h\u00e9berg\u00e9<\/h5>\n<p>L&rsquo;utilisation contraire \u00e0 la l\u00e9gislation sur la propri\u00e9t\u00e9 intellectuelle des services fournis par Toroshopping, S.L. et, en particulier, de :<\/p>\n<ol>\n<li>Utilisation contraire \u00e0 la loi espagnole ou portant atteinte aux droits de tiers.<\/li>\n<li>La publication ou la transmission de tout contenu qui, de l&rsquo;avis de Toroshopping, S.L., est violent, obsc\u00e8ne, abusif, ill\u00e9gal, racial, x\u00e9nophobe ou diffamatoire.<\/li>\n<li>Les cracks, les num\u00e9ros de s\u00e9rie de logiciels ou tout autre contenu qui enfreint les droits de propri\u00e9t\u00e9 intellectuelle de tiers.<\/li>\n<li>La collecte et\/ou l&rsquo;utilisation de donn\u00e9es personnelles d&rsquo;autres utilisateurs sans leur consentement expr\u00e8s ou en contravention avec les dispositions du R\u00e8glement (UE) 2016\/679 du Parlement europ\u00e9en et du Conseil du 27 avril 2016 relatif \u00e0 la protection des personnes physiques \u00e0 l&rsquo;\u00e9gard du traitement des donn\u00e9es \u00e0 caract\u00e8re personnel et \u00e0 la libre circulation de ces donn\u00e9es.<\/li>\n<li>L&rsquo;utilisation du serveur de messagerie et des adresses \u00e9lectroniques du domaine pour l&rsquo;envoi de courriers \u00e9lectroniques en masse non sollicit\u00e9s.<\/li>\n<\/ol>\n<p>L&rsquo;utilisateur est enti\u00e8rement responsable du contenu de son site web, des informations transmises et stock\u00e9es, des liens hypertextes, des r\u00e9clamations de tiers et des actions en justice relatives \u00e0 la propri\u00e9t\u00e9 intellectuelle, aux droits des tiers et \u00e0 la protection des mineurs. L&rsquo;utilisateur est responsable du respect des lois et r\u00e8glements en vigueur et des r\u00e8gles relatives au fonctionnement du service en ligne, au commerce \u00e9lectronique, aux droits d&rsquo;auteur, au maintien de l&rsquo;ordre public, ainsi qu&rsquo;aux principes universels d&rsquo;utilisation d&rsquo;Internet. L&rsquo;utilisateur indemnisera Toroshopping, S.L. pour les frais encourus par Toroshopping, S.L. dans tous les cas o\u00f9 la responsabilit\u00e9 de l&rsquo;utilisateur est engag\u00e9e, y compris les frais et honoraires d&rsquo;avocat, m\u00eame dans le cas d&rsquo;une d\u00e9cision judiciaire non d\u00e9finitive.<\/p>\n<h5>Protection des informations h\u00e9berg\u00e9es<\/h5>\n<p>Toroshopping, S.L. r\u00e9alise des copies de sauvegarde des contenus h\u00e9berg\u00e9s sur ses serveurs, mais n&rsquo;est pas responsable de la perte ou de l&rsquo;effacement accidentel des donn\u00e9es par les utilisateurs. De m\u00eame, elle ne garantit pas le remplacement total des donn\u00e9es supprim\u00e9es par les utilisateurs, \u00e9tant donn\u00e9 que ces donn\u00e9es peuvent avoir \u00e9t\u00e9 supprim\u00e9es et\/ou modifi\u00e9es au cours de la p\u00e9riode \u00e9coul\u00e9e depuis la derni\u00e8re sauvegarde. Les services offerts, \u00e0 l&rsquo;exception des services de sauvegarde sp\u00e9cifiques, n&rsquo;incluent pas le remplacement des contenus conserv\u00e9s dans les copies de sauvegarde effectu\u00e9es par Toroshopping, S.L., lorsque cette perte est imputable \u00e0 l&rsquo;utilisateur ; dans ce cas, un tarif sera d\u00e9termin\u00e9 en fonction de la complexit\u00e9 et du volume de la r\u00e9cup\u00e9ration, toujours avec l&rsquo;acceptation pr\u00e9alable de l&rsquo;utilisateur. Le remplacement des donn\u00e9es supprim\u00e9es n&rsquo;est inclus dans le prix du service que lorsque la perte de contenu est due \u00e0 des causes imputables \u00e0 Toroshopping, S.L.. <\/p>\n<h5>Communications commerciales<\/h5>\n<p>En application de la LSSI. Toroshopping, S.L. n&rsquo;enverra pas de communications publicitaires ou promotionnelles par courrier \u00e9lectronique ou tout autre moyen de communication \u00e9lectronique \u00e9quivalent qui n&rsquo;ont pas \u00e9t\u00e9 pr\u00e9alablement demand\u00e9es ou express\u00e9ment autoris\u00e9es par les destinataires. Dans le cas d&rsquo;utilisateurs avec lesquels il existe une relation contractuelle ant\u00e9rieure, Toroshopping, S.L. est autoris\u00e9 \u00e0 envoyer des communications commerciales concernant des produits ou des services de Toroshopping, S.L. qui sont similaires \u00e0 ceux qui ont \u00e9t\u00e9 initialement contract\u00e9s avec le client. Dans tous les cas, l&rsquo;utilisateur, apr\u00e8s avoir prouv\u00e9 son identit\u00e9, peut demander \u00e0 ce qu&rsquo;aucune autre information commerciale ne lui soit envoy\u00e9e par l&rsquo;interm\u00e9diaire des canaux du service client\u00e8le. <\/p>\n<\/div><\/div><\/div><\/div><\/div><\/div><\/section>\n","protected":false},"excerpt":{"rendered":"Protection des donn\u00e9es personnelles dans le cadre du GDPR Toroshopping, S.L., en application de la l\u00e9gislation en vigueur sur la protection des donn\u00e9es personnelles, vous informe que les donn\u00e9es personnelles collect\u00e9es par le biais des formulaires du site web : https:\/\/ plazadetoroslamalagueta.com, sont incluses dans les fichiers automatis\u00e9s sp\u00e9cifiques des utilisateurs des services de Toroshopping,...","protected":false},"author":5,"featured_media":1309,"parent":0,"menu_order":0,"comment_status":"closed","ping_status":"closed","template":"","meta":{"footnotes":""},"class_list":["post-1658","page","type-page","status-publish","has-post-thumbnail","hentry"],"yoast_head":"<!-- This site is optimized with the Yoast SEO plugin v27.4 - https:\/\/yoast.com\/product\/yoast-seo-wordpress\/ -->\n<title>Politique de confidentialit\u00e9 - Plaza de Toros La Malagueta<\/title>\n<meta name=\"robots\" content=\"index, follow, max-snippet:-1, max-image-preview:large, max-video-preview:-1\" \/>\n<link rel=\"canonical\" href=\"https:\/\/plazadetoroslamalagueta.com\/fr\/politique-de-privacite\/\" \/>\n<meta property=\"og:locale\" content=\"fr_FR\" \/>\n<meta property=\"og:type\" content=\"article\" \/>\n<meta property=\"og:title\" content=\"Politique de confidentialit\u00e9 - Plaza de Toros La Malagueta\" \/>\n<meta property=\"og:url\" content=\"https:\/\/plazadetoroslamalagueta.com\/fr\/politique-de-privacite\/\" \/>\n<meta property=\"og:site_name\" content=\"Plaza de Toros La Malagueta\" \/>\n<meta property=\"article:modified_time\" content=\"2025-01-15T12:08:18+00:00\" \/>\n<meta property=\"og:image\" content=\"https:\/\/plazadetoroslamalagueta.com\/wp-content\/uploads\/2023\/02\/IMG_3635-scaled.jpg\" \/>\n\t<meta property=\"og:image:width\" content=\"2560\" \/>\n\t<meta property=\"og:image:height\" content=\"1707\" \/>\n\t<meta property=\"og:image:type\" content=\"image\/jpeg\" \/>\n<meta name=\"twitter:card\" content=\"summary_large_image\" \/>\n<meta name=\"twitter:label1\" content=\"Dur\u00e9e de lecture estim\u00e9e\" \/>\n\t<meta name=\"twitter:data1\" content=\"1 minute\" \/>\n<script type=\"application\/ld+json\" class=\"yoast-schema-graph\">{\"@context\":\"https:\\\/\\\/schema.org\",\"@graph\":[{\"@type\":\"WebPage\",\"@id\":\"https:\\\/\\\/plazadetoroslamalagueta.com\\\/fr\\\/politique-de-privacite\\\/\",\"url\":\"https:\\\/\\\/plazadetoroslamalagueta.com\\\/fr\\\/politique-de-privacite\\\/\",\"name\":\"Politique de confidentialit\u00e9 - Plaza de Toros La Malagueta\",\"isPartOf\":{\"@id\":\"https:\\\/\\\/plazadetoroslamalagueta.com\\\/fr\\\/#website\"},\"primaryImageOfPage\":{\"@id\":\"https:\\\/\\\/plazadetoroslamalagueta.com\\\/fr\\\/politique-de-privacite\\\/#primaryimage\"},\"image\":{\"@id\":\"https:\\\/\\\/plazadetoroslamalagueta.com\\\/fr\\\/politique-de-privacite\\\/#primaryimage\"},\"thumbnailUrl\":\"https:\\\/\\\/plazadetoroslamalagueta.com\\\/wp-content\\\/uploads\\\/2023\\\/02\\\/IMG_3635-scaled.jpg\",\"datePublished\":\"2023-02-17T09:13:03+00:00\",\"dateModified\":\"2025-01-15T12:08:18+00:00\",\"breadcrumb\":{\"@id\":\"https:\\\/\\\/plazadetoroslamalagueta.com\\\/fr\\\/politique-de-privacite\\\/#breadcrumb\"},\"inLanguage\":\"fr-FR\",\"potentialAction\":[{\"@type\":\"ReadAction\",\"target\":[\"https:\\\/\\\/plazadetoroslamalagueta.com\\\/fr\\\/politique-de-privacite\\\/\"]}]},{\"@type\":\"ImageObject\",\"inLanguage\":\"fr-FR\",\"@id\":\"https:\\\/\\\/plazadetoroslamalagueta.com\\\/fr\\\/politique-de-privacite\\\/#primaryimage\",\"url\":\"https:\\\/\\\/plazadetoroslamalagueta.com\\\/wp-content\\\/uploads\\\/2023\\\/02\\\/IMG_3635-scaled.jpg\",\"contentUrl\":\"https:\\\/\\\/plazadetoroslamalagueta.com\\\/wp-content\\\/uploads\\\/2023\\\/02\\\/IMG_3635-scaled.jpg\",\"width\":2560,\"height\":1707,\"caption\":\"ar\u00e8nes de Malaga\"},{\"@type\":\"BreadcrumbList\",\"@id\":\"https:\\\/\\\/plazadetoroslamalagueta.com\\\/fr\\\/politique-de-privacite\\\/#breadcrumb\",\"itemListElement\":[{\"@type\":\"ListItem\",\"position\":1,\"name\":\"Inicio\",\"item\":\"https:\\\/\\\/plazadetoroslamalagueta.com\\\/fr\\\/\"},{\"@type\":\"ListItem\",\"position\":2,\"name\":\"Politique de confidentialit\u00e9\"}]},{\"@type\":\"WebSite\",\"@id\":\"https:\\\/\\\/plazadetoroslamalagueta.com\\\/fr\\\/#website\",\"url\":\"https:\\\/\\\/plazadetoroslamalagueta.com\\\/fr\\\/\",\"name\":\"Plaza de Toros de la Malagueta\",\"description\":\"La Plaza de Toros de M\u00e1laga, de nombre La Malagueta, es un edificio reconocido Bien de Inter\u00e9s Cultural, que ofrece visitas tur\u00edsticas y corridas de toros y otros tipos de espect\u00e1culo durante todo el a\u00f1o.\",\"publisher\":{\"@id\":\"https:\\\/\\\/plazadetoroslamalagueta.com\\\/fr\\\/#organization\"},\"alternateName\":\"Plaza de Toros M\u00e1laga\",\"potentialAction\":[{\"@type\":\"SearchAction\",\"target\":{\"@type\":\"EntryPoint\",\"urlTemplate\":\"https:\\\/\\\/plazadetoroslamalagueta.com\\\/fr\\\/?s={search_term_string}\"},\"query-input\":{\"@type\":\"PropertyValueSpecification\",\"valueRequired\":true,\"valueName\":\"search_term_string\"}}],\"inLanguage\":\"fr-FR\"},{\"@type\":\"Organization\",\"@id\":\"https:\\\/\\\/plazadetoroslamalagueta.com\\\/fr\\\/#organization\",\"name\":\"Plaza de Toros la Malagueta\",\"url\":\"https:\\\/\\\/plazadetoroslamalagueta.com\\\/fr\\\/\",\"logo\":{\"@type\":\"ImageObject\",\"inLanguage\":\"fr-FR\",\"@id\":\"https:\\\/\\\/plazadetoroslamalagueta.com\\\/fr\\\/#\\\/schema\\\/logo\\\/image\\\/\",\"url\":\"https:\\\/\\\/plazadetoroslamalagueta.com\\\/wp-content\\\/uploads\\\/2024\\\/02\\\/Logo-plaza-toros.webp\",\"contentUrl\":\"https:\\\/\\\/plazadetoroslamalagueta.com\\\/wp-content\\\/uploads\\\/2024\\\/02\\\/Logo-plaza-toros.webp\",\"width\":100,\"height\":100,\"caption\":\"Plaza de Toros la Malagueta\"},\"image\":{\"@id\":\"https:\\\/\\\/plazadetoroslamalagueta.com\\\/fr\\\/#\\\/schema\\\/logo\\\/image\\\/\"}}]}<\/script>\n<!-- \/ Yoast SEO plugin. -->","yoast_head_json":{"title":"Politique de confidentialit\u00e9 - Plaza de Toros La Malagueta","robots":{"index":"index","follow":"follow","max-snippet":"max-snippet:-1","max-image-preview":"max-image-preview:large","max-video-preview":"max-video-preview:-1"},"canonical":"https:\/\/plazadetoroslamalagueta.com\/fr\/politique-de-privacite\/","og_locale":"fr_FR","og_type":"article","og_title":"Politique de confidentialit\u00e9 - Plaza de Toros La Malagueta","og_url":"https:\/\/plazadetoroslamalagueta.com\/fr\/politique-de-privacite\/","og_site_name":"Plaza de Toros La Malagueta","article_modified_time":"2025-01-15T12:08:18+00:00","og_image":[{"width":2560,"height":1707,"url":"https:\/\/plazadetoroslamalagueta.com\/wp-content\/uploads\/2023\/02\/IMG_3635-scaled.jpg","type":"image\/jpeg"}],"twitter_card":"summary_large_image","twitter_misc":{"Dur\u00e9e de lecture estim\u00e9e":"1 minute"},"schema":{"@context":"https:\/\/schema.org","@graph":[{"@type":"WebPage","@id":"https:\/\/plazadetoroslamalagueta.com\/fr\/politique-de-privacite\/","url":"https:\/\/plazadetoroslamalagueta.com\/fr\/politique-de-privacite\/","name":"Politique de confidentialit\u00e9 - Plaza de Toros La Malagueta","isPartOf":{"@id":"https:\/\/plazadetoroslamalagueta.com\/fr\/#website"},"primaryImageOfPage":{"@id":"https:\/\/plazadetoroslamalagueta.com\/fr\/politique-de-privacite\/#primaryimage"},"image":{"@id":"https:\/\/plazadetoroslamalagueta.com\/fr\/politique-de-privacite\/#primaryimage"},"thumbnailUrl":"https:\/\/plazadetoroslamalagueta.com\/wp-content\/uploads\/2023\/02\/IMG_3635-scaled.jpg","datePublished":"2023-02-17T09:13:03+00:00","dateModified":"2025-01-15T12:08:18+00:00","breadcrumb":{"@id":"https:\/\/plazadetoroslamalagueta.com\/fr\/politique-de-privacite\/#breadcrumb"},"inLanguage":"fr-FR","potentialAction":[{"@type":"ReadAction","target":["https:\/\/plazadetoroslamalagueta.com\/fr\/politique-de-privacite\/"]}]},{"@type":"ImageObject","inLanguage":"fr-FR","@id":"https:\/\/plazadetoroslamalagueta.com\/fr\/politique-de-privacite\/#primaryimage","url":"https:\/\/plazadetoroslamalagueta.com\/wp-content\/uploads\/2023\/02\/IMG_3635-scaled.jpg","contentUrl":"https:\/\/plazadetoroslamalagueta.com\/wp-content\/uploads\/2023\/02\/IMG_3635-scaled.jpg","width":2560,"height":1707,"caption":"ar\u00e8nes de Malaga"},{"@type":"BreadcrumbList","@id":"https:\/\/plazadetoroslamalagueta.com\/fr\/politique-de-privacite\/#breadcrumb","itemListElement":[{"@type":"ListItem","position":1,"name":"Inicio","item":"https:\/\/plazadetoroslamalagueta.com\/fr\/"},{"@type":"ListItem","position":2,"name":"Politique de confidentialit\u00e9"}]},{"@type":"WebSite","@id":"https:\/\/plazadetoroslamalagueta.com\/fr\/#website","url":"https:\/\/plazadetoroslamalagueta.com\/fr\/","name":"Plaza de Toros de la Malagueta","description":"La Plaza de Toros de M\u00e1laga, de nombre La Malagueta, es un edificio reconocido Bien de Inter\u00e9s Cultural, que ofrece visitas tur\u00edsticas y corridas de toros y otros tipos de espect\u00e1culo durante todo el a\u00f1o.","publisher":{"@id":"https:\/\/plazadetoroslamalagueta.com\/fr\/#organization"},"alternateName":"Plaza de Toros M\u00e1laga","potentialAction":[{"@type":"SearchAction","target":{"@type":"EntryPoint","urlTemplate":"https:\/\/plazadetoroslamalagueta.com\/fr\/?s={search_term_string}"},"query-input":{"@type":"PropertyValueSpecification","valueRequired":true,"valueName":"search_term_string"}}],"inLanguage":"fr-FR"},{"@type":"Organization","@id":"https:\/\/plazadetoroslamalagueta.com\/fr\/#organization","name":"Plaza de Toros la Malagueta","url":"https:\/\/plazadetoroslamalagueta.com\/fr\/","logo":{"@type":"ImageObject","inLanguage":"fr-FR","@id":"https:\/\/plazadetoroslamalagueta.com\/fr\/#\/schema\/logo\/image\/","url":"https:\/\/plazadetoroslamalagueta.com\/wp-content\/uploads\/2024\/02\/Logo-plaza-toros.webp","contentUrl":"https:\/\/plazadetoroslamalagueta.com\/wp-content\/uploads\/2024\/02\/Logo-plaza-toros.webp","width":100,"height":100,"caption":"Plaza de Toros la Malagueta"},"image":{"@id":"https:\/\/plazadetoroslamalagueta.com\/fr\/#\/schema\/logo\/image\/"}}]}},"_links":{"self":[{"href":"https:\/\/plazadetoroslamalagueta.com\/fr\/wp-json\/wp\/v2\/pages\/1658","targetHints":{"allow":["GET"]}}],"collection":[{"href":"https:\/\/plazadetoroslamalagueta.com\/fr\/wp-json\/wp\/v2\/pages"}],"about":[{"href":"https:\/\/plazadetoroslamalagueta.com\/fr\/wp-json\/wp\/v2\/types\/page"}],"author":[{"embeddable":true,"href":"https:\/\/plazadetoroslamalagueta.com\/fr\/wp-json\/wp\/v2\/users\/5"}],"replies":[{"embeddable":true,"href":"https:\/\/plazadetoroslamalagueta.com\/fr\/wp-json\/wp\/v2\/comments?post=1658"}],"version-history":[{"count":6,"href":"https:\/\/plazadetoroslamalagueta.com\/fr\/wp-json\/wp\/v2\/pages\/1658\/revisions"}],"predecessor-version":[{"id":22094,"href":"https:\/\/plazadetoroslamalagueta.com\/fr\/wp-json\/wp\/v2\/pages\/1658\/revisions\/22094"}],"wp:featuredmedia":[{"embeddable":true,"href":"https:\/\/plazadetoroslamalagueta.com\/fr\/wp-json\/wp\/v2\/media\/1309"}],"wp:attachment":[{"href":"https:\/\/plazadetoroslamalagueta.com\/fr\/wp-json\/wp\/v2\/media?parent=1658"}],"curies":[{"name":"wp","href":"https:\/\/api.w.org\/{rel}","templated":true}]}}