{"id":1632,"date":"2023-02-28T15:40:47","date_gmt":"2023-02-28T14:40:47","guid":{"rendered":"https:\/\/plazadetoroslamalagueta.com\/les-arenes\/"},"modified":"2026-03-03T10:22:08","modified_gmt":"2026-03-03T09:22:08","slug":"les-arenes","status":"publish","type":"page","link":"https:\/\/plazadetoroslamalagueta.com\/fr\/les-arenes\/","title":{"rendered":"Les Ar\u00e8nes"},"content":{"rendered":"<section class=\"l-section wpb_row height_medium\"><div class=\"l-section-h i-cf\"><div class=\"g-cols vc_row via_grid cols_1 laptops-cols_inherit tablets-cols_inherit mobiles-cols_1 valign_top type_default stacking_default\"><div class=\"wpb_column vc_column_container\"><div class=\"vc_column-inner\"><div class=\"wpb_text_column\"><div class=\"wpb_wrapper\"><h1 class=\"wp-block-heading\">Histoire des ar\u00e8nes de Malaga<\/h1>\n<p>Les ar\u00e8nes de Malaga, appel\u00e9es Plaza de Toros La Malagueta, comme le quartier o\u00f9 elles sont situ\u00e9es, ont \u00e9t\u00e9 construites en <strong>1874 par l&rsquo;<span>architecte cantabre<\/span> Joaqu\u00edn Rucoba<\/strong>, qui s&rsquo;est inspir\u00e9 de l&rsquo;<strong>architecture classique<\/strong> pour leur conception. Rucoba avait \u00e9tudi\u00e9 \u00e0 Madrid et \u00e0 Paris, et \u00e9tait l&rsquo;un des principaux repr\u00e9sentants de l&rsquo;\u00e9clectisme architectural en Espagne.<\/p>\n<p>La construction des ar\u00e8nes de La Malagueta a \u00e9t\u00e9 r\u00e9alis\u00e9e gr\u00e2ce \u00e0 l&rsquo;initiative d&rsquo;un groupe d&rsquo;entrepreneurs et d&rsquo;amateurs de tauromachie de Malaga, qui se sont organis\u00e9s en une soci\u00e9t\u00e9 appel\u00e9e \u00ab\u00a0La Malagueta\u00a0\u00bb. L&rsquo;objectif de la societ\u00e9 \u00e9tait de construire une ar\u00e8ne moderne et fonctionnelle pouvant accueillir un grand nombre de spectateurs.<\/p>\n<p><strong>Les ar\u00e8nes de La Malagueta ont \u00e9t\u00e9 inaugur\u00e9es le 11 juin 1876<\/strong>, avec une corrida \u00e0 laquelle ont particip\u00e9 les toreros \u00ab\u00a0El Tato\u00a0\u00bb, \u00ab\u00a0Frascuelo\u00a0\u00bb et \u00ab\u00a0Lagartijo\u00a0\u00bb. Depuis lors, les ar\u00e8nes ont \u00e9t\u00e9 le th\u00e9\u00e2tre de nombreuses corridas et \u00e9v\u00e9nements taurins, devenant l&rsquo;un des espaces taurins les plus importants d&rsquo;Espagne.<\/p>\n<p>En 1981, la Plaza de Toros de La Malagueta a \u00e9t\u00e9 d\u00e9clar\u00e9e <strong>bien d&rsquo;int\u00e9r\u00eat culturel par la Junta de Andaluc\u00eda<\/strong>, reconnaissant ainsi sa valeur historique et architecturale. Actuellement, l&rsquo;ar\u00e8ne continue d&rsquo;\u00eatre un lieu embl\u00e9matique de Malaga et l&rsquo;une des principales attractions touristiques de la ville. Elle appartient \u00e0 la Diputaci\u00f3n de M\u00e1laga.<\/p>\n<\/div><\/div><div class=\"w-btn-wrapper align_center\"><a class=\"w-btn us-btn-style_2\" target=\"_blank\" href=\"https:\/\/lamalaguetatour.com\/\"><span class=\"w-btn-label\">Informations sur les visites des ar\u00e8nes de La Malaguetea<\/span><\/a><\/div><\/div><\/div><\/div><\/div><\/section><section class=\"l-section wpb_row height_medium\"><div class=\"l-section-h i-cf\"><div class=\"g-cols vc_row via_grid cols_2 laptops-cols_inherit tablets-cols_inherit mobiles-cols_1 valign_top type_default stacking_default\"><div class=\"wpb_column vc_column_container\"><div class=\"vc_column-inner\"><div class=\"wpb_text_column\"><div class=\"wpb_wrapper\"><h2 class=\"wp-block-heading\">Architecture<\/h2>\n<p>L&rsquo;architecture de La Malagueta se caract\u00e9rise par son <strong>style classique<\/strong>, inspir\u00e9 de l&rsquo;<strong>architecture andalouse et mauresque traditionnelle.<\/strong><\/p>\n<div class=\"text-base my-auto mx-auto py-5 &#091;--thread-content-margin:--spacing(4)&#093; @&#091;37rem&#093;:&#091;--thread-content-margin:--spacing(6)&#093; @&#091;72rem&#093;:&#091;--thread-content-margin:--spacing(16)&#093; px-(--thread-content-margin)\">\n<div class=\"&#091;--thread-content-max-width:32rem&#093; @&#091;34rem&#093;:&#091;--thread-content-max-width:40rem&#093; @&#091;64rem&#093;:&#091;--thread-content-max-width:48rem&#093; mx-auto flex max-w-(--thread-content-max-width) flex-1 text-base gap-4 md:gap-5 lg:gap-6 group\/turn-messages focus-visible:outline-hidden\" tabindex=\"-1\">\n<div class=\"group\/conversation-turn relative flex w-full min-w-0 flex-col agent-turn\">\n<div class=\"relative flex-col gap-1 md:gap-3\">\n<div class=\"flex max-w-full flex-col grow\">\n<div class=\"min-h-8 text-message relative flex w-full flex-col items-end gap-2 text-start break-words whitespace-normal &#091;.text-message+&amp;&#093;:mt-5\" dir=\"auto\" data-message-author-role=\"assistant\" data-message-id=\"4c31fca8-18dd-4642-beec-27055b08bf82\" data-message-model-slug=\"gpt-4o\">\n<div class=\"flex w-full flex-col gap-1 empty:hidden first:pt-&#091;3px&#093;\">\n<div class=\"markdown prose dark:prose-invert w-full break-words light\">\n<p data-start=\"0\" data-end=\"324\" data-is-last-node=\"\" data-is-only-node=\"\">L&rsquo;ext\u00e9rieur du b\u00e2timent refl\u00e8te un style classique attrayant, caract\u00e9ris\u00e9 par de larges arcades semi-circulaires et des tourelles qui ajoutent subtilement du mouvement et du rythme \u00e0 l&rsquo;ensemble. Ces \u00e9l\u00e9ments s&rsquo;int\u00e8grent harmonieusement \u00e0 l&rsquo;utilisation pr\u00e9dominante de briques apparentes et \u00e0 la structure interne en fer.<\/p>\n<p data-start=\"0\" data-end=\"324\" data-is-last-node=\"\" data-is-only-node=\"\">La fa\u00e7ade est orn\u00e9e d&rsquo;arcs en fer \u00e0 cheval, de colonnes et de carreaux de c\u00e9ramique verniss\u00e9s, qui cr\u00e9ent un effet d&rsquo;ombre et de lumi\u00e8re tr\u00e8s caract\u00e9ristique.<\/p>\n<p data-start=\"0\" data-end=\"324\" data-is-last-node=\"\" data-is-only-node=\"\">A l&rsquo;int\u00e9rieur, les ar\u00e8nes pr\u00e9sentent une ar\u00e8ne circulaire entour\u00e9e de marches en pierre et une toiture en bois et zinc. La Malagueta a la capacit\u00e9 d&rsquo;accueillir environ 10 000 spectateurs apr\u00e8s sa derni\u00e8re r\u00e9novation.<\/p>\n<\/div>\n<\/div>\n<\/div>\n<\/div>\n<\/div>\n<\/div>\n<\/div>\n<\/div>\n<\/div><\/div><\/div><\/div><div class=\"wpb_column vc_column_container\"><div class=\"vc_column-inner\"><div class=\"w-slider style_none fit_scaledown nav_none count_2\"><div class=\"w-slider-h\" aria-hidden=\"true\"><div class=\"royalSlider\"><div class=\"rsContent\"><a class=\"rsImg\" data-rsw=\"1024\" data-rsh=\"683\" href=\"https:\/\/plazadetoroslamalagueta.com\/wp-content\/uploads\/2023\/03\/IMG_0869-1024x683.jpg\"><span data-alt=\"\"><\/span><\/a><\/div><div class=\"rsContent\"><a class=\"rsImg\" data-rsw=\"1024\" data-rsh=\"683\" href=\"https:\/\/plazadetoroslamalagueta.com\/wp-content\/uploads\/2023\/03\/IMG_0970-1024x683.jpg\"><span data-alt=\"\"><\/span><\/a><\/div><\/div><img decoding=\"async\" src=\"https:\/\/plazadetoroslamalagueta.com\/wp-content\/uploads\/2023\/03\/IMG_0869-1024x683.jpg\" width=\"1024\" height=\"683\" alt loading=\"lazy\"><\/div><div class=\"w-slider-json\" onclick='return {&quot;autoScaleSlider&quot;:true,&quot;addActiveClass&quot;:true,&quot;loop&quot;:true,&quot;fadeInLoadedSlide&quot;:false,&quot;slidesSpacing&quot;:0,&quot;imageScalePadding&quot;:0,&quot;numImagesToPreload&quot;:2,&quot;arrowsNav&quot;:true,&quot;arrowsNavAutoHide&quot;:false,&quot;transitionType&quot;:&quot;move&quot;,&quot;transitionSpeed&quot;:250,&quot;block&quot;:{&quot;moveEffect&quot;:&quot;none&quot;,&quot;speed&quot;:300},&quot;thumbs&quot;:{&quot;fitInViewport&quot;:false,&quot;firstMargin&quot;:false,&quot;spacing&quot;:4},&quot;controlNavigation&quot;:&quot;none&quot;,&quot;autoScaleSliderWidth&quot;:1024,&quot;autoScaleSliderHeight&quot;:683}'><\/div><\/div><\/div><\/div><\/div><\/div><\/section><section class=\"l-section wpb_row height_medium\"><div class=\"l-section-h i-cf\"><div class=\"g-cols vc_row via_grid cols_1 laptops-cols_inherit tablets-cols_inherit mobiles-cols_1 valign_top type_default stacking_default\"><div class=\"wpb_column vc_column_container\"><div class=\"vc_column-inner\"><div class=\"wpb_text_column\"><div class=\"wpb_wrapper\"><h2 class=\"wp-block-heading\">Tauromachie dans les ar\u00e8nes de Malaga<\/h2>\n<p>Les ar\u00e8nes de La Malagueta sont le th\u00e9\u00e2tre de la corrida de Malaga. <a href=\"https:\/\/plazadetoroslamalagueta.com\/fr\/billets-pour-la-corrida-de-malaga\/\"><strong>corrida de Malaga<\/strong><\/a>qui a lieu au mois d&rsquo;<strong>ao\u00fbt<\/strong>, pendant la Feria de Agosto de la ville, ainsi que d&rsquo;autres \u00e9v\u00e9nements culturels et sportifs.<\/p>\n<p>En avril, elle accueille la<strong> traditionnelle corrida Picasso<\/strong>, qui allie art et spectacle, et qui est organis\u00e9e en hommage au brillant peintre de Malaga, Pablo Ruiz Picasso.<\/p>\n<\/div><\/div><\/div><\/div><\/div><\/div><\/section><section class=\"l-section wpb_row height_medium\"><div class=\"l-section-h i-cf\"><div class=\"g-cols vc_row via_grid cols_2 laptops-cols_inherit tablets-cols_inherit mobiles-cols_1 valign_top type_default stacking_default\"><div class=\"wpb_column vc_column_container\"><div class=\"vc_column-inner\"><div class=\"wpb_text_column\"><div class=\"wpb_wrapper\"><h2 class=\"wp-block-heading\">Toreros de Malaga<\/h2>\n<p>&nbsp;<\/p>\n<p class=\"has-small-font-size\">L&rsquo;un des toreros les plus importants de la province de Malaga a \u00e9t\u00e9 <strong>Antonio Ord\u00f3\u00f1ez.<\/strong> Consid\u00e9r\u00e9 comme l&rsquo;un des plus grands toreros de l&rsquo;histoire, il est n\u00e9 \u00e0 Ronda, Malaga, en 1932. Il fut l&rsquo;un des principaux promoteurs de la corrida goyesque, dans laquelle les toreros portent des costumes d&rsquo;\u00e9poque et la place est d\u00e9cor\u00e9e dans le style du XVIIIe si\u00e8cle.<\/p>\n<\/div><\/div><\/div><\/div><div class=\"wpb_column vc_column_container\"><div class=\"vc_column-inner\"><div class=\"w-slider style_none fit_scaledown nav_none count_3\"><div class=\"w-slider-h\" aria-hidden=\"true\"><div class=\"royalSlider\"><div class=\"rsContent\"><a class=\"rsImg\" data-rsw=\"1024\" data-rsh=\"986\" href=\"https:\/\/plazadetoroslamalagueta.com\/wp-content\/uploads\/2023\/03\/Vega-2o-1024x986.jpeg\"><span data-alt=\"corrida \u00e0 Malaga\"><\/span><\/a><\/div><div class=\"rsContent\"><a class=\"rsImg\" data-rsw=\"201\" data-rsh=\"251\" href=\"https:\/\/plazadetoroslamalagueta.com\/wp-content\/uploads\/2023\/03\/javier-conde.jpeg\"><span data-alt=\"\"><\/span><\/a><\/div><div class=\"rsContent\"><a class=\"rsImg\" data-rsw=\"880\" data-rsh=\"495\" href=\"https:\/\/plazadetoroslamalagueta.com\/wp-content\/uploads\/2023\/03\/jimenez-forte.jpeg\"><span data-alt=\"corrida \u00e0 Malaga\"><\/span><\/a><\/div><\/div><img decoding=\"async\" src=\"https:\/\/plazadetoroslamalagueta.com\/wp-content\/uploads\/2023\/03\/Vega-2o-1024x986.jpeg\" width=\"1024\" height=\"986\" alt=\"corrida \u00e0 Malaga\" loading=\"lazy\"><\/div><div class=\"w-slider-json\" onclick='return {&quot;autoScaleSlider&quot;:true,&quot;addActiveClass&quot;:true,&quot;loop&quot;:true,&quot;fadeInLoadedSlide&quot;:false,&quot;slidesSpacing&quot;:0,&quot;imageScalePadding&quot;:0,&quot;numImagesToPreload&quot;:2,&quot;arrowsNav&quot;:true,&quot;arrowsNavAutoHide&quot;:false,&quot;transitionType&quot;:&quot;move&quot;,&quot;transitionSpeed&quot;:250,&quot;block&quot;:{&quot;moveEffect&quot;:&quot;none&quot;,&quot;speed&quot;:300},&quot;thumbs&quot;:{&quot;fitInViewport&quot;:false,&quot;firstMargin&quot;:false,&quot;spacing&quot;:4},&quot;controlNavigation&quot;:&quot;none&quot;,&quot;autoScaleSliderWidth&quot;:1024,&quot;autoScaleSliderHeight&quot;:986}'><\/div><\/div><\/div><\/div><\/div><\/div><\/section><section class=\"l-section wpb_row height_medium\"><div class=\"l-section-h i-cf\"><div class=\"g-cols vc_row via_grid cols_1 laptops-cols_inherit tablets-cols_inherit mobiles-cols_1 valign_top type_default stacking_default\"><div class=\"wpb_column vc_column_container\"><div class=\"vc_column-inner\"><div class=\"wpb_text_column\"><div class=\"wpb_wrapper\"><p>En plus d&rsquo;Antonio Ord\u00f3\u00f1ez, il y a aussi d&rsquo;autres toreros de Malaga qui ont excell\u00e9 dans le monde de la tauromachie. Entre autres:<\/p>\n<ul>\n<li><strong>Salvador Vega<\/strong> : N\u00e9 \u00e0 Malaga en 1974, Salvador Vega a fait ses d\u00e9buts comme novillero en 1994 et comme torero en 1998. Il a particip\u00e9 \u00e0 de nombreuses corridas sur la Plaza de Toros de La Malagueta et a re\u00e7u divers prix taurins.<\/li>\n<li><strong>Javier Conde<\/strong> : N\u00e9 \u00e0 Malaga en 1973, Javier Conde a fait ses d\u00e9buts comme novillero en 1991 et comme torero en 1993. Cond\u00e9 est connu pour son style personnel et son \u00e9l\u00e9gance sur le ring.<\/li>\n<li><strong>Francisco Rivera Ord\u00f3\u00f1ez:<\/strong> Bien qu&rsquo;il soit n\u00e9 \u00e0 Madrid, Francisco Rivera Ord\u00f3\u00f1ez est le fils de Francisco Rivera \u00ab\u00a0Paquirri\u00a0\u00bb et petit-fils d&rsquo;Antonio Ord\u00f3\u00f1ez, deux \u00e9minents toreros de Malaga. Rivera Ord\u00f3\u00f1ez a particip\u00e9 \u00e0 de nombreuses corridas dans les ar\u00e8nes de La Malagueta et a \u00e9t\u00e9 l&rsquo;un des toreros les plus m\u00e9diatiques de ces derni\u00e8res ann\u00e9es.<\/li>\n<li><strong>Sa\u00fal Jim\u00e9nez Fortes<\/strong> : N\u00e9 \u00e0 Malaga en 1989, Sa\u00fal Jim\u00e9nez Fortes a fait ses d\u00e9buts comme novillero en 2009 et comme torero en 2011. Il a particip\u00e9 \u00e0 de nombreuses corridas sur la Plaza de Toros de La Malagueta et a remport\u00e9 plusieurs prix de tauromachie. En 2024, il a remport\u00e9 la Feria de Agosto et a coup\u00e9 deux oreilles lors de la corrida Picassiana 2025.<\/li>\n<\/ul>\n<\/div><\/div><\/div><\/div><\/div><\/div><\/section>\n","protected":false},"excerpt":{"rendered":"Histoire des ar\u00e8nes de Malaga Les ar\u00e8nes de Malaga, appel\u00e9es Plaza de Toros La Malagueta, comme le quartier o\u00f9 elles sont situ\u00e9es, ont \u00e9t\u00e9 construites en 1874 par l&rsquo;architecte cantabre Joaqu\u00edn Rucoba, qui s&rsquo;est inspir\u00e9 de l&rsquo;architecture classique pour leur conception. Rucoba avait \u00e9tudi\u00e9 \u00e0 Madrid et \u00e0 Paris, et \u00e9tait l&rsquo;un des principaux repr\u00e9sentants...","protected":false},"author":5,"featured_media":1378,"parent":0,"menu_order":0,"comment_status":"closed","ping_status":"closed","template":"","meta":{"footnotes":""},"class_list":["post-1632","page","type-page","status-publish","has-post-thumbnail","hentry"],"yoast_head":"<!-- This site is optimized with the Yoast SEO plugin v27.4 - https:\/\/yoast.com\/product\/yoast-seo-wordpress\/ -->\n<title>\u25b7 Tout savoir sur les ar\u00e8nes de Malaga | Plaza Toros La Malagueta<\/title>\n<meta name=\"description\" content=\"D\u00e9couvrez toutes sortes de curiosit\u00e9s et d&#039;informations sur l&#039;histoire, l&#039;architecture et les \u00e9v\u00e9nements des ar\u00e8nes de Malaga.\" \/>\n<meta name=\"robots\" content=\"index, follow, max-snippet:-1, max-image-preview:large, max-video-preview:-1\" \/>\n<link rel=\"canonical\" href=\"https:\/\/plazadetoroslamalagueta.com\/fr\/les-arenes\/\" \/>\n<meta property=\"og:locale\" content=\"fr_FR\" \/>\n<meta property=\"og:type\" content=\"article\" \/>\n<meta property=\"og:title\" content=\"\u25b7 Tout savoir sur les ar\u00e8nes de Malaga | Plaza Toros La Malagueta\" \/>\n<meta property=\"og:description\" content=\"D\u00e9couvrez toutes sortes de curiosit\u00e9s et d&#039;informations sur l&#039;histoire, l&#039;architecture et les \u00e9v\u00e9nements des ar\u00e8nes de Malaga.\" \/>\n<meta property=\"og:url\" content=\"https:\/\/plazadetoroslamalagueta.com\/fr\/les-arenes\/\" \/>\n<meta property=\"og:site_name\" content=\"Plaza de Toros La Malagueta\" \/>\n<meta property=\"article:modified_time\" content=\"2026-03-03T09:22:08+00:00\" \/>\n<meta property=\"og:image\" content=\"https:\/\/plazadetoroslamalagueta.com\/wp-content\/uploads\/2023\/03\/IMG_0970-scaled.jpg\" \/>\n\t<meta property=\"og:image:width\" content=\"2560\" \/>\n\t<meta property=\"og:image:height\" content=\"1707\" \/>\n\t<meta property=\"og:image:type\" content=\"image\/jpeg\" \/>\n<meta name=\"twitter:card\" content=\"summary_large_image\" \/>\n<meta name=\"twitter:label1\" content=\"Dur\u00e9e de lecture estim\u00e9e\" \/>\n\t<meta name=\"twitter:data1\" content=\"4 minutes\" \/>\n<script type=\"application\/ld+json\" class=\"yoast-schema-graph\">{\"@context\":\"https:\\\/\\\/schema.org\",\"@graph\":[{\"@type\":\"WebPage\",\"@id\":\"https:\\\/\\\/plazadetoroslamalagueta.com\\\/fr\\\/les-arenes\\\/\",\"url\":\"https:\\\/\\\/plazadetoroslamalagueta.com\\\/fr\\\/les-arenes\\\/\",\"name\":\"\u25b7 Tout savoir sur les ar\u00e8nes de Malaga | Plaza Toros La Malagueta\",\"isPartOf\":{\"@id\":\"https:\\\/\\\/plazadetoroslamalagueta.com\\\/fr\\\/#website\"},\"primaryImageOfPage\":{\"@id\":\"https:\\\/\\\/plazadetoroslamalagueta.com\\\/fr\\\/les-arenes\\\/#primaryimage\"},\"image\":{\"@id\":\"https:\\\/\\\/plazadetoroslamalagueta.com\\\/fr\\\/les-arenes\\\/#primaryimage\"},\"thumbnailUrl\":\"https:\\\/\\\/plazadetoroslamalagueta.com\\\/wp-content\\\/uploads\\\/2023\\\/03\\\/IMG_0970-scaled.jpg\",\"datePublished\":\"2023-02-28T14:40:47+00:00\",\"dateModified\":\"2026-03-03T09:22:08+00:00\",\"description\":\"D\u00e9couvrez toutes sortes de curiosit\u00e9s et d'informations sur l'histoire, l'architecture et les \u00e9v\u00e9nements des ar\u00e8nes de Malaga.\",\"breadcrumb\":{\"@id\":\"https:\\\/\\\/plazadetoroslamalagueta.com\\\/fr\\\/les-arenes\\\/#breadcrumb\"},\"inLanguage\":\"fr-FR\",\"potentialAction\":[{\"@type\":\"ReadAction\",\"target\":[\"https:\\\/\\\/plazadetoroslamalagueta.com\\\/fr\\\/les-arenes\\\/\"]}]},{\"@type\":\"ImageObject\",\"inLanguage\":\"fr-FR\",\"@id\":\"https:\\\/\\\/plazadetoroslamalagueta.com\\\/fr\\\/les-arenes\\\/#primaryimage\",\"url\":\"https:\\\/\\\/plazadetoroslamalagueta.com\\\/wp-content\\\/uploads\\\/2023\\\/03\\\/IMG_0970-scaled.jpg\",\"contentUrl\":\"https:\\\/\\\/plazadetoroslamalagueta.com\\\/wp-content\\\/uploads\\\/2023\\\/03\\\/IMG_0970-scaled.jpg\",\"width\":2560,\"height\":1707},{\"@type\":\"BreadcrumbList\",\"@id\":\"https:\\\/\\\/plazadetoroslamalagueta.com\\\/fr\\\/les-arenes\\\/#breadcrumb\",\"itemListElement\":[{\"@type\":\"ListItem\",\"position\":1,\"name\":\"Inicio\",\"item\":\"https:\\\/\\\/plazadetoroslamalagueta.com\\\/fr\\\/\"},{\"@type\":\"ListItem\",\"position\":2,\"name\":\"Les Ar\u00e8nes\"}]},{\"@type\":\"WebSite\",\"@id\":\"https:\\\/\\\/plazadetoroslamalagueta.com\\\/fr\\\/#website\",\"url\":\"https:\\\/\\\/plazadetoroslamalagueta.com\\\/fr\\\/\",\"name\":\"Plaza de Toros de la Malagueta\",\"description\":\"La Plaza de Toros de M\u00e1laga, de nombre La Malagueta, es un edificio reconocido Bien de Inter\u00e9s Cultural, que ofrece visitas tur\u00edsticas y corridas de toros y otros tipos de espect\u00e1culo durante todo el a\u00f1o.\",\"publisher\":{\"@id\":\"https:\\\/\\\/plazadetoroslamalagueta.com\\\/fr\\\/#organization\"},\"alternateName\":\"Plaza de Toros M\u00e1laga\",\"potentialAction\":[{\"@type\":\"SearchAction\",\"target\":{\"@type\":\"EntryPoint\",\"urlTemplate\":\"https:\\\/\\\/plazadetoroslamalagueta.com\\\/fr\\\/?s={search_term_string}\"},\"query-input\":{\"@type\":\"PropertyValueSpecification\",\"valueRequired\":true,\"valueName\":\"search_term_string\"}}],\"inLanguage\":\"fr-FR\"},{\"@type\":\"Organization\",\"@id\":\"https:\\\/\\\/plazadetoroslamalagueta.com\\\/fr\\\/#organization\",\"name\":\"Plaza de Toros la Malagueta\",\"url\":\"https:\\\/\\\/plazadetoroslamalagueta.com\\\/fr\\\/\",\"logo\":{\"@type\":\"ImageObject\",\"inLanguage\":\"fr-FR\",\"@id\":\"https:\\\/\\\/plazadetoroslamalagueta.com\\\/fr\\\/#\\\/schema\\\/logo\\\/image\\\/\",\"url\":\"https:\\\/\\\/plazadetoroslamalagueta.com\\\/wp-content\\\/uploads\\\/2024\\\/02\\\/Logo-plaza-toros.webp\",\"contentUrl\":\"https:\\\/\\\/plazadetoroslamalagueta.com\\\/wp-content\\\/uploads\\\/2024\\\/02\\\/Logo-plaza-toros.webp\",\"width\":100,\"height\":100,\"caption\":\"Plaza de Toros la Malagueta\"},\"image\":{\"@id\":\"https:\\\/\\\/plazadetoroslamalagueta.com\\\/fr\\\/#\\\/schema\\\/logo\\\/image\\\/\"}}]}<\/script>\n<!-- \/ Yoast SEO plugin. -->","yoast_head_json":{"title":"\u25b7 Tout savoir sur les ar\u00e8nes de Malaga | Plaza Toros La Malagueta","description":"D\u00e9couvrez toutes sortes de curiosit\u00e9s et d'informations sur l'histoire, l'architecture et les \u00e9v\u00e9nements des ar\u00e8nes de Malaga.","robots":{"index":"index","follow":"follow","max-snippet":"max-snippet:-1","max-image-preview":"max-image-preview:large","max-video-preview":"max-video-preview:-1"},"canonical":"https:\/\/plazadetoroslamalagueta.com\/fr\/les-arenes\/","og_locale":"fr_FR","og_type":"article","og_title":"\u25b7 Tout savoir sur les ar\u00e8nes de Malaga | Plaza Toros La Malagueta","og_description":"D\u00e9couvrez toutes sortes de curiosit\u00e9s et d'informations sur l'histoire, l'architecture et les \u00e9v\u00e9nements des ar\u00e8nes de Malaga.","og_url":"https:\/\/plazadetoroslamalagueta.com\/fr\/les-arenes\/","og_site_name":"Plaza de Toros La Malagueta","article_modified_time":"2026-03-03T09:22:08+00:00","og_image":[{"width":2560,"height":1707,"url":"https:\/\/plazadetoroslamalagueta.com\/wp-content\/uploads\/2023\/03\/IMG_0970-scaled.jpg","type":"image\/jpeg"}],"twitter_card":"summary_large_image","twitter_misc":{"Dur\u00e9e de lecture estim\u00e9e":"4 minutes"},"schema":{"@context":"https:\/\/schema.org","@graph":[{"@type":"WebPage","@id":"https:\/\/plazadetoroslamalagueta.com\/fr\/les-arenes\/","url":"https:\/\/plazadetoroslamalagueta.com\/fr\/les-arenes\/","name":"\u25b7 Tout savoir sur les ar\u00e8nes de Malaga | Plaza Toros La Malagueta","isPartOf":{"@id":"https:\/\/plazadetoroslamalagueta.com\/fr\/#website"},"primaryImageOfPage":{"@id":"https:\/\/plazadetoroslamalagueta.com\/fr\/les-arenes\/#primaryimage"},"image":{"@id":"https:\/\/plazadetoroslamalagueta.com\/fr\/les-arenes\/#primaryimage"},"thumbnailUrl":"https:\/\/plazadetoroslamalagueta.com\/wp-content\/uploads\/2023\/03\/IMG_0970-scaled.jpg","datePublished":"2023-02-28T14:40:47+00:00","dateModified":"2026-03-03T09:22:08+00:00","description":"D\u00e9couvrez toutes sortes de curiosit\u00e9s et d'informations sur l'histoire, l'architecture et les \u00e9v\u00e9nements des ar\u00e8nes de Malaga.","breadcrumb":{"@id":"https:\/\/plazadetoroslamalagueta.com\/fr\/les-arenes\/#breadcrumb"},"inLanguage":"fr-FR","potentialAction":[{"@type":"ReadAction","target":["https:\/\/plazadetoroslamalagueta.com\/fr\/les-arenes\/"]}]},{"@type":"ImageObject","inLanguage":"fr-FR","@id":"https:\/\/plazadetoroslamalagueta.com\/fr\/les-arenes\/#primaryimage","url":"https:\/\/plazadetoroslamalagueta.com\/wp-content\/uploads\/2023\/03\/IMG_0970-scaled.jpg","contentUrl":"https:\/\/plazadetoroslamalagueta.com\/wp-content\/uploads\/2023\/03\/IMG_0970-scaled.jpg","width":2560,"height":1707},{"@type":"BreadcrumbList","@id":"https:\/\/plazadetoroslamalagueta.com\/fr\/les-arenes\/#breadcrumb","itemListElement":[{"@type":"ListItem","position":1,"name":"Inicio","item":"https:\/\/plazadetoroslamalagueta.com\/fr\/"},{"@type":"ListItem","position":2,"name":"Les Ar\u00e8nes"}]},{"@type":"WebSite","@id":"https:\/\/plazadetoroslamalagueta.com\/fr\/#website","url":"https:\/\/plazadetoroslamalagueta.com\/fr\/","name":"Plaza de Toros de la Malagueta","description":"La Plaza de Toros de M\u00e1laga, de nombre La Malagueta, es un edificio reconocido Bien de Inter\u00e9s Cultural, que ofrece visitas tur\u00edsticas y corridas de toros y otros tipos de espect\u00e1culo durante todo el a\u00f1o.","publisher":{"@id":"https:\/\/plazadetoroslamalagueta.com\/fr\/#organization"},"alternateName":"Plaza de Toros M\u00e1laga","potentialAction":[{"@type":"SearchAction","target":{"@type":"EntryPoint","urlTemplate":"https:\/\/plazadetoroslamalagueta.com\/fr\/?s={search_term_string}"},"query-input":{"@type":"PropertyValueSpecification","valueRequired":true,"valueName":"search_term_string"}}],"inLanguage":"fr-FR"},{"@type":"Organization","@id":"https:\/\/plazadetoroslamalagueta.com\/fr\/#organization","name":"Plaza de Toros la Malagueta","url":"https:\/\/plazadetoroslamalagueta.com\/fr\/","logo":{"@type":"ImageObject","inLanguage":"fr-FR","@id":"https:\/\/plazadetoroslamalagueta.com\/fr\/#\/schema\/logo\/image\/","url":"https:\/\/plazadetoroslamalagueta.com\/wp-content\/uploads\/2024\/02\/Logo-plaza-toros.webp","contentUrl":"https:\/\/plazadetoroslamalagueta.com\/wp-content\/uploads\/2024\/02\/Logo-plaza-toros.webp","width":100,"height":100,"caption":"Plaza de Toros la Malagueta"},"image":{"@id":"https:\/\/plazadetoroslamalagueta.com\/fr\/#\/schema\/logo\/image\/"}}]}},"_links":{"self":[{"href":"https:\/\/plazadetoroslamalagueta.com\/fr\/wp-json\/wp\/v2\/pages\/1632","targetHints":{"allow":["GET"]}}],"collection":[{"href":"https:\/\/plazadetoroslamalagueta.com\/fr\/wp-json\/wp\/v2\/pages"}],"about":[{"href":"https:\/\/plazadetoroslamalagueta.com\/fr\/wp-json\/wp\/v2\/types\/page"}],"author":[{"embeddable":true,"href":"https:\/\/plazadetoroslamalagueta.com\/fr\/wp-json\/wp\/v2\/users\/5"}],"replies":[{"embeddable":true,"href":"https:\/\/plazadetoroslamalagueta.com\/fr\/wp-json\/wp\/v2\/comments?post=1632"}],"version-history":[{"count":22,"href":"https:\/\/plazadetoroslamalagueta.com\/fr\/wp-json\/wp\/v2\/pages\/1632\/revisions"}],"predecessor-version":[{"id":36217,"href":"https:\/\/plazadetoroslamalagueta.com\/fr\/wp-json\/wp\/v2\/pages\/1632\/revisions\/36217"}],"wp:featuredmedia":[{"embeddable":true,"href":"https:\/\/plazadetoroslamalagueta.com\/fr\/wp-json\/wp\/v2\/media\/1378"}],"wp:attachment":[{"href":"https:\/\/plazadetoroslamalagueta.com\/fr\/wp-json\/wp\/v2\/media?parent=1632"}],"curies":[{"name":"wp","href":"https:\/\/api.w.org\/{rel}","templated":true}]}}