{"id":14853,"date":"2024-04-15T10:39:54","date_gmt":"2024-04-15T08:39:54","guid":{"rendered":"https:\/\/plazadetoroslamalagueta.com\/date-de-livraison-et-commissions\/"},"modified":"2024-12-04T13:03:21","modified_gmt":"2024-12-04T12:03:21","slug":"date-de-livraison-et-commissions","status":"publish","type":"page","link":"https:\/\/plazadetoroslamalagueta.com\/fr\/date-de-livraison-et-commissions\/","title":{"rendered":"Date de livraison et commissions"},"content":{"rendered":"<section class=\"l-section wpb_row height_medium\"><div class=\"l-section-h i-cf\"><div class=\"g-cols vc_row via_grid cols_1 laptops-cols_inherit tablets-cols_inherit mobiles-cols_1 valign_top type_default stacking_default\"><div class=\"wpb_column vc_column_container\"><div class=\"vc_column-inner\"><div class=\"wpb_text_column\"><div class=\"wpb_wrapper\"><h1>Date de livraison et frais de billet<\/h1>\n<h3>Date de livraison:<\/h3>\n<p>Les billets seront envoy\u00e9s au format PDF par email 1 semaine avant l&rsquo;\u00e9v\u00e9nement. Nous vous recommandons de v\u00e9rifier votre dossier spam.<\/p>\n<h3>Commissions de ventes<\/h3>\n<p>Les billets ont une commission d\u00e9j\u00e0 incluse de 10% de frais d&rsquo;\u00e9mission + 10% de commission de vente.<\/p>\n<h3>Retour des Billets<\/h3>\n<div>\n<div>Admission sur place et, le cas \u00e9ch\u00e9ant, remboursement du montant conform\u00e9ment \u00e0 la l\u00e9gislation en vigueur. (Art. 70 RTA) est soumis \u00e0 la condition d&rsquo;avoir l&rsquo;inscription officielle, compl\u00e8te, int\u00e9grale et non manipul\u00e9e.<\/div>\n<\/div>\n<div><\/div>\n<div>\n<div>Le d\u00e9lai de remboursement du montant d\u00e9butera \u00e0 compter de l&rsquo;annonce de la suspension, du report ou de la modification et prendra fin 4 jours apr\u00e8s la date fix\u00e9e pour la c\u00e9l\u00e9bration du spectacle ou 1 heure avant le d\u00e9but du spectacle en cas de modification ( Art.70 RTA) .<\/div>\n<div><\/div>\n<div>Si le spectacle est suspendu pour des raisons non imputables \u00e0 la compagnie ou en raison d&rsquo;intemp\u00e9ries, d\u00e8s la sortie du premier taureau dans la piste, le spectateur n&rsquo;aura droit \u00e0 aucun remboursement (Art. 70 RTA).<\/div>\n<\/div>\n<\/div><\/div><div class=\"g-cols wpb_row via_grid cols_1 laptops-cols_inherit tablets-cols_inherit mobiles-cols_1 valign_top type_default stacking_default\" style=\"--columns-gap:3rem;\"><div class=\"wpb_column vc_column_container\"><div class=\"vc_column-inner\"><div class=\"w-separator size_medium\"><\/div><div class=\"w-hwrapper valign_top align_left\"><div class=\"w-btn-wrapper align_center\"><a class=\"w-btn us-btn-style_1\" href=\"https:\/\/plazadetoroslamalagueta.com\/fr\/billets-pour-la-corrida-de-malaga\/\"><span class=\"w-btn-label\">Acheter des billets<\/span><\/a><\/div><div class=\"w-btn-wrapper align_left\"><a class=\"w-btn us-btn-style_1\" href=\"https:\/\/plazadetoroslamalagueta.com\/fr\/cart\/\"><span class=\"w-btn-label\">Aller au panier<\/span><\/a><\/div><\/div><\/div><\/div><\/div><\/div><\/div><\/div><\/div><\/section>\n","protected":false},"excerpt":{"rendered":"Date de livraison et frais de billet Date de livraison: Les billets seront envoy\u00e9s au format PDF par email 1 semaine avant l&rsquo;\u00e9v\u00e9nement. Nous vous recommandons de v\u00e9rifier votre dossier spam. Commissions de ventes Les billets ont une commission d\u00e9j\u00e0 incluse de 10% de frais d&rsquo;\u00e9mission + 10% de commission de vente. Retour des Billets...","protected":false},"author":4,"featured_media":0,"parent":0,"menu_order":0,"comment_status":"closed","ping_status":"closed","template":"","meta":{"footnotes":""},"class_list":["post-14853","page","type-page","status-publish","hentry"],"yoast_head":"<!-- This site is optimized with the Yoast SEO plugin v27.4 - https:\/\/yoast.com\/product\/yoast-seo-wordpress\/ -->\n<title>Date de livraison et commissions sur les billets | La Malagueta<\/title>\n<meta name=\"description\" content=\"Consultez les dates de livraison des billets pour les taureaux de Malaga ainsi que les commissions incluses dans le billet de taureau\" \/>\n<meta name=\"robots\" content=\"noindex, follow\" \/>\n<meta property=\"og:locale\" content=\"fr_FR\" \/>\n<meta property=\"og:type\" content=\"article\" \/>\n<meta property=\"og:title\" content=\"Date de livraison et commissions sur les billets | La Malagueta\" \/>\n<meta property=\"og:description\" content=\"Consultez les dates de livraison des billets pour les taureaux de Malaga ainsi que les commissions incluses dans le billet de taureau\" \/>\n<meta property=\"og:url\" content=\"https:\/\/plazadetoroslamalagueta.com\/fr\/date-de-livraison-et-commissions\/\" \/>\n<meta property=\"og:site_name\" content=\"Plaza de Toros La Malagueta\" \/>\n<meta property=\"article:modified_time\" content=\"2024-12-04T12:03:21+00:00\" \/>\n<meta property=\"og:image\" content=\"https:\/\/plazadetoroslamalagueta.com\/wp-content\/uploads\/2023\/03\/Diseno-sin-titulo.jpeg\" \/>\n\t<meta property=\"og:image:width\" content=\"1200\" \/>\n\t<meta property=\"og:image:height\" content=\"675\" \/>\n\t<meta property=\"og:image:type\" content=\"image\/jpeg\" \/>\n<meta name=\"twitter:card\" content=\"summary_large_image\" \/>\n<meta name=\"twitter:label1\" content=\"Dur\u00e9e de lecture estim\u00e9e\" \/>\n\t<meta name=\"twitter:data1\" content=\"1 minute\" \/>\n<script type=\"application\/ld+json\" class=\"yoast-schema-graph\">{\"@context\":\"https:\\\/\\\/schema.org\",\"@graph\":[{\"@type\":\"WebPage\",\"@id\":\"https:\\\/\\\/plazadetoroslamalagueta.com\\\/fr\\\/date-de-livraison-et-commissions\\\/\",\"url\":\"https:\\\/\\\/plazadetoroslamalagueta.com\\\/fr\\\/date-de-livraison-et-commissions\\\/\",\"name\":\"Date de livraison et commissions sur les billets | La Malagueta\",\"isPartOf\":{\"@id\":\"https:\\\/\\\/plazadetoroslamalagueta.com\\\/fr\\\/#website\"},\"datePublished\":\"2024-04-15T08:39:54+00:00\",\"dateModified\":\"2024-12-04T12:03:21+00:00\",\"description\":\"Consultez les dates de livraison des billets pour les taureaux de Malaga ainsi que les commissions incluses dans le billet de taureau\",\"breadcrumb\":{\"@id\":\"https:\\\/\\\/plazadetoroslamalagueta.com\\\/fr\\\/date-de-livraison-et-commissions\\\/#breadcrumb\"},\"inLanguage\":\"fr-FR\",\"potentialAction\":[{\"@type\":\"ReadAction\",\"target\":[\"https:\\\/\\\/plazadetoroslamalagueta.com\\\/fr\\\/date-de-livraison-et-commissions\\\/\"]}]},{\"@type\":\"BreadcrumbList\",\"@id\":\"https:\\\/\\\/plazadetoroslamalagueta.com\\\/fr\\\/date-de-livraison-et-commissions\\\/#breadcrumb\",\"itemListElement\":[{\"@type\":\"ListItem\",\"position\":1,\"name\":\"Inicio\",\"item\":\"https:\\\/\\\/plazadetoroslamalagueta.com\\\/fr\\\/\"},{\"@type\":\"ListItem\",\"position\":2,\"name\":\"Date de livraison et commissions\"}]},{\"@type\":\"WebSite\",\"@id\":\"https:\\\/\\\/plazadetoroslamalagueta.com\\\/fr\\\/#website\",\"url\":\"https:\\\/\\\/plazadetoroslamalagueta.com\\\/fr\\\/\",\"name\":\"Plaza de Toros de la Malagueta\",\"description\":\"La Plaza de Toros de M\u00e1laga, de nombre La Malagueta, es un edificio reconocido Bien de Inter\u00e9s Cultural, que ofrece visitas tur\u00edsticas y corridas de toros y otros tipos de espect\u00e1culo durante todo el a\u00f1o.\",\"publisher\":{\"@id\":\"https:\\\/\\\/plazadetoroslamalagueta.com\\\/fr\\\/#organization\"},\"alternateName\":\"Plaza de Toros M\u00e1laga\",\"potentialAction\":[{\"@type\":\"SearchAction\",\"target\":{\"@type\":\"EntryPoint\",\"urlTemplate\":\"https:\\\/\\\/plazadetoroslamalagueta.com\\\/fr\\\/?s={search_term_string}\"},\"query-input\":{\"@type\":\"PropertyValueSpecification\",\"valueRequired\":true,\"valueName\":\"search_term_string\"}}],\"inLanguage\":\"fr-FR\"},{\"@type\":\"Organization\",\"@id\":\"https:\\\/\\\/plazadetoroslamalagueta.com\\\/fr\\\/#organization\",\"name\":\"Plaza de Toros la Malagueta\",\"url\":\"https:\\\/\\\/plazadetoroslamalagueta.com\\\/fr\\\/\",\"logo\":{\"@type\":\"ImageObject\",\"inLanguage\":\"fr-FR\",\"@id\":\"https:\\\/\\\/plazadetoroslamalagueta.com\\\/fr\\\/#\\\/schema\\\/logo\\\/image\\\/\",\"url\":\"https:\\\/\\\/plazadetoroslamalagueta.com\\\/wp-content\\\/uploads\\\/2024\\\/02\\\/Logo-plaza-toros.webp\",\"contentUrl\":\"https:\\\/\\\/plazadetoroslamalagueta.com\\\/wp-content\\\/uploads\\\/2024\\\/02\\\/Logo-plaza-toros.webp\",\"width\":100,\"height\":100,\"caption\":\"Plaza de Toros la Malagueta\"},\"image\":{\"@id\":\"https:\\\/\\\/plazadetoroslamalagueta.com\\\/fr\\\/#\\\/schema\\\/logo\\\/image\\\/\"}}]}<\/script>\n<!-- \/ Yoast SEO plugin. -->","yoast_head_json":{"title":"Date de livraison et commissions sur les billets | La Malagueta","description":"Consultez les dates de livraison des billets pour les taureaux de Malaga ainsi que les commissions incluses dans le billet de taureau","robots":{"index":"noindex","follow":"follow"},"og_locale":"fr_FR","og_type":"article","og_title":"Date de livraison et commissions sur les billets | La Malagueta","og_description":"Consultez les dates de livraison des billets pour les taureaux de Malaga ainsi que les commissions incluses dans le billet de taureau","og_url":"https:\/\/plazadetoroslamalagueta.com\/fr\/date-de-livraison-et-commissions\/","og_site_name":"Plaza de Toros La Malagueta","article_modified_time":"2024-12-04T12:03:21+00:00","og_image":[{"width":1200,"height":675,"url":"https:\/\/plazadetoroslamalagueta.com\/wp-content\/uploads\/2023\/03\/Diseno-sin-titulo.jpeg","type":"image\/jpeg"}],"twitter_card":"summary_large_image","twitter_misc":{"Dur\u00e9e de lecture estim\u00e9e":"1 minute"},"schema":{"@context":"https:\/\/schema.org","@graph":[{"@type":"WebPage","@id":"https:\/\/plazadetoroslamalagueta.com\/fr\/date-de-livraison-et-commissions\/","url":"https:\/\/plazadetoroslamalagueta.com\/fr\/date-de-livraison-et-commissions\/","name":"Date de livraison et commissions sur les billets | La Malagueta","isPartOf":{"@id":"https:\/\/plazadetoroslamalagueta.com\/fr\/#website"},"datePublished":"2024-04-15T08:39:54+00:00","dateModified":"2024-12-04T12:03:21+00:00","description":"Consultez les dates de livraison des billets pour les taureaux de Malaga ainsi que les commissions incluses dans le billet de taureau","breadcrumb":{"@id":"https:\/\/plazadetoroslamalagueta.com\/fr\/date-de-livraison-et-commissions\/#breadcrumb"},"inLanguage":"fr-FR","potentialAction":[{"@type":"ReadAction","target":["https:\/\/plazadetoroslamalagueta.com\/fr\/date-de-livraison-et-commissions\/"]}]},{"@type":"BreadcrumbList","@id":"https:\/\/plazadetoroslamalagueta.com\/fr\/date-de-livraison-et-commissions\/#breadcrumb","itemListElement":[{"@type":"ListItem","position":1,"name":"Inicio","item":"https:\/\/plazadetoroslamalagueta.com\/fr\/"},{"@type":"ListItem","position":2,"name":"Date de livraison et commissions"}]},{"@type":"WebSite","@id":"https:\/\/plazadetoroslamalagueta.com\/fr\/#website","url":"https:\/\/plazadetoroslamalagueta.com\/fr\/","name":"Plaza de Toros de la Malagueta","description":"La Plaza de Toros de M\u00e1laga, de nombre La Malagueta, es un edificio reconocido Bien de Inter\u00e9s Cultural, que ofrece visitas tur\u00edsticas y corridas de toros y otros tipos de espect\u00e1culo durante todo el a\u00f1o.","publisher":{"@id":"https:\/\/plazadetoroslamalagueta.com\/fr\/#organization"},"alternateName":"Plaza de Toros M\u00e1laga","potentialAction":[{"@type":"SearchAction","target":{"@type":"EntryPoint","urlTemplate":"https:\/\/plazadetoroslamalagueta.com\/fr\/?s={search_term_string}"},"query-input":{"@type":"PropertyValueSpecification","valueRequired":true,"valueName":"search_term_string"}}],"inLanguage":"fr-FR"},{"@type":"Organization","@id":"https:\/\/plazadetoroslamalagueta.com\/fr\/#organization","name":"Plaza de Toros la Malagueta","url":"https:\/\/plazadetoroslamalagueta.com\/fr\/","logo":{"@type":"ImageObject","inLanguage":"fr-FR","@id":"https:\/\/plazadetoroslamalagueta.com\/fr\/#\/schema\/logo\/image\/","url":"https:\/\/plazadetoroslamalagueta.com\/wp-content\/uploads\/2024\/02\/Logo-plaza-toros.webp","contentUrl":"https:\/\/plazadetoroslamalagueta.com\/wp-content\/uploads\/2024\/02\/Logo-plaza-toros.webp","width":100,"height":100,"caption":"Plaza de Toros la Malagueta"},"image":{"@id":"https:\/\/plazadetoroslamalagueta.com\/fr\/#\/schema\/logo\/image\/"}}]}},"_links":{"self":[{"href":"https:\/\/plazadetoroslamalagueta.com\/fr\/wp-json\/wp\/v2\/pages\/14853","targetHints":{"allow":["GET"]}}],"collection":[{"href":"https:\/\/plazadetoroslamalagueta.com\/fr\/wp-json\/wp\/v2\/pages"}],"about":[{"href":"https:\/\/plazadetoroslamalagueta.com\/fr\/wp-json\/wp\/v2\/types\/page"}],"author":[{"embeddable":true,"href":"https:\/\/plazadetoroslamalagueta.com\/fr\/wp-json\/wp\/v2\/users\/4"}],"replies":[{"embeddable":true,"href":"https:\/\/plazadetoroslamalagueta.com\/fr\/wp-json\/wp\/v2\/comments?post=14853"}],"version-history":[{"count":8,"href":"https:\/\/plazadetoroslamalagueta.com\/fr\/wp-json\/wp\/v2\/pages\/14853\/revisions"}],"predecessor-version":[{"id":21727,"href":"https:\/\/plazadetoroslamalagueta.com\/fr\/wp-json\/wp\/v2\/pages\/14853\/revisions\/21727"}],"wp:attachment":[{"href":"https:\/\/plazadetoroslamalagueta.com\/fr\/wp-json\/wp\/v2\/media?parent=14853"}],"curies":[{"name":"wp","href":"https:\/\/api.w.org\/{rel}","templated":true}]}}