{"id":7663,"date":"2022-01-15T15:27:04","date_gmt":"2022-01-15T14:27:04","guid":{"rendered":"https:\/\/plazadetoroslamalagueta.com\/?page_id=7663"},"modified":"2025-01-15T13:08:09","modified_gmt":"2025-01-15T12:08:09","slug":"general-conditions","status":"publish","type":"page","link":"https:\/\/plazadetoroslamalagueta.com\/en\/general-conditions\/","title":{"rendered":"General Terms and Conditions"},"content":{"rendered":"<section class=\"l-section wpb_row height_medium\"><div class=\"l-section-h i-cf\"><div class=\"g-cols vc_row via_grid cols_1 laptops-cols_inherit tablets-cols_inherit mobiles-cols_1 valign_top type_default stacking_default\"><div class=\"wpb_column vc_column_container\"><div class=\"vc_column-inner\"><div class=\"wpb_text_column\"><div class=\"wpb_wrapper\"><\/p>\n<p>\nhttps:\/\/www.plazadetoroslamalagueta.com (en adelante, la Web) es un sitio web propiedad de Toroshopping, S.L., en adelante EL PROPIETARIO, con CIF\/NIF n\u00ba: B92950146 y domicilio social en: Centro Melior Vasari. Urbanizaci\u00f3n La Alzambra, 3, Local 1, C.P. 29660 \u2013 Marbella (M\u00e1laga).<\/p>\n<p>\nEl acceso, reproducci\u00f3n y uso de los servicios de la Web requiere la aceptaci\u00f3n previa de las Condiciones de Uso vigentes en cada momento; EL PROPIETARIO se reserva el derecho de modificar dichas Condiciones cuando lo considere oportuno, mediante la publicaci\u00f3n del nuevo texto en la Web.Es responsabilidad del usuario conocer las Condiciones de Uso antes de acceder a los productos y servicios de la Web; en caso de no estar conforme con<br \/>las mismas, le rogamos, se abstenga de utilizarla.<\/p>\n<p><h4 class=\"wp-block-heading\">PROPERTY<\/h4>\n<\/p>\n<p>\nLa Web es una obra compuesta de diversos elementos integrados e inseparables (texto, ilustraciones, fotograf\u00edas, im\u00e1genes animadas, v\u00eddeos, programas de ordenador, incluidos los c\u00f3digos html del sitio web, etc.), cuya Propiedad Intelectual le corresponde a EL PROPIETARIO, salvo en lo referente a aquellos materiales obtenidos bajo licencia de terceros.<br \/>EL PROPIETARIO y sus licenciantes retienen en todo momento la Propiedad Intelectual sobre la Web y sobre los distintos elementos que la componen, individualmente considerados, en todas las copias que se realicen (cualquiera que sea el soporte al que se incorporen), concediendo sobre los mismos \u00fanicamente los derechos de uso que m\u00e1s adelante se describen. Cualquier derecho que no sea expresamente cedido se entiende reservado.<br \/>Adem\u00e1s de lo anterior, EL PROPIETARIO es responsable de la selecci\u00f3n, dise\u00f1o de la estructura y disposici\u00f3n de los contenidos de la Web, as\u00ed como quien ha tomado la iniciativa y asumido el riesgo de efectuar las inversiones sustanciales orientadas a la obtenci\u00f3n, digitalizaci\u00f3n y presentaci\u00f3n de la misma, correspondi\u00e9ndole, por tanto, la protecci\u00f3n que el art\u00edculo 12 y el T\u00edtulo VIII del Libro II de la Ley de Propiedad Intelectual pueda conceder sobre el sitio web, considerado como una base de datos.<br \/>EL PROPIETARIO es tambi\u00e9n el \u00fanico due\u00f1o del dise\u00f1o e imagen gr\u00e1fica de la Web, reserv\u00e1ndose las acciones legales pertinentes que le pudieran corresponder contra las personas que realicen imitaciones o usos desleales del mismo.<\/p>\n<p><h3 class=\"wp-block-heading\">WEB CONTENT AND DOWNLOADS. PERMITTED AND PROHIBITED USES. <\/h3>\n<\/p>\n<p>\nEst\u00e1 permitida:<br \/>\u2022 La navegaci\u00f3n por la Web, es decir, el acceso y visualizaci\u00f3n de la misma en un dispositivo, quedando autorizada cualquier reproducci\u00f3n temporal o accesoria, siempre que la misma no sea voluntaria y forme parte integrante y esencial del proceso tecnol\u00f3gico de transmisi\u00f3n. La navegaci\u00f3n por determinadas secciones de la Web requiere el previo registro.<br \/>\u2022 Beneficiarse (previo registro), de los servicios y ventajas prestados por EL PROPIETARIO a trav\u00e9s de la Web a sus usuarios, en las condiciones que se se\u00f1alen expresamente en las distintas secciones.<br \/>Queda terminantemente prohibido:<br \/>\u2022 Cualesquiera operaciones respecto de la Web, sus contenidos, los productos descargados y las copias de todos ellos que sean contrarias a la Ley, las buenas costumbres y la buena fe.<br \/>\u2022 Cualquier utilizaci\u00f3n fuera del \u00e1mbito personal y privado, especialmente aquellas que tengan fines comerciales o profesionales, incluido el env\u00edo de publicidad o mensajes y la recopilaci\u00f3n y tratamiento de datos de terceros.<br \/>\u2022 Cualquier tipo de extracci\u00f3n, comunicaci\u00f3n p\u00fablica y\/o transmisi\u00f3n, total o parcial, por cualquier medio, fuera del \u00e1mbito privado de uso permitido y, especialmente, su incorporaci\u00f3n a cualquier otra obra, incluidas p\u00e1ginas web, colecciones o bases de datos. Se except\u00faa de esta prohibici\u00f3n la publicaci\u00f3n en medios de comunicaci\u00f3n de los materiales susceptibles de descarga de la secci\u00f3n Sala de Prensa.<br \/>\u2022 La remoci\u00f3n, ocultaci\u00f3n o falseamiento de los avisos y advertencias sobre la Propiedad Intelectual o Industrial de la Web o de cualquiera de los productos facilitados a trav\u00e9s de la misma.<br \/>\u2022 Las operaciones y actividades expresamente prohibidas en cualesquiera otras secciones de estas Condiciones Generales y, en general, cualquiera que pueda perjudicar el normal funcionamiento de la Web, a otros usuarios o a cualquier tercero.<\/p>\n<p><h3 class=\"wp-block-heading\">LINKS TO THE WEBSITE<\/h3>\n<\/p>\n<p>\n\u2022 Queda autorizado el establecimiento de v\u00ednculos e hiperv\u00ednculos con la Web desde otras p\u00e1ginas o sitios web, siempre que los mismos no se hagan de forma que perjudique la imagen p\u00fablica y de marca de EL PROPIETARIO, de la Web o de cualquiera de las personas y productos a que se haga referencia en la misma. En el establecimiento de v\u00ednculos con la Web queda expresamente prohibida la utilizaci\u00f3n de t\u00e9cnicas que impliquen confusi\u00f3n sobre la identidad y propiedad de los contenidos, tales como el framing u otras.<br \/>\u2022 Queda prohibido el establecimiento de v\u00ednculos desde p\u00e1ginas o sitios web cuyos contenidos promocionen o hagan apolog\u00eda, directa o indirectamente, de cualquier tipo de violencia, discriminaci\u00f3n, pornograf\u00eda o actividad ilegal. Asimismo, queda expresamente prohibido el establecimiento de links con fines mercantiles.<\/p>\n<p>\nEn la creaci\u00f3n de los v\u00ednculos queda expresamente prohibida la utilizaci\u00f3n de elementos extra\u00eddos de la Web, sin el consentimiento previo y expreso de EL PROPIETARIO. En ning\u00fan caso podr\u00e1 entenderse que los v\u00ednculos a la Web desde p\u00e1ginas o sitios web de terceros implican relaciones de EL PROPIETARIO con los titulares de \u00e9stos, ni implica respaldo, patrocinio o recomendaci\u00f3n alguna de EL PROPIETARIO sobre los mismos, por lo que EL PROPIETARIO no ser\u00e1 responsable en absoluto respecto de su contenido y licitud.<\/p>\n<p><h3 class=\"wp-block-heading\">CONTENT AND USER BEHAVIOR<\/h3>\n<\/p>\n<p>\nComo cliente o usuario de la Web, Ud. se compromete a hacer un uso adecuado de los contenidos y servicios ofrecidos a trav\u00e9s de la misma y a no emplearlos para:<br \/>\u2022 Incurrir en actividades il\u00edcitas, ilegales o contrarias a la buena fe y al orden p\u00fablico.<br \/>\u2022 Difundir contenidos o propaganda de car\u00e1cter racista, xen\u00f3fobo, pornogr\u00e1fico, que haga apolog\u00eda del terrorismo o que atente contra los derechos humanos.<br \/>\u2022 Provocar da\u00f1os en los sistemas f\u00edsicos y l\u00f3gicos de EL PROPIETARIO, de sus proveedores o de terceras personas, introducir o difundir en la red virus inform\u00e1ticos o cualesquiera otros sistemas f\u00edsicos o l\u00f3gicos que sean susceptibles de provocar los da\u00f1os anteriormente mencionados.<br \/>\u2022 Difundir contenidos que atenten contra la imagen y reputaci\u00f3n de EL PROPIETARIO o de terceros.<br \/>\u2022 Atentar contra los derechos de Propiedad Intelectual, Industrial, de imagen, honor u otros que correspondan a EL PROPIETARIO o a terceros.<br \/>EL PROPIETARIO tendr\u00e1 plena libertad de decisi\u00f3n sobre si las colaboraciones y mensajes son finalmente publicadas en la Web o no, quedando facultada para retirarlos cuando estime oportuno.<br \/>La infracci\u00f3n de cualquiera de las normas contenidas en estas Condiciones de uso y muy especialmente, de lo previsto en la presente cl\u00e1usula, facultar\u00e1n a EL PROPIETARIO para darle de baja de forma inmediata como usuario o suscriptor de la Web.<\/p>\n<p><h2 class=\"wp-block-heading\">TICKET SALES<\/h2>\n<\/p>\n<h3><strong>PRICES AND TICKET AVAILABILITY.<\/strong><\/h3>\n<p>Ticket prices vary according to the type of show (novillada, rejones or bullfight) and the location of the seats (sun, shade, sun and shade and row).<\/p>\n<p>For the management of these tickets, an extra cost of 10% is added to the price of the official web box office, including VAT, which is added to the price of the tickets.<\/p>\n<p>The sale of tickets is firm and does not allow cancellations by the User for any reason whatsoever.<\/p>\n<p>The prices and availability of the tickets are valid and guaranteed until the tickets are sold out. Typographical errors or any price change made by the company organizing the bullfighting show and managing the bullring (hereinafter &#8220;the Organizer&#8221;) are excluded. In the latter case, the User must address any claim to the latter.  <\/p>\n<p>Reservations will be handled on a first-come, first-served basis. We will always try to assign consecutive seats, and we will contact the customer to inform him\/her of any problems in this regard (which may arise in the case of multiple ticket sales) and will then offer alternative tickets (e.g. for another area, or in two rows etc.). However, we cannot guarantee the User the availability of consecutive seats, especially in the case of purchase of more than 4 seats. If no reallocation is possible, the tickets will be deemed to have been firmly purchased by the User.   <\/p>\n<p>In the event that the User has purchased a ticket after having sold out the seats, the amount paid to the User will be refunded within five (5) days from the day on which such circumstance is communicated. The User expressly acknowledges that he\/she shall not be entitled to any additional reimbursement by way of compensation or similar. <\/p>\n<p>We do not offer or manage reservations with special discounts, such as groups, retirees, young people, people with disabilities, being the only price for adults.<\/p>\n<h3><strong>ISSUANCE OF TICKETS.<\/strong><\/h3>\n<p>The User purchases the ticket from the Organizer, which will be sent by email in pdf format a few days before the date of the event, along with our receipt or invoice that includes our management fees.  <\/p>\n<p><b>PURCHASING METHODS<\/b><\/p>\n<p>The User can pay by Visa or Mastercard with our 100% secure platform <strong>through Stripe. <\/strong>The system will ask the User for the card number, expiration date and CCV (3 digits on the back of the card). Your bank may also send you a special code to confirm the online purchase. <\/p>\n<p>In no case we will keep your bank details, these being managed by the contracted secure payment platforms. It is the User&#8217;s responsibility to carefully read the terms of use and privacy policy of such payment gateways before making the payment. <\/p>\n<p><strong>RETURNS.<\/strong><\/p>\n<p>The refund of the amount of the tickets purchased is not allowed. The impossibility of attending a performance or any error made by the User when making the purchase will not be valid reasons to proceed to the refund of the amount paid. <\/p>\n<p>As an official point of sale, the tickets offered for sale are issued directly by the management company of the Plaza de Toros de M\u00e1laga (i.e. by the Organizer). The User receives the official ticket from the company by email in pdf format. <\/p>\n<p>In the event of changes occurring after the purchase of the tickets, such as (by way of example only): change of date, time, line-up, substitutions, cancellations and\/or any other event. The User expressly acknowledges that any claim must be made directly to the Organizer. <\/p>\n<p>The realization of any return will be subject to the conditions of the Organizer and the provisions of current legislation, being in any case subject to having the official ticket, complete, intact and not manipulated or damaged.<\/p>\n<p>The refund of the ticket amount in case of suspension, postponement or modification, will begin and end when indicated by the Organizer at the official ticket office of the organizing company and in accordance with the conditions indicated on the back of each official ticket.<\/p>\n<p>If the show is suspended once it has begun, for reasons not attributable to the Organizer or due to bad weather, after the first bull has been brought into the ring, the User shall not be entitled to any refund.<\/p>\n<p>Only when the Organizer gives an express order for the return of the tickets, the amount of the ticket can be refunded (but not the management fees of the ticketing platform and those of our company). Such cancellations usually occur in cases such as cancellations and date changes. <\/p>\n<p>MINORS or PERSONS WITH DISABILITY<\/p>\n<p>We do not issue tickets for groups such as minors or people with disabilities, retirees, or youth card. For this you must go directly to the box office of the bullring of La Malagueta of the Organizer. <\/p>\n<p><strong>RIGHT OF ADMISSION<\/strong><\/p>\n<p>The Organizer reserves the right of admission and may search the attending public at the entrance to the bullring. Entrance with any object that may be considered dangerous is not allowed. Entrance with food and drink is not usually allowed either.  <\/p>\n<p>The Organization has the right to allow the entrance to the bullfight once it has begun, as well as to allow the entrance and exit of the enclosure during the same.<\/p>\n<p>Any complaint about the performance, suspension, modification or cancellation of the show must be addressed to the Organizer, and the User must keep the ticket for presentation.<\/p>\n<p>Any claim made by the User shall be made directly with the Organizer. The User is reminded that the Organizer shall be solely responsible for the event. <\/p>\n<p><strong>APPLICABLE LAW AND JURISDICTION.<\/strong><\/p>\n<p>These Conditions of Purchase are governed by Spanish law. The parties submit for the resolution of conflicts and waiving any other jurisdiction, to the courts and tribunals of the domicile of the User as provided in the legislation in force. When the Users have their domicile outside the Spanish territory, the provisions of the applicable legal regulations regarding competent jurisdiction shall apply, failing which the parties shall submit to the courts and tribunals of the capital city of Madrid.  <\/p>\n<p><!-- \/wp:post-content --> <\/p>\n<p><!-- wp:heading {\"level\":3} --><\/p>\n<h3>DATA PROTECTION<\/h3>\n<p><!-- \/wp:heading --><\/p>\n<p><!-- wp:paragraph -->The information or personal data provided by you will be treated in accordance with the provisions of the <a href=\"https:\/\/www.toroshopping.com\/politica-de-privacidad\/\"><strong>Privacy Policy<\/strong><\/a>. By using this website you consent to the processing of such information and data and declare that all information or data you provide are truthful and correspond to reality. <\/p>\n<p><!-- \/wp:paragraph --> <\/p>\n<p><!-- wp:heading {\"level\":3} --><\/p>\n<h3>MODIFICATIONS<\/h3>\n<p><!-- \/wp:heading --><\/p>\n<p><!-- wp:paragraph -->THE OWNER reserves the right to make unannounced changes it deems appropriate on the Web, may change, delete or add content and services provided through the same, as the way in which they are presented or located.<br \/>Although THE OWNER will make its best efforts to keep updated and error-free information contained on the Web does not guarantee its accuracy and updating. Nor is guaranteed the achievement of any specific result or purpose, so that access and use of the Web, is the sole responsibility of users and customers. <\/p>\n<p><!-- \/wp:paragraph --> <\/p>\n<p><!-- wp:heading {\"level\":3} --><\/p>\n<h3>LEGAL ACTIONS<\/h3>\n<p><!-- \/wp:heading --><\/p>\n<p><!-- wp:paragraph -->THE OWNER will pursue the breach of these Terms of Use, as well as any misuse of the Web or its contents, infringements of the rights that correspond to it or its licensors, especially those of Intellectual and Industrial Property, exercising all actions, civil and criminal, which may correspond in law.<\/p>\n<p><!-- \/wp:paragraph --> <\/p>\n<p><!-- wp:heading {\"level\":3} --><\/p>\n<h3>OUT-OF-COURT DISPUTE RESOLUTION<\/h3>\n<p><!-- \/wp:heading --><\/p>\n<p><!-- wp:paragraph -->Also, under the terms set out in Article 14 of EU Regulation 524\/2013, on consumer dispute resolution, a direct link to the online dispute resolution platform is provided:<br \/>https:\/\/ec.europa.eu\/consumers\/odr\/main\/index.cfm<\/p>\n<p><!-- \/wp:paragraph --> <\/p>\n<p><!-- wp:heading {\"level\":3} --><\/p>\n<h3>APPLICABLE LAW AND JURISDICTION<\/h3>\n<p><!-- \/wp:heading --><\/p>\n<p><!-- wp:paragraph -->For any controversy or conflict that may arise, derived from these terms or conditions, the Spanish Law will be applicable. The resolution of legal disputes shall be subject to the jurisdiction of the Courts and Tribunals of the domicile of the user or customer. <\/p>\n<p><!-- \/wp:paragraph --><\/p>\n<p><!-- wp:paragraph --><\/p>\n<h3>CUSTOMER SERVICE<\/h3>\n<p><!-- \/wp:paragraph --> <\/p>\n<p><!-- wp:paragraph -->You can contact us through the website chat, or through the following e-mail address: info@plazadetoroslamalagueta.com.<\/p>\n<p>We will respond as soon as possible to your inquiries.<\/p>\n<p><!-- \/wp:paragraph --> <\/p>\n<\/div><\/div><\/div><\/div><\/div><\/div><\/section>\n","protected":false},"excerpt":{"rendered":"https:\/\/www.plazadetoroslamalagueta.com (en adelante, la Web) es un sitio web propiedad de Toroshopping, S.L., en adelante EL PROPIETARIO, con CIF\/NIF n\u00ba: B92950146 y domicilio social en: Centro Melior Vasari. Urbanizaci\u00f3n La Alzambra, 3, Local 1, C.P. 29660 \u2013 Marbella (M\u00e1laga). El acceso, reproducci\u00f3n y uso de los servicios de la Web requiere la aceptaci\u00f3n previa de...","protected":false},"author":5,"featured_media":0,"parent":0,"menu_order":0,"comment_status":"closed","ping_status":"closed","template":"","meta":{"footnotes":""},"class_list":["post-7663","page","type-page","status-publish","hentry"],"yoast_head":"<!-- This site is optimized with the Yoast SEO plugin v27.5 - https:\/\/yoast.com\/product\/yoast-seo-wordpress\/ -->\n<title>General Terms and Conditions - Plaza de Toros La Malagueta<\/title>\n<meta name=\"robots\" content=\"index, follow, max-snippet:-1, max-image-preview:large, max-video-preview:-1\" \/>\n<link rel=\"canonical\" href=\"https:\/\/plazadetoroslamalagueta.com\/en\/general-conditions\/\" \/>\n<meta property=\"og:locale\" content=\"en_US\" \/>\n<meta property=\"og:type\" content=\"article\" \/>\n<meta property=\"og:title\" content=\"General Terms and Conditions - Plaza de Toros La Malagueta\" \/>\n<meta property=\"og:url\" content=\"https:\/\/plazadetoroslamalagueta.com\/en\/general-conditions\/\" \/>\n<meta property=\"og:site_name\" content=\"Plaza de Toros La Malagueta\" \/>\n<meta property=\"article:modified_time\" content=\"2025-01-15T12:08:09+00:00\" \/>\n<meta property=\"og:image\" content=\"https:\/\/plazadetoroslamalagueta.com\/wp-content\/uploads\/2023\/03\/Diseno-sin-titulo.jpeg\" \/>\n\t<meta property=\"og:image:width\" content=\"1200\" \/>\n\t<meta property=\"og:image:height\" content=\"675\" \/>\n\t<meta property=\"og:image:type\" content=\"image\/jpeg\" \/>\n<meta name=\"twitter:card\" content=\"summary_large_image\" \/>\n<meta name=\"twitter:label1\" content=\"Est. reading time\" \/>\n\t<meta name=\"twitter:data1\" content=\"10 minutes\" \/>\n<script type=\"application\/ld+json\" class=\"yoast-schema-graph\">{\"@context\":\"https:\\\/\\\/schema.org\",\"@graph\":[{\"@type\":\"WebPage\",\"@id\":\"https:\\\/\\\/plazadetoroslamalagueta.com\\\/en\\\/general-conditions\\\/\",\"url\":\"https:\\\/\\\/plazadetoroslamalagueta.com\\\/en\\\/general-conditions\\\/\",\"name\":\"General Terms and Conditions - Plaza de Toros La Malagueta\",\"isPartOf\":{\"@id\":\"https:\\\/\\\/plazadetoroslamalagueta.com\\\/en\\\/#website\"},\"datePublished\":\"2022-01-15T14:27:04+00:00\",\"dateModified\":\"2025-01-15T12:08:09+00:00\",\"breadcrumb\":{\"@id\":\"https:\\\/\\\/plazadetoroslamalagueta.com\\\/en\\\/general-conditions\\\/#breadcrumb\"},\"inLanguage\":\"en-US\",\"potentialAction\":[{\"@type\":\"ReadAction\",\"target\":[\"https:\\\/\\\/plazadetoroslamalagueta.com\\\/en\\\/general-conditions\\\/\"]}]},{\"@type\":\"BreadcrumbList\",\"@id\":\"https:\\\/\\\/plazadetoroslamalagueta.com\\\/en\\\/general-conditions\\\/#breadcrumb\",\"itemListElement\":[{\"@type\":\"ListItem\",\"position\":1,\"name\":\"Inicio\",\"item\":\"https:\\\/\\\/plazadetoroslamalagueta.com\\\/en\\\/\"},{\"@type\":\"ListItem\",\"position\":2,\"name\":\"General Terms and Conditions\"}]},{\"@type\":\"WebSite\",\"@id\":\"https:\\\/\\\/plazadetoroslamalagueta.com\\\/en\\\/#website\",\"url\":\"https:\\\/\\\/plazadetoroslamalagueta.com\\\/en\\\/\",\"name\":\"Plaza de Toros de la Malagueta\",\"description\":\"La Plaza de Toros de M\u00e1laga, de nombre La Malagueta, es un edificio reconocido Bien de Inter\u00e9s Cultural, que ofrece visitas tur\u00edsticas y corridas de toros y otros tipos de espect\u00e1culo durante todo el a\u00f1o.\",\"publisher\":{\"@id\":\"https:\\\/\\\/plazadetoroslamalagueta.com\\\/en\\\/#organization\"},\"alternateName\":\"Plaza de Toros M\u00e1laga\",\"potentialAction\":[{\"@type\":\"SearchAction\",\"target\":{\"@type\":\"EntryPoint\",\"urlTemplate\":\"https:\\\/\\\/plazadetoroslamalagueta.com\\\/en\\\/?s={search_term_string}\"},\"query-input\":{\"@type\":\"PropertyValueSpecification\",\"valueRequired\":true,\"valueName\":\"search_term_string\"}}],\"inLanguage\":\"en-US\"},{\"@type\":\"Organization\",\"@id\":\"https:\\\/\\\/plazadetoroslamalagueta.com\\\/en\\\/#organization\",\"name\":\"Plaza de Toros la Malagueta\",\"url\":\"https:\\\/\\\/plazadetoroslamalagueta.com\\\/en\\\/\",\"logo\":{\"@type\":\"ImageObject\",\"inLanguage\":\"en-US\",\"@id\":\"https:\\\/\\\/plazadetoroslamalagueta.com\\\/en\\\/#\\\/schema\\\/logo\\\/image\\\/\",\"url\":\"https:\\\/\\\/plazadetoroslamalagueta.com\\\/wp-content\\\/uploads\\\/2024\\\/02\\\/Logo-plaza-toros.webp\",\"contentUrl\":\"https:\\\/\\\/plazadetoroslamalagueta.com\\\/wp-content\\\/uploads\\\/2024\\\/02\\\/Logo-plaza-toros.webp\",\"width\":100,\"height\":100,\"caption\":\"Plaza de Toros la Malagueta\"},\"image\":{\"@id\":\"https:\\\/\\\/plazadetoroslamalagueta.com\\\/en\\\/#\\\/schema\\\/logo\\\/image\\\/\"}}]}<\/script>\n<!-- \/ Yoast SEO plugin. -->","yoast_head_json":{"title":"General Terms and Conditions - Plaza de Toros La Malagueta","robots":{"index":"index","follow":"follow","max-snippet":"max-snippet:-1","max-image-preview":"max-image-preview:large","max-video-preview":"max-video-preview:-1"},"canonical":"https:\/\/plazadetoroslamalagueta.com\/en\/general-conditions\/","og_locale":"en_US","og_type":"article","og_title":"General Terms and Conditions - Plaza de Toros La Malagueta","og_url":"https:\/\/plazadetoroslamalagueta.com\/en\/general-conditions\/","og_site_name":"Plaza de Toros La Malagueta","article_modified_time":"2025-01-15T12:08:09+00:00","og_image":[{"width":1200,"height":675,"url":"https:\/\/plazadetoroslamalagueta.com\/wp-content\/uploads\/2023\/03\/Diseno-sin-titulo.jpeg","type":"image\/jpeg"}],"twitter_card":"summary_large_image","twitter_misc":{"Est. reading time":"10 minutes"},"schema":{"@context":"https:\/\/schema.org","@graph":[{"@type":"WebPage","@id":"https:\/\/plazadetoroslamalagueta.com\/en\/general-conditions\/","url":"https:\/\/plazadetoroslamalagueta.com\/en\/general-conditions\/","name":"General Terms and Conditions - Plaza de Toros La Malagueta","isPartOf":{"@id":"https:\/\/plazadetoroslamalagueta.com\/en\/#website"},"datePublished":"2022-01-15T14:27:04+00:00","dateModified":"2025-01-15T12:08:09+00:00","breadcrumb":{"@id":"https:\/\/plazadetoroslamalagueta.com\/en\/general-conditions\/#breadcrumb"},"inLanguage":"en-US","potentialAction":[{"@type":"ReadAction","target":["https:\/\/plazadetoroslamalagueta.com\/en\/general-conditions\/"]}]},{"@type":"BreadcrumbList","@id":"https:\/\/plazadetoroslamalagueta.com\/en\/general-conditions\/#breadcrumb","itemListElement":[{"@type":"ListItem","position":1,"name":"Inicio","item":"https:\/\/plazadetoroslamalagueta.com\/en\/"},{"@type":"ListItem","position":2,"name":"General Terms and Conditions"}]},{"@type":"WebSite","@id":"https:\/\/plazadetoroslamalagueta.com\/en\/#website","url":"https:\/\/plazadetoroslamalagueta.com\/en\/","name":"Plaza de Toros de la Malagueta","description":"La Plaza de Toros de M\u00e1laga, de nombre La Malagueta, es un edificio reconocido Bien de Inter\u00e9s Cultural, que ofrece visitas tur\u00edsticas y corridas de toros y otros tipos de espect\u00e1culo durante todo el a\u00f1o.","publisher":{"@id":"https:\/\/plazadetoroslamalagueta.com\/en\/#organization"},"alternateName":"Plaza de Toros M\u00e1laga","potentialAction":[{"@type":"SearchAction","target":{"@type":"EntryPoint","urlTemplate":"https:\/\/plazadetoroslamalagueta.com\/en\/?s={search_term_string}"},"query-input":{"@type":"PropertyValueSpecification","valueRequired":true,"valueName":"search_term_string"}}],"inLanguage":"en-US"},{"@type":"Organization","@id":"https:\/\/plazadetoroslamalagueta.com\/en\/#organization","name":"Plaza de Toros la Malagueta","url":"https:\/\/plazadetoroslamalagueta.com\/en\/","logo":{"@type":"ImageObject","inLanguage":"en-US","@id":"https:\/\/plazadetoroslamalagueta.com\/en\/#\/schema\/logo\/image\/","url":"https:\/\/plazadetoroslamalagueta.com\/wp-content\/uploads\/2024\/02\/Logo-plaza-toros.webp","contentUrl":"https:\/\/plazadetoroslamalagueta.com\/wp-content\/uploads\/2024\/02\/Logo-plaza-toros.webp","width":100,"height":100,"caption":"Plaza de Toros la Malagueta"},"image":{"@id":"https:\/\/plazadetoroslamalagueta.com\/en\/#\/schema\/logo\/image\/"}}]}},"_links":{"self":[{"href":"https:\/\/plazadetoroslamalagueta.com\/en\/wp-json\/wp\/v2\/pages\/7663","targetHints":{"allow":["GET"]}}],"collection":[{"href":"https:\/\/plazadetoroslamalagueta.com\/en\/wp-json\/wp\/v2\/pages"}],"about":[{"href":"https:\/\/plazadetoroslamalagueta.com\/en\/wp-json\/wp\/v2\/types\/page"}],"author":[{"embeddable":true,"href":"https:\/\/plazadetoroslamalagueta.com\/en\/wp-json\/wp\/v2\/users\/5"}],"replies":[{"embeddable":true,"href":"https:\/\/plazadetoroslamalagueta.com\/en\/wp-json\/wp\/v2\/comments?post=7663"}],"version-history":[{"count":6,"href":"https:\/\/plazadetoroslamalagueta.com\/en\/wp-json\/wp\/v2\/pages\/7663\/revisions"}],"predecessor-version":[{"id":22041,"href":"https:\/\/plazadetoroslamalagueta.com\/en\/wp-json\/wp\/v2\/pages\/7663\/revisions\/22041"}],"wp:attachment":[{"href":"https:\/\/plazadetoroslamalagueta.com\/en\/wp-json\/wp\/v2\/media?parent=7663"}],"curies":[{"name":"wp","href":"https:\/\/api.w.org\/{rel}","templated":true}]}}