{"id":25013,"date":"2025-04-01T10:31:41","date_gmt":"2025-04-01T08:31:41","guid":{"rendered":"https:\/\/plazadetoroslamalagueta.com\/how-it-arrives\/"},"modified":"2026-02-15T11:21:07","modified_gmt":"2026-02-15T10:21:07","slug":"how-to-get-here","status":"publish","type":"page","link":"https:\/\/plazadetoroslamalagueta.com\/en\/how-to-get-here\/","title":{"rendered":"How to Get Here"},"content":{"rendered":"<section class=\"l-section wpb_row height_medium\"><div class=\"l-section-h i-cf\"><div class=\"g-cols vc_row via_grid cols_1 laptops-cols_inherit tablets-cols_inherit mobiles-cols_1 valign_top type_default stacking_default\"><div class=\"wpb_column vc_column_container\"><div class=\"vc_column-inner\"><div class=\"wpb_text_column\"><div class=\"wpb_wrapper\"><h2 style=\"text-align: center;\">How to get to Malaga Bullring<\/h2>\n<\/div><\/div><div class=\"w-separator size_medium\"><\/div><div class=\"wpb_text_column\"><div class=\"wpb_wrapper\"><h5 style=\"text-align: center;\">The Malaga bullring is located in the Malagueta neighborhood, and has the same name: La Malagueta bullring.<\/h5>\n<p><strong>If you want to visit the bullring and its museum<\/strong>, you should go to Gate 8 of the bullring, located on Maestranza Street.<\/p>\n<p>If you want to buy tickets for a bullfight (for example during the August fair), you can go to the ticket office located at Paseo de Reding, 20, starting on August 8.<\/p>\n<\/div><\/div><\/div><\/div><\/div><\/div><\/section><section class=\"l-section wpb_row height_medium\"><div class=\"l-section-h i-cf\"><div class=\"g-cols vc_row via_grid cols_2 laptops-cols_inherit tablets-cols_inherit mobiles-cols_1 valign_top type_default stacking_default\"><div class=\"wpb_column vc_column_container\"><div class=\"vc_column-inner\"><div class=\"w-image align_none\"><div class=\"w-image-h\"><img decoding=\"async\" width=\"1024\" height=\"768\" src=\"https:\/\/plazadetoroslamalagueta.com\/wp-content\/uploads\/2025\/04\/Accesos-2-1024x768.jpeg\" class=\"attachment-large size-large\" alt=\"\" loading=\"lazy\" srcset=\"https:\/\/plazadetoroslamalagueta.com\/wp-content\/uploads\/2025\/04\/Accesos-2-1024x768.jpeg 1024w, https:\/\/plazadetoroslamalagueta.com\/wp-content\/uploads\/2025\/04\/Accesos-2-300x225.jpeg 300w, https:\/\/plazadetoroslamalagueta.com\/wp-content\/uploads\/2025\/04\/Accesos-2.jpeg 2048w\" sizes=\"auto, (max-width: 1024px) 100vw, 1024px\" \/><\/div><\/div><\/div><\/div><div class=\"wpb_column vc_column_container\"><div class=\"vc_column-inner\"><div class=\"w-image align_none\"><div class=\"w-image-h\"><img decoding=\"async\" width=\"1024\" height=\"768\" src=\"https:\/\/plazadetoroslamalagueta.com\/wp-content\/uploads\/2025\/04\/Accesos-1-1024x768.jpeg\" class=\"attachment-large size-large\" alt=\"\" loading=\"lazy\" srcset=\"https:\/\/plazadetoroslamalagueta.com\/wp-content\/uploads\/2025\/04\/Accesos-1-1024x768.jpeg 1024w, https:\/\/plazadetoroslamalagueta.com\/wp-content\/uploads\/2025\/04\/Accesos-1-300x225.jpeg 300w, https:\/\/plazadetoroslamalagueta.com\/wp-content\/uploads\/2025\/04\/Accesos-1.jpeg 2048w\" sizes=\"auto, (max-width: 1024px) 100vw, 1024px\" \/><\/div><\/div><\/div><\/div><\/div><\/div><\/section><section class=\"l-section wpb_row height_medium\"><div class=\"l-section-h i-cf\"><div class=\"g-cols vc_row via_grid cols_1 laptops-cols_inherit tablets-cols_inherit mobiles-cols_1 valign_top type_default stacking_default\"><div class=\"wpb_column vc_column_container\"><div class=\"vc_column-inner\"><div class=\"wpb_text_column\"><div class=\"wpb_wrapper\"><h4 class=\"\" data-start=\"224\" data-end=\"239\">\ud83d\udeb6 On foot<\/h4>\n<p class=\"\" data-start=\"240\" data-end=\"475\">If you are walking from the historic center of Malaga, it will only take you a few minutes. Head towards Paseo del Parque and cross over to Paseo de Reding. Once there, take Calle Maestranza&#8230; and you will see Puerta 8 right in front of you!<\/p>\n<h4 class=\"\" data-start=\"477\" data-end=\"492\">\ud83d\ude87 Metro<\/h4>\n<p class=\"\" data-start=\"493\" data-end=\"638\">The nearest station is <strong data-start=\"520\" data-end=\"533\">La Marina<\/strong> (connection with several bus lines). From there you can walk to the square in about 10-15 minutes.<\/p>\n<h4 class=\"\" data-start=\"640\" data-end=\"658\">\ud83d\ude97 By car<\/h4>\n<p class=\"\" data-start=\"659\" data-end=\"835\">You can easily reach it from anywhere in the city. There are several public parking lots in the area, such as<a href=\"https:\/\/www.google.com\/maps\/place\/Parking+Cervantes\/@36.7199431,-4.4113593,18z\/data=!3m1!4b1!4m6!3m5!1s0xd72f7e851c0d25d:0xa790e9ae4295e629!8m2!3d36.719941!4d-4.4100718!16s%2Fg%2F11dxr2byq7?entry=tts&amp;g_ep=EgoyMDI0MTAyOS4wIPu8ASoASAFQAw%3D%3D\"> <strong data-start=\"769\" data-end=\"790\">Parking Cervantes<\/strong>,<\/a> located just 3 minutes walk from the square. On days of bullfight it gets full very soon so you should arrive at least 1-2 hours before the show.<br \/>\nAnother parking nearby is the <a href=\"https:\/\/maps.app.goo.gl\/ghoMDZqTJLgXyhW29\" target=\"_blank\" rel=\"noopener\"><strong>Muelle Uno Parking<\/strong><\/a>, at only 5 mn walk from the bullring.<\/p>\n<h4 class=\"\" data-start=\"1056\" data-end=\"1084\">\ud83d\ude8c Public transportation<\/h4>\n<p class=\"\" data-start=\"1085\" data-end=\"1231\">Bus lines <strong data-start=\"1107\" data-end=\"1125\">3, 11, 32 and C1<\/strong> have stops very close to La Malagueta, which facilitates access from any part of the city.<\/p>\n<h4 class=\"\" data-start=\"837\" data-end=\"866\">\ud83d\udccd Once in the square<\/h4>\n<p class=\"\" data-start=\"867\" data-end=\"1054\">If you are already in the area, you will see that everything is very well connected. The<a href=\"https:\/\/www.google.com\/maps\/place\/Parking+Cervantes\/@36.7199431,-4.4113593,18z\/data=!3m1!4b1!4m6!3m5!1s0xd72f7e851c0d25d:0xa790e9ae4295e629!8m2!3d36.719941!4d-4.4100718!16s%2Fg%2F11dxr2byq7?entry=tts&amp;g_ep=EgoyMDI0MTAyOS4wIPu8ASoASAFQAw%3D%3D\"> <strong data-start=\"934\" data-end=\"955\">Cervantes Parking<\/strong><\/a> is very close, and you can access the square from different points walking just a few minutes.<\/p>\n<\/div><\/div><\/div><\/div><\/div><\/div><\/section><section class=\"l-section wpb_row height_medium\"><div class=\"l-section-h i-cf\"><div class=\"g-cols vc_row via_grid cols_1 laptops-cols_inherit tablets-cols_inherit mobiles-cols_1 valign_top type_default stacking_default\"><div class=\"wpb_column vc_column_container\"><div class=\"vc_column-inner\"><div class=\"w-btn-wrapper align_center\"><a class=\"w-btn us-btn-style_1\" href=\"https:\/\/www.google.com\/maps\/dir\/\/P.\u00ba+Reding,+20,+M\u00e1laga-Este,+29016+M\u00e1laga\/@36.7203393,-4.4931792,12z\/data=!4m8!4m7!1m0!1m5!1m1!1s0xd72f7935401fe63:0xfc93f099e1e1a029!2m2!1d-4.4107781!2d36.7203677?entry=ttu&amp;g_ep=EgoyMDI1MDMyNS4xIKXMDSoASAFQAw==\"><span class=\"w-btn-label\">How to get to Malaga Bullring<\/span><\/a><\/div><\/div><\/div><\/div><\/div><\/section><section class=\"l-section wpb_row us_custom_eac59c77 height_medium\"><div class=\"l-section-h i-cf\"><div class=\"g-cols vc_row via_grid cols_1 laptops-cols_inherit tablets-cols_inherit mobiles-cols_1 valign_top type_default stacking_default\"><div class=\"wpb_column vc_column_container\"><div class=\"vc_column-inner\"><div class=\"wpb_text_column\"><div class=\"wpb_wrapper\"><h2 style=\"text-align: center;\">Access<\/h2>\n<\/div><\/div><\/div><\/div><\/div><\/div><\/section><section class=\"l-section wpb_row us_custom_c3176bcd has_text_color height_medium\"><div class=\"l-section-h i-cf\"><div class=\"g-cols vc_row via_grid cols_4 laptops-cols_inherit tablets-cols_inherit mobiles-cols_1 valign_top type_default stacking_default\"><div class=\"wpb_column vc_column_container\"><div class=\"vc_column-inner\"><div class=\"w-iconbox iconpos_top style_default color_primary align_center no_text\"><div class=\"w-iconbox-icon\" style=\"font-size:2rem;\"><i class=\"fas fa-toilet\"><\/i><\/div><div class=\"w-iconbox-meta\"><h4 class=\"w-iconbox-title\">Toilets<\/h4><\/div><\/div><\/div><\/div><div class=\"wpb_column vc_column_container\"><div class=\"vc_column-inner\"><div class=\"w-iconbox iconpos_top style_default color_primary align_center no_text\"><div class=\"w-iconbox-icon\" style=\"font-size:2rem;\"><i class=\"fas fa-couch\"><\/i><\/div><div class=\"w-iconbox-meta\"><h4 class=\"w-iconbox-title\">Rest area<\/h4><\/div><\/div><\/div><\/div><div class=\"wpb_column vc_column_container\"><div class=\"vc_column-inner\"><div class=\"w-iconbox iconpos_top style_default color_primary align_center no_text\"><div class=\"w-iconbox-icon\" style=\"font-size:2rem;\"><i class=\"fas fa-wheelchair\"><\/i><\/div><div class=\"w-iconbox-meta\"><h4 class=\"w-iconbox-title\">Adapted access<\/h4><\/div><\/div><\/div><\/div><div class=\"wpb_column vc_column_container\"><div class=\"vc_column-inner\"><div class=\"w-iconbox iconpos_top style_default color_primary align_center no_text\"><div class=\"w-iconbox-icon\" style=\"font-size:2rem;\"><i class=\"fas fa-bags-shopping\"><\/i><\/div><div class=\"w-iconbox-meta\"><h4 class=\"w-iconbox-title\">Gift store<\/h4><\/div><\/div><\/div><\/div><\/div><\/div><\/section><section class=\"l-section wpb_row us_custom_eac59c77 height_medium\"><div class=\"l-section-h i-cf\"><div class=\"g-cols vc_row via_grid cols_2 laptops-cols_inherit tablets-cols_inherit mobiles-cols_1 valign_top type_default stacking_default\"><div class=\"wpb_column vc_column_container\"><div class=\"vc_column-inner\"><div class=\"w-image align_none\"><div class=\"w-image-h\"><img decoding=\"async\" width=\"300\" height=\"300\" src=\"https:\/\/plazadetoroslamalagueta.com\/wp-content\/uploads\/2025\/03\/Accesos-300x300.jpg\" class=\"attachment-woocommerce_thumbnail size-woocommerce_thumbnail\" alt=\"\" loading=\"lazy\" srcset=\"https:\/\/plazadetoroslamalagueta.com\/wp-content\/uploads\/2025\/03\/Accesos-300x301.jpg 300w, https:\/\/plazadetoroslamalagueta.com\/wp-content\/uploads\/2025\/03\/Accesos-150x150.jpg 150w, https:\/\/plazadetoroslamalagueta.com\/wp-content\/uploads\/2025\/03\/Accesos.jpg 663w\" sizes=\"auto, (max-width: 300px) 100vw, 300px\" \/><\/div><\/div><\/div><\/div><div class=\"wpb_column vc_column_container\"><div class=\"vc_column-inner\"><div class=\"wpb_text_column\"><div class=\"wpb_wrapper\"><div class=\"wpb_text_column\">\n<div class=\"wpb_wrapper\">\n<p><strong>Transportation:<\/strong><\/p>\n<ul>\n<li><strong>Buses:<\/strong><span> <\/span>3 &#8211; 11 &#8211; 32 &#8211; 33 &#8211; 34 &#8211; 35 &#8211; N1<\/li>\n<li><strong>Paid parking:<\/strong><span> <\/span><a href=\"https:\/\/maps.app.goo.gl\/wNagaRowDP7UYogN8\" target=\"_blank\" rel=\"noopener\">Parking cervantes<\/a>, next to the bullring.<\/li>\n<\/ul>\n<p><strong>Handicapped accessibility:<\/strong><\/p>\n<ul>\n<li><b>Elevators:<span> <\/span><\/b>Yes<\/li>\n<li><strong>Adapted access:<\/strong><span> <\/span>Yes<\/li>\n<\/ul>\n<\/div>\n<\/div>\n<div class=\"w-iconbox us_custom_87dbcd4c iconpos_left style_default color_primary align_left no_text\">\n<div class=\"w-iconbox-meta\">\n<p class=\"w-iconbox-title\">\n<\/div>\n<\/div>\n<\/div><\/div><\/div><\/div><\/div><\/div><\/section><section class=\"l-section wpb_row height_medium\"><div class=\"l-section-h i-cf\"><div class=\"g-cols vc_row via_grid cols_1 laptops-cols_inherit tablets-cols_inherit mobiles-cols_1 valign_top type_default stacking_default\"><div class=\"wpb_column vc_column_container\"><div class=\"vc_column-inner\"><div class=\"w-gallery fit_cover type_grid ratio_1x1 count_8\" style=\"--columns:4;--items-gap:10px;\"><div class=\"w-gallery-list\"><div class=\"w-gallery-item\"><div class=\"w-gallery-item-img\"><img loading=\"lazy\" decoding=\"async\" width=\"683\" height=\"1024\" src=\"https:\/\/plazadetoroslamalagueta.com\/wp-content\/uploads\/2025\/04\/La-Malagueta-Tour-CEIT-11-683x1024.jpg\" class=\"attachment-large size-large\" alt=\"\" srcset=\"https:\/\/plazadetoroslamalagueta.com\/wp-content\/uploads\/2025\/04\/La-Malagueta-Tour-CEIT-11-683x1024.jpg 683w, https:\/\/plazadetoroslamalagueta.com\/wp-content\/uploads\/2025\/04\/La-Malagueta-Tour-CEIT-11-200x300.jpg 200w, https:\/\/plazadetoroslamalagueta.com\/wp-content\/uploads\/2025\/04\/La-Malagueta-Tour-CEIT-11-300x450.jpg 300w, https:\/\/plazadetoroslamalagueta.com\/wp-content\/uploads\/2025\/04\/La-Malagueta-Tour-CEIT-11-scaled.jpg 1707w\" sizes=\"auto, (max-width: 683px) 100vw, 683px\" \/><\/div><\/div><div class=\"w-gallery-item\"><div class=\"w-gallery-item-img\"><img loading=\"lazy\" decoding=\"async\" width=\"683\" height=\"1024\" src=\"https:\/\/plazadetoroslamalagueta.com\/wp-content\/uploads\/2025\/04\/La-Malagueta-Tour-CEIT-1-683x1024.jpg\" class=\"attachment-large size-large\" alt=\"\" srcset=\"https:\/\/plazadetoroslamalagueta.com\/wp-content\/uploads\/2025\/04\/La-Malagueta-Tour-CEIT-1-683x1024.jpg 683w, https:\/\/plazadetoroslamalagueta.com\/wp-content\/uploads\/2025\/04\/La-Malagueta-Tour-CEIT-1-200x300.jpg 200w, https:\/\/plazadetoroslamalagueta.com\/wp-content\/uploads\/2025\/04\/La-Malagueta-Tour-CEIT-1-300x450.jpg 300w, https:\/\/plazadetoroslamalagueta.com\/wp-content\/uploads\/2025\/04\/La-Malagueta-Tour-CEIT-1-scaled.jpg 1707w\" sizes=\"auto, (max-width: 683px) 100vw, 683px\" \/><\/div><\/div><div class=\"w-gallery-item\"><div class=\"w-gallery-item-img\"><img loading=\"lazy\" decoding=\"async\" width=\"683\" height=\"1024\" src=\"https:\/\/plazadetoroslamalagueta.com\/wp-content\/uploads\/2025\/04\/La-Malagueta-Tour-CEIT-6-683x1024.jpg\" class=\"attachment-large size-large\" alt=\"\" srcset=\"https:\/\/plazadetoroslamalagueta.com\/wp-content\/uploads\/2025\/04\/La-Malagueta-Tour-CEIT-6-683x1024.jpg 683w, https:\/\/plazadetoroslamalagueta.com\/wp-content\/uploads\/2025\/04\/La-Malagueta-Tour-CEIT-6-200x300.jpg 200w, https:\/\/plazadetoroslamalagueta.com\/wp-content\/uploads\/2025\/04\/La-Malagueta-Tour-CEIT-6-300x450.jpg 300w, https:\/\/plazadetoroslamalagueta.com\/wp-content\/uploads\/2025\/04\/La-Malagueta-Tour-CEIT-6-scaled.jpg 1707w\" sizes=\"auto, (max-width: 683px) 100vw, 683px\" \/><\/div><\/div><div class=\"w-gallery-item\"><div class=\"w-gallery-item-img\"><img loading=\"lazy\" decoding=\"async\" width=\"683\" height=\"1024\" src=\"https:\/\/plazadetoroslamalagueta.com\/wp-content\/uploads\/2025\/04\/La-Malagueta-Tour-CEIT-10-683x1024.jpg\" class=\"attachment-large size-large\" alt=\"\" srcset=\"https:\/\/plazadetoroslamalagueta.com\/wp-content\/uploads\/2025\/04\/La-Malagueta-Tour-CEIT-10-683x1024.jpg 683w, https:\/\/plazadetoroslamalagueta.com\/wp-content\/uploads\/2025\/04\/La-Malagueta-Tour-CEIT-10-200x300.jpg 200w, https:\/\/plazadetoroslamalagueta.com\/wp-content\/uploads\/2025\/04\/La-Malagueta-Tour-CEIT-10-300x450.jpg 300w, https:\/\/plazadetoroslamalagueta.com\/wp-content\/uploads\/2025\/04\/La-Malagueta-Tour-CEIT-10-scaled.jpg 1707w\" sizes=\"auto, (max-width: 683px) 100vw, 683px\" \/><\/div><\/div><div class=\"w-gallery-item\"><div class=\"w-gallery-item-img\"><img loading=\"lazy\" decoding=\"async\" width=\"1024\" height=\"683\" src=\"https:\/\/plazadetoroslamalagueta.com\/wp-content\/uploads\/2025\/04\/La-Malagueta-Tour-CEIT-4-1024x683.jpg\" class=\"attachment-large size-large\" alt=\"\" srcset=\"https:\/\/plazadetoroslamalagueta.com\/wp-content\/uploads\/2025\/04\/La-Malagueta-Tour-CEIT-4-1024x683.jpg 1024w, https:\/\/plazadetoroslamalagueta.com\/wp-content\/uploads\/2025\/04\/La-Malagueta-Tour-CEIT-4-300x200.jpg 300w\" sizes=\"auto, (max-width: 1024px) 100vw, 1024px\" \/><\/div><\/div><div class=\"w-gallery-item\"><div class=\"w-gallery-item-img\"><img loading=\"lazy\" decoding=\"async\" width=\"1024\" height=\"683\" src=\"https:\/\/plazadetoroslamalagueta.com\/wp-content\/uploads\/2025\/04\/La-Malagueta-Tour-CEIT-5-1024x683.jpg\" class=\"attachment-large size-large\" alt=\"\" srcset=\"https:\/\/plazadetoroslamalagueta.com\/wp-content\/uploads\/2025\/04\/La-Malagueta-Tour-CEIT-5-1024x683.jpg 1024w, https:\/\/plazadetoroslamalagueta.com\/wp-content\/uploads\/2025\/04\/La-Malagueta-Tour-CEIT-5-300x200.jpg 300w\" sizes=\"auto, (max-width: 1024px) 100vw, 1024px\" \/><\/div><\/div><div class=\"w-gallery-item\"><div class=\"w-gallery-item-img\"><img loading=\"lazy\" decoding=\"async\" width=\"1024\" height=\"683\" src=\"https:\/\/plazadetoroslamalagueta.com\/wp-content\/uploads\/2025\/04\/La-Malagueta-Tour-CEIT-12-1024x683.jpg\" class=\"attachment-large size-large\" alt=\"\" srcset=\"https:\/\/plazadetoroslamalagueta.com\/wp-content\/uploads\/2025\/04\/La-Malagueta-Tour-CEIT-12-1024x683.jpg 1024w, https:\/\/plazadetoroslamalagueta.com\/wp-content\/uploads\/2025\/04\/La-Malagueta-Tour-CEIT-12-300x200.jpg 300w\" sizes=\"auto, (max-width: 1024px) 100vw, 1024px\" \/><\/div><\/div><div class=\"w-gallery-item\"><div class=\"w-gallery-item-img\"><img loading=\"lazy\" decoding=\"async\" width=\"1024\" height=\"683\" src=\"https:\/\/plazadetoroslamalagueta.com\/wp-content\/uploads\/2025\/04\/La-Malagueta-Tour-CEIT-14-1024x683.jpg\" class=\"attachment-large size-large\" alt=\"\" srcset=\"https:\/\/plazadetoroslamalagueta.com\/wp-content\/uploads\/2025\/04\/La-Malagueta-Tour-CEIT-14-1024x683.jpg 1024w, https:\/\/plazadetoroslamalagueta.com\/wp-content\/uploads\/2025\/04\/La-Malagueta-Tour-CEIT-14-300x200.jpg 300w\" sizes=\"auto, (max-width: 1024px) 100vw, 1024px\" \/><\/div><\/div><\/div><\/div><\/div><\/div><\/div><\/div><\/section>\n","protected":false},"excerpt":{"rendered":"How to get to Malaga Bullring The Malaga bullring is located in the Malagueta neighborhood, and has the same name: La Malagueta bullring. If you want to visit the bullring and its museum, you should go to Gate 8 of the bullring, located on Maestranza Street. If you want to buy tickets for a bullfight...","protected":false},"author":4,"featured_media":0,"parent":0,"menu_order":0,"comment_status":"closed","ping_status":"closed","template":"","meta":{"footnotes":""},"class_list":["post-25013","page","type-page","status-publish","hentry"],"yoast_head":"<!-- This site is optimized with the Yoast SEO plugin v27.4 - https:\/\/yoast.com\/product\/yoast-seo-wordpress\/ -->\n<title>How to Get Here - Access to Malaga Plaza de Toros<\/title>\n<meta name=\"description\" content=\"How to get to Malaga Plaza de Toros - Indications for the visits of Malaga Bullring and Museum and the August Fair.\" \/>\n<meta name=\"robots\" content=\"index, follow, max-snippet:-1, max-image-preview:large, max-video-preview:-1\" \/>\n<link rel=\"canonical\" href=\"https:\/\/plazadetoroslamalagueta.com\/en\/how-to-get-here\/\" \/>\n<meta property=\"og:locale\" content=\"en_US\" \/>\n<meta property=\"og:type\" content=\"article\" \/>\n<meta property=\"og:title\" content=\"How to Get Here - Access to Malaga Plaza de Toros\" \/>\n<meta property=\"og:description\" content=\"How to get to Malaga Plaza de Toros - Indications for the visits of Malaga Bullring and Museum and the August Fair.\" \/>\n<meta property=\"og:url\" content=\"https:\/\/plazadetoroslamalagueta.com\/en\/how-to-get-here\/\" \/>\n<meta property=\"og:site_name\" content=\"Plaza de Toros La Malagueta\" \/>\n<meta property=\"article:modified_time\" content=\"2026-02-15T10:21:07+00:00\" \/>\n<meta property=\"og:image\" content=\"https:\/\/plazadetoroslamalagueta.com\/wp-content\/uploads\/2023\/03\/Diseno-sin-titulo.jpeg\" \/>\n\t<meta property=\"og:image:width\" content=\"1200\" \/>\n\t<meta property=\"og:image:height\" content=\"675\" \/>\n\t<meta property=\"og:image:type\" content=\"image\/jpeg\" \/>\n<meta name=\"twitter:card\" content=\"summary_large_image\" \/>\n<meta name=\"twitter:label1\" content=\"Est. reading time\" \/>\n\t<meta name=\"twitter:data1\" content=\"2 minutes\" \/>\n<script type=\"application\/ld+json\" class=\"yoast-schema-graph\">{\"@context\":\"https:\\\/\\\/schema.org\",\"@graph\":[{\"@type\":\"WebPage\",\"@id\":\"https:\\\/\\\/plazadetoroslamalagueta.com\\\/en\\\/how-to-get-here\\\/\",\"url\":\"https:\\\/\\\/plazadetoroslamalagueta.com\\\/en\\\/how-to-get-here\\\/\",\"name\":\"How to Get Here - Access to Malaga Plaza de Toros\",\"isPartOf\":{\"@id\":\"https:\\\/\\\/plazadetoroslamalagueta.com\\\/en\\\/#website\"},\"datePublished\":\"2025-04-01T08:31:41+00:00\",\"dateModified\":\"2026-02-15T10:21:07+00:00\",\"description\":\"How to get to Malaga Plaza de Toros - Indications for the visits of Malaga Bullring and Museum and the August Fair.\",\"breadcrumb\":{\"@id\":\"https:\\\/\\\/plazadetoroslamalagueta.com\\\/en\\\/how-to-get-here\\\/#breadcrumb\"},\"inLanguage\":\"en-US\",\"potentialAction\":[{\"@type\":\"ReadAction\",\"target\":[\"https:\\\/\\\/plazadetoroslamalagueta.com\\\/en\\\/how-to-get-here\\\/\"]}]},{\"@type\":\"BreadcrumbList\",\"@id\":\"https:\\\/\\\/plazadetoroslamalagueta.com\\\/en\\\/how-to-get-here\\\/#breadcrumb\",\"itemListElement\":[{\"@type\":\"ListItem\",\"position\":1,\"name\":\"Inicio\",\"item\":\"https:\\\/\\\/plazadetoroslamalagueta.com\\\/en\\\/\"},{\"@type\":\"ListItem\",\"position\":2,\"name\":\"How to Get Here\"}]},{\"@type\":\"WebSite\",\"@id\":\"https:\\\/\\\/plazadetoroslamalagueta.com\\\/en\\\/#website\",\"url\":\"https:\\\/\\\/plazadetoroslamalagueta.com\\\/en\\\/\",\"name\":\"Plaza de Toros de la Malagueta\",\"description\":\"La Plaza de Toros de M\u00e1laga, de nombre La Malagueta, es un edificio reconocido Bien de Inter\u00e9s Cultural, que ofrece visitas tur\u00edsticas y corridas de toros y otros tipos de espect\u00e1culo durante todo el a\u00f1o.\",\"publisher\":{\"@id\":\"https:\\\/\\\/plazadetoroslamalagueta.com\\\/en\\\/#organization\"},\"alternateName\":\"Plaza de Toros M\u00e1laga\",\"potentialAction\":[{\"@type\":\"SearchAction\",\"target\":{\"@type\":\"EntryPoint\",\"urlTemplate\":\"https:\\\/\\\/plazadetoroslamalagueta.com\\\/en\\\/?s={search_term_string}\"},\"query-input\":{\"@type\":\"PropertyValueSpecification\",\"valueRequired\":true,\"valueName\":\"search_term_string\"}}],\"inLanguage\":\"en-US\"},{\"@type\":\"Organization\",\"@id\":\"https:\\\/\\\/plazadetoroslamalagueta.com\\\/en\\\/#organization\",\"name\":\"Plaza de Toros la Malagueta\",\"url\":\"https:\\\/\\\/plazadetoroslamalagueta.com\\\/en\\\/\",\"logo\":{\"@type\":\"ImageObject\",\"inLanguage\":\"en-US\",\"@id\":\"https:\\\/\\\/plazadetoroslamalagueta.com\\\/en\\\/#\\\/schema\\\/logo\\\/image\\\/\",\"url\":\"https:\\\/\\\/plazadetoroslamalagueta.com\\\/wp-content\\\/uploads\\\/2024\\\/02\\\/Logo-plaza-toros.webp\",\"contentUrl\":\"https:\\\/\\\/plazadetoroslamalagueta.com\\\/wp-content\\\/uploads\\\/2024\\\/02\\\/Logo-plaza-toros.webp\",\"width\":100,\"height\":100,\"caption\":\"Plaza de Toros la Malagueta\"},\"image\":{\"@id\":\"https:\\\/\\\/plazadetoroslamalagueta.com\\\/en\\\/#\\\/schema\\\/logo\\\/image\\\/\"}}]}<\/script>\n<!-- \/ Yoast SEO plugin. -->","yoast_head_json":{"title":"How to Get Here - Access to Malaga Plaza de Toros","description":"How to get to Malaga Plaza de Toros - Indications for the visits of Malaga Bullring and Museum and the August Fair.","robots":{"index":"index","follow":"follow","max-snippet":"max-snippet:-1","max-image-preview":"max-image-preview:large","max-video-preview":"max-video-preview:-1"},"canonical":"https:\/\/plazadetoroslamalagueta.com\/en\/how-to-get-here\/","og_locale":"en_US","og_type":"article","og_title":"How to Get Here - Access to Malaga Plaza de Toros","og_description":"How to get to Malaga Plaza de Toros - Indications for the visits of Malaga Bullring and Museum and the August Fair.","og_url":"https:\/\/plazadetoroslamalagueta.com\/en\/how-to-get-here\/","og_site_name":"Plaza de Toros La Malagueta","article_modified_time":"2026-02-15T10:21:07+00:00","og_image":[{"width":1200,"height":675,"url":"https:\/\/plazadetoroslamalagueta.com\/wp-content\/uploads\/2023\/03\/Diseno-sin-titulo.jpeg","type":"image\/jpeg"}],"twitter_card":"summary_large_image","twitter_misc":{"Est. reading time":"2 minutes"},"schema":{"@context":"https:\/\/schema.org","@graph":[{"@type":"WebPage","@id":"https:\/\/plazadetoroslamalagueta.com\/en\/how-to-get-here\/","url":"https:\/\/plazadetoroslamalagueta.com\/en\/how-to-get-here\/","name":"How to Get Here - Access to Malaga Plaza de Toros","isPartOf":{"@id":"https:\/\/plazadetoroslamalagueta.com\/en\/#website"},"datePublished":"2025-04-01T08:31:41+00:00","dateModified":"2026-02-15T10:21:07+00:00","description":"How to get to Malaga Plaza de Toros - Indications for the visits of Malaga Bullring and Museum and the August Fair.","breadcrumb":{"@id":"https:\/\/plazadetoroslamalagueta.com\/en\/how-to-get-here\/#breadcrumb"},"inLanguage":"en-US","potentialAction":[{"@type":"ReadAction","target":["https:\/\/plazadetoroslamalagueta.com\/en\/how-to-get-here\/"]}]},{"@type":"BreadcrumbList","@id":"https:\/\/plazadetoroslamalagueta.com\/en\/how-to-get-here\/#breadcrumb","itemListElement":[{"@type":"ListItem","position":1,"name":"Inicio","item":"https:\/\/plazadetoroslamalagueta.com\/en\/"},{"@type":"ListItem","position":2,"name":"How to Get Here"}]},{"@type":"WebSite","@id":"https:\/\/plazadetoroslamalagueta.com\/en\/#website","url":"https:\/\/plazadetoroslamalagueta.com\/en\/","name":"Plaza de Toros de la Malagueta","description":"La Plaza de Toros de M\u00e1laga, de nombre La Malagueta, es un edificio reconocido Bien de Inter\u00e9s Cultural, que ofrece visitas tur\u00edsticas y corridas de toros y otros tipos de espect\u00e1culo durante todo el a\u00f1o.","publisher":{"@id":"https:\/\/plazadetoroslamalagueta.com\/en\/#organization"},"alternateName":"Plaza de Toros M\u00e1laga","potentialAction":[{"@type":"SearchAction","target":{"@type":"EntryPoint","urlTemplate":"https:\/\/plazadetoroslamalagueta.com\/en\/?s={search_term_string}"},"query-input":{"@type":"PropertyValueSpecification","valueRequired":true,"valueName":"search_term_string"}}],"inLanguage":"en-US"},{"@type":"Organization","@id":"https:\/\/plazadetoroslamalagueta.com\/en\/#organization","name":"Plaza de Toros la Malagueta","url":"https:\/\/plazadetoroslamalagueta.com\/en\/","logo":{"@type":"ImageObject","inLanguage":"en-US","@id":"https:\/\/plazadetoroslamalagueta.com\/en\/#\/schema\/logo\/image\/","url":"https:\/\/plazadetoroslamalagueta.com\/wp-content\/uploads\/2024\/02\/Logo-plaza-toros.webp","contentUrl":"https:\/\/plazadetoroslamalagueta.com\/wp-content\/uploads\/2024\/02\/Logo-plaza-toros.webp","width":100,"height":100,"caption":"Plaza de Toros la Malagueta"},"image":{"@id":"https:\/\/plazadetoroslamalagueta.com\/en\/#\/schema\/logo\/image\/"}}]}},"_links":{"self":[{"href":"https:\/\/plazadetoroslamalagueta.com\/en\/wp-json\/wp\/v2\/pages\/25013","targetHints":{"allow":["GET"]}}],"collection":[{"href":"https:\/\/plazadetoroslamalagueta.com\/en\/wp-json\/wp\/v2\/pages"}],"about":[{"href":"https:\/\/plazadetoroslamalagueta.com\/en\/wp-json\/wp\/v2\/types\/page"}],"author":[{"embeddable":true,"href":"https:\/\/plazadetoroslamalagueta.com\/en\/wp-json\/wp\/v2\/users\/4"}],"replies":[{"embeddable":true,"href":"https:\/\/plazadetoroslamalagueta.com\/en\/wp-json\/wp\/v2\/comments?post=25013"}],"version-history":[{"count":8,"href":"https:\/\/plazadetoroslamalagueta.com\/en\/wp-json\/wp\/v2\/pages\/25013\/revisions"}],"predecessor-version":[{"id":35011,"href":"https:\/\/plazadetoroslamalagueta.com\/en\/wp-json\/wp\/v2\/pages\/25013\/revisions\/35011"}],"wp:attachment":[{"href":"https:\/\/plazadetoroslamalagueta.com\/en\/wp-json\/wp\/v2\/media?parent=25013"}],"curies":[{"name":"wp","href":"https:\/\/api.w.org\/{rel}","templated":true}]}}