{"id":22316,"date":"2023-06-20T11:30:58","date_gmt":"2023-06-20T11:30:58","guid":{"rendered":"https:\/\/plazadetoroslamalagueta.com\/producto\/vip-einzelkarten-2025\/"},"modified":"2026-03-17T13:41:11","modified_gmt":"2026-03-17T12:41:11","slug":"vip-tickets","status":"publish","type":"product","link":"https:\/\/plazadetoroslamalagueta.com\/de\/producto\/vip-tickets\/","title":{"rendered":"VIP-Tickets"},"content":{"rendered":"<section class=\"l-section wpb_row height_medium\"><div class=\"l-section-h i-cf\"><div class=\"g-cols vc_row via_grid cols_2 laptops-cols_inherit tablets-cols_inherit mobiles-cols_1 valign_top type_default stacking_default\"><div class=\"wpb_column vc_column_container\"><div class=\"vc_column-inner\"><div class=\"wpb_text_column\"><div class=\"wpb_wrapper\"><h2>Premium-VIP-Tickets<\/h2>\n<p>Mit Ihren individuellen VIP-Tickets genie\u00dfen Sie den Komfort einer VIP-Loge in der Stierkampfarena von M\u00e1laga, die sich in der ersten oder zweiten Etage befindet. Sie werden den Stierkampf auf die bequemste Art und Weise verfolgen k\u00f6nnen und den Stierkampf wie nie zuvor genie\u00dfen.<\/p>\n<p>Das Beste daran ist, dass <strong>Sie<\/strong> mit diesen Tickets <strong>nicht eine<\/strong> ganze <strong>Loge buchen m\u00fcssen<\/strong>, sondern zwei einzelne Pl\u00e4tze in der Loge zur Verf\u00fcgung haben.<\/p>\n<p>Sichern Sie sich Ihre, bevor sie ausverkauft sind!<\/p>\n<h2>Premium Verpflegung<\/h2>\n<ul>\n<li>Unbegrenzt hochwertige Speisen und Getr\u00e4nke<\/li>\n<li>Hei\u00dfe Vorspeisen<\/li>\n<li>Wurstwaren und Premium-K\u00e4se<\/li>\n<li>Tapas Auswahl<\/li>\n<li>Desserts<\/li>\n<\/ul>\n<h2>Erlebnisse inbegriffen<\/h2>\n<p>Zus\u00e4tzlich zu den Sitzpl\u00e4tzen f\u00fcr den Stierkampf beinhalten Ihre Tickets f\u00fcr La Malagueta ein einzigartiges Erlebnis f\u00fcr Sie und Ihre G\u00e4ste:<\/p>\n<ul>\n<li><strong>Private F\u00fchrung<\/strong><span> <\/span>vor dem Stierkampf, die es Ihnen erm\u00f6glicht, die unbekanntesten Ecken der Stierkampfarena kennenzulernen: Burladero, Kapelle, Stierkampfarena, Stierkampfarena und das neue immersive Museum.<\/li>\n<\/ul>\n<\/div><\/div><\/div><\/div><div class=\"wpb_column vc_column_container type_sticky\"><div class=\"vc_column-inner\"><div class=\"w-vwrapper us_custom_3f2a09fa has_text_color align_none valign_top\"><div class=\"wpb_text_column\"><div class=\"wpb_wrapper\"><h3 style=\"text-align: center;\">Verbleibende Zeit<\/h3>\n<\/div><\/div><style>#count-down-wrap-6911 .ult_countdown-amount { font-weight:normal;  font-family : ;\tcolor: ; } #count-down-wrap-6911 .ult_countdown-period{font-weight:normal;\tcolor: ;\tfont-family: ;}<\/style><div  data-ultimate-target='#count-down-wrap-6911 .ult_countdown-period'  data-responsive-json-new='{\"font-size\":\"desktop:13px;\",\"line-height\":\"\"}'  class=\"ult-responsive ult_countdown   ult-cd-no-border ult-cd-s1\"><div id=\"count-down-wrap-6911\"  class=\"ult-responsive ult_countdown-div ult_countdown-dateAndTime ult-wptz\" data-labels=\"Years,Months,Weeks,Days,Hours,Minutes,Seconds\" data-labels2=\"Year,Month,Week,Day,Hour,Minute,Second\"  data-terminal-date=\"2026\/04\/04 18:00:00\" data-countformat=\"DHMS\" data-time-zone=\"2\" data-time-now=\"2026\/04\/15 22:38:38\"  data-tick-col=\"\"   data-ultimate-target='#count-down-wrap-6911 .ult_countdown-amount'  data-responsive-json-new='{\"font-size\":\"desktop:36px;\",\"line-height\":\"\"}'  data-tick-p-col=\"\"  data-tick-style=\"font-weight:normal;\"  data-tick-p-style=\"\"  data-bg-color=\"\" data-br-radius=\"\" data-padd=\"0\" >2026\/04\/04 18:00:00<\/div><\/div><div class=\"w-separator size_small\"><\/div><div class=\"wpb_text_column\"><div class=\"wpb_wrapper\"><h2 style=\"text-align: left;\">Haben Sie Zweifel?<\/h2>\n<p style=\"text-align: left;\">Unser Kundenservice steht Ihnen f\u00fcr alle Fragen zur Verf\u00fcgung:<\/p>\n<\/div><\/div><div class=\"w-iconbox iconpos_left style_default color_primary align_left\"><div class=\"w-iconbox-icon\" style=\"font-size:2rem;\"><i class=\"fas fa-phone\"><\/i><\/div><div class=\"w-iconbox-meta\"><h4 class=\"w-iconbox-title\">Kontakt<\/h4><div class=\"w-iconbox-text\"><div class=\"wpb_column vc_column_container\">\n<div class=\"vc_column-inner\">\n<div class=\"w-iconbox iconpos_left style_default color_contrast align_left no_text\">\n<div class=\"w-iconbox-meta\">\n<div class=\"w-iconbox-title\">+34 679 58 35 36<\/div>\n<\/div>\n<\/div>\n<\/div>\n<\/div>\n<\/div><\/div><\/div><\/div><\/div><\/div><\/div><\/div><\/section>\n","protected":false},"excerpt":{"rendered":"<p><strong>In Ihrem Ticket enthalten:<\/strong><\/p>\n<ul>\n<li>Beinhaltet den Zugang zu einer gemeinsamen VIP-Loge im schattigen Bereich.<\/li>\n<li>Premium-Catering und Getr\u00e4nke<\/li>\n<li>Pers\u00f6nlicher Service und Zugang ohne Warteschlangen<\/li>\n<li>Privater Kellner\/Kellnerin f\u00fcr die Loge<\/li>\n<li>Gef\u00fchrte Tour durch die Stierkampfarena und das Museum in mehreren Sprachen<\/li>\n<\/ul>\n","protected":false},"featured_media":22318,"comment_status":"closed","ping_status":"closed","template":"","meta":[],"product_brand":[],"product_cat":[553],"product_tag":[],"class_list":{"0":"post-22316","1":"product","2":"type-product","3":"status-publish","4":"has-post-thumbnail","6":"product_cat-vip-boxen","8":"first","9":"outofstock","10":"taxable","11":"shipping-taxable","12":"product-type-variable"},"bundled_by":[],"bundle_stock_status":"outofstock","bundle_stock_quantity":null,"bundle_virtual":false,"bundle_layout":"","bundle_add_to_cart_form_location":"","bundle_editable_in_cart":false,"bundle_sold_individually_context":"","bundle_item_grouping":"","bundle_min_size":"","bundle_max_size":"","bundle_price":[],"bundled_items":[],"bundle_sell_ids":[],"yoast_head":"<!-- This site is optimized with the Yoast SEO plugin v27.4 - https:\/\/yoast.com\/product\/yoast-seo-wordpress\/ -->\n<title>VIP-Tickets f\u00fcr der Stierkampfarena Malaga | 4. April<\/title>\n<meta name=\"description\" content=\"Buchen Sie Ihre VIP Tickets f\u00fcr die VIP-Loge in der Stierkampfarena in Malaga und genie\u00dfen Sie die besten Stierkampfveranstaltungen mit Catering.\" \/>\n<meta name=\"robots\" content=\"index, follow, max-snippet:-1, max-image-preview:large, max-video-preview:-1\" \/>\n<link rel=\"canonical\" href=\"https:\/\/plazadetoroslamalagueta.com\/de\/producto\/vip-tickets\/\" \/>\n<meta property=\"og:locale\" content=\"de_DE\" \/>\n<meta property=\"og:type\" content=\"article\" \/>\n<meta property=\"og:title\" content=\"VIP-Tickets f\u00fcr der Stierkampfarena Malaga | 4. April\" \/>\n<meta property=\"og:description\" content=\"Buchen Sie Ihre VIP Tickets f\u00fcr die VIP-Loge in der Stierkampfarena in Malaga und genie\u00dfen Sie die besten Stierkampfveranstaltungen mit Catering.\" \/>\n<meta property=\"og:url\" content=\"https:\/\/plazadetoroslamalagueta.com\/de\/producto\/vip-tickets\/\" \/>\n<meta property=\"og:site_name\" content=\"Plaza de Toros La Malagueta\" \/>\n<meta property=\"article:modified_time\" content=\"2026-03-17T12:41:11+00:00\" \/>\n<meta property=\"og:image\" content=\"https:\/\/plazadetoroslamalagueta.com\/wp-content\/uploads\/2023\/06\/Entrada-individual.webp\" \/>\n\t<meta property=\"og:image:width\" content=\"1080\" \/>\n\t<meta property=\"og:image:height\" content=\"1200\" \/>\n\t<meta property=\"og:image:type\" content=\"image\/webp\" \/>\n<meta name=\"twitter:card\" content=\"summary_large_image\" \/>\n<meta name=\"twitter:label1\" content=\"Gesch\u00e4tzte Lesezeit\" \/>\n\t<meta name=\"twitter:data1\" content=\"1\u00a0Minute\" \/>\n<script type=\"application\/ld+json\" class=\"yoast-schema-graph\">{\"@context\":\"https:\\\/\\\/schema.org\",\"@graph\":[{\"@type\":\"WebPage\",\"@id\":\"https:\\\/\\\/plazadetoroslamalagueta.com\\\/de\\\/producto\\\/vip-tickets\\\/\",\"url\":\"https:\\\/\\\/plazadetoroslamalagueta.com\\\/de\\\/producto\\\/vip-tickets\\\/\",\"name\":\"VIP-Tickets f\u00fcr der Stierkampfarena Malaga | 4. April\",\"isPartOf\":{\"@id\":\"https:\\\/\\\/plazadetoroslamalagueta.com\\\/de\\\/#website\"},\"primaryImageOfPage\":{\"@id\":\"https:\\\/\\\/plazadetoroslamalagueta.com\\\/de\\\/producto\\\/vip-tickets\\\/#primaryimage\"},\"image\":{\"@id\":\"https:\\\/\\\/plazadetoroslamalagueta.com\\\/de\\\/producto\\\/vip-tickets\\\/#primaryimage\"},\"thumbnailUrl\":\"https:\\\/\\\/plazadetoroslamalagueta.com\\\/wp-content\\\/uploads\\\/2023\\\/06\\\/Entrada-individual.webp\",\"datePublished\":\"2023-06-20T11:30:58+00:00\",\"dateModified\":\"2026-03-17T12:41:11+00:00\",\"description\":\"Buchen Sie Ihre VIP Tickets f\u00fcr die VIP-Loge in der Stierkampfarena in Malaga und genie\u00dfen Sie die besten Stierkampfveranstaltungen mit Catering.\",\"breadcrumb\":{\"@id\":\"https:\\\/\\\/plazadetoroslamalagueta.com\\\/de\\\/producto\\\/vip-tickets\\\/#breadcrumb\"},\"inLanguage\":\"de\",\"potentialAction\":[{\"@type\":\"ReadAction\",\"target\":[\"https:\\\/\\\/plazadetoroslamalagueta.com\\\/de\\\/producto\\\/vip-tickets\\\/\"]}]},{\"@type\":\"ImageObject\",\"inLanguage\":\"de\",\"@id\":\"https:\\\/\\\/plazadetoroslamalagueta.com\\\/de\\\/producto\\\/vip-tickets\\\/#primaryimage\",\"url\":\"https:\\\/\\\/plazadetoroslamalagueta.com\\\/wp-content\\\/uploads\\\/2023\\\/06\\\/Entrada-individual.webp\",\"contentUrl\":\"https:\\\/\\\/plazadetoroslamalagueta.com\\\/wp-content\\\/uploads\\\/2023\\\/06\\\/Entrada-individual.webp\",\"width\":1080,\"height\":1200},{\"@type\":\"BreadcrumbList\",\"@id\":\"https:\\\/\\\/plazadetoroslamalagueta.com\\\/de\\\/producto\\\/vip-tickets\\\/#breadcrumb\",\"itemListElement\":[{\"@type\":\"ListItem\",\"position\":1,\"name\":\"Inicio\",\"item\":\"https:\\\/\\\/plazadetoroslamalagueta.com\\\/de\\\/\"},{\"@type\":\"ListItem\",\"position\":2,\"name\":\"Shop\",\"item\":\"https:\\\/\\\/plazadetoroslamalagueta.com\\\/shop\\\/\"},{\"@type\":\"ListItem\",\"position\":3,\"name\":\"VIP-Boxen\",\"item\":\"https:\\\/\\\/plazadetoroslamalagueta.com\\\/de\\\/product-category\\\/vip-boxen\\\/\"},{\"@type\":\"ListItem\",\"position\":4,\"name\":\"VIP-Tickets\"}]},{\"@type\":\"WebSite\",\"@id\":\"https:\\\/\\\/plazadetoroslamalagueta.com\\\/de\\\/#website\",\"url\":\"https:\\\/\\\/plazadetoroslamalagueta.com\\\/de\\\/\",\"name\":\"Plaza de Toros de la Malagueta\",\"description\":\"La Plaza de Toros de M\u00e1laga, de nombre La Malagueta, es un edificio reconocido Bien de Inter\u00e9s Cultural, que ofrece visitas tur\u00edsticas y corridas de toros y otros tipos de espect\u00e1culo durante todo el a\u00f1o.\",\"publisher\":{\"@id\":\"https:\\\/\\\/plazadetoroslamalagueta.com\\\/de\\\/#organization\"},\"alternateName\":\"Plaza de Toros M\u00e1laga\",\"potentialAction\":[{\"@type\":\"SearchAction\",\"target\":{\"@type\":\"EntryPoint\",\"urlTemplate\":\"https:\\\/\\\/plazadetoroslamalagueta.com\\\/de\\\/?s={search_term_string}\"},\"query-input\":{\"@type\":\"PropertyValueSpecification\",\"valueRequired\":true,\"valueName\":\"search_term_string\"}}],\"inLanguage\":\"de\"},{\"@type\":\"Organization\",\"@id\":\"https:\\\/\\\/plazadetoroslamalagueta.com\\\/de\\\/#organization\",\"name\":\"Plaza de Toros la Malagueta\",\"url\":\"https:\\\/\\\/plazadetoroslamalagueta.com\\\/de\\\/\",\"logo\":{\"@type\":\"ImageObject\",\"inLanguage\":\"de\",\"@id\":\"https:\\\/\\\/plazadetoroslamalagueta.com\\\/de\\\/#\\\/schema\\\/logo\\\/image\\\/\",\"url\":\"https:\\\/\\\/plazadetoroslamalagueta.com\\\/wp-content\\\/uploads\\\/2024\\\/02\\\/Logo-plaza-toros.webp\",\"contentUrl\":\"https:\\\/\\\/plazadetoroslamalagueta.com\\\/wp-content\\\/uploads\\\/2024\\\/02\\\/Logo-plaza-toros.webp\",\"width\":100,\"height\":100,\"caption\":\"Plaza de Toros la Malagueta\"},\"image\":{\"@id\":\"https:\\\/\\\/plazadetoroslamalagueta.com\\\/de\\\/#\\\/schema\\\/logo\\\/image\\\/\"}}]}<\/script>\n<!-- \/ Yoast SEO plugin. -->","yoast_head_json":{"title":"VIP-Tickets f\u00fcr der Stierkampfarena Malaga | 4. April","description":"Buchen Sie Ihre VIP Tickets f\u00fcr die VIP-Loge in der Stierkampfarena in Malaga und genie\u00dfen Sie die besten Stierkampfveranstaltungen mit Catering.","robots":{"index":"index","follow":"follow","max-snippet":"max-snippet:-1","max-image-preview":"max-image-preview:large","max-video-preview":"max-video-preview:-1"},"canonical":"https:\/\/plazadetoroslamalagueta.com\/de\/producto\/vip-tickets\/","og_locale":"de_DE","og_type":"article","og_title":"VIP-Tickets f\u00fcr der Stierkampfarena Malaga | 4. April","og_description":"Buchen Sie Ihre VIP Tickets f\u00fcr die VIP-Loge in der Stierkampfarena in Malaga und genie\u00dfen Sie die besten Stierkampfveranstaltungen mit Catering.","og_url":"https:\/\/plazadetoroslamalagueta.com\/de\/producto\/vip-tickets\/","og_site_name":"Plaza de Toros La Malagueta","article_modified_time":"2026-03-17T12:41:11+00:00","og_image":[{"width":1080,"height":1200,"url":"https:\/\/plazadetoroslamalagueta.com\/wp-content\/uploads\/2023\/06\/Entrada-individual.webp","type":"image\/webp"}],"twitter_card":"summary_large_image","twitter_misc":{"Gesch\u00e4tzte Lesezeit":"1\u00a0Minute"},"schema":{"@context":"https:\/\/schema.org","@graph":[{"@type":"WebPage","@id":"https:\/\/plazadetoroslamalagueta.com\/de\/producto\/vip-tickets\/","url":"https:\/\/plazadetoroslamalagueta.com\/de\/producto\/vip-tickets\/","name":"VIP-Tickets f\u00fcr der Stierkampfarena Malaga | 4. April","isPartOf":{"@id":"https:\/\/plazadetoroslamalagueta.com\/de\/#website"},"primaryImageOfPage":{"@id":"https:\/\/plazadetoroslamalagueta.com\/de\/producto\/vip-tickets\/#primaryimage"},"image":{"@id":"https:\/\/plazadetoroslamalagueta.com\/de\/producto\/vip-tickets\/#primaryimage"},"thumbnailUrl":"https:\/\/plazadetoroslamalagueta.com\/wp-content\/uploads\/2023\/06\/Entrada-individual.webp","datePublished":"2023-06-20T11:30:58+00:00","dateModified":"2026-03-17T12:41:11+00:00","description":"Buchen Sie Ihre VIP Tickets f\u00fcr die VIP-Loge in der Stierkampfarena in Malaga und genie\u00dfen Sie die besten Stierkampfveranstaltungen mit Catering.","breadcrumb":{"@id":"https:\/\/plazadetoroslamalagueta.com\/de\/producto\/vip-tickets\/#breadcrumb"},"inLanguage":"de","potentialAction":[{"@type":"ReadAction","target":["https:\/\/plazadetoroslamalagueta.com\/de\/producto\/vip-tickets\/"]}]},{"@type":"ImageObject","inLanguage":"de","@id":"https:\/\/plazadetoroslamalagueta.com\/de\/producto\/vip-tickets\/#primaryimage","url":"https:\/\/plazadetoroslamalagueta.com\/wp-content\/uploads\/2023\/06\/Entrada-individual.webp","contentUrl":"https:\/\/plazadetoroslamalagueta.com\/wp-content\/uploads\/2023\/06\/Entrada-individual.webp","width":1080,"height":1200},{"@type":"BreadcrumbList","@id":"https:\/\/plazadetoroslamalagueta.com\/de\/producto\/vip-tickets\/#breadcrumb","itemListElement":[{"@type":"ListItem","position":1,"name":"Inicio","item":"https:\/\/plazadetoroslamalagueta.com\/de\/"},{"@type":"ListItem","position":2,"name":"Shop","item":"https:\/\/plazadetoroslamalagueta.com\/shop\/"},{"@type":"ListItem","position":3,"name":"VIP-Boxen","item":"https:\/\/plazadetoroslamalagueta.com\/de\/product-category\/vip-boxen\/"},{"@type":"ListItem","position":4,"name":"VIP-Tickets"}]},{"@type":"WebSite","@id":"https:\/\/plazadetoroslamalagueta.com\/de\/#website","url":"https:\/\/plazadetoroslamalagueta.com\/de\/","name":"Plaza de Toros de la Malagueta","description":"La Plaza de Toros de M\u00e1laga, de nombre La Malagueta, es un edificio reconocido Bien de Inter\u00e9s Cultural, que ofrece visitas tur\u00edsticas y corridas de toros y otros tipos de espect\u00e1culo durante todo el a\u00f1o.","publisher":{"@id":"https:\/\/plazadetoroslamalagueta.com\/de\/#organization"},"alternateName":"Plaza de Toros M\u00e1laga","potentialAction":[{"@type":"SearchAction","target":{"@type":"EntryPoint","urlTemplate":"https:\/\/plazadetoroslamalagueta.com\/de\/?s={search_term_string}"},"query-input":{"@type":"PropertyValueSpecification","valueRequired":true,"valueName":"search_term_string"}}],"inLanguage":"de"},{"@type":"Organization","@id":"https:\/\/plazadetoroslamalagueta.com\/de\/#organization","name":"Plaza de Toros la Malagueta","url":"https:\/\/plazadetoroslamalagueta.com\/de\/","logo":{"@type":"ImageObject","inLanguage":"de","@id":"https:\/\/plazadetoroslamalagueta.com\/de\/#\/schema\/logo\/image\/","url":"https:\/\/plazadetoroslamalagueta.com\/wp-content\/uploads\/2024\/02\/Logo-plaza-toros.webp","contentUrl":"https:\/\/plazadetoroslamalagueta.com\/wp-content\/uploads\/2024\/02\/Logo-plaza-toros.webp","width":100,"height":100,"caption":"Plaza de Toros la Malagueta"},"image":{"@id":"https:\/\/plazadetoroslamalagueta.com\/de\/#\/schema\/logo\/image\/"}}]}},"_links":{"self":[{"href":"https:\/\/plazadetoroslamalagueta.com\/de\/wp-json\/wp\/v2\/product\/22316","targetHints":{"allow":["GET"]}}],"collection":[{"href":"https:\/\/plazadetoroslamalagueta.com\/de\/wp-json\/wp\/v2\/product"}],"about":[{"href":"https:\/\/plazadetoroslamalagueta.com\/de\/wp-json\/wp\/v2\/types\/product"}],"replies":[{"embeddable":true,"href":"https:\/\/plazadetoroslamalagueta.com\/de\/wp-json\/wp\/v2\/comments?post=22316"}],"wp:featuredmedia":[{"embeddable":true,"href":"https:\/\/plazadetoroslamalagueta.com\/de\/wp-json\/wp\/v2\/media\/22318"}],"wp:attachment":[{"href":"https:\/\/plazadetoroslamalagueta.com\/de\/wp-json\/wp\/v2\/media?parent=22316"}],"wp:term":[{"taxonomy":"product_brand","embeddable":true,"href":"https:\/\/plazadetoroslamalagueta.com\/de\/wp-json\/wp\/v2\/product_brand?post=22316"},{"taxonomy":"product_cat","embeddable":true,"href":"https:\/\/plazadetoroslamalagueta.com\/de\/wp-json\/wp\/v2\/product_cat?post=22316"},{"taxonomy":"product_tag","embeddable":true,"href":"https:\/\/plazadetoroslamalagueta.com\/de\/wp-json\/wp\/v2\/product_tag?post=22316"}],"curies":[{"name":"wp","href":"https:\/\/api.w.org\/{rel}","templated":true}]}}