{"id":22569,"date":"2024-03-25T12:26:12","date_gmt":"2024-03-25T11:26:12","guid":{"rendered":"https:\/\/plazadetoroslamalagueta.com\/ueber-uns\/"},"modified":"2026-04-20T14:13:50","modified_gmt":"2026-04-20T12:13:50","slug":"ueber-uns","status":"publish","type":"page","link":"https:\/\/plazadetoroslamalagueta.com\/de\/ueber-uns\/","title":{"rendered":"\u00dcber uns"},"content":{"rendered":"<section class=\"l-section wpb_row height_medium\"><div class=\"l-section-h i-cf\"><div class=\"g-cols vc_row via_grid cols_2 laptops-cols_inherit tablets-cols_inherit mobiles-cols_1 valign_middle type_default stacking_default\" style=\"--columns-gap:4vw;\"><div class=\"wpb_column vc_column_container\"><div class=\"vc_column-inner\"><div class=\"w-image us_custom_3bc1f25b style_shadow-2 has_ratio align_none\"><div class=\"w-image-h\"><div style=\"padding-bottom:100%\"><\/div><div class=\"w-image-shadow\" style=\"background-image:url(https:\/\/plazadetoroslamalagueta.com\/wp-content\/uploads\/2024\/03\/Logo-1.jpg);\"><\/div><img decoding=\"async\" width=\"600\" height=\"600\" src=\"https:\/\/plazadetoroslamalagueta.com\/wp-content\/uploads\/2024\/03\/Logo-1.jpg\" class=\"attachment-large size-large\" alt=\"\" loading=\"lazy\" \/><\/div><\/div><\/div><\/div><div class=\"wpb_column vc_column_container\"><div class=\"vc_column-inner\"><div class=\"wpb_text_column\"><div class=\"wpb_wrapper\"><p><span style=\"color: #3366ff;\"><strong>Toroshopping<\/strong><\/span><\/p>\n<\/div><\/div><div class=\"w-separator size_small\"><\/div><div class=\"wpb_text_column us_custom_d98eb4eb\"><div class=\"wpb_wrapper\"><h1>Spezialisten in der Welt des Stierkampfes<\/h1>\n<p>Toroshopping ist das Unternehmen, das mit der Stierkampfarena von M\u00e1laga verbunden ist, um Dienstleistungen wie den Verkauf von Eintrittskarten f\u00fcr Stierkampfvorf\u00fchrungen zu verwalten. Unser Unternehmen ist jedoch viel mehr als nur ein Ticketverkaufsportal. In diesem Abschnitt k\u00f6nnen Sie mehr \u00fcber uns erfahren und unser gesamtes Angebot an Produkten und Dienstleistungen entdecken.<\/p>\n<\/div><\/div><div class=\"w-separator size_medium\"><\/div><\/div><\/div><\/div><\/div><\/section><section class=\"l-section wpb_row height_medium\"><div class=\"l-section-h i-cf\"><div class=\"g-cols vc_row via_grid cols_3 laptops-cols_1 tablets-cols_inherit mobiles-cols_1 valign_top type_default stacking_default\"><div class=\"wpb_column vc_column_container\"><div class=\"vc_column-inner\"><div class=\"wpb_text_column us_custom_d98eb4eb\"><div class=\"wpb_wrapper\"><h2><strong>Andere Stierkampfarenen zu besuchen<\/strong><\/h2>\n<\/div><\/div><\/div><\/div><div class=\"wpb_column vc_column_container\"><div class=\"vc_column-inner\"><div class=\"wpb_text_column us_custom_d98eb4eb\"><div class=\"wpb_wrapper\"><p>Bei Toroshopping <strong>arbeiten wir daran, die Welt des Stierkampfes sowohl dem traditionellen Publikum und den Stierkampfliebhabern als auch den Touristen, die diese wunderbare Welt kennenlernen m\u00f6chten, n\u00e4her zu bringen.<\/strong> Um dies zu erreichen, bieten wir Touristen Besuche in einigen der besten Stierkampfarenen Spaniens sowie den Verkauf von Eintrittskarten f\u00fcr die besten Stierkampfvorf\u00fchrungen an. Hier sind die Links zu unseren Stierkampfarenen, damit Sie einen Blick darauf werfen k\u00f6nnen:<\/p>\n<\/div><\/div><\/div><\/div><div class=\"wpb_column vc_column_container\"><div class=\"vc_column-inner\"><div class=\"wpb_text_column us_custom_d98eb4eb\"><div class=\"wpb_wrapper\"><h3>Unsere Stierkampfarenen:<\/h3>\n<ul>\n<li><a href=\"https:\/\/plazatorosalicante.com\/\">Stierkampfarena Alicante<\/a><\/li>\n<li><a href=\"https:\/\/plazadetoroscordoba.com\/\">Stierkampfarena von Cordoba<\/a><\/li>\n<li><a href=\"https:\/\/plazadetorosdesantander.com\/\">Santander Stierkampfarena<\/a><\/li>\n<li><a href=\"https:\/\/plazatorosmarbella.com\/\">Stierkampfarena von Marbella<\/a><\/li>\n<li><a href=\"https:\/\/plazatorossevilla.com\/\">Stierkampfarena von Sevilla<\/a><\/li>\n<li><a href=\"https:\/\/plazatorosmallorca.com\/\">Stierkampfarena von Mallorca<\/a><\/li>\n<li><a href=\"https:\/\/lasventastour.com\/es\/\">Madrid Stierkampfarena Tour<\/a><\/li>\n<\/ul>\n<\/div><\/div><\/div><\/div><\/div><\/div><\/section><section class=\"l-section wpb_row height_medium with_shape\"><div class=\"l-section-shape type_custom pos_bottom\" style=\"height:50%;color:var(--color-content-bg-alt)\"><svg xmlns=\"http:\/\/www.w3.org\/2000\/svg\" viewBox=\"0 0 64 8\" preserveAspectRatio=\"none\" width=\"100%\" height=\"100%\">\r\n\t<path fill=\"currentColor\" d=\"M64 8 L0 8 L0 0 L64 0 Z\"\/>\r\n<\/svg><\/div><div class=\"l-section-h i-cf\"><div class=\"g-cols vc_row via_grid cols_1 laptops-cols_inherit tablets-cols_inherit mobiles-cols_1 valign_top type_default stacking_default\"><div class=\"wpb_column vc_column_container\"><div class=\"vc_column-inner\"><div class=\"g-cols wpb_row us_custom_0039e63c via_grid cols_2 laptops-cols_inherit tablets-cols_1 mobiles-cols_1 valign_middle type_default\" style=\"--columns-gap:3rem;\"><div class=\"wpb_column vc_column_container\"><div class=\"vc_column-inner\"><h2 class=\"w-text us_custom_d3db7169\"><span class=\"w-text-h\"><span class=\"w-text-value\">Entdecken Sie unseren Online Shop<\/span><\/span><\/h2><div class=\"wpb_text_column\"><div class=\"wpb_wrapper\"><p>In unserem Shop finden Sie alle Arten von Stierkampfprodukten: Spielzeug, Zubeh\u00f6r und Erg\u00e4nzungen, Kleidung, Dekoration usw. Schauen Sie sich um und zeigen Sie Ihre Leidenschaft f\u00fcr den Stierkampf.<\/p>\n<\/div><\/div><div class=\"w-btn-wrapper default_align_none laptops_align_none tablets_align_none mobiles_align_justify\"><a class=\"w-btn us-btn-style_1 us_custom_b4198c51 open-popup\" target=\"_blank\" href=\"https:\/\/www.toroshopping.com\/de\"><span class=\"w-btn-label\">Website besuchen<\/span><\/a><\/div><\/div><\/div><div class=\"wpb_column vc_column_container hide_on_tablets hide_on_mobiles\"><div class=\"vc_column-inner\"><div class=\"w-image has_ratio align_none\"><div class=\"w-image-h\"><div style=\"padding-bottom:100%\"><\/div><img decoding=\"async\" width=\"1024\" height=\"1024\" src=\"https:\/\/plazadetoroslamalagueta.com\/wp-content\/uploads\/2024\/03\/Web-toroshopping-1024x1024.jpg\" class=\"attachment-large size-large\" alt=\"\" loading=\"lazy\" \/><\/div><\/div><\/div><\/div><\/div><\/div><\/div><\/div><\/div><\/section><section class=\"l-section wpb_row height_medium\"><div class=\"l-section-h i-cf\"><div class=\"g-cols vc_row via_grid cols_1 laptops-cols_inherit tablets-cols_inherit mobiles-cols_1 valign_top type_default stacking_default\"><div class=\"wpb_column vc_column_container\"><div class=\"vc_column-inner\"><div class=\"wpb_text_column us_custom_99dce4f6\"><div class=\"wpb_wrapper\"><h2 style=\"text-align: center;\">Andere unglaubliche Erlebnisse<\/h2>\n<p style=\"text-align: center;\">Wenn Sie auf der Suche nach 360\u00ba-Erlebnissen sind, nehmen wir Sie mit in die Welt des Stierkampfes, wie Sie es noch nie zuvor erlebt haben. Trauen Sie sich?<\/p>\n<\/div><\/div><div class=\"w-separator size_large\"><\/div><div class=\"g-cols wpb_row via_grid cols_3 laptops-cols_inherit tablets-cols_2 mobiles-cols_1 valign_top type_default\" style=\"--columns-gap:3rem;\"><div class=\"wpb_column vc_column_container\"><div class=\"vc_column-inner\"><h3 class=\"w-text us_custom_6eef5e16\"><span class=\"w-text-h\"><span class=\"w-text-value\">Gastronomie<\/span><\/span><\/h3><div class=\"w-separator size_small\"><\/div><div class=\"w-image has_ratio align_none\"><div class=\"w-image-h\"><div style=\"padding-bottom:66.6667%\"><\/div><img decoding=\"async\" width=\"500\" height=\"333\" src=\"https:\/\/plazadetoroslamalagueta.com\/wp-content\/uploads\/2024\/03\/gastronomia-taurina-1.jpg\" class=\"attachment-large size-large\" alt=\"\" loading=\"lazy\" \/><\/div><\/div><div class=\"w-separator size_small\"><\/div><div class=\"wpb_text_column\"><div class=\"wpb_wrapper\"><p>Wir f\u00fchren Sie zu einigen der besten Stierkampf-Bars und -Restaurants, wo Sie die Stierkampf-Gastronomie und ihre besten Gerichte entdecken k\u00f6nnen.<\/p>\n<\/div><\/div><\/div><\/div><div class=\"wpb_column vc_column_container\"><div class=\"vc_column-inner\"><h3 class=\"w-text us_custom_6eef5e16\"><span class=\"w-text-h\"><span class=\"w-text-value\">Kombinierte Erfahrungen<\/span><\/span><\/h3><div class=\"w-separator size_small\"><\/div><div class=\"w-image has_ratio align_none\"><div class=\"w-image-h\"><div style=\"padding-bottom:66.6667%\"><\/div><img decoding=\"async\" width=\"707\" height=\"470\" src=\"https:\/\/plazadetoroslamalagueta.com\/wp-content\/uploads\/2024\/03\/demo-toreo-desalon.jpg\" class=\"attachment-large size-large\" alt=\"\" loading=\"lazy\" \/><\/div><\/div><div class=\"w-separator size_small\"><\/div><div class=\"wpb_text_column\"><div class=\"wpb_wrapper\"><p>Auf den Pl\u00e4tzen, auf denen wir F\u00fchrungen anbieten, bieten wir die M\u00f6glichkeit, die Besichtigung des Platzes mit einer anderen Sehensw\u00fcrdigkeit der Stadt zu kombinieren.<\/p>\n<\/div><\/div><\/div><\/div><div class=\"wpb_column vc_column_container\"><div class=\"vc_column-inner\"><h3 class=\"w-text us_custom_6eef5e16\"><span class=\"w-text-h\"><span class=\"w-text-value\">Besuche von Viehzuchtbetrieben<\/span><\/span><\/h3><div class=\"w-separator size_small\"><\/div><div class=\"w-image has_ratio align_none\"><div class=\"w-image-h\"><div style=\"padding-bottom:66.6667%\"><\/div><img decoding=\"async\" width=\"500\" height=\"375\" src=\"https:\/\/plazadetoroslamalagueta.com\/wp-content\/uploads\/2024\/03\/visitas-a-ganaderias.jpg\" class=\"attachment-large size-large\" alt=\"\" loading=\"lazy\" \/><\/div><\/div><div class=\"w-separator size_small\"><\/div><div class=\"wpb_text_column\"><div class=\"wpb_wrapper\"><p>Zur\u00fcck auf dem Land, wo Sie etwas \u00fcber die Geschichte des Stierkampfes erfahren. Besuche der besten Gest\u00fcte Spaniens f\u00fcr Tentaderos, Mahlzeiten und Besuche mit dem Gel\u00e4ndewagen.<\/p>\n<\/div><\/div><\/div><\/div><\/div><\/div><\/div><\/div><\/div><\/section>\n","protected":false},"excerpt":{"rendered":"Toroshopping Spezialisten in der Welt des Stierkampfes Toroshopping ist das Unternehmen, das mit der Stierkampfarena von M\u00e1laga verbunden ist, um Dienstleistungen wie den Verkauf von Eintrittskarten f\u00fcr Stierkampfvorf\u00fchrungen zu verwalten. Unser Unternehmen ist jedoch viel mehr als nur ein Ticketverkaufsportal. In diesem Abschnitt k\u00f6nnen Sie mehr \u00fcber uns erfahren und unser gesamtes Angebot an Produkten...","protected":false},"author":4,"featured_media":0,"parent":0,"menu_order":0,"comment_status":"closed","ping_status":"closed","template":"","meta":{"footnotes":""},"class_list":["post-22569","page","type-page","status-publish","hentry"],"yoast_head":"<!-- This site is optimized with the Yoast SEO plugin v27.4 - https:\/\/yoast.com\/product\/yoast-seo-wordpress\/ -->\n<title>\u00dcber uns | Plaza de Toros M\u00e1laga<\/title>\n<meta name=\"description\" content=\"Entdecken Sie alle Dienstleistungen hinter der Stierkampfarena in M\u00e1laga. Sightseeing-Touren, kombinierte Ausfl\u00fcge und mehr.\" \/>\n<meta name=\"robots\" content=\"index, follow, max-snippet:-1, max-image-preview:large, max-video-preview:-1\" \/>\n<link rel=\"canonical\" href=\"https:\/\/plazadetoroslamalagueta.com\/de\/ueber-uns\/\" \/>\n<meta property=\"og:locale\" content=\"de_DE\" \/>\n<meta property=\"og:type\" content=\"article\" \/>\n<meta property=\"og:title\" content=\"\u00dcber uns | Plaza de Toros M\u00e1laga\" \/>\n<meta property=\"og:description\" content=\"Entdecken Sie alle Dienstleistungen hinter der Stierkampfarena in M\u00e1laga. Sightseeing-Touren, kombinierte Ausfl\u00fcge und mehr.\" \/>\n<meta property=\"og:url\" content=\"https:\/\/plazadetoroslamalagueta.com\/de\/ueber-uns\/\" \/>\n<meta property=\"og:site_name\" content=\"Plaza de Toros La Malagueta\" \/>\n<meta property=\"article:modified_time\" content=\"2026-04-20T12:13:50+00:00\" \/>\n<meta property=\"og:image\" content=\"https:\/\/plazadetoroslamalagueta.com\/wp-content\/uploads\/2023\/03\/Diseno-sin-titulo.jpeg\" \/>\n\t<meta property=\"og:image:width\" content=\"1200\" \/>\n\t<meta property=\"og:image:height\" content=\"675\" \/>\n\t<meta property=\"og:image:type\" content=\"image\/jpeg\" \/>\n<meta name=\"twitter:card\" content=\"summary_large_image\" \/>\n<meta name=\"twitter:label1\" content=\"Gesch\u00e4tzte Lesezeit\" \/>\n\t<meta name=\"twitter:data1\" content=\"2\u00a0Minuten\" \/>\n<script type=\"application\/ld+json\" class=\"yoast-schema-graph\">{\"@context\":\"https:\\\/\\\/schema.org\",\"@graph\":[{\"@type\":\"WebPage\",\"@id\":\"https:\\\/\\\/plazadetoroslamalagueta.com\\\/de\\\/ueber-uns\\\/\",\"url\":\"https:\\\/\\\/plazadetoroslamalagueta.com\\\/de\\\/ueber-uns\\\/\",\"name\":\"\u00dcber uns | Plaza de Toros M\u00e1laga\",\"isPartOf\":{\"@id\":\"https:\\\/\\\/plazadetoroslamalagueta.com\\\/de\\\/#website\"},\"datePublished\":\"2024-03-25T11:26:12+00:00\",\"dateModified\":\"2026-04-20T12:13:50+00:00\",\"description\":\"Entdecken Sie alle Dienstleistungen hinter der Stierkampfarena in M\u00e1laga. Sightseeing-Touren, kombinierte Ausfl\u00fcge und mehr.\",\"breadcrumb\":{\"@id\":\"https:\\\/\\\/plazadetoroslamalagueta.com\\\/de\\\/ueber-uns\\\/#breadcrumb\"},\"inLanguage\":\"de\",\"potentialAction\":[{\"@type\":\"ReadAction\",\"target\":[\"https:\\\/\\\/plazadetoroslamalagueta.com\\\/de\\\/ueber-uns\\\/\"]}]},{\"@type\":\"BreadcrumbList\",\"@id\":\"https:\\\/\\\/plazadetoroslamalagueta.com\\\/de\\\/ueber-uns\\\/#breadcrumb\",\"itemListElement\":[{\"@type\":\"ListItem\",\"position\":1,\"name\":\"Inicio\",\"item\":\"https:\\\/\\\/plazadetoroslamalagueta.com\\\/de\\\/\"},{\"@type\":\"ListItem\",\"position\":2,\"name\":\"\u00dcber uns\"}]},{\"@type\":\"WebSite\",\"@id\":\"https:\\\/\\\/plazadetoroslamalagueta.com\\\/de\\\/#website\",\"url\":\"https:\\\/\\\/plazadetoroslamalagueta.com\\\/de\\\/\",\"name\":\"Plaza de Toros de la Malagueta\",\"description\":\"La Plaza de Toros de M\u00e1laga, de nombre La Malagueta, es un edificio reconocido Bien de Inter\u00e9s Cultural, que ofrece visitas tur\u00edsticas y corridas de toros y otros tipos de espect\u00e1culo durante todo el a\u00f1o.\",\"publisher\":{\"@id\":\"https:\\\/\\\/plazadetoroslamalagueta.com\\\/de\\\/#organization\"},\"alternateName\":\"Plaza de Toros M\u00e1laga\",\"potentialAction\":[{\"@type\":\"SearchAction\",\"target\":{\"@type\":\"EntryPoint\",\"urlTemplate\":\"https:\\\/\\\/plazadetoroslamalagueta.com\\\/de\\\/?s={search_term_string}\"},\"query-input\":{\"@type\":\"PropertyValueSpecification\",\"valueRequired\":true,\"valueName\":\"search_term_string\"}}],\"inLanguage\":\"de\"},{\"@type\":\"Organization\",\"@id\":\"https:\\\/\\\/plazadetoroslamalagueta.com\\\/de\\\/#organization\",\"name\":\"Plaza de Toros la Malagueta\",\"url\":\"https:\\\/\\\/plazadetoroslamalagueta.com\\\/de\\\/\",\"logo\":{\"@type\":\"ImageObject\",\"inLanguage\":\"de\",\"@id\":\"https:\\\/\\\/plazadetoroslamalagueta.com\\\/de\\\/#\\\/schema\\\/logo\\\/image\\\/\",\"url\":\"https:\\\/\\\/plazadetoroslamalagueta.com\\\/wp-content\\\/uploads\\\/2024\\\/02\\\/Logo-plaza-toros.webp\",\"contentUrl\":\"https:\\\/\\\/plazadetoroslamalagueta.com\\\/wp-content\\\/uploads\\\/2024\\\/02\\\/Logo-plaza-toros.webp\",\"width\":100,\"height\":100,\"caption\":\"Plaza de Toros la Malagueta\"},\"image\":{\"@id\":\"https:\\\/\\\/plazadetoroslamalagueta.com\\\/de\\\/#\\\/schema\\\/logo\\\/image\\\/\"}}]}<\/script>\n<!-- \/ Yoast SEO plugin. -->","yoast_head_json":{"title":"\u00dcber uns | Plaza de Toros M\u00e1laga","description":"Entdecken Sie alle Dienstleistungen hinter der Stierkampfarena in M\u00e1laga. Sightseeing-Touren, kombinierte Ausfl\u00fcge und mehr.","robots":{"index":"index","follow":"follow","max-snippet":"max-snippet:-1","max-image-preview":"max-image-preview:large","max-video-preview":"max-video-preview:-1"},"canonical":"https:\/\/plazadetoroslamalagueta.com\/de\/ueber-uns\/","og_locale":"de_DE","og_type":"article","og_title":"\u00dcber uns | Plaza de Toros M\u00e1laga","og_description":"Entdecken Sie alle Dienstleistungen hinter der Stierkampfarena in M\u00e1laga. Sightseeing-Touren, kombinierte Ausfl\u00fcge und mehr.","og_url":"https:\/\/plazadetoroslamalagueta.com\/de\/ueber-uns\/","og_site_name":"Plaza de Toros La Malagueta","article_modified_time":"2026-04-20T12:13:50+00:00","og_image":[{"width":1200,"height":675,"url":"https:\/\/plazadetoroslamalagueta.com\/wp-content\/uploads\/2023\/03\/Diseno-sin-titulo.jpeg","type":"image\/jpeg"}],"twitter_card":"summary_large_image","twitter_misc":{"Gesch\u00e4tzte Lesezeit":"2\u00a0Minuten"},"schema":{"@context":"https:\/\/schema.org","@graph":[{"@type":"WebPage","@id":"https:\/\/plazadetoroslamalagueta.com\/de\/ueber-uns\/","url":"https:\/\/plazadetoroslamalagueta.com\/de\/ueber-uns\/","name":"\u00dcber uns | Plaza de Toros M\u00e1laga","isPartOf":{"@id":"https:\/\/plazadetoroslamalagueta.com\/de\/#website"},"datePublished":"2024-03-25T11:26:12+00:00","dateModified":"2026-04-20T12:13:50+00:00","description":"Entdecken Sie alle Dienstleistungen hinter der Stierkampfarena in M\u00e1laga. Sightseeing-Touren, kombinierte Ausfl\u00fcge und mehr.","breadcrumb":{"@id":"https:\/\/plazadetoroslamalagueta.com\/de\/ueber-uns\/#breadcrumb"},"inLanguage":"de","potentialAction":[{"@type":"ReadAction","target":["https:\/\/plazadetoroslamalagueta.com\/de\/ueber-uns\/"]}]},{"@type":"BreadcrumbList","@id":"https:\/\/plazadetoroslamalagueta.com\/de\/ueber-uns\/#breadcrumb","itemListElement":[{"@type":"ListItem","position":1,"name":"Inicio","item":"https:\/\/plazadetoroslamalagueta.com\/de\/"},{"@type":"ListItem","position":2,"name":"\u00dcber uns"}]},{"@type":"WebSite","@id":"https:\/\/plazadetoroslamalagueta.com\/de\/#website","url":"https:\/\/plazadetoroslamalagueta.com\/de\/","name":"Plaza de Toros de la Malagueta","description":"La Plaza de Toros de M\u00e1laga, de nombre La Malagueta, es un edificio reconocido Bien de Inter\u00e9s Cultural, que ofrece visitas tur\u00edsticas y corridas de toros y otros tipos de espect\u00e1culo durante todo el a\u00f1o.","publisher":{"@id":"https:\/\/plazadetoroslamalagueta.com\/de\/#organization"},"alternateName":"Plaza de Toros M\u00e1laga","potentialAction":[{"@type":"SearchAction","target":{"@type":"EntryPoint","urlTemplate":"https:\/\/plazadetoroslamalagueta.com\/de\/?s={search_term_string}"},"query-input":{"@type":"PropertyValueSpecification","valueRequired":true,"valueName":"search_term_string"}}],"inLanguage":"de"},{"@type":"Organization","@id":"https:\/\/plazadetoroslamalagueta.com\/de\/#organization","name":"Plaza de Toros la Malagueta","url":"https:\/\/plazadetoroslamalagueta.com\/de\/","logo":{"@type":"ImageObject","inLanguage":"de","@id":"https:\/\/plazadetoroslamalagueta.com\/de\/#\/schema\/logo\/image\/","url":"https:\/\/plazadetoroslamalagueta.com\/wp-content\/uploads\/2024\/02\/Logo-plaza-toros.webp","contentUrl":"https:\/\/plazadetoroslamalagueta.com\/wp-content\/uploads\/2024\/02\/Logo-plaza-toros.webp","width":100,"height":100,"caption":"Plaza de Toros la Malagueta"},"image":{"@id":"https:\/\/plazadetoroslamalagueta.com\/de\/#\/schema\/logo\/image\/"}}]}},"_links":{"self":[{"href":"https:\/\/plazadetoroslamalagueta.com\/de\/wp-json\/wp\/v2\/pages\/22569","targetHints":{"allow":["GET"]}}],"collection":[{"href":"https:\/\/plazadetoroslamalagueta.com\/de\/wp-json\/wp\/v2\/pages"}],"about":[{"href":"https:\/\/plazadetoroslamalagueta.com\/de\/wp-json\/wp\/v2\/types\/page"}],"author":[{"embeddable":true,"href":"https:\/\/plazadetoroslamalagueta.com\/de\/wp-json\/wp\/v2\/users\/4"}],"replies":[{"embeddable":true,"href":"https:\/\/plazadetoroslamalagueta.com\/de\/wp-json\/wp\/v2\/comments?post=22569"}],"version-history":[{"count":5,"href":"https:\/\/plazadetoroslamalagueta.com\/de\/wp-json\/wp\/v2\/pages\/22569\/revisions"}],"predecessor-version":[{"id":39166,"href":"https:\/\/plazadetoroslamalagueta.com\/de\/wp-json\/wp\/v2\/pages\/22569\/revisions\/39166"}],"wp:attachment":[{"href":"https:\/\/plazadetoroslamalagueta.com\/de\/wp-json\/wp\/v2\/media?parent=22569"}],"curies":[{"name":"wp","href":"https:\/\/api.w.org\/{rel}","templated":true}]}}