{"id":22543,"date":"2024-04-15T10:39:54","date_gmt":"2024-04-15T08:39:54","guid":{"rendered":"https:\/\/plazadetoroslamalagueta.com\/liefertermin-und-provisionen\/"},"modified":"2025-01-15T13:09:58","modified_gmt":"2025-01-15T12:09:58","slug":"liefertermin-und-provisionen","status":"publish","type":"page","link":"https:\/\/plazadetoroslamalagueta.com\/de\/liefertermin-und-provisionen\/","title":{"rendered":"Liefertermin und Provisionen"},"content":{"rendered":"<section class=\"l-section wpb_row height_medium\"><div class=\"l-section-h i-cf\"><div class=\"g-cols vc_row via_grid cols_1 laptops-cols_inherit tablets-cols_inherit mobiles-cols_1 valign_top type_default stacking_default\"><div class=\"wpb_column vc_column_container\"><div class=\"vc_column-inner\"><div class=\"wpb_text_column\"><div class=\"wpb_wrapper\"><h1>Liefertermin und Ticketprovisionen<\/h1>\n<h3>Liefertermin:<\/h3>\n<p>Die Tickets werden 1 Woche vor der Veranstaltung im PDF-Format an die angegebene E-Mail-Adresse gesendet. Wir empfehlen Ihnen, den Spam-Ordner Ihrer E-Mail zu \u00fcberpr\u00fcfen. <\/p>\n<h3>Verkaufsprovisionen<\/h3>\n<p>Auf die Tickets wird eine Ausstellungsgeb\u00fchr von 10% + 10% Verkaufsprovision erhoben, die auf der Zahlungsseite hinzugef\u00fcgt wird.<\/p>\n<h3>Liefert<\/h3>\n<div>\n<div>Der Zutritt zum Ort und ggf. die R\u00fcckerstattung des gezahlten Betrags gem\u00e4\u00df der geltenden Gesetzgebung (Art. 70 RTA) sind an den Besitz der offiziellen, vollst\u00e4ndigen, unge\u00f6ffneten und nicht manipulierten Eintrittskarte gebunden. <\/div>\n<\/div>\n<div><\/div>\n<div>\n<div>Die Frist f\u00fcr die R\u00fcckerstattung des Betrages beginnt ab dem Zeitpunkt der Bekanntgabe der Aussetzung, Verschiebung oder \u00c4nderung und endet 4 Tage nach dem f\u00fcr die Vorstellung festgelegten Datum oder 1 Stunde vor Beginn der Vorstellung im Falle einer \u00c4nderung (Art. 70 RTA).<\/div>\n<div><\/div>\n<div>Wenn die Veranstaltung aus Gr\u00fcnden, die nicht dem Unternehmen zuzuschreiben sind, oder wegen schlechten Wetters unterbrochen wird, hat der Zuschauer, sobald der erste Stier in die Manege gebracht wurde, keinen Anspruch auf eine R\u00fcckerstattung (Art. 70 RTA).<\/div>\n<\/div>\n<\/div><\/div><div class=\"g-cols wpb_row via_grid cols_1 laptops-cols_inherit tablets-cols_inherit mobiles-cols_1 valign_top type_default stacking_default\" style=\"--columns-gap:3rem;\"><div class=\"wpb_column vc_column_container\"><div class=\"vc_column-inner\"><div class=\"w-separator size_medium\"><\/div><div class=\"w-hwrapper valign_top align_left\"><div class=\"w-btn-wrapper align_center\"><a class=\"w-btn us-btn-style_1\" href=\"https:\/\/plazadetoroslamalagueta.com\/de\/stierkampf-tickets-malaga\/\"><span class=\"w-btn-label\">Tickets kaufen<\/span><\/a><\/div><div class=\"w-btn-wrapper align_left\"><a class=\"w-btn us-btn-style_1\" href=\"https:\/\/plazadetoroslamalagueta.com\/de\/wagen\/\"><span class=\"w-btn-label\">Zum Warenkorb gehen<\/span><\/a><\/div><\/div><\/div><\/div><\/div><\/div><\/div><\/div><\/div><\/section>\n","protected":false},"excerpt":{"rendered":"Liefertermin und Ticketprovisionen Liefertermin: Die Tickets werden 1 Woche vor der Veranstaltung im PDF-Format an die angegebene E-Mail-Adresse gesendet. Wir empfehlen Ihnen, den Spam-Ordner Ihrer E-Mail zu \u00fcberpr\u00fcfen. Verkaufsprovisionen Auf die Tickets wird eine Ausstellungsgeb\u00fchr von 10% + 10% Verkaufsprovision erhoben, die auf der Zahlungsseite hinzugef\u00fcgt wird. Liefert Der Zutritt zum Ort und ggf. die...","protected":false},"author":4,"featured_media":0,"parent":0,"menu_order":0,"comment_status":"closed","ping_status":"closed","template":"","meta":{"footnotes":""},"class_list":["post-22543","page","type-page","status-publish","hentry"],"yoast_head":"<!-- This site is optimized with the Yoast SEO plugin v27.4 - https:\/\/yoast.com\/product\/yoast-seo-wordpress\/ -->\n<title>Liefertermin und Ticketgeb\u00fchren | La Malagueta<\/title>\n<meta name=\"description\" content=\"\u00dcberpr\u00fcfen Sie die Liefertermine der Tickets f\u00fcr die Stierk\u00e4mpfe in M\u00e1laga sowie die in den Stierkampftickets enthaltenen Provisionen.\" \/>\n<meta name=\"robots\" content=\"noindex, follow\" \/>\n<meta property=\"og:locale\" content=\"de_DE\" \/>\n<meta property=\"og:type\" content=\"article\" \/>\n<meta property=\"og:title\" content=\"Liefertermin und Ticketgeb\u00fchren | La Malagueta\" \/>\n<meta property=\"og:description\" content=\"\u00dcberpr\u00fcfen Sie die Liefertermine der Tickets f\u00fcr die Stierk\u00e4mpfe in M\u00e1laga sowie die in den Stierkampftickets enthaltenen Provisionen.\" \/>\n<meta property=\"og:url\" content=\"https:\/\/plazadetoroslamalagueta.com\/de\/liefertermin-und-provisionen\/\" \/>\n<meta property=\"og:site_name\" content=\"Plaza de Toros La Malagueta\" \/>\n<meta property=\"article:modified_time\" content=\"2025-01-15T12:09:58+00:00\" \/>\n<meta property=\"og:image\" content=\"https:\/\/plazadetoroslamalagueta.com\/wp-content\/uploads\/2023\/03\/Diseno-sin-titulo.jpeg\" \/>\n\t<meta property=\"og:image:width\" content=\"1200\" \/>\n\t<meta property=\"og:image:height\" content=\"675\" \/>\n\t<meta property=\"og:image:type\" content=\"image\/jpeg\" \/>\n<meta name=\"twitter:card\" content=\"summary_large_image\" \/>\n<meta name=\"twitter:label1\" content=\"Gesch\u00e4tzte Lesezeit\" \/>\n\t<meta name=\"twitter:data1\" content=\"1\u00a0Minute\" \/>\n<script type=\"application\/ld+json\" class=\"yoast-schema-graph\">{\"@context\":\"https:\\\/\\\/schema.org\",\"@graph\":[{\"@type\":\"WebPage\",\"@id\":\"https:\\\/\\\/plazadetoroslamalagueta.com\\\/de\\\/liefertermin-und-provisionen\\\/\",\"url\":\"https:\\\/\\\/plazadetoroslamalagueta.com\\\/de\\\/liefertermin-und-provisionen\\\/\",\"name\":\"Liefertermin und Ticketgeb\u00fchren | La Malagueta\",\"isPartOf\":{\"@id\":\"https:\\\/\\\/plazadetoroslamalagueta.com\\\/de\\\/#website\"},\"datePublished\":\"2024-04-15T08:39:54+00:00\",\"dateModified\":\"2025-01-15T12:09:58+00:00\",\"description\":\"\u00dcberpr\u00fcfen Sie die Liefertermine der Tickets f\u00fcr die Stierk\u00e4mpfe in M\u00e1laga sowie die in den Stierkampftickets enthaltenen Provisionen.\",\"breadcrumb\":{\"@id\":\"https:\\\/\\\/plazadetoroslamalagueta.com\\\/de\\\/liefertermin-und-provisionen\\\/#breadcrumb\"},\"inLanguage\":\"de\",\"potentialAction\":[{\"@type\":\"ReadAction\",\"target\":[\"https:\\\/\\\/plazadetoroslamalagueta.com\\\/de\\\/liefertermin-und-provisionen\\\/\"]}]},{\"@type\":\"BreadcrumbList\",\"@id\":\"https:\\\/\\\/plazadetoroslamalagueta.com\\\/de\\\/liefertermin-und-provisionen\\\/#breadcrumb\",\"itemListElement\":[{\"@type\":\"ListItem\",\"position\":1,\"name\":\"Inicio\",\"item\":\"https:\\\/\\\/plazadetoroslamalagueta.com\\\/de\\\/\"},{\"@type\":\"ListItem\",\"position\":2,\"name\":\"Liefertermin und Provisionen\"}]},{\"@type\":\"WebSite\",\"@id\":\"https:\\\/\\\/plazadetoroslamalagueta.com\\\/de\\\/#website\",\"url\":\"https:\\\/\\\/plazadetoroslamalagueta.com\\\/de\\\/\",\"name\":\"Plaza de Toros de la Malagueta\",\"description\":\"La Plaza de Toros de M\u00e1laga, de nombre La Malagueta, es un edificio reconocido Bien de Inter\u00e9s Cultural, que ofrece visitas tur\u00edsticas y corridas de toros y otros tipos de espect\u00e1culo durante todo el a\u00f1o.\",\"publisher\":{\"@id\":\"https:\\\/\\\/plazadetoroslamalagueta.com\\\/de\\\/#organization\"},\"alternateName\":\"Plaza de Toros M\u00e1laga\",\"potentialAction\":[{\"@type\":\"SearchAction\",\"target\":{\"@type\":\"EntryPoint\",\"urlTemplate\":\"https:\\\/\\\/plazadetoroslamalagueta.com\\\/de\\\/?s={search_term_string}\"},\"query-input\":{\"@type\":\"PropertyValueSpecification\",\"valueRequired\":true,\"valueName\":\"search_term_string\"}}],\"inLanguage\":\"de\"},{\"@type\":\"Organization\",\"@id\":\"https:\\\/\\\/plazadetoroslamalagueta.com\\\/de\\\/#organization\",\"name\":\"Plaza de Toros la Malagueta\",\"url\":\"https:\\\/\\\/plazadetoroslamalagueta.com\\\/de\\\/\",\"logo\":{\"@type\":\"ImageObject\",\"inLanguage\":\"de\",\"@id\":\"https:\\\/\\\/plazadetoroslamalagueta.com\\\/de\\\/#\\\/schema\\\/logo\\\/image\\\/\",\"url\":\"https:\\\/\\\/plazadetoroslamalagueta.com\\\/wp-content\\\/uploads\\\/2024\\\/02\\\/Logo-plaza-toros.webp\",\"contentUrl\":\"https:\\\/\\\/plazadetoroslamalagueta.com\\\/wp-content\\\/uploads\\\/2024\\\/02\\\/Logo-plaza-toros.webp\",\"width\":100,\"height\":100,\"caption\":\"Plaza de Toros la Malagueta\"},\"image\":{\"@id\":\"https:\\\/\\\/plazadetoroslamalagueta.com\\\/de\\\/#\\\/schema\\\/logo\\\/image\\\/\"}}]}<\/script>\n<!-- \/ Yoast SEO plugin. -->","yoast_head_json":{"title":"Liefertermin und Ticketgeb\u00fchren | La Malagueta","description":"\u00dcberpr\u00fcfen Sie die Liefertermine der Tickets f\u00fcr die Stierk\u00e4mpfe in M\u00e1laga sowie die in den Stierkampftickets enthaltenen Provisionen.","robots":{"index":"noindex","follow":"follow"},"og_locale":"de_DE","og_type":"article","og_title":"Liefertermin und Ticketgeb\u00fchren | La Malagueta","og_description":"\u00dcberpr\u00fcfen Sie die Liefertermine der Tickets f\u00fcr die Stierk\u00e4mpfe in M\u00e1laga sowie die in den Stierkampftickets enthaltenen Provisionen.","og_url":"https:\/\/plazadetoroslamalagueta.com\/de\/liefertermin-und-provisionen\/","og_site_name":"Plaza de Toros La Malagueta","article_modified_time":"2025-01-15T12:09:58+00:00","og_image":[{"width":1200,"height":675,"url":"https:\/\/plazadetoroslamalagueta.com\/wp-content\/uploads\/2023\/03\/Diseno-sin-titulo.jpeg","type":"image\/jpeg"}],"twitter_card":"summary_large_image","twitter_misc":{"Gesch\u00e4tzte Lesezeit":"1\u00a0Minute"},"schema":{"@context":"https:\/\/schema.org","@graph":[{"@type":"WebPage","@id":"https:\/\/plazadetoroslamalagueta.com\/de\/liefertermin-und-provisionen\/","url":"https:\/\/plazadetoroslamalagueta.com\/de\/liefertermin-und-provisionen\/","name":"Liefertermin und Ticketgeb\u00fchren | La Malagueta","isPartOf":{"@id":"https:\/\/plazadetoroslamalagueta.com\/de\/#website"},"datePublished":"2024-04-15T08:39:54+00:00","dateModified":"2025-01-15T12:09:58+00:00","description":"\u00dcberpr\u00fcfen Sie die Liefertermine der Tickets f\u00fcr die Stierk\u00e4mpfe in M\u00e1laga sowie die in den Stierkampftickets enthaltenen Provisionen.","breadcrumb":{"@id":"https:\/\/plazadetoroslamalagueta.com\/de\/liefertermin-und-provisionen\/#breadcrumb"},"inLanguage":"de","potentialAction":[{"@type":"ReadAction","target":["https:\/\/plazadetoroslamalagueta.com\/de\/liefertermin-und-provisionen\/"]}]},{"@type":"BreadcrumbList","@id":"https:\/\/plazadetoroslamalagueta.com\/de\/liefertermin-und-provisionen\/#breadcrumb","itemListElement":[{"@type":"ListItem","position":1,"name":"Inicio","item":"https:\/\/plazadetoroslamalagueta.com\/de\/"},{"@type":"ListItem","position":2,"name":"Liefertermin und Provisionen"}]},{"@type":"WebSite","@id":"https:\/\/plazadetoroslamalagueta.com\/de\/#website","url":"https:\/\/plazadetoroslamalagueta.com\/de\/","name":"Plaza de Toros de la Malagueta","description":"La Plaza de Toros de M\u00e1laga, de nombre La Malagueta, es un edificio reconocido Bien de Inter\u00e9s Cultural, que ofrece visitas tur\u00edsticas y corridas de toros y otros tipos de espect\u00e1culo durante todo el a\u00f1o.","publisher":{"@id":"https:\/\/plazadetoroslamalagueta.com\/de\/#organization"},"alternateName":"Plaza de Toros M\u00e1laga","potentialAction":[{"@type":"SearchAction","target":{"@type":"EntryPoint","urlTemplate":"https:\/\/plazadetoroslamalagueta.com\/de\/?s={search_term_string}"},"query-input":{"@type":"PropertyValueSpecification","valueRequired":true,"valueName":"search_term_string"}}],"inLanguage":"de"},{"@type":"Organization","@id":"https:\/\/plazadetoroslamalagueta.com\/de\/#organization","name":"Plaza de Toros la Malagueta","url":"https:\/\/plazadetoroslamalagueta.com\/de\/","logo":{"@type":"ImageObject","inLanguage":"de","@id":"https:\/\/plazadetoroslamalagueta.com\/de\/#\/schema\/logo\/image\/","url":"https:\/\/plazadetoroslamalagueta.com\/wp-content\/uploads\/2024\/02\/Logo-plaza-toros.webp","contentUrl":"https:\/\/plazadetoroslamalagueta.com\/wp-content\/uploads\/2024\/02\/Logo-plaza-toros.webp","width":100,"height":100,"caption":"Plaza de Toros la Malagueta"},"image":{"@id":"https:\/\/plazadetoroslamalagueta.com\/de\/#\/schema\/logo\/image\/"}}]}},"_links":{"self":[{"href":"https:\/\/plazadetoroslamalagueta.com\/de\/wp-json\/wp\/v2\/pages\/22543","targetHints":{"allow":["GET"]}}],"collection":[{"href":"https:\/\/plazadetoroslamalagueta.com\/de\/wp-json\/wp\/v2\/pages"}],"about":[{"href":"https:\/\/plazadetoroslamalagueta.com\/de\/wp-json\/wp\/v2\/types\/page"}],"author":[{"embeddable":true,"href":"https:\/\/plazadetoroslamalagueta.com\/de\/wp-json\/wp\/v2\/users\/4"}],"replies":[{"embeddable":true,"href":"https:\/\/plazadetoroslamalagueta.com\/de\/wp-json\/wp\/v2\/comments?post=22543"}],"version-history":[{"count":1,"href":"https:\/\/plazadetoroslamalagueta.com\/de\/wp-json\/wp\/v2\/pages\/22543\/revisions"}],"predecessor-version":[{"id":22550,"href":"https:\/\/plazadetoroslamalagueta.com\/de\/wp-json\/wp\/v2\/pages\/22543\/revisions\/22550"}],"wp:attachment":[{"href":"https:\/\/plazadetoroslamalagueta.com\/de\/wp-json\/wp\/v2\/media?parent=22543"}],"curies":[{"name":"wp","href":"https:\/\/api.w.org\/{rel}","templated":true}]}}