{"id":22504,"date":"2024-09-20T16:29:33","date_gmt":"2024-09-20T14:29:33","guid":{"rendered":"https:\/\/plazadetoroslamalagueta.com\/stierkampfarena-tour\/"},"modified":"2026-03-03T14:44:06","modified_gmt":"2026-03-03T13:44:06","slug":"stierkampfarena-tour","status":"publish","type":"page","link":"https:\/\/plazadetoroslamalagueta.com\/de\/stierkampfarena-tour\/","title":{"rendered":"Stierkampfarena Tour"},"content":{"rendered":"<section class=\"l-section wpb_row height_huge color_secondary with_img parallax_ver\"><div class=\"l-section-img\" role=\"img\" aria-label=\"Bild\" data-img-width=\"1680\" data-img-height=\"840\" style=\"background-image: url(https:\/\/plazadetoroslamalagueta.com\/wp-content\/uploads\/2024\/09\/Tour-plaza-toros-malaga.webp);\"><\/div><div class=\"l-section-overlay\" style=\"background:linear-gradient(90deg,#000,rgba(0,0,0,0.00))\"><\/div><div class=\"l-section-h i-cf\"><div class=\"g-cols vc_row via_grid cols_1 laptops-cols_inherit tablets-cols_1 mobiles-cols_1 valign_top type_default reversed stacking_default\" style=\"--columns-gap:0rem;\"><div class=\"wpb_column vc_column_container us_custom_fd43344c\"><div class=\"vc_column-inner\"><div class=\"w-text us_custom_3bd44eb5 has_text_color no_text\"><span class=\"w-text-h\"><span class=\"w-text-value\"><\/span><\/span><\/div><h1 class=\"w-text\"><span class=\"w-text-h\"><span class=\"w-text-value\">Besichtigung der Stierkampfarena in M\u00e1laga + Stierkampf-Museum zum Anfassen<\/span><\/span><\/h1><div class=\"w-separator size_small\"><\/div><div class=\"w-separator size_small\"><\/div><div class=\"w-btn-wrapper align_none\"><a class=\"w-btn us-btn-style_1\" target=\"_blank\" href=\"https:\/\/lamalaguetatour.com\/\"><span class=\"w-btn-label\">Weitere Informationen und Reservierungen<\/span><\/a><\/div><\/div><\/div><\/div><\/div><\/section><section class=\"l-section wpb_row height_medium\"><div class=\"l-section-h i-cf\"><div class=\"g-cols vc_row via_grid cols_3-2 laptops-cols_2 tablets-cols_inherit mobiles-cols_1 valign_middle type_default reversed stacking_default\" style=\"--columns-gap:5%;\"><div class=\"wpb_column vc_column_container\"><div class=\"vc_column-inner\"><div class=\"w-image align_none\"><div class=\"w-image-h\"><img decoding=\"async\" width=\"1024\" height=\"682\" src=\"https:\/\/plazadetoroslamalagueta.com\/wp-content\/uploads\/2023\/10\/andanadas-plaza-de-toros-1024x682.webp\" class=\"attachment-large size-large\" alt=\"\" loading=\"lazy\" srcset=\"https:\/\/plazadetoroslamalagueta.com\/wp-content\/uploads\/2023\/10\/andanadas-plaza-de-toros-1024x682.webp 1024w, https:\/\/plazadetoroslamalagueta.com\/wp-content\/uploads\/2023\/10\/andanadas-plaza-de-toros-300x200.webp 300w, https:\/\/plazadetoroslamalagueta.com\/wp-content\/uploads\/2023\/10\/andanadas-plaza-de-toros.webp 1100w\" sizes=\"auto, (max-width: 1024px) 100vw, 1024px\" \/><\/div><\/div><\/div><\/div><div class=\"wpb_column vc_column_container\"><div class=\"vc_column-inner\"><div class=\"wpb_text_column\"><div class=\"wpb_wrapper\"><h2>Besuchen Sie jede Ecke der Stierkampfarena<\/h2>\n<p>W\u00e4hrend der Tour k\u00f6nnen die Besucher durch die gesamte Stierkampfarena Malagueta spazieren, vom Haupttor bis zur Stierkampfarena, durch die Tendidos oder den Callej\u00f3n, die Krankenstation oder sogar die Toriles, und schlie\u00dflich in die permanente immersive Ausstellung.<\/p>\n<p>Die Besichtigung kann individuell mit Audioguides in mehreren Sprachen oder in privaten Gruppen in Begleitung eines F\u00fchrers erfolgen.<\/p>\n<\/div><\/div><div class=\"w-btn-wrapper align_none\"><a class=\"w-btn us-btn-style_1\" target=\"_blank\" href=\"https:\/\/tickets.lamalaguetatour.com\/\"><span class=\"w-btn-label\">Weitere Informationen und Reservierungen<\/span><\/a><\/div><\/div><\/div><\/div><\/div><\/section><section class=\"l-section wpb_row height_medium\"><div class=\"l-section-h i-cf\"><div class=\"g-cols vc_row via_grid cols_2-3 laptops-cols_2 tablets-cols_inherit mobiles-cols_1 valign_middle type_default stacking_default\" style=\"--columns-gap:5%;\"><div class=\"wpb_column vc_column_container\"><div class=\"vc_column-inner\"><div class=\"wpb_text_column\"><div class=\"wpb_wrapper\"><h2>ein in der Welt einzigartiges Stierkampfmuseum<\/h2>\n<p>Das Immersive Erlebniszentrum des Stierkampfes in der Stierkampfarena von M\u00e1laga verf\u00fcgt \u00fcber 6 S\u00e4le, in denen die Besucher etwas \u00fcber die Urspr\u00fcnge des Stierkampfes in der Welt und in M\u00e1laga erfahren, Werke internationaler K\u00fcnstler aus M\u00e1laga, der Dehesa und dem Land des Stierkampfes entdecken und sich mit allerlei Spielen und digitalen Erfahrungen vergn\u00fcgen k\u00f6nnen.<\/p>\n<p>Zweifellos das technischste Stierkampfmuseum der Welt.<\/p>\n<\/div><\/div><div class=\"w-btn-wrapper align_none\"><a class=\"w-btn us-btn-style_1\" target=\"_blank\" href=\"https:\/\/lamalaguetatour.com\/visitas-individuales\/\"><span class=\"w-btn-label\">Weitere Informationen und Reservierungen<\/span><\/a><\/div><\/div><\/div><div class=\"wpb_column vc_column_container\"><div class=\"vc_column-inner\"><div class=\"w-image align_none\"><div class=\"w-image-h\"><img decoding=\"async\" width=\"1024\" height=\"752\" src=\"https:\/\/plazadetoroslamalagueta.com\/wp-content\/uploads\/2025\/07\/Captura-de-pantalla-2025-07-03-a-las-10.36.13-1024x752.png\" class=\"attachment-large size-large\" alt=\"\" loading=\"lazy\" srcset=\"https:\/\/plazadetoroslamalagueta.com\/wp-content\/uploads\/2025\/07\/Captura-de-pantalla-2025-07-03-a-las-10.36.13-1024x752.png 1024w, https:\/\/plazadetoroslamalagueta.com\/wp-content\/uploads\/2025\/07\/Captura-de-pantalla-2025-07-03-a-las-10.36.13-300x220.png 300w, https:\/\/plazadetoroslamalagueta.com\/wp-content\/uploads\/2025\/07\/Captura-de-pantalla-2025-07-03-a-las-10.36.13.png 1740w\" sizes=\"auto, (max-width: 1024px) 100vw, 1024px\" \/><\/div><\/div><\/div><\/div><\/div><\/div><\/section><section class=\"l-section wpb_row height_medium\" id=\"contacto\"><div class=\"l-section-h i-cf\"><div class=\"g-cols vc_row via_grid cols_1 laptops-cols_inherit tablets-cols_inherit mobiles-cols_1 valign_top type_default stacking_default\"><div class=\"wpb_column vc_column_container\"><div class=\"vc_column-inner\"><div class=\"wpb_text_column\"><div class=\"wpb_wrapper\"><h2 style=\"text-align: center;\">Reservierungen f\u00fcr Reiseb\u00fcros<\/h2>\n<p style=\"text-align: center;\">Wenn Sie eine Agentur, ein Reiseveranstalter oder ein Reiseleiter sind und die Tour durch die Stierkampfarena von M\u00e1laga mit Ihren Kunden durchf\u00fchren m\u00f6chten, registrieren Sie sich auf unserer Buchungsplattform und wir werden Sie kontaktieren, um Ihnen Informationen \u00fcber die Tour und die Sonderkonditionen zu schicken.<\/p>\n<\/div><\/div><div class=\"w-separator size_medium\"><\/div><div class=\"w-btn-wrapper align_none\"><a class=\"w-btn us-btn-style_1\" target=\"_blank\" href=\"https:\/\/lamalaguetatour.com\/profesionales-y-agencias\/\"><span class=\"w-btn-label\">Mehr Informationen f\u00fcr Agenturen<\/span><\/a><\/div><\/div><\/div><\/div><\/div><\/section><section class=\"l-section wpb_row height_medium\"><div class=\"l-section-h i-cf\"><div class=\"g-cols vc_row via_grid cols_1 laptops-cols_inherit tablets-cols_inherit mobiles-cols_1 valign_top type_default stacking_default\"><div class=\"wpb_column vc_column_container\"><div class=\"vc_column-inner\"><div class=\"wpb_text_column\"><div class=\"wpb_wrapper\"><h2>Stierkampfarena Malaga \u2013 Eine der beliebtesten Sehensw\u00fcrdigkeiten in Malaga<\/h2>\n<p>Die Stierkampfarena La Malagueta geh\u00f6rt zu den wichtigsten Sehensw\u00fcrdigkeiten in Malaga. Der Besuch der historischen Arena bietet Einblicke in Architektur, Geschichte und die kulturelle Tradition Andalusiens. Tickets k\u00f6nnen online im Voraus gebucht werden.<\/p>\n<\/div><\/div><\/div><\/div><\/div><\/div><\/section><section class=\"l-section wpb_row height_medium\"><div class=\"l-section-h i-cf\"><div class=\"g-cols vc_row via_grid cols_1 laptops-cols_inherit tablets-cols_inherit mobiles-cols_1 valign_top type_default stacking_default\"><div class=\"wpb_column vc_column_container\"><div class=\"vc_column-inner\">[vc_raw_html]JTNDc2VjdGlvbiUyMGNsYXNzJTNEJTIyZmFxLXNlY3Rpb24lMjIlM0UlMEElMjAlMjAlM0NoMiUzRVN0aWVya2FtcGZhcmVuYSUyME1hbGFnYSUyMEJlc3VjaCUyMCVFMiU4MCU5MyUyMEglQzMlQTR1ZmlnJTIwZ2VzdGVsbHRlJTIwRnJhZ2VuJTNDJTJGaDIlM0UlMEElMEElMjAlMjAlM0NkZXRhaWxzJTIwY2xhc3MlM0QlMjJmYXEtaXRlbSUyMiUzRSUwQSUyMCUyMCUyMCUyMCUzQ3N1bW1hcnklM0UlMEElMjAlMjAlMjAlMjAlMjAlMjAlM0NzcGFuJTIwY2xhc3MlM0QlMjJmYXEtcXVlc3Rpb24tdGV4dCUyMiUzRVdhcyUyMHNpbmQlMjBkaWUlMjAlQzMlOTZmZm51bmdzemVpdGVuJTIwZGVyJTIwU3RpZXJrYW1wZmFyZW5hJTIwTWFsYWdhJTNGJTNDJTJGc3BhbiUzRSUwQSUyMCUyMCUyMCUyMCUyMCUyMCUzQ3NwYW4lMjBjbGFzcyUzRCUyMmZhcS1pY29uJTIyJTNFJTJCJTNDJTJGc3BhbiUzRSUwQSUyMCUyMCUyMCUyMCUzQyUyRnN1bW1hcnklM0UlMEElMjAlMjAlMjAlMjAlM0NwJTNFRGllJTIwU3RpZXJrYW1wZmFyZW5hJTIwTGElMjBNYWxhZ3VldGElMjBpbiUyME1hbGFnYSUyMGlzdCUyMHQlQzMlQTRnbGljaCUyMHZvbiUyMDEwJTNBMDAlMjBiaXMlMjAxOCUzQTAwJTIwVWhyJTIwZ2UlQzMlQjZmZm5ldC4lMjBMZXR6dGVyJTIwRWlubGFzcyUyMGlzdCUyMHVtJTIwMTclM0EwMCUyMFVoci4lM0MlMkZwJTNFJTBBJTIwJTIwJTNDJTJGZGV0YWlscyUzRSUwQSUwQSUyMCUyMCUzQ2RldGFpbHMlMjBjbGFzcyUzRCUyMmZhcS1pdGVtJTIyJTNFJTBBJTIwJTIwJTIwJTIwJTNDc3VtbWFyeSUzRSUwQSUyMCUyMCUyMCUyMCUyMCUyMCUzQ3NwYW4lMjBjbGFzcyUzRCUyMmZhcS1xdWVzdGlvbi10ZXh0JTIyJTNFTG9obnQlMjBzaWNoJTIwZWluJTIwQmVzdWNoJTIwZGVyJTIwU3RpZXJrYW1wZmFyZW5hJTIwaW4lMjBNYWxhZ2ElM0YlM0MlMkZzcGFuJTNFJTBBJTIwJTIwJTIwJTIwJTIwJTIwJTNDc3BhbiUyMGNsYXNzJTNEJTIyZmFxLWljb24lMjIlM0UlMkIlM0MlMkZzcGFuJTNFJTBBJTIwJTIwJTIwJTIwJTNDJTJGc3VtbWFyeSUzRSUwQSUyMCUyMCUyMCUyMCUzQ3AlM0VKYSUyQyUyMGRpZSUyMEFyZW5hJTIweiVDMyVBNGhsdCUyMHp1JTIwZGVuJTIwYmVrYW5udGVzdGVuJTIwU2VoZW5zdyVDMyVCQ3JkaWdrZWl0ZW4lMjBpbiUyME1hbGFnYS4lMjBCZXN1Y2hlciUyMGVyaGFsdGVuJTIwRWluYmxpY2slMjBpbiUyMGRpZSUyMEFyY2hpdGVrdHVyJTJDJTIwR2VzY2hpY2h0ZSUyMHVuZCUyMGt1bHR1cmVsbGUlMjBUcmFkaXRpb24lMjBBbmRhbHVzaWVucyUyMHVuZCUyMGslQzMlQjZubmVuJTIwZGllJTIwQXJlbmElMjBzZWxic3QlMjBiZXRyZXRlbi4lM0MlMkZwJTNFJTBBJTIwJTIwJTNDJTJGZGV0YWlscyUzRSUwQSUwQSUyMCUyMCUzQ2RldGFpbHMlMjBjbGFzcyUzRCUyMmZhcS1pdGVtJTIyJTNFJTBBJTIwJTIwJTIwJTIwJTNDc3VtbWFyeSUzRSUwQSUyMCUyMCUyMCUyMCUyMCUyMCUzQ3NwYW4lMjBjbGFzcyUzRCUyMmZhcS1xdWVzdGlvbi10ZXh0JTIyJTNFU29sbHRlJTIwbWFuJTIwVGlja2V0cyUyMGYlQzMlQkNyJTIwTGElMjBNYWxhZ3VldGElMjBpbSUyMFZvcmF1cyUyMGJ1Y2hlbiUzRiUzQyUyRnNwYW4lM0UlMEElMjAlMjAlMjAlMjAlMjAlMjAlM0NzcGFuJTIwY2xhc3MlM0QlMjJmYXEtaWNvbiUyMiUzRSUyQiUzQyUyRnNwYW4lM0UlMEElMjAlMjAlMjAlMjAlM0MlMkZzdW1tYXJ5JTNFJTBBJTIwJTIwJTIwJTIwJTNDcCUzRVdpciUyMGVtcGZlaGxlbiUyMGVpbmUlMjBPbmxpbmUtQnVjaHVuZyUyMGltJTIwVm9yYXVzJTJDJTIwYmVzb25kZXJzJTIwaW4lMjBkZXIlMjBIb2Noc2Fpc29uJTIwb2RlciUyMGJlaSUyMEtyZXV6ZmFocnRzY2hpZmYtQW5rJUMzJUJDbmZ0ZW4uJTIwU28lMjBzaWNoZXJuJTIwU2llJTIwc2ljaCUyMElocmVuJTIwRWludHJpdHQlMjBvaG5lJTIwV2FydGV6ZWl0LiUzQyUyRnAlM0UlMEElMjAlMjAlM0MlMkZkZXRhaWxzJTNFJTBBJTBBJTIwJTIwJTNDZGV0YWlscyUyMGNsYXNzJTNEJTIyZmFxLWl0ZW0lMjIlM0UlMEElMjAlMjAlMjAlMjAlM0NzdW1tYXJ5JTNFJTBBJTIwJTIwJTIwJTIwJTIwJTIwJTNDc3BhbiUyMGNsYXNzJTNEJTIyZmFxLXF1ZXN0aW9uLXRleHQlMjIlM0VXYXMlMjBpc3QlMjBpbSUyMEVpbnRyaXR0JTIwenVyJTIwU3RpZXJrYW1wZmFyZW5hJTIwTWFsYWdhJTIwZW50aGFsdGVuJTNGJTNDJTJGc3BhbiUzRSUwQSUyMCUyMCUyMCUyMCUyMCUyMCUzQ3NwYW4lMjBjbGFzcyUzRCUyMmZhcS1pY29uJTIyJTNFJTJCJTNDJTJGc3BhbiUzRSUwQSUyMCUyMCUyMCUyMCUzQyUyRnN1bW1hcnklM0UlMEElMjAlMjAlMjAlMjAlM0NwJTNFRGVyJTIwRWludHJpdHQlMjBiZWluaGFsdGV0JTIwZGVuJTIwWnVnYW5nJTIwenVyJTIwQXJlbmElMkMlMjB6dSUyMGF1c2dldyVDMyVBNGhsdGVuJTIwSW5uZW5iZXJlaWNoZW4lMkMlMjB6dW0lMjBpbW1lcnNpdmVuJTIwQXVzc3RlbGx1bmdzemVudHJ1bSUyMHNvd2llJTIwZWluZW4lMjBtZWhyc3ByYWNoaWdlbiUyMEF1ZGlvZ3VpZGUuJTNDJTJGcCUzRSUwQSUyMCUyMCUzQyUyRmRldGFpbHMlM0UlMEElMEElMjAlMjAlM0NkZXRhaWxzJTIwY2xhc3MlM0QlMjJmYXEtaXRlbSUyMiUzRSUwQSUyMCUyMCUyMCUyMCUzQ3N1bW1hcnklM0UlMEElMjAlMjAlMjAlMjAlMjAlMjAlM0NzcGFuJTIwY2xhc3MlM0QlMjJmYXEtcXVlc3Rpb24tdGV4dCUyMiUzRVdpZSUyMGxhbmdlJTIwZGF1ZXJ0JTIwZGVyJTIwQmVzdWNoJTIwZGVyJTIwU3RpZXJrYW1wZmFyZW5hJTNGJTNDJTJGc3BhbiUzRSUwQSUyMCUyMCUyMCUyMCUyMCUyMCUzQ3NwYW4lMjBjbGFzcyUzRCUyMmZhcS1pY29uJTIyJTNFJTJCJTNDJTJGc3BhbiUzRSUwQSUyMCUyMCUyMCUyMCUzQyUyRnN1bW1hcnklM0UlMEElMjAlMjAlMjAlMjAlM0NwJTNFRGllJTIwQmVzaWNodGlndW5nJTIwZGF1ZXJ0JTIwaW4lMjBkZXIlMjBSZWdlbCUyMHp3aXNjaGVuJTIwMSUyMHVuZCUyMDIlMjBTdHVuZGVuJTJDJTIwYWJoJUMzJUE0bmdpZyUyMHZvbSUyMGluZGl2aWR1ZWxsZW4lMjBUZW1wby4lM0MlMkZwJTNFJTBBJTIwJTIwJTNDJTJGZGV0YWlscyUzRSUwQSUwQSUyMCUyMCUzQ2RldGFpbHMlMjBjbGFzcyUzRCUyMmZhcS1pdGVtJTIyJTNFJTBBJTIwJTIwJTIwJTIwJTNDc3VtbWFyeSUzRSUwQSUyMCUyMCUyMCUyMCUyMCUyMCUzQ3NwYW4lMjBjbGFzcyUzRCUyMmZhcS1xdWVzdGlvbi10ZXh0JTIyJTNFSXN0JTIwZGllJTIwU3RpZXJrYW1wZmFyZW5hJTIwZWluZSUyMGRlciUyMHdpY2h0aWdzdGVuJTIwU2VoZW5zdyVDMyVCQ3JkaWdrZWl0ZW4lMjBpbiUyME1hbGFnYSUzRiUzQyUyRnNwYW4lM0UlMEElMjAlMjAlMjAlMjAlMjAlMjAlM0NzcGFuJTIwY2xhc3MlM0QlMjJmYXEtaWNvbiUyMiUzRSUyQiUzQyUyRnNwYW4lM0UlMEElMjAlMjAlMjAlMjAlM0MlMkZzdW1tYXJ5JTNFJTBBJTIwJTIwJTIwJTIwJTNDcCUzRUphJTJDJTIwTGElMjBNYWxhZ3VldGElMjBnZWglQzMlQjZydCUyMHp1JTIwZGVuJTIwaGlzdG9yaXNjaGVuJTIwV2FocnplaWNoZW4lMjBkZXIlMjBTdGFkdCUyMHVuZCUyMGlzdCUyMGVpbmUlMjBkZXIlMjBtZWlzdGJlc3VjaHRlbiUyMEF0dHJha3Rpb25lbiUyMGluJTIwTWFsYWdhLiUzQyUyRnAlM0UlMEElMjAlMjAlM0MlMkZkZXRhaWxzJTNFJTBBJTBBJTIwJTIwJTNDZGV0YWlscyUyMGNsYXNzJTNEJTIyZmFxLWl0ZW0lMjIlM0UlMEElMjAlMjAlMjAlMjAlM0NzdW1tYXJ5JTNFJTBBJTIwJTIwJTIwJTIwJTIwJTIwJTNDc3BhbiUyMGNsYXNzJTNEJTIyZmFxLXF1ZXN0aW9uLXRleHQlMjIlM0VJc3QlMjBkZXIlMjBCZXN1Y2glMjBmJUMzJUJDciUyMEZhbWlsaWVuJTIwZ2VlaWduZXQlM0YlM0MlMkZzcGFuJTNFJTBBJTIwJTIwJTIwJTIwJTIwJTIwJTNDc3BhbiUyMGNsYXNzJTNEJTIyZmFxLWljb24lMjIlM0UlMkIlM0MlMkZzcGFuJTNFJTBBJTIwJTIwJTIwJTIwJTNDJTJGc3VtbWFyeSUzRSUwQSUyMCUyMCUyMCUyMCUzQ3AlM0VKYSUyQyUyMGRpZSUyMEF1c3N0ZWxsdW5nJTIwaXN0JTIwa3VsdHVyZWxsJTIwdW5kJTIwaW5mb3JtYXRpdiUyMGdlc3RhbHRldCUyMHVuZCUyMGVpZ25ldCUyMHNpY2glMjBkYW5rJTIwbW9kZXJuZXIlMjBtdWx0aW1lZGlhbGVyJTIwUHIlQzMlQTRzZW50YXRpb25lbiUyMGF1Y2glMjBmJUMzJUJDciUyMEZhbWlsaWVuJTIwbWl0JTIwS2luZGVybi4lM0MlMkZwJTNFJTBBJTIwJTIwJTNDJTJGZGV0YWlscyUzRSUwQSUwQSUzQyUyRnNlY3Rpb24lM0U=[\/vc_raw_html]<\/div><\/div><\/div><\/div><\/section>\n","protected":false},"excerpt":{"rendered":"Besichtigung der Stierkampfarena in M\u00e1laga + Stierkampf-Museum zum AnfassenWeitere Informationen und ReservierungenBesuchen Sie jede Ecke der Stierkampfarena W\u00e4hrend der Tour k\u00f6nnen die Besucher durch die gesamte Stierkampfarena Malagueta spazieren, vom Haupttor bis zur Stierkampfarena, durch die Tendidos oder den Callej\u00f3n, die Krankenstation oder sogar die Toriles, und schlie\u00dflich in die permanente immersive Ausstellung. Die Besichtigung...","protected":false},"author":4,"featured_media":0,"parent":0,"menu_order":0,"comment_status":"closed","ping_status":"closed","template":"","meta":{"footnotes":""},"class_list":["post-22504","page","type-page","status-publish","hentry"],"yoast_head":"<!-- This site is optimized with the Yoast SEO plugin v27.4 - https:\/\/yoast.com\/product\/yoast-seo-wordpress\/ -->\n<title>Stierkampfarena Malaga Besuch | La Malagueta Tickets<\/title>\n<meta name=\"description\" content=\"Entdecken Sie eine der Top-Sehensw\u00fcrdigkeiten in Malaga. Eintritt zur Stierkampfarena La Malagueta inkl. Arena &amp; Ausstellung.\" \/>\n<meta name=\"robots\" content=\"index, follow, max-snippet:-1, max-image-preview:large, max-video-preview:-1\" \/>\n<link rel=\"canonical\" href=\"https:\/\/plazadetoroslamalagueta.com\/de\/stierkampfarena-tour\/\" \/>\n<meta property=\"og:locale\" content=\"de_DE\" \/>\n<meta property=\"og:type\" content=\"article\" \/>\n<meta property=\"og:title\" content=\"Stierkampfarena Malaga Besuch | La Malagueta Tickets\" \/>\n<meta property=\"og:description\" content=\"Entdecken Sie eine der Top-Sehensw\u00fcrdigkeiten in Malaga. Eintritt zur Stierkampfarena La Malagueta inkl. Arena &amp; Ausstellung.\" \/>\n<meta property=\"og:url\" content=\"https:\/\/plazadetoroslamalagueta.com\/de\/stierkampfarena-tour\/\" \/>\n<meta property=\"og:site_name\" content=\"Plaza de Toros La Malagueta\" \/>\n<meta property=\"article:modified_time\" content=\"2026-03-03T13:44:06+00:00\" \/>\n<meta property=\"og:image\" content=\"https:\/\/plazadetoroslamalagueta.com\/wp-content\/uploads\/2023\/03\/Diseno-sin-titulo.jpeg\" \/>\n\t<meta property=\"og:image:width\" content=\"1200\" \/>\n\t<meta property=\"og:image:height\" content=\"675\" \/>\n\t<meta property=\"og:image:type\" content=\"image\/jpeg\" \/>\n<meta name=\"twitter:card\" content=\"summary_large_image\" \/>\n<meta name=\"twitter:label1\" content=\"Gesch\u00e4tzte Lesezeit\" \/>\n\t<meta name=\"twitter:data1\" content=\"2\u00a0Minuten\" \/>\n<script type=\"application\/ld+json\" class=\"yoast-schema-graph\">{\"@context\":\"https:\\\/\\\/schema.org\",\"@graph\":[{\"@type\":\"WebPage\",\"@id\":\"https:\\\/\\\/plazadetoroslamalagueta.com\\\/de\\\/stierkampfarena-tour\\\/\",\"url\":\"https:\\\/\\\/plazadetoroslamalagueta.com\\\/de\\\/stierkampfarena-tour\\\/\",\"name\":\"Stierkampfarena Malaga Besuch | La Malagueta Tickets\",\"isPartOf\":{\"@id\":\"https:\\\/\\\/plazadetoroslamalagueta.com\\\/de\\\/#website\"},\"datePublished\":\"2024-09-20T14:29:33+00:00\",\"dateModified\":\"2026-03-03T13:44:06+00:00\",\"description\":\"Entdecken Sie eine der Top-Sehensw\u00fcrdigkeiten in Malaga. Eintritt zur Stierkampfarena La Malagueta inkl. Arena & Ausstellung.\",\"breadcrumb\":{\"@id\":\"https:\\\/\\\/plazadetoroslamalagueta.com\\\/de\\\/stierkampfarena-tour\\\/#breadcrumb\"},\"inLanguage\":\"de\",\"potentialAction\":[{\"@type\":\"ReadAction\",\"target\":[\"https:\\\/\\\/plazadetoroslamalagueta.com\\\/de\\\/stierkampfarena-tour\\\/\"]}]},{\"@type\":\"BreadcrumbList\",\"@id\":\"https:\\\/\\\/plazadetoroslamalagueta.com\\\/de\\\/stierkampfarena-tour\\\/#breadcrumb\",\"itemListElement\":[{\"@type\":\"ListItem\",\"position\":1,\"name\":\"Inicio\",\"item\":\"https:\\\/\\\/plazadetoroslamalagueta.com\\\/de\\\/\"},{\"@type\":\"ListItem\",\"position\":2,\"name\":\"Stierkampfarena Tour\"}]},{\"@type\":\"WebSite\",\"@id\":\"https:\\\/\\\/plazadetoroslamalagueta.com\\\/de\\\/#website\",\"url\":\"https:\\\/\\\/plazadetoroslamalagueta.com\\\/de\\\/\",\"name\":\"Plaza de Toros de la Malagueta\",\"description\":\"La Plaza de Toros de M\u00e1laga, de nombre La Malagueta, es un edificio reconocido Bien de Inter\u00e9s Cultural, que ofrece visitas tur\u00edsticas y corridas de toros y otros tipos de espect\u00e1culo durante todo el a\u00f1o.\",\"publisher\":{\"@id\":\"https:\\\/\\\/plazadetoroslamalagueta.com\\\/de\\\/#organization\"},\"alternateName\":\"Plaza de Toros M\u00e1laga\",\"potentialAction\":[{\"@type\":\"SearchAction\",\"target\":{\"@type\":\"EntryPoint\",\"urlTemplate\":\"https:\\\/\\\/plazadetoroslamalagueta.com\\\/de\\\/?s={search_term_string}\"},\"query-input\":{\"@type\":\"PropertyValueSpecification\",\"valueRequired\":true,\"valueName\":\"search_term_string\"}}],\"inLanguage\":\"de\"},{\"@type\":\"Organization\",\"@id\":\"https:\\\/\\\/plazadetoroslamalagueta.com\\\/de\\\/#organization\",\"name\":\"Plaza de Toros la Malagueta\",\"url\":\"https:\\\/\\\/plazadetoroslamalagueta.com\\\/de\\\/\",\"logo\":{\"@type\":\"ImageObject\",\"inLanguage\":\"de\",\"@id\":\"https:\\\/\\\/plazadetoroslamalagueta.com\\\/de\\\/#\\\/schema\\\/logo\\\/image\\\/\",\"url\":\"https:\\\/\\\/plazadetoroslamalagueta.com\\\/wp-content\\\/uploads\\\/2024\\\/02\\\/Logo-plaza-toros.webp\",\"contentUrl\":\"https:\\\/\\\/plazadetoroslamalagueta.com\\\/wp-content\\\/uploads\\\/2024\\\/02\\\/Logo-plaza-toros.webp\",\"width\":100,\"height\":100,\"caption\":\"Plaza de Toros la Malagueta\"},\"image\":{\"@id\":\"https:\\\/\\\/plazadetoroslamalagueta.com\\\/de\\\/#\\\/schema\\\/logo\\\/image\\\/\"}}]}<\/script>\n<!-- \/ Yoast SEO plugin. -->","yoast_head_json":{"title":"Stierkampfarena Malaga Besuch | La Malagueta Tickets","description":"Entdecken Sie eine der Top-Sehensw\u00fcrdigkeiten in Malaga. Eintritt zur Stierkampfarena La Malagueta inkl. Arena & Ausstellung.","robots":{"index":"index","follow":"follow","max-snippet":"max-snippet:-1","max-image-preview":"max-image-preview:large","max-video-preview":"max-video-preview:-1"},"canonical":"https:\/\/plazadetoroslamalagueta.com\/de\/stierkampfarena-tour\/","og_locale":"de_DE","og_type":"article","og_title":"Stierkampfarena Malaga Besuch | La Malagueta Tickets","og_description":"Entdecken Sie eine der Top-Sehensw\u00fcrdigkeiten in Malaga. Eintritt zur Stierkampfarena La Malagueta inkl. Arena & Ausstellung.","og_url":"https:\/\/plazadetoroslamalagueta.com\/de\/stierkampfarena-tour\/","og_site_name":"Plaza de Toros La Malagueta","article_modified_time":"2026-03-03T13:44:06+00:00","og_image":[{"width":1200,"height":675,"url":"https:\/\/plazadetoroslamalagueta.com\/wp-content\/uploads\/2023\/03\/Diseno-sin-titulo.jpeg","type":"image\/jpeg"}],"twitter_card":"summary_large_image","twitter_misc":{"Gesch\u00e4tzte Lesezeit":"2\u00a0Minuten"},"schema":{"@context":"https:\/\/schema.org","@graph":[{"@type":"WebPage","@id":"https:\/\/plazadetoroslamalagueta.com\/de\/stierkampfarena-tour\/","url":"https:\/\/plazadetoroslamalagueta.com\/de\/stierkampfarena-tour\/","name":"Stierkampfarena Malaga Besuch | La Malagueta Tickets","isPartOf":{"@id":"https:\/\/plazadetoroslamalagueta.com\/de\/#website"},"datePublished":"2024-09-20T14:29:33+00:00","dateModified":"2026-03-03T13:44:06+00:00","description":"Entdecken Sie eine der Top-Sehensw\u00fcrdigkeiten in Malaga. Eintritt zur Stierkampfarena La Malagueta inkl. Arena & Ausstellung.","breadcrumb":{"@id":"https:\/\/plazadetoroslamalagueta.com\/de\/stierkampfarena-tour\/#breadcrumb"},"inLanguage":"de","potentialAction":[{"@type":"ReadAction","target":["https:\/\/plazadetoroslamalagueta.com\/de\/stierkampfarena-tour\/"]}]},{"@type":"BreadcrumbList","@id":"https:\/\/plazadetoroslamalagueta.com\/de\/stierkampfarena-tour\/#breadcrumb","itemListElement":[{"@type":"ListItem","position":1,"name":"Inicio","item":"https:\/\/plazadetoroslamalagueta.com\/de\/"},{"@type":"ListItem","position":2,"name":"Stierkampfarena Tour"}]},{"@type":"WebSite","@id":"https:\/\/plazadetoroslamalagueta.com\/de\/#website","url":"https:\/\/plazadetoroslamalagueta.com\/de\/","name":"Plaza de Toros de la Malagueta","description":"La Plaza de Toros de M\u00e1laga, de nombre La Malagueta, es un edificio reconocido Bien de Inter\u00e9s Cultural, que ofrece visitas tur\u00edsticas y corridas de toros y otros tipos de espect\u00e1culo durante todo el a\u00f1o.","publisher":{"@id":"https:\/\/plazadetoroslamalagueta.com\/de\/#organization"},"alternateName":"Plaza de Toros M\u00e1laga","potentialAction":[{"@type":"SearchAction","target":{"@type":"EntryPoint","urlTemplate":"https:\/\/plazadetoroslamalagueta.com\/de\/?s={search_term_string}"},"query-input":{"@type":"PropertyValueSpecification","valueRequired":true,"valueName":"search_term_string"}}],"inLanguage":"de"},{"@type":"Organization","@id":"https:\/\/plazadetoroslamalagueta.com\/de\/#organization","name":"Plaza de Toros la Malagueta","url":"https:\/\/plazadetoroslamalagueta.com\/de\/","logo":{"@type":"ImageObject","inLanguage":"de","@id":"https:\/\/plazadetoroslamalagueta.com\/de\/#\/schema\/logo\/image\/","url":"https:\/\/plazadetoroslamalagueta.com\/wp-content\/uploads\/2024\/02\/Logo-plaza-toros.webp","contentUrl":"https:\/\/plazadetoroslamalagueta.com\/wp-content\/uploads\/2024\/02\/Logo-plaza-toros.webp","width":100,"height":100,"caption":"Plaza de Toros la Malagueta"},"image":{"@id":"https:\/\/plazadetoroslamalagueta.com\/de\/#\/schema\/logo\/image\/"}}]}},"_links":{"self":[{"href":"https:\/\/plazadetoroslamalagueta.com\/de\/wp-json\/wp\/v2\/pages\/22504","targetHints":{"allow":["GET"]}}],"collection":[{"href":"https:\/\/plazadetoroslamalagueta.com\/de\/wp-json\/wp\/v2\/pages"}],"about":[{"href":"https:\/\/plazadetoroslamalagueta.com\/de\/wp-json\/wp\/v2\/types\/page"}],"author":[{"embeddable":true,"href":"https:\/\/plazadetoroslamalagueta.com\/de\/wp-json\/wp\/v2\/users\/4"}],"replies":[{"embeddable":true,"href":"https:\/\/plazadetoroslamalagueta.com\/de\/wp-json\/wp\/v2\/comments?post=22504"}],"version-history":[{"count":14,"href":"https:\/\/plazadetoroslamalagueta.com\/de\/wp-json\/wp\/v2\/pages\/22504\/revisions"}],"predecessor-version":[{"id":36282,"href":"https:\/\/plazadetoroslamalagueta.com\/de\/wp-json\/wp\/v2\/pages\/22504\/revisions\/36282"}],"wp:attachment":[{"href":"https:\/\/plazadetoroslamalagueta.com\/de\/wp-json\/wp\/v2\/media?parent=22504"}],"curies":[{"name":"wp","href":"https:\/\/api.w.org\/{rel}","templated":true}]}}