{"id":22097,"date":"2023-02-17T10:13:03","date_gmt":"2023-02-17T09:13:03","guid":{"rendered":"https:\/\/plazadetoroslamalagueta.com\/datenschutzbestimmungen\/"},"modified":"2025-01-15T13:08:51","modified_gmt":"2025-01-15T12:08:51","slug":"datenschutzbestimmungen","status":"publish","type":"page","link":"https:\/\/plazadetoroslamalagueta.com\/de\/datenschutzbestimmungen\/","title":{"rendered":"Datenschutzbestimmungen"},"content":{"rendered":"<section class=\"l-section wpb_row height_medium\"><div class=\"l-section-h i-cf\"><div class=\"g-cols vc_row via_grid cols_1 laptops-cols_inherit tablets-cols_inherit mobiles-cols_1 valign_top type_default stacking_default\"><div class=\"wpb_column vc_column_container\"><div class=\"vc_column-inner\"><div class=\"wpb_text_column\"><div class=\"wpb_wrapper\"><h3>Schutz personenbezogener Daten gem\u00e4\u00df der GDPR<\/h3>\n<p>Toroshopping, S.L., <a href=\"https:\/\/plazadetoroslamalagueta.com\/de\/\" target=\"_blank\" rel=\"noopener\" data-saferedirecturl=\"https:\/\/www.google.com\/url?q=https:\/\/plazadetoroslamalagueta.com&amp;source=gmail&amp;ust=1693983469555000&amp;usg=AOvVaw0Kv9NnnAxoC0yzzBNQaVlR\"><wbr><\/wbr>informiert in Anwendung der geltenden Gesetzgebung \u00fcber den<\/a> <a href=\"https:\/\/protecciondatos-lopd.com\/auditoria\/proteccion-datos\/\" target=\"_blank\" rel=\"noopener\" data-saferedirecturl=\"https:\/\/www.google.com\/url?q=https:\/\/protecciondatos-lopd.com\/auditoria\/proteccion-datos\/&amp;source=gmail&amp;ust=1693983469555000&amp;usg=AOvVaw06cAt1rQmvPvcyiRrzyEtd\">Schutz<\/a> personenbezogener <a href=\"https:\/\/protecciondatos-lopd.com\/auditoria\/proteccion-datos\/\" target=\"_blank\" rel=\"noopener\" data-saferedirecturl=\"https:\/\/www.google.com\/url?q=https:\/\/protecciondatos-lopd.com\/auditoria\/proteccion-datos\/&amp;source=gmail&amp;ust=1693983469555000&amp;usg=AOvVaw06cAt1rQmvPvcyiRrzyEtd\">Daten<\/a>, dass die personenbezogenen Daten, die \u00fcber die Formulare auf der Website <a href=\"https:\/\/plazadetoroslamalagueta.com\/de\/\" target=\"_blank\" rel=\"noopener\" data-saferedirecturl=\"https:\/\/www.google.com\/url?q=https:\/\/plazadetoroslamalagueta.com&amp;source=gmail&amp;ust=1693983469555000&amp;usg=AOvVaw0Kv9NnnAxoC0yzzBNQaVlR\">https:\/\/ plazadetoroslamalagueta.com<\/a> gesammelt werden, in die spezifischen automatisierten Dateien der Nutzer der Dienstleistungen von Toroshopping, S.L. aufgenommen werden. Die Erhebung und automatisierte Verarbeitung personenbezogener Daten dient dem Zweck der Aufrechterhaltung der Gesch\u00e4ftsbeziehung und der Erf\u00fcllung von Aufgaben der Information, Schulung, Beratung und anderer Aktivit\u00e4ten von Toroshopping, S.L. Diese Daten werden nur an diejenigen Stellen weitergegeben, die f\u00fcr die Erf\u00fcllung des oben genannten Zwecks erforderlich sind. Toroshopping, S.L. ergreift die notwendigen Ma\u00dfnahmen, um die Sicherheit, Integrit\u00e4t und Vertraulichkeit der Daten gem\u00e4\u00df den Bestimmungen der Verordnung (EU) 2016\/679 des Europ\u00e4ischen Parlaments und des Rates vom 27. April 2016 zum Schutz nat\u00fcrlicher Personen bei der Verarbeitung personenbezogener Daten und zum freien Datenverkehr und zur Aufhebung der alten LOPD, dem neuen Organgesetz 3\/2018 vom 5. Dezember \u00fcber den Datenschutz und die Garantie digitaler Rechte (LOPDGDDD) zu gew\u00e4hrleisten. Der Nutzer kann jederzeit die in der oben genannten Verordnung (EU) anerkannten Rechte auf Zugang, Widerspruch, Berichtigung, L\u00f6schung, Einschr\u00e4nkung und \u00dcbertragbarkeit aus\u00fcben. Diese Rechte kann der Nutzer aus\u00fcben, indem er eine E-Mail an <a href=\"mailto:info@toroshopping.com\" target=\"_blank\" rel=\"noopener\">info@toroshopping.com<\/a> oder an die folgende Adresse sendet: Centro Melior Vasari. Urbanizaci\u00f3n La Alzambra, 3, Local 1, C.P. 29660 &#8211; Marbella (M\u00e1laga). Der Benutzer erkl\u00e4rt, dass alle von ihm angegebenen Daten wahrheitsgetreu und korrekt sind, und verpflichtet sich, sie auf dem neuesten Stand zu halten und Toroshopping, S.L. alle \u00c4nderungen mitzuteilen.<\/p>\n<h5><strong>Zweck der Verarbeitung von personenbezogenen Daten:<\/strong><\/h5>\n<p><strong>Zu welchen Zwecken verarbeiten wir Ihre pers\u00f6nlichen Daten?<\/strong><\/p>\n<p> <a href=\"https:\/\/plazadetoroslamalagueta.com\/de\/\" target=\"_blank\" rel=\"noopener\" data-saferedirecturl=\"https:\/\/www.google.com\/url?q=https:\/\/plazadetoroslamalagueta.com&amp;source=gmail&amp;ust=1693983469555000&amp;usg=AOvVaw0Kv9NnnAxoC0yzzBNQaVlR\"><wbr><\/wbr>Toroshopping, S.L. verarbeitet Ihre pers\u00f6nlichen Daten, die \u00fcber die Website<\/a> <a href=\"https:\/\/plazadetoroslamalagueta.com\/de\/\" target=\"_blank\" rel=\"noopener\" data-saferedirecturl=\"https:\/\/www.google.com\/url?q=https:\/\/plazadetoroslamalagueta.com&amp;source=gmail&amp;ust=1693983469555000&amp;usg=AOvVaw0Kv9NnnAxoC0yzzBNQaVlR\">https:\/\/ plazadetoroslamalagueta.com<\/a> gesammelt wurden, f\u00fcr die folgenden Zwecke:<\/p>\n<ol>\n<li>Die Einhaltung der handels-, arbeits-, gesellschafts- und buchhalterischen Verpflichtungen des Unternehmens.<\/li>\n<li>Seine Dienstleistungen entsprechend den besonderen Bed\u00fcrfnissen der Kunden zu erbringen, um die von ihm abgeschlossenen Vertr\u00e4ge zu erf\u00fcllen.<\/li>\n<li>Zusendung von kommerziellen Informationen und Newslettern \u00fcber neue Dienstleistungen, die auf der Website und in der Branche angeboten werden.<\/li>\n<li>Um die auf der Website angebotenen Produkte zu kaufen.<\/li>\n<li>Um die vom Benutzer in Auftrag gegebenen Dienstleistungen zu erbringen.<\/li>\n<li>Versenden Sie Werbeinformationen auf elektronischem Wege.<\/li>\n<li>Geben Sie die vom Benutzer \u00fcber das Kontaktformular angeforderten Informationen ein.<\/li>\n<\/ol>\n<p>Wir erinnern Sie daran, dass Sie sich der Zusendung kommerzieller Mitteilungen jederzeit widersetzen k\u00f6nnen, indem Sie eine E-Mail an die oben angegebene Adresse senden. Die Felder in diesen Datens\u00e4tzen m\u00fcssen ausgef\u00fcllt werden, und es wird unm\u00f6glich sein, die angegebenen Zwecke zu erf\u00fcllen, wenn diese Daten nicht angegeben werden.<\/p>\n<p><strong>Wie lange werden die erfassten pers\u00f6nlichen Daten aufbewahrt?<\/strong><\/p>\n<p>Die zur Verf\u00fcgung gestellten personenbezogenen Daten werden so lange aufbewahrt, wie die Gesch\u00e4ftsbeziehung aufrechterhalten wird oder Sie deren L\u00f6schung nicht verlangen, sowie f\u00fcr den Zeitraum, f\u00fcr den sich aus den erbrachten Dienstleistungen rechtliche Verpflichtungen ergeben k\u00f6nnen.<\/p>\n<h5>Legitimation:<\/h5>\n<p>Die Verarbeitung Ihrer Daten erfolgt auf den folgenden Rechtsgrundlagen, die sie legitimieren:<\/p>\n<ol>\n<li>Die Anfrage nach Informationen und\/oder die Inanspruchnahme der Dienstleistungen von Toroshopping, S.L., deren Bedingungen Ihnen in jedem Fall vor einem eventuellen Vertragsabschluss zur Verf\u00fcgung gestellt werden.<\/li>\n<li>Freie, spezifische, informierte und eindeutige Zustimmung, sofern wir Sie informieren, indem wir Ihnen diese Datenschutzerkl\u00e4rung zur Verf\u00fcgung stellen, die Sie, wenn Sie damit einverstanden sind, nach dem Lesen durch eine Erkl\u00e4rung oder eine eindeutige best\u00e4tigende Handlung, wie das Ankreuzen eines zu diesem Zweck vorgesehenen K\u00e4stchens, akzeptieren k\u00f6nnen.<\/li>\n<\/ol>\n<p>Wenn Sie uns Ihre Daten nicht, falsch oder unvollst\u00e4ndig zur Verf\u00fcgung stellen, k\u00f6nnen wir Ihre Anfrage nicht bearbeiten, so dass es uns nicht m\u00f6glich ist, Ihnen die gew\u00fcnschten Informationen zur Verf\u00fcgung zu stellen oder den Auftrag f\u00fcr die Dienstleistungen auszuf\u00fchren.<\/p>\n<h5>Zielgruppe:<\/h5>\n<p>Die Daten werden nicht an Dritte au\u00dferhalb von Toroshopping, S.L. weitergegeben, es sei denn, Sie sind gesetzlich dazu verpflichtet.<\/p>\n<h5>Von den Nutzern der Dienste gesammelte Daten<\/h5>\n<p>In F\u00e4llen, in denen der Benutzer Dateien mit personenbezogenen Daten auf den gemeinsam genutzten Hosting-Servern ablegt, ist Toroshopping, S.L. nicht f\u00fcr die Nichteinhaltung der RGPD durch den Benutzer verantwortlich.<\/p>\n<h5> <a href=\"https:\/\/plazadetoroslamalagueta.com\/de\/\" target=\"_blank\" rel=\"noopener\" data-saferedirecturl=\"https:\/\/www.google.com\/url?q=https:\/\/plazadetoroslamalagueta.com&amp;source=gmail&amp;ust=1693983469555000&amp;usg=AOvVaw0Kv9NnnAxoC0yzzBNQaVlR\"><wbr><\/wbr>Rechte an geistigem Eigentum<\/a> <a href=\"https:\/\/plazadetoroslamalagueta.com\/de\/\" target=\"_blank\" rel=\"noopener\" data-saferedirecturl=\"https:\/\/www.google.com\/url?q=https:\/\/plazadetoroslamalagueta.com&amp;source=gmail&amp;ust=1693983469555000&amp;usg=AOvVaw0Kv9NnnAxoC0yzzBNQaVlR\">https:\/\/ plazadetoroslamalagueta.com<\/a><\/h5>\n<p><a href=\"https:\/\/plazadetoroslamalagueta.com\/de\/\" target=\"_blank\" rel=\"noopener\" data-saferedirecturl=\"https:\/\/www.google.com\/url?q=https:\/\/plazadetoroslamalagueta.com&amp;source=gmail&amp;ust=1693983469555000&amp;usg=AOvVaw0Kv9NnnAxoC0yzzBNQaVlR\"><wbr><\/wbr>Toroshopping, S.L. ist Inhaber aller Urheberrechte, des geistigen und gewerblichen Eigentums, des &#8222;Know-Hows&#8220; und aller anderen Rechte im Zusammenhang mit dem Inhalt der Website<\/a> <a href=\"https:\/\/plazadetoroslamalagueta.com\/de\/\" target=\"_blank\" rel=\"noopener\" data-saferedirecturl=\"https:\/\/www.google.com\/url?q=https:\/\/plazadetoroslamalagueta.com&amp;source=gmail&amp;ust=1693983469555000&amp;usg=AOvVaw0Kv9NnnAxoC0yzzBNQaVlR\">https:\/\/ plazadetoroslamalagueta.com<\/a> und den darin angebotenen Dienstleistungen sowie der f\u00fcr ihre Umsetzung erforderlichen Programme und der damit verbundenen Informationen. <a href=\"https:\/\/plazadetoroslamalagueta.com\/de\/\" target=\"_blank\" rel=\"noopener\" data-saferedirecturl=\"https:\/\/www.google.com\/url?q=https:\/\/plazadetoroslamalagueta.com&amp;source=gmail&amp;ust=1693983469555000&amp;usg=AOvVaw0Kv9NnnAxoC0yzzBNQaVlR\"><wbr><\/wbr>Die Vervielf\u00e4ltigung, Ver\u00f6ffentlichung und\/oder Nutzung der Inhalte der Website<\/a> <a href=\"https:\/\/plazadetoroslamalagueta.com\/de\/\" target=\"_blank\" rel=\"noopener\" data-saferedirecturl=\"https:\/\/www.google.com\/url?q=https:\/\/plazadetoroslamalagueta.com&amp;source=gmail&amp;ust=1693983469555000&amp;usg=AOvVaw0Kv9NnnAxoC0yzzBNQaVlR\">https:\/\/ plazadetoroslamalagueta.com<\/a>, ganz oder teilweise, au\u00dfer f\u00fcr den rein privaten Gebrauch, ist ohne vorherige schriftliche Genehmigung nicht gestattet.<\/p>\n<h5>Software Geistiges Eigentum<\/h5>\n<p>Der Benutzer muss die von Toroshopping, S.L. zur Verf\u00fcgung gestellten Programme von Dritten respektieren, auch wenn sie kostenlos und\/oder \u00f6ffentlich zug\u00e4nglich sind. Toroshopping, S.L. verf\u00fcgt \u00fcber die notwendigen Nutzungsrechte und das geistige Eigentum an der Software. Der Benutzer erwirbt keine Rechte oder Lizenzen an der vertraglich vereinbarten Dienstleistung, an der f\u00fcr die Erbringung der Dienstleistung notwendigen Software und an den technischen Informationen, die die Dienstleistung \u00fcberwachen, au\u00dfer den Rechten und Lizenzen, die f\u00fcr die Erf\u00fcllung der vertraglich vereinbarten Dienstleistungen notwendig sind, und nur f\u00fcr die Dauer derselben. F\u00fcr jede Handlung, die \u00fcber die Erf\u00fcllung des Vertrages hinausgeht, ben\u00f6tigt der Benutzer eine schriftliche Genehmigung von Toroshopping, S.L., und es ist dem Benutzer untersagt, auf die Konfiguration, die Struktur und die Dateien der Server von Toroshopping, S.L. zuzugreifen, sie zu ver\u00e4ndern oder einzusehen, wobei er die zivil- und strafrechtliche Verantwortung f\u00fcr jeden Vorfall \u00fcbernimmt, der sich auf den Servern und den Sicherheitssystemen als direkte Folge einer fahrl\u00e4ssigen oder b\u00f6swilligen Handlung seinerseits ereignen k\u00f6nnte.<\/p>\n<h5>Geistiges Eigentum an gehosteten Inhalten<\/h5>\n<p>Die Nutzung der von Toroshopping, S.L. bereitgestellten Dienste und insbesondere die Nutzung der folgenden Elemente unter Versto\u00df gegen die Gesetzgebung zum geistigen Eigentum:<\/p>\n<ol>\n<li>Nutzung, die gegen das spanische Recht verst\u00f6\u00dft oder die Rechte Dritter verletzt.<\/li>\n<li>Die Ver\u00f6ffentlichung oder \u00dcbermittlung von Inhalten, die nach Meinung von Toroshopping, S.L. gewaltt\u00e4tig, obsz\u00f6n, beleidigend, illegal, rassistisch, fremdenfeindlich oder diffamierend sind.<\/li>\n<li>Cracks, Software-Seriennummern oder andere Inhalte, die die geistigen Eigentumsrechte Dritter verletzen.<\/li>\n<li>Die Erhebung und\/oder Nutzung personenbezogener Daten anderer Nutzer ohne deren ausdr\u00fcckliche Zustimmung oder unter Versto\u00df gegen die Bestimmungen der Verordnung (EU) 2016\/679 des Europ\u00e4ischen Parlaments und des Rates vom 27. April 2016 zum Schutz nat\u00fcrlicher Personen bei der Verarbeitung personenbezogener Daten und zum freien Datenverkehr.<\/li>\n<li>Die Verwendung des Mailservers und der E-Mail-Adressen der Domain f\u00fcr den Versand unerw\u00fcnschter Massen-E-Mails.<\/li>\n<\/ol>\n<p>Der Nutzer tr\u00e4gt die volle Verantwortung f\u00fcr den Inhalt seiner Website, die \u00fcbermittelten und gespeicherten Informationen, Hypertext-Links, Anspr\u00fcche Dritter und rechtliche Schritte in Bezug auf das geistige Eigentum, die Rechte Dritter und den Schutz von Minderj\u00e4hrigen. Der Benutzer ist verantwortlich f\u00fcr die Einhaltung der geltenden Gesetze und Vorschriften sowie der Regeln f\u00fcr den Betrieb des Online-Dienstes, den elektronischen Handel, das Urheberrecht, die Aufrechterhaltung der \u00f6ffentlichen Ordnung und die allgemeinen Grunds\u00e4tze der Internetnutzung. Der Benutzer entsch\u00e4digt Toroshopping, S.L. f\u00fcr die Kosten, die Toroshopping, S.L. in einem vom Benutzer zu verantwortenden Fall entstehen, einschlie\u00dflich der Anwalts- und Gerichtskosten, auch im Falle einer nicht endg\u00fcltigen Gerichtsentscheidung.<\/p>\n<h5>Schutz von gehosteten Informationen<\/h5>\n<p>Toroshopping, S.L. erstellt Sicherungskopien der auf seinen Servern gehosteten Inhalte, ist jedoch nicht f\u00fcr den Verlust oder die versehentliche L\u00f6schung von Daten durch Benutzer verantwortlich. Toroshopping, S.L. garantiert auch nicht die vollst\u00e4ndige Wiederherstellung der von den Nutzern gel\u00f6schten Daten, da diese in dem Zeitraum, der seit der letzten Sicherungskopie verstrichen ist, gel\u00f6scht und\/oder ver\u00e4ndert worden sein k\u00f6nnen. Die angebotenen Dienste, mit Ausnahme der speziellen Backup-Dienste, beinhalten nicht den Ersatz der Inhalte der von Toroshopping, S.L. erstellten Sicherungskopien, wenn dieser Verlust dem Benutzer zuzuschreiben ist; in diesem Fall wird eine Geb\u00fchr je nach Komplexit\u00e4t und Umfang der Wiederherstellung festgelegt, immer mit vorheriger Zustimmung des Benutzers. Die Wiederherstellung gel\u00f6schter Daten ist nur dann im Preis des Dienstes enthalten, wenn der Verlust der Inhalte auf Ursachen zur\u00fcckzuf\u00fchren ist, die Toroshopping, S.L. zuzuschreiben sind. <\/p>\n<h5>Kommerzielle Kommunikationen<\/h5>\n<p>In Anwendung des LSSI. Toroshopping, S.L. sendet keine Werbe- oder verkaufsf\u00f6rdernden Mitteilungen per E-Mail oder \u00fcber andere gleichwertige elektronische Kommunikationsmittel, die nicht zuvor angefordert oder von den Empf\u00e4ngern ausdr\u00fccklich genehmigt wurden. Im Falle von Nutzern, mit denen eine fr\u00fchere vertragliche Beziehung besteht, ist Toroshopping, S.L. berechtigt, kommerzielle Mitteilungen \u00fcber Produkte oder Dienstleistungen von Toroshopping, S.L. zu senden, die denen \u00e4hnlich sind, die urspr\u00fcnglich mit dem Kunden vertraglich vereinbart wurden. In jedem Fall kann der Benutzer, nachdem er seine Identit\u00e4t nachgewiesen hat, \u00fcber die Kan\u00e4le des Kundendienstes verlangen, dass ihm keine weiteren kommerziellen Informationen zugesandt werden. <\/p>\n<\/div><\/div><\/div><\/div><\/div><\/div><\/section>\n","protected":false},"excerpt":{"rendered":"Schutz personenbezogener Daten gem\u00e4\u00df der GDPR Toroshopping, S.L., informiert in Anwendung der geltenden Gesetzgebung \u00fcber den Schutz personenbezogener Daten, dass die personenbezogenen Daten, die \u00fcber die Formulare auf der Website https:\/\/ plazadetoroslamalagueta.com gesammelt werden, in die spezifischen automatisierten Dateien der Nutzer der Dienstleistungen von Toroshopping, S.L. aufgenommen werden. Die Erhebung und automatisierte Verarbeitung personenbezogener Daten...","protected":false},"author":5,"featured_media":22098,"parent":0,"menu_order":0,"comment_status":"closed","ping_status":"closed","template":"","meta":{"footnotes":""},"class_list":["post-22097","page","type-page","status-publish","has-post-thumbnail","hentry"],"yoast_head":"<!-- This site is optimized with the Yoast SEO plugin v27.5 - https:\/\/yoast.com\/product\/yoast-seo-wordpress\/ -->\n<title>Datenschutzbestimmungen - Plaza de Toros La Malagueta<\/title>\n<meta name=\"robots\" content=\"index, follow, max-snippet:-1, max-image-preview:large, max-video-preview:-1\" \/>\n<link rel=\"canonical\" href=\"https:\/\/plazadetoroslamalagueta.com\/de\/datenschutzbestimmungen\/\" \/>\n<meta property=\"og:locale\" content=\"de_DE\" \/>\n<meta property=\"og:type\" content=\"article\" \/>\n<meta property=\"og:title\" content=\"Datenschutzbestimmungen - Plaza de Toros La Malagueta\" \/>\n<meta property=\"og:url\" content=\"https:\/\/plazadetoroslamalagueta.com\/de\/datenschutzbestimmungen\/\" \/>\n<meta property=\"og:site_name\" content=\"Plaza de Toros La Malagueta\" \/>\n<meta property=\"article:modified_time\" content=\"2025-01-15T12:08:51+00:00\" \/>\n<meta property=\"og:image\" content=\"https:\/\/plazadetoroslamalagueta.com\/wp-content\/uploads\/2023\/02\/IMG_3635-scaled.jpg\" \/>\n\t<meta property=\"og:image:width\" content=\"2560\" \/>\n\t<meta property=\"og:image:height\" content=\"1707\" \/>\n\t<meta property=\"og:image:type\" content=\"image\/jpeg\" \/>\n<meta name=\"twitter:card\" content=\"summary_large_image\" \/>\n<meta name=\"twitter:label1\" content=\"Gesch\u00e4tzte Lesezeit\" \/>\n\t<meta name=\"twitter:data1\" content=\"7\u00a0Minuten\" \/>\n<script type=\"application\/ld+json\" class=\"yoast-schema-graph\">{\"@context\":\"https:\\\/\\\/schema.org\",\"@graph\":[{\"@type\":\"WebPage\",\"@id\":\"https:\\\/\\\/plazadetoroslamalagueta.com\\\/de\\\/datenschutzbestimmungen\\\/\",\"url\":\"https:\\\/\\\/plazadetoroslamalagueta.com\\\/de\\\/datenschutzbestimmungen\\\/\",\"name\":\"Datenschutzbestimmungen - Plaza de Toros La Malagueta\",\"isPartOf\":{\"@id\":\"https:\\\/\\\/plazadetoroslamalagueta.com\\\/de\\\/#website\"},\"primaryImageOfPage\":{\"@id\":\"https:\\\/\\\/plazadetoroslamalagueta.com\\\/de\\\/datenschutzbestimmungen\\\/#primaryimage\"},\"image\":{\"@id\":\"https:\\\/\\\/plazadetoroslamalagueta.com\\\/de\\\/datenschutzbestimmungen\\\/#primaryimage\"},\"thumbnailUrl\":\"https:\\\/\\\/plazadetoroslamalagueta.com\\\/wp-content\\\/uploads\\\/2023\\\/02\\\/IMG_3635-scaled.jpg\",\"datePublished\":\"2023-02-17T09:13:03+00:00\",\"dateModified\":\"2025-01-15T12:08:51+00:00\",\"breadcrumb\":{\"@id\":\"https:\\\/\\\/plazadetoroslamalagueta.com\\\/de\\\/datenschutzbestimmungen\\\/#breadcrumb\"},\"inLanguage\":\"de\",\"potentialAction\":[{\"@type\":\"ReadAction\",\"target\":[\"https:\\\/\\\/plazadetoroslamalagueta.com\\\/de\\\/datenschutzbestimmungen\\\/\"]}]},{\"@type\":\"ImageObject\",\"inLanguage\":\"de\",\"@id\":\"https:\\\/\\\/plazadetoroslamalagueta.com\\\/de\\\/datenschutzbestimmungen\\\/#primaryimage\",\"url\":\"https:\\\/\\\/plazadetoroslamalagueta.com\\\/wp-content\\\/uploads\\\/2023\\\/02\\\/IMG_3635-scaled.jpg\",\"contentUrl\":\"https:\\\/\\\/plazadetoroslamalagueta.com\\\/wp-content\\\/uploads\\\/2023\\\/02\\\/IMG_3635-scaled.jpg\",\"width\":2560,\"height\":1707},{\"@type\":\"BreadcrumbList\",\"@id\":\"https:\\\/\\\/plazadetoroslamalagueta.com\\\/de\\\/datenschutzbestimmungen\\\/#breadcrumb\",\"itemListElement\":[{\"@type\":\"ListItem\",\"position\":1,\"name\":\"Inicio\",\"item\":\"https:\\\/\\\/plazadetoroslamalagueta.com\\\/de\\\/\"},{\"@type\":\"ListItem\",\"position\":2,\"name\":\"Datenschutzbestimmungen\"}]},{\"@type\":\"WebSite\",\"@id\":\"https:\\\/\\\/plazadetoroslamalagueta.com\\\/de\\\/#website\",\"url\":\"https:\\\/\\\/plazadetoroslamalagueta.com\\\/de\\\/\",\"name\":\"Plaza de Toros de la Malagueta\",\"description\":\"La Plaza de Toros de M\u00e1laga, de nombre La Malagueta, es un edificio reconocido Bien de Inter\u00e9s Cultural, que ofrece visitas tur\u00edsticas y corridas de toros y otros tipos de espect\u00e1culo durante todo el a\u00f1o.\",\"publisher\":{\"@id\":\"https:\\\/\\\/plazadetoroslamalagueta.com\\\/de\\\/#organization\"},\"alternateName\":\"Plaza de Toros M\u00e1laga\",\"potentialAction\":[{\"@type\":\"SearchAction\",\"target\":{\"@type\":\"EntryPoint\",\"urlTemplate\":\"https:\\\/\\\/plazadetoroslamalagueta.com\\\/de\\\/?s={search_term_string}\"},\"query-input\":{\"@type\":\"PropertyValueSpecification\",\"valueRequired\":true,\"valueName\":\"search_term_string\"}}],\"inLanguage\":\"de\"},{\"@type\":\"Organization\",\"@id\":\"https:\\\/\\\/plazadetoroslamalagueta.com\\\/de\\\/#organization\",\"name\":\"Plaza de Toros la Malagueta\",\"url\":\"https:\\\/\\\/plazadetoroslamalagueta.com\\\/de\\\/\",\"logo\":{\"@type\":\"ImageObject\",\"inLanguage\":\"de\",\"@id\":\"https:\\\/\\\/plazadetoroslamalagueta.com\\\/de\\\/#\\\/schema\\\/logo\\\/image\\\/\",\"url\":\"https:\\\/\\\/plazadetoroslamalagueta.com\\\/wp-content\\\/uploads\\\/2024\\\/02\\\/Logo-plaza-toros.webp\",\"contentUrl\":\"https:\\\/\\\/plazadetoroslamalagueta.com\\\/wp-content\\\/uploads\\\/2024\\\/02\\\/Logo-plaza-toros.webp\",\"width\":100,\"height\":100,\"caption\":\"Plaza de Toros la Malagueta\"},\"image\":{\"@id\":\"https:\\\/\\\/plazadetoroslamalagueta.com\\\/de\\\/#\\\/schema\\\/logo\\\/image\\\/\"}}]}<\/script>\n<!-- \/ Yoast SEO plugin. -->","yoast_head_json":{"title":"Datenschutzbestimmungen - Plaza de Toros La Malagueta","robots":{"index":"index","follow":"follow","max-snippet":"max-snippet:-1","max-image-preview":"max-image-preview:large","max-video-preview":"max-video-preview:-1"},"canonical":"https:\/\/plazadetoroslamalagueta.com\/de\/datenschutzbestimmungen\/","og_locale":"de_DE","og_type":"article","og_title":"Datenschutzbestimmungen - Plaza de Toros La Malagueta","og_url":"https:\/\/plazadetoroslamalagueta.com\/de\/datenschutzbestimmungen\/","og_site_name":"Plaza de Toros La Malagueta","article_modified_time":"2025-01-15T12:08:51+00:00","og_image":[{"width":2560,"height":1707,"url":"https:\/\/plazadetoroslamalagueta.com\/wp-content\/uploads\/2023\/02\/IMG_3635-scaled.jpg","type":"image\/jpeg"}],"twitter_card":"summary_large_image","twitter_misc":{"Gesch\u00e4tzte Lesezeit":"7\u00a0Minuten"},"schema":{"@context":"https:\/\/schema.org","@graph":[{"@type":"WebPage","@id":"https:\/\/plazadetoroslamalagueta.com\/de\/datenschutzbestimmungen\/","url":"https:\/\/plazadetoroslamalagueta.com\/de\/datenschutzbestimmungen\/","name":"Datenschutzbestimmungen - Plaza de Toros La Malagueta","isPartOf":{"@id":"https:\/\/plazadetoroslamalagueta.com\/de\/#website"},"primaryImageOfPage":{"@id":"https:\/\/plazadetoroslamalagueta.com\/de\/datenschutzbestimmungen\/#primaryimage"},"image":{"@id":"https:\/\/plazadetoroslamalagueta.com\/de\/datenschutzbestimmungen\/#primaryimage"},"thumbnailUrl":"https:\/\/plazadetoroslamalagueta.com\/wp-content\/uploads\/2023\/02\/IMG_3635-scaled.jpg","datePublished":"2023-02-17T09:13:03+00:00","dateModified":"2025-01-15T12:08:51+00:00","breadcrumb":{"@id":"https:\/\/plazadetoroslamalagueta.com\/de\/datenschutzbestimmungen\/#breadcrumb"},"inLanguage":"de","potentialAction":[{"@type":"ReadAction","target":["https:\/\/plazadetoroslamalagueta.com\/de\/datenschutzbestimmungen\/"]}]},{"@type":"ImageObject","inLanguage":"de","@id":"https:\/\/plazadetoroslamalagueta.com\/de\/datenschutzbestimmungen\/#primaryimage","url":"https:\/\/plazadetoroslamalagueta.com\/wp-content\/uploads\/2023\/02\/IMG_3635-scaled.jpg","contentUrl":"https:\/\/plazadetoroslamalagueta.com\/wp-content\/uploads\/2023\/02\/IMG_3635-scaled.jpg","width":2560,"height":1707},{"@type":"BreadcrumbList","@id":"https:\/\/plazadetoroslamalagueta.com\/de\/datenschutzbestimmungen\/#breadcrumb","itemListElement":[{"@type":"ListItem","position":1,"name":"Inicio","item":"https:\/\/plazadetoroslamalagueta.com\/de\/"},{"@type":"ListItem","position":2,"name":"Datenschutzbestimmungen"}]},{"@type":"WebSite","@id":"https:\/\/plazadetoroslamalagueta.com\/de\/#website","url":"https:\/\/plazadetoroslamalagueta.com\/de\/","name":"Plaza de Toros de la Malagueta","description":"La Plaza de Toros de M\u00e1laga, de nombre La Malagueta, es un edificio reconocido Bien de Inter\u00e9s Cultural, que ofrece visitas tur\u00edsticas y corridas de toros y otros tipos de espect\u00e1culo durante todo el a\u00f1o.","publisher":{"@id":"https:\/\/plazadetoroslamalagueta.com\/de\/#organization"},"alternateName":"Plaza de Toros M\u00e1laga","potentialAction":[{"@type":"SearchAction","target":{"@type":"EntryPoint","urlTemplate":"https:\/\/plazadetoroslamalagueta.com\/de\/?s={search_term_string}"},"query-input":{"@type":"PropertyValueSpecification","valueRequired":true,"valueName":"search_term_string"}}],"inLanguage":"de"},{"@type":"Organization","@id":"https:\/\/plazadetoroslamalagueta.com\/de\/#organization","name":"Plaza de Toros la Malagueta","url":"https:\/\/plazadetoroslamalagueta.com\/de\/","logo":{"@type":"ImageObject","inLanguage":"de","@id":"https:\/\/plazadetoroslamalagueta.com\/de\/#\/schema\/logo\/image\/","url":"https:\/\/plazadetoroslamalagueta.com\/wp-content\/uploads\/2024\/02\/Logo-plaza-toros.webp","contentUrl":"https:\/\/plazadetoroslamalagueta.com\/wp-content\/uploads\/2024\/02\/Logo-plaza-toros.webp","width":100,"height":100,"caption":"Plaza de Toros la Malagueta"},"image":{"@id":"https:\/\/plazadetoroslamalagueta.com\/de\/#\/schema\/logo\/image\/"}}]}},"_links":{"self":[{"href":"https:\/\/plazadetoroslamalagueta.com\/de\/wp-json\/wp\/v2\/pages\/22097","targetHints":{"allow":["GET"]}}],"collection":[{"href":"https:\/\/plazadetoroslamalagueta.com\/de\/wp-json\/wp\/v2\/pages"}],"about":[{"href":"https:\/\/plazadetoroslamalagueta.com\/de\/wp-json\/wp\/v2\/types\/page"}],"author":[{"embeddable":true,"href":"https:\/\/plazadetoroslamalagueta.com\/de\/wp-json\/wp\/v2\/users\/5"}],"replies":[{"embeddable":true,"href":"https:\/\/plazadetoroslamalagueta.com\/de\/wp-json\/wp\/v2\/comments?post=22097"}],"version-history":[{"count":2,"href":"https:\/\/plazadetoroslamalagueta.com\/de\/wp-json\/wp\/v2\/pages\/22097\/revisions"}],"predecessor-version":[{"id":22101,"href":"https:\/\/plazadetoroslamalagueta.com\/de\/wp-json\/wp\/v2\/pages\/22097\/revisions\/22101"}],"wp:featuredmedia":[{"embeddable":true,"href":"https:\/\/plazadetoroslamalagueta.com\/de\/wp-json\/wp\/v2\/media\/22098"}],"wp:attachment":[{"href":"https:\/\/plazadetoroslamalagueta.com\/de\/wp-json\/wp\/v2\/media?parent=22097"}],"curies":[{"name":"wp","href":"https:\/\/api.w.org\/{rel}","templated":true}]}}