{"id":22002,"date":"2023-02-28T15:40:47","date_gmt":"2023-02-28T14:40:47","guid":{"rendered":"https:\/\/plazadetoroslamalagueta.com\/das-plaza\/"},"modified":"2025-07-09T12:25:00","modified_gmt":"2025-07-09T10:25:00","slug":"das-arena","status":"publish","type":"page","link":"https:\/\/plazadetoroslamalagueta.com\/de\/das-arena\/","title":{"rendered":"Das Arena"},"content":{"rendered":"<section class=\"l-section wpb_row height_medium\"><div class=\"l-section-h i-cf\"><div class=\"g-cols vc_row via_grid cols_1 laptops-cols_inherit tablets-cols_inherit mobiles-cols_1 valign_top type_default stacking_default\"><div class=\"wpb_column vc_column_container\"><div class=\"vc_column-inner\"><div class=\"wpb_text_column\"><div class=\"wpb_wrapper\"><h1 class=\"wp-block-heading\">Geschichte der Stierkampfarena von M\u00e1laga<\/h1>\n<p>Die Stierkampfarena in M\u00e1laga, die nach dem Viertel, in dem sie sich befindet, La Malagueta genannt wird, wurde <strong>1874 von dem <span>kantabrischen Architekten<\/span> Joaqu\u00edn Rucoba<\/strong> erbaut, der sich bei ihrem Entwurf von der <strong>klassizistischen Architektur<\/strong> inspirieren lie\u00df. Rucoba hatte in Madrid und Paris studiert und war einer der Hauptvertreter des architektonischen Eklektizismus in Spanien.<\/p>\n<p>Der Bau der Stierkampfarena La Malagueta geht auf die Initiative einer Gruppe von Gesch\u00e4ftsleuten und Liebhabern des Stierkampfes aus M\u00e1laga zur\u00fcck, die sich in einer Gesellschaft namens &#8222;La Malagueta&#8220; organisiert haben. Das Ziel der Gesellschaft war es, eine moderne und funktionelle Stierkampfarena zu bauen, die eine gro\u00dfe Anzahl von Zuschauern aufnehmen konnte.<\/p>\n<p><strong>Die Stierkampfarena von La Malagueta wurde am 11. Juni 1876<\/strong> mit einem Stierkampf <strong>eingeweiht<\/strong>, an dem die Stierk\u00e4mpfer &#8222;El Tato&#8220;, &#8222;Frascuelo&#8220; und &#8222;Lagartijo&#8220; teilnahmen. Seitdem war die Stierkampfarena Schauplatz zahlreicher Stierk\u00e4mpfe und Stierkampfveranstaltungen, was sie zu einem der wichtigsten Stierkampfschaupl\u00e4tze in Spanien macht.<\/p>\n<p>Im Jahr 1981 wurde die Plaza de Toros de La Malagueta <strong>von der Junta de Andaluc\u00eda zum Kulturgut<\/strong> erkl\u00e4rt und damit ihr historischer und architektonischer Wert anerkannt. Auch heute noch ist die Stierkampfarena ein Wahrzeichen M\u00e1lagas und eine der wichtigsten Touristenattraktionen der Stadt. Sie befindet sich im Besitz der Diputaci\u00f3n de M\u00e1laga.<\/p>\n<\/div><\/div><div class=\"w-btn-wrapper align_center\"><a class=\"w-btn us-btn-style_2\" target=\"_blank\" href=\"https:\/\/lamalaguetatour.com\/\"><span class=\"w-btn-label\">Informationen \u00fcber Besuche in der Stierkampfarena La Malaguetea<\/span><\/a><\/div><\/div><\/div><\/div><\/div><\/section><section class=\"l-section wpb_row height_medium\"><div class=\"l-section-h i-cf\"><div class=\"g-cols vc_row via_grid cols_2 laptops-cols_inherit tablets-cols_inherit mobiles-cols_1 valign_top type_default stacking_default\"><div class=\"wpb_column vc_column_container\"><div class=\"vc_column-inner\"><div class=\"wpb_text_column\"><div class=\"wpb_wrapper\"><h2 class=\"wp-block-heading\">Architektur<\/h2>\n<p>Die Architektur von La Malagueta zeichnet sich durch ihren <strong>klassizistischen Stil<\/strong> aus, der von der <strong>traditionellen andalusischen und maurischen Architektur<\/strong> inspiriert ist.<\/p>\n<div class=\"text-base my-auto mx-auto py-5 &#091;--thread-content-margin:--spacing(4)&#093; @&#091;37rem&#093;:&#091;--thread-content-margin:--spacing(6)&#093; @&#091;72rem&#093;:&#091;--thread-content-margin:--spacing(16)&#093; px-(--thread-content-margin)\">\n<div class=\"&#091;--thread-content-max-width:32rem&#093; @&#091;34rem&#093;:&#091;--thread-content-max-width:40rem&#093; @&#091;64rem&#093;:&#091;--thread-content-max-width:48rem&#093; mx-auto flex max-w-(--thread-content-max-width) flex-1 text-base gap-4 md:gap-5 lg:gap-6 group\/turn-messages focus-visible:outline-hidden\" tabindex=\"-1\">\n<div class=\"group\/conversation-turn relative flex w-full min-w-0 flex-col agent-turn\">\n<div class=\"relative flex-col gap-1 md:gap-3\">\n<div class=\"flex max-w-full flex-col grow\">\n<div class=\"min-h-8 text-message relative flex w-full flex-col items-end gap-2 text-start break-words whitespace-normal &#091;.text-message+&amp;&#093;:mt-5\" dir=\"auto\" data-message-author-role=\"assistant\" data-message-id=\"4c31fca8-18dd-4642-beec-27055b08bf82\" data-message-model-slug=\"gpt-4o\">\n<div class=\"flex w-full flex-col gap-1 empty:hidden first:pt-&#091;3px&#093;\">\n<div class=\"markdown prose dark:prose-invert w-full break-words light\">\n<p data-start=\"0\" data-end=\"324\" data-is-last-node=\"\" data-is-only-node=\"\">Das \u00c4u\u00dfere des Geb\u00e4udes spiegelt einen attraktiven klassizistischen Stil wider, der durch breite halbrunde Arkaden und T\u00fcrmchen gekennzeichnet ist, die dem Ensemble auf subtile Weise Bewegung und Rhythmus verleihen. Diese Elemente f\u00fcgen sich harmonisch in die vorherrschende Verwendung von Sichtbackstein und die innere Eisenstruktur ein.<\/p>\n<p data-start=\"0\" data-end=\"324\" data-is-last-node=\"\" data-is-only-node=\"\">Die Fassade des Platzes ist mit Hufeisenb\u00f6gen, S\u00e4ulen und glasierten Keramikfliesen verziert, die einen charakteristischen Effekt von Licht und Schatten erzeugen.<\/p>\n<p data-start=\"0\" data-end=\"324\" data-is-last-node=\"\" data-is-only-node=\"\">Im Inneren des Platzes befindet sich eine kreisf\u00f6rmige Arena, die von Steinstufen und einem Dach aus Holz und Zink umgeben ist. La Malagueta hat nach seiner letzten Renovierung eine Kapazit\u00e4t von 10.000 Zuschauern.<\/p>\n<\/div>\n<\/div>\n<\/div>\n<\/div>\n<\/div>\n<\/div>\n<\/div>\n<\/div>\n<\/div><\/div><\/div><\/div><div class=\"wpb_column vc_column_container\"><div class=\"vc_column-inner\"><div class=\"w-slider style_none fit_scaledown nav_none count_2\"><div class=\"w-slider-h\" aria-hidden=\"true\"><div class=\"royalSlider\"><div class=\"rsContent\"><a class=\"rsImg\" data-rsw=\"1024\" data-rsh=\"683\" href=\"https:\/\/plazadetoroslamalagueta.com\/wp-content\/uploads\/2023\/03\/IMG_0869-1024x683.jpg\"><span data-alt=\"\"><\/span><\/a><\/div><div class=\"rsContent\"><a class=\"rsImg\" data-rsw=\"1024\" data-rsh=\"683\" href=\"https:\/\/plazadetoroslamalagueta.com\/wp-content\/uploads\/2023\/03\/IMG_0970-1024x683.jpg\"><span data-alt=\"\"><\/span><\/a><\/div><\/div><img decoding=\"async\" src=\"https:\/\/plazadetoroslamalagueta.com\/wp-content\/uploads\/2023\/03\/IMG_0869-1024x683.jpg\" width=\"1024\" height=\"683\" alt loading=\"lazy\"><\/div><div class=\"w-slider-json\" onclick='return {&quot;autoScaleSlider&quot;:true,&quot;addActiveClass&quot;:true,&quot;loop&quot;:true,&quot;fadeInLoadedSlide&quot;:false,&quot;slidesSpacing&quot;:0,&quot;imageScalePadding&quot;:0,&quot;numImagesToPreload&quot;:2,&quot;arrowsNav&quot;:true,&quot;arrowsNavAutoHide&quot;:false,&quot;transitionType&quot;:&quot;move&quot;,&quot;transitionSpeed&quot;:250,&quot;block&quot;:{&quot;moveEffect&quot;:&quot;none&quot;,&quot;speed&quot;:300},&quot;thumbs&quot;:{&quot;fitInViewport&quot;:false,&quot;firstMargin&quot;:false,&quot;spacing&quot;:4},&quot;controlNavigation&quot;:&quot;none&quot;,&quot;autoScaleSliderWidth&quot;:1024,&quot;autoScaleSliderHeight&quot;:683}'><\/div><\/div><\/div><\/div><\/div><\/div><\/section><section class=\"l-section wpb_row height_medium\"><div class=\"l-section-h i-cf\"><div class=\"g-cols vc_row via_grid cols_1 laptops-cols_inherit tablets-cols_inherit mobiles-cols_1 valign_top type_default stacking_default\"><div class=\"wpb_column vc_column_container\"><div class=\"vc_column-inner\"><div class=\"wpb_text_column\"><div class=\"wpb_wrapper\"><h2 class=\"wp-block-heading\">Die Stierk\u00e4mpfe in der Stierkampfarena von M\u00e1laga<\/h2>\n<p>Die Stierkampfarena von La Malagueta ist der Schauplatz des <a href=\"https:\/\/plazadetoroslamalagueta.com\/de\/stierkampf-tickets-malaga\/\"><strong>Stierkampfmesse von M\u00e1laga<\/strong><\/a>die im <strong>August<\/strong> w\u00e4hrend der Feria de Agosto stattfindet, sowie andere kulturelle und sportliche Veranstaltungen.<\/p>\n<p>Im April findet hier der<strong> traditionelle Picasso-Stierkampf<\/strong> statt, der Kunst und Spektakel verbindet und zu Ehren des brillanten Malers Pablo Ruiz Picasso veranstaltet wird.<\/p>\n<\/div><\/div><\/div><\/div><\/div><\/div><\/section><section class=\"l-section wpb_row height_medium\"><div class=\"l-section-h i-cf\"><div class=\"g-cols vc_row via_grid cols_2 laptops-cols_inherit tablets-cols_inherit mobiles-cols_1 valign_top type_default stacking_default\"><div class=\"wpb_column vc_column_container\"><div class=\"vc_column-inner\"><div class=\"wpb_text_column\"><div class=\"wpb_wrapper\"><h2 class=\"wp-block-heading\">Stierk\u00e4mpfer aus Malaga<\/h2>\n<p>&nbsp;<\/p>\n<p class=\"has-small-font-size\">Einer der herausragendsten Stierk\u00e4mpfer der Provinz M\u00e1laga ist <strong>Antonio Ord\u00f3\u00f1ez<\/strong>. Er gilt als einer der gr\u00f6\u00dften Stierk\u00e4mpfer der Geschichte und wurde 1932 in Ronda, M\u00e1laga, geboren. Er war einer der wichtigsten F\u00f6rderer des Goyesque-Stierkampfes, bei dem die Stierk\u00e4mpfer historische Kost\u00fcme tragen und die Stierkampfarena im Stil des 18. Jahrhunderts dekoriert ist.<\/p>\n<\/div><\/div><\/div><\/div><div class=\"wpb_column vc_column_container\"><div class=\"vc_column-inner\"><div class=\"w-slider style_none fit_scaledown nav_none count_3\"><div class=\"w-slider-h\" aria-hidden=\"true\"><div class=\"royalSlider\"><div class=\"rsContent\"><a class=\"rsImg\" data-rsw=\"1024\" data-rsh=\"986\" href=\"https:\/\/plazadetoroslamalagueta.com\/wp-content\/uploads\/2023\/03\/Vega-2o-1024x986.jpeg\"><span data-alt=\"\"><\/span><\/a><\/div><div class=\"rsContent\"><a class=\"rsImg\" data-rsw=\"201\" data-rsh=\"251\" href=\"https:\/\/plazadetoroslamalagueta.com\/wp-content\/uploads\/2023\/03\/javier-conde.jpeg\"><span data-alt=\"\"><\/span><\/a><\/div><div class=\"rsContent\"><a class=\"rsImg\" data-rsw=\"880\" data-rsh=\"495\" href=\"https:\/\/plazadetoroslamalagueta.com\/wp-content\/uploads\/2023\/03\/jimenez-forte.jpeg\"><span data-alt=\"\"><\/span><\/a><\/div><\/div><img decoding=\"async\" src=\"https:\/\/plazadetoroslamalagueta.com\/wp-content\/uploads\/2023\/03\/Vega-2o-1024x986.jpeg\" width=\"1024\" height=\"986\" alt loading=\"lazy\"><\/div><div class=\"w-slider-json\" onclick='return {&quot;autoScaleSlider&quot;:true,&quot;addActiveClass&quot;:true,&quot;loop&quot;:true,&quot;fadeInLoadedSlide&quot;:false,&quot;slidesSpacing&quot;:0,&quot;imageScalePadding&quot;:0,&quot;numImagesToPreload&quot;:2,&quot;arrowsNav&quot;:true,&quot;arrowsNavAutoHide&quot;:false,&quot;transitionType&quot;:&quot;move&quot;,&quot;transitionSpeed&quot;:250,&quot;block&quot;:{&quot;moveEffect&quot;:&quot;none&quot;,&quot;speed&quot;:300},&quot;thumbs&quot;:{&quot;fitInViewport&quot;:false,&quot;firstMargin&quot;:false,&quot;spacing&quot;:4},&quot;controlNavigation&quot;:&quot;none&quot;,&quot;autoScaleSliderWidth&quot;:1024,&quot;autoScaleSliderHeight&quot;:986}'><\/div><\/div><\/div><\/div><\/div><\/div><\/section><section class=\"l-section wpb_row height_medium\"><div class=\"l-section-h i-cf\"><div class=\"g-cols vc_row via_grid cols_1 laptops-cols_inherit tablets-cols_inherit mobiles-cols_1 valign_top type_default stacking_default\"><div class=\"wpb_column vc_column_container\"><div class=\"vc_column-inner\"><div class=\"wpb_text_column\"><div class=\"wpb_wrapper\"><p>Neben Antonio Ord\u00f3\u00f1ez gibt es noch weitere Stierk\u00e4mpfer aus M\u00e1laga, die sich in der Welt des Stierkampfes hervorgetan haben. Einige von ihnen sind:<\/p>\n<ul>\n<li><strong>Salvador Vega:<\/strong> 1974 in Malaga geboren, deb\u00fctierte Salvador Vega 1994 als Novillero und 1998 als Matador. Er hat an zahlreichen Stierk\u00e4mpfen auf der Plaza de Toros de La Malagueta teilgenommen und ist mit mehreren Stierkampfpreisen ausgezeichnet worden.<\/li>\n<li><strong>Javier Conde<\/strong>: Der 1973 in M\u00e1laga geborene Javier Conde gab sein Deb\u00fct als Novillero 1991 und als Matador 1993. Conde ist bekannt f\u00fcr seinen pers\u00f6nlichen Stil und seine Eleganz im Ring.<\/li>\n<li><strong>Francisco Rivera Ord\u00f3\u00f1ez: <\/strong>Obwohl in Madrid geboren, ist Francisco Rivera Ord\u00f3\u00f1ez der Sohn von Francisco Rivera &#8222;Paquirri&#8220; und Enkel von Antonio Ord\u00f3\u00f1ez, zwei prominenten Stierk\u00e4mpfern aus M\u00e1laga. Rivera Ord\u00f3\u00f1ez hat an zahlreichen Stierk\u00e4mpfen in der Stierkampfarena von La Malagueta teilgenommen und war einer der bekanntesten Stierk\u00e4mpfer der letzten Jahre.<\/li>\n<li><strong>Sa\u00fal Jim\u00e9nez Fortes<\/strong>: Der 1989 in M\u00e1laga geborene Sa\u00fal Jim\u00e9nez Fortes gab sein Deb\u00fct als Novillero im Jahr 2009 und als Matador im Jahr 2011. Er hat an zahlreichen Stierk\u00e4mpfen auf der Plaza de Toros de La Malagueta teilgenommen und mehrere Preise im Stierkampf gewonnen. Im Jahr 2024 war er der Gewinner der Feria de Agosto, au\u00dferdem schnitt er zwei Ohren im Stierkampf Picassiana 2025 ab.<\/li>\n<\/ul>\n<\/div><\/div><\/div><\/div><\/div><\/div><\/section>\n","protected":false},"excerpt":{"rendered":"Geschichte der Stierkampfarena von M\u00e1laga Die Stierkampfarena in M\u00e1laga, die nach dem Viertel, in dem sie sich befindet, La Malagueta genannt wird, wurde 1874 von dem kantabrischen Architekten Joaqu\u00edn Rucoba erbaut, der sich bei ihrem Entwurf von der klassizistischen Architektur inspirieren lie\u00df. Rucoba hatte in Madrid und Paris studiert und war einer der Hauptvertreter des...","protected":false},"author":5,"featured_media":22811,"parent":0,"menu_order":0,"comment_status":"closed","ping_status":"closed","template":"","meta":{"footnotes":""},"class_list":["post-22002","page","type-page","status-publish","has-post-thumbnail","hentry"],"yoast_head":"<!-- This site is optimized with the Yoast SEO plugin v27.5 - https:\/\/yoast.com\/product\/yoast-seo-wordpress\/ -->\n<title>\u25b7 Alles \u00fcber die Stierkampfarena von Malaga | La Malagueta<\/title>\n<meta name=\"description\" content=\"Entdecken Sie allerlei Kuriosit\u00e4ten \u00fcber die Geschichte, die Architektur und die Ereignisse in der Stierkampfarena von Malaga.\" \/>\n<meta name=\"robots\" content=\"index, follow, max-snippet:-1, max-image-preview:large, max-video-preview:-1\" \/>\n<link rel=\"canonical\" href=\"https:\/\/plazadetoroslamalagueta.com\/de\/das-arena\/\" \/>\n<meta property=\"og:locale\" content=\"de_DE\" \/>\n<meta property=\"og:type\" content=\"article\" \/>\n<meta property=\"og:title\" content=\"\u25b7 Alles \u00fcber die Stierkampfarena von Malaga | La Malagueta\" \/>\n<meta property=\"og:description\" content=\"Entdecken Sie allerlei Kuriosit\u00e4ten \u00fcber die Geschichte, die Architektur und die Ereignisse in der Stierkampfarena von Malaga.\" \/>\n<meta property=\"og:url\" content=\"https:\/\/plazadetoroslamalagueta.com\/de\/das-arena\/\" \/>\n<meta property=\"og:site_name\" content=\"Plaza de Toros La Malagueta\" \/>\n<meta property=\"article:modified_time\" content=\"2025-07-09T10:25:00+00:00\" \/>\n<meta property=\"og:image\" content=\"https:\/\/plazadetoroslamalagueta.com\/wp-content\/uploads\/2023\/03\/IMG_0970-scaled.jpg\" \/>\n\t<meta property=\"og:image:width\" content=\"2560\" \/>\n\t<meta property=\"og:image:height\" content=\"1707\" \/>\n\t<meta property=\"og:image:type\" content=\"image\/jpeg\" \/>\n<meta name=\"twitter:card\" content=\"summary_large_image\" \/>\n<meta name=\"twitter:label1\" content=\"Gesch\u00e4tzte Lesezeit\" \/>\n\t<meta name=\"twitter:data1\" content=\"4\u00a0Minuten\" \/>\n<script type=\"application\/ld+json\" class=\"yoast-schema-graph\">{\"@context\":\"https:\\\/\\\/schema.org\",\"@graph\":[{\"@type\":\"WebPage\",\"@id\":\"https:\\\/\\\/plazadetoroslamalagueta.com\\\/de\\\/das-arena\\\/\",\"url\":\"https:\\\/\\\/plazadetoroslamalagueta.com\\\/de\\\/das-arena\\\/\",\"name\":\"\u25b7 Alles \u00fcber die Stierkampfarena von Malaga | La Malagueta\",\"isPartOf\":{\"@id\":\"https:\\\/\\\/plazadetoroslamalagueta.com\\\/de\\\/#website\"},\"primaryImageOfPage\":{\"@id\":\"https:\\\/\\\/plazadetoroslamalagueta.com\\\/de\\\/das-arena\\\/#primaryimage\"},\"image\":{\"@id\":\"https:\\\/\\\/plazadetoroslamalagueta.com\\\/de\\\/das-arena\\\/#primaryimage\"},\"thumbnailUrl\":\"https:\\\/\\\/plazadetoroslamalagueta.com\\\/wp-content\\\/uploads\\\/2023\\\/03\\\/IMG_0970-scaled.jpg\",\"datePublished\":\"2023-02-28T14:40:47+00:00\",\"dateModified\":\"2025-07-09T10:25:00+00:00\",\"description\":\"Entdecken Sie allerlei Kuriosit\u00e4ten \u00fcber die Geschichte, die Architektur und die Ereignisse in der Stierkampfarena von Malaga.\",\"breadcrumb\":{\"@id\":\"https:\\\/\\\/plazadetoroslamalagueta.com\\\/de\\\/das-arena\\\/#breadcrumb\"},\"inLanguage\":\"de\",\"potentialAction\":[{\"@type\":\"ReadAction\",\"target\":[\"https:\\\/\\\/plazadetoroslamalagueta.com\\\/de\\\/das-arena\\\/\"]}]},{\"@type\":\"ImageObject\",\"inLanguage\":\"de\",\"@id\":\"https:\\\/\\\/plazadetoroslamalagueta.com\\\/de\\\/das-arena\\\/#primaryimage\",\"url\":\"https:\\\/\\\/plazadetoroslamalagueta.com\\\/wp-content\\\/uploads\\\/2023\\\/03\\\/IMG_0970-scaled.jpg\",\"contentUrl\":\"https:\\\/\\\/plazadetoroslamalagueta.com\\\/wp-content\\\/uploads\\\/2023\\\/03\\\/IMG_0970-scaled.jpg\",\"width\":2560,\"height\":1707},{\"@type\":\"BreadcrumbList\",\"@id\":\"https:\\\/\\\/plazadetoroslamalagueta.com\\\/de\\\/das-arena\\\/#breadcrumb\",\"itemListElement\":[{\"@type\":\"ListItem\",\"position\":1,\"name\":\"Inicio\",\"item\":\"https:\\\/\\\/plazadetoroslamalagueta.com\\\/de\\\/\"},{\"@type\":\"ListItem\",\"position\":2,\"name\":\"Das Arena\"}]},{\"@type\":\"WebSite\",\"@id\":\"https:\\\/\\\/plazadetoroslamalagueta.com\\\/de\\\/#website\",\"url\":\"https:\\\/\\\/plazadetoroslamalagueta.com\\\/de\\\/\",\"name\":\"Plaza de Toros de la Malagueta\",\"description\":\"La Plaza de Toros de M\u00e1laga, de nombre La Malagueta, es un edificio reconocido Bien de Inter\u00e9s Cultural, que ofrece visitas tur\u00edsticas y corridas de toros y otros tipos de espect\u00e1culo durante todo el a\u00f1o.\",\"publisher\":{\"@id\":\"https:\\\/\\\/plazadetoroslamalagueta.com\\\/de\\\/#organization\"},\"alternateName\":\"Plaza de Toros M\u00e1laga\",\"potentialAction\":[{\"@type\":\"SearchAction\",\"target\":{\"@type\":\"EntryPoint\",\"urlTemplate\":\"https:\\\/\\\/plazadetoroslamalagueta.com\\\/de\\\/?s={search_term_string}\"},\"query-input\":{\"@type\":\"PropertyValueSpecification\",\"valueRequired\":true,\"valueName\":\"search_term_string\"}}],\"inLanguage\":\"de\"},{\"@type\":\"Organization\",\"@id\":\"https:\\\/\\\/plazadetoroslamalagueta.com\\\/de\\\/#organization\",\"name\":\"Plaza de Toros la Malagueta\",\"url\":\"https:\\\/\\\/plazadetoroslamalagueta.com\\\/de\\\/\",\"logo\":{\"@type\":\"ImageObject\",\"inLanguage\":\"de\",\"@id\":\"https:\\\/\\\/plazadetoroslamalagueta.com\\\/de\\\/#\\\/schema\\\/logo\\\/image\\\/\",\"url\":\"https:\\\/\\\/plazadetoroslamalagueta.com\\\/wp-content\\\/uploads\\\/2024\\\/02\\\/Logo-plaza-toros.webp\",\"contentUrl\":\"https:\\\/\\\/plazadetoroslamalagueta.com\\\/wp-content\\\/uploads\\\/2024\\\/02\\\/Logo-plaza-toros.webp\",\"width\":100,\"height\":100,\"caption\":\"Plaza de Toros la Malagueta\"},\"image\":{\"@id\":\"https:\\\/\\\/plazadetoroslamalagueta.com\\\/de\\\/#\\\/schema\\\/logo\\\/image\\\/\"}}]}<\/script>\n<!-- \/ Yoast SEO plugin. -->","yoast_head_json":{"title":"\u25b7 Alles \u00fcber die Stierkampfarena von Malaga | La Malagueta","description":"Entdecken Sie allerlei Kuriosit\u00e4ten \u00fcber die Geschichte, die Architektur und die Ereignisse in der Stierkampfarena von Malaga.","robots":{"index":"index","follow":"follow","max-snippet":"max-snippet:-1","max-image-preview":"max-image-preview:large","max-video-preview":"max-video-preview:-1"},"canonical":"https:\/\/plazadetoroslamalagueta.com\/de\/das-arena\/","og_locale":"de_DE","og_type":"article","og_title":"\u25b7 Alles \u00fcber die Stierkampfarena von Malaga | La Malagueta","og_description":"Entdecken Sie allerlei Kuriosit\u00e4ten \u00fcber die Geschichte, die Architektur und die Ereignisse in der Stierkampfarena von Malaga.","og_url":"https:\/\/plazadetoroslamalagueta.com\/de\/das-arena\/","og_site_name":"Plaza de Toros La Malagueta","article_modified_time":"2025-07-09T10:25:00+00:00","og_image":[{"width":2560,"height":1707,"url":"https:\/\/plazadetoroslamalagueta.com\/wp-content\/uploads\/2023\/03\/IMG_0970-scaled.jpg","type":"image\/jpeg"}],"twitter_card":"summary_large_image","twitter_misc":{"Gesch\u00e4tzte Lesezeit":"4\u00a0Minuten"},"schema":{"@context":"https:\/\/schema.org","@graph":[{"@type":"WebPage","@id":"https:\/\/plazadetoroslamalagueta.com\/de\/das-arena\/","url":"https:\/\/plazadetoroslamalagueta.com\/de\/das-arena\/","name":"\u25b7 Alles \u00fcber die Stierkampfarena von Malaga | La Malagueta","isPartOf":{"@id":"https:\/\/plazadetoroslamalagueta.com\/de\/#website"},"primaryImageOfPage":{"@id":"https:\/\/plazadetoroslamalagueta.com\/de\/das-arena\/#primaryimage"},"image":{"@id":"https:\/\/plazadetoroslamalagueta.com\/de\/das-arena\/#primaryimage"},"thumbnailUrl":"https:\/\/plazadetoroslamalagueta.com\/wp-content\/uploads\/2023\/03\/IMG_0970-scaled.jpg","datePublished":"2023-02-28T14:40:47+00:00","dateModified":"2025-07-09T10:25:00+00:00","description":"Entdecken Sie allerlei Kuriosit\u00e4ten \u00fcber die Geschichte, die Architektur und die Ereignisse in der Stierkampfarena von Malaga.","breadcrumb":{"@id":"https:\/\/plazadetoroslamalagueta.com\/de\/das-arena\/#breadcrumb"},"inLanguage":"de","potentialAction":[{"@type":"ReadAction","target":["https:\/\/plazadetoroslamalagueta.com\/de\/das-arena\/"]}]},{"@type":"ImageObject","inLanguage":"de","@id":"https:\/\/plazadetoroslamalagueta.com\/de\/das-arena\/#primaryimage","url":"https:\/\/plazadetoroslamalagueta.com\/wp-content\/uploads\/2023\/03\/IMG_0970-scaled.jpg","contentUrl":"https:\/\/plazadetoroslamalagueta.com\/wp-content\/uploads\/2023\/03\/IMG_0970-scaled.jpg","width":2560,"height":1707},{"@type":"BreadcrumbList","@id":"https:\/\/plazadetoroslamalagueta.com\/de\/das-arena\/#breadcrumb","itemListElement":[{"@type":"ListItem","position":1,"name":"Inicio","item":"https:\/\/plazadetoroslamalagueta.com\/de\/"},{"@type":"ListItem","position":2,"name":"Das Arena"}]},{"@type":"WebSite","@id":"https:\/\/plazadetoroslamalagueta.com\/de\/#website","url":"https:\/\/plazadetoroslamalagueta.com\/de\/","name":"Plaza de Toros de la Malagueta","description":"La Plaza de Toros de M\u00e1laga, de nombre La Malagueta, es un edificio reconocido Bien de Inter\u00e9s Cultural, que ofrece visitas tur\u00edsticas y corridas de toros y otros tipos de espect\u00e1culo durante todo el a\u00f1o.","publisher":{"@id":"https:\/\/plazadetoroslamalagueta.com\/de\/#organization"},"alternateName":"Plaza de Toros M\u00e1laga","potentialAction":[{"@type":"SearchAction","target":{"@type":"EntryPoint","urlTemplate":"https:\/\/plazadetoroslamalagueta.com\/de\/?s={search_term_string}"},"query-input":{"@type":"PropertyValueSpecification","valueRequired":true,"valueName":"search_term_string"}}],"inLanguage":"de"},{"@type":"Organization","@id":"https:\/\/plazadetoroslamalagueta.com\/de\/#organization","name":"Plaza de Toros la Malagueta","url":"https:\/\/plazadetoroslamalagueta.com\/de\/","logo":{"@type":"ImageObject","inLanguage":"de","@id":"https:\/\/plazadetoroslamalagueta.com\/de\/#\/schema\/logo\/image\/","url":"https:\/\/plazadetoroslamalagueta.com\/wp-content\/uploads\/2024\/02\/Logo-plaza-toros.webp","contentUrl":"https:\/\/plazadetoroslamalagueta.com\/wp-content\/uploads\/2024\/02\/Logo-plaza-toros.webp","width":100,"height":100,"caption":"Plaza de Toros la Malagueta"},"image":{"@id":"https:\/\/plazadetoroslamalagueta.com\/de\/#\/schema\/logo\/image\/"}}]}},"_links":{"self":[{"href":"https:\/\/plazadetoroslamalagueta.com\/de\/wp-json\/wp\/v2\/pages\/22002","targetHints":{"allow":["GET"]}}],"collection":[{"href":"https:\/\/plazadetoroslamalagueta.com\/de\/wp-json\/wp\/v2\/pages"}],"about":[{"href":"https:\/\/plazadetoroslamalagueta.com\/de\/wp-json\/wp\/v2\/types\/page"}],"author":[{"embeddable":true,"href":"https:\/\/plazadetoroslamalagueta.com\/de\/wp-json\/wp\/v2\/users\/5"}],"replies":[{"embeddable":true,"href":"https:\/\/plazadetoroslamalagueta.com\/de\/wp-json\/wp\/v2\/comments?post=22002"}],"version-history":[{"count":12,"href":"https:\/\/plazadetoroslamalagueta.com\/de\/wp-json\/wp\/v2\/pages\/22002\/revisions"}],"predecessor-version":[{"id":31762,"href":"https:\/\/plazadetoroslamalagueta.com\/de\/wp-json\/wp\/v2\/pages\/22002\/revisions\/31762"}],"wp:featuredmedia":[{"embeddable":true,"href":"https:\/\/plazadetoroslamalagueta.com\/de\/wp-json\/wp\/v2\/media\/22811"}],"wp:attachment":[{"href":"https:\/\/plazadetoroslamalagueta.com\/de\/wp-json\/wp\/v2\/media?parent=22002"}],"curies":[{"name":"wp","href":"https:\/\/api.w.org\/{rel}","templated":true}]}}