{"id":35747,"date":"2024-09-20T16:29:33","date_gmt":"2024-09-20T14:29:33","guid":{"rendered":"https:\/\/plazadetoroslamalagueta.com\/bullring-tour\/"},"modified":"2026-03-03T10:15:27","modified_gmt":"2026-03-03T09:15:27","slug":"navstevy-bycich-aren","status":"publish","type":"page","link":"https:\/\/plazadetoroslamalagueta.com\/cs\/navstevy-bycich-aren\/","title":{"rendered":"N\u00e1v\u0161t\u011bvy b\u00fd\u010d\u00edch ar\u00e9n"},"content":{"rendered":"<section class=\"l-section wpb_row height_huge color_secondary with_img parallax_ver\"><div class=\"l-section-img\" role=\"img\" aria-label=\"Obr\u00e1zek\" data-img-width=\"1680\" data-img-height=\"840\" style=\"background-image: url(https:\/\/plazadetoroslamalagueta.com\/wp-content\/uploads\/2024\/09\/Tour-plaza-toros-malaga.webp);\"><\/div><div class=\"l-section-overlay\" style=\"background:linear-gradient(90deg,#000,rgba(0,0,0,0.00))\"><\/div><div class=\"l-section-h i-cf\"><div class=\"g-cols vc_row via_grid cols_1 laptops-cols_inherit tablets-cols_1 mobiles-cols_1 valign_top type_default reversed stacking_default\" style=\"--columns-gap:0rem;\"><div class=\"wpb_column vc_column_container us_custom_fd43344c\"><div class=\"vc_column-inner\"><div class=\"w-text us_custom_3bd44eb5 has_text_color no_text\"><span class=\"w-text-h\"><span class=\"w-text-value\"><\/span><\/span><\/div><h1 class=\"w-text\"><span class=\"w-text-h\"><span class=\"w-text-value\">Prohl\u00eddka b\u00fd\u010d\u00ed ar\u00e9ny v Malaze + pohlcuj\u00edc\u00ed muzeum b\u00fd\u010d\u00edch z\u00e1pas\u016f<\/span><\/span><\/h1><div class=\"w-separator size_small\"><\/div><div class=\"w-separator size_small\"><\/div><div class=\"w-btn-wrapper align_none\"><a class=\"w-btn us-btn-style_1\" target=\"_blank\" href=\"https:\/\/lamalaguetatour.com\/\"><span class=\"w-btn-label\">Rezervujte si n\u00e1v\u0161t\u011bvu<\/span><\/a><\/div><\/div><\/div><\/div><\/div><\/section><section class=\"l-section wpb_row height_medium\"><div class=\"l-section-h i-cf\"><div class=\"g-cols vc_row via_grid cols_3-2 laptops-cols_2 tablets-cols_inherit mobiles-cols_1 valign_middle type_default reversed stacking_default\" style=\"--columns-gap:5%;\"><div class=\"wpb_column vc_column_container\"><div class=\"vc_column-inner\"><div class=\"w-image align_none\"><div class=\"w-image-h\"><img decoding=\"async\" width=\"1024\" height=\"682\" src=\"https:\/\/plazadetoroslamalagueta.com\/wp-content\/uploads\/2023\/10\/andanadas-plaza-de-toros-1024x682.webp\" class=\"attachment-large size-large\" alt=\"ruedo y gradas de la plaza de toros\" loading=\"lazy\" srcset=\"https:\/\/plazadetoroslamalagueta.com\/wp-content\/uploads\/2023\/10\/andanadas-plaza-de-toros-1024x682.webp 1024w, https:\/\/plazadetoroslamalagueta.com\/wp-content\/uploads\/2023\/10\/andanadas-plaza-de-toros-300x200.webp 300w, https:\/\/plazadetoroslamalagueta.com\/wp-content\/uploads\/2023\/10\/andanadas-plaza-de-toros.webp 1100w\" sizes=\"auto, (max-width: 1024px) 100vw, 1024px\" \/><\/div><\/div><\/div><\/div><div class=\"wpb_column vc_column_container\"><div class=\"vc_column-inner\"><div class=\"wpb_text_column\"><div class=\"wpb_wrapper\"><h2>Nav\u0161tivte ka\u017ed\u00fd kout b\u00fd\u010d\u00ed ar\u00e9ny<\/h2>\n<p>B\u011bhem prohl\u00eddky si n\u00e1v\u0161t\u011bvn\u00edci budou moci proj\u00edt celou b\u00fd\u010d\u00ed ar\u00e9nu Malagueta, od hlavn\u00ed br\u00e1ny, p\u0159es b\u00fd\u010d\u00ed ar\u00e9nu, tendidos nebo callej\u00f3n, o\u0161et\u0159ovnu nebo dokonce toriles, a skon\u010dit ve st\u00e1l\u00e9 expozici.<\/p>\n<p>N\u00e1v\u0161t\u011bvu lze uskute\u010dnit individu\u00e1ln\u011b s audiopr\u016fvodcem v n\u011bkolika jazyc\u00edch nebo v uzav\u0159en\u00fdch skupin\u00e1ch s pr\u016fvodcem.<\/p>\n<\/div><\/div><div class=\"w-btn-wrapper align_none\"><a class=\"w-btn us-btn-style_1\" target=\"_blank\" href=\"https:\/\/tickets.lamalaguetatour.com\/\"><span class=\"w-btn-label\">V\u00edce informac\u00ed a rezervace<\/span><\/a><\/div><\/div><\/div><\/div><\/div><\/section><section class=\"l-section wpb_row height_medium\"><div class=\"l-section-h i-cf\"><div class=\"g-cols vc_row via_grid cols_2-3 laptops-cols_2 tablets-cols_inherit mobiles-cols_1 valign_middle type_default stacking_default\" style=\"--columns-gap:5%;\"><div class=\"wpb_column vc_column_container\"><div class=\"vc_column-inner\"><div class=\"wpb_text_column\"><div class=\"wpb_wrapper\"><h2>muzeum b\u00fd\u010d\u00edch z\u00e1pas\u016f, kter\u00e9 nem\u00e1 ve sv\u011bt\u011b obdoby.<\/h2>\n<p>Z\u00e1\u017eitkov\u00e9 centrum b\u00fd\u010d\u00edch z\u00e1pas\u016f v b\u00fd\u010d\u00ed ar\u00e9n\u011b v Malaze m\u00e1 6 m\u00edstnost\u00ed, v nich\u017e se n\u00e1v\u0161t\u011bvn\u00edci mohou sezn\u00e1mit s po\u010d\u00e1tky b\u00fd\u010d\u00edch z\u00e1pas\u016f ve sv\u011bt\u011b a v Malaze, objevit d\u00edla mezin\u00e1rodn\u00edch um\u011blc\u016f z Malagy, dehesu a b\u00fd\u010d\u00edho venkova a pobavit se u nejr\u016fzn\u011bj\u0161\u00edch her a digit\u00e1ln\u00edch z\u00e1\u017eitk\u016f.<\/p>\n<p>Bezpochyby nejtechni\u010dt\u011bj\u0161\u00ed muzeum b\u00fd\u010d\u00edch z\u00e1pas\u016f na sv\u011bt\u011b.<\/p>\n<\/div><\/div><div class=\"w-btn-wrapper align_none\"><a class=\"w-btn us-btn-style_1\" target=\"_blank\" href=\"https:\/\/lamalaguetatour.com\/visitas-individuales\/\"><span class=\"w-btn-label\">V\u00edce informac\u00ed a rezervace<\/span><\/a><\/div><\/div><\/div><div class=\"wpb_column vc_column_container\"><div class=\"vc_column-inner\"><div class=\"w-image align_none\"><div class=\"w-image-h\"><img decoding=\"async\" width=\"1024\" height=\"752\" src=\"https:\/\/plazadetoroslamalagueta.com\/wp-content\/uploads\/2025\/07\/Captura-de-pantalla-2025-07-03-a-las-10.36.13-1024x752.png\" class=\"attachment-large size-large\" alt=\"\" loading=\"lazy\" srcset=\"https:\/\/plazadetoroslamalagueta.com\/wp-content\/uploads\/2025\/07\/Captura-de-pantalla-2025-07-03-a-las-10.36.13-1024x752.png 1024w, https:\/\/plazadetoroslamalagueta.com\/wp-content\/uploads\/2025\/07\/Captura-de-pantalla-2025-07-03-a-las-10.36.13-300x220.png 300w, https:\/\/plazadetoroslamalagueta.com\/wp-content\/uploads\/2025\/07\/Captura-de-pantalla-2025-07-03-a-las-10.36.13.png 1740w\" sizes=\"auto, (max-width: 1024px) 100vw, 1024px\" \/><\/div><\/div><\/div><\/div><\/div><\/div><\/section><section class=\"l-section wpb_row height_medium\" id=\"contacto\"><div class=\"l-section-h i-cf\"><div class=\"g-cols vc_row via_grid cols_1 laptops-cols_inherit tablets-cols_inherit mobiles-cols_1 valign_top type_default stacking_default\"><div class=\"wpb_column vc_column_container\"><div class=\"vc_column-inner\"><div class=\"wpb_text_column\"><div class=\"wpb_wrapper\"><h2 style=\"text-align: center;\">Rezervace pro cestovn\u00ed kancel\u00e1\u0159e<\/h2>\n<p style=\"text-align: center;\">Pokud jste agentura, cestovn\u00ed kancel\u00e1\u0159 nebo pr\u016fvodce a chcete se sv\u00fdmi klienty absolvovat prohl\u00eddku b\u00fd\u010d\u00ed ar\u00e9ny v Malaze, zaregistrujte se na na\u0161\u00ed rezerva\u010dn\u00ed platform\u011b a my v\u00e1s budeme kontaktovat, abychom v\u00e1m zaslali informace o prohl\u00eddce a zvl\u00e1\u0161tn\u00edch podm\u00ednk\u00e1ch.<\/p>\n<\/div><\/div><div class=\"w-separator size_medium\"><\/div><div class=\"w-btn-wrapper align_none\"><a class=\"w-btn us-btn-style_1\" target=\"_blank\" href=\"https:\/\/lamalaguetatour.com\/profesionales-y-agencias\/\"><span class=\"w-btn-label\">Dal\u0161\u00ed informace pro agentury<\/span><\/a><\/div><\/div><\/div><\/div><\/div><\/section>\n","protected":false},"excerpt":{"rendered":"Prohl\u00eddka b\u00fd\u010d\u00ed ar\u00e9ny v Malaze + pohlcuj\u00edc\u00ed muzeum b\u00fd\u010d\u00edch z\u00e1pas\u016fRezervujte si n\u00e1v\u0161t\u011bvuNav\u0161tivte ka\u017ed\u00fd kout b\u00fd\u010d\u00ed ar\u00e9ny B\u011bhem prohl\u00eddky si n\u00e1v\u0161t\u011bvn\u00edci budou moci proj\u00edt celou b\u00fd\u010d\u00ed ar\u00e9nu Malagueta, od hlavn\u00ed br\u00e1ny, p\u0159es b\u00fd\u010d\u00ed ar\u00e9nu, tendidos nebo callej\u00f3n, o\u0161et\u0159ovnu nebo dokonce toriles, a skon\u010dit ve st\u00e1l\u00e9 expozici. N\u00e1v\u0161t\u011bvu lze uskute\u010dnit individu\u00e1ln\u011b s audiopr\u016fvodcem v n\u011bkolika jazyc\u00edch nebo...","protected":false},"author":4,"featured_media":0,"parent":0,"menu_order":0,"comment_status":"closed","ping_status":"closed","template":"","meta":{"footnotes":""},"class_list":["post-35747","page","type-page","status-publish","hentry"],"yoast_head":"<!-- This site is optimized with the Yoast SEO plugin v27.4 - https:\/\/yoast.com\/product\/yoast-seo-wordpress\/ -->\n<title>N\u00e1v\u0161t\u011bvy b\u00fd\u010d\u00ed ar\u00e9ny v Malaze a immerzivn\u00edho muzea<\/title>\n<meta name=\"description\" content=\"Rezervace prohl\u00eddky b\u00fd\u010d\u00ed ar\u00e9ny v Malaze. Rezervace pro jednotlivce a turistick\u00e9 agentury [Plaza Toros Malagueta].\" \/>\n<meta name=\"robots\" content=\"index, follow, max-snippet:-1, max-image-preview:large, max-video-preview:-1\" \/>\n<link rel=\"canonical\" href=\"https:\/\/plazadetoroslamalagueta.com\/cs\/navstevy-bycich-aren\/\" \/>\n<meta property=\"og:locale\" content=\"cs_CZ\" \/>\n<meta property=\"og:type\" content=\"article\" \/>\n<meta property=\"og:title\" content=\"N\u00e1v\u0161t\u011bvy b\u00fd\u010d\u00ed ar\u00e9ny v Malaze a immerzivn\u00edho muzea\" \/>\n<meta property=\"og:description\" content=\"Rezervace prohl\u00eddky b\u00fd\u010d\u00ed ar\u00e9ny v Malaze. Rezervace pro jednotlivce a turistick\u00e9 agentury [Plaza Toros Malagueta].\" \/>\n<meta property=\"og:url\" content=\"https:\/\/plazadetoroslamalagueta.com\/cs\/navstevy-bycich-aren\/\" \/>\n<meta property=\"og:site_name\" content=\"Plaza de Toros La Malagueta\" \/>\n<meta property=\"article:modified_time\" content=\"2026-03-03T09:15:27+00:00\" \/>\n<meta property=\"og:image\" content=\"https:\/\/plazadetoroslamalagueta.com\/wp-content\/uploads\/2023\/03\/Diseno-sin-titulo.jpeg\" \/>\n\t<meta property=\"og:image:width\" content=\"1200\" \/>\n\t<meta property=\"og:image:height\" content=\"675\" \/>\n\t<meta property=\"og:image:type\" content=\"image\/jpeg\" \/>\n<meta name=\"twitter:card\" content=\"summary_large_image\" \/>\n<meta name=\"twitter:label1\" content=\"Odhadovan\u00e1 doba \u010dten\u00ed\" \/>\n\t<meta name=\"twitter:data1\" content=\"2 minuty\" \/>\n<script type=\"application\/ld+json\" class=\"yoast-schema-graph\">{\"@context\":\"https:\\\/\\\/schema.org\",\"@graph\":[{\"@type\":\"WebPage\",\"@id\":\"https:\\\/\\\/plazadetoroslamalagueta.com\\\/cs\\\/navstevy-bycich-aren\\\/\",\"url\":\"https:\\\/\\\/plazadetoroslamalagueta.com\\\/cs\\\/navstevy-bycich-aren\\\/\",\"name\":\"N\u00e1v\u0161t\u011bvy b\u00fd\u010d\u00ed ar\u00e9ny v Malaze a immerzivn\u00edho muzea\",\"isPartOf\":{\"@id\":\"https:\\\/\\\/plazadetoroslamalagueta.com\\\/cs\\\/#website\"},\"datePublished\":\"2024-09-20T14:29:33+00:00\",\"dateModified\":\"2026-03-03T09:15:27+00:00\",\"description\":\"Rezervace prohl\u00eddky b\u00fd\u010d\u00ed ar\u00e9ny v Malaze. Rezervace pro jednotlivce a turistick\u00e9 agentury [Plaza Toros Malagueta].\",\"breadcrumb\":{\"@id\":\"https:\\\/\\\/plazadetoroslamalagueta.com\\\/cs\\\/navstevy-bycich-aren\\\/#breadcrumb\"},\"inLanguage\":\"cs\",\"potentialAction\":[{\"@type\":\"ReadAction\",\"target\":[\"https:\\\/\\\/plazadetoroslamalagueta.com\\\/cs\\\/navstevy-bycich-aren\\\/\"]}]},{\"@type\":\"BreadcrumbList\",\"@id\":\"https:\\\/\\\/plazadetoroslamalagueta.com\\\/cs\\\/navstevy-bycich-aren\\\/#breadcrumb\",\"itemListElement\":[{\"@type\":\"ListItem\",\"position\":1,\"name\":\"Home\",\"item\":\"https:\\\/\\\/plazadetoroslamalagueta.com\\\/cs\\\/\"},{\"@type\":\"ListItem\",\"position\":2,\"name\":\"N\u00e1v\u0161t\u011bvy b\u00fd\u010d\u00edch ar\u00e9n\"}]},{\"@type\":\"WebSite\",\"@id\":\"https:\\\/\\\/plazadetoroslamalagueta.com\\\/cs\\\/#website\",\"url\":\"https:\\\/\\\/plazadetoroslamalagueta.com\\\/cs\\\/\",\"name\":\"Plaza de Toros de la Malagueta\",\"description\":\"La Plaza de Toros de M\u00e1laga, de nombre La Malagueta, es un edificio reconocido Bien de Inter\u00e9s Cultural, que ofrece visitas tur\u00edsticas y corridas de toros y otros tipos de espect\u00e1culo durante todo el a\u00f1o.\",\"publisher\":{\"@id\":\"https:\\\/\\\/plazadetoroslamalagueta.com\\\/cs\\\/#organization\"},\"alternateName\":\"Plaza de Toros M\u00e1laga\",\"potentialAction\":[{\"@type\":\"SearchAction\",\"target\":{\"@type\":\"EntryPoint\",\"urlTemplate\":\"https:\\\/\\\/plazadetoroslamalagueta.com\\\/cs\\\/?s={search_term_string}\"},\"query-input\":{\"@type\":\"PropertyValueSpecification\",\"valueRequired\":true,\"valueName\":\"search_term_string\"}}],\"inLanguage\":\"cs\"},{\"@type\":\"Organization\",\"@id\":\"https:\\\/\\\/plazadetoroslamalagueta.com\\\/cs\\\/#organization\",\"name\":\"Plaza de Toros la Malagueta\",\"url\":\"https:\\\/\\\/plazadetoroslamalagueta.com\\\/cs\\\/\",\"logo\":{\"@type\":\"ImageObject\",\"inLanguage\":\"cs\",\"@id\":\"https:\\\/\\\/plazadetoroslamalagueta.com\\\/cs\\\/#\\\/schema\\\/logo\\\/image\\\/\",\"url\":\"https:\\\/\\\/plazadetoroslamalagueta.com\\\/wp-content\\\/uploads\\\/2024\\\/02\\\/Logo-plaza-toros.webp\",\"contentUrl\":\"https:\\\/\\\/plazadetoroslamalagueta.com\\\/wp-content\\\/uploads\\\/2024\\\/02\\\/Logo-plaza-toros.webp\",\"width\":100,\"height\":100,\"caption\":\"Plaza de Toros la Malagueta\"},\"image\":{\"@id\":\"https:\\\/\\\/plazadetoroslamalagueta.com\\\/cs\\\/#\\\/schema\\\/logo\\\/image\\\/\"}}]}<\/script>\n<!-- \/ Yoast SEO plugin. -->","yoast_head_json":{"title":"N\u00e1v\u0161t\u011bvy b\u00fd\u010d\u00ed ar\u00e9ny v Malaze a immerzivn\u00edho muzea","description":"Rezervace prohl\u00eddky b\u00fd\u010d\u00ed ar\u00e9ny v Malaze. Rezervace pro jednotlivce a turistick\u00e9 agentury [Plaza Toros Malagueta].","robots":{"index":"index","follow":"follow","max-snippet":"max-snippet:-1","max-image-preview":"max-image-preview:large","max-video-preview":"max-video-preview:-1"},"canonical":"https:\/\/plazadetoroslamalagueta.com\/cs\/navstevy-bycich-aren\/","og_locale":"cs_CZ","og_type":"article","og_title":"N\u00e1v\u0161t\u011bvy b\u00fd\u010d\u00ed ar\u00e9ny v Malaze a immerzivn\u00edho muzea","og_description":"Rezervace prohl\u00eddky b\u00fd\u010d\u00ed ar\u00e9ny v Malaze. Rezervace pro jednotlivce a turistick\u00e9 agentury [Plaza Toros Malagueta].","og_url":"https:\/\/plazadetoroslamalagueta.com\/cs\/navstevy-bycich-aren\/","og_site_name":"Plaza de Toros La Malagueta","article_modified_time":"2026-03-03T09:15:27+00:00","og_image":[{"width":1200,"height":675,"url":"https:\/\/plazadetoroslamalagueta.com\/wp-content\/uploads\/2023\/03\/Diseno-sin-titulo.jpeg","type":"image\/jpeg"}],"twitter_card":"summary_large_image","twitter_misc":{"Odhadovan\u00e1 doba \u010dten\u00ed":"2 minuty"},"schema":{"@context":"https:\/\/schema.org","@graph":[{"@type":"WebPage","@id":"https:\/\/plazadetoroslamalagueta.com\/cs\/navstevy-bycich-aren\/","url":"https:\/\/plazadetoroslamalagueta.com\/cs\/navstevy-bycich-aren\/","name":"N\u00e1v\u0161t\u011bvy b\u00fd\u010d\u00ed ar\u00e9ny v Malaze a immerzivn\u00edho muzea","isPartOf":{"@id":"https:\/\/plazadetoroslamalagueta.com\/cs\/#website"},"datePublished":"2024-09-20T14:29:33+00:00","dateModified":"2026-03-03T09:15:27+00:00","description":"Rezervace prohl\u00eddky b\u00fd\u010d\u00ed ar\u00e9ny v Malaze. Rezervace pro jednotlivce a turistick\u00e9 agentury [Plaza Toros Malagueta].","breadcrumb":{"@id":"https:\/\/plazadetoroslamalagueta.com\/cs\/navstevy-bycich-aren\/#breadcrumb"},"inLanguage":"cs","potentialAction":[{"@type":"ReadAction","target":["https:\/\/plazadetoroslamalagueta.com\/cs\/navstevy-bycich-aren\/"]}]},{"@type":"BreadcrumbList","@id":"https:\/\/plazadetoroslamalagueta.com\/cs\/navstevy-bycich-aren\/#breadcrumb","itemListElement":[{"@type":"ListItem","position":1,"name":"Home","item":"https:\/\/plazadetoroslamalagueta.com\/cs\/"},{"@type":"ListItem","position":2,"name":"N\u00e1v\u0161t\u011bvy b\u00fd\u010d\u00edch ar\u00e9n"}]},{"@type":"WebSite","@id":"https:\/\/plazadetoroslamalagueta.com\/cs\/#website","url":"https:\/\/plazadetoroslamalagueta.com\/cs\/","name":"Plaza de Toros de la Malagueta","description":"La Plaza de Toros de M\u00e1laga, de nombre La Malagueta, es un edificio reconocido Bien de Inter\u00e9s Cultural, que ofrece visitas tur\u00edsticas y corridas de toros y otros tipos de espect\u00e1culo durante todo el a\u00f1o.","publisher":{"@id":"https:\/\/plazadetoroslamalagueta.com\/cs\/#organization"},"alternateName":"Plaza de Toros M\u00e1laga","potentialAction":[{"@type":"SearchAction","target":{"@type":"EntryPoint","urlTemplate":"https:\/\/plazadetoroslamalagueta.com\/cs\/?s={search_term_string}"},"query-input":{"@type":"PropertyValueSpecification","valueRequired":true,"valueName":"search_term_string"}}],"inLanguage":"cs"},{"@type":"Organization","@id":"https:\/\/plazadetoroslamalagueta.com\/cs\/#organization","name":"Plaza de Toros la Malagueta","url":"https:\/\/plazadetoroslamalagueta.com\/cs\/","logo":{"@type":"ImageObject","inLanguage":"cs","@id":"https:\/\/plazadetoroslamalagueta.com\/cs\/#\/schema\/logo\/image\/","url":"https:\/\/plazadetoroslamalagueta.com\/wp-content\/uploads\/2024\/02\/Logo-plaza-toros.webp","contentUrl":"https:\/\/plazadetoroslamalagueta.com\/wp-content\/uploads\/2024\/02\/Logo-plaza-toros.webp","width":100,"height":100,"caption":"Plaza de Toros la Malagueta"},"image":{"@id":"https:\/\/plazadetoroslamalagueta.com\/cs\/#\/schema\/logo\/image\/"}}]}},"_links":{"self":[{"href":"https:\/\/plazadetoroslamalagueta.com\/cs\/wp-json\/wp\/v2\/pages\/35747","targetHints":{"allow":["GET"]}}],"collection":[{"href":"https:\/\/plazadetoroslamalagueta.com\/cs\/wp-json\/wp\/v2\/pages"}],"about":[{"href":"https:\/\/plazadetoroslamalagueta.com\/cs\/wp-json\/wp\/v2\/types\/page"}],"author":[{"embeddable":true,"href":"https:\/\/plazadetoroslamalagueta.com\/cs\/wp-json\/wp\/v2\/users\/4"}],"replies":[{"embeddable":true,"href":"https:\/\/plazadetoroslamalagueta.com\/cs\/wp-json\/wp\/v2\/comments?post=35747"}],"version-history":[{"count":3,"href":"https:\/\/plazadetoroslamalagueta.com\/cs\/wp-json\/wp\/v2\/pages\/35747\/revisions"}],"predecessor-version":[{"id":36214,"href":"https:\/\/plazadetoroslamalagueta.com\/cs\/wp-json\/wp\/v2\/pages\/35747\/revisions\/36214"}],"wp:attachment":[{"href":"https:\/\/plazadetoroslamalagueta.com\/cs\/wp-json\/wp\/v2\/media?parent=35747"}],"curies":[{"name":"wp","href":"https:\/\/api.w.org\/{rel}","templated":true}]}}