{"id":35703,"date":"2024-07-24T13:42:28","date_gmt":"2024-07-24T11:42:28","guid":{"rendered":"https:\/\/plazadetoroslamalagueta.com\/stazeni-manualu\/"},"modified":"2026-02-16T12:42:43","modified_gmt":"2026-02-16T11:42:43","slug":"stazeni-manualu","status":"publish","type":"page","link":"https:\/\/plazadetoroslamalagueta.com\/cs\/stazeni-manualu\/","title":{"rendered":"Sta\u017een\u00ed manu\u00e1lu"},"content":{"rendered":"<section class=\"l-section wpb_row height_medium with_img\"><div class=\"l-section-img\" role=\"img\" aria-label=\"Obr\u00e1zek\" data-img-width=\"1200\" data-img-height=\"675\" style=\"background-image: url(https:\/\/plazadetoroslamalagueta.com\/wp-content\/uploads\/2024\/07\/Manual.webp);\"><\/div><div class=\"l-section-overlay\" style=\"background:var(--color-header-top-transparent-bg)\"><\/div><div class=\"l-section-h i-cf\"><div class=\"g-cols vc_row via_grid cols_1 laptops-cols_inherit tablets-cols_inherit mobiles-cols_1 valign_top type_default stacking_default\"><div class=\"wpb_column vc_column_container\"><div class=\"vc_column-inner\"><div class=\"w-separator size_small\"><\/div><div class=\"wpb_text_column\"><div class=\"wpb_wrapper\"><h1 style=\"text-align: center;\"><span style=\"color: #ffffff;\">P\u0159\u00edru\u010dka pro b\u00fd\u010d\u00ed z\u00e1pasy<\/span><\/h1>\n<p style=\"text-align: center;\"><span style=\"color: #ffffff;\">N\u00ed\u017ee si st\u00e1hn\u011bte soubor PDF:<\/span><\/p>\n<\/div><\/div><div class=\"w-separator size_large\"><\/div><\/div><\/div><\/div><\/div><\/section><section class=\"l-section wpb_row height_medium\"><div class=\"l-section-h i-cf\"><div class=\"g-cols vc_row via_grid cols_3 laptops-cols_inherit tablets-cols_inherit mobiles-cols_1 valign_top type_default stacking_default\"><div class=\"wpb_column vc_column_container us_custom_3a052013 has_bg_color\"><div class=\"vc_column-inner\"><div class=\"wpb_text_column\"><div class=\"wpb_wrapper\"><h3 style=\"text-align: center;\">PDF angli\u010dtina<\/h3>\n<\/div><\/div><div class=\"w-separator size_small\"><\/div><div class=\"w-btn-wrapper align_center\"><a class=\"w-btn us-btn-style_1\" href=\"https:\/\/plazadetoroslamalagueta.com\/wp-content\/uploads\/2024\/07\/Manual-toros-en-espanol.pdf\"><span class=\"w-btn-label\">St\u00e1hnout<\/span><\/a><\/div><\/div><\/div><div class=\"wpb_column vc_column_container us_custom_3a052013 has_bg_color\"><div class=\"vc_column-inner\"><div class=\"wpb_text_column\"><div class=\"wpb_wrapper\"><h3 style=\"text-align: center;\">PDF angli\u010dtina<\/h3>\n<\/div><\/div><div class=\"w-separator size_small\"><\/div><div class=\"w-btn-wrapper align_center\"><a class=\"w-btn us-btn-style_1\" href=\"https:\/\/plazadetoroslamalagueta.com\/wp-content\/uploads\/2024\/07\/Manual-toros-en-ingles.pdf\"><span class=\"w-btn-label\">St\u00e1hnout<\/span><\/a><\/div><\/div><\/div><div class=\"wpb_column vc_column_container us_custom_3a052013 has_bg_color\"><div class=\"vc_column-inner\"><div class=\"wpb_text_column\"><div class=\"wpb_wrapper\"><h3 style=\"text-align: center;\">PDF Fran\u00e7ais<\/h3>\n<\/div><\/div><div class=\"w-separator size_small\"><\/div><div class=\"w-btn-wrapper align_center\"><a class=\"w-btn us-btn-style_1\" href=\"https:\/\/plazadetoroslamalagueta.com\/wp-content\/uploads\/2024\/07\/Manual-toros-en-frances-1.pdf\"><span class=\"w-btn-label\">St\u00e1hnout<\/span><\/a><\/div><\/div><\/div><\/div><\/div><\/section>\n","protected":false},"excerpt":{"rendered":"P\u0159\u00edru\u010dka pro b\u00fd\u010d\u00ed z\u00e1pasy N\u00ed\u017ee si st\u00e1hn\u011bte soubor PDF: PDF angli\u010dtina St\u00e1hnoutPDF angli\u010dtina St\u00e1hnoutPDF Fran\u00e7ais St\u00e1hnout","protected":false},"author":4,"featured_media":0,"parent":0,"menu_order":0,"comment_status":"closed","ping_status":"closed","template":"","meta":{"footnotes":""},"class_list":["post-35703","page","type-page","status-publish","hentry"],"yoast_head":"<!-- This site is optimized with the Yoast SEO plugin v27.4 - https:\/\/yoast.com\/product\/yoast-seo-wordpress\/ -->\n<title>Sta\u017een\u00ed manu\u00e1lu - Plaza de Toros La Malagueta<\/title>\n<meta name=\"robots\" content=\"noindex, nofollow\" \/>\n<meta property=\"og:locale\" content=\"cs_CZ\" \/>\n<meta property=\"og:type\" content=\"article\" \/>\n<meta property=\"og:title\" content=\"Sta\u017een\u00ed manu\u00e1lu - Plaza de Toros La Malagueta\" \/>\n<meta property=\"og:url\" content=\"https:\/\/plazadetoroslamalagueta.com\/cs\/stazeni-manualu\/\" \/>\n<meta property=\"og:site_name\" content=\"Plaza de Toros La Malagueta\" \/>\n<meta property=\"article:modified_time\" content=\"2026-02-16T11:42:43+00:00\" \/>\n<meta property=\"og:image\" content=\"https:\/\/plazadetoroslamalagueta.com\/wp-content\/uploads\/2023\/03\/Diseno-sin-titulo.jpeg\" \/>\n\t<meta property=\"og:image:width\" content=\"1200\" \/>\n\t<meta property=\"og:image:height\" content=\"675\" \/>\n\t<meta property=\"og:image:type\" content=\"image\/jpeg\" \/>\n<meta name=\"twitter:card\" content=\"summary_large_image\" \/>\n<meta name=\"twitter:label1\" content=\"Odhadovan\u00e1 doba \u010dten\u00ed\" \/>\n\t<meta name=\"twitter:data1\" content=\"1 minuta\" \/>\n<script type=\"application\/ld+json\" class=\"yoast-schema-graph\">{\"@context\":\"https:\\\/\\\/schema.org\",\"@graph\":[{\"@type\":\"WebPage\",\"@id\":\"https:\\\/\\\/plazadetoroslamalagueta.com\\\/cs\\\/stazeni-manualu\\\/\",\"url\":\"https:\\\/\\\/plazadetoroslamalagueta.com\\\/cs\\\/stazeni-manualu\\\/\",\"name\":\"Sta\u017een\u00ed manu\u00e1lu - Plaza de Toros La Malagueta\",\"isPartOf\":{\"@id\":\"https:\\\/\\\/plazadetoroslamalagueta.com\\\/cs\\\/#website\"},\"datePublished\":\"2024-07-24T11:42:28+00:00\",\"dateModified\":\"2026-02-16T11:42:43+00:00\",\"breadcrumb\":{\"@id\":\"https:\\\/\\\/plazadetoroslamalagueta.com\\\/cs\\\/stazeni-manualu\\\/#breadcrumb\"},\"inLanguage\":\"cs\",\"potentialAction\":[{\"@type\":\"ReadAction\",\"target\":[\"https:\\\/\\\/plazadetoroslamalagueta.com\\\/cs\\\/stazeni-manualu\\\/\"]}]},{\"@type\":\"BreadcrumbList\",\"@id\":\"https:\\\/\\\/plazadetoroslamalagueta.com\\\/cs\\\/stazeni-manualu\\\/#breadcrumb\",\"itemListElement\":[{\"@type\":\"ListItem\",\"position\":1,\"name\":\"Home\",\"item\":\"https:\\\/\\\/plazadetoroslamalagueta.com\\\/cs\\\/\"},{\"@type\":\"ListItem\",\"position\":2,\"name\":\"Sta\u017een\u00ed manu\u00e1lu\"}]},{\"@type\":\"WebSite\",\"@id\":\"https:\\\/\\\/plazadetoroslamalagueta.com\\\/cs\\\/#website\",\"url\":\"https:\\\/\\\/plazadetoroslamalagueta.com\\\/cs\\\/\",\"name\":\"Plaza de Toros de la Malagueta\",\"description\":\"La Plaza de Toros de M\u00e1laga, de nombre La Malagueta, es un edificio reconocido Bien de Inter\u00e9s Cultural, que ofrece visitas tur\u00edsticas y corridas de toros y otros tipos de espect\u00e1culo durante todo el a\u00f1o.\",\"publisher\":{\"@id\":\"https:\\\/\\\/plazadetoroslamalagueta.com\\\/cs\\\/#organization\"},\"alternateName\":\"Plaza de Toros M\u00e1laga\",\"potentialAction\":[{\"@type\":\"SearchAction\",\"target\":{\"@type\":\"EntryPoint\",\"urlTemplate\":\"https:\\\/\\\/plazadetoroslamalagueta.com\\\/cs\\\/?s={search_term_string}\"},\"query-input\":{\"@type\":\"PropertyValueSpecification\",\"valueRequired\":true,\"valueName\":\"search_term_string\"}}],\"inLanguage\":\"cs\"},{\"@type\":\"Organization\",\"@id\":\"https:\\\/\\\/plazadetoroslamalagueta.com\\\/cs\\\/#organization\",\"name\":\"Plaza de Toros la Malagueta\",\"url\":\"https:\\\/\\\/plazadetoroslamalagueta.com\\\/cs\\\/\",\"logo\":{\"@type\":\"ImageObject\",\"inLanguage\":\"cs\",\"@id\":\"https:\\\/\\\/plazadetoroslamalagueta.com\\\/cs\\\/#\\\/schema\\\/logo\\\/image\\\/\",\"url\":\"https:\\\/\\\/plazadetoroslamalagueta.com\\\/wp-content\\\/uploads\\\/2024\\\/02\\\/Logo-plaza-toros.webp\",\"contentUrl\":\"https:\\\/\\\/plazadetoroslamalagueta.com\\\/wp-content\\\/uploads\\\/2024\\\/02\\\/Logo-plaza-toros.webp\",\"width\":100,\"height\":100,\"caption\":\"Plaza de Toros la Malagueta\"},\"image\":{\"@id\":\"https:\\\/\\\/plazadetoroslamalagueta.com\\\/cs\\\/#\\\/schema\\\/logo\\\/image\\\/\"}}]}<\/script>\n<!-- \/ Yoast SEO plugin. -->","yoast_head_json":{"title":"Sta\u017een\u00ed manu\u00e1lu - Plaza de Toros La Malagueta","robots":{"index":"noindex","follow":"nofollow"},"og_locale":"cs_CZ","og_type":"article","og_title":"Sta\u017een\u00ed manu\u00e1lu - Plaza de Toros La Malagueta","og_url":"https:\/\/plazadetoroslamalagueta.com\/cs\/stazeni-manualu\/","og_site_name":"Plaza de Toros La Malagueta","article_modified_time":"2026-02-16T11:42:43+00:00","og_image":[{"width":1200,"height":675,"url":"https:\/\/plazadetoroslamalagueta.com\/wp-content\/uploads\/2023\/03\/Diseno-sin-titulo.jpeg","type":"image\/jpeg"}],"twitter_card":"summary_large_image","twitter_misc":{"Odhadovan\u00e1 doba \u010dten\u00ed":"1 minuta"},"schema":{"@context":"https:\/\/schema.org","@graph":[{"@type":"WebPage","@id":"https:\/\/plazadetoroslamalagueta.com\/cs\/stazeni-manualu\/","url":"https:\/\/plazadetoroslamalagueta.com\/cs\/stazeni-manualu\/","name":"Sta\u017een\u00ed manu\u00e1lu - Plaza de Toros La Malagueta","isPartOf":{"@id":"https:\/\/plazadetoroslamalagueta.com\/cs\/#website"},"datePublished":"2024-07-24T11:42:28+00:00","dateModified":"2026-02-16T11:42:43+00:00","breadcrumb":{"@id":"https:\/\/plazadetoroslamalagueta.com\/cs\/stazeni-manualu\/#breadcrumb"},"inLanguage":"cs","potentialAction":[{"@type":"ReadAction","target":["https:\/\/plazadetoroslamalagueta.com\/cs\/stazeni-manualu\/"]}]},{"@type":"BreadcrumbList","@id":"https:\/\/plazadetoroslamalagueta.com\/cs\/stazeni-manualu\/#breadcrumb","itemListElement":[{"@type":"ListItem","position":1,"name":"Home","item":"https:\/\/plazadetoroslamalagueta.com\/cs\/"},{"@type":"ListItem","position":2,"name":"Sta\u017een\u00ed manu\u00e1lu"}]},{"@type":"WebSite","@id":"https:\/\/plazadetoroslamalagueta.com\/cs\/#website","url":"https:\/\/plazadetoroslamalagueta.com\/cs\/","name":"Plaza de Toros de la Malagueta","description":"La Plaza de Toros de M\u00e1laga, de nombre La Malagueta, es un edificio reconocido Bien de Inter\u00e9s Cultural, que ofrece visitas tur\u00edsticas y corridas de toros y otros tipos de espect\u00e1culo durante todo el a\u00f1o.","publisher":{"@id":"https:\/\/plazadetoroslamalagueta.com\/cs\/#organization"},"alternateName":"Plaza de Toros M\u00e1laga","potentialAction":[{"@type":"SearchAction","target":{"@type":"EntryPoint","urlTemplate":"https:\/\/plazadetoroslamalagueta.com\/cs\/?s={search_term_string}"},"query-input":{"@type":"PropertyValueSpecification","valueRequired":true,"valueName":"search_term_string"}}],"inLanguage":"cs"},{"@type":"Organization","@id":"https:\/\/plazadetoroslamalagueta.com\/cs\/#organization","name":"Plaza de Toros la Malagueta","url":"https:\/\/plazadetoroslamalagueta.com\/cs\/","logo":{"@type":"ImageObject","inLanguage":"cs","@id":"https:\/\/plazadetoroslamalagueta.com\/cs\/#\/schema\/logo\/image\/","url":"https:\/\/plazadetoroslamalagueta.com\/wp-content\/uploads\/2024\/02\/Logo-plaza-toros.webp","contentUrl":"https:\/\/plazadetoroslamalagueta.com\/wp-content\/uploads\/2024\/02\/Logo-plaza-toros.webp","width":100,"height":100,"caption":"Plaza de Toros la Malagueta"},"image":{"@id":"https:\/\/plazadetoroslamalagueta.com\/cs\/#\/schema\/logo\/image\/"}}]}},"_links":{"self":[{"href":"https:\/\/plazadetoroslamalagueta.com\/cs\/wp-json\/wp\/v2\/pages\/35703","targetHints":{"allow":["GET"]}}],"collection":[{"href":"https:\/\/plazadetoroslamalagueta.com\/cs\/wp-json\/wp\/v2\/pages"}],"about":[{"href":"https:\/\/plazadetoroslamalagueta.com\/cs\/wp-json\/wp\/v2\/types\/page"}],"author":[{"embeddable":true,"href":"https:\/\/plazadetoroslamalagueta.com\/cs\/wp-json\/wp\/v2\/users\/4"}],"replies":[{"embeddable":true,"href":"https:\/\/plazadetoroslamalagueta.com\/cs\/wp-json\/wp\/v2\/comments?post=35703"}],"version-history":[{"count":9,"href":"https:\/\/plazadetoroslamalagueta.com\/cs\/wp-json\/wp\/v2\/pages\/35703\/revisions"}],"predecessor-version":[{"id":35772,"href":"https:\/\/plazadetoroslamalagueta.com\/cs\/wp-json\/wp\/v2\/pages\/35703\/revisions\/35772"}],"wp:attachment":[{"href":"https:\/\/plazadetoroslamalagueta.com\/cs\/wp-json\/wp\/v2\/media?parent=35703"}],"curies":[{"name":"wp","href":"https:\/\/api.w.org\/{rel}","templated":true}]}}