{"id":35658,"date":"2024-02-09T10:59:19","date_gmt":"2024-02-09T09:59:19","guid":{"rendered":"https:\/\/plazadetoroslamalagueta.com\/plakat-k-bycim-zapasum-malaga\/"},"modified":"2026-04-13T23:19:27","modified_gmt":"2026-04-13T21:19:27","slug":"plakat-k-bycim-zapasum-malaga","status":"publish","type":"page","link":"https:\/\/plazadetoroslamalagueta.com\/cs\/plakat-k-bycim-zapasum-malaga\/","title":{"rendered":"Plak\u00e1t k b\u00fd\u010d\u00edm z\u00e1pas\u016fm M\u00e1laga"},"content":{"rendered":"<section class=\"l-section wpb_row height_medium\"><div class=\"l-section-h i-cf\"><div class=\"g-cols vc_row via_grid cols_1 laptops-cols_inherit tablets-cols_inherit mobiles-cols_1 valign_top type_default stacking_default\"><div class=\"wpb_column vc_column_container\"><div class=\"vc_column-inner\"><div class=\"wpb_text_column\"><div class=\"wpb_wrapper\"><h1>B\u00fd\u010d\u00ed z\u00e1pasy Plak\u00e1t Malaga 2026<\/h1>\n<\/div><\/div><div class=\"w-separator size_medium\"><\/div><div class=\"g-cols wpb_row via_grid cols_2 laptops-cols_inherit tablets-cols_inherit mobiles-cols_1 valign_top type_default stacking_default\" style=\"--columns-gap:3rem;\"><div class=\"wpb_column vc_column_container\"><div class=\"vc_column-inner\"><div class=\"wpb_text_column\"><div class=\"wpb_wrapper\">\n<table id=\"tablepress-1\" class=\"tablepress tablepress-id-1\">\n<thead>\n<tr class=\"row-1\">\n\t<th class=\"column-1\">Evento<\/th><th class=\"column-2\">D\u00eda<\/th><th class=\"column-3\">Toreros que participan<\/th>\n<\/tr>\n<\/thead>\n<tbody class=\"row-striping row-hover\">\n<tr class=\"row-2\">\n\t<td class=\"column-1\">Festival ben\u00e9fico<\/td><td class=\"column-2\">6 Junio<\/td><td class=\"column-3\">Por confirmar<\/td>\n<\/tr>\n<tr class=\"row-3\">\n\t<td class=\"column-1\">Corrida toros 150 aniversario<\/td><td class=\"column-2\">7 Junio<\/td><td class=\"column-3\">Por confirmar<\/td>\n<\/tr>\n<tr class=\"row-4\">\n\t<td class=\"column-1\">Concurso de recortes<\/td><td class=\"column-2\">13 Junio<\/td><td class=\"column-3\">Por confirmar<\/td>\n<\/tr>\n<tr class=\"row-5\">\n\t<td class=\"column-1\">Novilladas<\/td><td class=\"column-2\">14 Junio<\/td><td class=\"column-3\">Por confirmar<\/td>\n<\/tr>\n<\/tbody>\n<\/table>\n<!-- #tablepress-1 from cache -->\n<p>Plak\u00e1t k b\u00fd\u010d\u00edm z\u00e1pas\u016fm Malaga 2026 je nyn\u00ed k dispozici! P\u0159ij\u010fte si u\u017e\u00edt nejlep\u0161\u00ed b\u00fd\u010d\u00ed z\u00e1pasy ve \u0160pan\u011blsku do p\u016fsobiv\u00e9 b\u00fd\u010d\u00ed ar\u00e9ny La Malagueta. Vstupenky si m\u016f\u017eete zakoupit na n\u00e1sleduj\u00edc\u00edm odkazu:<\/p>\n<\/div><\/div><div class=\"w-separator size_medium\"><\/div><div class=\"w-btn-wrapper align_none\"><a class=\"w-btn us-btn-style_1\" title=\"Vstupenky na b\u00fd\u010d\u00ed z\u00e1pasy v Malaze\" href=\"https:\/\/plazadetoroslamalagueta.com\/cs\/vstupenky-na-byci-zapasy-v-malaze\/\"><span class=\"w-btn-label\">Koupit vstupenky<\/span><\/a><\/div><\/div><\/div><div class=\"wpb_column vc_column_container\"><div class=\"vc_column-inner\"><div class=\"w-image align_none\"><div class=\"w-image-h\"><img decoding=\"async\" width=\"500\" height=\"1000\" src=\"https:\/\/plazadetoroslamalagueta.com\/wp-content\/uploads\/2025\/06\/Cartel-toros-malaga-agosto-2025.webp\" class=\"attachment-large size-large\" alt=\"\" loading=\"lazy\" srcset=\"https:\/\/plazadetoroslamalagueta.com\/wp-content\/uploads\/2025\/06\/Cartel-toros-malaga-agosto-2025.webp 500w, https:\/\/plazadetoroslamalagueta.com\/wp-content\/uploads\/2025\/06\/Cartel-toros-malaga-agosto-2025-150x300.webp 150w, https:\/\/plazadetoroslamalagueta.com\/wp-content\/uploads\/2025\/06\/Cartel-toros-malaga-agosto-2025-300x600.webp 300w\" sizes=\"auto, (max-width: 500px) 100vw, 500px\" \/><\/div><\/div><\/div><\/div><\/div><\/div><\/div><\/div><\/div><\/section><section class=\"l-section wpb_row height_medium\"><div class=\"l-section-h i-cf\"><div class=\"g-cols vc_row via_grid cols_1 laptops-cols_inherit tablets-cols_inherit mobiles-cols_1 valign_top type_default stacking_default\"><div class=\"wpb_column vc_column_container\"><div class=\"vc_column-inner\"><div class=\"wpb_text_column\"><div class=\"wpb_wrapper\"><h2>Vstupenky na <span data-sheets-root=\"1\" data-sheets-value=\"{\" 1=\"\" :2=\"\" 2=\"\" :=\"\" cartel=\"\" toros=\"\" malaga=\"\" data-sheets-userformat=\"{\" :4224=\"\" 10=\"\" 15=\"\" arial=\"\">b\u00fd\u010d\u00ed z\u00e1pasy Malaga<\/span><\/h2>\n<\/div><\/div><div class=\"w-separator size_medium\"><\/div><div class=\"w-grid us_grid type_grid layout_22144 no_results cols_3 pagination_infinite overflow_hidden preload_style_spinner\" id=\"us_grid_1\" style=\"--columns:3;--gap:0.5rem;\" data-filterable=\"true\"><style>@media (max-width:1024px){#us_grid_1{--columns:2!important}}@media (max-width:600px){#us_grid_1{--columns:1!important}}.layout_22144 .w-grid-item-h{background:var(--color-content-bg);color:var(--color-content-text);border-radius:0.3rem;box-shadow:0 0.03rem 0.06rem rgba(0,0,0,0.1),0 0.1rem 0.3rem rgba(0,0,0,0.1);transition-duration:0.3s}.no-touch .layout_22144 .w-grid-item-h:hover{box-shadow:0 0.1rem 0.2rem rgba(0,0,0,0.1),0 0.33rem 1rem rgba(0,0,0,0.15);z-index:4}.layout_22144 .usg_vwrapper_1{transition-duration:0.2s;transform-origin:50% 50%;transform:scale(1) translate(0,0)}.layout_22144 .w-grid-item-h:focus-within .usg_vwrapper_1,.layout_22144 .w-grid-item-h:hover .usg_vwrapper_1{transform:scale(1) translate(0,-2.4rem);opacity:1}.layout_22144 .usg_add_to_cart_1{transition-duration:0.3s;transform-origin:50% 50%;transform:scale(1) translate(0%,0%);opacity:0}.layout_22144 .w-grid-item-h:focus-within .usg_add_to_cart_1,.layout_22144 .w-grid-item-h:hover .usg_add_to_cart_1{transform:scale(1) translate(0%,0%);opacity:1}.layout_22144 .usg_product_field_1{position:absolute!important;top:10px!important;left:10px!important;padding-right:0.8rem!important;padding-left:0.8rem!important;font-family:var(--font-family)!important;font-size:12px!important;font-weight:700!important;text-transform:uppercase!important;color:#ffffff!important;border-radius:2rem!important;background:#f73453!important}.layout_22144 .usg_vwrapper_1{background:inherit!important;padding:1rem 1.2rem 1rem 1.2rem!important}.layout_22144 .usg_post_title_1{margin-bottom:0.3rem!important;font-family:var(--font-family)!important;font-size:1.2rem!important;font-weight:400!important;color:inherit!important}.layout_22144 .usg_product_field_2{margin-bottom:0.5rem!important;font-family:var(--font-family)!important;font-size:0.9rem!important}.layout_22144 .usg_product_field_3{font-family:var(--font-family)!important;font-weight:700!important}.layout_22144 .usg_add_to_cart_1{font-size:0.8rem!important;width:100%!important;border-radius:0!important;position:absolute!important;left:0!important;bottom:0!important;right:0!important}<\/style><div class=\"w-grid-list\"><\/div>\t<div class=\"w-grid-preloader\">\r\n\t\t<div class=\"g-preloader type_1\">\r\n\t\t\t<div><\/div>\r\n\t\t<\/div>\r\n\t<\/div>\r\n\t\t<div class=\"w-grid-json hidden\" onclick='return {&quot;action&quot;:&quot;us_ajax_grid&quot;,&quot;infinite_scroll&quot;:0,&quot;max_num_pages&quot;:0,&quot;pagination&quot;:&quot;infinite&quot;,&quot;template_vars&quot;:{&quot;columns&quot;:&quot;3&quot;,&quot;exclude_items&quot;:&quot;none&quot;,&quot;img_size&quot;:&quot;default&quot;,&quot;ignore_items_size&quot;:0,&quot;items_layout&quot;:&quot;22144&quot;,&quot;items_offset&quot;:&quot;1&quot;,&quot;load_animation&quot;:&quot;none&quot;,&quot;overriding_link&quot;:&quot;%7B%22type%22%3A%22post%22%7D&quot;,&quot;post_id&quot;:0,&quot;query_args&quot;:{&quot;post_type&quot;:[&quot;product&quot;],&quot;post_status&quot;:[&quot;publish&quot;,&quot;wc-reembolso-parcial&quot;,&quot;wc-enpreparacion&quot;,&quot;wc-enviado&quot;],&quot;meta_query&quot;:[{&quot;key&quot;:&quot;_stock_status&quot;,&quot;value&quot;:&quot;outofstock&quot;,&quot;compare&quot;:&quot;!=&quot;}],&quot;tax_query&quot;:[{&quot;taxonomy&quot;:&quot;product_visibility&quot;,&quot;field&quot;:&quot;slug&quot;,&quot;terms&quot;:[&quot;exclude-from-catalog&quot;],&quot;operator&quot;:&quot;NOT IN&quot;}],&quot;posts_per_page&quot;:&quot;8&quot;},&quot;orderby_query_args&quot;:{&quot;orderby&quot;:{&quot;modified&quot;:&quot;DESC&quot;,&quot;date&quot;:&quot;DESC&quot;}},&quot;type&quot;:&quot;grid&quot;,&quot;us_grid_post_type&quot;:&quot;product&quot;,&quot;us_grid_ajax_index&quot;:1,&quot;us_grid_filter_query_string&quot;:null,&quot;us_grid_index&quot;:1,&quot;page_args&quot;:[],&quot;lang&quot;:&quot;cs&quot;}}'><\/div>\r\n\t<\/div><div class=\"w-grid-none type_message\">Nebyly nalezeny \u017e\u00e1dn\u00e9 v\u00fdsledky.<\/div><\/div><\/div><\/div><\/div><\/section>\n","protected":false},"excerpt":{"rendered":"B\u00fd\u010d\u00ed z\u00e1pasy Plak\u00e1t Malaga 2026 EventoD\u00edaToreros que participan Festival ben\u00e9fico6 JunioPor confirmar Corrida toros 150 aniversario7 JunioPor confirmar Concurso de recortes13 JunioPor confirmar Novilladas14 JunioPor confirmar Plak\u00e1t k b\u00fd\u010d\u00edm z\u00e1pas\u016fm Malaga 2026 je nyn\u00ed k dispozici! P\u0159ij\u010fte si u\u017e\u00edt nejlep\u0161\u00ed b\u00fd\u010d\u00ed z\u00e1pasy ve \u0160pan\u011blsku do p\u016fsobiv\u00e9 b\u00fd\u010d\u00ed ar\u00e9ny La Malagueta. Vstupenky si m\u016f\u017eete zakoupit na...","protected":false},"author":4,"featured_media":0,"parent":0,"menu_order":0,"comment_status":"closed","ping_status":"closed","template":"","meta":{"footnotes":""},"class_list":["post-35658","page","type-page","status-publish","hentry"],"yoast_head":"<!-- This site is optimized with the Yoast SEO plugin v27.4 - https:\/\/yoast.com\/product\/yoast-seo-wordpress\/ -->\n<title>\u25b7 Plak\u00e1t b\u00fd\u010d\u00edch z\u00e1pas\u016f M\u00e1laga 2026 | Bullring M\u00e1laga<\/title>\n<meta name=\"description\" content=\"Nov\u00fd plak\u00e1t k b\u00fd\u010d\u00edm z\u00e1pas\u016fm v Malaze je nyn\u00ed k dispozici | Objevte b\u00fd\u010d\u00ed z\u00e1pasy, kter\u00e9 se budou konat v Malaguet\u011b.\" \/>\n<meta name=\"robots\" content=\"index, follow, max-snippet:-1, max-image-preview:large, max-video-preview:-1\" \/>\n<link rel=\"canonical\" href=\"https:\/\/plazadetoroslamalagueta.com\/cs\/plakat-k-bycim-zapasum-malaga\/\" \/>\n<meta property=\"og:locale\" content=\"cs_CZ\" \/>\n<meta property=\"og:type\" content=\"article\" \/>\n<meta property=\"og:title\" content=\"\u25b7 Plak\u00e1t b\u00fd\u010d\u00edch z\u00e1pas\u016f M\u00e1laga 2026 | Bullring M\u00e1laga\" \/>\n<meta property=\"og:description\" content=\"Nov\u00fd plak\u00e1t k b\u00fd\u010d\u00edm z\u00e1pas\u016fm v Malaze je nyn\u00ed k dispozici | Objevte b\u00fd\u010d\u00ed z\u00e1pasy, kter\u00e9 se budou konat v Malaguet\u011b.\" \/>\n<meta property=\"og:url\" content=\"https:\/\/plazadetoroslamalagueta.com\/cs\/plakat-k-bycim-zapasum-malaga\/\" \/>\n<meta property=\"og:site_name\" content=\"Plaza de Toros La Malagueta\" \/>\n<meta property=\"article:modified_time\" content=\"2026-04-13T21:19:27+00:00\" \/>\n<meta property=\"og:image\" content=\"https:\/\/plazadetoroslamalagueta.com\/wp-content\/uploads\/2023\/03\/Diseno-sin-titulo.jpeg\" \/>\n\t<meta property=\"og:image:width\" content=\"1200\" \/>\n\t<meta property=\"og:image:height\" content=\"675\" \/>\n\t<meta property=\"og:image:type\" content=\"image\/jpeg\" \/>\n<meta name=\"twitter:card\" content=\"summary_large_image\" \/>\n<meta name=\"twitter:label1\" content=\"Odhadovan\u00e1 doba \u010dten\u00ed\" \/>\n\t<meta name=\"twitter:data1\" content=\"1 minuta\" \/>\n<script type=\"application\/ld+json\" class=\"yoast-schema-graph\">{\"@context\":\"https:\\\/\\\/schema.org\",\"@graph\":[{\"@type\":\"WebPage\",\"@id\":\"https:\\\/\\\/plazadetoroslamalagueta.com\\\/cs\\\/plakat-k-bycim-zapasum-malaga\\\/\",\"url\":\"https:\\\/\\\/plazadetoroslamalagueta.com\\\/cs\\\/plakat-k-bycim-zapasum-malaga\\\/\",\"name\":\"\u25b7 Plak\u00e1t b\u00fd\u010d\u00edch z\u00e1pas\u016f M\u00e1laga 2026 | Bullring M\u00e1laga\",\"isPartOf\":{\"@id\":\"https:\\\/\\\/plazadetoroslamalagueta.com\\\/cs\\\/#website\"},\"datePublished\":\"2024-02-09T09:59:19+00:00\",\"dateModified\":\"2026-04-13T21:19:27+00:00\",\"description\":\"Nov\u00fd plak\u00e1t k b\u00fd\u010d\u00edm z\u00e1pas\u016fm v Malaze je nyn\u00ed k dispozici | Objevte b\u00fd\u010d\u00ed z\u00e1pasy, kter\u00e9 se budou konat v Malaguet\u011b.\",\"breadcrumb\":{\"@id\":\"https:\\\/\\\/plazadetoroslamalagueta.com\\\/cs\\\/plakat-k-bycim-zapasum-malaga\\\/#breadcrumb\"},\"inLanguage\":\"cs\",\"potentialAction\":[{\"@type\":\"ReadAction\",\"target\":[\"https:\\\/\\\/plazadetoroslamalagueta.com\\\/cs\\\/plakat-k-bycim-zapasum-malaga\\\/\"]}]},{\"@type\":\"BreadcrumbList\",\"@id\":\"https:\\\/\\\/plazadetoroslamalagueta.com\\\/cs\\\/plakat-k-bycim-zapasum-malaga\\\/#breadcrumb\",\"itemListElement\":[{\"@type\":\"ListItem\",\"position\":1,\"name\":\"Home\",\"item\":\"https:\\\/\\\/plazadetoroslamalagueta.com\\\/cs\\\/\"},{\"@type\":\"ListItem\",\"position\":2,\"name\":\"Plak\u00e1t k b\u00fd\u010d\u00edm z\u00e1pas\u016fm M\u00e1laga\"}]},{\"@type\":\"WebSite\",\"@id\":\"https:\\\/\\\/plazadetoroslamalagueta.com\\\/cs\\\/#website\",\"url\":\"https:\\\/\\\/plazadetoroslamalagueta.com\\\/cs\\\/\",\"name\":\"Plaza de Toros de la Malagueta\",\"description\":\"La Plaza de Toros de M\u00e1laga, de nombre La Malagueta, es un edificio reconocido Bien de Inter\u00e9s Cultural, que ofrece visitas tur\u00edsticas y corridas de toros y otros tipos de espect\u00e1culo durante todo el a\u00f1o.\",\"publisher\":{\"@id\":\"https:\\\/\\\/plazadetoroslamalagueta.com\\\/cs\\\/#organization\"},\"alternateName\":\"Plaza de Toros M\u00e1laga\",\"potentialAction\":[{\"@type\":\"SearchAction\",\"target\":{\"@type\":\"EntryPoint\",\"urlTemplate\":\"https:\\\/\\\/plazadetoroslamalagueta.com\\\/cs\\\/?s={search_term_string}\"},\"query-input\":{\"@type\":\"PropertyValueSpecification\",\"valueRequired\":true,\"valueName\":\"search_term_string\"}}],\"inLanguage\":\"cs\"},{\"@type\":\"Organization\",\"@id\":\"https:\\\/\\\/plazadetoroslamalagueta.com\\\/cs\\\/#organization\",\"name\":\"Plaza de Toros la Malagueta\",\"url\":\"https:\\\/\\\/plazadetoroslamalagueta.com\\\/cs\\\/\",\"logo\":{\"@type\":\"ImageObject\",\"inLanguage\":\"cs\",\"@id\":\"https:\\\/\\\/plazadetoroslamalagueta.com\\\/cs\\\/#\\\/schema\\\/logo\\\/image\\\/\",\"url\":\"https:\\\/\\\/plazadetoroslamalagueta.com\\\/wp-content\\\/uploads\\\/2024\\\/02\\\/Logo-plaza-toros.webp\",\"contentUrl\":\"https:\\\/\\\/plazadetoroslamalagueta.com\\\/wp-content\\\/uploads\\\/2024\\\/02\\\/Logo-plaza-toros.webp\",\"width\":100,\"height\":100,\"caption\":\"Plaza de Toros la Malagueta\"},\"image\":{\"@id\":\"https:\\\/\\\/plazadetoroslamalagueta.com\\\/cs\\\/#\\\/schema\\\/logo\\\/image\\\/\"}}]}<\/script>\n<!-- \/ Yoast SEO plugin. -->","yoast_head_json":{"title":"\u25b7 Plak\u00e1t b\u00fd\u010d\u00edch z\u00e1pas\u016f M\u00e1laga 2026 | Bullring M\u00e1laga","description":"Nov\u00fd plak\u00e1t k b\u00fd\u010d\u00edm z\u00e1pas\u016fm v Malaze je nyn\u00ed k dispozici | Objevte b\u00fd\u010d\u00ed z\u00e1pasy, kter\u00e9 se budou konat v Malaguet\u011b.","robots":{"index":"index","follow":"follow","max-snippet":"max-snippet:-1","max-image-preview":"max-image-preview:large","max-video-preview":"max-video-preview:-1"},"canonical":"https:\/\/plazadetoroslamalagueta.com\/cs\/plakat-k-bycim-zapasum-malaga\/","og_locale":"cs_CZ","og_type":"article","og_title":"\u25b7 Plak\u00e1t b\u00fd\u010d\u00edch z\u00e1pas\u016f M\u00e1laga 2026 | Bullring M\u00e1laga","og_description":"Nov\u00fd plak\u00e1t k b\u00fd\u010d\u00edm z\u00e1pas\u016fm v Malaze je nyn\u00ed k dispozici | Objevte b\u00fd\u010d\u00ed z\u00e1pasy, kter\u00e9 se budou konat v Malaguet\u011b.","og_url":"https:\/\/plazadetoroslamalagueta.com\/cs\/plakat-k-bycim-zapasum-malaga\/","og_site_name":"Plaza de Toros La Malagueta","article_modified_time":"2026-04-13T21:19:27+00:00","og_image":[{"width":1200,"height":675,"url":"https:\/\/plazadetoroslamalagueta.com\/wp-content\/uploads\/2023\/03\/Diseno-sin-titulo.jpeg","type":"image\/jpeg"}],"twitter_card":"summary_large_image","twitter_misc":{"Odhadovan\u00e1 doba \u010dten\u00ed":"1 minuta"},"schema":{"@context":"https:\/\/schema.org","@graph":[{"@type":"WebPage","@id":"https:\/\/plazadetoroslamalagueta.com\/cs\/plakat-k-bycim-zapasum-malaga\/","url":"https:\/\/plazadetoroslamalagueta.com\/cs\/plakat-k-bycim-zapasum-malaga\/","name":"\u25b7 Plak\u00e1t b\u00fd\u010d\u00edch z\u00e1pas\u016f M\u00e1laga 2026 | Bullring M\u00e1laga","isPartOf":{"@id":"https:\/\/plazadetoroslamalagueta.com\/cs\/#website"},"datePublished":"2024-02-09T09:59:19+00:00","dateModified":"2026-04-13T21:19:27+00:00","description":"Nov\u00fd plak\u00e1t k b\u00fd\u010d\u00edm z\u00e1pas\u016fm v Malaze je nyn\u00ed k dispozici | Objevte b\u00fd\u010d\u00ed z\u00e1pasy, kter\u00e9 se budou konat v Malaguet\u011b.","breadcrumb":{"@id":"https:\/\/plazadetoroslamalagueta.com\/cs\/plakat-k-bycim-zapasum-malaga\/#breadcrumb"},"inLanguage":"cs","potentialAction":[{"@type":"ReadAction","target":["https:\/\/plazadetoroslamalagueta.com\/cs\/plakat-k-bycim-zapasum-malaga\/"]}]},{"@type":"BreadcrumbList","@id":"https:\/\/plazadetoroslamalagueta.com\/cs\/plakat-k-bycim-zapasum-malaga\/#breadcrumb","itemListElement":[{"@type":"ListItem","position":1,"name":"Home","item":"https:\/\/plazadetoroslamalagueta.com\/cs\/"},{"@type":"ListItem","position":2,"name":"Plak\u00e1t k b\u00fd\u010d\u00edm z\u00e1pas\u016fm M\u00e1laga"}]},{"@type":"WebSite","@id":"https:\/\/plazadetoroslamalagueta.com\/cs\/#website","url":"https:\/\/plazadetoroslamalagueta.com\/cs\/","name":"Plaza de Toros de la Malagueta","description":"La Plaza de Toros de M\u00e1laga, de nombre La Malagueta, es un edificio reconocido Bien de Inter\u00e9s Cultural, que ofrece visitas tur\u00edsticas y corridas de toros y otros tipos de espect\u00e1culo durante todo el a\u00f1o.","publisher":{"@id":"https:\/\/plazadetoroslamalagueta.com\/cs\/#organization"},"alternateName":"Plaza de Toros M\u00e1laga","potentialAction":[{"@type":"SearchAction","target":{"@type":"EntryPoint","urlTemplate":"https:\/\/plazadetoroslamalagueta.com\/cs\/?s={search_term_string}"},"query-input":{"@type":"PropertyValueSpecification","valueRequired":true,"valueName":"search_term_string"}}],"inLanguage":"cs"},{"@type":"Organization","@id":"https:\/\/plazadetoroslamalagueta.com\/cs\/#organization","name":"Plaza de Toros la Malagueta","url":"https:\/\/plazadetoroslamalagueta.com\/cs\/","logo":{"@type":"ImageObject","inLanguage":"cs","@id":"https:\/\/plazadetoroslamalagueta.com\/cs\/#\/schema\/logo\/image\/","url":"https:\/\/plazadetoroslamalagueta.com\/wp-content\/uploads\/2024\/02\/Logo-plaza-toros.webp","contentUrl":"https:\/\/plazadetoroslamalagueta.com\/wp-content\/uploads\/2024\/02\/Logo-plaza-toros.webp","width":100,"height":100,"caption":"Plaza de Toros la Malagueta"},"image":{"@id":"https:\/\/plazadetoroslamalagueta.com\/cs\/#\/schema\/logo\/image\/"}}]}},"_links":{"self":[{"href":"https:\/\/plazadetoroslamalagueta.com\/cs\/wp-json\/wp\/v2\/pages\/35658","targetHints":{"allow":["GET"]}}],"collection":[{"href":"https:\/\/plazadetoroslamalagueta.com\/cs\/wp-json\/wp\/v2\/pages"}],"about":[{"href":"https:\/\/plazadetoroslamalagueta.com\/cs\/wp-json\/wp\/v2\/types\/page"}],"author":[{"embeddable":true,"href":"https:\/\/plazadetoroslamalagueta.com\/cs\/wp-json\/wp\/v2\/users\/4"}],"replies":[{"embeddable":true,"href":"https:\/\/plazadetoroslamalagueta.com\/cs\/wp-json\/wp\/v2\/comments?post=35658"}],"version-history":[{"count":3,"href":"https:\/\/plazadetoroslamalagueta.com\/cs\/wp-json\/wp\/v2\/pages\/35658\/revisions"}],"predecessor-version":[{"id":39066,"href":"https:\/\/plazadetoroslamalagueta.com\/cs\/wp-json\/wp\/v2\/pages\/35658\/revisions\/39066"}],"wp:attachment":[{"href":"https:\/\/plazadetoroslamalagueta.com\/cs\/wp-json\/wp\/v2\/media?parent=35658"}],"curies":[{"name":"wp","href":"https:\/\/api.w.org\/{rel}","templated":true}]}}