{"id":35654,"date":"2024-04-15T10:39:54","date_gmt":"2024-04-15T08:39:54","guid":{"rendered":"https:\/\/plazadetoroslamalagueta.com\/datum-dodani-a-provize\/"},"modified":"2026-02-16T12:42:37","modified_gmt":"2026-02-16T11:42:37","slug":"datum-dodani-a-provize","status":"publish","type":"page","link":"https:\/\/plazadetoroslamalagueta.com\/cs\/datum-dodani-a-provize\/","title":{"rendered":"Datum dod\u00e1n\u00ed a provize"},"content":{"rendered":"<section class=\"l-section wpb_row height_medium\"><div class=\"l-section-h i-cf\"><div class=\"g-cols vc_row via_grid cols_1 laptops-cols_inherit tablets-cols_inherit mobiles-cols_1 valign_top type_default stacking_default\"><div class=\"wpb_column vc_column_container\"><div class=\"vc_column-inner\"><div class=\"wpb_text_column\"><div class=\"wpb_wrapper\"><h1>Datum dod\u00e1n\u00ed a provize za letenku<\/h1>\n<h3>Datum dod\u00e1n\u00ed:<\/h3>\n<p>Vstupenky budou zasl\u00e1ny ve form\u00e1tu PDF na e-mailovou adresu 1 t\u00fdden p\u0159ed akc\u00ed. Doporu\u010dujeme zkontrolovat slo\u017eku nevy\u017e\u00e1dan\u00e9 po\u0161ty ve va\u0161em e-mailu. <\/p>\n<h3>Provize z prodeje<\/h3>\n<p>Na vstupenky se vztahuje 10% poplatek za vystaven\u00ed + 10% provize z prodeje, kter\u00e1 je p\u0159ipo\u010dtena na platebn\u00ed str\u00e1nce.<\/p>\n<h3>Vrac\u00ed se<\/h3>\n<div>\n<div>Podm\u00ednkou vstupu na m\u00edsto a p\u0159\u00edpadn\u00e9ho vr\u00e1cen\u00ed zaplacen\u00e9 \u010d\u00e1stky v souladu s platn\u00fdmi pr\u00e1vn\u00edmi p\u0159edpisy (\u010dl. 70 RTA) je p\u0159edlo\u017een\u00ed ofici\u00e1ln\u00ed, \u00fapln\u00e9, neotev\u0159en\u00e9 a nezmanipulovan\u00e9 vstupenky. <\/div>\n<\/div>\n<div><\/div>\n<div>\n<div>Lh\u016fta pro vr\u00e1cen\u00ed \u010d\u00e1stky za\u010d\u00edn\u00e1 b\u011b\u017eet od okam\u017eiku ozn\u00e1men\u00ed o pozastaven\u00ed, odlo\u017een\u00ed nebo zm\u011bn\u011b a kon\u010d\u00ed 4 dny po datu stanoven\u00e9m pro p\u0159edstaven\u00ed nebo 1 hodinu p\u0159ed za\u010d\u00e1tkem p\u0159edstaven\u00ed v p\u0159\u00edpad\u011b zm\u011bny (\u010dl. 70 RTA).<\/div>\n<div><\/div>\n<div>Pokud je p\u0159edstaven\u00ed p\u0159eru\u0161eno z d\u016fvod\u016f, kter\u00e9 nejsou na stran\u011b podniku, nebo z d\u016fvodu \u0161patn\u00e9ho po\u010das\u00ed, po p\u0159iveden\u00ed prvn\u00edho b\u00fdka do ringu nem\u00e1 div\u00e1k n\u00e1rok na vr\u00e1cen\u00ed pen\u011bz (\u010dl. 70 RTA).<\/div>\n<\/div>\n<\/div><\/div><div class=\"g-cols wpb_row via_grid cols_1 laptops-cols_inherit tablets-cols_inherit mobiles-cols_1 valign_top type_default stacking_default\" style=\"--columns-gap:3rem;\"><div class=\"wpb_column vc_column_container\"><div class=\"vc_column-inner\"><div class=\"w-separator size_medium\"><\/div><div class=\"w-hwrapper valign_top align_left\"><div class=\"w-btn-wrapper align_center\"><a class=\"w-btn us-btn-style_1\" href=\"https:\/\/plazadetoroslamalagueta.com\/cs\/vstupenky-na-byci-zapasy-v-malaze\/\"><span class=\"w-btn-label\">Koupit vstupenky<\/span><\/a><\/div><div class=\"w-btn-wrapper align_left\"><a class=\"w-btn us-btn-style_1\" href=\"https:\/\/plazadetoroslamalagueta.com\/cart-2\/\"><span class=\"w-btn-label\">P\u0159ej\u00edt do ko\u0161\u00edku<\/span><\/a><\/div><\/div><\/div><\/div><\/div><\/div><\/div><\/div><\/div><\/section>\n","protected":false},"excerpt":{"rendered":"Datum dod\u00e1n\u00ed a provize za letenku Datum dod\u00e1n\u00ed: Vstupenky budou zasl\u00e1ny ve form\u00e1tu PDF na e-mailovou adresu 1 t\u00fdden p\u0159ed akc\u00ed. Doporu\u010dujeme zkontrolovat slo\u017eku nevy\u017e\u00e1dan\u00e9 po\u0161ty ve va\u0161em e-mailu. Provize z prodeje Na vstupenky se vztahuje 10% poplatek za vystaven\u00ed + 10% provize z prodeje, kter\u00e1 je p\u0159ipo\u010dtena na platebn\u00ed str\u00e1nce. Vrac\u00ed se Podm\u00ednkou vstupu...","protected":false},"author":4,"featured_media":0,"parent":0,"menu_order":0,"comment_status":"closed","ping_status":"closed","template":"","meta":{"footnotes":""},"class_list":["post-35654","page","type-page","status-publish","hentry"],"yoast_head":"<!-- This site is optimized with the Yoast SEO plugin v27.4 - https:\/\/yoast.com\/product\/yoast-seo-wordpress\/ -->\n<title>Datum dod\u00e1n\u00ed a provize za vstupenky | La Malagueta<\/title>\n<meta name=\"description\" content=\"Zkontrolujte si term\u00edny dod\u00e1n\u00ed vstupenek na b\u00fd\u010d\u00ed z\u00e1pasy v Malaze a tak\u00e9 provize, kter\u00e9 jsou sou\u010d\u00e1st\u00ed vstupenek na b\u00fd\u010d\u00ed z\u00e1pasy.\" \/>\n<meta name=\"robots\" content=\"noindex, follow\" \/>\n<meta property=\"og:locale\" content=\"cs_CZ\" \/>\n<meta property=\"og:type\" content=\"article\" \/>\n<meta property=\"og:title\" content=\"Datum dod\u00e1n\u00ed a provize za vstupenky | La Malagueta\" \/>\n<meta property=\"og:description\" content=\"Zkontrolujte si term\u00edny dod\u00e1n\u00ed vstupenek na b\u00fd\u010d\u00ed z\u00e1pasy v Malaze a tak\u00e9 provize, kter\u00e9 jsou sou\u010d\u00e1st\u00ed vstupenek na b\u00fd\u010d\u00ed z\u00e1pasy.\" \/>\n<meta property=\"og:url\" content=\"https:\/\/plazadetoroslamalagueta.com\/cs\/datum-dodani-a-provize\/\" \/>\n<meta property=\"og:site_name\" content=\"Plaza de Toros La Malagueta\" \/>\n<meta property=\"article:modified_time\" content=\"2026-02-16T11:42:37+00:00\" \/>\n<meta property=\"og:image\" content=\"https:\/\/plazadetoroslamalagueta.com\/wp-content\/uploads\/2023\/03\/Diseno-sin-titulo.jpeg\" \/>\n\t<meta property=\"og:image:width\" content=\"1200\" \/>\n\t<meta property=\"og:image:height\" content=\"675\" \/>\n\t<meta property=\"og:image:type\" content=\"image\/jpeg\" \/>\n<meta name=\"twitter:card\" content=\"summary_large_image\" \/>\n<meta name=\"twitter:label1\" content=\"Odhadovan\u00e1 doba \u010dten\u00ed\" \/>\n\t<meta name=\"twitter:data1\" content=\"1 minuta\" \/>\n<script type=\"application\/ld+json\" class=\"yoast-schema-graph\">{\"@context\":\"https:\\\/\\\/schema.org\",\"@graph\":[{\"@type\":\"WebPage\",\"@id\":\"https:\\\/\\\/plazadetoroslamalagueta.com\\\/cs\\\/datum-dodani-a-provize\\\/\",\"url\":\"https:\\\/\\\/plazadetoroslamalagueta.com\\\/cs\\\/datum-dodani-a-provize\\\/\",\"name\":\"Datum dod\u00e1n\u00ed a provize za vstupenky | La Malagueta\",\"isPartOf\":{\"@id\":\"https:\\\/\\\/plazadetoroslamalagueta.com\\\/cs\\\/#website\"},\"datePublished\":\"2024-04-15T08:39:54+00:00\",\"dateModified\":\"2026-02-16T11:42:37+00:00\",\"description\":\"Zkontrolujte si term\u00edny dod\u00e1n\u00ed vstupenek na b\u00fd\u010d\u00ed z\u00e1pasy v Malaze a tak\u00e9 provize, kter\u00e9 jsou sou\u010d\u00e1st\u00ed vstupenek na b\u00fd\u010d\u00ed z\u00e1pasy.\",\"breadcrumb\":{\"@id\":\"https:\\\/\\\/plazadetoroslamalagueta.com\\\/cs\\\/datum-dodani-a-provize\\\/#breadcrumb\"},\"inLanguage\":\"cs\",\"potentialAction\":[{\"@type\":\"ReadAction\",\"target\":[\"https:\\\/\\\/plazadetoroslamalagueta.com\\\/cs\\\/datum-dodani-a-provize\\\/\"]}]},{\"@type\":\"BreadcrumbList\",\"@id\":\"https:\\\/\\\/plazadetoroslamalagueta.com\\\/cs\\\/datum-dodani-a-provize\\\/#breadcrumb\",\"itemListElement\":[{\"@type\":\"ListItem\",\"position\":1,\"name\":\"Home\",\"item\":\"https:\\\/\\\/plazadetoroslamalagueta.com\\\/cs\\\/\"},{\"@type\":\"ListItem\",\"position\":2,\"name\":\"Datum dod\u00e1n\u00ed a provize\"}]},{\"@type\":\"WebSite\",\"@id\":\"https:\\\/\\\/plazadetoroslamalagueta.com\\\/cs\\\/#website\",\"url\":\"https:\\\/\\\/plazadetoroslamalagueta.com\\\/cs\\\/\",\"name\":\"Plaza de Toros de la Malagueta\",\"description\":\"La Plaza de Toros de M\u00e1laga, de nombre La Malagueta, es un edificio reconocido Bien de Inter\u00e9s Cultural, que ofrece visitas tur\u00edsticas y corridas de toros y otros tipos de espect\u00e1culo durante todo el a\u00f1o.\",\"publisher\":{\"@id\":\"https:\\\/\\\/plazadetoroslamalagueta.com\\\/cs\\\/#organization\"},\"alternateName\":\"Plaza de Toros M\u00e1laga\",\"potentialAction\":[{\"@type\":\"SearchAction\",\"target\":{\"@type\":\"EntryPoint\",\"urlTemplate\":\"https:\\\/\\\/plazadetoroslamalagueta.com\\\/cs\\\/?s={search_term_string}\"},\"query-input\":{\"@type\":\"PropertyValueSpecification\",\"valueRequired\":true,\"valueName\":\"search_term_string\"}}],\"inLanguage\":\"cs\"},{\"@type\":\"Organization\",\"@id\":\"https:\\\/\\\/plazadetoroslamalagueta.com\\\/cs\\\/#organization\",\"name\":\"Plaza de Toros la Malagueta\",\"url\":\"https:\\\/\\\/plazadetoroslamalagueta.com\\\/cs\\\/\",\"logo\":{\"@type\":\"ImageObject\",\"inLanguage\":\"cs\",\"@id\":\"https:\\\/\\\/plazadetoroslamalagueta.com\\\/cs\\\/#\\\/schema\\\/logo\\\/image\\\/\",\"url\":\"https:\\\/\\\/plazadetoroslamalagueta.com\\\/wp-content\\\/uploads\\\/2024\\\/02\\\/Logo-plaza-toros.webp\",\"contentUrl\":\"https:\\\/\\\/plazadetoroslamalagueta.com\\\/wp-content\\\/uploads\\\/2024\\\/02\\\/Logo-plaza-toros.webp\",\"width\":100,\"height\":100,\"caption\":\"Plaza de Toros la Malagueta\"},\"image\":{\"@id\":\"https:\\\/\\\/plazadetoroslamalagueta.com\\\/cs\\\/#\\\/schema\\\/logo\\\/image\\\/\"}}]}<\/script>\n<!-- \/ Yoast SEO plugin. -->","yoast_head_json":{"title":"Datum dod\u00e1n\u00ed a provize za vstupenky | La Malagueta","description":"Zkontrolujte si term\u00edny dod\u00e1n\u00ed vstupenek na b\u00fd\u010d\u00ed z\u00e1pasy v Malaze a tak\u00e9 provize, kter\u00e9 jsou sou\u010d\u00e1st\u00ed vstupenek na b\u00fd\u010d\u00ed z\u00e1pasy.","robots":{"index":"noindex","follow":"follow"},"og_locale":"cs_CZ","og_type":"article","og_title":"Datum dod\u00e1n\u00ed a provize za vstupenky | La Malagueta","og_description":"Zkontrolujte si term\u00edny dod\u00e1n\u00ed vstupenek na b\u00fd\u010d\u00ed z\u00e1pasy v Malaze a tak\u00e9 provize, kter\u00e9 jsou sou\u010d\u00e1st\u00ed vstupenek na b\u00fd\u010d\u00ed z\u00e1pasy.","og_url":"https:\/\/plazadetoroslamalagueta.com\/cs\/datum-dodani-a-provize\/","og_site_name":"Plaza de Toros La Malagueta","article_modified_time":"2026-02-16T11:42:37+00:00","og_image":[{"width":1200,"height":675,"url":"https:\/\/plazadetoroslamalagueta.com\/wp-content\/uploads\/2023\/03\/Diseno-sin-titulo.jpeg","type":"image\/jpeg"}],"twitter_card":"summary_large_image","twitter_misc":{"Odhadovan\u00e1 doba \u010dten\u00ed":"1 minuta"},"schema":{"@context":"https:\/\/schema.org","@graph":[{"@type":"WebPage","@id":"https:\/\/plazadetoroslamalagueta.com\/cs\/datum-dodani-a-provize\/","url":"https:\/\/plazadetoroslamalagueta.com\/cs\/datum-dodani-a-provize\/","name":"Datum dod\u00e1n\u00ed a provize za vstupenky | La Malagueta","isPartOf":{"@id":"https:\/\/plazadetoroslamalagueta.com\/cs\/#website"},"datePublished":"2024-04-15T08:39:54+00:00","dateModified":"2026-02-16T11:42:37+00:00","description":"Zkontrolujte si term\u00edny dod\u00e1n\u00ed vstupenek na b\u00fd\u010d\u00ed z\u00e1pasy v Malaze a tak\u00e9 provize, kter\u00e9 jsou sou\u010d\u00e1st\u00ed vstupenek na b\u00fd\u010d\u00ed z\u00e1pasy.","breadcrumb":{"@id":"https:\/\/plazadetoroslamalagueta.com\/cs\/datum-dodani-a-provize\/#breadcrumb"},"inLanguage":"cs","potentialAction":[{"@type":"ReadAction","target":["https:\/\/plazadetoroslamalagueta.com\/cs\/datum-dodani-a-provize\/"]}]},{"@type":"BreadcrumbList","@id":"https:\/\/plazadetoroslamalagueta.com\/cs\/datum-dodani-a-provize\/#breadcrumb","itemListElement":[{"@type":"ListItem","position":1,"name":"Home","item":"https:\/\/plazadetoroslamalagueta.com\/cs\/"},{"@type":"ListItem","position":2,"name":"Datum dod\u00e1n\u00ed a provize"}]},{"@type":"WebSite","@id":"https:\/\/plazadetoroslamalagueta.com\/cs\/#website","url":"https:\/\/plazadetoroslamalagueta.com\/cs\/","name":"Plaza de Toros de la Malagueta","description":"La Plaza de Toros de M\u00e1laga, de nombre La Malagueta, es un edificio reconocido Bien de Inter\u00e9s Cultural, que ofrece visitas tur\u00edsticas y corridas de toros y otros tipos de espect\u00e1culo durante todo el a\u00f1o.","publisher":{"@id":"https:\/\/plazadetoroslamalagueta.com\/cs\/#organization"},"alternateName":"Plaza de Toros M\u00e1laga","potentialAction":[{"@type":"SearchAction","target":{"@type":"EntryPoint","urlTemplate":"https:\/\/plazadetoroslamalagueta.com\/cs\/?s={search_term_string}"},"query-input":{"@type":"PropertyValueSpecification","valueRequired":true,"valueName":"search_term_string"}}],"inLanguage":"cs"},{"@type":"Organization","@id":"https:\/\/plazadetoroslamalagueta.com\/cs\/#organization","name":"Plaza de Toros la Malagueta","url":"https:\/\/plazadetoroslamalagueta.com\/cs\/","logo":{"@type":"ImageObject","inLanguage":"cs","@id":"https:\/\/plazadetoroslamalagueta.com\/cs\/#\/schema\/logo\/image\/","url":"https:\/\/plazadetoroslamalagueta.com\/wp-content\/uploads\/2024\/02\/Logo-plaza-toros.webp","contentUrl":"https:\/\/plazadetoroslamalagueta.com\/wp-content\/uploads\/2024\/02\/Logo-plaza-toros.webp","width":100,"height":100,"caption":"Plaza de Toros la Malagueta"},"image":{"@id":"https:\/\/plazadetoroslamalagueta.com\/cs\/#\/schema\/logo\/image\/"}}]}},"_links":{"self":[{"href":"https:\/\/plazadetoroslamalagueta.com\/cs\/wp-json\/wp\/v2\/pages\/35654","targetHints":{"allow":["GET"]}}],"collection":[{"href":"https:\/\/plazadetoroslamalagueta.com\/cs\/wp-json\/wp\/v2\/pages"}],"about":[{"href":"https:\/\/plazadetoroslamalagueta.com\/cs\/wp-json\/wp\/v2\/types\/page"}],"author":[{"embeddable":true,"href":"https:\/\/plazadetoroslamalagueta.com\/cs\/wp-json\/wp\/v2\/users\/4"}],"replies":[{"embeddable":true,"href":"https:\/\/plazadetoroslamalagueta.com\/cs\/wp-json\/wp\/v2\/comments?post=35654"}],"version-history":[{"count":1,"href":"https:\/\/plazadetoroslamalagueta.com\/cs\/wp-json\/wp\/v2\/pages\/35654\/revisions"}],"predecessor-version":[{"id":35657,"href":"https:\/\/plazadetoroslamalagueta.com\/cs\/wp-json\/wp\/v2\/pages\/35654\/revisions\/35657"}],"wp:attachment":[{"href":"https:\/\/plazadetoroslamalagueta.com\/cs\/wp-json\/wp\/v2\/media?parent=35654"}],"curies":[{"name":"wp","href":"https:\/\/api.w.org\/{rel}","templated":true}]}}