{"id":35629,"date":"2024-03-25T12:26:12","date_gmt":"2024-03-25T11:26:12","guid":{"rendered":"https:\/\/plazadetoroslamalagueta.com\/o-nas\/"},"modified":"2026-04-20T14:13:50","modified_gmt":"2026-04-20T12:13:50","slug":"o-nas","status":"publish","type":"page","link":"https:\/\/plazadetoroslamalagueta.com\/cs\/o-nas\/","title":{"rendered":"O n\u00e1s"},"content":{"rendered":"<section class=\"l-section wpb_row height_medium\"><div class=\"l-section-h i-cf\"><div class=\"g-cols vc_row via_grid cols_2 laptops-cols_inherit tablets-cols_inherit mobiles-cols_1 valign_middle type_default stacking_default\" style=\"--columns-gap:4vw;\"><div class=\"wpb_column vc_column_container\"><div class=\"vc_column-inner\"><div class=\"w-image us_custom_3bc1f25b style_shadow-2 has_ratio align_none\"><div class=\"w-image-h\"><div style=\"padding-bottom:100%\"><\/div><div class=\"w-image-shadow\" style=\"background-image:url(https:\/\/plazadetoroslamalagueta.com\/wp-content\/uploads\/2024\/03\/Logo-1.jpg);\"><\/div><img decoding=\"async\" width=\"600\" height=\"600\" src=\"https:\/\/plazadetoroslamalagueta.com\/wp-content\/uploads\/2024\/03\/Logo-1.jpg\" class=\"attachment-large size-large\" alt=\"\" loading=\"lazy\" \/><\/div><\/div><\/div><\/div><div class=\"wpb_column vc_column_container\"><div class=\"vc_column-inner\"><div class=\"wpb_text_column\"><div class=\"wpb_wrapper\"><p><span style=\"color: #3366ff;\"><strong>Toroshopping<\/strong><\/span><\/p>\n<\/div><\/div><div class=\"w-separator size_small\"><\/div><div class=\"wpb_text_column us_custom_d98eb4eb\"><div class=\"wpb_wrapper\"><h1>Specialist\u00e9 ve sv\u011bt\u011b b\u00fd\u010d\u00edch z\u00e1pas\u016f<\/h1>\n<p>Toroshopping je spole\u010dnost spojen\u00e1 s b\u00fd\u010d\u00ed ar\u00e9nou v Malaze, kter\u00e1 poskytuje slu\u017eby, jako je prodej vstupenek na b\u00fd\u010d\u00ed z\u00e1pasy. Na\u0161e spole\u010dnost je v\u0161ak mnohem v\u00edc ne\u017e jen port\u00e1l pro prodej vstupenek. V t\u00e9to sekci se o n\u00e1s dozv\u00edte v\u00edce a objev\u00edte celou nab\u00eddku na\u0161ich produkt\u016f a slu\u017eeb.<\/p>\n<\/div><\/div><div class=\"w-separator size_medium\"><\/div><\/div><\/div><\/div><\/div><\/section><section class=\"l-section wpb_row height_medium\"><div class=\"l-section-h i-cf\"><div class=\"g-cols vc_row via_grid cols_3 laptops-cols_1 tablets-cols_inherit mobiles-cols_1 valign_top type_default stacking_default\"><div class=\"wpb_column vc_column_container\"><div class=\"vc_column-inner\"><div class=\"wpb_text_column us_custom_d98eb4eb\"><div class=\"wpb_wrapper\"><h2><strong>Dal\u0161\u00ed b\u00fd\u010d\u00ed ar\u00e9ny, kter\u00e9 m\u016f\u017eete nav\u0161t\u00edvit<\/strong><\/h2>\n<\/div><\/div><\/div><\/div><div class=\"wpb_column vc_column_container\"><div class=\"vc_column-inner\"><div class=\"wpb_text_column us_custom_d98eb4eb\"><div class=\"wpb_wrapper\"><p>V Toroshoppingu <strong>se sna\u017e\u00edme p\u0159ibl\u00ed\u017eit sv\u011bt b\u00fd\u010d\u00edch z\u00e1pas\u016f jak tradi\u010dn\u00ed ve\u0159ejnosti a milovn\u00edk\u016fm b\u00fd\u010d\u00edch z\u00e1pas\u016f, tak i turist\u016fm, kte\u0159\u00ed maj\u00ed z\u00e1jem tento n\u00e1dhern\u00fd sv\u011bt poznat.<\/strong> Abychom toho dos\u00e1hli, nab\u00edz\u00edme turistick\u00e9 n\u00e1v\u0161t\u011bvy n\u011bkter\u00fdch nejlep\u0161\u00edch b\u00fd\u010d\u00edch z\u00e1pas\u016f ve \u0160pan\u011blsku a tak\u00e9 prodej vstupenek na nejlep\u0161\u00ed b\u00fd\u010d\u00ed z\u00e1pasy. Zde jsou odkazy na na\u0161e b\u00fd\u010d\u00ed ar\u00e9ny, kter\u00e9 si m\u016f\u017eete prohl\u00e9dnout:<\/p>\n<\/div><\/div><\/div><\/div><div class=\"wpb_column vc_column_container\"><div class=\"vc_column-inner\"><div class=\"wpb_text_column us_custom_d98eb4eb\"><div class=\"wpb_wrapper\"><h3>Na\u0161e b\u00fd\u010d\u00ed ar\u00e9ny:<\/h3>\n<ul>\n<li><a href=\"https:\/\/plazatorosalicante.com\/\">Alicante Bullring<\/a><\/li>\n<li><a href=\"https:\/\/plazadetoroscordoba.com\/\">Cordoba Bullring<\/a><\/li>\n<li><a href=\"https:\/\/plazadetorosdesantander.com\/\">Santander Bullring<\/a><\/li>\n<li><a href=\"https:\/\/plazatorosmarbella.com\/\">B\u00fd\u010d\u00ed ar\u00e9na v Marbelle<\/a><\/li>\n<li><a href=\"https:\/\/plazatorossevilla.com\/\">Sevillsk\u00e1 b\u00fd\u010d\u00ed ar\u00e9na<\/a><\/li>\n<li><a href=\"https:\/\/plazatorosmallorca.com\/\">B\u00fd\u010d\u00ed ar\u00e9na na Mallorce<\/a><\/li>\n<li><a href=\"https:\/\/lasventastour.com\/es\/\">Prohl\u00eddka b\u00fd\u010d\u00ed ar\u00e9ny v Madridu<\/a><\/li>\n<\/ul>\n<\/div><\/div><\/div><\/div><\/div><\/div><\/section><section class=\"l-section wpb_row height_medium with_shape\"><div class=\"l-section-shape type_custom pos_bottom\" style=\"height:50%;color:var(--color-content-bg-alt)\"><svg xmlns=\"http:\/\/www.w3.org\/2000\/svg\" viewBox=\"0 0 64 8\" preserveAspectRatio=\"none\" width=\"100%\" height=\"100%\">\r\n\t<path fill=\"currentColor\" d=\"M64 8 L0 8 L0 0 L64 0 Z\"\/>\r\n<\/svg><\/div><div class=\"l-section-h i-cf\"><div class=\"g-cols vc_row via_grid cols_1 laptops-cols_inherit tablets-cols_inherit mobiles-cols_1 valign_top type_default stacking_default\"><div class=\"wpb_column vc_column_container\"><div class=\"vc_column-inner\"><div class=\"g-cols wpb_row us_custom_0039e63c via_grid cols_2 laptops-cols_inherit tablets-cols_1 mobiles-cols_1 valign_middle type_default\" style=\"--columns-gap:3rem;\"><div class=\"wpb_column vc_column_container\"><div class=\"vc_column-inner\"><h2 class=\"w-text us_custom_d3db7169\"><span class=\"w-text-h\"><span class=\"w-text-value\">Objevte n\u00e1\u0161 online obchod<\/span><\/span><\/h2><div class=\"wpb_text_column\"><div class=\"wpb_wrapper\"><p>V na\u0161em obchod\u011b najdete v\u0161echny druhy v\u00fdrobk\u016f pro b\u00fd\u010d\u00ed z\u00e1pasy: hra\u010dky, dopl\u0148ky a p\u0159\u00edslu\u0161enstv\u00ed, oble\u010den\u00ed, dekorace atd. Pod\u00edvejte se a p\u0159edve\u010fte svou v\u00e1\u0161e\u0148 pro b\u00fd\u010d\u00ed z\u00e1pasy.<\/p>\n<\/div><\/div><div class=\"w-btn-wrapper default_align_none laptops_align_none tablets_align_none mobiles_align_justify\"><a class=\"w-btn us-btn-style_1 us_custom_b4198c51 open-popup\" target=\"_blank\" href=\"https:\/\/www.toroshopping.com\/\"><span class=\"w-btn-label\">Nav\u0161tivte webov\u00e9 str\u00e1nky<\/span><\/a><\/div><\/div><\/div><div class=\"wpb_column vc_column_container hide_on_tablets hide_on_mobiles\"><div class=\"vc_column-inner\"><div class=\"w-image has_ratio align_none\"><div class=\"w-image-h\"><div style=\"padding-bottom:100%\"><\/div><img decoding=\"async\" width=\"1024\" height=\"1024\" src=\"https:\/\/plazadetoroslamalagueta.com\/wp-content\/uploads\/2024\/03\/Web-toroshopping-1024x1024.jpg\" class=\"attachment-large size-large\" alt=\"\" loading=\"lazy\" \/><\/div><\/div><\/div><\/div><\/div><\/div><\/div><\/div><\/div><\/section><section class=\"l-section wpb_row height_medium\"><div class=\"l-section-h i-cf\"><div class=\"g-cols vc_row via_grid cols_1 laptops-cols_inherit tablets-cols_inherit mobiles-cols_1 valign_top type_default stacking_default\"><div class=\"wpb_column vc_column_container\"><div class=\"vc_column-inner\"><div class=\"wpb_text_column us_custom_99dce4f6\"><div class=\"wpb_wrapper\"><h2 style=\"text-align: center;\">Dal\u0161\u00ed neuv\u011b\u0159iteln\u00e9 z\u00e1\u017eitky<\/h2>\n<p style=\"text-align: center;\">Pokud tou\u017e\u00edte po 360\u00b0 z\u00e1\u017eitc\u00edch, vezmeme v\u00e1s do sv\u011bta b\u00fd\u010d\u00edch z\u00e1pas\u016f jako nikdy p\u0159edt\u00edm. Troufnete si?<\/p>\n<\/div><\/div><div class=\"w-separator size_large\"><\/div><div class=\"g-cols wpb_row via_grid cols_3 laptops-cols_inherit tablets-cols_2 mobiles-cols_1 valign_top type_default\" style=\"--columns-gap:3rem;\"><div class=\"wpb_column vc_column_container\"><div class=\"vc_column-inner\"><h3 class=\"w-text us_custom_6eef5e16\"><span class=\"w-text-h\"><span class=\"w-text-value\">Gastronomie<\/span><\/span><\/h3><div class=\"w-separator size_small\"><\/div><div class=\"w-image has_ratio align_none\"><div class=\"w-image-h\"><div style=\"padding-bottom:66.6667%\"><\/div><img decoding=\"async\" width=\"500\" height=\"333\" src=\"https:\/\/plazadetoroslamalagueta.com\/wp-content\/uploads\/2024\/03\/gastronomia-taurina-1.jpg\" class=\"attachment-large size-large\" alt=\"\" loading=\"lazy\" \/><\/div><\/div><div class=\"w-separator size_small\"><\/div><div class=\"wpb_text_column\"><div class=\"wpb_wrapper\"><p>Zavedeme v\u00e1s do nejlep\u0161\u00edch b\u00fd\u010d\u00edch bar\u016f a restaurac\u00ed, kde m\u016f\u017eete poznat b\u00fd\u010d\u00ed gastronomii a jej\u00ed nejlep\u0161\u00ed pokrmy.<\/p>\n<\/div><\/div><\/div><\/div><div class=\"wpb_column vc_column_container\"><div class=\"vc_column-inner\"><h3 class=\"w-text us_custom_6eef5e16\"><span class=\"w-text-h\"><span class=\"w-text-value\">Kombinovan\u00e9 zku\u0161enosti<\/span><\/span><\/h3><div class=\"w-separator size_small\"><\/div><div class=\"w-image has_ratio align_none\"><div class=\"w-image-h\"><div style=\"padding-bottom:66.6667%\"><\/div><img decoding=\"async\" width=\"707\" height=\"470\" src=\"https:\/\/plazadetoroslamalagueta.com\/wp-content\/uploads\/2024\/03\/demo-toreo-desalon.jpg\" class=\"attachment-large size-large\" alt=\"\" loading=\"lazy\" \/><\/div><\/div><div class=\"w-separator size_small\"><\/div><div class=\"wpb_text_column\"><div class=\"wpb_wrapper\"><p>Na n\u00e1m\u011bst\u00edch, kde nab\u00edz\u00edme prohl\u00eddky, nab\u00edz\u00edme mo\u017enost kombinovan\u00e9 n\u00e1v\u0161t\u011bvy n\u00e1m\u011bst\u00ed s jinou pam\u00e1tkou m\u011bsta.<\/p>\n<\/div><\/div><\/div><\/div><div class=\"wpb_column vc_column_container\"><div class=\"vc_column-inner\"><h3 class=\"w-text us_custom_6eef5e16\"><span class=\"w-text-h\"><span class=\"w-text-value\">N\u00e1v\u0161t\u011bvy chov\u016f hospod\u00e1\u0159sk\u00fdch zv\u00ed\u0159at<\/span><\/span><\/h3><div class=\"w-separator size_small\"><\/div><div class=\"w-image has_ratio align_none\"><div class=\"w-image-h\"><div style=\"padding-bottom:66.6667%\"><\/div><img decoding=\"async\" width=\"500\" height=\"375\" src=\"https:\/\/plazadetoroslamalagueta.com\/wp-content\/uploads\/2024\/03\/visitas-a-ganaderias.jpg\" class=\"attachment-large size-large\" alt=\"\" loading=\"lazy\" \/><\/div><\/div><div class=\"w-separator size_small\"><\/div><div class=\"wpb_text_column\"><div class=\"wpb_wrapper\"><p>Zp\u011bt na venkov, kde se sezn\u00e1m\u00edte s histori\u00ed b\u00fd\u010d\u00edch z\u00e1pas\u016f. N\u00e1v\u0161t\u011bvy nejlep\u0161\u00edch \u0161pan\u011blsk\u00fdch h\u0159eb\u010d\u00edn\u016f pro tentaderos, stravov\u00e1n\u00ed a n\u00e1v\u0161t\u011bvy autem 4&#215;4.<\/p>\n<\/div><\/div><\/div><\/div><\/div><\/div><\/div><\/div><\/div><\/section>\n","protected":false},"excerpt":{"rendered":"Toroshopping Specialist\u00e9 ve sv\u011bt\u011b b\u00fd\u010d\u00edch z\u00e1pas\u016f Toroshopping je spole\u010dnost spojen\u00e1 s b\u00fd\u010d\u00ed ar\u00e9nou v Malaze, kter\u00e1 poskytuje slu\u017eby, jako je prodej vstupenek na b\u00fd\u010d\u00ed z\u00e1pasy. Na\u0161e spole\u010dnost je v\u0161ak mnohem v\u00edc ne\u017e jen port\u00e1l pro prodej vstupenek. V t\u00e9to sekci se o n\u00e1s dozv\u00edte v\u00edce a objev\u00edte celou nab\u00eddku na\u0161ich produkt\u016f a slu\u017eeb. Dal\u0161\u00ed b\u00fd\u010d\u00ed...","protected":false},"author":4,"featured_media":0,"parent":0,"menu_order":0,"comment_status":"closed","ping_status":"closed","template":"","meta":{"footnotes":""},"class_list":["post-35629","page","type-page","status-publish","hentry"],"yoast_head":"<!-- This site is optimized with the Yoast SEO plugin v27.5 - https:\/\/yoast.com\/product\/yoast-seo-wordpress\/ -->\n<title>O n\u00e1s | Plaza de Toros M\u00e1laga<\/title>\n<meta name=\"description\" content=\"Objevte v\u0161echny slu\u017eby, kter\u00e9 se nach\u00e1zej\u00ed za b\u00fd\u010d\u00ed ar\u00e9nou v Malaze. Prohl\u00eddky pam\u00e1tek, kombinovan\u00e9 v\u00fdlety a dal\u0161\u00ed.\" \/>\n<meta name=\"robots\" content=\"index, follow, max-snippet:-1, max-image-preview:large, max-video-preview:-1\" \/>\n<link rel=\"canonical\" href=\"https:\/\/plazadetoroslamalagueta.com\/cs\/o-nas\/\" \/>\n<meta property=\"og:locale\" content=\"cs_CZ\" \/>\n<meta property=\"og:type\" content=\"article\" \/>\n<meta property=\"og:title\" content=\"O n\u00e1s | Plaza de Toros M\u00e1laga\" \/>\n<meta property=\"og:description\" content=\"Objevte v\u0161echny slu\u017eby, kter\u00e9 se nach\u00e1zej\u00ed za b\u00fd\u010d\u00ed ar\u00e9nou v Malaze. Prohl\u00eddky pam\u00e1tek, kombinovan\u00e9 v\u00fdlety a dal\u0161\u00ed.\" \/>\n<meta property=\"og:url\" content=\"https:\/\/plazadetoroslamalagueta.com\/cs\/o-nas\/\" \/>\n<meta property=\"og:site_name\" content=\"Plaza de Toros La Malagueta\" \/>\n<meta property=\"article:modified_time\" content=\"2026-04-20T12:13:50+00:00\" \/>\n<meta property=\"og:image\" content=\"https:\/\/plazadetoroslamalagueta.com\/wp-content\/uploads\/2023\/03\/Diseno-sin-titulo.jpeg\" \/>\n\t<meta property=\"og:image:width\" content=\"1200\" \/>\n\t<meta property=\"og:image:height\" content=\"675\" \/>\n\t<meta property=\"og:image:type\" content=\"image\/jpeg\" \/>\n<meta name=\"twitter:card\" content=\"summary_large_image\" \/>\n<meta name=\"twitter:label1\" content=\"Odhadovan\u00e1 doba \u010dten\u00ed\" \/>\n\t<meta name=\"twitter:data1\" content=\"5 minut\" \/>\n<script type=\"application\/ld+json\" class=\"yoast-schema-graph\">{\"@context\":\"https:\\\/\\\/schema.org\",\"@graph\":[{\"@type\":\"WebPage\",\"@id\":\"https:\\\/\\\/plazadetoroslamalagueta.com\\\/cs\\\/o-nas\\\/\",\"url\":\"https:\\\/\\\/plazadetoroslamalagueta.com\\\/cs\\\/o-nas\\\/\",\"name\":\"O n\u00e1s | Plaza de Toros M\u00e1laga\",\"isPartOf\":{\"@id\":\"https:\\\/\\\/plazadetoroslamalagueta.com\\\/cs\\\/#website\"},\"datePublished\":\"2024-03-25T11:26:12+00:00\",\"dateModified\":\"2026-04-20T12:13:50+00:00\",\"description\":\"Objevte v\u0161echny slu\u017eby, kter\u00e9 se nach\u00e1zej\u00ed za b\u00fd\u010d\u00ed ar\u00e9nou v Malaze. Prohl\u00eddky pam\u00e1tek, kombinovan\u00e9 v\u00fdlety a dal\u0161\u00ed.\",\"breadcrumb\":{\"@id\":\"https:\\\/\\\/plazadetoroslamalagueta.com\\\/cs\\\/o-nas\\\/#breadcrumb\"},\"inLanguage\":\"cs\",\"potentialAction\":[{\"@type\":\"ReadAction\",\"target\":[\"https:\\\/\\\/plazadetoroslamalagueta.com\\\/cs\\\/o-nas\\\/\"]}]},{\"@type\":\"BreadcrumbList\",\"@id\":\"https:\\\/\\\/plazadetoroslamalagueta.com\\\/cs\\\/o-nas\\\/#breadcrumb\",\"itemListElement\":[{\"@type\":\"ListItem\",\"position\":1,\"name\":\"Home\",\"item\":\"https:\\\/\\\/plazadetoroslamalagueta.com\\\/cs\\\/\"},{\"@type\":\"ListItem\",\"position\":2,\"name\":\"O n\u00e1s\"}]},{\"@type\":\"WebSite\",\"@id\":\"https:\\\/\\\/plazadetoroslamalagueta.com\\\/cs\\\/#website\",\"url\":\"https:\\\/\\\/plazadetoroslamalagueta.com\\\/cs\\\/\",\"name\":\"Plaza de Toros de la Malagueta\",\"description\":\"La Plaza de Toros de M\u00e1laga, de nombre La Malagueta, es un edificio reconocido Bien de Inter\u00e9s Cultural, que ofrece visitas tur\u00edsticas y corridas de toros y otros tipos de espect\u00e1culo durante todo el a\u00f1o.\",\"publisher\":{\"@id\":\"https:\\\/\\\/plazadetoroslamalagueta.com\\\/cs\\\/#organization\"},\"alternateName\":\"Plaza de Toros M\u00e1laga\",\"potentialAction\":[{\"@type\":\"SearchAction\",\"target\":{\"@type\":\"EntryPoint\",\"urlTemplate\":\"https:\\\/\\\/plazadetoroslamalagueta.com\\\/cs\\\/?s={search_term_string}\"},\"query-input\":{\"@type\":\"PropertyValueSpecification\",\"valueRequired\":true,\"valueName\":\"search_term_string\"}}],\"inLanguage\":\"cs\"},{\"@type\":\"Organization\",\"@id\":\"https:\\\/\\\/plazadetoroslamalagueta.com\\\/cs\\\/#organization\",\"name\":\"Plaza de Toros la Malagueta\",\"url\":\"https:\\\/\\\/plazadetoroslamalagueta.com\\\/cs\\\/\",\"logo\":{\"@type\":\"ImageObject\",\"inLanguage\":\"cs\",\"@id\":\"https:\\\/\\\/plazadetoroslamalagueta.com\\\/cs\\\/#\\\/schema\\\/logo\\\/image\\\/\",\"url\":\"https:\\\/\\\/plazadetoroslamalagueta.com\\\/wp-content\\\/uploads\\\/2024\\\/02\\\/Logo-plaza-toros.webp\",\"contentUrl\":\"https:\\\/\\\/plazadetoroslamalagueta.com\\\/wp-content\\\/uploads\\\/2024\\\/02\\\/Logo-plaza-toros.webp\",\"width\":100,\"height\":100,\"caption\":\"Plaza de Toros la Malagueta\"},\"image\":{\"@id\":\"https:\\\/\\\/plazadetoroslamalagueta.com\\\/cs\\\/#\\\/schema\\\/logo\\\/image\\\/\"}}]}<\/script>\n<!-- \/ Yoast SEO plugin. -->","yoast_head_json":{"title":"O n\u00e1s | Plaza de Toros M\u00e1laga","description":"Objevte v\u0161echny slu\u017eby, kter\u00e9 se nach\u00e1zej\u00ed za b\u00fd\u010d\u00ed ar\u00e9nou v Malaze. Prohl\u00eddky pam\u00e1tek, kombinovan\u00e9 v\u00fdlety a dal\u0161\u00ed.","robots":{"index":"index","follow":"follow","max-snippet":"max-snippet:-1","max-image-preview":"max-image-preview:large","max-video-preview":"max-video-preview:-1"},"canonical":"https:\/\/plazadetoroslamalagueta.com\/cs\/o-nas\/","og_locale":"cs_CZ","og_type":"article","og_title":"O n\u00e1s | Plaza de Toros M\u00e1laga","og_description":"Objevte v\u0161echny slu\u017eby, kter\u00e9 se nach\u00e1zej\u00ed za b\u00fd\u010d\u00ed ar\u00e9nou v Malaze. Prohl\u00eddky pam\u00e1tek, kombinovan\u00e9 v\u00fdlety a dal\u0161\u00ed.","og_url":"https:\/\/plazadetoroslamalagueta.com\/cs\/o-nas\/","og_site_name":"Plaza de Toros La Malagueta","article_modified_time":"2026-04-20T12:13:50+00:00","og_image":[{"width":1200,"height":675,"url":"https:\/\/plazadetoroslamalagueta.com\/wp-content\/uploads\/2023\/03\/Diseno-sin-titulo.jpeg","type":"image\/jpeg"}],"twitter_card":"summary_large_image","twitter_misc":{"Odhadovan\u00e1 doba \u010dten\u00ed":"5 minut"},"schema":{"@context":"https:\/\/schema.org","@graph":[{"@type":"WebPage","@id":"https:\/\/plazadetoroslamalagueta.com\/cs\/o-nas\/","url":"https:\/\/plazadetoroslamalagueta.com\/cs\/o-nas\/","name":"O n\u00e1s | Plaza de Toros M\u00e1laga","isPartOf":{"@id":"https:\/\/plazadetoroslamalagueta.com\/cs\/#website"},"datePublished":"2024-03-25T11:26:12+00:00","dateModified":"2026-04-20T12:13:50+00:00","description":"Objevte v\u0161echny slu\u017eby, kter\u00e9 se nach\u00e1zej\u00ed za b\u00fd\u010d\u00ed ar\u00e9nou v Malaze. Prohl\u00eddky pam\u00e1tek, kombinovan\u00e9 v\u00fdlety a dal\u0161\u00ed.","breadcrumb":{"@id":"https:\/\/plazadetoroslamalagueta.com\/cs\/o-nas\/#breadcrumb"},"inLanguage":"cs","potentialAction":[{"@type":"ReadAction","target":["https:\/\/plazadetoroslamalagueta.com\/cs\/o-nas\/"]}]},{"@type":"BreadcrumbList","@id":"https:\/\/plazadetoroslamalagueta.com\/cs\/o-nas\/#breadcrumb","itemListElement":[{"@type":"ListItem","position":1,"name":"Home","item":"https:\/\/plazadetoroslamalagueta.com\/cs\/"},{"@type":"ListItem","position":2,"name":"O n\u00e1s"}]},{"@type":"WebSite","@id":"https:\/\/plazadetoroslamalagueta.com\/cs\/#website","url":"https:\/\/plazadetoroslamalagueta.com\/cs\/","name":"Plaza de Toros de la Malagueta","description":"La Plaza de Toros de M\u00e1laga, de nombre La Malagueta, es un edificio reconocido Bien de Inter\u00e9s Cultural, que ofrece visitas tur\u00edsticas y corridas de toros y otros tipos de espect\u00e1culo durante todo el a\u00f1o.","publisher":{"@id":"https:\/\/plazadetoroslamalagueta.com\/cs\/#organization"},"alternateName":"Plaza de Toros M\u00e1laga","potentialAction":[{"@type":"SearchAction","target":{"@type":"EntryPoint","urlTemplate":"https:\/\/plazadetoroslamalagueta.com\/cs\/?s={search_term_string}"},"query-input":{"@type":"PropertyValueSpecification","valueRequired":true,"valueName":"search_term_string"}}],"inLanguage":"cs"},{"@type":"Organization","@id":"https:\/\/plazadetoroslamalagueta.com\/cs\/#organization","name":"Plaza de Toros la Malagueta","url":"https:\/\/plazadetoroslamalagueta.com\/cs\/","logo":{"@type":"ImageObject","inLanguage":"cs","@id":"https:\/\/plazadetoroslamalagueta.com\/cs\/#\/schema\/logo\/image\/","url":"https:\/\/plazadetoroslamalagueta.com\/wp-content\/uploads\/2024\/02\/Logo-plaza-toros.webp","contentUrl":"https:\/\/plazadetoroslamalagueta.com\/wp-content\/uploads\/2024\/02\/Logo-plaza-toros.webp","width":100,"height":100,"caption":"Plaza de Toros la Malagueta"},"image":{"@id":"https:\/\/plazadetoroslamalagueta.com\/cs\/#\/schema\/logo\/image\/"}}]}},"_links":{"self":[{"href":"https:\/\/plazadetoroslamalagueta.com\/cs\/wp-json\/wp\/v2\/pages\/35629","targetHints":{"allow":["GET"]}}],"collection":[{"href":"https:\/\/plazadetoroslamalagueta.com\/cs\/wp-json\/wp\/v2\/pages"}],"about":[{"href":"https:\/\/plazadetoroslamalagueta.com\/cs\/wp-json\/wp\/v2\/types\/page"}],"author":[{"embeddable":true,"href":"https:\/\/plazadetoroslamalagueta.com\/cs\/wp-json\/wp\/v2\/users\/4"}],"replies":[{"embeddable":true,"href":"https:\/\/plazadetoroslamalagueta.com\/cs\/wp-json\/wp\/v2\/comments?post=35629"}],"version-history":[{"count":12,"href":"https:\/\/plazadetoroslamalagueta.com\/cs\/wp-json\/wp\/v2\/pages\/35629\/revisions"}],"predecessor-version":[{"id":39165,"href":"https:\/\/plazadetoroslamalagueta.com\/cs\/wp-json\/wp\/v2\/pages\/35629\/revisions\/39165"}],"wp:attachment":[{"href":"https:\/\/plazadetoroslamalagueta.com\/cs\/wp-json\/wp\/v2\/media?parent=35629"}],"curies":[{"name":"wp","href":"https:\/\/api.w.org\/{rel}","templated":true}]}}