{"id":35506,"date":"2023-09-05T07:07:11","date_gmt":"2023-09-05T05:07:11","guid":{"rendered":"https:\/\/plazadetoroslamalagueta.com\/pravni-upozorneni\/"},"modified":"2026-02-16T12:42:30","modified_gmt":"2026-02-16T11:42:30","slug":"pravni-upozorneni","status":"publish","type":"page","link":"https:\/\/plazadetoroslamalagueta.com\/cs\/pravni-upozorneni\/","title":{"rendered":"PR\u00c1VN\u00cd UPOZORN\u011aN\u00cd"},"content":{"rendered":"<section class=\"l-section wpb_row height_medium\"><div class=\"l-section-h i-cf\"><div class=\"g-cols vc_row via_grid cols_1 laptops-cols_inherit tablets-cols_inherit mobiles-cols_1 valign_top type_default stacking_default\"><div class=\"wpb_column vc_column_container\"><div class=\"vc_column-inner\"><div class=\"wpb_text_column\"><div class=\"wpb_wrapper\"><h1>PR\u00c1VN\u00cd UPOZORN\u011aN\u00cd<\/h1>\n<p>V souladu s informa\u010dn\u00ed povinnost\u00ed obsa\u017eenou v \u010dl\u00e1nku 10 z\u00e1kona \u010d. 34\/2002 ze dne 11. \u010dervence 2002 o slu\u017eb\u00e1ch informa\u010dn\u00ed spole\u010dnosti a elektronick\u00e9m obchodu (LSSICE) v\u00e1s vlastn\u00edk t\u011bchto webov\u00fdch str\u00e1nek informuje o n\u00e1sleduj\u00edc\u00edch skute\u010dnostech:<\/p>\n<ul>\n<li style=\"list-style-type: none;\">\n<ul>\n<li>N\u00e1zev spole\u010dnosti: Toroshopping, S.L.<\/li>\n<li>\u010c\u00cdSLO DPH: B92950146<\/li>\n<li>Adresa: Centro Melior Vasari. Urbanizaci\u00f3n La Alzambra, 3, Local 1, 29660 &#8211; Marbella (M\u00e1laga) <\/li>\n<\/ul>\n<\/li>\n<\/ul>\n<p>Zaps\u00e1no v obchodn\u00edm rejst\u0159\u00edku v Malaze ve svazku 4566, folio 11, odd\u00edl, \u010d\u00edslo strany MA-98915, n\u00e1pis 1.<\/p>\n<p>V mez\u00edch stanoven\u00fdch z\u00e1konem spole\u010dnost Toroshopping, S.L. nep\u0159eb\u00edr\u00e1 \u017e\u00e1dnou odpov\u011bdnost za nepravdivost, ne\u00faplnost, aktualizaci a p\u0159esnost \u00fadaj\u016f nebo informac\u00ed obsa\u017een\u00fdch na sv\u00fdch webov\u00fdch str\u00e1nk\u00e1ch.<\/p>\n<p>Obsah a informace nejsou pro spole\u010dnost Toroshopping, S.L. z\u00e1vazn\u00e9, ani nep\u0159edstavuj\u00ed n\u00e1zory, rady nebo pr\u00e1vn\u00ed poradenstv\u00ed jak\u00e9hokoli druhu, proto\u017ee se jedn\u00e1 pouze o slu\u017ebu nab\u00edzenou pro informa\u010dn\u00ed a informativn\u00ed \u00fa\u010dely.<\/p>\n<p>Internetov\u00e9 str\u00e1nky spole\u010dnosti Toroshopping, S.L. mohou obsahovat odkazy na jin\u00e9 str\u00e1nky t\u0159et\u00edch stran, kter\u00e9 spole\u010dnost Toroshopping, S.L. nem\u016f\u017ee kontrolovat. Spole\u010dnost Toroshopping, S.L. proto nem\u016f\u017ee p\u0159evz\u00edt odpov\u011bdnost za obsah, kter\u00fd se m\u016f\u017ee objevit na str\u00e1nk\u00e1ch t\u0159et\u00edch stran. <\/p>\n<p>Texty, obr\u00e1zky, zvuky, animace, software a ostatn\u00ed obsah obsa\u017een\u00fd na t\u011bchto webov\u00fdch str\u00e1nk\u00e1ch jsou v\u00fdhradn\u00edm vlastnictv\u00edm spole\u010dnosti Toroshopping, S.L. nebo jej\u00edch poskytovatel\u016f licence. Jak\u00fdkoli akt p\u0159enosu, distribuce, p\u0159enosu, reprodukce, ukl\u00e1d\u00e1n\u00ed nebo \u00fapln\u00e9ho \u010di \u010d\u00e1ste\u010dn\u00e9ho ve\u0159ejn\u00e9ho sd\u011blov\u00e1n\u00ed mus\u00ed m\u00edt v\u00fdslovn\u00fd souhlas spole\u010dnosti Toroshopping, S.L.. <\/p>\n<p>Pro p\u0159\u00edstup k n\u011bkter\u00fdm slu\u017eb\u00e1m, kter\u00e9 spole\u010dnost Toroshopping, S.L. nab\u00edz\u00ed prost\u0159ednictv\u00edm t\u011bchto webov\u00fdch str\u00e1nek, mus\u00edte rovn\u011b\u017e poskytnout n\u011bkter\u00e9 osobn\u00ed \u00fadaje. V souladu s ustanoven\u00edmi na\u0159\u00edzen\u00ed Evropsk\u00e9ho parlamentu a Rady (EU) 2016\/679 ze dne 27. dubna 2016 o ochran\u011b fyzick\u00fdch osob v souvislosti se zpracov\u00e1n\u00edm osobn\u00edch \u00fadaj\u016f a o voln\u00e9m pohybu t\u011bchto \u00fadaj\u016f v\u00e1s informujeme, \u017ee vypln\u011bn\u00edm t\u011bchto formul\u00e1\u0159\u016f budou va\u0161e osobn\u00ed \u00fadaje ulo\u017eeny a zpracov\u00e1v\u00e1ny v souborech spole\u010dnosti Toroshopping, S.L. za \u00fa\u010delem poskytov\u00e1n\u00ed a nab\u00edzen\u00ed na\u0161ich slu\u017eeb a informov\u00e1n\u00ed o vylep\u0161en\u00edch webov\u00fdch str\u00e1nek. <\/p>\n<p>D\u00e1le v\u00e1s informujeme, \u017ee budete m\u00edt kdykoli mo\u017enost bezplatn\u011b uplatnit sv\u00e1 pr\u00e1va na p\u0159\u00edstup k osobn\u00edm \u00fadaj\u016fm, jejich opravu, zru\u0161en\u00ed, n\u00e1mitku, omezen\u00ed a p\u0159enositelnost, a to e-mailem na adresu: <a href=\"mailto:info@toroshopping.com\" target=\"_blank\" rel=\"noopener\">info@toroshopping.com<\/a> nebo na adresu: Centro Melior Vasari. Urbanizaci\u00f3n La Alzambra, 3, Local 1, 29660 &#8211; Marbella (M\u00e1laga).<\/p>\n<\/div><\/div><\/div><\/div><\/div><\/div><\/section>\n","protected":false},"excerpt":{"rendered":"PR\u00c1VN\u00cd UPOZORN\u011aN\u00cd V souladu s informa\u010dn\u00ed povinnost\u00ed obsa\u017eenou v \u010dl\u00e1nku 10 z\u00e1kona \u010d. 34\/2002 ze dne 11. \u010dervence 2002 o slu\u017eb\u00e1ch informa\u010dn\u00ed spole\u010dnosti a elektronick\u00e9m obchodu (LSSICE) v\u00e1s vlastn\u00edk t\u011bchto webov\u00fdch str\u00e1nek informuje o n\u00e1sleduj\u00edc\u00edch skute\u010dnostech: N\u00e1zev spole\u010dnosti: Toroshopping, S.L. \u010c\u00cdSLO DPH: B92950146 Adresa: Centro Melior Vasari. Urbanizaci\u00f3n La Alzambra, 3, Local 1, 29660 &#8211;...","protected":false},"author":4,"featured_media":0,"parent":0,"menu_order":0,"comment_status":"closed","ping_status":"closed","template":"","meta":{"footnotes":""},"class_list":["post-35506","page","type-page","status-publish","hentry"],"yoast_head":"<!-- This site is optimized with the Yoast SEO plugin v27.4 - https:\/\/yoast.com\/product\/yoast-seo-wordpress\/ -->\n<title>PR\u00c1VN\u00cd UPOZORN\u011aN\u00cd - Plaza de Toros La Malagueta<\/title>\n<meta name=\"description\" content=\"Podm\u00ednky pou\u017e\u00edv\u00e1n\u00ed a uzav\u00edr\u00e1n\u00ed smluv o prodeji vstupenek v b\u00fd\u010d\u00ed ar\u00e9n\u011b v Malaze. Prohl\u00eddka La Malaguety a vstupenky na b\u00fd\u010d\u00ed z\u00e1pasy.\" \/>\n<meta name=\"robots\" content=\"index, follow, max-snippet:-1, max-image-preview:large, max-video-preview:-1\" \/>\n<link rel=\"canonical\" href=\"https:\/\/plazadetoroslamalagueta.com\/cs\/pravni-upozorneni\/\" \/>\n<meta property=\"og:locale\" content=\"cs_CZ\" \/>\n<meta property=\"og:type\" content=\"article\" \/>\n<meta property=\"og:title\" content=\"PR\u00c1VN\u00cd UPOZORN\u011aN\u00cd - Plaza de Toros La Malagueta\" \/>\n<meta property=\"og:description\" content=\"Podm\u00ednky pou\u017e\u00edv\u00e1n\u00ed a uzav\u00edr\u00e1n\u00ed smluv o prodeji vstupenek v b\u00fd\u010d\u00ed ar\u00e9n\u011b v Malaze. Prohl\u00eddka La Malaguety a vstupenky na b\u00fd\u010d\u00ed z\u00e1pasy.\" \/>\n<meta property=\"og:url\" content=\"https:\/\/plazadetoroslamalagueta.com\/cs\/pravni-upozorneni\/\" \/>\n<meta property=\"og:site_name\" content=\"Plaza de Toros La Malagueta\" \/>\n<meta property=\"article:modified_time\" content=\"2026-02-16T11:42:30+00:00\" \/>\n<meta property=\"og:image\" content=\"https:\/\/plazadetoroslamalagueta.com\/wp-content\/uploads\/2023\/03\/Diseno-sin-titulo.jpeg\" \/>\n\t<meta property=\"og:image:width\" content=\"1200\" \/>\n\t<meta property=\"og:image:height\" content=\"675\" \/>\n\t<meta property=\"og:image:type\" content=\"image\/jpeg\" \/>\n<meta name=\"twitter:card\" content=\"summary_large_image\" \/>\n<meta name=\"twitter:label1\" content=\"Odhadovan\u00e1 doba \u010dten\u00ed\" \/>\n\t<meta name=\"twitter:data1\" content=\"2 minuty\" \/>\n<script type=\"application\/ld+json\" class=\"yoast-schema-graph\">{\"@context\":\"https:\\\/\\\/schema.org\",\"@graph\":[{\"@type\":\"WebPage\",\"@id\":\"https:\\\/\\\/plazadetoroslamalagueta.com\\\/cs\\\/pravni-upozorneni\\\/\",\"url\":\"https:\\\/\\\/plazadetoroslamalagueta.com\\\/cs\\\/pravni-upozorneni\\\/\",\"name\":\"PR\u00c1VN\u00cd UPOZORN\u011aN\u00cd - Plaza de Toros La Malagueta\",\"isPartOf\":{\"@id\":\"https:\\\/\\\/plazadetoroslamalagueta.com\\\/cs\\\/#website\"},\"datePublished\":\"2023-09-05T05:07:11+00:00\",\"dateModified\":\"2026-02-16T11:42:30+00:00\",\"description\":\"Podm\u00ednky pou\u017e\u00edv\u00e1n\u00ed a uzav\u00edr\u00e1n\u00ed smluv o prodeji vstupenek v b\u00fd\u010d\u00ed ar\u00e9n\u011b v Malaze. Prohl\u00eddka La Malaguety a vstupenky na b\u00fd\u010d\u00ed z\u00e1pasy.\",\"breadcrumb\":{\"@id\":\"https:\\\/\\\/plazadetoroslamalagueta.com\\\/cs\\\/pravni-upozorneni\\\/#breadcrumb\"},\"inLanguage\":\"cs\",\"potentialAction\":[{\"@type\":\"ReadAction\",\"target\":[\"https:\\\/\\\/plazadetoroslamalagueta.com\\\/cs\\\/pravni-upozorneni\\\/\"]}]},{\"@type\":\"BreadcrumbList\",\"@id\":\"https:\\\/\\\/plazadetoroslamalagueta.com\\\/cs\\\/pravni-upozorneni\\\/#breadcrumb\",\"itemListElement\":[{\"@type\":\"ListItem\",\"position\":1,\"name\":\"Home\",\"item\":\"https:\\\/\\\/plazadetoroslamalagueta.com\\\/cs\\\/\"},{\"@type\":\"ListItem\",\"position\":2,\"name\":\"PR\u00c1VN\u00cd UPOZORN\u011aN\u00cd\"}]},{\"@type\":\"WebSite\",\"@id\":\"https:\\\/\\\/plazadetoroslamalagueta.com\\\/cs\\\/#website\",\"url\":\"https:\\\/\\\/plazadetoroslamalagueta.com\\\/cs\\\/\",\"name\":\"Plaza de Toros de la Malagueta\",\"description\":\"La Plaza de Toros de M\u00e1laga, de nombre La Malagueta, es un edificio reconocido Bien de Inter\u00e9s Cultural, que ofrece visitas tur\u00edsticas y corridas de toros y otros tipos de espect\u00e1culo durante todo el a\u00f1o.\",\"publisher\":{\"@id\":\"https:\\\/\\\/plazadetoroslamalagueta.com\\\/cs\\\/#organization\"},\"alternateName\":\"Plaza de Toros M\u00e1laga\",\"potentialAction\":[{\"@type\":\"SearchAction\",\"target\":{\"@type\":\"EntryPoint\",\"urlTemplate\":\"https:\\\/\\\/plazadetoroslamalagueta.com\\\/cs\\\/?s={search_term_string}\"},\"query-input\":{\"@type\":\"PropertyValueSpecification\",\"valueRequired\":true,\"valueName\":\"search_term_string\"}}],\"inLanguage\":\"cs\"},{\"@type\":\"Organization\",\"@id\":\"https:\\\/\\\/plazadetoroslamalagueta.com\\\/cs\\\/#organization\",\"name\":\"Plaza de Toros la Malagueta\",\"url\":\"https:\\\/\\\/plazadetoroslamalagueta.com\\\/cs\\\/\",\"logo\":{\"@type\":\"ImageObject\",\"inLanguage\":\"cs\",\"@id\":\"https:\\\/\\\/plazadetoroslamalagueta.com\\\/cs\\\/#\\\/schema\\\/logo\\\/image\\\/\",\"url\":\"https:\\\/\\\/plazadetoroslamalagueta.com\\\/wp-content\\\/uploads\\\/2024\\\/02\\\/Logo-plaza-toros.webp\",\"contentUrl\":\"https:\\\/\\\/plazadetoroslamalagueta.com\\\/wp-content\\\/uploads\\\/2024\\\/02\\\/Logo-plaza-toros.webp\",\"width\":100,\"height\":100,\"caption\":\"Plaza de Toros la Malagueta\"},\"image\":{\"@id\":\"https:\\\/\\\/plazadetoroslamalagueta.com\\\/cs\\\/#\\\/schema\\\/logo\\\/image\\\/\"}}]}<\/script>\n<!-- \/ Yoast SEO plugin. -->","yoast_head_json":{"title":"PR\u00c1VN\u00cd UPOZORN\u011aN\u00cd - Plaza de Toros La Malagueta","description":"Podm\u00ednky pou\u017e\u00edv\u00e1n\u00ed a uzav\u00edr\u00e1n\u00ed smluv o prodeji vstupenek v b\u00fd\u010d\u00ed ar\u00e9n\u011b v Malaze. Prohl\u00eddka La Malaguety a vstupenky na b\u00fd\u010d\u00ed z\u00e1pasy.","robots":{"index":"index","follow":"follow","max-snippet":"max-snippet:-1","max-image-preview":"max-image-preview:large","max-video-preview":"max-video-preview:-1"},"canonical":"https:\/\/plazadetoroslamalagueta.com\/cs\/pravni-upozorneni\/","og_locale":"cs_CZ","og_type":"article","og_title":"PR\u00c1VN\u00cd UPOZORN\u011aN\u00cd - Plaza de Toros La Malagueta","og_description":"Podm\u00ednky pou\u017e\u00edv\u00e1n\u00ed a uzav\u00edr\u00e1n\u00ed smluv o prodeji vstupenek v b\u00fd\u010d\u00ed ar\u00e9n\u011b v Malaze. Prohl\u00eddka La Malaguety a vstupenky na b\u00fd\u010d\u00ed z\u00e1pasy.","og_url":"https:\/\/plazadetoroslamalagueta.com\/cs\/pravni-upozorneni\/","og_site_name":"Plaza de Toros La Malagueta","article_modified_time":"2026-02-16T11:42:30+00:00","og_image":[{"width":1200,"height":675,"url":"https:\/\/plazadetoroslamalagueta.com\/wp-content\/uploads\/2023\/03\/Diseno-sin-titulo.jpeg","type":"image\/jpeg"}],"twitter_card":"summary_large_image","twitter_misc":{"Odhadovan\u00e1 doba \u010dten\u00ed":"2 minuty"},"schema":{"@context":"https:\/\/schema.org","@graph":[{"@type":"WebPage","@id":"https:\/\/plazadetoroslamalagueta.com\/cs\/pravni-upozorneni\/","url":"https:\/\/plazadetoroslamalagueta.com\/cs\/pravni-upozorneni\/","name":"PR\u00c1VN\u00cd UPOZORN\u011aN\u00cd - Plaza de Toros La Malagueta","isPartOf":{"@id":"https:\/\/plazadetoroslamalagueta.com\/cs\/#website"},"datePublished":"2023-09-05T05:07:11+00:00","dateModified":"2026-02-16T11:42:30+00:00","description":"Podm\u00ednky pou\u017e\u00edv\u00e1n\u00ed a uzav\u00edr\u00e1n\u00ed smluv o prodeji vstupenek v b\u00fd\u010d\u00ed ar\u00e9n\u011b v Malaze. Prohl\u00eddka La Malaguety a vstupenky na b\u00fd\u010d\u00ed z\u00e1pasy.","breadcrumb":{"@id":"https:\/\/plazadetoroslamalagueta.com\/cs\/pravni-upozorneni\/#breadcrumb"},"inLanguage":"cs","potentialAction":[{"@type":"ReadAction","target":["https:\/\/plazadetoroslamalagueta.com\/cs\/pravni-upozorneni\/"]}]},{"@type":"BreadcrumbList","@id":"https:\/\/plazadetoroslamalagueta.com\/cs\/pravni-upozorneni\/#breadcrumb","itemListElement":[{"@type":"ListItem","position":1,"name":"Home","item":"https:\/\/plazadetoroslamalagueta.com\/cs\/"},{"@type":"ListItem","position":2,"name":"PR\u00c1VN\u00cd UPOZORN\u011aN\u00cd"}]},{"@type":"WebSite","@id":"https:\/\/plazadetoroslamalagueta.com\/cs\/#website","url":"https:\/\/plazadetoroslamalagueta.com\/cs\/","name":"Plaza de Toros de la Malagueta","description":"La Plaza de Toros de M\u00e1laga, de nombre La Malagueta, es un edificio reconocido Bien de Inter\u00e9s Cultural, que ofrece visitas tur\u00edsticas y corridas de toros y otros tipos de espect\u00e1culo durante todo el a\u00f1o.","publisher":{"@id":"https:\/\/plazadetoroslamalagueta.com\/cs\/#organization"},"alternateName":"Plaza de Toros M\u00e1laga","potentialAction":[{"@type":"SearchAction","target":{"@type":"EntryPoint","urlTemplate":"https:\/\/plazadetoroslamalagueta.com\/cs\/?s={search_term_string}"},"query-input":{"@type":"PropertyValueSpecification","valueRequired":true,"valueName":"search_term_string"}}],"inLanguage":"cs"},{"@type":"Organization","@id":"https:\/\/plazadetoroslamalagueta.com\/cs\/#organization","name":"Plaza de Toros la Malagueta","url":"https:\/\/plazadetoroslamalagueta.com\/cs\/","logo":{"@type":"ImageObject","inLanguage":"cs","@id":"https:\/\/plazadetoroslamalagueta.com\/cs\/#\/schema\/logo\/image\/","url":"https:\/\/plazadetoroslamalagueta.com\/wp-content\/uploads\/2024\/02\/Logo-plaza-toros.webp","contentUrl":"https:\/\/plazadetoroslamalagueta.com\/wp-content\/uploads\/2024\/02\/Logo-plaza-toros.webp","width":100,"height":100,"caption":"Plaza de Toros la Malagueta"},"image":{"@id":"https:\/\/plazadetoroslamalagueta.com\/cs\/#\/schema\/logo\/image\/"}}]}},"_links":{"self":[{"href":"https:\/\/plazadetoroslamalagueta.com\/cs\/wp-json\/wp\/v2\/pages\/35506","targetHints":{"allow":["GET"]}}],"collection":[{"href":"https:\/\/plazadetoroslamalagueta.com\/cs\/wp-json\/wp\/v2\/pages"}],"about":[{"href":"https:\/\/plazadetoroslamalagueta.com\/cs\/wp-json\/wp\/v2\/types\/page"}],"author":[{"embeddable":true,"href":"https:\/\/plazadetoroslamalagueta.com\/cs\/wp-json\/wp\/v2\/users\/4"}],"replies":[{"embeddable":true,"href":"https:\/\/plazadetoroslamalagueta.com\/cs\/wp-json\/wp\/v2\/comments?post=35506"}],"version-history":[{"count":10,"href":"https:\/\/plazadetoroslamalagueta.com\/cs\/wp-json\/wp\/v2\/pages\/35506\/revisions"}],"predecessor-version":[{"id":35624,"href":"https:\/\/plazadetoroslamalagueta.com\/cs\/wp-json\/wp\/v2\/pages\/35506\/revisions\/35624"}],"wp:attachment":[{"href":"https:\/\/plazadetoroslamalagueta.com\/cs\/wp-json\/wp\/v2\/media?parent=35506"}],"curies":[{"name":"wp","href":"https:\/\/api.w.org\/{rel}","templated":true}]}}