{"id":35450,"date":"2023-02-28T15:40:47","date_gmt":"2023-02-28T14:40:47","guid":{"rendered":"https:\/\/plazadetoroslamalagueta.com\/the-plaza\/"},"modified":"2026-02-16T12:42:23","modified_gmt":"2026-02-16T11:42:23","slug":"the-plaza","status":"publish","type":"page","link":"https:\/\/plazadetoroslamalagueta.com\/cs\/the-plaza\/","title":{"rendered":"The Plaza"},"content":{"rendered":"<section class=\"l-section wpb_row height_medium\"><div class=\"l-section-h i-cf\"><div class=\"g-cols vc_row via_grid cols_1 laptops-cols_inherit tablets-cols_inherit mobiles-cols_1 valign_top type_default stacking_default\"><div class=\"wpb_column vc_column_container\"><div class=\"vc_column-inner\"><div class=\"wpb_text_column\"><div class=\"wpb_wrapper\"><h1 class=\"wp-block-heading\">Historie b\u00fd\u010d\u00ed ar\u00e9ny v Malaze<\/h1>\n<p>B\u00fd\u010d\u00ed ar\u00e9na v Malaze, naz\u00fdvan\u00e1 podle \u010dtvrti, kde se nach\u00e1z\u00ed, La Malagueta, byla postavena v roce <strong>1874 <span>kantabrijsk\u00fdm architektem<\/span> Joaqu\u00ednem Rucobou<\/strong>, kter\u00fd se p\u0159i jej\u00edm n\u00e1vrhu inspiroval <strong>klasicistn\u00ed architekturou<\/strong>. Rucoba studoval v Madridu a Pa\u0159\u00ed\u017ei a byl jedn\u00edm z hlavn\u00edch p\u0159edstavitel\u016f architektonick\u00e9ho eklekticismu ve \u0160pan\u011blsku. <\/p>\n<p>V\u00fdstavba b\u00fd\u010d\u00ed ar\u00e9ny La Malagueta se uskute\u010dnila d\u00edky iniciativ\u011b skupiny podnikatel\u016f a nad\u0161enc\u016f pro b\u00fd\u010d\u00ed z\u00e1pasy z Malagy, kte\u0159\u00ed se sdru\u017eili do spolku s n\u00e1zvem &#8222;La Malagueta&#8220;. C\u00edlem spolku bylo vybudovat modern\u00ed a funk\u010dn\u00ed b\u00fd\u010d\u00ed ar\u00e9nu, kter\u00e1 by pojmula velk\u00e9 mno\u017estv\u00ed div\u00e1k\u016f. <\/p>\n<p><strong>B\u00fd\u010d\u00ed ar\u00e9na La Malagueta byla slavnostn\u011b otev\u0159ena 11. \u010dervna 1876<\/strong> b\u00fd\u010d\u00edmi z\u00e1pasy, kter\u00fdch se z\u00fa\u010dastnili toreado\u0159i &#8222;El Tato&#8220;, &#8222;Frascuelo&#8220; a &#8222;Lagartijo&#8220;. Od t\u00e9 doby se b\u00fd\u010d\u00ed ar\u00e9na stala d\u011bji\u0161t\u011bm mnoha b\u00fd\u010d\u00edch z\u00e1pas\u016f a b\u00fd\u010d\u00edch z\u00e1pas\u016f a je jedn\u00edm z nejv\u00fdznamn\u011bj\u0161\u00edch m\u00edst kon\u00e1n\u00ed b\u00fd\u010d\u00edch z\u00e1pas\u016f ve \u0160pan\u011blsku. <\/p>\n<p>V roce 1981 bylo n\u00e1m\u011bst\u00ed Plaza de Toros de La Malagueta vyhl\u00e1\u0161eno <strong>Andaluskou radou za kulturn\u00ed pam\u00e1tku<\/strong>, \u010d\u00edm\u017e byla uzn\u00e1na jeho historick\u00e1 a architektonick\u00e1 hodnota. Dnes je b\u00fd\u010d\u00ed ar\u00e9na st\u00e1le symbolick\u00fdm m\u00edstem Malagy a jednou z hlavn\u00edch turistick\u00fdch atrakc\u00ed m\u011bsta. Jej\u00edm vlastn\u00edkem je Diputaci\u00f3n de M\u00e1laga.<\/p>\n<\/div><\/div><div class=\"w-btn-wrapper align_center\"><a class=\"w-btn us-btn-style_2\" target=\"_blank\" href=\"https:\/\/lamalaguetatour.com\/\"><span class=\"w-btn-label\">Informace o n\u00e1v\u0161t\u011bv\u011b La Malaguetea Bullring<\/span><\/a><\/div><\/div><\/div><\/div><\/div><\/section><section class=\"l-section wpb_row height_medium\"><div class=\"l-section-h i-cf\"><div class=\"g-cols vc_row via_grid cols_2 laptops-cols_inherit tablets-cols_inherit mobiles-cols_1 valign_top type_default stacking_default\"><div class=\"wpb_column vc_column_container\"><div class=\"vc_column-inner\"><div class=\"wpb_text_column\"><div class=\"wpb_wrapper\"><h2 class=\"wp-block-heading\">Architektura<\/h2>\n<p>Architektura hotelu La Malagueta se vyzna\u010duje <strong>klasicistn\u00edm stylem<\/strong> inspirovan\u00fdm <strong>tradi\u010dn\u00ed andaluskou a maurskou architekturou<\/strong>.<\/p>\n<div class=\"text-base my-auto mx-auto py-5 &#091;--thread-content-margin:--spacing(4)&#093; @&#091;37rem&#093;:&#091;--thread-content-margin:--spacing(6)&#093; @&#091;72rem&#093;:&#091;--thread-content-margin:--spacing(16)&#093; px-(--thread-content-margin)\">\n<div class=\"&#091;--thread-content-max-width:32rem&#093; @&#091;34rem&#093;:&#091;--thread-content-max-width:40rem&#093; @&#091;64rem&#093;:&#091;--thread-content-max-width:48rem&#093; mx-auto flex max-w-(--thread-content-max-width) flex-1 text-base gap-4 md:gap-5 lg:gap-6 group\/turn-messages focus-visible:outline-hidden\" tabindex=\"-1\">\n<div class=\"group\/conversation-turn relative flex w-full min-w-0 flex-col agent-turn\">\n<div class=\"relative flex-col gap-1 md:gap-3\">\n<div class=\"flex max-w-full flex-col grow\">\n<div class=\"min-h-8 text-message relative flex w-full flex-col items-end gap-2 text-start break-words whitespace-normal &#091;.text-message+&amp;&#093;:mt-5\" dir=\"auto\" data-message-author-role=\"assistant\" data-message-id=\"4c31fca8-18dd-4642-beec-27055b08bf82\" data-message-model-slug=\"gpt-4o\">\n<div class=\"flex w-full flex-col gap-1 empty:hidden first:pt-&#091;3px&#093;\">\n<div class=\"markdown prose dark:prose-invert w-full break-words light\">\n<p data-start=\"0\" data-end=\"324\" data-is-last-node=\"\" data-is-only-node=\"\">Exteri\u00e9r budovy odr\u00e1\u017e\u00ed atraktivn\u00ed klasicistn\u00ed styl, kter\u00fd se vyzna\u010duje \u0161irok\u00fdmi p\u016flkruhov\u00fdmi ark\u00e1dami a v\u011b\u017ei\u010dkami, kter\u00e9 jemn\u011b dod\u00e1vaj\u00ed souboru pohyb a rytmus. Tyto prvky jsou harmonicky propojeny s p\u0159eva\u017euj\u00edc\u00edm pou\u017eit\u00edm odhalen\u00fdch cihel a vnit\u0159n\u00ed \u017eeleznou konstrukc\u00ed. <\/p>\n<p data-start=\"0\" data-end=\"324\" data-is-last-node=\"\" data-is-only-node=\"\">Fas\u00e1du n\u00e1m\u011bst\u00ed zdob\u00ed podkovovit\u00e9 oblouky, sloupy a glazovan\u00e9 keramick\u00e9 dla\u017edice, kter\u00e9 vytv\u00e1\u0159ej\u00ed charakteristick\u00fd efekt sv\u011btla a st\u00ednu.<\/p>\n<p data-start=\"0\" data-end=\"324\" data-is-last-node=\"\" data-is-only-node=\"\">Uvnit\u0159 n\u00e1m\u011bst\u00ed je kruhov\u00e1 ar\u00e9na obklopen\u00e1 kamenn\u00fdmi tribunami a d\u0159ev\u011bnou a zinkovou st\u0159echou. La Malagueta m\u00e1 po posledn\u00ed rekonstrukci kapacitu 10 000 div\u00e1k\u016f. <\/p>\n<\/div>\n<\/div>\n<\/div>\n<\/div>\n<\/div>\n<\/div>\n<\/div>\n<\/div>\n<\/div><\/div><\/div><\/div><div class=\"wpb_column vc_column_container\"><div class=\"vc_column-inner\"><div class=\"w-slider style_none fit_scaledown nav_none count_2\"><div class=\"w-slider-h\" aria-hidden=\"true\"><div class=\"royalSlider\"><div class=\"rsContent\"><a class=\"rsImg\" data-rsw=\"1024\" data-rsh=\"683\" href=\"https:\/\/plazadetoroslamalagueta.com\/wp-content\/uploads\/2023\/03\/IMG_0869-1024x683.jpg\"><span data-alt=\"\"><\/span><\/a><\/div><div class=\"rsContent\"><a class=\"rsImg\" data-rsw=\"1024\" data-rsh=\"683\" href=\"https:\/\/plazadetoroslamalagueta.com\/wp-content\/uploads\/2023\/03\/IMG_0970-1024x683.jpg\"><span data-alt=\"\"><\/span><\/a><\/div><\/div><img decoding=\"async\" src=\"https:\/\/plazadetoroslamalagueta.com\/wp-content\/uploads\/2023\/03\/IMG_0869-1024x683.jpg\" width=\"1024\" height=\"683\" alt loading=\"lazy\"><\/div><div class=\"w-slider-json\" onclick='return {&quot;autoScaleSlider&quot;:true,&quot;addActiveClass&quot;:true,&quot;loop&quot;:true,&quot;fadeInLoadedSlide&quot;:false,&quot;slidesSpacing&quot;:0,&quot;imageScalePadding&quot;:0,&quot;numImagesToPreload&quot;:2,&quot;arrowsNav&quot;:true,&quot;arrowsNavAutoHide&quot;:false,&quot;transitionType&quot;:&quot;move&quot;,&quot;transitionSpeed&quot;:250,&quot;block&quot;:{&quot;moveEffect&quot;:&quot;none&quot;,&quot;speed&quot;:300},&quot;thumbs&quot;:{&quot;fitInViewport&quot;:false,&quot;firstMargin&quot;:false,&quot;spacing&quot;:4},&quot;controlNavigation&quot;:&quot;none&quot;,&quot;autoScaleSliderWidth&quot;:1024,&quot;autoScaleSliderHeight&quot;:683}'><\/div><\/div><\/div><\/div><\/div><\/div><\/section><section class=\"l-section wpb_row height_medium\"><div class=\"l-section-h i-cf\"><div class=\"g-cols vc_row via_grid cols_1 laptops-cols_inherit tablets-cols_inherit mobiles-cols_1 valign_top type_default stacking_default\"><div class=\"wpb_column vc_column_container\"><div class=\"vc_column-inner\"><div class=\"wpb_text_column\"><div class=\"wpb_wrapper\"><h2 class=\"wp-block-heading\">B\u00fd\u010d\u00ed z\u00e1pasy v b\u00fd\u010d\u00ed ar\u00e9n\u011b v Malaze<\/h2>\n<p>V b\u00fd\u010d\u00ed ar\u00e9n\u011b La Malagueta se odehr\u00e1vaj\u00ed b\u00fd\u010d\u00ed z\u00e1pasy. <a href=\"https:\/\/plazadetoroslamalagueta.com\/cs\/vstupenky-na-byci-zapasy-v-malaze\/\"><strong>b\u00fd\u010d\u00edch z\u00e1pas\u016f v Malaze<\/strong><\/a>kter\u00fd se kon\u00e1 v <strong>srpnu<\/strong> b\u011bhem m\u011bstsk\u00e9ho festivalu Feria de Agosto, a dal\u0161\u00edch kulturn\u00edch a sportovn\u00edch akc\u00ed.<\/p>\n<p>V dubnu se zde konaj\u00ed<strong> tradi\u010dn\u00ed Picassovy b\u00fd\u010d\u00ed z\u00e1pasy<\/strong>, kter\u00e9 spojuj\u00ed um\u011bn\u00ed a pod\u00edvanou a jsou poctou geni\u00e1ln\u00edmu malagsk\u00e9mu mal\u00ed\u0159i Pablu Ruizovi Picassovi.<\/p>\n<\/div><\/div><\/div><\/div><\/div><\/div><\/section><section class=\"l-section wpb_row height_medium\"><div class=\"l-section-h i-cf\"><div class=\"g-cols vc_row via_grid cols_2 laptops-cols_inherit tablets-cols_inherit mobiles-cols_1 valign_top type_default stacking_default\"><div class=\"wpb_column vc_column_container\"><div class=\"vc_column-inner\"><div class=\"wpb_text_column\"><div class=\"wpb_wrapper\"><h2 class=\"wp-block-heading\">B\u00fd\u010d\u00ed z\u00e1pasn\u00edci z Malagy<\/h2>\n<p>&nbsp;<\/p>\n<p class=\"has-small-font-size\">Jedn\u00edm z nejv\u00fdznamn\u011bj\u0161\u00edch toreador\u016f v provincii Malaga byl <strong>Antonio Ord\u00f3\u00f1ez<\/strong>. Je pova\u017eov\u00e1n za jednoho z nejlep\u0161\u00edch toreador\u016f v historii a narodil se v roce 1932 v Rond\u011b v M\u00e1laze. Byl jedn\u00edm z hlavn\u00edch propag\u00e1tor\u016f goyesk\u00fdch b\u00fd\u010d\u00edch z\u00e1pas\u016f, p\u0159i nich\u017e toreado\u0159i nos\u00ed dobov\u00e9 kost\u00fdmy a b\u00fd\u010d\u00ed ar\u00e9na je vyzdobena ve stylu 18. stolet\u00ed.  <\/p>\n<\/div><\/div><\/div><\/div><div class=\"wpb_column vc_column_container\"><div class=\"vc_column-inner\"><div class=\"w-slider style_none fit_scaledown nav_none count_3\"><div class=\"w-slider-h\" aria-hidden=\"true\"><div class=\"royalSlider\"><div class=\"rsContent\"><a class=\"rsImg\" data-rsw=\"1024\" data-rsh=\"986\" href=\"https:\/\/plazadetoroslamalagueta.com\/wp-content\/uploads\/2023\/03\/Vega-2o-1024x986.jpeg\"><span data-alt=\"corrida de toros en malaga\"><\/span><\/a><\/div><div class=\"rsContent\"><a class=\"rsImg\" data-rsw=\"201\" data-rsh=\"251\" href=\"https:\/\/plazadetoroslamalagueta.com\/wp-content\/uploads\/2023\/03\/javier-conde.jpeg\"><span data-alt=\"\"><\/span><\/a><\/div><div class=\"rsContent\"><a class=\"rsImg\" data-rsw=\"880\" data-rsh=\"495\" href=\"https:\/\/plazadetoroslamalagueta.com\/wp-content\/uploads\/2023\/03\/jimenez-forte.jpeg\"><span data-alt=\"corrida de toros en malaga\"><\/span><\/a><\/div><\/div><img decoding=\"async\" src=\"https:\/\/plazadetoroslamalagueta.com\/wp-content\/uploads\/2023\/03\/Vega-2o-1024x986.jpeg\" width=\"1024\" height=\"986\" alt=\"corrida de toros en malaga\" loading=\"lazy\"><\/div><div class=\"w-slider-json\" onclick='return {&quot;autoScaleSlider&quot;:true,&quot;addActiveClass&quot;:true,&quot;loop&quot;:true,&quot;fadeInLoadedSlide&quot;:false,&quot;slidesSpacing&quot;:0,&quot;imageScalePadding&quot;:0,&quot;numImagesToPreload&quot;:2,&quot;arrowsNav&quot;:true,&quot;arrowsNavAutoHide&quot;:false,&quot;transitionType&quot;:&quot;move&quot;,&quot;transitionSpeed&quot;:250,&quot;block&quot;:{&quot;moveEffect&quot;:&quot;none&quot;,&quot;speed&quot;:300},&quot;thumbs&quot;:{&quot;fitInViewport&quot;:false,&quot;firstMargin&quot;:false,&quot;spacing&quot;:4},&quot;controlNavigation&quot;:&quot;none&quot;,&quot;autoScaleSliderWidth&quot;:1024,&quot;autoScaleSliderHeight&quot;:986}'><\/div><\/div><\/div><\/div><\/div><\/div><\/section><section class=\"l-section wpb_row height_medium\"><div class=\"l-section-h i-cf\"><div class=\"g-cols vc_row via_grid cols_1 laptops-cols_inherit tablets-cols_inherit mobiles-cols_1 valign_top type_default stacking_default\"><div class=\"wpb_column vc_column_container\"><div class=\"vc_column-inner\"><div class=\"wpb_text_column\"><div class=\"wpb_wrapper\"><p>Krom\u011b Antonia Ord\u00f3\u00f1eze jsou ve sv\u011bt\u011b b\u00fd\u010d\u00edch z\u00e1pas\u016f \u00fasp\u011b\u0161n\u00ed i dal\u0161\u00ed toreado\u0159i z M\u00e1lagy. Mezi n\u011b pat\u0159\u00ed nap\u0159: <\/p>\n<ul>\n<li><strong>Salvador Vega:<\/strong> Salvador Vega se narodil v roce 1974 v Malaze a v roce 1994 debutoval jako novillero a v roce 1998 jako matador. Z\u00fa\u010dastnil se mnoha b\u00fd\u010d\u00edch z\u00e1pas\u016f na n\u00e1m\u011bst\u00ed Plaza de Toros de La Malagueta a z\u00edskal n\u011bkolik b\u00fd\u010d\u00edch cen. <\/li>\n<li><strong>Javier Conde<\/strong>: Javier Conde se narodil v roce 1973 v Malaze a v roce 1991 debutoval jako novillero a v roce 1993 jako matador. Conde je zn\u00e1m\u00fd sv\u00fdm osobit\u00fdm stylem a eleganc\u00ed v ringu. <\/li>\n<li><strong>Francisco Rivera Ord\u00f3\u00f1ez <\/strong>: Francisco Rivera Ord\u00f3\u00f1ez se narodil v Madridu, je v\u0161ak synem Francisca Rivery &#8222;Paquirriho&#8220; a vnukem Antonia Ord\u00f3\u00f1eze, dvou v\u00fdznamn\u00fdch toreador\u016f z M\u00e1lagy. Rivera Ord\u00f3\u00f1ez se z\u00fa\u010dastnil mnoha b\u00fd\u010d\u00edch z\u00e1pas\u016f v ar\u00e9n\u011b La Malagueta a v posledn\u00edch letech pat\u0159\u00ed k nejmedializovan\u011bj\u0161\u00edm toreador\u016fm. <\/li>\n<li><strong>Sa\u00fal Jim\u00e9nez Fortes<\/strong>: Sa\u00fal Jim\u00e9nez Fortes se narodil v roce 1989 v M\u00e1laze a v roce 2009 debutoval jako novillero a v roce 2011 jako matador. Z\u00fa\u010dastnil se mnoha b\u00fd\u010d\u00edch z\u00e1pas\u016f na n\u00e1m\u011bst\u00ed Plaza de Toros de La Malagueta a z\u00edskal n\u011bkolik b\u00fd\u010d\u00edch ocen\u011bn\u00ed. V roce 2024 se stal v\u00edt\u011bzem Feria de Agosto, krom\u011b toho u\u0159\u00edzl dv\u011b u\u0161i v b\u00fd\u010d\u00edm z\u00e1pase Picassiana 2025.  <\/li>\n<\/ul>\n<\/div><\/div><\/div><\/div><\/div><\/div><\/section>\n","protected":false},"excerpt":{"rendered":"Historie b\u00fd\u010d\u00ed ar\u00e9ny v Malaze B\u00fd\u010d\u00ed ar\u00e9na v Malaze, naz\u00fdvan\u00e1 podle \u010dtvrti, kde se nach\u00e1z\u00ed, La Malagueta, byla postavena v roce 1874 kantabrijsk\u00fdm architektem Joaqu\u00ednem Rucobou, kter\u00fd se p\u0159i jej\u00edm n\u00e1vrhu inspiroval klasicistn\u00ed architekturou. Rucoba studoval v Madridu a Pa\u0159\u00ed\u017ei a byl jedn\u00edm z hlavn\u00edch p\u0159edstavitel\u016f architektonick\u00e9ho eklekticismu ve \u0160pan\u011blsku. V\u00fdstavba b\u00fd\u010d\u00ed ar\u00e9ny La Malagueta...","protected":false},"author":5,"featured_media":35452,"parent":0,"menu_order":0,"comment_status":"closed","ping_status":"closed","template":"","meta":{"footnotes":""},"class_list":["post-35450","page","type-page","status-publish","has-post-thumbnail","hentry"],"yoast_head":"<!-- This site is optimized with the Yoast SEO plugin v27.4 - https:\/\/yoast.com\/product\/yoast-seo-wordpress\/ -->\n<title>\u25b7 V\u0161e o b\u00fd\u010d\u00ed ar\u00e9n\u011b v Malaze | La Malagueta<\/title>\n<meta name=\"description\" content=\"Objevte nejr\u016fzn\u011bj\u0161\u00ed zaj\u00edmavosti a informace o historii, architektu\u0159e a ud\u00e1lostech b\u00fd\u010d\u00ed ar\u00e9ny v Malaze, La Malagueta.\" \/>\n<meta name=\"robots\" content=\"index, follow, max-snippet:-1, max-image-preview:large, max-video-preview:-1\" \/>\n<link rel=\"canonical\" href=\"https:\/\/plazadetoroslamalagueta.com\/cs\/the-plaza\/\" \/>\n<meta property=\"og:locale\" content=\"cs_CZ\" \/>\n<meta property=\"og:type\" content=\"article\" \/>\n<meta property=\"og:title\" content=\"\u25b7 V\u0161e o b\u00fd\u010d\u00ed ar\u00e9n\u011b v Malaze | La Malagueta\" \/>\n<meta property=\"og:description\" content=\"Objevte nejr\u016fzn\u011bj\u0161\u00ed zaj\u00edmavosti a informace o historii, architektu\u0159e a ud\u00e1lostech b\u00fd\u010d\u00ed ar\u00e9ny v Malaze, La Malagueta.\" \/>\n<meta property=\"og:url\" content=\"https:\/\/plazadetoroslamalagueta.com\/cs\/the-plaza\/\" \/>\n<meta property=\"og:site_name\" content=\"Plaza de Toros La Malagueta\" \/>\n<meta property=\"article:modified_time\" content=\"2026-02-16T11:42:23+00:00\" \/>\n<meta property=\"og:image\" content=\"https:\/\/plazadetoroslamalagueta.com\/wp-content\/uploads\/2023\/03\/IMG_0970-scaled.jpg\" \/>\n\t<meta property=\"og:image:width\" content=\"2560\" \/>\n\t<meta property=\"og:image:height\" content=\"1707\" \/>\n\t<meta property=\"og:image:type\" content=\"image\/jpeg\" \/>\n<meta name=\"twitter:card\" content=\"summary_large_image\" \/>\n<meta name=\"twitter:label1\" content=\"Odhadovan\u00e1 doba \u010dten\u00ed\" \/>\n\t<meta name=\"twitter:data1\" content=\"5 minut\" \/>\n<script type=\"application\/ld+json\" class=\"yoast-schema-graph\">{\"@context\":\"https:\\\/\\\/schema.org\",\"@graph\":[{\"@type\":\"WebPage\",\"@id\":\"https:\\\/\\\/plazadetoroslamalagueta.com\\\/cs\\\/the-plaza\\\/\",\"url\":\"https:\\\/\\\/plazadetoroslamalagueta.com\\\/cs\\\/the-plaza\\\/\",\"name\":\"\u25b7 V\u0161e o b\u00fd\u010d\u00ed ar\u00e9n\u011b v Malaze | La Malagueta\",\"isPartOf\":{\"@id\":\"https:\\\/\\\/plazadetoroslamalagueta.com\\\/cs\\\/#website\"},\"primaryImageOfPage\":{\"@id\":\"https:\\\/\\\/plazadetoroslamalagueta.com\\\/cs\\\/the-plaza\\\/#primaryimage\"},\"image\":{\"@id\":\"https:\\\/\\\/plazadetoroslamalagueta.com\\\/cs\\\/the-plaza\\\/#primaryimage\"},\"thumbnailUrl\":\"https:\\\/\\\/plazadetoroslamalagueta.com\\\/wp-content\\\/uploads\\\/2023\\\/03\\\/IMG_0970-scaled.jpg\",\"datePublished\":\"2023-02-28T14:40:47+00:00\",\"dateModified\":\"2026-02-16T11:42:23+00:00\",\"description\":\"Objevte nejr\u016fzn\u011bj\u0161\u00ed zaj\u00edmavosti a informace o historii, architektu\u0159e a ud\u00e1lostech b\u00fd\u010d\u00ed ar\u00e9ny v Malaze, La Malagueta.\",\"breadcrumb\":{\"@id\":\"https:\\\/\\\/plazadetoroslamalagueta.com\\\/cs\\\/the-plaza\\\/#breadcrumb\"},\"inLanguage\":\"cs\",\"potentialAction\":[{\"@type\":\"ReadAction\",\"target\":[\"https:\\\/\\\/plazadetoroslamalagueta.com\\\/cs\\\/the-plaza\\\/\"]}]},{\"@type\":\"ImageObject\",\"inLanguage\":\"cs\",\"@id\":\"https:\\\/\\\/plazadetoroslamalagueta.com\\\/cs\\\/the-plaza\\\/#primaryimage\",\"url\":\"https:\\\/\\\/plazadetoroslamalagueta.com\\\/wp-content\\\/uploads\\\/2023\\\/03\\\/IMG_0970-scaled.jpg\",\"contentUrl\":\"https:\\\/\\\/plazadetoroslamalagueta.com\\\/wp-content\\\/uploads\\\/2023\\\/03\\\/IMG_0970-scaled.jpg\",\"width\":2560,\"height\":1707},{\"@type\":\"BreadcrumbList\",\"@id\":\"https:\\\/\\\/plazadetoroslamalagueta.com\\\/cs\\\/the-plaza\\\/#breadcrumb\",\"itemListElement\":[{\"@type\":\"ListItem\",\"position\":1,\"name\":\"Home\",\"item\":\"https:\\\/\\\/plazadetoroslamalagueta.com\\\/cs\\\/\"},{\"@type\":\"ListItem\",\"position\":2,\"name\":\"The Plaza\"}]},{\"@type\":\"WebSite\",\"@id\":\"https:\\\/\\\/plazadetoroslamalagueta.com\\\/cs\\\/#website\",\"url\":\"https:\\\/\\\/plazadetoroslamalagueta.com\\\/cs\\\/\",\"name\":\"Plaza de Toros de la Malagueta\",\"description\":\"La Plaza de Toros de M\u00e1laga, de nombre La Malagueta, es un edificio reconocido Bien de Inter\u00e9s Cultural, que ofrece visitas tur\u00edsticas y corridas de toros y otros tipos de espect\u00e1culo durante todo el a\u00f1o.\",\"publisher\":{\"@id\":\"https:\\\/\\\/plazadetoroslamalagueta.com\\\/cs\\\/#organization\"},\"alternateName\":\"Plaza de Toros M\u00e1laga\",\"potentialAction\":[{\"@type\":\"SearchAction\",\"target\":{\"@type\":\"EntryPoint\",\"urlTemplate\":\"https:\\\/\\\/plazadetoroslamalagueta.com\\\/cs\\\/?s={search_term_string}\"},\"query-input\":{\"@type\":\"PropertyValueSpecification\",\"valueRequired\":true,\"valueName\":\"search_term_string\"}}],\"inLanguage\":\"cs\"},{\"@type\":\"Organization\",\"@id\":\"https:\\\/\\\/plazadetoroslamalagueta.com\\\/cs\\\/#organization\",\"name\":\"Plaza de Toros la Malagueta\",\"url\":\"https:\\\/\\\/plazadetoroslamalagueta.com\\\/cs\\\/\",\"logo\":{\"@type\":\"ImageObject\",\"inLanguage\":\"cs\",\"@id\":\"https:\\\/\\\/plazadetoroslamalagueta.com\\\/cs\\\/#\\\/schema\\\/logo\\\/image\\\/\",\"url\":\"https:\\\/\\\/plazadetoroslamalagueta.com\\\/wp-content\\\/uploads\\\/2024\\\/02\\\/Logo-plaza-toros.webp\",\"contentUrl\":\"https:\\\/\\\/plazadetoroslamalagueta.com\\\/wp-content\\\/uploads\\\/2024\\\/02\\\/Logo-plaza-toros.webp\",\"width\":100,\"height\":100,\"caption\":\"Plaza de Toros la Malagueta\"},\"image\":{\"@id\":\"https:\\\/\\\/plazadetoroslamalagueta.com\\\/cs\\\/#\\\/schema\\\/logo\\\/image\\\/\"}}]}<\/script>\n<!-- \/ Yoast SEO plugin. -->","yoast_head_json":{"title":"\u25b7 V\u0161e o b\u00fd\u010d\u00ed ar\u00e9n\u011b v Malaze | La Malagueta","description":"Objevte nejr\u016fzn\u011bj\u0161\u00ed zaj\u00edmavosti a informace o historii, architektu\u0159e a ud\u00e1lostech b\u00fd\u010d\u00ed ar\u00e9ny v Malaze, La Malagueta.","robots":{"index":"index","follow":"follow","max-snippet":"max-snippet:-1","max-image-preview":"max-image-preview:large","max-video-preview":"max-video-preview:-1"},"canonical":"https:\/\/plazadetoroslamalagueta.com\/cs\/the-plaza\/","og_locale":"cs_CZ","og_type":"article","og_title":"\u25b7 V\u0161e o b\u00fd\u010d\u00ed ar\u00e9n\u011b v Malaze | La Malagueta","og_description":"Objevte nejr\u016fzn\u011bj\u0161\u00ed zaj\u00edmavosti a informace o historii, architektu\u0159e a ud\u00e1lostech b\u00fd\u010d\u00ed ar\u00e9ny v Malaze, La Malagueta.","og_url":"https:\/\/plazadetoroslamalagueta.com\/cs\/the-plaza\/","og_site_name":"Plaza de Toros La Malagueta","article_modified_time":"2026-02-16T11:42:23+00:00","og_image":[{"width":2560,"height":1707,"url":"https:\/\/plazadetoroslamalagueta.com\/wp-content\/uploads\/2023\/03\/IMG_0970-scaled.jpg","type":"image\/jpeg"}],"twitter_card":"summary_large_image","twitter_misc":{"Odhadovan\u00e1 doba \u010dten\u00ed":"5 minut"},"schema":{"@context":"https:\/\/schema.org","@graph":[{"@type":"WebPage","@id":"https:\/\/plazadetoroslamalagueta.com\/cs\/the-plaza\/","url":"https:\/\/plazadetoroslamalagueta.com\/cs\/the-plaza\/","name":"\u25b7 V\u0161e o b\u00fd\u010d\u00ed ar\u00e9n\u011b v Malaze | La Malagueta","isPartOf":{"@id":"https:\/\/plazadetoroslamalagueta.com\/cs\/#website"},"primaryImageOfPage":{"@id":"https:\/\/plazadetoroslamalagueta.com\/cs\/the-plaza\/#primaryimage"},"image":{"@id":"https:\/\/plazadetoroslamalagueta.com\/cs\/the-plaza\/#primaryimage"},"thumbnailUrl":"https:\/\/plazadetoroslamalagueta.com\/wp-content\/uploads\/2023\/03\/IMG_0970-scaled.jpg","datePublished":"2023-02-28T14:40:47+00:00","dateModified":"2026-02-16T11:42:23+00:00","description":"Objevte nejr\u016fzn\u011bj\u0161\u00ed zaj\u00edmavosti a informace o historii, architektu\u0159e a ud\u00e1lostech b\u00fd\u010d\u00ed ar\u00e9ny v Malaze, La Malagueta.","breadcrumb":{"@id":"https:\/\/plazadetoroslamalagueta.com\/cs\/the-plaza\/#breadcrumb"},"inLanguage":"cs","potentialAction":[{"@type":"ReadAction","target":["https:\/\/plazadetoroslamalagueta.com\/cs\/the-plaza\/"]}]},{"@type":"ImageObject","inLanguage":"cs","@id":"https:\/\/plazadetoroslamalagueta.com\/cs\/the-plaza\/#primaryimage","url":"https:\/\/plazadetoroslamalagueta.com\/wp-content\/uploads\/2023\/03\/IMG_0970-scaled.jpg","contentUrl":"https:\/\/plazadetoroslamalagueta.com\/wp-content\/uploads\/2023\/03\/IMG_0970-scaled.jpg","width":2560,"height":1707},{"@type":"BreadcrumbList","@id":"https:\/\/plazadetoroslamalagueta.com\/cs\/the-plaza\/#breadcrumb","itemListElement":[{"@type":"ListItem","position":1,"name":"Home","item":"https:\/\/plazadetoroslamalagueta.com\/cs\/"},{"@type":"ListItem","position":2,"name":"The Plaza"}]},{"@type":"WebSite","@id":"https:\/\/plazadetoroslamalagueta.com\/cs\/#website","url":"https:\/\/plazadetoroslamalagueta.com\/cs\/","name":"Plaza de Toros de la Malagueta","description":"La Plaza de Toros de M\u00e1laga, de nombre La Malagueta, es un edificio reconocido Bien de Inter\u00e9s Cultural, que ofrece visitas tur\u00edsticas y corridas de toros y otros tipos de espect\u00e1culo durante todo el a\u00f1o.","publisher":{"@id":"https:\/\/plazadetoroslamalagueta.com\/cs\/#organization"},"alternateName":"Plaza de Toros M\u00e1laga","potentialAction":[{"@type":"SearchAction","target":{"@type":"EntryPoint","urlTemplate":"https:\/\/plazadetoroslamalagueta.com\/cs\/?s={search_term_string}"},"query-input":{"@type":"PropertyValueSpecification","valueRequired":true,"valueName":"search_term_string"}}],"inLanguage":"cs"},{"@type":"Organization","@id":"https:\/\/plazadetoroslamalagueta.com\/cs\/#organization","name":"Plaza de Toros la Malagueta","url":"https:\/\/plazadetoroslamalagueta.com\/cs\/","logo":{"@type":"ImageObject","inLanguage":"cs","@id":"https:\/\/plazadetoroslamalagueta.com\/cs\/#\/schema\/logo\/image\/","url":"https:\/\/plazadetoroslamalagueta.com\/wp-content\/uploads\/2024\/02\/Logo-plaza-toros.webp","contentUrl":"https:\/\/plazadetoroslamalagueta.com\/wp-content\/uploads\/2024\/02\/Logo-plaza-toros.webp","width":100,"height":100,"caption":"Plaza de Toros la Malagueta"},"image":{"@id":"https:\/\/plazadetoroslamalagueta.com\/cs\/#\/schema\/logo\/image\/"}}]}},"_links":{"self":[{"href":"https:\/\/plazadetoroslamalagueta.com\/cs\/wp-json\/wp\/v2\/pages\/35450","targetHints":{"allow":["GET"]}}],"collection":[{"href":"https:\/\/plazadetoroslamalagueta.com\/cs\/wp-json\/wp\/v2\/pages"}],"about":[{"href":"https:\/\/plazadetoroslamalagueta.com\/cs\/wp-json\/wp\/v2\/types\/page"}],"author":[{"embeddable":true,"href":"https:\/\/plazadetoroslamalagueta.com\/cs\/wp-json\/wp\/v2\/users\/5"}],"replies":[{"embeddable":true,"href":"https:\/\/plazadetoroslamalagueta.com\/cs\/wp-json\/wp\/v2\/comments?post=35450"}],"version-history":[{"count":6,"href":"https:\/\/plazadetoroslamalagueta.com\/cs\/wp-json\/wp\/v2\/pages\/35450\/revisions"}],"predecessor-version":[{"id":35503,"href":"https:\/\/plazadetoroslamalagueta.com\/cs\/wp-json\/wp\/v2\/pages\/35450\/revisions\/35503"}],"wp:featuredmedia":[{"embeddable":true,"href":"https:\/\/plazadetoroslamalagueta.com\/cs\/wp-json\/wp\/v2\/media\/35452"}],"wp:attachment":[{"href":"https:\/\/plazadetoroslamalagueta.com\/cs\/wp-json\/wp\/v2\/media?parent=35450"}],"curies":[{"name":"wp","href":"https:\/\/api.w.org\/{rel}","templated":true}]}}